{"id":89,"date":"2021-03-20T18:22:05","date_gmt":"2021-03-20T16:22:05","guid":{"rendered":"https:\/\/blogit.gradia.fi\/yhtaloidenosaaminen\/?page_id=89"},"modified":"2021-04-08T09:35:33","modified_gmt":"2021-04-08T06:35:33","slug":"keskiluvut","status":"publish","type":"page","link":"https:\/\/blogit.gradia.fi\/yhtaloidenosaaminen\/keskiluvut\/","title":{"rendered":"Keskiluvut"},"content":{"rendered":"\n<p><\/p>\n\n\n\n<p><a href=\"https:\/\/jaofi-my.sharepoint.com\/:b:\/g\/personal\/htabell_gradia_fi\/ET8KGHmrDKpJrfK0_uFZh3wB1pa-6Vty9yu_sf53bBLeVw?e=AFCwmO\" target=\"_blank\" rel=\"noreferrer noopener\">Teht\u00e4v\u00e4t<\/a><\/p>\n\n\n\n<h3 class=\"wp-block-heading\"><strong>M\u00e4\u00e4ritelm\u00e4<\/strong><\/h3>\n\n\n\n<p>Lukujen <img loading=\"lazy\" decoding=\"async\" src=\"https:\/\/blogit.gradia.fi\/yhtaloidenosaaminen\/wp-content\/ql-cache\/quicklatex.com-9bb04a804dd110cf0c5e06d8cd6864a5_l3.png\" class=\"ql-img-inline-formula quicklatex-auto-format\" alt=\"&#120;&#95;&#49;\" title=\"Rendered by QuickLaTeX.com\" height=\"11\" width=\"16\" style=\"vertical-align: -3px;\"\/>, <img loading=\"lazy\" decoding=\"async\" src=\"https:\/\/blogit.gradia.fi\/yhtaloidenosaaminen\/wp-content\/ql-cache\/quicklatex.com-c761864f49601d5947e408b1b1841efe_l3.png\" class=\"ql-img-inline-formula quicklatex-auto-format\" alt=\"&#120;&#95;&#50;\" title=\"Rendered by QuickLaTeX.com\" height=\"11\" width=\"17\" style=\"vertical-align: -3px;\"\/>, <img loading=\"lazy\" decoding=\"async\" src=\"https:\/\/blogit.gradia.fi\/yhtaloidenosaaminen\/wp-content\/ql-cache\/quicklatex.com-83775c755b558c536aa94264675b1e95_l3.png\" class=\"ql-img-inline-formula quicklatex-auto-format\" alt=\"&#120;&#95;&#51;\" title=\"Rendered by QuickLaTeX.com\" height=\"11\" width=\"17\" style=\"vertical-align: -3px;\"\/>, \u2026, <img loading=\"lazy\" decoding=\"async\" src=\"https:\/\/blogit.gradia.fi\/yhtaloidenosaaminen\/wp-content\/ql-cache\/quicklatex.com-20b058ee1ba219757436b150a992573a_l3.png\" class=\"ql-img-inline-formula quicklatex-auto-format\" alt=\"&#120;&#95;&#110;\" title=\"Rendered by QuickLaTeX.com\" height=\"11\" width=\"18\" style=\"vertical-align: -3px;\"\/><\/p>\n\n\n\n<ul class=\"wp-block-list\"><li><strong>keskiarvo<\/strong> on<br><p class=\"ql-center-displayed-equation\" style=\"line-height: 80px;\"><span class=\"ql-right-eqno\"> &nbsp; <\/span><span class=\"ql-left-eqno\"> &nbsp; <\/span><img loading=\"lazy\" decoding=\"async\" src=\"https:\/\/blogit.gradia.fi\/yhtaloidenosaaminen\/wp-content\/ql-cache\/quicklatex.com-4bd0a7f5c24c4ef31b938fcfe81b9fb5_l3.png\" height=\"80\" width=\"217\" class=\"ql-img-displayed-equation quicklatex-auto-format\" alt=\"&#92;&#98;&#101;&#103;&#105;&#110;&#123;&#97;&#108;&#105;&#103;&#110;&#42;&#125;&#92;&#111;&#118;&#101;&#114;&#108;&#105;&#110;&#101;&#123;&#120;&#125;&#38;&#61;&#92;&#102;&#114;&#97;&#99;&#123;&#120;&#95;&#49;&#43;&#120;&#95;&#50;&#43;&#120;&#95;&#51;&#43;&#92;&#108;&#100;&#111;&#116;&#115;&#43;&#120;&#95;&#110;&#125;&#123;&#110;&#125;&#92;&#92;&#38;&#61;&#92;&#100;&#102;&#114;&#97;&#99;&#123;&#92;&#115;&#117;&#109;&#95;&#123;&#105;&#61;&#49;&#125;&#94;&#110;&#123;&#120;&#95;&#105;&#125;&#125;&#123;&#110;&#125;&#92;&#92;&#92;&#101;&#110;&#100;&#123;&#97;&#108;&#105;&#103;&#110;&#42;&#125;\" title=\"Rendered by QuickLaTeX.com\"\/><\/p><\/li><\/ul>\n\n\n\n<p><strong>Huom!<\/strong> Keskiarvon lauseke voidaan ilmoittaa my\u00f6s muodossa:<br><p class=\"ql-center-displayed-equation\" style=\"line-height: 49px;\"><span class=\"ql-right-eqno\"> &nbsp; <\/span><span class=\"ql-left-eqno\"> &nbsp; <\/span><img loading=\"lazy\" decoding=\"async\" src=\"https:\/\/blogit.gradia.fi\/yhtaloidenosaaminen\/wp-content\/ql-cache\/quicklatex.com-6692658fa6af944addbe1fbce1fbb5ca_l3.png\" height=\"49\" width=\"95\" class=\"ql-img-displayed-equation quicklatex-auto-format\" alt=\"&#92;&#91;&#92;&#111;&#118;&#101;&#114;&#108;&#105;&#110;&#101;&#123;&#120;&#125;&#61;&#92;&#102;&#114;&#97;&#99;&#123;&#49;&#125;&#123;&#110;&#125;&#92;&#115;&#117;&#109;&#95;&#123;&#105;&#61;&#49;&#125;&#94;&#110;&#123;&#120;&#95;&#105;&#125;&#92;&#93;\" title=\"Rendered by QuickLaTeX.com\"\/><\/p><\/p>\n\n\n\n<ul class=\"wp-block-list\"><li><strong>tyyppiarvo<\/strong> eli <strong>moodi<\/strong> on se luku tai ne luvut, joita aineistossa esiintyy eniten,<\/li><li><strong>mediaani<\/strong> on suuruusj\u00e4rjestyksess\u00e4 keskimm\u00e4inen luku (tai kahden keskimm\u00e4isen luvun keskiarvo, jos aineistossa on parillinen m\u00e4\u00e4r\u00e4 lukuja).<\/li><\/ul>\n\n\n\n<p><strong>Esim. 1<\/strong>  Laske arvosanojen H3, T1,&nbsp;K5, T2,&nbsp;H4,&nbsp;H3&nbsp;keskiarvo, moodi ja mediaani.<\/p>\n\n\n\n<p>Arvosanoja on 6 kappaletta eli parillinen m\u00e4\u00e4r\u00e4.<\/p>\n\n\n\n<p><strong>Keskiarvo<\/strong> on<br><p class=\"ql-center-displayed-equation\" style=\"line-height: 101px;\"><span class=\"ql-right-eqno\"> &nbsp; <\/span><span class=\"ql-left-eqno\"> &nbsp; <\/span><img loading=\"lazy\" decoding=\"async\" src=\"https:\/\/blogit.gradia.fi\/yhtaloidenosaaminen\/wp-content\/ql-cache\/quicklatex.com-076d161243493b3ddf5d4794e8441206_l3.png\" height=\"101\" width=\"198\" class=\"ql-img-displayed-equation quicklatex-auto-format\" alt=\"&#92;&#98;&#101;&#103;&#105;&#110;&#123;&#97;&#108;&#105;&#103;&#110;&#42;&#125;&#92;&#111;&#118;&#101;&#114;&#108;&#105;&#110;&#101;&#123;&#120;&#125;&#38;&#61;&#92;&#102;&#114;&#97;&#99;&#123;&#51;&#43;&#49;&#43;&#53;&#43;&#50;&#43;&#52;&#43;&#51;&#125;&#123;&#54;&#125;&#92;&#92;&#38;&#61;&#92;&#102;&#114;&#97;&#99;&#123;&#49;&#56;&#125;&#123;&#54;&#125;&#92;&#92;&#38;&#61;&#51;&#92;&#101;&#110;&#100;&#123;&#97;&#108;&#105;&#103;&#110;&#42;&#125;\" title=\"Rendered by QuickLaTeX.com\"\/><\/p><\/p>\n\n\n\n<p><strong>Vastaus<\/strong>: Keskiarvo on H3.<\/p>\n\n\n\n<p><strong>Moodi<\/strong> on 3, koska sit\u00e4 arvosanaa on eniten.<\/p>\n\n\n\n<p><strong>Vastaus<\/strong>: Moodi on H3.<\/p>\n\n\n\n<p>Mediaanin m\u00e4\u00e4ritt\u00e4miseksi laitetaan arvosanat suuruusj\u00e4rjestykseen.<\/p>\n\n\n\n<p>1, 2, <strong>3, 3<\/strong>, 4, 5<\/p>\n\n\n\n<p>Koska arvosanoja on parillinen m\u00e4\u00e4r\u00e4, mediaani on kahden keskimm\u00e4isen keskiarvo.<\/p>\n\n\n\n<p><strong>Mediaani<\/strong> = <img loading=\"lazy\" decoding=\"async\" src=\"https:\/\/blogit.gradia.fi\/yhtaloidenosaaminen\/wp-content\/ql-cache\/quicklatex.com-73fef38c80d60d15cb76d0d4a0441c45_l3.png\" class=\"ql-img-inline-formula quicklatex-auto-format\" alt=\"&#92;&#100;&#102;&#114;&#97;&#99;&#123;&#51;&#43;&#51;&#125;&#123;&#50;&#125;&#61;&#92;&#100;&#102;&#114;&#97;&#99;&#123;&#54;&#125;&#123;&#50;&#125;&#61;&#51;\" title=\"Rendered by QuickLaTeX.com\" height=\"36\" width=\"110\" style=\"vertical-align: -12px;\"\/>.<\/p>\n\n\n\n<p><strong>Vastaus<\/strong>: Mediaani on H3.<\/p>\n\n\n\n<p><strong>Esim. 2<\/strong>  Luokan tytt\u00f6jen pituuksien keskiarvo on&nbsp;164 cm&nbsp;ja poikien pituuksien keskiarvo on&nbsp;176 cm. Tytt\u00f6j\u00e4 on 8 ja poikia 6. Mik\u00e4 on koko luokan pituuksien keskiarvo?<\/p>\n\n\n\n<p><p class=\"ql-center-displayed-equation\" style=\"line-height: 171px;\"><span class=\"ql-right-eqno\"> &nbsp; <\/span><span class=\"ql-left-eqno\"> &nbsp; <\/span><img loading=\"lazy\" decoding=\"async\" src=\"https:\/\/blogit.gradia.fi\/yhtaloidenosaaminen\/wp-content\/ql-cache\/quicklatex.com-50424a920947c1f0885ba8116f07abde_l3.png\" height=\"171\" width=\"155\" class=\"ql-img-displayed-equation quicklatex-auto-format\" alt=\"&#92;&#98;&#101;&#103;&#105;&#110;&#123;&#97;&#108;&#105;&#103;&#110;&#42;&#125;&#92;&#111;&#118;&#101;&#114;&#108;&#105;&#110;&#101;&#123;&#120;&#125;&#38;&#61;&#92;&#102;&#114;&#97;&#99;&#123;&#56;&#32;&#92;&#99;&#100;&#111;&#116;&#32;&#49;&#54;&#52;&#32;&#43;&#32;&#54;&#32;&#92;&#99;&#100;&#111;&#116;&#32;&#49;&#55;&#54;&#125;&#123;&#56;&#43;&#54;&#125;&#92;&#92;&#38;&#61;&#92;&#102;&#114;&#97;&#99;&#123;&#49;&#51;&#49;&#50;&#43;&#49;&#48;&#55;&#54;&#125;&#123;&#49;&#52;&#125;&#92;&#92;&#38;&#61;&#92;&#102;&#114;&#97;&#99;&#123;&#50;&#51;&#54;&#56;&#125;&#123;&#49;&#52;&#125;&#92;&#92;&#38;&#61;&#49;&#54;&#57;&#123;&#44;&#125;&#49;&#52;&#92;&#108;&#100;&#111;&#116;&#115;&#92;&#92;&#38;&#92;&#97;&#112;&#112;&#114;&#111;&#120;&#32;&#49;&#54;&#57;&#92;&#101;&#110;&#100;&#123;&#97;&#108;&#105;&#103;&#110;&#42;&#125;\" title=\"Rendered by QuickLaTeX.com\"\/><\/p><\/p>\n\n\n\n<p><strong>Vastaus<\/strong>: Pituuksien keskiarvo on 169 cm.<\/p>\n\n\n\n<p><strong>Esim. 3<\/strong>  Seppo sai kolmelta kurssilta seuraavat arvosanat:<\/p>\n\n\n\n<div class=\"wp-block-image\"><figure class=\"aligncenter size-large\"><img loading=\"lazy\" decoding=\"async\" width=\"403\" height=\"145\" src=\"https:\/\/blogit.gradia.fi\/yhtaloidenosaaminen\/wp-content\/uploads\/sites\/171\/2021\/03\/painot.png\" alt=\"\" class=\"wp-image-142\" srcset=\"https:\/\/blogit.gradia.fi\/yhtaloidenosaaminen\/wp-content\/uploads\/sites\/171\/2021\/03\/painot.png 403w, https:\/\/blogit.gradia.fi\/yhtaloidenosaaminen\/wp-content\/uploads\/sites\/171\/2021\/03\/painot-300x108.png 300w\" sizes=\"auto, (max-width: 403px) 100vw, 403px\" \/><figcaption>Sepon arvosanataulukko.<\/figcaption><\/figure><\/div>\n\n\n\n<p><strong>a)<\/strong> Laske kurssien keskiarvo ilman osaamispistem\u00e4\u00e4rien painotusta.<\/p>\n\n\n\n<p>Kursseja on kolme kappaletta.&nbsp;<\/p>\n\n\n\n<p><p class=\"ql-center-displayed-equation\" style=\"line-height: 101px;\"><span class=\"ql-right-eqno\"> &nbsp; <\/span><span class=\"ql-left-eqno\"> &nbsp; <\/span><img loading=\"lazy\" decoding=\"async\" src=\"https:\/\/blogit.gradia.fi\/yhtaloidenosaaminen\/wp-content\/ql-cache\/quicklatex.com-dbdfc1d096b742283b32e76618565bdc_l3.png\" height=\"101\" width=\"106\" class=\"ql-img-displayed-equation quicklatex-auto-format\" alt=\"&#92;&#98;&#101;&#103;&#105;&#110;&#123;&#97;&#108;&#105;&#103;&#110;&#42;&#125;&#92;&#111;&#118;&#101;&#114;&#108;&#105;&#110;&#101;&#123;&#120;&#125;&#38;&#61;&#92;&#102;&#114;&#97;&#99;&#123;&#51;&#43;&#53;&#43;&#49;&#125;&#123;&#51;&#125;&#92;&#92;&#38;&#61;&#92;&#102;&#114;&#97;&#99;&#123;&#57;&#125;&#123;&#51;&#125;&#92;&#92;&#38;&#61;&#51;&#92;&#101;&#110;&#100;&#123;&#97;&#108;&#105;&#103;&#110;&#42;&#125;\" title=\"Rendered by QuickLaTeX.com\"\/><\/p><\/p>\n\n\n\n<p><strong>Vastaus<\/strong>: Arvosanojen keskiarvo on H3.<\/p>\n\n\n\n<p><strong>b)<\/strong> Laske kurssien painotettu keskiarvo.<\/p>\n\n\n\n<p>Nyt kursseja ajatellaan olevan 1 + 1+ 5 = 7 kappaletta.<\/p>\n\n\n\n<p><p class=\"ql-center-displayed-equation\" style=\"line-height: 170px;\"><span class=\"ql-right-eqno\"> &nbsp; <\/span><span class=\"ql-left-eqno\"> &nbsp; <\/span><img loading=\"lazy\" decoding=\"async\" src=\"https:\/\/blogit.gradia.fi\/yhtaloidenosaaminen\/wp-content\/ql-cache\/quicklatex.com-a5ec9d79d9ae738d8e2a422edb064968_l3.png\" height=\"170\" width=\"170\" class=\"ql-img-displayed-equation quicklatex-auto-format\" alt=\"&#92;&#98;&#101;&#103;&#105;&#110;&#123;&#97;&#108;&#105;&#103;&#110;&#42;&#125;&#92;&#111;&#118;&#101;&#114;&#108;&#105;&#110;&#101;&#123;&#120;&#125;&#38;&#61;&#92;&#102;&#114;&#97;&#99;&#123;&#49;&#32;&#92;&#99;&#100;&#111;&#116;&#32;&#51;&#32;&#43;&#32;&#49;&#32;&#92;&#99;&#100;&#111;&#116;&#32;&#53;&#32;&#43;&#32;&#53;&#32;&#92;&#99;&#100;&#111;&#116;&#32;&#49;&#125;&#123;&#55;&#125;&#92;&#92;&#38;&#61;&#92;&#102;&#114;&#97;&#99;&#123;&#51;&#43;&#53;&#43;&#53;&#125;&#123;&#55;&#125;&#92;&#92;&#38;&#61;&#92;&#102;&#114;&#97;&#99;&#123;&#49;&#51;&#125;&#123;&#55;&#125;&#92;&#92;&#38;&#61;&#49;&#123;&#44;&#125;&#56;&#53;&#55;&#92;&#108;&#100;&#111;&#116;&#115;&#92;&#92;&#38;&#92;&#97;&#112;&#112;&#114;&#111;&#120;&#32;&#50;&#92;&#101;&#110;&#100;&#123;&#97;&#108;&#105;&#103;&#110;&#42;&#125;\" title=\"Rendered by QuickLaTeX.com\"\/><\/p><\/p>\n\n\n\n<p><strong>Vastaus<\/strong>: Arvosanojen painotettu keskiarvo on T2.<\/p>\n","protected":false},"excerpt":{"rendered":"<p>Teht\u00e4v\u00e4t M\u00e4\u00e4ritelm\u00e4 Lukujen , , , \u2026, keskiarvo on &nbsp; &nbsp; Huom! Keskiarvon lauseke voidaan ilmoittaa my\u00f6s muodossa: &nbsp; &nbsp; tyyppiarvo eli moodi on se luku tai ne luvut, joita aineistossa esiintyy eniten, mediaani on suuruusj\u00e4rjestyksess\u00e4 keskimm\u00e4inen luku (tai kahden keskimm\u00e4isen luvun keskiarvo, jos aineistossa on parillinen m\u00e4\u00e4r\u00e4 lukuja). Esim. 1 Laske arvosanojen H3, T1,&nbsp;K5, &hellip; <a href=\"https:\/\/blogit.gradia.fi\/yhtaloidenosaaminen\/keskiluvut\/\" class=\"more-link\">Jatka lukemista <span class=\"screen-reader-text\">Keskiluvut<\/span> <span class=\"meta-nav\">&rarr;<\/span><\/a><\/p>\n","protected":false},"author":111,"featured_media":0,"parent":0,"menu_order":0,"comment_status":"closed","ping_status":"closed","template":"","meta":{"_uag_custom_page_level_css":"","footnotes":""},"class_list":["post-89","page","type-page","status-publish","hentry"],"yoast_head":"<!-- This site is optimized with the Yoast SEO plugin v27.4 - https:\/\/yoast.com\/product\/yoast-seo-wordpress\/ -->\n<title>Keskiluvut - Yht\u00e4l\u00f6iden osaaminen<\/title>\n<meta name=\"robots\" content=\"index, follow, max-snippet:-1, max-image-preview:large, max-video-preview:-1\" \/>\n<link rel=\"canonical\" href=\"https:\/\/blogit.gradia.fi\/yhtaloidenosaaminen\/keskiluvut\/\" \/>\n<meta property=\"og:locale\" content=\"fi_FI\" \/>\n<meta property=\"og:type\" content=\"article\" \/>\n<meta property=\"og:title\" content=\"Keskiluvut - Yht\u00e4l\u00f6iden osaaminen\" \/>\n<meta property=\"og:description\" content=\"Teht\u00e4v\u00e4t M\u00e4\u00e4ritelm\u00e4 Lukujen , , , \u2026, keskiarvo on &nbsp; &nbsp; Huom! Keskiarvon lauseke voidaan ilmoittaa my\u00f6s muodossa: &nbsp; &nbsp; tyyppiarvo eli moodi on se luku tai ne luvut, joita aineistossa esiintyy eniten, mediaani on suuruusj\u00e4rjestyksess\u00e4 keskimm\u00e4inen luku (tai kahden keskimm\u00e4isen luvun keskiarvo, jos aineistossa on parillinen m\u00e4\u00e4r\u00e4 lukuja). Esim. 1 Laske arvosanojen H3, T1,&nbsp;K5, &hellip; Jatka lukemista Keskiluvut &rarr;\" \/>\n<meta property=\"og:url\" content=\"https:\/\/blogit.gradia.fi\/yhtaloidenosaaminen\/keskiluvut\/\" \/>\n<meta property=\"og:site_name\" content=\"Yht\u00e4l\u00f6iden osaaminen\" \/>\n<meta property=\"article:modified_time\" content=\"2021-04-08T06:35:33+00:00\" \/>\n<meta property=\"og:image\" content=\"https:\/\/blogit.gradia.fi\/yhtaloidenosaaminen\/wp-content\/uploads\/sites\/171\/2021\/03\/painot.png\" \/>\n<meta name=\"twitter:card\" content=\"summary_large_image\" \/>\n<meta name=\"twitter:label1\" content=\"Arvioitu lukuaika\" \/>\n\t<meta name=\"twitter:data1\" content=\"2 minuuttia\" \/>\n<script type=\"application\/ld+json\" class=\"yoast-schema-graph\">{\"@context\":\"https:\\\/\\\/schema.org\",\"@graph\":[{\"@type\":\"WebPage\",\"@id\":\"https:\\\/\\\/blogit.gradia.fi\\\/yhtaloidenosaaminen\\\/keskiluvut\\\/\",\"url\":\"https:\\\/\\\/blogit.gradia.fi\\\/yhtaloidenosaaminen\\\/keskiluvut\\\/\",\"name\":\"Keskiluvut - Yht\u00e4l\u00f6iden osaaminen\",\"isPartOf\":{\"@id\":\"https:\\\/\\\/blogit.gradia.fi\\\/yhtaloidenosaaminen\\\/#website\"},\"primaryImageOfPage\":{\"@id\":\"https:\\\/\\\/blogit.gradia.fi\\\/yhtaloidenosaaminen\\\/keskiluvut\\\/#primaryimage\"},\"image\":{\"@id\":\"https:\\\/\\\/blogit.gradia.fi\\\/yhtaloidenosaaminen\\\/keskiluvut\\\/#primaryimage\"},\"thumbnailUrl\":\"https:\\\/\\\/blogit.gradia.fi\\\/yhtaloidenosaaminen\\\/wp-content\\\/uploads\\\/sites\\\/171\\\/2021\\\/03\\\/painot.png\",\"datePublished\":\"2021-03-20T16:22:05+00:00\",\"dateModified\":\"2021-04-08T06:35:33+00:00\",\"breadcrumb\":{\"@id\":\"https:\\\/\\\/blogit.gradia.fi\\\/yhtaloidenosaaminen\\\/keskiluvut\\\/#breadcrumb\"},\"inLanguage\":\"fi\",\"potentialAction\":[{\"@type\":\"ReadAction\",\"target\":[\"https:\\\/\\\/blogit.gradia.fi\\\/yhtaloidenosaaminen\\\/keskiluvut\\\/\"]}]},{\"@type\":\"ImageObject\",\"inLanguage\":\"fi\",\"@id\":\"https:\\\/\\\/blogit.gradia.fi\\\/yhtaloidenosaaminen\\\/keskiluvut\\\/#primaryimage\",\"url\":\"https:\\\/\\\/blogit.gradia.fi\\\/yhtaloidenosaaminen\\\/wp-content\\\/uploads\\\/sites\\\/171\\\/2021\\\/03\\\/painot.png\",\"contentUrl\":\"https:\\\/\\\/blogit.gradia.fi\\\/yhtaloidenosaaminen\\\/wp-content\\\/uploads\\\/sites\\\/171\\\/2021\\\/03\\\/painot.png\",\"width\":403,\"height\":145},{\"@type\":\"BreadcrumbList\",\"@id\":\"https:\\\/\\\/blogit.gradia.fi\\\/yhtaloidenosaaminen\\\/keskiluvut\\\/#breadcrumb\",\"itemListElement\":[{\"@type\":\"ListItem\",\"position\":1,\"name\":\"Home\",\"item\":\"https:\\\/\\\/blogit.gradia.fi\\\/yhtaloidenosaaminen\\\/\"},{\"@type\":\"ListItem\",\"position\":2,\"name\":\"Keskiluvut\"}]},{\"@type\":\"WebSite\",\"@id\":\"https:\\\/\\\/blogit.gradia.fi\\\/yhtaloidenosaaminen\\\/#website\",\"url\":\"https:\\\/\\\/blogit.gradia.fi\\\/yhtaloidenosaaminen\\\/\",\"name\":\"Yht\u00e4l\u00f6iden osaaminen\",\"description\":\"Yhteiset opinnot\",\"potentialAction\":[{\"@type\":\"SearchAction\",\"target\":{\"@type\":\"EntryPoint\",\"urlTemplate\":\"https:\\\/\\\/blogit.gradia.fi\\\/yhtaloidenosaaminen\\\/?s={search_term_string}\"},\"query-input\":{\"@type\":\"PropertyValueSpecification\",\"valueRequired\":true,\"valueName\":\"search_term_string\"}}],\"inLanguage\":\"fi\"}]}<\/script>\n<!-- \/ Yoast SEO plugin. -->","yoast_head_json":{"title":"Keskiluvut - Yht\u00e4l\u00f6iden osaaminen","robots":{"index":"index","follow":"follow","max-snippet":"max-snippet:-1","max-image-preview":"max-image-preview:large","max-video-preview":"max-video-preview:-1"},"canonical":"https:\/\/blogit.gradia.fi\/yhtaloidenosaaminen\/keskiluvut\/","og_locale":"fi_FI","og_type":"article","og_title":"Keskiluvut - Yht\u00e4l\u00f6iden osaaminen","og_description":"Teht\u00e4v\u00e4t M\u00e4\u00e4ritelm\u00e4 Lukujen , , , \u2026, keskiarvo on &nbsp; &nbsp; Huom! Keskiarvon lauseke voidaan ilmoittaa my\u00f6s muodossa: &nbsp; &nbsp; tyyppiarvo eli moodi on se luku tai ne luvut, joita aineistossa esiintyy eniten, mediaani on suuruusj\u00e4rjestyksess\u00e4 keskimm\u00e4inen luku (tai kahden keskimm\u00e4isen luvun keskiarvo, jos aineistossa on parillinen m\u00e4\u00e4r\u00e4 lukuja). Esim. 1 Laske arvosanojen H3, T1,&nbsp;K5, &hellip; Jatka lukemista Keskiluvut &rarr;","og_url":"https:\/\/blogit.gradia.fi\/yhtaloidenosaaminen\/keskiluvut\/","og_site_name":"Yht\u00e4l\u00f6iden osaaminen","article_modified_time":"2021-04-08T06:35:33+00:00","og_image":[{"url":"https:\/\/blogit.gradia.fi\/yhtaloidenosaaminen\/wp-content\/uploads\/sites\/171\/2021\/03\/painot.png","type":"","width":"","height":""}],"twitter_card":"summary_large_image","twitter_misc":{"Arvioitu lukuaika":"2 minuuttia"},"schema":{"@context":"https:\/\/schema.org","@graph":[{"@type":"WebPage","@id":"https:\/\/blogit.gradia.fi\/yhtaloidenosaaminen\/keskiluvut\/","url":"https:\/\/blogit.gradia.fi\/yhtaloidenosaaminen\/keskiluvut\/","name":"Keskiluvut - Yht\u00e4l\u00f6iden osaaminen","isPartOf":{"@id":"https:\/\/blogit.gradia.fi\/yhtaloidenosaaminen\/#website"},"primaryImageOfPage":{"@id":"https:\/\/blogit.gradia.fi\/yhtaloidenosaaminen\/keskiluvut\/#primaryimage"},"image":{"@id":"https:\/\/blogit.gradia.fi\/yhtaloidenosaaminen\/keskiluvut\/#primaryimage"},"thumbnailUrl":"https:\/\/blogit.gradia.fi\/yhtaloidenosaaminen\/wp-content\/uploads\/sites\/171\/2021\/03\/painot.png","datePublished":"2021-03-20T16:22:05+00:00","dateModified":"2021-04-08T06:35:33+00:00","breadcrumb":{"@id":"https:\/\/blogit.gradia.fi\/yhtaloidenosaaminen\/keskiluvut\/#breadcrumb"},"inLanguage":"fi","potentialAction":[{"@type":"ReadAction","target":["https:\/\/blogit.gradia.fi\/yhtaloidenosaaminen\/keskiluvut\/"]}]},{"@type":"ImageObject","inLanguage":"fi","@id":"https:\/\/blogit.gradia.fi\/yhtaloidenosaaminen\/keskiluvut\/#primaryimage","url":"https:\/\/blogit.gradia.fi\/yhtaloidenosaaminen\/wp-content\/uploads\/sites\/171\/2021\/03\/painot.png","contentUrl":"https:\/\/blogit.gradia.fi\/yhtaloidenosaaminen\/wp-content\/uploads\/sites\/171\/2021\/03\/painot.png","width":403,"height":145},{"@type":"BreadcrumbList","@id":"https:\/\/blogit.gradia.fi\/yhtaloidenosaaminen\/keskiluvut\/#breadcrumb","itemListElement":[{"@type":"ListItem","position":1,"name":"Home","item":"https:\/\/blogit.gradia.fi\/yhtaloidenosaaminen\/"},{"@type":"ListItem","position":2,"name":"Keskiluvut"}]},{"@type":"WebSite","@id":"https:\/\/blogit.gradia.fi\/yhtaloidenosaaminen\/#website","url":"https:\/\/blogit.gradia.fi\/yhtaloidenosaaminen\/","name":"Yht\u00e4l\u00f6iden osaaminen","description":"Yhteiset opinnot","potentialAction":[{"@type":"SearchAction","target":{"@type":"EntryPoint","urlTemplate":"https:\/\/blogit.gradia.fi\/yhtaloidenosaaminen\/?s={search_term_string}"},"query-input":{"@type":"PropertyValueSpecification","valueRequired":true,"valueName":"search_term_string"}}],"inLanguage":"fi"}]}},"uagb_featured_image_src":{"full":false,"thumbnail":false,"medium":false,"medium_large":false,"large":false,"1536x1536":false,"2048x2048":false,"post-thumbnail":false},"uagb_author_info":{"display_name":"Hannu Tabell","author_link":"https:\/\/blogit.gradia.fi\/yhtaloidenosaaminen\/author\/htabell\/"},"uagb_comment_info":0,"uagb_excerpt":"Teht\u00e4v\u00e4t M\u00e4\u00e4ritelm\u00e4 Lukujen , , , \u2026, keskiarvo on &nbsp; &nbsp; Huom! Keskiarvon lauseke voidaan ilmoittaa my\u00f6s muodossa: &nbsp; &nbsp; tyyppiarvo eli moodi on se luku tai ne luvut, joita aineistossa esiintyy eniten, mediaani on suuruusj\u00e4rjestyksess\u00e4 keskimm\u00e4inen luku (tai kahden keskimm\u00e4isen luvun keskiarvo, jos aineistossa on parillinen m\u00e4\u00e4r\u00e4 lukuja). Esim. 1 Laske arvosanojen H3, T1,&nbsp;K5,&hellip;","_links":{"self":[{"href":"https:\/\/blogit.gradia.fi\/yhtaloidenosaaminen\/wp-json\/wp\/v2\/pages\/89","targetHints":{"allow":["GET"]}}],"collection":[{"href":"https:\/\/blogit.gradia.fi\/yhtaloidenosaaminen\/wp-json\/wp\/v2\/pages"}],"about":[{"href":"https:\/\/blogit.gradia.fi\/yhtaloidenosaaminen\/wp-json\/wp\/v2\/types\/page"}],"author":[{"embeddable":true,"href":"https:\/\/blogit.gradia.fi\/yhtaloidenosaaminen\/wp-json\/wp\/v2\/users\/111"}],"replies":[{"embeddable":true,"href":"https:\/\/blogit.gradia.fi\/yhtaloidenosaaminen\/wp-json\/wp\/v2\/comments?post=89"}],"version-history":[{"count":12,"href":"https:\/\/blogit.gradia.fi\/yhtaloidenosaaminen\/wp-json\/wp\/v2\/pages\/89\/revisions"}],"predecessor-version":[{"id":186,"href":"https:\/\/blogit.gradia.fi\/yhtaloidenosaaminen\/wp-json\/wp\/v2\/pages\/89\/revisions\/186"}],"wp:attachment":[{"href":"https:\/\/blogit.gradia.fi\/yhtaloidenosaaminen\/wp-json\/wp\/v2\/media?parent=89"}],"curies":[{"name":"wp","href":"https:\/\/api.w.org\/{rel}","templated":true}]}}