{"id":86,"date":"2021-03-20T18:20:36","date_gmt":"2021-03-20T16:20:36","guid":{"rendered":"https:\/\/blogit.gradia.fi\/yhtaloidenosaaminen\/?page_id=86"},"modified":"2021-03-20T19:12:36","modified_gmt":"2021-03-20T17:12:36","slug":"verranto","status":"publish","type":"page","link":"https:\/\/blogit.gradia.fi\/yhtaloidenosaaminen\/verranto\/","title":{"rendered":"Verranto"},"content":{"rendered":"\n<p><\/p>\n\n\n\n<p><a href=\"https:\/\/jaofi-my.sharepoint.com\/:b:\/g\/personal\/htabell_gradia_fi\/ESSTAsamdxpFpXdEuqLvrn8B5cGuGrjOCZ_M5yYHZ3azHA?e=6syjl9\" target=\"_blank\" rel=\"noreferrer noopener\">Teht\u00e4v\u00e4t<\/a><\/p>\n\n\n\n<p>Verrantoa voidaan k\u00e4ytt\u00e4\u00e4 monenlaisten ongelmien ratkaisussa:<\/p>\n\n\n\n<ul class=\"wp-block-list\"><li>matkaan k\u00e4ytetty aika ja nopeus<\/li><li>tavaran m\u00e4\u00e4r\u00e4 ja hinta<\/li><li>verotettavan tulon ja veron m\u00e4\u00e4r\u00e4<\/li><li>ty\u00f6aika ja ty\u00f6palkka<\/li><li>muuntajan j\u00e4nnite ja k\u00e4\u00e4min kierrosluku<\/li><\/ul>\n\n\n\n<h2 class=\"wp-block-heading\">A) Esimerkkej\u00e4 verrannon ratkaisemisesta<\/h2>\n\n\n\n<p><strong>Ratkaise verrantomuotoiset yht\u00e4l\u00f6t<\/strong>.<\/p>\n\n\n\n<p><strong>Esim. 1<\/strong>    <p class=\"ql-center-displayed-equation\" style=\"line-height: 36px;\"><span class=\"ql-right-eqno\"> &nbsp; <\/span><span class=\"ql-left-eqno\"> &nbsp; <\/span><img loading=\"lazy\" decoding=\"async\" src=\"https:\/\/blogit.gradia.fi\/yhtaloidenosaaminen\/wp-content\/ql-cache\/quicklatex.com-f8196dcf7e859427e678d77e2bc16ef7_l3.png\" height=\"36\" width=\"56\" class=\"ql-img-displayed-equation quicklatex-auto-format\" alt=\"&#92;&#91;&#92;&#100;&#102;&#114;&#97;&#99;&#123;&#120;&#125;&#123;&#55;&#125;&#61;&#92;&#100;&#102;&#114;&#97;&#99;&#123;&#54;&#125;&#123;&#50;&#49;&#125;&#92;&#93;\" title=\"Rendered by QuickLaTeX.com\"\/><\/p><\/p>\n\n\n\n<p>Kerrotaan &#8221;ristiin&#8221; verrantoyht\u00e4l\u00f6n vasemmalta ylh\u00e4\u00e4lt\u00e4 <img loading=\"lazy\" decoding=\"async\" src=\"https:\/\/blogit.gradia.fi\/yhtaloidenosaaminen\/wp-content\/ql-cache\/quicklatex.com-edf6d5462aa989d30da6f7f7d6e93e0f_l3.png\" class=\"ql-img-inline-formula quicklatex-auto-format\" alt=\"&#120;\" title=\"Rendered by QuickLaTeX.com\" height=\"8\" width=\"10\" style=\"vertical-align: 0px;\"\/> ja oikealta alhaalta 21. Samoin 7 ja 6.<\/p>\n\n\n\n<p><p class=\"ql-center-displayed-equation\" style=\"line-height: 155px;\"><span class=\"ql-right-eqno\"> &nbsp; <\/span><span class=\"ql-left-eqno\"> &nbsp; <\/span><img loading=\"lazy\" decoding=\"async\" src=\"https:\/\/blogit.gradia.fi\/yhtaloidenosaaminen\/wp-content\/ql-cache\/quicklatex.com-cf3a4abf19e5873d584f2fa29ec6493d_l3.png\" height=\"155\" width=\"145\" class=\"ql-img-displayed-equation quicklatex-auto-format\" alt=\"&#92;&#98;&#101;&#103;&#105;&#110;&#123;&#97;&#108;&#105;&#103;&#110;&#42;&#125;&#92;&#100;&#102;&#114;&#97;&#99;&#123;&#120;&#125;&#123;&#55;&#125;&#61;&#92;&#100;&#102;&#114;&#97;&#99;&#123;&#54;&#125;&#123;&#50;&#49;&#125;&#92;&#92;&#50;&#49;&#32;&#92;&#99;&#100;&#111;&#116;&#32;&#120;&#32;&#38;&#61;&#32;&#55;&#32;&#92;&#99;&#100;&#111;&#116;&#32;&#54;&#92;&#92;&#50;&#49;&#120;&#32;&#38;&#61;&#32;&#52;&#50;&#92;&#32;&#92;&#112;&#97;&#114;&#97;&#108;&#108;&#101;&#108;&#32;&#58;&#32;&#50;&#49;&#92;&#92;&#120;&#32;&#38;&#61;&#92;&#102;&#114;&#97;&#99;&#32;&#123;&#52;&#50;&#125;&#123;&#50;&#49;&#125;&#92;&#92;&#120;&#32;&#38;&#61;&#32;&#50;&#92;&#101;&#110;&#100;&#123;&#97;&#108;&#105;&#103;&#110;&#42;&#125;\" title=\"Rendered by QuickLaTeX.com\"\/><\/p><\/p>\n\n\n\n<p><strong>Vastaus<\/strong>: <img loading=\"lazy\" decoding=\"async\" src=\"https:\/\/blogit.gradia.fi\/yhtaloidenosaaminen\/wp-content\/ql-cache\/quicklatex.com-2bdd4da3f2dc9e73b654f1db9e32739c_l3.png\" class=\"ql-img-inline-formula quicklatex-auto-format\" alt=\"&#120;&#61;&#50;\" title=\"Rendered by QuickLaTeX.com\" height=\"12\" width=\"42\" style=\"vertical-align: 0px;\"\/>.<\/p>\n\n\n\n<p><strong>Esim. 2<\/strong>    <p class=\"ql-center-displayed-equation\" style=\"line-height: 37px;\"><span class=\"ql-right-eqno\"> &nbsp; <\/span><span class=\"ql-left-eqno\"> &nbsp; <\/span><img loading=\"lazy\" decoding=\"async\" src=\"https:\/\/blogit.gradia.fi\/yhtaloidenosaaminen\/wp-content\/ql-cache\/quicklatex.com-152744d4c82c44b0dfc192cce3681bcf_l3.png\" height=\"37\" width=\"61\" class=\"ql-img-displayed-equation quicklatex-auto-format\" alt=\"&#92;&#91;&#92;&#100;&#102;&#114;&#97;&#99;&#123;&#51;&#123;&#44;&#125;&#53;&#125;&#123;&#55;&#125;&#61;&#92;&#100;&#102;&#114;&#97;&#99;&#123;&#120;&#125;&#123;&#56;&#125;&#92;&#93;\" title=\"Rendered by QuickLaTeX.com\"\/><\/p><\/p>\n\n\n\n<p><p class=\"ql-center-displayed-equation\" style=\"line-height: 156px;\"><span class=\"ql-right-eqno\"> &nbsp; <\/span><span class=\"ql-left-eqno\"> &nbsp; <\/span><img loading=\"lazy\" decoding=\"async\" src=\"https:\/\/blogit.gradia.fi\/yhtaloidenosaaminen\/wp-content\/ql-cache\/quicklatex.com-579bb6661fd0139676824ce6727850ac_l3.png\" height=\"156\" width=\"112\" class=\"ql-img-displayed-equation quicklatex-auto-format\" alt=\"&#92;&#98;&#101;&#103;&#105;&#110;&#123;&#97;&#108;&#105;&#103;&#110;&#42;&#125;&#92;&#100;&#102;&#114;&#97;&#99;&#123;&#51;&#123;&#44;&#125;&#53;&#125;&#123;&#55;&#125;&#38;&#61;&#92;&#100;&#102;&#114;&#97;&#99;&#123;&#120;&#125;&#123;&#56;&#125;&#92;&#92;&#55;&#32;&#92;&#99;&#100;&#111;&#116;&#32;&#120;&#32;&#38;&#61;&#32;&#51;&#123;&#44;&#125;&#53;&#32;&#92;&#99;&#100;&#111;&#116;&#32;&#56;&#92;&#92;&#55;&#120;&#32;&#38;&#61;&#32;&#50;&#56;&#92;&#32;&#92;&#112;&#97;&#114;&#97;&#108;&#108;&#101;&#108;&#32;&#58;&#32;&#55;&#92;&#92;&#120;&#32;&#38;&#61;&#92;&#102;&#114;&#97;&#99;&#32;&#123;&#50;&#56;&#125;&#123;&#55;&#125;&#92;&#92;&#120;&#32;&#38;&#61;&#32;&#52;&#92;&#101;&#110;&#100;&#123;&#97;&#108;&#105;&#103;&#110;&#42;&#125;\" title=\"Rendered by QuickLaTeX.com\"\/><\/p><\/p>\n\n\n\n<p><strong>Vastaus<\/strong>: <img loading=\"lazy\" decoding=\"async\" src=\"https:\/\/blogit.gradia.fi\/yhtaloidenosaaminen\/wp-content\/ql-cache\/quicklatex.com-4a862e4266156eb21f5c0ef171ce9af1_l3.png\" class=\"ql-img-inline-formula quicklatex-auto-format\" alt=\"&#120;&#61;&#52;\" title=\"Rendered by QuickLaTeX.com\" height=\"13\" width=\"43\" style=\"vertical-align: -1px;\"\/>.<\/p>\n\n\n\n<h2 class=\"wp-block-heading\">B) Verrannon muodostaminen<\/h2>\n\n\n\n<h3 class=\"wp-block-heading\">Suoraan verrannollisuus<\/h3>\n\n\n\n<p><strong><em>Suureet ovat suoraan verrannollisia, kun ne suurenevat tai pienenev\u00e4t samassa suhteessa.<\/em><\/strong><\/p>\n\n\n\n<p><strong>Esim. 3<\/strong> Jos 3 kg perunaa maksaa 2,25 \u20ac, kuinka paljon maksaa 5 kg perunaa?<\/p>\n\n\n\n<p>Laaditaan tiedoista taulukko. Merkit\u00e4\u00e4n tuntematonta hintaa <img loading=\"lazy\" decoding=\"async\" src=\"https:\/\/blogit.gradia.fi\/yhtaloidenosaaminen\/wp-content\/ql-cache\/quicklatex.com-edf6d5462aa989d30da6f7f7d6e93e0f_l3.png\" class=\"ql-img-inline-formula quicklatex-auto-format\" alt=\"&#120;\" title=\"Rendered by QuickLaTeX.com\" height=\"8\" width=\"10\" style=\"vertical-align: 0px;\"\/>:ll\u00e4.<\/p>\n\n\n\n<div class=\"wp-block-image\"><figure class=\"aligncenter size-large\"><img loading=\"lazy\" decoding=\"async\" width=\"287\" height=\"102\" src=\"https:\/\/blogit.gradia.fi\/yhtaloidenosaaminen\/wp-content\/uploads\/sites\/171\/2021\/03\/verr1.png\" alt=\"\" class=\"wp-image-108\" \/><figcaption>Taulukko kysytyist\u00e4 suureista.<\/figcaption><\/figure><\/div>\n\n\n\n<p>Kirjoitetaan ja ratkaistaan verrantoyht\u00e4l\u00f6:<\/p>\n\n\n\n<p><p class=\"ql-center-displayed-equation\" style=\"line-height: 116px;\"><span class=\"ql-right-eqno\"> &nbsp; <\/span><span class=\"ql-left-eqno\"> &nbsp; <\/span><img loading=\"lazy\" decoding=\"async\" src=\"https:\/\/blogit.gradia.fi\/yhtaloidenosaaminen\/wp-content\/ql-cache\/quicklatex.com-eb073325ff7d2061e68eafe4100a2097_l3.png\" height=\"116\" width=\"134\" class=\"ql-img-displayed-equation quicklatex-auto-format\" alt=\"&#92;&#98;&#101;&#103;&#105;&#110;&#123;&#97;&#108;&#105;&#103;&#110;&#42;&#125;&#92;&#102;&#114;&#97;&#99;&#123;&#51;&#125;&#123;&#53;&#125;&#38;&#61;&#92;&#102;&#114;&#97;&#99;&#123;&#50;&#123;&#44;&#125;&#50;&#53;&#125;&#123;&#120;&#125;&#92;&#92;&#51;&#32;&#92;&#99;&#100;&#111;&#116;&#32;&#120;&#32;&#38;&#61;&#32;&#53;&#32;&#92;&#99;&#100;&#111;&#116;&#32;&#50;&#123;&#44;&#125;&#50;&#53;&#92;&#92;&#51;&#120;&#32;&#38;&#61;&#32;&#49;&#49;&#123;&#44;&#125;&#50;&#53;&#92;&#32;&#92;&#112;&#97;&#114;&#97;&#108;&#108;&#101;&#108;&#32;&#58;&#32;&#51;&#92;&#92;&#120;&#32;&#38;&#61;&#51;&#123;&#44;&#125;&#55;&#53;&#92;&#101;&#110;&#100;&#123;&#97;&#108;&#105;&#103;&#110;&#42;&#125;\" title=\"Rendered by QuickLaTeX.com\"\/><\/p><\/p>\n\n\n\n<p><strong>Vastaus<\/strong>: 5 kg perunoita maksaa 3,75 \u20ac.<\/p>\n\n\n\n<p><strong>Esim. 4<\/strong>  Seppo py\u00f6r\u00e4ili 6 kilometrin matkan 18 minuutissa. Kuinka kauan kest\u00e4isi 20 kilometrin matka samalla nopeudella?<\/p>\n\n\n\n<p>Laaditaan tiedoista taulukko. Merkit\u00e4\u00e4n tuntematonta aika <img loading=\"lazy\" decoding=\"async\" src=\"https:\/\/blogit.gradia.fi\/yhtaloidenosaaminen\/wp-content\/ql-cache\/quicklatex.com-edf6d5462aa989d30da6f7f7d6e93e0f_l3.png\" class=\"ql-img-inline-formula quicklatex-auto-format\" alt=\"&#120;\" title=\"Rendered by QuickLaTeX.com\" height=\"8\" width=\"10\" style=\"vertical-align: 0px;\"\/>:ll\u00e4.<\/p>\n\n\n\n<div class=\"wp-block-image\"><figure class=\"aligncenter size-large\"><img loading=\"lazy\" decoding=\"async\" width=\"294\" height=\"102\" src=\"https:\/\/blogit.gradia.fi\/yhtaloidenosaaminen\/wp-content\/uploads\/sites\/171\/2021\/03\/verr2.png\" alt=\"\" class=\"wp-image-113\" \/><figcaption>Taulukko kysytyist\u00e4 suureista.<\/figcaption><\/figure><\/div>\n\n\n\n<p>Kirjoitetaan ja ratkaistaan verrantoyht\u00e4l\u00f6:<\/p>\n\n\n\n<p><p class=\"ql-center-displayed-equation\" style=\"line-height: 111px;\"><span class=\"ql-right-eqno\"> &nbsp; <\/span><span class=\"ql-left-eqno\"> &nbsp; <\/span><img loading=\"lazy\" decoding=\"async\" src=\"https:\/\/blogit.gradia.fi\/yhtaloidenosaaminen\/wp-content\/ql-cache\/quicklatex.com-a556492db41b108260d5bdd8d1b773b2_l3.png\" height=\"111\" width=\"120\" class=\"ql-img-displayed-equation quicklatex-auto-format\" alt=\"&#92;&#98;&#101;&#103;&#105;&#110;&#123;&#97;&#108;&#105;&#103;&#110;&#42;&#125;&#92;&#102;&#114;&#97;&#99;&#123;&#54;&#125;&#123;&#50;&#48;&#125;&#38;&#61;&#92;&#102;&#114;&#97;&#99;&#123;&#49;&#56;&#125;&#123;&#120;&#125;&#92;&#92;&#54;&#32;&#92;&#99;&#100;&#111;&#116;&#32;&#120;&#32;&#38;&#61;&#32;&#50;&#48;&#32;&#92;&#99;&#100;&#111;&#116;&#32;&#49;&#56;&#92;&#92;&#54;&#120;&#32;&#38;&#61;&#32;&#51;&#54;&#48;&#92;&#32;&#92;&#112;&#97;&#114;&#97;&#108;&#108;&#101;&#108;&#32;&#58;&#32;&#54;&#92;&#92;&#120;&#32;&#38;&#61;&#54;&#48;&#92;&#101;&#110;&#100;&#123;&#97;&#108;&#105;&#103;&#110;&#42;&#125;\" title=\"Rendered by QuickLaTeX.com\"\/><\/p><\/p>\n\n\n\n<p><strong>Vastaus<\/strong>: 20 kilometrin matka kest\u00e4\u00e4 60 minuuttia eli 1 h.<\/p>\n\n\n\n<h3 class=\"wp-block-heading\">K\u00e4\u00e4nt\u00e4en verrannollisuus<\/h3>\n\n\n\n<p><strong><em>Suureet ovat k\u00e4\u00e4nt\u00e4en verrannollisia, kun toisen kasvaessa toinen pienenee samassa suhteessa. Verranto ratkaistaan k\u00e4\u00e4nt\u00e4m\u00e4ll\u00e4 toinen suhteista.<\/em><\/strong><\/p>\n\n\n\n<p><strong>Esim. 5 <\/strong>  Matkaan opiskelupaikkakunnalta kotiin kuluu autolla 1 h 25 min, jos keskinopeus on 80 km\/h. Kuinka kauan matka kest\u00e4isi, jos keskinopeus olisi huonon ajokelin takia 70 km\/h?<\/p>\n\n\n\n<p>1 h 25 min = 60 min + 25 min = 85 min. <\/p>\n\n\n\n<p>Laaditaan tiedoista taulukko. Merkit\u00e4\u00e4n tuntematonta aikaa <img loading=\"lazy\" decoding=\"async\" src=\"https:\/\/blogit.gradia.fi\/yhtaloidenosaaminen\/wp-content\/ql-cache\/quicklatex.com-edf6d5462aa989d30da6f7f7d6e93e0f_l3.png\" class=\"ql-img-inline-formula quicklatex-auto-format\" alt=\"&#120;\" title=\"Rendered by QuickLaTeX.com\" height=\"8\" width=\"10\" style=\"vertical-align: 0px;\"\/>:ll\u00e4.<\/p>\n\n\n\n<div class=\"wp-block-image\"><figure class=\"aligncenter size-large\"><img loading=\"lazy\" decoding=\"async\" width=\"371\" height=\"95\" src=\"https:\/\/blogit.gradia.fi\/yhtaloidenosaaminen\/wp-content\/uploads\/sites\/171\/2021\/03\/verr3.png\" alt=\"\" class=\"wp-image-116\" srcset=\"https:\/\/blogit.gradia.fi\/yhtaloidenosaaminen\/wp-content\/uploads\/sites\/171\/2021\/03\/verr3.png 371w, https:\/\/blogit.gradia.fi\/yhtaloidenosaaminen\/wp-content\/uploads\/sites\/171\/2021\/03\/verr3-300x77.png 300w\" sizes=\"auto, (max-width: 371px) 100vw, 371px\" \/><figcaption>Taulukko kysytyist\u00e4 suureista.<\/figcaption><\/figure><\/div>\n\n\n\n<p>K\u00e4\u00e4nnet\u00e4\u00e4n toinen suhteista yl\u00f6salaisin. Kirjoitetaan ja ratkaistaan verrantoyht\u00e4l\u00f6:<\/p>\n\n\n\n<p><p class=\"ql-center-displayed-equation\" style=\"line-height: 138px;\"><span class=\"ql-right-eqno\"> &nbsp; <\/span><span class=\"ql-left-eqno\"> &nbsp; <\/span><img loading=\"lazy\" decoding=\"async\" src=\"https:\/\/blogit.gradia.fi\/yhtaloidenosaaminen\/wp-content\/ql-cache\/quicklatex.com-a83d1f3a1d7583712a037c76171a230f_l3.png\" height=\"138\" width=\"138\" class=\"ql-img-displayed-equation quicklatex-auto-format\" alt=\"&#92;&#98;&#101;&#103;&#105;&#110;&#123;&#97;&#108;&#105;&#103;&#110;&#42;&#125;&#92;&#102;&#114;&#97;&#99;&#123;&#56;&#48;&#125;&#123;&#55;&#48;&#125;&#38;&#61;&#92;&#102;&#114;&#97;&#99;&#123;&#120;&#125;&#123;&#56;&#53;&#125;&#92;&#92;&#55;&#48;&#32;&#92;&#99;&#100;&#111;&#116;&#32;&#120;&#32;&#38;&#61;&#32;&#56;&#48;&#32;&#92;&#99;&#100;&#111;&#116;&#32;&#56;&#53;&#92;&#92;&#55;&#48;&#120;&#32;&#38;&#61;&#32;&#54;&#56;&#48;&#48;&#92;&#32;&#92;&#112;&#97;&#114;&#97;&#108;&#108;&#101;&#108;&#32;&#58;&#32;&#54;&#92;&#92;&#120;&#32;&#38;&#61;&#57;&#55;&#123;&#44;&#125;&#49;&#52;&#92;&#108;&#100;&#111;&#116;&#115;&#92;&#92;&#120;&#32;&#38;&#92;&#97;&#112;&#112;&#114;&#111;&#120;&#32;&#57;&#55;&#92;&#101;&#110;&#100;&#123;&#97;&#108;&#105;&#103;&#110;&#42;&#125;\" title=\"Rendered by QuickLaTeX.com\"\/><\/p><\/p>\n\n\n\n<p>Voidaan ilmoittaa aika 97 minuuttia tunteina ja minuutteina: 97 min = 1 h 37 min.<\/p>\n\n\n\n<p><strong>Vastaus<\/strong>: Matka kest\u00e4\u00e4 97 minuuttia eli 1 h 37 min.<\/p>\n","protected":false},"excerpt":{"rendered":"<p>Teht\u00e4v\u00e4t Verrantoa voidaan k\u00e4ytt\u00e4\u00e4 monenlaisten ongelmien ratkaisussa: matkaan k\u00e4ytetty aika ja nopeus tavaran m\u00e4\u00e4r\u00e4 ja hinta verotettavan tulon ja veron m\u00e4\u00e4r\u00e4 ty\u00f6aika ja ty\u00f6palkka muuntajan j\u00e4nnite ja k\u00e4\u00e4min kierrosluku A) Esimerkkej\u00e4 verrannon ratkaisemisesta Ratkaise verrantomuotoiset yht\u00e4l\u00f6t. Esim. 1 &nbsp; &nbsp; Kerrotaan &#8221;ristiin&#8221; verrantoyht\u00e4l\u00f6n vasemmalta ylh\u00e4\u00e4lt\u00e4 ja oikealta alhaalta 21. Samoin 7 ja 6. &nbsp; &nbsp; &hellip; <a href=\"https:\/\/blogit.gradia.fi\/yhtaloidenosaaminen\/verranto\/\" class=\"more-link\">Jatka lukemista <span class=\"screen-reader-text\">Verranto<\/span> <span class=\"meta-nav\">&rarr;<\/span><\/a><\/p>\n","protected":false},"author":111,"featured_media":0,"parent":0,"menu_order":0,"comment_status":"closed","ping_status":"closed","template":"","meta":{"_uag_custom_page_level_css":"","footnotes":""},"class_list":["post-86","page","type-page","status-publish","hentry"],"yoast_head":"<!-- This site is optimized with the Yoast SEO plugin v27.4 - https:\/\/yoast.com\/product\/yoast-seo-wordpress\/ -->\n<title>Verranto - Yht\u00e4l\u00f6iden osaaminen<\/title>\n<meta name=\"robots\" content=\"index, follow, max-snippet:-1, max-image-preview:large, max-video-preview:-1\" \/>\n<link rel=\"canonical\" href=\"https:\/\/blogit.gradia.fi\/yhtaloidenosaaminen\/verranto\/\" \/>\n<meta property=\"og:locale\" content=\"fi_FI\" \/>\n<meta property=\"og:type\" content=\"article\" \/>\n<meta property=\"og:title\" content=\"Verranto - Yht\u00e4l\u00f6iden osaaminen\" \/>\n<meta property=\"og:description\" content=\"Teht\u00e4v\u00e4t Verrantoa voidaan k\u00e4ytt\u00e4\u00e4 monenlaisten ongelmien ratkaisussa: matkaan k\u00e4ytetty aika ja nopeus tavaran m\u00e4\u00e4r\u00e4 ja hinta verotettavan tulon ja veron m\u00e4\u00e4r\u00e4 ty\u00f6aika ja ty\u00f6palkka muuntajan j\u00e4nnite ja k\u00e4\u00e4min kierrosluku A) Esimerkkej\u00e4 verrannon ratkaisemisesta Ratkaise verrantomuotoiset yht\u00e4l\u00f6t. Esim. 1 &nbsp; &nbsp; Kerrotaan &#8221;ristiin&#8221; verrantoyht\u00e4l\u00f6n vasemmalta ylh\u00e4\u00e4lt\u00e4 ja oikealta alhaalta 21. Samoin 7 ja 6. &nbsp; &nbsp; &hellip; Jatka lukemista Verranto &rarr;\" \/>\n<meta property=\"og:url\" content=\"https:\/\/blogit.gradia.fi\/yhtaloidenosaaminen\/verranto\/\" \/>\n<meta property=\"og:site_name\" content=\"Yht\u00e4l\u00f6iden osaaminen\" \/>\n<meta property=\"article:modified_time\" content=\"2021-03-20T17:12:36+00:00\" \/>\n<meta property=\"og:image\" content=\"https:\/\/blogit.gradia.fi\/yhtaloidenosaaminen\/wp-content\/uploads\/sites\/171\/2021\/03\/verr1.png\" \/>\n<meta name=\"twitter:card\" content=\"summary_large_image\" \/>\n<meta name=\"twitter:label1\" content=\"Arvioitu lukuaika\" \/>\n\t<meta name=\"twitter:data1\" content=\"3 minuuttia\" \/>\n<script type=\"application\/ld+json\" class=\"yoast-schema-graph\">{\"@context\":\"https:\\\/\\\/schema.org\",\"@graph\":[{\"@type\":\"WebPage\",\"@id\":\"https:\\\/\\\/blogit.gradia.fi\\\/yhtaloidenosaaminen\\\/verranto\\\/\",\"url\":\"https:\\\/\\\/blogit.gradia.fi\\\/yhtaloidenosaaminen\\\/verranto\\\/\",\"name\":\"Verranto - Yht\u00e4l\u00f6iden osaaminen\",\"isPartOf\":{\"@id\":\"https:\\\/\\\/blogit.gradia.fi\\\/yhtaloidenosaaminen\\\/#website\"},\"primaryImageOfPage\":{\"@id\":\"https:\\\/\\\/blogit.gradia.fi\\\/yhtaloidenosaaminen\\\/verranto\\\/#primaryimage\"},\"image\":{\"@id\":\"https:\\\/\\\/blogit.gradia.fi\\\/yhtaloidenosaaminen\\\/verranto\\\/#primaryimage\"},\"thumbnailUrl\":\"https:\\\/\\\/blogit.gradia.fi\\\/yhtaloidenosaaminen\\\/wp-content\\\/uploads\\\/sites\\\/171\\\/2021\\\/03\\\/verr1.png\",\"datePublished\":\"2021-03-20T16:20:36+00:00\",\"dateModified\":\"2021-03-20T17:12:36+00:00\",\"breadcrumb\":{\"@id\":\"https:\\\/\\\/blogit.gradia.fi\\\/yhtaloidenosaaminen\\\/verranto\\\/#breadcrumb\"},\"inLanguage\":\"fi\",\"potentialAction\":[{\"@type\":\"ReadAction\",\"target\":[\"https:\\\/\\\/blogit.gradia.fi\\\/yhtaloidenosaaminen\\\/verranto\\\/\"]}]},{\"@type\":\"ImageObject\",\"inLanguage\":\"fi\",\"@id\":\"https:\\\/\\\/blogit.gradia.fi\\\/yhtaloidenosaaminen\\\/verranto\\\/#primaryimage\",\"url\":\"https:\\\/\\\/blogit.gradia.fi\\\/yhtaloidenosaaminen\\\/wp-content\\\/uploads\\\/sites\\\/171\\\/2021\\\/03\\\/verr1.png\",\"contentUrl\":\"https:\\\/\\\/blogit.gradia.fi\\\/yhtaloidenosaaminen\\\/wp-content\\\/uploads\\\/sites\\\/171\\\/2021\\\/03\\\/verr1.png\",\"width\":287,\"height\":102},{\"@type\":\"BreadcrumbList\",\"@id\":\"https:\\\/\\\/blogit.gradia.fi\\\/yhtaloidenosaaminen\\\/verranto\\\/#breadcrumb\",\"itemListElement\":[{\"@type\":\"ListItem\",\"position\":1,\"name\":\"Home\",\"item\":\"https:\\\/\\\/blogit.gradia.fi\\\/yhtaloidenosaaminen\\\/\"},{\"@type\":\"ListItem\",\"position\":2,\"name\":\"Verranto\"}]},{\"@type\":\"WebSite\",\"@id\":\"https:\\\/\\\/blogit.gradia.fi\\\/yhtaloidenosaaminen\\\/#website\",\"url\":\"https:\\\/\\\/blogit.gradia.fi\\\/yhtaloidenosaaminen\\\/\",\"name\":\"Yht\u00e4l\u00f6iden osaaminen\",\"description\":\"Yhteiset opinnot\",\"potentialAction\":[{\"@type\":\"SearchAction\",\"target\":{\"@type\":\"EntryPoint\",\"urlTemplate\":\"https:\\\/\\\/blogit.gradia.fi\\\/yhtaloidenosaaminen\\\/?s={search_term_string}\"},\"query-input\":{\"@type\":\"PropertyValueSpecification\",\"valueRequired\":true,\"valueName\":\"search_term_string\"}}],\"inLanguage\":\"fi\"}]}<\/script>\n<!-- \/ Yoast SEO plugin. -->","yoast_head_json":{"title":"Verranto - Yht\u00e4l\u00f6iden osaaminen","robots":{"index":"index","follow":"follow","max-snippet":"max-snippet:-1","max-image-preview":"max-image-preview:large","max-video-preview":"max-video-preview:-1"},"canonical":"https:\/\/blogit.gradia.fi\/yhtaloidenosaaminen\/verranto\/","og_locale":"fi_FI","og_type":"article","og_title":"Verranto - Yht\u00e4l\u00f6iden osaaminen","og_description":"Teht\u00e4v\u00e4t Verrantoa voidaan k\u00e4ytt\u00e4\u00e4 monenlaisten ongelmien ratkaisussa: matkaan k\u00e4ytetty aika ja nopeus tavaran m\u00e4\u00e4r\u00e4 ja hinta verotettavan tulon ja veron m\u00e4\u00e4r\u00e4 ty\u00f6aika ja ty\u00f6palkka muuntajan j\u00e4nnite ja k\u00e4\u00e4min kierrosluku A) Esimerkkej\u00e4 verrannon ratkaisemisesta Ratkaise verrantomuotoiset yht\u00e4l\u00f6t. Esim. 1 &nbsp; &nbsp; Kerrotaan &#8221;ristiin&#8221; verrantoyht\u00e4l\u00f6n vasemmalta ylh\u00e4\u00e4lt\u00e4 ja oikealta alhaalta 21. Samoin 7 ja 6. &nbsp; &nbsp; &hellip; Jatka lukemista Verranto &rarr;","og_url":"https:\/\/blogit.gradia.fi\/yhtaloidenosaaminen\/verranto\/","og_site_name":"Yht\u00e4l\u00f6iden osaaminen","article_modified_time":"2021-03-20T17:12:36+00:00","og_image":[{"url":"https:\/\/blogit.gradia.fi\/yhtaloidenosaaminen\/wp-content\/uploads\/sites\/171\/2021\/03\/verr1.png","type":"","width":"","height":""}],"twitter_card":"summary_large_image","twitter_misc":{"Arvioitu lukuaika":"3 minuuttia"},"schema":{"@context":"https:\/\/schema.org","@graph":[{"@type":"WebPage","@id":"https:\/\/blogit.gradia.fi\/yhtaloidenosaaminen\/verranto\/","url":"https:\/\/blogit.gradia.fi\/yhtaloidenosaaminen\/verranto\/","name":"Verranto - Yht\u00e4l\u00f6iden osaaminen","isPartOf":{"@id":"https:\/\/blogit.gradia.fi\/yhtaloidenosaaminen\/#website"},"primaryImageOfPage":{"@id":"https:\/\/blogit.gradia.fi\/yhtaloidenosaaminen\/verranto\/#primaryimage"},"image":{"@id":"https:\/\/blogit.gradia.fi\/yhtaloidenosaaminen\/verranto\/#primaryimage"},"thumbnailUrl":"https:\/\/blogit.gradia.fi\/yhtaloidenosaaminen\/wp-content\/uploads\/sites\/171\/2021\/03\/verr1.png","datePublished":"2021-03-20T16:20:36+00:00","dateModified":"2021-03-20T17:12:36+00:00","breadcrumb":{"@id":"https:\/\/blogit.gradia.fi\/yhtaloidenosaaminen\/verranto\/#breadcrumb"},"inLanguage":"fi","potentialAction":[{"@type":"ReadAction","target":["https:\/\/blogit.gradia.fi\/yhtaloidenosaaminen\/verranto\/"]}]},{"@type":"ImageObject","inLanguage":"fi","@id":"https:\/\/blogit.gradia.fi\/yhtaloidenosaaminen\/verranto\/#primaryimage","url":"https:\/\/blogit.gradia.fi\/yhtaloidenosaaminen\/wp-content\/uploads\/sites\/171\/2021\/03\/verr1.png","contentUrl":"https:\/\/blogit.gradia.fi\/yhtaloidenosaaminen\/wp-content\/uploads\/sites\/171\/2021\/03\/verr1.png","width":287,"height":102},{"@type":"BreadcrumbList","@id":"https:\/\/blogit.gradia.fi\/yhtaloidenosaaminen\/verranto\/#breadcrumb","itemListElement":[{"@type":"ListItem","position":1,"name":"Home","item":"https:\/\/blogit.gradia.fi\/yhtaloidenosaaminen\/"},{"@type":"ListItem","position":2,"name":"Verranto"}]},{"@type":"WebSite","@id":"https:\/\/blogit.gradia.fi\/yhtaloidenosaaminen\/#website","url":"https:\/\/blogit.gradia.fi\/yhtaloidenosaaminen\/","name":"Yht\u00e4l\u00f6iden osaaminen","description":"Yhteiset opinnot","potentialAction":[{"@type":"SearchAction","target":{"@type":"EntryPoint","urlTemplate":"https:\/\/blogit.gradia.fi\/yhtaloidenosaaminen\/?s={search_term_string}"},"query-input":{"@type":"PropertyValueSpecification","valueRequired":true,"valueName":"search_term_string"}}],"inLanguage":"fi"}]}},"uagb_featured_image_src":{"full":false,"thumbnail":false,"medium":false,"medium_large":false,"large":false,"1536x1536":false,"2048x2048":false,"post-thumbnail":false},"uagb_author_info":{"display_name":"Hannu Tabell","author_link":"https:\/\/blogit.gradia.fi\/yhtaloidenosaaminen\/author\/htabell\/"},"uagb_comment_info":0,"uagb_excerpt":"Teht\u00e4v\u00e4t Verrantoa voidaan k\u00e4ytt\u00e4\u00e4 monenlaisten ongelmien ratkaisussa: matkaan k\u00e4ytetty aika ja nopeus tavaran m\u00e4\u00e4r\u00e4 ja hinta verotettavan tulon ja veron m\u00e4\u00e4r\u00e4 ty\u00f6aika ja ty\u00f6palkka muuntajan j\u00e4nnite ja k\u00e4\u00e4min kierrosluku A) Esimerkkej\u00e4 verrannon ratkaisemisesta Ratkaise verrantomuotoiset yht\u00e4l\u00f6t. Esim. 1 &nbsp; &nbsp; Kerrotaan &#8221;ristiin&#8221; verrantoyht\u00e4l\u00f6n vasemmalta ylh\u00e4\u00e4lt\u00e4 ja oikealta alhaalta 21. Samoin 7 ja 6. &nbsp; &nbsp;&hellip;","_links":{"self":[{"href":"https:\/\/blogit.gradia.fi\/yhtaloidenosaaminen\/wp-json\/wp\/v2\/pages\/86","targetHints":{"allow":["GET"]}}],"collection":[{"href":"https:\/\/blogit.gradia.fi\/yhtaloidenosaaminen\/wp-json\/wp\/v2\/pages"}],"about":[{"href":"https:\/\/blogit.gradia.fi\/yhtaloidenosaaminen\/wp-json\/wp\/v2\/types\/page"}],"author":[{"embeddable":true,"href":"https:\/\/blogit.gradia.fi\/yhtaloidenosaaminen\/wp-json\/wp\/v2\/users\/111"}],"replies":[{"embeddable":true,"href":"https:\/\/blogit.gradia.fi\/yhtaloidenosaaminen\/wp-json\/wp\/v2\/comments?post=86"}],"version-history":[{"count":14,"href":"https:\/\/blogit.gradia.fi\/yhtaloidenosaaminen\/wp-json\/wp\/v2\/pages\/86\/revisions"}],"predecessor-version":[{"id":118,"href":"https:\/\/blogit.gradia.fi\/yhtaloidenosaaminen\/wp-json\/wp\/v2\/pages\/86\/revisions\/118"}],"wp:attachment":[{"href":"https:\/\/blogit.gradia.fi\/yhtaloidenosaaminen\/wp-json\/wp\/v2\/media?parent=86"}],"curies":[{"name":"wp","href":"https:\/\/api.w.org\/{rel}","templated":true}]}}