{"id":120,"date":"2021-03-20T19:15:14","date_gmt":"2021-03-20T17:15:14","guid":{"rendered":"https:\/\/blogit.gradia.fi\/yhtaloidenosaaminen\/?page_id=120"},"modified":"2021-03-20T19:15:15","modified_gmt":"2021-03-20T17:15:15","slug":"yhtalot","status":"publish","type":"page","link":"https:\/\/blogit.gradia.fi\/yhtaloidenosaaminen\/yhtalot\/","title":{"rendered":"Yht\u00e4l\u00f6t"},"content":{"rendered":"\n<p>T\u00e4ss\u00e4 osaan kuuluvat<\/p>\n\n\n\n<ul class=\"wp-block-list\"><li>Tekij\u00e4yht\u00e4l\u00f6t<\/li><li>Ensimm\u00e4isen asteen yht\u00e4l\u00f6t (lineaarinen yht\u00e4l\u00f6)<\/li><li>Verranto<\/li><\/ul>\n","protected":false},"excerpt":{"rendered":"<p>T\u00e4ss\u00e4 osaan kuuluvat Tekij\u00e4yht\u00e4l\u00f6t Ensimm\u00e4isen asteen yht\u00e4l\u00f6t (lineaarinen yht\u00e4l\u00f6) Verranto<\/p>\n","protected":false},"author":111,"featured_media":0,"parent":0,"menu_order":0,"comment_status":"closed","ping_status":"closed","template":"","meta":{"_uag_custom_page_level_css":"","footnotes":""},"class_list":["post-120","page","type-page","status-publish","hentry"],"yoast_head":"<!-- This site is optimized with the Yoast SEO plugin v27.4 - https:\/\/yoast.com\/product\/yoast-seo-wordpress\/ -->\n<title>Yht\u00e4l\u00f6t - Yht\u00e4l\u00f6iden osaaminen<\/title>\n<meta name=\"robots\" content=\"index, follow, max-snippet:-1, max-image-preview:large, max-video-preview:-1\" \/>\n<link rel=\"canonical\" href=\"https:\/\/blogit.gradia.fi\/yhtaloidenosaaminen\/yhtalot\/\" \/>\n<meta property=\"og:locale\" content=\"fi_FI\" \/>\n<meta property=\"og:type\" content=\"article\" \/>\n<meta property=\"og:title\" content=\"Yht\u00e4l\u00f6t - Yht\u00e4l\u00f6iden osaaminen\" \/>\n<meta property=\"og:description\" content=\"T\u00e4ss\u00e4 osaan kuuluvat Tekij\u00e4yht\u00e4l\u00f6t Ensimm\u00e4isen asteen yht\u00e4l\u00f6t (lineaarinen yht\u00e4l\u00f6) Verranto\" \/>\n<meta property=\"og:url\" content=\"https:\/\/blogit.gradia.fi\/yhtaloidenosaaminen\/yhtalot\/\" \/>\n<meta property=\"og:site_name\" content=\"Yht\u00e4l\u00f6iden osaaminen\" \/>\n<meta property=\"article:modified_time\" content=\"2021-03-20T17:15:15+00:00\" \/>\n<meta name=\"twitter:card\" content=\"summary_large_image\" \/>\n<meta name=\"twitter:label1\" content=\"Arvioitu lukuaika\" \/>\n\t<meta name=\"twitter:data1\" content=\"1 minuutti\" \/>\n<script type=\"application\/ld+json\" class=\"yoast-schema-graph\">{\"@context\":\"https:\\\/\\\/schema.org\",\"@graph\":[{\"@type\":\"WebPage\",\"@id\":\"https:\\\/\\\/blogit.gradia.fi\\\/yhtaloidenosaaminen\\\/yhtalot\\\/\",\"url\":\"https:\\\/\\\/blogit.gradia.fi\\\/yhtaloidenosaaminen\\\/yhtalot\\\/\",\"name\":\"Yht\u00e4l\u00f6t - Yht\u00e4l\u00f6iden osaaminen\",\"isPartOf\":{\"@id\":\"https:\\\/\\\/blogit.gradia.fi\\\/yhtaloidenosaaminen\\\/#website\"},\"datePublished\":\"2021-03-20T17:15:14+00:00\",\"dateModified\":\"2021-03-20T17:15:15+00:00\",\"breadcrumb\":{\"@id\":\"https:\\\/\\\/blogit.gradia.fi\\\/yhtaloidenosaaminen\\\/yhtalot\\\/#breadcrumb\"},\"inLanguage\":\"fi\",\"potentialAction\":[{\"@type\":\"ReadAction\",\"target\":[\"https:\\\/\\\/blogit.gradia.fi\\\/yhtaloidenosaaminen\\\/yhtalot\\\/\"]}]},{\"@type\":\"BreadcrumbList\",\"@id\":\"https:\\\/\\\/blogit.gradia.fi\\\/yhtaloidenosaaminen\\\/yhtalot\\\/#breadcrumb\",\"itemListElement\":[{\"@type\":\"ListItem\",\"position\":1,\"name\":\"Home\",\"item\":\"https:\\\/\\\/blogit.gradia.fi\\\/yhtaloidenosaaminen\\\/\"},{\"@type\":\"ListItem\",\"position\":2,\"name\":\"Yht\u00e4l\u00f6t\"}]},{\"@type\":\"WebSite\",\"@id\":\"https:\\\/\\\/blogit.gradia.fi\\\/yhtaloidenosaaminen\\\/#website\",\"url\":\"https:\\\/\\\/blogit.gradia.fi\\\/yhtaloidenosaaminen\\\/\",\"name\":\"Yht\u00e4l\u00f6iden osaaminen\",\"description\":\"Yhteiset opinnot\",\"potentialAction\":[{\"@type\":\"SearchAction\",\"target\":{\"@type\":\"EntryPoint\",\"urlTemplate\":\"https:\\\/\\\/blogit.gradia.fi\\\/yhtaloidenosaaminen\\\/?s={search_term_string}\"},\"query-input\":{\"@type\":\"PropertyValueSpecification\",\"valueRequired\":true,\"valueName\":\"search_term_string\"}}],\"inLanguage\":\"fi\"}]}<\/script>\n<!-- \/ Yoast SEO plugin. -->","yoast_head_json":{"title":"Yht\u00e4l\u00f6t - Yht\u00e4l\u00f6iden osaaminen","robots":{"index":"index","follow":"follow","max-snippet":"max-snippet:-1","max-image-preview":"max-image-preview:large","max-video-preview":"max-video-preview:-1"},"canonical":"https:\/\/blogit.gradia.fi\/yhtaloidenosaaminen\/yhtalot\/","og_locale":"fi_FI","og_type":"article","og_title":"Yht\u00e4l\u00f6t - Yht\u00e4l\u00f6iden osaaminen","og_description":"T\u00e4ss\u00e4 osaan kuuluvat Tekij\u00e4yht\u00e4l\u00f6t Ensimm\u00e4isen asteen yht\u00e4l\u00f6t (lineaarinen yht\u00e4l\u00f6) Verranto","og_url":"https:\/\/blogit.gradia.fi\/yhtaloidenosaaminen\/yhtalot\/","og_site_name":"Yht\u00e4l\u00f6iden osaaminen","article_modified_time":"2021-03-20T17:15:15+00:00","twitter_card":"summary_large_image","twitter_misc":{"Arvioitu lukuaika":"1 minuutti"},"schema":{"@context":"https:\/\/schema.org","@graph":[{"@type":"WebPage","@id":"https:\/\/blogit.gradia.fi\/yhtaloidenosaaminen\/yhtalot\/","url":"https:\/\/blogit.gradia.fi\/yhtaloidenosaaminen\/yhtalot\/","name":"Yht\u00e4l\u00f6t - Yht\u00e4l\u00f6iden osaaminen","isPartOf":{"@id":"https:\/\/blogit.gradia.fi\/yhtaloidenosaaminen\/#website"},"datePublished":"2021-03-20T17:15:14+00:00","dateModified":"2021-03-20T17:15:15+00:00","breadcrumb":{"@id":"https:\/\/blogit.gradia.fi\/yhtaloidenosaaminen\/yhtalot\/#breadcrumb"},"inLanguage":"fi","potentialAction":[{"@type":"ReadAction","target":["https:\/\/blogit.gradia.fi\/yhtaloidenosaaminen\/yhtalot\/"]}]},{"@type":"BreadcrumbList","@id":"https:\/\/blogit.gradia.fi\/yhtaloidenosaaminen\/yhtalot\/#breadcrumb","itemListElement":[{"@type":"ListItem","position":1,"name":"Home","item":"https:\/\/blogit.gradia.fi\/yhtaloidenosaaminen\/"},{"@type":"ListItem","position":2,"name":"Yht\u00e4l\u00f6t"}]},{"@type":"WebSite","@id":"https:\/\/blogit.gradia.fi\/yhtaloidenosaaminen\/#website","url":"https:\/\/blogit.gradia.fi\/yhtaloidenosaaminen\/","name":"Yht\u00e4l\u00f6iden osaaminen","description":"Yhteiset opinnot","potentialAction":[{"@type":"SearchAction","target":{"@type":"EntryPoint","urlTemplate":"https:\/\/blogit.gradia.fi\/yhtaloidenosaaminen\/?s={search_term_string}"},"query-input":{"@type":"PropertyValueSpecification","valueRequired":true,"valueName":"search_term_string"}}],"inLanguage":"fi"}]}},"uagb_featured_image_src":{"full":false,"thumbnail":false,"medium":false,"medium_large":false,"large":false,"1536x1536":false,"2048x2048":false,"post-thumbnail":false},"uagb_author_info":{"display_name":"Hannu Tabell","author_link":"https:\/\/blogit.gradia.fi\/yhtaloidenosaaminen\/author\/htabell\/"},"uagb_comment_info":0,"uagb_excerpt":"T\u00e4ss\u00e4 osaan kuuluvat Tekij\u00e4yht\u00e4l\u00f6t Ensimm\u00e4isen asteen yht\u00e4l\u00f6t (lineaarinen yht\u00e4l\u00f6) Verranto","_links":{"self":[{"href":"https:\/\/blogit.gradia.fi\/yhtaloidenosaaminen\/wp-json\/wp\/v2\/pages\/120","targetHints":{"allow":["GET"]}}],"collection":[{"href":"https:\/\/blogit.gradia.fi\/yhtaloidenosaaminen\/wp-json\/wp\/v2\/pages"}],"about":[{"href":"https:\/\/blogit.gradia.fi\/yhtaloidenosaaminen\/wp-json\/wp\/v2\/types\/page"}],"author":[{"embeddable":true,"href":"https:\/\/blogit.gradia.fi\/yhtaloidenosaaminen\/wp-json\/wp\/v2\/users\/111"}],"replies":[{"embeddable":true,"href":"https:\/\/blogit.gradia.fi\/yhtaloidenosaaminen\/wp-json\/wp\/v2\/comments?post=120"}],"version-history":[{"count":1,"href":"https:\/\/blogit.gradia.fi\/yhtaloidenosaaminen\/wp-json\/wp\/v2\/pages\/120\/revisions"}],"predecessor-version":[{"id":121,"href":"https:\/\/blogit.gradia.fi\/yhtaloidenosaaminen\/wp-json\/wp\/v2\/pages\/120\/revisions\/121"}],"wp:attachment":[{"href":"https:\/\/blogit.gradia.fi\/yhtaloidenosaaminen\/wp-json\/wp\/v2\/media?parent=120"}],"curies":[{"name":"wp","href":"https:\/\/api.w.org\/{rel}","templated":true}]}}