{"id":12,"date":"2020-03-31T11:29:53","date_gmt":"2020-03-31T08:29:53","guid":{"rendered":"https:\/\/blogit.gradia.fi\/yhtaloidenosaaminen\/?page_id=12"},"modified":"2021-03-20T17:14:16","modified_gmt":"2021-03-20T15:14:16","slug":"tekijayhtalot","status":"publish","type":"page","link":"https:\/\/blogit.gradia.fi\/yhtaloidenosaaminen\/tekijayhtalot\/","title":{"rendered":"Tekij\u00e4yht\u00e4l\u00f6t"},"content":{"rendered":"\n<p><\/p>\n\n\n\n<p><a href=\"https:\/\/jaofi-my.sharepoint.com\/:b:\/g\/personal\/htabell_gradia_fi\/EVZqT7eFLfxHsPG3h3EVdmcBFr_7Mh3PgHwos6JLE2F3lQ?e=bLfdE7\" target=\"_blank\" rel=\"noreferrer noopener\">Teht\u00e4v\u00e4t<\/a><\/p>\n\n\n\n<p>Tekij\u00e4yht\u00e4l\u00f6ss\u00e4 on vain <strong>kerto<\/strong>&#8211; ja <strong>jakolaskuja<\/strong>.<\/p>\n\n\n\n<p><strong>Ratkaisus\u00e4\u00e4nn\u00f6t<\/strong>:<\/p>\n\n\n\n<ol class=\"wp-block-list\" type=\"1\"><li>Poista nimitt\u00e4j\u00e4t (jos niit\u00e4 on).<\/li><li>Poista tuntemattoman kerroin.<\/li><li>Sievenn\u00e4 yht\u00e4l\u00f6.<\/li><li>Tarkista ratkaisu.<\/li><\/ol>\n\n\n\n<h3 class=\"wp-block-heading\">Esimerkkej\u00e4<\/h3>\n\n\n\n<p><strong>Esim. 1<\/strong>  Ratkaise yht\u00e4l\u00f6 <img loading=\"lazy\" decoding=\"async\" src=\"https:\/\/blogit.gradia.fi\/yhtaloidenosaaminen\/wp-content\/ql-cache\/quicklatex.com-9311bb0d4e6f037cf28313786f0337b0_l3.png\" class=\"ql-img-inline-formula quicklatex-auto-format\" alt=\"&#92;&#32;&#53;&#120;&#61;&#49;&#53;\" title=\"Rendered by QuickLaTeX.com\" height=\"13\" width=\"60\" style=\"vertical-align: 0px;\"\/>.<\/p>\n\n\n\n<p><p class=\"ql-center-displayed-equation\" style=\"line-height: 84px;\"><span class=\"ql-right-eqno\"> &nbsp; <\/span><span class=\"ql-left-eqno\"> &nbsp; <\/span><img loading=\"lazy\" decoding=\"async\" src=\"https:\/\/blogit.gradia.fi\/yhtaloidenosaaminen\/wp-content\/ql-cache\/quicklatex.com-333d4ff8703228b94ae748be0233a27e_l3.png\" height=\"84\" width=\"98\" class=\"ql-img-displayed-equation quicklatex-auto-format\" alt=\"&#92;&#98;&#101;&#103;&#105;&#110;&#123;&#97;&#108;&#105;&#103;&#110;&#42;&#125;&#53;&#120;&#38;&#61;&#49;&#53;&#92;&#32;&#92;&#112;&#97;&#114;&#97;&#108;&#108;&#101;&#108;&#58;&#32;&#53;&#92;&#92;&#120;&#38;&#61;&#92;&#102;&#114;&#97;&#99;&#123;&#49;&#53;&#125;&#123;&#53;&#125;&#92;&#92;&#120;&#38;&#61;&#51;&#92;&#101;&#110;&#100;&#123;&#97;&#108;&#105;&#103;&#110;&#42;&#125;\" title=\"Rendered by QuickLaTeX.com\"\/><\/p><\/p>\n\n\n\n<p><strong>Tarkistus<\/strong>: Sijoitetaan <img loading=\"lazy\" decoding=\"async\" src=\"https:\/\/blogit.gradia.fi\/yhtaloidenosaaminen\/wp-content\/ql-cache\/quicklatex.com-ea85b71d15d223ee812acda29033f693_l3.png\" class=\"ql-img-inline-formula quicklatex-auto-format\" alt=\"&#92;&#32;&#120;&#61;&#51;\" title=\"Rendered by QuickLaTeX.com\" height=\"12\" width=\"43\" style=\"vertical-align: 0px;\"\/> alkuper\u00e4iseen yht\u00e4l\u00f6\u00f6n, jolloin saadaan <img loading=\"lazy\" decoding=\"async\" src=\"https:\/\/blogit.gradia.fi\/yhtaloidenosaaminen\/wp-content\/ql-cache\/quicklatex.com-fa5731b86d011c8e3ee801448a2bd865_l3.png\" class=\"ql-img-inline-formula quicklatex-auto-format\" alt=\"&#53;&#32;&#92;&#99;&#100;&#111;&#116;&#32;&#51;&#32;&#61;&#32;&#49;&#53;\" title=\"Rendered by QuickLaTeX.com\" height=\"13\" width=\"71\" style=\"vertical-align: 0px;\"\/>.<\/p>\n\n\n\n<p><strong>Esim. 2<\/strong>  Ratkaise yht\u00e4l\u00f6 <img loading=\"lazy\" decoding=\"async\" src=\"https:\/\/blogit.gradia.fi\/yhtaloidenosaaminen\/wp-content\/ql-cache\/quicklatex.com-efb1374929a0ddbdcc2caa1f1791fea3_l3.png\" class=\"ql-img-inline-formula quicklatex-auto-format\" alt=\"&#92;&#32;&#49;&#49;&#53;&#61;&#50;&#51;&#120;\" title=\"Rendered by QuickLaTeX.com\" height=\"13\" width=\"77\" style=\"vertical-align: 0px;\"\/>.<\/p>\n\n\n\n<p><p class=\"ql-center-displayed-equation\" style=\"line-height: 110px;\"><span class=\"ql-right-eqno\"> &nbsp; <\/span><span class=\"ql-left-eqno\"> &nbsp; <\/span><img loading=\"lazy\" decoding=\"async\" src=\"https:\/\/blogit.gradia.fi\/yhtaloidenosaaminen\/wp-content\/ql-cache\/quicklatex.com-7441ad477f3c777cb8f751c841f3ad0f_l3.png\" height=\"110\" width=\"80\" class=\"ql-img-displayed-equation quicklatex-auto-format\" alt=\"&#92;&#98;&#101;&#103;&#105;&#110;&#123;&#97;&#108;&#105;&#103;&#110;&#42;&#125;&#49;&#49;&#53;&#38;&#61;&#50;&#51;&#120;&#92;&#92;&#50;&#51;&#120;&#38;&#61;&#49;&#49;&#53;&#92;&#92;&#120;&#38;&#61;&#92;&#102;&#114;&#97;&#99;&#123;&#49;&#49;&#53;&#125;&#123;&#50;&#51;&#125;&#92;&#92;&#120;&#38;&#61;&#50;&#51;&#92;&#101;&#110;&#100;&#123;&#97;&#108;&#105;&#103;&#110;&#42;&#125;\" title=\"Rendered by QuickLaTeX.com\"\/><\/p><\/p>\n\n\n\n<p><strong>Esim. 3<\/strong>  Ratkaise yht\u00e4l\u00f6 <img loading=\"lazy\" decoding=\"async\" src=\"https:\/\/blogit.gradia.fi\/yhtaloidenosaaminen\/wp-content\/ql-cache\/quicklatex.com-712f3f9b7e71de7f0822829530b8d946_l3.png\" class=\"ql-img-inline-formula quicklatex-auto-format\" alt=\"&#92;&#32;&#92;&#100;&#102;&#114;&#97;&#99;&#123;&#50;&#53;&#125;&#123;&#120;&#125;&#61;&#49;&#50;&#123;&#44;&#125;&#53;\" title=\"Rendered by QuickLaTeX.com\" height=\"37\" width=\"74\" style=\"vertical-align: -12px;\"\/>.<\/p>\n\n\n\n<p><p class=\"ql-center-displayed-equation\" style=\"line-height: 202px;\"><span class=\"ql-right-eqno\"> &nbsp; <\/span><span class=\"ql-left-eqno\"> &nbsp; <\/span><img loading=\"lazy\" decoding=\"async\" src=\"https:\/\/blogit.gradia.fi\/yhtaloidenosaaminen\/wp-content\/ql-cache\/quicklatex.com-c4e8f2ef20b5add53bd9e4978dc74ae3_l3.png\" height=\"202\" width=\"155\" class=\"ql-img-displayed-equation quicklatex-auto-format\" alt=\"&#92;&#98;&#101;&#103;&#105;&#110;&#123;&#97;&#108;&#105;&#103;&#110;&#42;&#125;&#92;&#100;&#102;&#114;&#97;&#99;&#123;&#50;&#53;&#125;&#123;&#120;&#125;&#38;&#61;&#49;&#50;&#123;&#44;&#125;&#53;&#92;&#32;&#92;&#112;&#97;&#114;&#97;&#108;&#108;&#101;&#108;&#32;&#92;&#99;&#100;&#111;&#116;&#32;&#120;&#92;&#92;&#120;&#32;&#92;&#99;&#100;&#111;&#116;&#92;&#100;&#102;&#114;&#97;&#99;&#123;&#50;&#53;&#125;&#123;&#120;&#125;&#38;&#61;&#120;&#32;&#92;&#99;&#100;&#111;&#116;&#49;&#50;&#123;&#44;&#125;&#53;&#92;&#92;&#50;&#53;&#38;&#61;&#49;&#50;&#123;&#44;&#125;&#53;&#32;&#92;&#99;&#100;&#111;&#116;&#32;&#120;&#32;&#92;&#92;&#49;&#50;&#123;&#44;&#125;&#53;&#32;&#92;&#99;&#100;&#111;&#116;&#32;&#120;&#32;&#38;&#61;&#50;&#53;&#92;&#32;&#92;&#112;&#97;&#114;&#97;&#108;&#108;&#101;&#108;&#32;&#58;&#49;&#50;&#123;&#44;&#125;&#53;&#92;&#92;&#120;&#32;&#38;&#61;&#32;&#92;&#102;&#114;&#97;&#99;&#123;&#50;&#53;&#125;&#123;&#49;&#50;&#123;&#44;&#125;&#53;&#125;&#92;&#92;&#120;&#32;&#38;&#61;&#32;&#50;&#92;&#101;&#110;&#100;&#123;&#97;&#108;&#105;&#103;&#110;&#42;&#125;\" title=\"Rendered by QuickLaTeX.com\"\/><\/p><\/p>\n\n\n\n<p><strong>Esim. 4<\/strong>  Ratkaise yht\u00e4l\u00f6 <img loading=\"lazy\" decoding=\"async\" src=\"https:\/\/blogit.gradia.fi\/yhtaloidenosaaminen\/wp-content\/ql-cache\/quicklatex.com-cef58fcdca1e0aebd8daacc5643d744d_l3.png\" class=\"ql-img-inline-formula quicklatex-auto-format\" alt=\"&#92;&#32;&#92;&#100;&#102;&#114;&#97;&#99;&#123;&#50;&#120;&#125;&#123;&#52;&#125;&#61;&#51;\" title=\"Rendered by QuickLaTeX.com\" height=\"36\" width=\"53\" style=\"vertical-align: -12px;\"\/>.<\/p>\n\n\n\n<p><p class=\"ql-center-displayed-equation\" style=\"line-height: 182px;\"><span class=\"ql-right-eqno\"> &nbsp; <\/span><span class=\"ql-left-eqno\"> &nbsp; <\/span><img loading=\"lazy\" decoding=\"async\" src=\"https:\/\/blogit.gradia.fi\/yhtaloidenosaaminen\/wp-content\/ql-cache\/quicklatex.com-53052aa1dac2aba3ed114f5ae2de9b5b_l3.png\" height=\"182\" width=\"111\" class=\"ql-img-displayed-equation quicklatex-auto-format\" alt=\"&#92;&#98;&#101;&#103;&#105;&#110;&#123;&#97;&#108;&#105;&#103;&#110;&#42;&#125;&#92;&#100;&#102;&#114;&#97;&#99;&#123;&#50;&#120;&#125;&#123;&#52;&#125;&#38;&#61;&#51;&#92;&#32;&#92;&#112;&#97;&#114;&#97;&#108;&#108;&#101;&#108;&#32;&#92;&#99;&#100;&#111;&#116;&#32;&#52;&#92;&#92;&#50;&#32;&#92;&#99;&#100;&#111;&#116;&#32;&#120;&#38;&#61;&#52;&#32;&#92;&#99;&#100;&#111;&#116;&#32;&#51;&#92;&#92;&#50;&#120;&#32;&#38;&#61;&#32;&#49;&#50;&#92;&#32;&#92;&#112;&#97;&#114;&#97;&#108;&#108;&#101;&#108;&#32;&#58;&#50;&#92;&#92;&#92;&#92;&#120;&#32;&#38;&#61;&#32;&#92;&#102;&#114;&#97;&#99;&#123;&#49;&#50;&#125;&#123;&#50;&#125;&#92;&#92;&#120;&#32;&#38;&#61;&#32;&#54;&#92;&#101;&#110;&#100;&#123;&#97;&#108;&#105;&#103;&#110;&#42;&#125;\" title=\"Rendered by QuickLaTeX.com\"\/><\/p><\/p>\n\n\n\n<p><strong>Esim. 5<\/strong> Kirjoita yht\u00e4l\u00f6 ja ratkaise. <br>Kuinka monta litraa polttoainetta saadaan 20,00 eurolla, kun litrahinta on 1,45 \u20ac?<\/p>\n\n\n\n<p>Merkit\u00e4\u00e4n polttoaineen m\u00e4\u00e4r\u00e4\u00e4 <img loading=\"lazy\" decoding=\"async\" src=\"https:\/\/blogit.gradia.fi\/yhtaloidenosaaminen\/wp-content\/ql-cache\/quicklatex.com-edf6d5462aa989d30da6f7f7d6e93e0f_l3.png\" class=\"ql-img-inline-formula quicklatex-auto-format\" alt=\"&#120;\" title=\"Rendered by QuickLaTeX.com\" height=\"8\" width=\"10\" style=\"vertical-align: 0px;\"\/> (l).<\/p>\n\n\n\n<p>Saadaan yht\u00e4l\u00f6, josta ratkaistaan <img loading=\"lazy\" decoding=\"async\" src=\"https:\/\/blogit.gradia.fi\/yhtaloidenosaaminen\/wp-content\/ql-cache\/quicklatex.com-edf6d5462aa989d30da6f7f7d6e93e0f_l3.png\" class=\"ql-img-inline-formula quicklatex-auto-format\" alt=\"&#120;\" title=\"Rendered by QuickLaTeX.com\" height=\"8\" width=\"10\" style=\"vertical-align: 0px;\"\/>:<br><p class=\"ql-center-displayed-equation\" style=\"line-height: 118px;\"><span class=\"ql-right-eqno\"> &nbsp; <\/span><span class=\"ql-left-eqno\"> &nbsp; <\/span><img loading=\"lazy\" decoding=\"async\" src=\"https:\/\/blogit.gradia.fi\/yhtaloidenosaaminen\/wp-content\/ql-cache\/quicklatex.com-1019277c153f3212e61521786639ec34_l3.png\" height=\"118\" width=\"157\" class=\"ql-img-displayed-equation quicklatex-auto-format\" alt=\"&#92;&#98;&#101;&#103;&#105;&#110;&#123;&#97;&#108;&#105;&#103;&#110;&#42;&#125;&#120;&#32;&#92;&#99;&#100;&#111;&#116;&#32;&#49;&#123;&#44;&#125;&#52;&#53;&#32;&#38;&#61;&#32;&#50;&#48;&#92;&#32;&#92;&#112;&#97;&#114;&#97;&#108;&#108;&#101;&#108;&#32;&#58;&#32;&#49;&#123;&#44;&#125;&#52;&#53;&#92;&#92;&#120;&#32;&#38;&#61;&#32;&#92;&#102;&#114;&#97;&#99;&#123;&#50;&#48;&#125;&#123;&#49;&#123;&#44;&#125;&#52;&#53;&#125;&#92;&#92;&#120;&#32;&#38;&#61;&#32;&#49;&#51;&#123;&#44;&#125;&#55;&#57;&#51;&#32;&#92;&#108;&#100;&#111;&#116;&#115;&#32;&#92;&#92;&#120;&#32;&#38;&#92;&#97;&#112;&#112;&#114;&#111;&#120;&#32;&#49;&#51;&#123;&#44;&#125;&#56;&#92;&#101;&#110;&#100;&#123;&#97;&#108;&#105;&#103;&#110;&#42;&#125;\" title=\"Rendered by QuickLaTeX.com\"\/><\/p><\/p>\n\n\n\n<p><strong>Vastaus<\/strong>: Polttoainetta saadaan 13,8 litraa.<\/p>\n","protected":false},"excerpt":{"rendered":"<p>Teht\u00e4v\u00e4t Tekij\u00e4yht\u00e4l\u00f6ss\u00e4 on vain kerto&#8211; ja jakolaskuja. Ratkaisus\u00e4\u00e4nn\u00f6t: Poista nimitt\u00e4j\u00e4t (jos niit\u00e4 on). Poista tuntemattoman kerroin. Sievenn\u00e4 yht\u00e4l\u00f6. Tarkista ratkaisu. Esimerkkej\u00e4 Esim. 1 Ratkaise yht\u00e4l\u00f6 . &nbsp; &nbsp; Tarkistus: Sijoitetaan alkuper\u00e4iseen yht\u00e4l\u00f6\u00f6n, jolloin saadaan . Esim. 2 Ratkaise yht\u00e4l\u00f6 . &nbsp; &nbsp; Esim. 3 Ratkaise yht\u00e4l\u00f6 . &nbsp; &nbsp; Esim. 4 Ratkaise yht\u00e4l\u00f6 . &nbsp; &hellip; <a href=\"https:\/\/blogit.gradia.fi\/yhtaloidenosaaminen\/tekijayhtalot\/\" class=\"more-link\">Jatka lukemista <span class=\"screen-reader-text\">Tekij\u00e4yht\u00e4l\u00f6t<\/span> <span class=\"meta-nav\">&rarr;<\/span><\/a><\/p>\n","protected":false},"author":111,"featured_media":0,"parent":0,"menu_order":0,"comment_status":"closed","ping_status":"closed","template":"","meta":{"_uag_custom_page_level_css":"","footnotes":""},"class_list":["post-12","page","type-page","status-publish","hentry"],"yoast_head":"<!-- This site is optimized with the Yoast SEO plugin v27.4 - https:\/\/yoast.com\/product\/yoast-seo-wordpress\/ -->\n<title>Tekij\u00e4yht\u00e4l\u00f6t - Yht\u00e4l\u00f6iden osaaminen<\/title>\n<meta name=\"robots\" content=\"index, follow, max-snippet:-1, max-image-preview:large, max-video-preview:-1\" \/>\n<link rel=\"canonical\" href=\"https:\/\/blogit.gradia.fi\/yhtaloidenosaaminen\/tekijayhtalot\/\" \/>\n<meta property=\"og:locale\" content=\"fi_FI\" \/>\n<meta property=\"og:type\" content=\"article\" \/>\n<meta property=\"og:title\" content=\"Tekij\u00e4yht\u00e4l\u00f6t - Yht\u00e4l\u00f6iden osaaminen\" \/>\n<meta property=\"og:description\" content=\"Teht\u00e4v\u00e4t Tekij\u00e4yht\u00e4l\u00f6ss\u00e4 on vain kerto&#8211; ja jakolaskuja. Ratkaisus\u00e4\u00e4nn\u00f6t: Poista nimitt\u00e4j\u00e4t (jos niit\u00e4 on). Poista tuntemattoman kerroin. Sievenn\u00e4 yht\u00e4l\u00f6. Tarkista ratkaisu. Esimerkkej\u00e4 Esim. 1 Ratkaise yht\u00e4l\u00f6 . &nbsp; &nbsp; Tarkistus: Sijoitetaan alkuper\u00e4iseen yht\u00e4l\u00f6\u00f6n, jolloin saadaan . Esim. 2 Ratkaise yht\u00e4l\u00f6 . &nbsp; &nbsp; Esim. 3 Ratkaise yht\u00e4l\u00f6 . &nbsp; &nbsp; Esim. 4 Ratkaise yht\u00e4l\u00f6 . &nbsp; &hellip; Jatka lukemista Tekij\u00e4yht\u00e4l\u00f6t &rarr;\" \/>\n<meta property=\"og:url\" content=\"https:\/\/blogit.gradia.fi\/yhtaloidenosaaminen\/tekijayhtalot\/\" \/>\n<meta property=\"og:site_name\" content=\"Yht\u00e4l\u00f6iden osaaminen\" \/>\n<meta property=\"article:modified_time\" content=\"2021-03-20T15:14:16+00:00\" \/>\n<meta name=\"twitter:card\" content=\"summary_large_image\" \/>\n<meta name=\"twitter:label1\" content=\"Arvioitu lukuaika\" \/>\n\t<meta name=\"twitter:data1\" content=\"1 minuutti\" \/>\n<script type=\"application\/ld+json\" class=\"yoast-schema-graph\">{\"@context\":\"https:\\\/\\\/schema.org\",\"@graph\":[{\"@type\":\"WebPage\",\"@id\":\"https:\\\/\\\/blogit.gradia.fi\\\/yhtaloidenosaaminen\\\/tekijayhtalot\\\/\",\"url\":\"https:\\\/\\\/blogit.gradia.fi\\\/yhtaloidenosaaminen\\\/tekijayhtalot\\\/\",\"name\":\"Tekij\u00e4yht\u00e4l\u00f6t - Yht\u00e4l\u00f6iden osaaminen\",\"isPartOf\":{\"@id\":\"https:\\\/\\\/blogit.gradia.fi\\\/yhtaloidenosaaminen\\\/#website\"},\"datePublished\":\"2020-03-31T08:29:53+00:00\",\"dateModified\":\"2021-03-20T15:14:16+00:00\",\"breadcrumb\":{\"@id\":\"https:\\\/\\\/blogit.gradia.fi\\\/yhtaloidenosaaminen\\\/tekijayhtalot\\\/#breadcrumb\"},\"inLanguage\":\"fi\",\"potentialAction\":[{\"@type\":\"ReadAction\",\"target\":[\"https:\\\/\\\/blogit.gradia.fi\\\/yhtaloidenosaaminen\\\/tekijayhtalot\\\/\"]}]},{\"@type\":\"BreadcrumbList\",\"@id\":\"https:\\\/\\\/blogit.gradia.fi\\\/yhtaloidenosaaminen\\\/tekijayhtalot\\\/#breadcrumb\",\"itemListElement\":[{\"@type\":\"ListItem\",\"position\":1,\"name\":\"Home\",\"item\":\"https:\\\/\\\/blogit.gradia.fi\\\/yhtaloidenosaaminen\\\/\"},{\"@type\":\"ListItem\",\"position\":2,\"name\":\"Tekij\u00e4yht\u00e4l\u00f6t\"}]},{\"@type\":\"WebSite\",\"@id\":\"https:\\\/\\\/blogit.gradia.fi\\\/yhtaloidenosaaminen\\\/#website\",\"url\":\"https:\\\/\\\/blogit.gradia.fi\\\/yhtaloidenosaaminen\\\/\",\"name\":\"Yht\u00e4l\u00f6iden osaaminen\",\"description\":\"Yhteiset opinnot\",\"potentialAction\":[{\"@type\":\"SearchAction\",\"target\":{\"@type\":\"EntryPoint\",\"urlTemplate\":\"https:\\\/\\\/blogit.gradia.fi\\\/yhtaloidenosaaminen\\\/?s={search_term_string}\"},\"query-input\":{\"@type\":\"PropertyValueSpecification\",\"valueRequired\":true,\"valueName\":\"search_term_string\"}}],\"inLanguage\":\"fi\"}]}<\/script>\n<!-- \/ Yoast SEO plugin. -->","yoast_head_json":{"title":"Tekij\u00e4yht\u00e4l\u00f6t - Yht\u00e4l\u00f6iden osaaminen","robots":{"index":"index","follow":"follow","max-snippet":"max-snippet:-1","max-image-preview":"max-image-preview:large","max-video-preview":"max-video-preview:-1"},"canonical":"https:\/\/blogit.gradia.fi\/yhtaloidenosaaminen\/tekijayhtalot\/","og_locale":"fi_FI","og_type":"article","og_title":"Tekij\u00e4yht\u00e4l\u00f6t - Yht\u00e4l\u00f6iden osaaminen","og_description":"Teht\u00e4v\u00e4t Tekij\u00e4yht\u00e4l\u00f6ss\u00e4 on vain kerto&#8211; ja jakolaskuja. Ratkaisus\u00e4\u00e4nn\u00f6t: Poista nimitt\u00e4j\u00e4t (jos niit\u00e4 on). Poista tuntemattoman kerroin. Sievenn\u00e4 yht\u00e4l\u00f6. Tarkista ratkaisu. Esimerkkej\u00e4 Esim. 1 Ratkaise yht\u00e4l\u00f6 . &nbsp; &nbsp; Tarkistus: Sijoitetaan alkuper\u00e4iseen yht\u00e4l\u00f6\u00f6n, jolloin saadaan . Esim. 2 Ratkaise yht\u00e4l\u00f6 . &nbsp; &nbsp; Esim. 3 Ratkaise yht\u00e4l\u00f6 . &nbsp; &nbsp; Esim. 4 Ratkaise yht\u00e4l\u00f6 . &nbsp; &hellip; Jatka lukemista Tekij\u00e4yht\u00e4l\u00f6t &rarr;","og_url":"https:\/\/blogit.gradia.fi\/yhtaloidenosaaminen\/tekijayhtalot\/","og_site_name":"Yht\u00e4l\u00f6iden osaaminen","article_modified_time":"2021-03-20T15:14:16+00:00","twitter_card":"summary_large_image","twitter_misc":{"Arvioitu lukuaika":"1 minuutti"},"schema":{"@context":"https:\/\/schema.org","@graph":[{"@type":"WebPage","@id":"https:\/\/blogit.gradia.fi\/yhtaloidenosaaminen\/tekijayhtalot\/","url":"https:\/\/blogit.gradia.fi\/yhtaloidenosaaminen\/tekijayhtalot\/","name":"Tekij\u00e4yht\u00e4l\u00f6t - Yht\u00e4l\u00f6iden osaaminen","isPartOf":{"@id":"https:\/\/blogit.gradia.fi\/yhtaloidenosaaminen\/#website"},"datePublished":"2020-03-31T08:29:53+00:00","dateModified":"2021-03-20T15:14:16+00:00","breadcrumb":{"@id":"https:\/\/blogit.gradia.fi\/yhtaloidenosaaminen\/tekijayhtalot\/#breadcrumb"},"inLanguage":"fi","potentialAction":[{"@type":"ReadAction","target":["https:\/\/blogit.gradia.fi\/yhtaloidenosaaminen\/tekijayhtalot\/"]}]},{"@type":"BreadcrumbList","@id":"https:\/\/blogit.gradia.fi\/yhtaloidenosaaminen\/tekijayhtalot\/#breadcrumb","itemListElement":[{"@type":"ListItem","position":1,"name":"Home","item":"https:\/\/blogit.gradia.fi\/yhtaloidenosaaminen\/"},{"@type":"ListItem","position":2,"name":"Tekij\u00e4yht\u00e4l\u00f6t"}]},{"@type":"WebSite","@id":"https:\/\/blogit.gradia.fi\/yhtaloidenosaaminen\/#website","url":"https:\/\/blogit.gradia.fi\/yhtaloidenosaaminen\/","name":"Yht\u00e4l\u00f6iden osaaminen","description":"Yhteiset opinnot","potentialAction":[{"@type":"SearchAction","target":{"@type":"EntryPoint","urlTemplate":"https:\/\/blogit.gradia.fi\/yhtaloidenosaaminen\/?s={search_term_string}"},"query-input":{"@type":"PropertyValueSpecification","valueRequired":true,"valueName":"search_term_string"}}],"inLanguage":"fi"}]}},"uagb_featured_image_src":{"full":false,"thumbnail":false,"medium":false,"medium_large":false,"large":false,"1536x1536":false,"2048x2048":false,"post-thumbnail":false},"uagb_author_info":{"display_name":"Hannu Tabell","author_link":"https:\/\/blogit.gradia.fi\/yhtaloidenosaaminen\/author\/htabell\/"},"uagb_comment_info":0,"uagb_excerpt":"Teht\u00e4v\u00e4t Tekij\u00e4yht\u00e4l\u00f6ss\u00e4 on vain kerto&#8211; ja jakolaskuja. Ratkaisus\u00e4\u00e4nn\u00f6t: Poista nimitt\u00e4j\u00e4t (jos niit\u00e4 on). Poista tuntemattoman kerroin. Sievenn\u00e4 yht\u00e4l\u00f6. Tarkista ratkaisu. Esimerkkej\u00e4 Esim. 1 Ratkaise yht\u00e4l\u00f6 . &nbsp; &nbsp; Tarkistus: Sijoitetaan alkuper\u00e4iseen yht\u00e4l\u00f6\u00f6n, jolloin saadaan . Esim. 2 Ratkaise yht\u00e4l\u00f6 . &nbsp; &nbsp; Esim. 3 Ratkaise yht\u00e4l\u00f6 . &nbsp; &nbsp; Esim. 4 Ratkaise yht\u00e4l\u00f6 . &nbsp;&hellip;","_links":{"self":[{"href":"https:\/\/blogit.gradia.fi\/yhtaloidenosaaminen\/wp-json\/wp\/v2\/pages\/12","targetHints":{"allow":["GET"]}}],"collection":[{"href":"https:\/\/blogit.gradia.fi\/yhtaloidenosaaminen\/wp-json\/wp\/v2\/pages"}],"about":[{"href":"https:\/\/blogit.gradia.fi\/yhtaloidenosaaminen\/wp-json\/wp\/v2\/types\/page"}],"author":[{"embeddable":true,"href":"https:\/\/blogit.gradia.fi\/yhtaloidenosaaminen\/wp-json\/wp\/v2\/users\/111"}],"replies":[{"embeddable":true,"href":"https:\/\/blogit.gradia.fi\/yhtaloidenosaaminen\/wp-json\/wp\/v2\/comments?post=12"}],"version-history":[{"count":15,"href":"https:\/\/blogit.gradia.fi\/yhtaloidenosaaminen\/wp-json\/wp\/v2\/pages\/12\/revisions"}],"predecessor-version":[{"id":59,"href":"https:\/\/blogit.gradia.fi\/yhtaloidenosaaminen\/wp-json\/wp\/v2\/pages\/12\/revisions\/59"}],"wp:attachment":[{"href":"https:\/\/blogit.gradia.fi\/yhtaloidenosaaminen\/wp-json\/wp\/v2\/media?parent=12"}],"curies":[{"name":"wp","href":"https:\/\/api.w.org\/{rel}","templated":true}]}}