{"id":10,"date":"2020-03-31T11:29:41","date_gmt":"2020-03-31T08:29:41","guid":{"rendered":"https:\/\/blogit.gradia.fi\/yhtaloidenosaaminen\/?page_id=10"},"modified":"2021-03-20T19:13:33","modified_gmt":"2021-03-20T17:13:33","slug":"ops","status":"publish","type":"page","link":"https:\/\/blogit.gradia.fi\/yhtaloidenosaaminen\/ops\/","title":{"rendered":"OPS"},"content":{"rendered":"\n<h4 class=\"wp-block-heading\"> Opiskelija osaa <\/h4>\n\n\n\n<ul class=\"wp-block-list\"><li>k\u00e4ytt\u00e4\u00e4 loogista p\u00e4\u00e4ttelykyky\u00e4, yht\u00e4l\u00f6it\u00e4 ja tarvittavia <\/li><li>teknisi\u00e4 apuv\u00e4lineit\u00e4 matemaattisten ongelmien ratkaisemiseen<\/li><li>arvioida tulosten oikeellisuutta ja suuruusluokkaa sek\u00e4 <\/li><li>ratkaisumenetelm\u00e4\u00e4<\/li><li>arvioida oman alan matemaattista osaamistaan. <\/li><\/ul>\n\n\n\n<h4 class=\"wp-block-heading\">Sis\u00e4lt\u00f6<\/h4>\n\n\n\n<ul class=\"wp-block-list\"><li>Ty\u00f6el\u00e4m\u00e4n taulukoiden, piirroksien, tilastollisten aineistojen ja tunnuslukujen tulkitseminen ja p\u00e4\u00e4telmien tekeminen<\/li><li>Aineiston lukeminen, keskiarvo, moodi, mediaani<\/li><li>Yht\u00e4l\u00f6iden ja p\u00e4\u00e4ttelyn hy\u00f6dynt\u00e4minen matemaattisten ongelmien ratkaisemisessa<\/li><li>Verranto, tekij\u00e4yht\u00e4l\u00f6, lineaarinen yht\u00e4l\u00f6 (ensimm\u00e4isen asteen yht\u00e4l\u00f6)<\/li><li>Laskimen ja muiden matemaattisten apuv\u00e4lineiden k\u00e4ytt\u00e4minen, laskin, Excel. <\/li><\/ul>\n","protected":false},"excerpt":{"rendered":"<p>Opiskelija osaa k\u00e4ytt\u00e4\u00e4 loogista p\u00e4\u00e4ttelykyky\u00e4, yht\u00e4l\u00f6it\u00e4 ja tarvittavia teknisi\u00e4 apuv\u00e4lineit\u00e4 matemaattisten ongelmien ratkaisemiseen arvioida tulosten oikeellisuutta ja suuruusluokkaa sek\u00e4 ratkaisumenetelm\u00e4\u00e4 arvioida oman alan matemaattista osaamistaan. Sis\u00e4lt\u00f6 Ty\u00f6el\u00e4m\u00e4n taulukoiden, piirroksien, tilastollisten aineistojen ja tunnuslukujen tulkitseminen ja p\u00e4\u00e4telmien tekeminen Aineiston lukeminen, keskiarvo, moodi, mediaani Yht\u00e4l\u00f6iden ja p\u00e4\u00e4ttelyn hy\u00f6dynt\u00e4minen matemaattisten ongelmien ratkaisemisessa Verranto, tekij\u00e4yht\u00e4l\u00f6, lineaarinen yht\u00e4l\u00f6 (ensimm\u00e4isen asteen &hellip; <a href=\"https:\/\/blogit.gradia.fi\/yhtaloidenosaaminen\/ops\/\" class=\"more-link\">Jatka lukemista <span class=\"screen-reader-text\">OPS<\/span> <span class=\"meta-nav\">&rarr;<\/span><\/a><\/p>\n","protected":false},"author":111,"featured_media":0,"parent":0,"menu_order":0,"comment_status":"closed","ping_status":"closed","template":"","meta":{"_uag_custom_page_level_css":"","footnotes":""},"class_list":["post-10","page","type-page","status-publish","hentry"],"yoast_head":"<!-- This site is optimized with the Yoast SEO plugin v27.4 - https:\/\/yoast.com\/product\/yoast-seo-wordpress\/ -->\n<title>OPS - Yht\u00e4l\u00f6iden osaaminen<\/title>\n<meta name=\"robots\" content=\"index, follow, max-snippet:-1, max-image-preview:large, max-video-preview:-1\" \/>\n<link rel=\"canonical\" href=\"https:\/\/blogit.gradia.fi\/yhtaloidenosaaminen\/ops\/\" \/>\n<meta property=\"og:locale\" content=\"fi_FI\" \/>\n<meta property=\"og:type\" content=\"article\" \/>\n<meta property=\"og:title\" content=\"OPS - Yht\u00e4l\u00f6iden osaaminen\" \/>\n<meta property=\"og:description\" content=\"Opiskelija osaa k\u00e4ytt\u00e4\u00e4 loogista p\u00e4\u00e4ttelykyky\u00e4, yht\u00e4l\u00f6it\u00e4 ja tarvittavia teknisi\u00e4 apuv\u00e4lineit\u00e4 matemaattisten ongelmien ratkaisemiseen arvioida tulosten oikeellisuutta ja suuruusluokkaa sek\u00e4 ratkaisumenetelm\u00e4\u00e4 arvioida oman alan matemaattista osaamistaan. Sis\u00e4lt\u00f6 Ty\u00f6el\u00e4m\u00e4n taulukoiden, piirroksien, tilastollisten aineistojen ja tunnuslukujen tulkitseminen ja p\u00e4\u00e4telmien tekeminen Aineiston lukeminen, keskiarvo, moodi, mediaani Yht\u00e4l\u00f6iden ja p\u00e4\u00e4ttelyn hy\u00f6dynt\u00e4minen matemaattisten ongelmien ratkaisemisessa Verranto, tekij\u00e4yht\u00e4l\u00f6, lineaarinen yht\u00e4l\u00f6 (ensimm\u00e4isen asteen &hellip; Jatka lukemista OPS &rarr;\" \/>\n<meta property=\"og:url\" content=\"https:\/\/blogit.gradia.fi\/yhtaloidenosaaminen\/ops\/\" \/>\n<meta property=\"og:site_name\" content=\"Yht\u00e4l\u00f6iden osaaminen\" \/>\n<meta property=\"article:modified_time\" content=\"2021-03-20T17:13:33+00:00\" \/>\n<meta name=\"twitter:card\" content=\"summary_large_image\" \/>\n<meta name=\"twitter:label1\" content=\"Arvioitu lukuaika\" \/>\n\t<meta name=\"twitter:data1\" content=\"1 minuutti\" \/>\n<script type=\"application\/ld+json\" class=\"yoast-schema-graph\">{\"@context\":\"https:\\\/\\\/schema.org\",\"@graph\":[{\"@type\":\"WebPage\",\"@id\":\"https:\\\/\\\/blogit.gradia.fi\\\/yhtaloidenosaaminen\\\/ops\\\/\",\"url\":\"https:\\\/\\\/blogit.gradia.fi\\\/yhtaloidenosaaminen\\\/ops\\\/\",\"name\":\"OPS - Yht\u00e4l\u00f6iden osaaminen\",\"isPartOf\":{\"@id\":\"https:\\\/\\\/blogit.gradia.fi\\\/yhtaloidenosaaminen\\\/#website\"},\"datePublished\":\"2020-03-31T08:29:41+00:00\",\"dateModified\":\"2021-03-20T17:13:33+00:00\",\"breadcrumb\":{\"@id\":\"https:\\\/\\\/blogit.gradia.fi\\\/yhtaloidenosaaminen\\\/ops\\\/#breadcrumb\"},\"inLanguage\":\"fi\",\"potentialAction\":[{\"@type\":\"ReadAction\",\"target\":[\"https:\\\/\\\/blogit.gradia.fi\\\/yhtaloidenosaaminen\\\/ops\\\/\"]}]},{\"@type\":\"BreadcrumbList\",\"@id\":\"https:\\\/\\\/blogit.gradia.fi\\\/yhtaloidenosaaminen\\\/ops\\\/#breadcrumb\",\"itemListElement\":[{\"@type\":\"ListItem\",\"position\":1,\"name\":\"Home\",\"item\":\"https:\\\/\\\/blogit.gradia.fi\\\/yhtaloidenosaaminen\\\/\"},{\"@type\":\"ListItem\",\"position\":2,\"name\":\"OPS\"}]},{\"@type\":\"WebSite\",\"@id\":\"https:\\\/\\\/blogit.gradia.fi\\\/yhtaloidenosaaminen\\\/#website\",\"url\":\"https:\\\/\\\/blogit.gradia.fi\\\/yhtaloidenosaaminen\\\/\",\"name\":\"Yht\u00e4l\u00f6iden osaaminen\",\"description\":\"Yhteiset opinnot\",\"potentialAction\":[{\"@type\":\"SearchAction\",\"target\":{\"@type\":\"EntryPoint\",\"urlTemplate\":\"https:\\\/\\\/blogit.gradia.fi\\\/yhtaloidenosaaminen\\\/?s={search_term_string}\"},\"query-input\":{\"@type\":\"PropertyValueSpecification\",\"valueRequired\":true,\"valueName\":\"search_term_string\"}}],\"inLanguage\":\"fi\"}]}<\/script>\n<!-- \/ Yoast SEO plugin. -->","yoast_head_json":{"title":"OPS - Yht\u00e4l\u00f6iden osaaminen","robots":{"index":"index","follow":"follow","max-snippet":"max-snippet:-1","max-image-preview":"max-image-preview:large","max-video-preview":"max-video-preview:-1"},"canonical":"https:\/\/blogit.gradia.fi\/yhtaloidenosaaminen\/ops\/","og_locale":"fi_FI","og_type":"article","og_title":"OPS - Yht\u00e4l\u00f6iden osaaminen","og_description":"Opiskelija osaa k\u00e4ytt\u00e4\u00e4 loogista p\u00e4\u00e4ttelykyky\u00e4, yht\u00e4l\u00f6it\u00e4 ja tarvittavia teknisi\u00e4 apuv\u00e4lineit\u00e4 matemaattisten ongelmien ratkaisemiseen arvioida tulosten oikeellisuutta ja suuruusluokkaa sek\u00e4 ratkaisumenetelm\u00e4\u00e4 arvioida oman alan matemaattista osaamistaan. Sis\u00e4lt\u00f6 Ty\u00f6el\u00e4m\u00e4n taulukoiden, piirroksien, tilastollisten aineistojen ja tunnuslukujen tulkitseminen ja p\u00e4\u00e4telmien tekeminen Aineiston lukeminen, keskiarvo, moodi, mediaani Yht\u00e4l\u00f6iden ja p\u00e4\u00e4ttelyn hy\u00f6dynt\u00e4minen matemaattisten ongelmien ratkaisemisessa Verranto, tekij\u00e4yht\u00e4l\u00f6, lineaarinen yht\u00e4l\u00f6 (ensimm\u00e4isen asteen &hellip; Jatka lukemista OPS &rarr;","og_url":"https:\/\/blogit.gradia.fi\/yhtaloidenosaaminen\/ops\/","og_site_name":"Yht\u00e4l\u00f6iden osaaminen","article_modified_time":"2021-03-20T17:13:33+00:00","twitter_card":"summary_large_image","twitter_misc":{"Arvioitu lukuaika":"1 minuutti"},"schema":{"@context":"https:\/\/schema.org","@graph":[{"@type":"WebPage","@id":"https:\/\/blogit.gradia.fi\/yhtaloidenosaaminen\/ops\/","url":"https:\/\/blogit.gradia.fi\/yhtaloidenosaaminen\/ops\/","name":"OPS - Yht\u00e4l\u00f6iden osaaminen","isPartOf":{"@id":"https:\/\/blogit.gradia.fi\/yhtaloidenosaaminen\/#website"},"datePublished":"2020-03-31T08:29:41+00:00","dateModified":"2021-03-20T17:13:33+00:00","breadcrumb":{"@id":"https:\/\/blogit.gradia.fi\/yhtaloidenosaaminen\/ops\/#breadcrumb"},"inLanguage":"fi","potentialAction":[{"@type":"ReadAction","target":["https:\/\/blogit.gradia.fi\/yhtaloidenosaaminen\/ops\/"]}]},{"@type":"BreadcrumbList","@id":"https:\/\/blogit.gradia.fi\/yhtaloidenosaaminen\/ops\/#breadcrumb","itemListElement":[{"@type":"ListItem","position":1,"name":"Home","item":"https:\/\/blogit.gradia.fi\/yhtaloidenosaaminen\/"},{"@type":"ListItem","position":2,"name":"OPS"}]},{"@type":"WebSite","@id":"https:\/\/blogit.gradia.fi\/yhtaloidenosaaminen\/#website","url":"https:\/\/blogit.gradia.fi\/yhtaloidenosaaminen\/","name":"Yht\u00e4l\u00f6iden osaaminen","description":"Yhteiset opinnot","potentialAction":[{"@type":"SearchAction","target":{"@type":"EntryPoint","urlTemplate":"https:\/\/blogit.gradia.fi\/yhtaloidenosaaminen\/?s={search_term_string}"},"query-input":{"@type":"PropertyValueSpecification","valueRequired":true,"valueName":"search_term_string"}}],"inLanguage":"fi"}]}},"uagb_featured_image_src":{"full":false,"thumbnail":false,"medium":false,"medium_large":false,"large":false,"1536x1536":false,"2048x2048":false,"post-thumbnail":false},"uagb_author_info":{"display_name":"Hannu Tabell","author_link":"https:\/\/blogit.gradia.fi\/yhtaloidenosaaminen\/author\/htabell\/"},"uagb_comment_info":0,"uagb_excerpt":"Opiskelija osaa k\u00e4ytt\u00e4\u00e4 loogista p\u00e4\u00e4ttelykyky\u00e4, yht\u00e4l\u00f6it\u00e4 ja tarvittavia teknisi\u00e4 apuv\u00e4lineit\u00e4 matemaattisten ongelmien ratkaisemiseen arvioida tulosten oikeellisuutta ja suuruusluokkaa sek\u00e4 ratkaisumenetelm\u00e4\u00e4 arvioida oman alan matemaattista osaamistaan. Sis\u00e4lt\u00f6 Ty\u00f6el\u00e4m\u00e4n taulukoiden, piirroksien, tilastollisten aineistojen ja tunnuslukujen tulkitseminen ja p\u00e4\u00e4telmien tekeminen Aineiston lukeminen, keskiarvo, moodi, mediaani Yht\u00e4l\u00f6iden ja p\u00e4\u00e4ttelyn hy\u00f6dynt\u00e4minen matemaattisten ongelmien ratkaisemisessa Verranto, tekij\u00e4yht\u00e4l\u00f6, lineaarinen yht\u00e4l\u00f6 (ensimm\u00e4isen asteen&hellip;","_links":{"self":[{"href":"https:\/\/blogit.gradia.fi\/yhtaloidenosaaminen\/wp-json\/wp\/v2\/pages\/10","targetHints":{"allow":["GET"]}}],"collection":[{"href":"https:\/\/blogit.gradia.fi\/yhtaloidenosaaminen\/wp-json\/wp\/v2\/pages"}],"about":[{"href":"https:\/\/blogit.gradia.fi\/yhtaloidenosaaminen\/wp-json\/wp\/v2\/types\/page"}],"author":[{"embeddable":true,"href":"https:\/\/blogit.gradia.fi\/yhtaloidenosaaminen\/wp-json\/wp\/v2\/users\/111"}],"replies":[{"embeddable":true,"href":"https:\/\/blogit.gradia.fi\/yhtaloidenosaaminen\/wp-json\/wp\/v2\/comments?post=10"}],"version-history":[{"count":5,"href":"https:\/\/blogit.gradia.fi\/yhtaloidenosaaminen\/wp-json\/wp\/v2\/pages\/10\/revisions"}],"predecessor-version":[{"id":119,"href":"https:\/\/blogit.gradia.fi\/yhtaloidenosaaminen\/wp-json\/wp\/v2\/pages\/10\/revisions\/119"}],"wp:attachment":[{"href":"https:\/\/blogit.gradia.fi\/yhtaloidenosaaminen\/wp-json\/wp\/v2\/media?parent=10"}],"curies":[{"name":"wp","href":"https:\/\/api.w.org\/{rel}","templated":true}]}}