{"id":2,"date":"2018-01-19T15:37:59","date_gmt":"2018-01-19T13:37:59","guid":{"rendered":"https:\/\/blogit.gradia.fi\/yhdessaenemman\/?page_id=2"},"modified":"2018-02-16T13:04:30","modified_gmt":"2018-02-16T11:04:30","slug":"esimerkkisivu","status":"publish","type":"page","link":"https:\/\/blogit.gradia.fi\/yhdessaenemman\/esimerkkisivu\/","title":{"rendered":"Yhteystiedot"},"content":{"rendered":"<p>&nbsp;<\/p>\n<p><strong>YritysOnline<\/strong><br \/>\n040 341 5056<br \/>\n<a href=\"mailto:yrityksille@gradia.fi\">yrityksille@gradia.fi<\/a><\/p>\n","protected":false},"excerpt":{"rendered":"<p>&nbsp; YritysOnline 040 341 5056 yrityksille@gradia.fi<\/p>\n","protected":false},"author":109,"featured_media":0,"parent":0,"menu_order":0,"comment_status":"closed","ping_status":"open","template":"","meta":{"_uag_custom_page_level_css":"","footnotes":""},"class_list":["post-2","page","type-page","status-publish","hentry"],"yoast_head":"<!-- This site is optimized with the Yoast SEO plugin v27.5 - https:\/\/yoast.com\/product\/yoast-seo-wordpress\/ -->\n<title>Yhteystiedot - Yhdess\u00e4 enemm\u00e4n<\/title>\n<meta name=\"robots\" content=\"index, follow, max-snippet:-1, max-image-preview:large, max-video-preview:-1\" \/>\n<link rel=\"canonical\" href=\"https:\/\/blogit.gradia.fi\/yhdessaenemman\/esimerkkisivu\/\" \/>\n<meta property=\"og:locale\" content=\"fi_FI\" \/>\n<meta property=\"og:type\" content=\"article\" \/>\n<meta property=\"og:title\" content=\"Yhteystiedot - Yhdess\u00e4 enemm\u00e4n\" \/>\n<meta property=\"og:description\" content=\"&nbsp; YritysOnline 040 341 5056 yrityksille@gradia.fi\" \/>\n<meta property=\"og:url\" content=\"https:\/\/blogit.gradia.fi\/yhdessaenemman\/esimerkkisivu\/\" \/>\n<meta property=\"og:site_name\" content=\"Yhdess\u00e4 enemm\u00e4n\" \/>\n<meta property=\"article:modified_time\" content=\"2018-02-16T11:04:30+00:00\" \/>\n<meta name=\"twitter:card\" content=\"summary_large_image\" \/>\n<script type=\"application\/ld+json\" class=\"yoast-schema-graph\">{\"@context\":\"https:\\\/\\\/schema.org\",\"@graph\":[{\"@type\":\"WebPage\",\"@id\":\"https:\\\/\\\/blogit.gradia.fi\\\/yhdessaenemman\\\/esimerkkisivu\\\/\",\"url\":\"https:\\\/\\\/blogit.gradia.fi\\\/yhdessaenemman\\\/esimerkkisivu\\\/\",\"name\":\"Yhteystiedot - Yhdess\u00e4 enemm\u00e4n\",\"isPartOf\":{\"@id\":\"https:\\\/\\\/blogit.gradia.fi\\\/yhdessaenemman\\\/#website\"},\"datePublished\":\"2018-01-19T13:37:59+00:00\",\"dateModified\":\"2018-02-16T11:04:30+00:00\",\"breadcrumb\":{\"@id\":\"https:\\\/\\\/blogit.gradia.fi\\\/yhdessaenemman\\\/esimerkkisivu\\\/#breadcrumb\"},\"inLanguage\":\"fi\",\"potentialAction\":[{\"@type\":\"ReadAction\",\"target\":[\"https:\\\/\\\/blogit.gradia.fi\\\/yhdessaenemman\\\/esimerkkisivu\\\/\"]}]},{\"@type\":\"BreadcrumbList\",\"@id\":\"https:\\\/\\\/blogit.gradia.fi\\\/yhdessaenemman\\\/esimerkkisivu\\\/#breadcrumb\",\"itemListElement\":[{\"@type\":\"ListItem\",\"position\":1,\"name\":\"Home\",\"item\":\"https:\\\/\\\/blogit.gradia.fi\\\/yhdessaenemman\\\/\"},{\"@type\":\"ListItem\",\"position\":2,\"name\":\"Yhteystiedot\"}]},{\"@type\":\"WebSite\",\"@id\":\"https:\\\/\\\/blogit.gradia.fi\\\/yhdessaenemman\\\/#website\",\"url\":\"https:\\\/\\\/blogit.gradia.fi\\\/yhdessaenemman\\\/\",\"name\":\"Yhdess\u00e4 enemm\u00e4n\",\"description\":\"Gradia Ty\u00f6el\u00e4m\u00e4- ja yrityspalvelut kumppaninasi\",\"potentialAction\":[{\"@type\":\"SearchAction\",\"target\":{\"@type\":\"EntryPoint\",\"urlTemplate\":\"https:\\\/\\\/blogit.gradia.fi\\\/yhdessaenemman\\\/?s={search_term_string}\"},\"query-input\":{\"@type\":\"PropertyValueSpecification\",\"valueRequired\":true,\"valueName\":\"search_term_string\"}}],\"inLanguage\":\"fi\"}]}<\/script>\n<!-- \/ Yoast SEO plugin. -->","yoast_head_json":{"title":"Yhteystiedot - Yhdess\u00e4 enemm\u00e4n","robots":{"index":"index","follow":"follow","max-snippet":"max-snippet:-1","max-image-preview":"max-image-preview:large","max-video-preview":"max-video-preview:-1"},"canonical":"https:\/\/blogit.gradia.fi\/yhdessaenemman\/esimerkkisivu\/","og_locale":"fi_FI","og_type":"article","og_title":"Yhteystiedot - Yhdess\u00e4 enemm\u00e4n","og_description":"&nbsp; YritysOnline 040 341 5056 yrityksille@gradia.fi","og_url":"https:\/\/blogit.gradia.fi\/yhdessaenemman\/esimerkkisivu\/","og_site_name":"Yhdess\u00e4 enemm\u00e4n","article_modified_time":"2018-02-16T11:04:30+00:00","twitter_card":"summary_large_image","schema":{"@context":"https:\/\/schema.org","@graph":[{"@type":"WebPage","@id":"https:\/\/blogit.gradia.fi\/yhdessaenemman\/esimerkkisivu\/","url":"https:\/\/blogit.gradia.fi\/yhdessaenemman\/esimerkkisivu\/","name":"Yhteystiedot - Yhdess\u00e4 enemm\u00e4n","isPartOf":{"@id":"https:\/\/blogit.gradia.fi\/yhdessaenemman\/#website"},"datePublished":"2018-01-19T13:37:59+00:00","dateModified":"2018-02-16T11:04:30+00:00","breadcrumb":{"@id":"https:\/\/blogit.gradia.fi\/yhdessaenemman\/esimerkkisivu\/#breadcrumb"},"inLanguage":"fi","potentialAction":[{"@type":"ReadAction","target":["https:\/\/blogit.gradia.fi\/yhdessaenemman\/esimerkkisivu\/"]}]},{"@type":"BreadcrumbList","@id":"https:\/\/blogit.gradia.fi\/yhdessaenemman\/esimerkkisivu\/#breadcrumb","itemListElement":[{"@type":"ListItem","position":1,"name":"Home","item":"https:\/\/blogit.gradia.fi\/yhdessaenemman\/"},{"@type":"ListItem","position":2,"name":"Yhteystiedot"}]},{"@type":"WebSite","@id":"https:\/\/blogit.gradia.fi\/yhdessaenemman\/#website","url":"https:\/\/blogit.gradia.fi\/yhdessaenemman\/","name":"Yhdess\u00e4 enemm\u00e4n","description":"Gradia Ty\u00f6el\u00e4m\u00e4- ja yrityspalvelut kumppaninasi","potentialAction":[{"@type":"SearchAction","target":{"@type":"EntryPoint","urlTemplate":"https:\/\/blogit.gradia.fi\/yhdessaenemman\/?s={search_term_string}"},"query-input":{"@type":"PropertyValueSpecification","valueRequired":true,"valueName":"search_term_string"}}],"inLanguage":"fi"}]}},"uagb_featured_image_src":{"full":false,"thumbnail":false,"medium":false,"medium_large":false,"large":false,"1536x1536":false,"2048x2048":false,"post-thumbnail":false,"twentyfourteen-full-width":false},"uagb_author_info":{"display_name":"Riikka \u00c5lander","author_link":"https:\/\/blogit.gradia.fi\/yhdessaenemman\/author\/ao184244\/"},"uagb_comment_info":0,"uagb_excerpt":"&nbsp; YritysOnline 040 341 5056 yrityksille@gradia.fi","_links":{"self":[{"href":"https:\/\/blogit.gradia.fi\/yhdessaenemman\/wp-json\/wp\/v2\/pages\/2","targetHints":{"allow":["GET"]}}],"collection":[{"href":"https:\/\/blogit.gradia.fi\/yhdessaenemman\/wp-json\/wp\/v2\/pages"}],"about":[{"href":"https:\/\/blogit.gradia.fi\/yhdessaenemman\/wp-json\/wp\/v2\/types\/page"}],"author":[{"embeddable":true,"href":"https:\/\/blogit.gradia.fi\/yhdessaenemman\/wp-json\/wp\/v2\/users\/109"}],"replies":[{"embeddable":true,"href":"https:\/\/blogit.gradia.fi\/yhdessaenemman\/wp-json\/wp\/v2\/comments?post=2"}],"version-history":[{"count":0,"href":"https:\/\/blogit.gradia.fi\/yhdessaenemman\/wp-json\/wp\/v2\/pages\/2\/revisions"}],"wp:attachment":[{"href":"https:\/\/blogit.gradia.fi\/yhdessaenemman\/wp-json\/wp\/v2\/media?parent=2"}],"curies":[{"name":"wp","href":"https:\/\/api.w.org\/{rel}","templated":true}]}}