{"id":318,"date":"2014-12-19T20:51:23","date_gmt":"2014-12-19T18:51:23","guid":{"rendered":"https:\/\/blogit.gradia.fi\/visu\/?page_id=318"},"modified":"2014-12-19T20:51:23","modified_gmt":"2014-12-19T18:51:23","slug":"osaamismerkit","status":"publish","type":"page","link":"https:\/\/blogit.gradia.fi\/visu\/osaamismerkit\/","title":{"rendered":"Osaamismerkit"},"content":{"rendered":"<p>N\u00e4ille sivuille on tulossa selvitykset oppilaille antamistamme osaamismerkeist\u00e4. Olemme jakaneet merkit kolmeen tasoon: yhden, kahden ja kolmen t\u00e4hden tasoihin. Merkkej\u00e4 voi oppilas ker\u00e4t\u00e4 tiettyjen kriteerien perusteella. Merkkej\u00e4 saa uusien menetelmien hallinnasta kuten esimerkiksi Google Driven ja verkkokokousosaamisesta. Oppilaat saavat valmistuttuaan meilt\u00e4 R -diplomin sek\u00e4 osaamismerkkidiplomin allekirjoituksinemme. Ty\u00f6nantajat voivat n\u00e4ilt\u00e4 sivuilta varmistaa, mit\u00e4 merkit sis\u00e4lt\u00e4v\u00e4t.<\/p>\n<p>P\u00e4ivit\u00e4mme n\u00e4ille sivuille vuoden 2015 alussa sek\u00e4 merkit, ett\u00e4 niiden kuvaukset. <\/p>\n<p>&#8211; Heini &amp; Hennis<\/p>\n","protected":false},"excerpt":{"rendered":"<p>N\u00e4ille sivuille on tulossa selvitykset oppilaille antamistamme osaamismerkeist\u00e4. Olemme jakaneet merkit kolmeen tasoon: yhden, kahden ja kolmen t\u00e4hden tasoihin. Merkkej\u00e4 voi oppilas ker\u00e4t\u00e4 tiettyjen kriteerien perusteella. Merkkej\u00e4 saa uusien menetelmien hallinnasta kuten esimerkiksi Google Driven ja verkkokokousosaamisesta. Oppilaat saavat valmistuttuaan meilt\u00e4 R -diplomin sek\u00e4 osaamismerkkidiplomin allekirjoituksinemme. Ty\u00f6nantajat voivat n\u00e4ilt\u00e4 sivuilta varmistaa, mit\u00e4 merkit sis\u00e4lt\u00e4v\u00e4t. P\u00e4ivit\u00e4mme [&hellip;]<\/p>\n","protected":false},"author":163,"featured_media":0,"parent":0,"menu_order":0,"comment_status":"open","ping_status":"open","template":"","meta":{"_uag_custom_page_level_css":"","footnotes":""},"class_list":["post-318","page","type-page","status-publish","hentry"],"yoast_head":"<!-- This site is optimized with the Yoast SEO plugin v27.5 - https:\/\/yoast.com\/product\/yoast-seo-wordpress\/ -->\n<title>Osaamismerkit - AMMATTILAISEKSI TY\u00d6SS\u00c4OPPIEN<\/title>\n<meta name=\"robots\" content=\"index, follow, max-snippet:-1, max-image-preview:large, max-video-preview:-1\" \/>\n<link rel=\"canonical\" href=\"https:\/\/blogit.gradia.fi\/visu\/osaamismerkit\/\" \/>\n<meta property=\"og:locale\" content=\"fi_FI\" \/>\n<meta property=\"og:type\" content=\"article\" \/>\n<meta property=\"og:title\" content=\"Osaamismerkit - AMMATTILAISEKSI TY\u00d6SS\u00c4OPPIEN\" \/>\n<meta property=\"og:description\" content=\"N\u00e4ille sivuille on tulossa selvitykset oppilaille antamistamme osaamismerkeist\u00e4. Olemme jakaneet merkit kolmeen tasoon: yhden, kahden ja kolmen t\u00e4hden tasoihin. Merkkej\u00e4 voi oppilas ker\u00e4t\u00e4 tiettyjen kriteerien perusteella. Merkkej\u00e4 saa uusien menetelmien hallinnasta kuten esimerkiksi Google Driven ja verkkokokousosaamisesta. Oppilaat saavat valmistuttuaan meilt\u00e4 R -diplomin sek\u00e4 osaamismerkkidiplomin allekirjoituksinemme. Ty\u00f6nantajat voivat n\u00e4ilt\u00e4 sivuilta varmistaa, mit\u00e4 merkit sis\u00e4lt\u00e4v\u00e4t. P\u00e4ivit\u00e4mme [&hellip;]\" \/>\n<meta property=\"og:url\" content=\"https:\/\/blogit.gradia.fi\/visu\/osaamismerkit\/\" \/>\n<meta property=\"og:site_name\" content=\"AMMATTILAISEKSI TY\u00d6SS\u00c4OPPIEN\" \/>\n<meta name=\"twitter:card\" content=\"summary_large_image\" \/>\n<script type=\"application\/ld+json\" class=\"yoast-schema-graph\">{\"@context\":\"https:\\\/\\\/schema.org\",\"@graph\":[{\"@type\":\"WebPage\",\"@id\":\"https:\\\/\\\/blogit.gradia.fi\\\/visu\\\/osaamismerkit\\\/\",\"url\":\"https:\\\/\\\/blogit.gradia.fi\\\/visu\\\/osaamismerkit\\\/\",\"name\":\"Osaamismerkit - AMMATTILAISEKSI TY\u00d6SS\u00c4OPPIEN\",\"isPartOf\":{\"@id\":\"https:\\\/\\\/blogit.gradia.fi\\\/visu\\\/#website\"},\"datePublished\":\"2014-12-19T18:51:23+00:00\",\"inLanguage\":\"fi\",\"potentialAction\":[{\"@type\":\"ReadAction\",\"target\":[\"https:\\\/\\\/blogit.gradia.fi\\\/visu\\\/osaamismerkit\\\/\"]}]},{\"@type\":\"WebSite\",\"@id\":\"https:\\\/\\\/blogit.gradia.fi\\\/visu\\\/#website\",\"url\":\"https:\\\/\\\/blogit.gradia.fi\\\/visu\\\/\",\"name\":\"AMMATTILAISEKSI TY\u00d6SS\u00c4OPPIEN\",\"description\":\"Sivusto, joka kertoo Jyv\u00e4skyl\u00e4n ammattiopiston vuonna 2012 aloittaneen ty\u00f6ss\u00e4oppimispainotteisen luokan opintojen etenemisest\u00e4.\",\"potentialAction\":[{\"@type\":\"SearchAction\",\"target\":{\"@type\":\"EntryPoint\",\"urlTemplate\":\"https:\\\/\\\/blogit.gradia.fi\\\/visu\\\/?s={search_term_string}\"},\"query-input\":{\"@type\":\"PropertyValueSpecification\",\"valueRequired\":true,\"valueName\":\"search_term_string\"}}],\"inLanguage\":\"fi\"}]}<\/script>\n<!-- \/ Yoast SEO plugin. -->","yoast_head_json":{"title":"Osaamismerkit - AMMATTILAISEKSI TY\u00d6SS\u00c4OPPIEN","robots":{"index":"index","follow":"follow","max-snippet":"max-snippet:-1","max-image-preview":"max-image-preview:large","max-video-preview":"max-video-preview:-1"},"canonical":"https:\/\/blogit.gradia.fi\/visu\/osaamismerkit\/","og_locale":"fi_FI","og_type":"article","og_title":"Osaamismerkit - AMMATTILAISEKSI TY\u00d6SS\u00c4OPPIEN","og_description":"N\u00e4ille sivuille on tulossa selvitykset oppilaille antamistamme osaamismerkeist\u00e4. Olemme jakaneet merkit kolmeen tasoon: yhden, kahden ja kolmen t\u00e4hden tasoihin. Merkkej\u00e4 voi oppilas ker\u00e4t\u00e4 tiettyjen kriteerien perusteella. Merkkej\u00e4 saa uusien menetelmien hallinnasta kuten esimerkiksi Google Driven ja verkkokokousosaamisesta. Oppilaat saavat valmistuttuaan meilt\u00e4 R -diplomin sek\u00e4 osaamismerkkidiplomin allekirjoituksinemme. Ty\u00f6nantajat voivat n\u00e4ilt\u00e4 sivuilta varmistaa, mit\u00e4 merkit sis\u00e4lt\u00e4v\u00e4t. P\u00e4ivit\u00e4mme [&hellip;]","og_url":"https:\/\/blogit.gradia.fi\/visu\/osaamismerkit\/","og_site_name":"AMMATTILAISEKSI TY\u00d6SS\u00c4OPPIEN","twitter_card":"summary_large_image","schema":{"@context":"https:\/\/schema.org","@graph":[{"@type":"WebPage","@id":"https:\/\/blogit.gradia.fi\/visu\/osaamismerkit\/","url":"https:\/\/blogit.gradia.fi\/visu\/osaamismerkit\/","name":"Osaamismerkit - AMMATTILAISEKSI TY\u00d6SS\u00c4OPPIEN","isPartOf":{"@id":"https:\/\/blogit.gradia.fi\/visu\/#website"},"datePublished":"2014-12-19T18:51:23+00:00","inLanguage":"fi","potentialAction":[{"@type":"ReadAction","target":["https:\/\/blogit.gradia.fi\/visu\/osaamismerkit\/"]}]},{"@type":"WebSite","@id":"https:\/\/blogit.gradia.fi\/visu\/#website","url":"https:\/\/blogit.gradia.fi\/visu\/","name":"AMMATTILAISEKSI TY\u00d6SS\u00c4OPPIEN","description":"Sivusto, joka kertoo Jyv\u00e4skyl\u00e4n ammattiopiston vuonna 2012 aloittaneen ty\u00f6ss\u00e4oppimispainotteisen luokan opintojen etenemisest\u00e4.","potentialAction":[{"@type":"SearchAction","target":{"@type":"EntryPoint","urlTemplate":"https:\/\/blogit.gradia.fi\/visu\/?s={search_term_string}"},"query-input":{"@type":"PropertyValueSpecification","valueRequired":true,"valueName":"search_term_string"}}],"inLanguage":"fi"}]}},"uagb_featured_image_src":{"full":false,"thumbnail":false,"medium":false,"medium_large":false,"large":false,"1536x1536":false,"2048x2048":false,"post-thumbnail":false},"uagb_author_info":{"display_name":"Henna-Liisa Maljonen","author_link":"https:\/\/blogit.gradia.fi\/visu\/author\/maljohen\/"},"uagb_comment_info":5,"uagb_excerpt":"N\u00e4ille sivuille on tulossa selvitykset oppilaille antamistamme osaamismerkeist\u00e4. Olemme jakaneet merkit kolmeen tasoon: yhden, kahden ja kolmen t\u00e4hden tasoihin. Merkkej\u00e4 voi oppilas ker\u00e4t\u00e4 tiettyjen kriteerien perusteella. Merkkej\u00e4 saa uusien menetelmien hallinnasta kuten esimerkiksi Google Driven ja verkkokokousosaamisesta. Oppilaat saavat valmistuttuaan meilt\u00e4 R -diplomin sek\u00e4 osaamismerkkidiplomin allekirjoituksinemme. Ty\u00f6nantajat voivat n\u00e4ilt\u00e4 sivuilta varmistaa, mit\u00e4 merkit sis\u00e4lt\u00e4v\u00e4t. P\u00e4ivit\u00e4mme&hellip;","_links":{"self":[{"href":"https:\/\/blogit.gradia.fi\/visu\/wp-json\/wp\/v2\/pages\/318","targetHints":{"allow":["GET"]}}],"collection":[{"href":"https:\/\/blogit.gradia.fi\/visu\/wp-json\/wp\/v2\/pages"}],"about":[{"href":"https:\/\/blogit.gradia.fi\/visu\/wp-json\/wp\/v2\/types\/page"}],"author":[{"embeddable":true,"href":"https:\/\/blogit.gradia.fi\/visu\/wp-json\/wp\/v2\/users\/163"}],"replies":[{"embeddable":true,"href":"https:\/\/blogit.gradia.fi\/visu\/wp-json\/wp\/v2\/comments?post=318"}],"version-history":[{"count":0,"href":"https:\/\/blogit.gradia.fi\/visu\/wp-json\/wp\/v2\/pages\/318\/revisions"}],"wp:attachment":[{"href":"https:\/\/blogit.gradia.fi\/visu\/wp-json\/wp\/v2\/media?parent=318"}],"curies":[{"name":"wp","href":"https:\/\/api.w.org\/{rel}","templated":true}]}}