{"id":96,"date":"2021-11-19T13:57:00","date_gmt":"2021-11-19T11:57:00","guid":{"rendered":"https:\/\/blogit.gradia.fi\/vastuullisesti\/?page_id=96"},"modified":"2023-02-08T09:19:47","modified_gmt":"2023-02-08T07:19:47","slug":"vastuullista-kehittamistyota","status":"publish","type":"page","link":"https:\/\/blogit.gradia.fi\/vastuullisesti\/","title":{"rendered":"Innostu vastuullisen tulevaisuuden askelmerkeist\u00e4"},"content":{"rendered":"\n<p>Vastuullinen tulevaisuus on meid\u00e4n kaikkien k\u00e4siss\u00e4. Kulutustottumukset ja toimintakulttuurit ovat v\u00e4ist\u00e4m\u00e4tt\u00e4 muutoksen edess\u00e4. Ilmastonmuutos on tosiasia ja luonnon raaka-aineet ovat ehtym\u00e4ss\u00e4. Nyt on aika toimia!&nbsp;<\/p>\n\n\n\n<p>Kest\u00e4vyysosaaminen on t\u00e4rke\u00e4 avaintaito ja keskeist\u00e4 ammatillista osaamista ty\u00f6el\u00e4m\u00e4ss\u00e4. Asiakkaiden tietoisuus ja odotukset toiminnan monitahoisesta kest\u00e4vyydest\u00e4 ohjaavat kysynt\u00e4\u00e4 ja sit\u00e4 kautta yritysten toiminnan kehitt\u00e4mist\u00e4.&nbsp;<\/p>\n\n\n\n<p>Keski-Suomen maakuntaohjelmassa 2018-2021 nostettuja strategisia k\u00e4rki\u00e4 ovat bio-, digi-, osaamis- ja hyvinvointitalous. Hyvinvoiva ja kest\u00e4v\u00e4sti toimiva Gradia-yhteis\u00f6<strong> <\/strong>on Gradian yksi\u202fp\u00e4\u00e4tavoitteesta.\u202fKest\u00e4v\u00e4 kehitys on arvovalinta ja osa Gradian yhteiskuntavastuuta. Kaikessa toiminnassa pyrit\u00e4\u00e4n huomioimaan ekologinen, taloudellinen, sosiaalinen ja kulttuurinen kest\u00e4vyys.&nbsp;&nbsp;<\/p>\n\n\n\n<p>Gradian kest\u00e4v\u00e4n kehityksen hankkeet tukevat luontevasti koulutuskuntayhtym\u00e4n strategiatavoitteita. T\u00e4ss\u00e4 blogissa voit tutustua seuraavien hankkeiden toimintaan:&nbsp;<\/p>\n\n\n\n<ul class=\"wp-block-list\">\n<li><a href=\"https:\/\/blogit.gradia.fi\/vastuullisesti\/yhteystiedot\/askelmerkkeja-kestavaan-yrittajyyteen\/\">Askelmerkkej\u00e4 kest\u00e4v\u00e4\u00e4n yritt\u00e4jyyteen -hanke (ESR)&nbsp;<\/a><\/li>\n\n\n\n<li><a href=\"https:\/\/blogit.gradia.fi\/vastuullisesti\/yhteystiedot\/kokema\/\">Konkretiaa kest\u00e4v\u00e4\u00e4n matkailuun &#8211; KoKeMa -hanke (ESR)\u202f&nbsp;<\/a><\/li>\n\n\n\n<li><a href=\"https:\/\/blogit.gradia.fi\/vastuullisesti\/yhteystiedot\/polku-2-0\/\">POLKU\u202f2.0 &#8211; Jatkuvan oppimisen Polkukartta kest\u00e4v\u00e4\u00e4n bio- ja kiertotalouteen -hanke (ESR)\u202f&nbsp;<\/a><\/li>\n\n\n\n<li><a href=\"https:\/\/blogit.gradia.fi\/vastuullisesti\/yhteystiedot\/greenpppup4all-erasmus-hanke\/\">GreenPopUP4all \u2013hanke (ERASMUS+)&nbsp;<\/a><\/li>\n\n\n\n<li><a href=\"https:\/\/blogit.gradia.fi\/vastuullisesti\/yhteystiedot\/gradian-vihrea-siirtyma\/\">Gradian vihre\u00e4 siirtym\u00e4 (OPH)<\/a><\/li>\n<\/ul>\n\n\n\n<p>&nbsp;Tule mukaan osallistumaan vastuullisen tulevaisuuden kehitt\u00e4miseen!&nbsp;<\/p>\n\n\n\n<p><\/p>\n\n\n\n<div class=\"wp-block-columns is-layout-flex wp-container-core-columns-is-layout-9d6595d7 wp-block-columns-is-layout-flex\">\n<div class=\"wp-block-column is-layout-flow wp-block-column-is-layout-flow\">\n<p><strong>Markus Vehni\u00e4inen<\/strong><\/p>\n\n\n\n<p><span style=\"font-size: revert;color: initial\">Askelmerkkej\u00e4 kest\u00e4v\u00e4\u00e4n yritt\u00e4jyyteen -hanke (ESR)&nbsp;<\/span> <\/p>\n<\/div>\n\n\n\n<div class=\"wp-block-column is-layout-flow wp-block-column-is-layout-flow\">\n<p><strong> Eija Kinnunen<\/strong><\/p>\n\n\n\n<p><span style=\"font-size: revert;color: initial\">Konkretiaa kest\u00e4v\u00e4\u00e4n matkailuun &#8211; KoKeMa -hanke (ESR)\u202f<\/span><\/p>\n<\/div>\n<\/div>\n\n\n\n<div class=\"wp-block-columns is-layout-flex wp-container-core-columns-is-layout-9d6595d7 wp-block-columns-is-layout-flex\">\n<div class=\"wp-block-column is-layout-flow wp-block-column-is-layout-flow\">\n<p><strong>Mira Ruth-Viitanen<\/strong><\/p>\n\n\n\n<p><span style=\"font-size: revert;color: initial\">POLKU\u202f2.0 &#8211; Jatkuvan oppimisen Polkukartta kest\u00e4v\u00e4\u00e4n bio- ja kiertotalouteen -hanke (ESR)<\/span><\/p>\n\n\n\n<p><strong>Jaana Tuppurainen<\/strong><\/p>\n\n\n\n<p>Gradian vihre\u00e4 siirtym\u00e4 (OPH)<\/p>\n<\/div>\n\n\n\n<div class=\"wp-block-column is-layout-flow wp-block-column-is-layout-flow\">\n<p> <strong>Pia S\u00e4rkk\u00e4<\/strong><\/p>\n\n\n\n<p><span style=\"font-size: revert;color: initial\"><a href=\"https:\/\/blogit.gradia.fi\/greenpopup4all\/\" target=\"_blank\" rel=\"noreferrer noopener\">GreenPopUP4all \u2013hanke (ERASMUS+)<\/a>\u00a0<\/span> <\/p>\n<\/div>\n<\/div>\n\n\n\n<p><\/p>\n","protected":false},"excerpt":{"rendered":"<p>Vastuullinen tulevaisuus on meid\u00e4n kaikkien k\u00e4siss\u00e4. Kulutustottumukset ja toimintakulttuurit ovat v\u00e4ist\u00e4m\u00e4tt\u00e4 muutoksen edess\u00e4. Ilmastonmuutos on tosiasia ja luonnon raaka-aineet ovat ehtym\u00e4ss\u00e4. Nyt on aika toimia!&nbsp; Kest\u00e4vyysosaaminen on t\u00e4rke\u00e4 avaintaito ja keskeist\u00e4 ammatillista osaamista ty\u00f6el\u00e4m\u00e4ss\u00e4. Asiakkaiden tietoisuus ja odotukset toiminnan monitahoisesta kest\u00e4vyydest\u00e4 ohjaavat kysynt\u00e4\u00e4 ja sit\u00e4 kautta yritysten toiminnan kehitt\u00e4mist\u00e4.&nbsp; Keski-Suomen maakuntaohjelmassa 2018-2021 nostettuja strategisia k\u00e4rki\u00e4 [&hellip;]<\/p>\n","protected":false},"author":152,"featured_media":0,"parent":0,"menu_order":1,"comment_status":"closed","ping_status":"closed","template":"","meta":{"_uag_custom_page_level_css":"","footnotes":""},"class_list":["post-96","page","type-page","status-publish","hentry"],"yoast_head":"<!-- This site is optimized with the Yoast SEO plugin v27.3 - https:\/\/yoast.com\/product\/yoast-seo-wordpress\/ -->\n<title>Innostu vastuullisen tulevaisuuden askelmerkeist\u00e4 - Vastuullinen tulevaisuus<\/title>\n<meta name=\"robots\" content=\"index, follow, max-snippet:-1, max-image-preview:large, max-video-preview:-1\" \/>\n<link rel=\"canonical\" href=\"https:\/\/blogit.gradia.fi\/vastuullisesti\/\" \/>\n<meta property=\"og:locale\" content=\"fi_FI\" \/>\n<meta property=\"og:type\" content=\"article\" \/>\n<meta property=\"og:title\" content=\"Innostu vastuullisen tulevaisuuden askelmerkeist\u00e4 - Vastuullinen tulevaisuus\" \/>\n<meta property=\"og:description\" content=\"Vastuullinen tulevaisuus on meid\u00e4n kaikkien k\u00e4siss\u00e4. Kulutustottumukset ja toimintakulttuurit ovat v\u00e4ist\u00e4m\u00e4tt\u00e4 muutoksen edess\u00e4. Ilmastonmuutos on tosiasia ja luonnon raaka-aineet ovat ehtym\u00e4ss\u00e4. Nyt on aika toimia!&nbsp; Kest\u00e4vyysosaaminen on t\u00e4rke\u00e4 avaintaito ja keskeist\u00e4 ammatillista osaamista ty\u00f6el\u00e4m\u00e4ss\u00e4. Asiakkaiden tietoisuus ja odotukset toiminnan monitahoisesta kest\u00e4vyydest\u00e4 ohjaavat kysynt\u00e4\u00e4 ja sit\u00e4 kautta yritysten toiminnan kehitt\u00e4mist\u00e4.&nbsp; Keski-Suomen maakuntaohjelmassa 2018-2021 nostettuja strategisia k\u00e4rki\u00e4 [&hellip;]\" \/>\n<meta property=\"og:url\" content=\"https:\/\/blogit.gradia.fi\/vastuullisesti\/\" \/>\n<meta property=\"og:site_name\" content=\"Vastuullinen tulevaisuus\" \/>\n<meta property=\"article:modified_time\" content=\"2023-02-08T07:19:47+00:00\" \/>\n<meta name=\"twitter:card\" content=\"summary_large_image\" \/>\n<meta name=\"twitter:label1\" content=\"Arvioitu lukuaika\" \/>\n\t<meta name=\"twitter:data1\" content=\"2 minuuttia\" \/>\n<script type=\"application\/ld+json\" class=\"yoast-schema-graph\">{\"@context\":\"https:\\\/\\\/schema.org\",\"@graph\":[{\"@type\":\"WebPage\",\"@id\":\"https:\\\/\\\/blogit.gradia.fi\\\/vastuullisesti\\\/\",\"url\":\"https:\\\/\\\/blogit.gradia.fi\\\/vastuullisesti\\\/\",\"name\":\"Innostu vastuullisen tulevaisuuden askelmerkeist\u00e4 - Vastuullinen tulevaisuus\",\"isPartOf\":{\"@id\":\"https:\\\/\\\/blogit.gradia.fi\\\/vastuullisesti\\\/#website\"},\"datePublished\":\"2021-11-19T11:57:00+00:00\",\"dateModified\":\"2023-02-08T07:19:47+00:00\",\"breadcrumb\":{\"@id\":\"https:\\\/\\\/blogit.gradia.fi\\\/vastuullisesti\\\/#breadcrumb\"},\"inLanguage\":\"fi\",\"potentialAction\":[{\"@type\":\"ReadAction\",\"target\":[\"https:\\\/\\\/blogit.gradia.fi\\\/vastuullisesti\\\/\"]}]},{\"@type\":\"BreadcrumbList\",\"@id\":\"https:\\\/\\\/blogit.gradia.fi\\\/vastuullisesti\\\/#breadcrumb\",\"itemListElement\":[{\"@type\":\"ListItem\",\"position\":1,\"name\":\"Etusivu\",\"item\":\"https:\\\/\\\/blogit.gradia.fi\\\/vastuullisesti\\\/\"},{\"@type\":\"ListItem\",\"position\":2,\"name\":\"Innostu vastuullisen tulevaisuuden askelmerkeist\u00e4\"}]},{\"@type\":\"WebSite\",\"@id\":\"https:\\\/\\\/blogit.gradia.fi\\\/vastuullisesti\\\/#website\",\"url\":\"https:\\\/\\\/blogit.gradia.fi\\\/vastuullisesti\\\/\",\"name\":\"Vastuullinen tulevaisuus\",\"description\":\"Hankkeita yhteisty\u00f6ss\u00e4 ty\u00f6el\u00e4m\u00e4n ja opetusmaailman kanssa\",\"potentialAction\":[{\"@type\":\"SearchAction\",\"target\":{\"@type\":\"EntryPoint\",\"urlTemplate\":\"https:\\\/\\\/blogit.gradia.fi\\\/vastuullisesti\\\/?s={search_term_string}\"},\"query-input\":{\"@type\":\"PropertyValueSpecification\",\"valueRequired\":true,\"valueName\":\"search_term_string\"}}],\"inLanguage\":\"fi\"}]}<\/script>\n<!-- \/ Yoast SEO plugin. -->","yoast_head_json":{"title":"Innostu vastuullisen tulevaisuuden askelmerkeist\u00e4 - Vastuullinen tulevaisuus","robots":{"index":"index","follow":"follow","max-snippet":"max-snippet:-1","max-image-preview":"max-image-preview:large","max-video-preview":"max-video-preview:-1"},"canonical":"https:\/\/blogit.gradia.fi\/vastuullisesti\/","og_locale":"fi_FI","og_type":"article","og_title":"Innostu vastuullisen tulevaisuuden askelmerkeist\u00e4 - Vastuullinen tulevaisuus","og_description":"Vastuullinen tulevaisuus on meid\u00e4n kaikkien k\u00e4siss\u00e4. Kulutustottumukset ja toimintakulttuurit ovat v\u00e4ist\u00e4m\u00e4tt\u00e4 muutoksen edess\u00e4. Ilmastonmuutos on tosiasia ja luonnon raaka-aineet ovat ehtym\u00e4ss\u00e4. Nyt on aika toimia!&nbsp; Kest\u00e4vyysosaaminen on t\u00e4rke\u00e4 avaintaito ja keskeist\u00e4 ammatillista osaamista ty\u00f6el\u00e4m\u00e4ss\u00e4. Asiakkaiden tietoisuus ja odotukset toiminnan monitahoisesta kest\u00e4vyydest\u00e4 ohjaavat kysynt\u00e4\u00e4 ja sit\u00e4 kautta yritysten toiminnan kehitt\u00e4mist\u00e4.&nbsp; Keski-Suomen maakuntaohjelmassa 2018-2021 nostettuja strategisia k\u00e4rki\u00e4 [&hellip;]","og_url":"https:\/\/blogit.gradia.fi\/vastuullisesti\/","og_site_name":"Vastuullinen tulevaisuus","article_modified_time":"2023-02-08T07:19:47+00:00","twitter_card":"summary_large_image","twitter_misc":{"Arvioitu lukuaika":"2 minuuttia"},"schema":{"@context":"https:\/\/schema.org","@graph":[{"@type":"WebPage","@id":"https:\/\/blogit.gradia.fi\/vastuullisesti\/","url":"https:\/\/blogit.gradia.fi\/vastuullisesti\/","name":"Innostu vastuullisen tulevaisuuden askelmerkeist\u00e4 - Vastuullinen tulevaisuus","isPartOf":{"@id":"https:\/\/blogit.gradia.fi\/vastuullisesti\/#website"},"datePublished":"2021-11-19T11:57:00+00:00","dateModified":"2023-02-08T07:19:47+00:00","breadcrumb":{"@id":"https:\/\/blogit.gradia.fi\/vastuullisesti\/#breadcrumb"},"inLanguage":"fi","potentialAction":[{"@type":"ReadAction","target":["https:\/\/blogit.gradia.fi\/vastuullisesti\/"]}]},{"@type":"BreadcrumbList","@id":"https:\/\/blogit.gradia.fi\/vastuullisesti\/#breadcrumb","itemListElement":[{"@type":"ListItem","position":1,"name":"Etusivu","item":"https:\/\/blogit.gradia.fi\/vastuullisesti\/"},{"@type":"ListItem","position":2,"name":"Innostu vastuullisen tulevaisuuden askelmerkeist\u00e4"}]},{"@type":"WebSite","@id":"https:\/\/blogit.gradia.fi\/vastuullisesti\/#website","url":"https:\/\/blogit.gradia.fi\/vastuullisesti\/","name":"Vastuullinen tulevaisuus","description":"Hankkeita yhteisty\u00f6ss\u00e4 ty\u00f6el\u00e4m\u00e4n ja opetusmaailman kanssa","potentialAction":[{"@type":"SearchAction","target":{"@type":"EntryPoint","urlTemplate":"https:\/\/blogit.gradia.fi\/vastuullisesti\/?s={search_term_string}"},"query-input":{"@type":"PropertyValueSpecification","valueRequired":true,"valueName":"search_term_string"}}],"inLanguage":"fi"}]}},"uagb_featured_image_src":{"full":false,"thumbnail":false,"medium":false,"medium_large":false,"large":false,"1536x1536":false,"2048x2048":false,"post-thumbnail":false},"uagb_author_info":{"display_name":"Anna Saari","author_link":"https:\/\/blogit.gradia.fi\/vastuullisesti\/author\/palviann\/"},"uagb_comment_info":0,"uagb_excerpt":"Vastuullinen tulevaisuus on meid\u00e4n kaikkien k\u00e4siss\u00e4. Kulutustottumukset ja toimintakulttuurit ovat v\u00e4ist\u00e4m\u00e4tt\u00e4 muutoksen edess\u00e4. Ilmastonmuutos on tosiasia ja luonnon raaka-aineet ovat ehtym\u00e4ss\u00e4. Nyt on aika toimia!&nbsp; Kest\u00e4vyysosaaminen on t\u00e4rke\u00e4 avaintaito ja keskeist\u00e4 ammatillista osaamista ty\u00f6el\u00e4m\u00e4ss\u00e4. Asiakkaiden tietoisuus ja odotukset toiminnan monitahoisesta kest\u00e4vyydest\u00e4 ohjaavat kysynt\u00e4\u00e4 ja sit\u00e4 kautta yritysten toiminnan kehitt\u00e4mist\u00e4.&nbsp; Keski-Suomen maakuntaohjelmassa 2018-2021 nostettuja strategisia k\u00e4rki\u00e4&hellip;","_links":{"self":[{"href":"https:\/\/blogit.gradia.fi\/vastuullisesti\/wp-json\/wp\/v2\/pages\/96","targetHints":{"allow":["GET"]}}],"collection":[{"href":"https:\/\/blogit.gradia.fi\/vastuullisesti\/wp-json\/wp\/v2\/pages"}],"about":[{"href":"https:\/\/blogit.gradia.fi\/vastuullisesti\/wp-json\/wp\/v2\/types\/page"}],"author":[{"embeddable":true,"href":"https:\/\/blogit.gradia.fi\/vastuullisesti\/wp-json\/wp\/v2\/users\/152"}],"replies":[{"embeddable":true,"href":"https:\/\/blogit.gradia.fi\/vastuullisesti\/wp-json\/wp\/v2\/comments?post=96"}],"version-history":[{"count":14,"href":"https:\/\/blogit.gradia.fi\/vastuullisesti\/wp-json\/wp\/v2\/pages\/96\/revisions"}],"predecessor-version":[{"id":390,"href":"https:\/\/blogit.gradia.fi\/vastuullisesti\/wp-json\/wp\/v2\/pages\/96\/revisions\/390"}],"wp:attachment":[{"href":"https:\/\/blogit.gradia.fi\/vastuullisesti\/wp-json\/wp\/v2\/media?parent=96"}],"curies":[{"name":"wp","href":"https:\/\/api.w.org\/{rel}","templated":true}]}}