{"id":78,"date":"2021-11-19T09:56:21","date_gmt":"2021-11-19T07:56:21","guid":{"rendered":"https:\/\/blogit.gradia.fi\/vastuullisesti\/?page_id=78"},"modified":"2022-05-24T10:54:43","modified_gmt":"2022-05-24T07:54:43","slug":"kokema","status":"publish","type":"page","link":"https:\/\/blogit.gradia.fi\/vastuullisesti\/yhteystiedot\/kokema\/","title":{"rendered":"Konkretiaa kest\u00e4v\u00e4\u00e4n kehitykseen \u2013 KoKeMa"},"content":{"rendered":"\n<h2 class=\"wp-block-heading\">Tavoitteet<\/h2>\n\n\n\n<p>KoKeMa \u2013 Konkretiaa kest\u00e4v\u00e4\u00e4n matkailuun -hankkeen tarkoituksena on&nbsp;kehitt\u00e4\u00e4 matkailualan koulutusta ja&nbsp;edist\u00e4\u00e4&nbsp;kest\u00e4v\u00e4n kehityksen&nbsp;k\u00e4yt\u00e4nn\u00f6n&nbsp;osaamista matkailijalle n\u00e4kyvien ruoka-, puhtaus- ja kiinteist\u00f6palvelujen tuottamisessa. Palvelujen vastuullinen, kest\u00e4v\u00e4 ja terveysturvallinen tuottaminen vastaa asiakastarpeisiin ja edist\u00e4\u00e4 ty\u00f6llisyytt\u00e4, erityisesti COVID19-pandemian muuttamassa kysynt\u00e4ymp\u00e4rist\u00f6ss\u00e4.<\/p>\n\n\n\n<p>Hankkeen tavoitteena on mahdollistaa yksil\u00f6lliset ty\u00f6el\u00e4m\u00e4ss\u00e4 oppimisen jaksot opiskelijoille huomioiden yritysten tarpeet ja matkailualan luonteen. Ohjattujen tarvel\u00e4ht\u00f6isten ty\u00f6el\u00e4m\u00e4projektien ja joustavien ty\u00f6el\u00e4m\u00e4ss\u00e4 oppimisen jaksojen avulla kehitet\u00e4\u00e4n koulutuksen laatua ja kest\u00e4vyysosaamista.<\/p>\n\n\n\n<h2 class=\"wp-block-heading\">Konkreettisia toimia tavoitteiden saavuttamiseksi<\/h2>\n\n\n\n<p>Koulutusta kehitet\u00e4\u00e4n ja markkinoidaan nelj\u00e4n ty\u00f6paketin avulla. Ty\u00f6pakettien konkreettisina tavoitteina on edist\u00e4\u00e4 hankkeessa tuotetun uuden koulutuskokonaisuuden tunnettavuutta ja vetovoimaa ja siten edist\u00e4\u00e4 osaavan ty\u00f6voiman saatavuutta.<\/p>\n\n\n\n<div class=\"wp-block-columns is-layout-flex wp-container-core-columns-is-layout-9d6595d7 wp-block-columns-is-layout-flex\">\n<div class=\"wp-block-column is-layout-flow wp-block-column-is-layout-flow\">\n<h3 class=\"wp-block-heading\"> <strong>Ty\u00f6paketti 1.<\/strong><\/h3>\n\n\n\n<h5 class=\"wp-block-heading\"><strong>Kest\u00e4vyysosaamista vahvistava paikallinen tutkinnon osa matkailutoimialalle<\/strong> <\/h5>\n\n\n\n<ul class=\"wp-block-list\"><li>Selvitet\u00e4\u00e4n aiesopimuksilla mukana oleville matkailualan yritysten kest\u00e4v\u00e4n kehityksen osaamistarpeet<\/li><li>Osaamistarvekysymykset liittyv\u00e4t erityisesti ruoka-, puhtaus- ja kiinteist\u00f6palvelujen konkreettisiin ty\u00f6teht\u00e4viin ja hankintoihin<\/li><li>Yritysten osaamistarpeista johdetaan tutkinnon osan ammattitaitovaatimukset<\/li><li>Mukana olevat yritykset antavat lausunnot ammattitaitovaatimusten ty\u00f6el\u00e4m\u00e4l\u00e4ht\u00f6isyydest\u00e4<\/li><\/ul>\n<\/div>\n\n\n\n<div class=\"wp-block-column is-layout-flow wp-block-column-is-layout-flow\">\n<h3 class=\"wp-block-heading\"> T<strong>y\u00f6paketti 2.<\/strong> <\/h3>\n\n\n\n<h5 class=\"wp-block-heading\"><strong>Oppilaitos-yritys-yhteisty\u00f6mallin kehitt\u00e4minen<\/strong> <\/h5>\n\n\n\n<ul class=\"wp-block-list\"><li>Kehitet\u00e4\u00e4n, pilotoidaan ja arvioidaan joustava oppilaitos-yritys -yhteisty\u00f6malli, jonka yhten\u00e4 tavoitteena on valmentaa opiskelijoita ty\u00f6skentelem\u00e4\u00e4n&nbsp;toimialalle tyypilliseen&nbsp;sesonki- ja keikkaluonteisuuteen<\/li><li>Valitaan tekninen alusta ty\u00f6el\u00e4m\u00e4ss\u00e4 oppimisen jaksojen toteuttamisen tueksi<\/li><li>Kehitet\u00e4\u00e4n osaamistarpeiden pohjalta uusia oppimismenetelmi\u00e4<\/li><\/ul>\n<\/div>\n<\/div>\n\n\n\n<div class=\"wp-block-columns is-layout-flex wp-container-core-columns-is-layout-9d6595d7 wp-block-columns-is-layout-flex\">\n<div class=\"wp-block-column is-layout-flow wp-block-column-is-layout-flow\">\n<h3 class=\"wp-block-heading\"><strong>Ty\u00f6paketti 3<\/strong>.<\/h3>\n\n\n\n<h5 class=\"wp-block-heading\"><strong>Uuden tutkinnon osan viestint\u00e4- ja markkinointisuunnitelma<\/strong><\/h5>\n\n\n\n<ul class=\"wp-block-list\"><li>Suunnitellaan ja tiedotetaan uuden tutkinnon osan ja sen eri teemojen tiedotus- ja viestint\u00e4kampanja kohderyhmille: opiskelijoille, yrityksille ja opetushenkil\u00f6st\u00f6lle<\/li><li>Edistet\u00e4\u00e4n&nbsp;osaavan ty\u00f6voiman saatavuutta vahvistamalla&nbsp;matkailualan ja siihen liittyvien koulutusten vetovoimaa ja imagoa<\/li><\/ul>\n<\/div>\n\n\n\n<div class=\"wp-block-column is-layout-flow wp-block-column-is-layout-flow\">\n<h3 class=\"wp-block-heading\"><strong>Ty\u00f6paketti 4.<\/strong><\/h3>\n\n\n\n<h5 class=\"wp-block-heading\"><strong>Projektin hallinnointi ja koordinointi<\/strong><\/h5>\n\n\n\n<ul class=\"wp-block-list\"><li>Tukee ja ohjaa muiden ty\u00f6pakettien sis\u00e4ist\u00e4 ja sidosryhm\u00e4ty\u00f6skentely\u00e4 kohti hankeen tavoitteita ja tuloksia.<\/li><li>Vastaa hankkeen kokonaistalousseurannasta, toiminnan, tulosten ja vaikuttavuuden raportoinnista sek\u00e4 tulosten ja hyvien k\u00e4yt\u00e4nteiden levitt\u00e4misest\u00e4.<\/li><li>Koordinaatio tukee uusien toiminta- ja yhteisty\u00f6mallien k\u00e4ytt\u00f6\u00f6nottoa sek\u00e4 varmistaa niiden jatkuvuutta.<\/li><\/ul>\n<\/div>\n<\/div>\n\n\n\n<p>Toteuttaja: Gradia Jyv\u00e4skyl\u00e4<\/p>\n\n\n\n<p>Rahoittaja: ESR \/ ELY-keskus <\/p>\n\n\n\n<p>Hankkeen toteutusaika: 01.08.2021\u201331.05.2023<\/p>\n\n\n\n<h2 class=\"wp-block-heading\">Yhteystiedot<\/h2>\n\n\n\n<p><strong>Eija Kinnunen<\/strong><br>projektip\u00e4\u00e4llikk\u00f6<br>puh. 040 341 6478<br>eija.kinnunen (a) gradia.fi<\/p>\n","protected":false},"excerpt":{"rendered":"<p>Tavoitteet KoKeMa \u2013 Konkretiaa kest\u00e4v\u00e4\u00e4n matkailuun -hankkeen tarkoituksena on&nbsp;kehitt\u00e4\u00e4 matkailualan koulutusta ja&nbsp;edist\u00e4\u00e4&nbsp;kest\u00e4v\u00e4n kehityksen&nbsp;k\u00e4yt\u00e4nn\u00f6n&nbsp;osaamista matkailijalle n\u00e4kyvien ruoka-, puhtaus- ja kiinteist\u00f6palvelujen tuottamisessa. Palvelujen vastuullinen, kest\u00e4v\u00e4 ja terveysturvallinen tuottaminen vastaa asiakastarpeisiin ja edist\u00e4\u00e4 ty\u00f6llisyytt\u00e4, erityisesti COVID19-pandemian muuttamassa kysynt\u00e4ymp\u00e4rist\u00f6ss\u00e4. Hankkeen tavoitteena on mahdollistaa yksil\u00f6lliset ty\u00f6el\u00e4m\u00e4ss\u00e4 oppimisen jaksot opiskelijoille huomioiden yritysten tarpeet ja matkailualan luonteen. Ohjattujen tarvel\u00e4ht\u00f6isten ty\u00f6el\u00e4m\u00e4projektien ja joustavien [&hellip;]<\/p>\n","protected":false},"author":814,"featured_media":0,"parent":32,"menu_order":0,"comment_status":"closed","ping_status":"closed","template":"","meta":{"_uag_custom_page_level_css":"","footnotes":""},"class_list":["post-78","page","type-page","status-publish","hentry"],"yoast_head":"<!-- This site is optimized with the Yoast SEO plugin v27.3 - https:\/\/yoast.com\/product\/yoast-seo-wordpress\/ -->\n<title>Konkretiaa kest\u00e4v\u00e4\u00e4n kehitykseen \u2013 KoKeMa - Vastuullinen tulevaisuus<\/title>\n<meta name=\"robots\" content=\"index, follow, max-snippet:-1, max-image-preview:large, max-video-preview:-1\" \/>\n<link rel=\"canonical\" href=\"https:\/\/blogit.gradia.fi\/vastuullisesti\/yhteystiedot\/kokema\/\" \/>\n<meta property=\"og:locale\" content=\"fi_FI\" \/>\n<meta property=\"og:type\" content=\"article\" \/>\n<meta property=\"og:title\" content=\"Konkretiaa kest\u00e4v\u00e4\u00e4n kehitykseen \u2013 KoKeMa - Vastuullinen tulevaisuus\" \/>\n<meta property=\"og:description\" content=\"Tavoitteet KoKeMa \u2013 Konkretiaa kest\u00e4v\u00e4\u00e4n matkailuun -hankkeen tarkoituksena on&nbsp;kehitt\u00e4\u00e4 matkailualan koulutusta ja&nbsp;edist\u00e4\u00e4&nbsp;kest\u00e4v\u00e4n kehityksen&nbsp;k\u00e4yt\u00e4nn\u00f6n&nbsp;osaamista matkailijalle n\u00e4kyvien ruoka-, puhtaus- ja kiinteist\u00f6palvelujen tuottamisessa. Palvelujen vastuullinen, kest\u00e4v\u00e4 ja terveysturvallinen tuottaminen vastaa asiakastarpeisiin ja edist\u00e4\u00e4 ty\u00f6llisyytt\u00e4, erityisesti COVID19-pandemian muuttamassa kysynt\u00e4ymp\u00e4rist\u00f6ss\u00e4. Hankkeen tavoitteena on mahdollistaa yksil\u00f6lliset ty\u00f6el\u00e4m\u00e4ss\u00e4 oppimisen jaksot opiskelijoille huomioiden yritysten tarpeet ja matkailualan luonteen. Ohjattujen tarvel\u00e4ht\u00f6isten ty\u00f6el\u00e4m\u00e4projektien ja joustavien [&hellip;]\" \/>\n<meta property=\"og:url\" content=\"https:\/\/blogit.gradia.fi\/vastuullisesti\/yhteystiedot\/kokema\/\" \/>\n<meta property=\"og:site_name\" content=\"Vastuullinen tulevaisuus\" \/>\n<meta property=\"article:modified_time\" content=\"2022-05-24T07:54:43+00:00\" \/>\n<meta name=\"twitter:card\" content=\"summary_large_image\" \/>\n<meta name=\"twitter:label1\" content=\"Arvioitu lukuaika\" \/>\n\t<meta name=\"twitter:data1\" content=\"2 minuuttia\" \/>\n<script type=\"application\/ld+json\" class=\"yoast-schema-graph\">{\"@context\":\"https:\\\/\\\/schema.org\",\"@graph\":[{\"@type\":\"WebPage\",\"@id\":\"https:\\\/\\\/blogit.gradia.fi\\\/vastuullisesti\\\/yhteystiedot\\\/kokema\\\/\",\"url\":\"https:\\\/\\\/blogit.gradia.fi\\\/vastuullisesti\\\/yhteystiedot\\\/kokema\\\/\",\"name\":\"Konkretiaa kest\u00e4v\u00e4\u00e4n kehitykseen \u2013 KoKeMa - Vastuullinen tulevaisuus\",\"isPartOf\":{\"@id\":\"https:\\\/\\\/blogit.gradia.fi\\\/vastuullisesti\\\/#website\"},\"datePublished\":\"2021-11-19T07:56:21+00:00\",\"dateModified\":\"2022-05-24T07:54:43+00:00\",\"breadcrumb\":{\"@id\":\"https:\\\/\\\/blogit.gradia.fi\\\/vastuullisesti\\\/yhteystiedot\\\/kokema\\\/#breadcrumb\"},\"inLanguage\":\"fi\",\"potentialAction\":[{\"@type\":\"ReadAction\",\"target\":[\"https:\\\/\\\/blogit.gradia.fi\\\/vastuullisesti\\\/yhteystiedot\\\/kokema\\\/\"]}]},{\"@type\":\"BreadcrumbList\",\"@id\":\"https:\\\/\\\/blogit.gradia.fi\\\/vastuullisesti\\\/yhteystiedot\\\/kokema\\\/#breadcrumb\",\"itemListElement\":[{\"@type\":\"ListItem\",\"position\":1,\"name\":\"Etusivu\",\"item\":\"https:\\\/\\\/blogit.gradia.fi\\\/vastuullisesti\\\/\"},{\"@type\":\"ListItem\",\"position\":2,\"name\":\"Yhteystiedot\",\"item\":\"https:\\\/\\\/blogit.gradia.fi\\\/vastuullisesti\\\/yhteystiedot\\\/\"},{\"@type\":\"ListItem\",\"position\":3,\"name\":\"Konkretiaa kest\u00e4v\u00e4\u00e4n kehitykseen \u2013 KoKeMa\"}]},{\"@type\":\"WebSite\",\"@id\":\"https:\\\/\\\/blogit.gradia.fi\\\/vastuullisesti\\\/#website\",\"url\":\"https:\\\/\\\/blogit.gradia.fi\\\/vastuullisesti\\\/\",\"name\":\"Vastuullinen tulevaisuus\",\"description\":\"Hankkeita yhteisty\u00f6ss\u00e4 ty\u00f6el\u00e4m\u00e4n ja opetusmaailman kanssa\",\"potentialAction\":[{\"@type\":\"SearchAction\",\"target\":{\"@type\":\"EntryPoint\",\"urlTemplate\":\"https:\\\/\\\/blogit.gradia.fi\\\/vastuullisesti\\\/?s={search_term_string}\"},\"query-input\":{\"@type\":\"PropertyValueSpecification\",\"valueRequired\":true,\"valueName\":\"search_term_string\"}}],\"inLanguage\":\"fi\"}]}<\/script>\n<!-- \/ Yoast SEO plugin. -->","yoast_head_json":{"title":"Konkretiaa kest\u00e4v\u00e4\u00e4n kehitykseen \u2013 KoKeMa - Vastuullinen tulevaisuus","robots":{"index":"index","follow":"follow","max-snippet":"max-snippet:-1","max-image-preview":"max-image-preview:large","max-video-preview":"max-video-preview:-1"},"canonical":"https:\/\/blogit.gradia.fi\/vastuullisesti\/yhteystiedot\/kokema\/","og_locale":"fi_FI","og_type":"article","og_title":"Konkretiaa kest\u00e4v\u00e4\u00e4n kehitykseen \u2013 KoKeMa - Vastuullinen tulevaisuus","og_description":"Tavoitteet KoKeMa \u2013 Konkretiaa kest\u00e4v\u00e4\u00e4n matkailuun -hankkeen tarkoituksena on&nbsp;kehitt\u00e4\u00e4 matkailualan koulutusta ja&nbsp;edist\u00e4\u00e4&nbsp;kest\u00e4v\u00e4n kehityksen&nbsp;k\u00e4yt\u00e4nn\u00f6n&nbsp;osaamista matkailijalle n\u00e4kyvien ruoka-, puhtaus- ja kiinteist\u00f6palvelujen tuottamisessa. Palvelujen vastuullinen, kest\u00e4v\u00e4 ja terveysturvallinen tuottaminen vastaa asiakastarpeisiin ja edist\u00e4\u00e4 ty\u00f6llisyytt\u00e4, erityisesti COVID19-pandemian muuttamassa kysynt\u00e4ymp\u00e4rist\u00f6ss\u00e4. Hankkeen tavoitteena on mahdollistaa yksil\u00f6lliset ty\u00f6el\u00e4m\u00e4ss\u00e4 oppimisen jaksot opiskelijoille huomioiden yritysten tarpeet ja matkailualan luonteen. Ohjattujen tarvel\u00e4ht\u00f6isten ty\u00f6el\u00e4m\u00e4projektien ja joustavien [&hellip;]","og_url":"https:\/\/blogit.gradia.fi\/vastuullisesti\/yhteystiedot\/kokema\/","og_site_name":"Vastuullinen tulevaisuus","article_modified_time":"2022-05-24T07:54:43+00:00","twitter_card":"summary_large_image","twitter_misc":{"Arvioitu lukuaika":"2 minuuttia"},"schema":{"@context":"https:\/\/schema.org","@graph":[{"@type":"WebPage","@id":"https:\/\/blogit.gradia.fi\/vastuullisesti\/yhteystiedot\/kokema\/","url":"https:\/\/blogit.gradia.fi\/vastuullisesti\/yhteystiedot\/kokema\/","name":"Konkretiaa kest\u00e4v\u00e4\u00e4n kehitykseen \u2013 KoKeMa - Vastuullinen tulevaisuus","isPartOf":{"@id":"https:\/\/blogit.gradia.fi\/vastuullisesti\/#website"},"datePublished":"2021-11-19T07:56:21+00:00","dateModified":"2022-05-24T07:54:43+00:00","breadcrumb":{"@id":"https:\/\/blogit.gradia.fi\/vastuullisesti\/yhteystiedot\/kokema\/#breadcrumb"},"inLanguage":"fi","potentialAction":[{"@type":"ReadAction","target":["https:\/\/blogit.gradia.fi\/vastuullisesti\/yhteystiedot\/kokema\/"]}]},{"@type":"BreadcrumbList","@id":"https:\/\/blogit.gradia.fi\/vastuullisesti\/yhteystiedot\/kokema\/#breadcrumb","itemListElement":[{"@type":"ListItem","position":1,"name":"Etusivu","item":"https:\/\/blogit.gradia.fi\/vastuullisesti\/"},{"@type":"ListItem","position":2,"name":"Yhteystiedot","item":"https:\/\/blogit.gradia.fi\/vastuullisesti\/yhteystiedot\/"},{"@type":"ListItem","position":3,"name":"Konkretiaa kest\u00e4v\u00e4\u00e4n kehitykseen \u2013 KoKeMa"}]},{"@type":"WebSite","@id":"https:\/\/blogit.gradia.fi\/vastuullisesti\/#website","url":"https:\/\/blogit.gradia.fi\/vastuullisesti\/","name":"Vastuullinen tulevaisuus","description":"Hankkeita yhteisty\u00f6ss\u00e4 ty\u00f6el\u00e4m\u00e4n ja opetusmaailman kanssa","potentialAction":[{"@type":"SearchAction","target":{"@type":"EntryPoint","urlTemplate":"https:\/\/blogit.gradia.fi\/vastuullisesti\/?s={search_term_string}"},"query-input":{"@type":"PropertyValueSpecification","valueRequired":true,"valueName":"search_term_string"}}],"inLanguage":"fi"}]}},"uagb_featured_image_src":{"full":false,"thumbnail":false,"medium":false,"medium_large":false,"large":false,"1536x1536":false,"2048x2048":false,"post-thumbnail":false},"uagb_author_info":{"display_name":"Riina Virkkunen","author_link":"https:\/\/blogit.gradia.fi\/vastuullisesti\/author\/virkkrii\/"},"uagb_comment_info":0,"uagb_excerpt":"Tavoitteet KoKeMa \u2013 Konkretiaa kest\u00e4v\u00e4\u00e4n matkailuun -hankkeen tarkoituksena on&nbsp;kehitt\u00e4\u00e4 matkailualan koulutusta ja&nbsp;edist\u00e4\u00e4&nbsp;kest\u00e4v\u00e4n kehityksen&nbsp;k\u00e4yt\u00e4nn\u00f6n&nbsp;osaamista matkailijalle n\u00e4kyvien ruoka-, puhtaus- ja kiinteist\u00f6palvelujen tuottamisessa. Palvelujen vastuullinen, kest\u00e4v\u00e4 ja terveysturvallinen tuottaminen vastaa asiakastarpeisiin ja edist\u00e4\u00e4 ty\u00f6llisyytt\u00e4, erityisesti COVID19-pandemian muuttamassa kysynt\u00e4ymp\u00e4rist\u00f6ss\u00e4. Hankkeen tavoitteena on mahdollistaa yksil\u00f6lliset ty\u00f6el\u00e4m\u00e4ss\u00e4 oppimisen jaksot opiskelijoille huomioiden yritysten tarpeet ja matkailualan luonteen. Ohjattujen tarvel\u00e4ht\u00f6isten ty\u00f6el\u00e4m\u00e4projektien ja joustavien&hellip;","_links":{"self":[{"href":"https:\/\/blogit.gradia.fi\/vastuullisesti\/wp-json\/wp\/v2\/pages\/78","targetHints":{"allow":["GET"]}}],"collection":[{"href":"https:\/\/blogit.gradia.fi\/vastuullisesti\/wp-json\/wp\/v2\/pages"}],"about":[{"href":"https:\/\/blogit.gradia.fi\/vastuullisesti\/wp-json\/wp\/v2\/types\/page"}],"author":[{"embeddable":true,"href":"https:\/\/blogit.gradia.fi\/vastuullisesti\/wp-json\/wp\/v2\/users\/814"}],"replies":[{"embeddable":true,"href":"https:\/\/blogit.gradia.fi\/vastuullisesti\/wp-json\/wp\/v2\/comments?post=78"}],"version-history":[{"count":10,"href":"https:\/\/blogit.gradia.fi\/vastuullisesti\/wp-json\/wp\/v2\/pages\/78\/revisions"}],"predecessor-version":[{"id":314,"href":"https:\/\/blogit.gradia.fi\/vastuullisesti\/wp-json\/wp\/v2\/pages\/78\/revisions\/314"}],"up":[{"embeddable":true,"href":"https:\/\/blogit.gradia.fi\/vastuullisesti\/wp-json\/wp\/v2\/pages\/32"}],"wp:attachment":[{"href":"https:\/\/blogit.gradia.fi\/vastuullisesti\/wp-json\/wp\/v2\/media?parent=78"}],"curies":[{"name":"wp","href":"https:\/\/api.w.org\/{rel}","templated":true}]}}