{"id":76,"date":"2021-11-19T09:56:05","date_gmt":"2021-11-19T07:56:05","guid":{"rendered":"https:\/\/blogit.gradia.fi\/vastuullisesti\/?page_id=76"},"modified":"2023-03-17T15:14:37","modified_gmt":"2023-03-17T13:14:37","slug":"askelmerkkeja-kestavaan-yrittajyyteen","status":"publish","type":"page","link":"https:\/\/blogit.gradia.fi\/vastuullisesti\/yhteystiedot\/askelmerkkeja-kestavaan-yrittajyyteen\/","title":{"rendered":"Askelmerkkej\u00e4 kest\u00e4v\u00e4\u00e4n yritt\u00e4jyyteen"},"content":{"rendered":"\n<p>Askelmerkkej\u00e4 kest\u00e4v\u00e4\u00e4n yritt\u00e4jyyteen -hankkeen (ESR) tavoitteina ovat kest\u00e4v\u00e4n liiketoiminnan kehitt\u00e4minen ja kest\u00e4v\u00e4n yritt\u00e4jyyden toimintatavan mallintaminen Keski-Suomessa. Hankkeessa m\u00e4\u00e4ritet\u00e4\u00e4n kest\u00e4v\u00e4n liiketoiminnan kehitt\u00e4misen edellytykset ja osaamistarpeet pilotoimalla kest\u00e4v\u00e4n yritt\u00e4jyyden polku yrityksille ja opiskelijoille.&nbsp;Hankkeen aikana&nbsp;tuotetaan yritt\u00e4jyyden k\u00e4sikirja tukemaan kest\u00e4v\u00e4\u00e4 yritt\u00e4jyytt\u00e4.&nbsp;Hankkeen p\u00e4\u00e4toteuttaja on Jyv\u00e4skyl\u00e4n koulutuskuntayhtym\u00e4 Gradia, osatoteuttajana toimii&nbsp;\u00c4\u00e4nekosken ammatillisen koulutuksen kuntayhtym\u00e4 POKE.&nbsp;Hankkeen toiminta-aika on 1.3.2021\u201328.2.2023.&nbsp;<\/p>\n\n\n\n<h2 class=\"wp-block-heading\">Tavoitteet<\/h2>\n\n\n\n<p>Kest\u00e4v\u00e4n liiketoiminnan ja yritt\u00e4jyyden kehitt\u00e4minen on p\u00e4\u00e4roolissa&nbsp;Gradian ja Poken luotsaamassa&nbsp;varsin ajankohtaisessa&nbsp;Askelmerkkej\u00e4 kest\u00e4v\u00e4\u00e4n yritt\u00e4jyyteen -hankkeessa.&nbsp;Tavoitteena on kehitt\u00e4\u00e4 ja mallintaa&nbsp;kest\u00e4v\u00e4n yritt\u00e4jyyden toimintatapa&nbsp;Keski-Suomessa.&nbsp;&nbsp;<\/p>\n\n\n\n<p>Tarkoituksena on, ett\u00e4&nbsp;hankkeen&nbsp;toiminnassa&nbsp;mukana olevat yritykset saavat valmiuksia kehitt\u00e4\u00e4 omaa liiketoimintaansa&nbsp;kest\u00e4v\u00e4mm\u00e4ksi&nbsp;ja&nbsp;yritysten ty\u00f6ntekij\u00e4t saavat vahvempaa osaamista kest\u00e4v\u00e4\u00e4n&nbsp;toimintaan.&nbsp;My\u00f6s opiskelijoille tarjotaan mahdollisuutta&nbsp;vahvistaa&nbsp;omaa osaamistaan&nbsp;k\u00e4ynnist\u00e4\u00e4 kest\u00e4v\u00e4n&nbsp;liiketoiminnan k\u00e4ynnist\u00e4misess\u00e4&nbsp;sek\u00e4&nbsp;kasvattaa&nbsp;kilpailukyky\u00e4\u00e4n ty\u00f6markkinoilla kest\u00e4v\u00e4n yritt\u00e4jyyden osaamisen kehittyess\u00e4.&nbsp;&nbsp;<\/p>\n\n\n\n<p>Tavoitteena on kuvata&nbsp;konkreettisesti&nbsp;kest\u00e4v\u00e4n yritt\u00e4jyyden toimintatapa. Vaikuttavuusarvioinnin avulla poimitaan hy\u00f6dylliset toimintatavat ja ty\u00f6kalut, ja&nbsp;mallinnetaan hankkeen lopputuloksena kest\u00e4v\u00e4n yritt\u00e4jyyden yhteisty\u00f6malli yritysten ja oppilaitosten hy\u00f6dynnett\u00e4v\u00e4ksi&nbsp;sek\u00e4&nbsp;kest\u00e4v\u00e4n yritt\u00e4jyyden opintopolkumalli&nbsp;Gradian ja Poken tarpeisiin.&nbsp;&nbsp;<\/p>\n\n\n\n<h2 class=\"wp-block-heading\">Toimenpiteet<\/h2>\n\n\n\n<ul class=\"wp-block-list\">\n<li>kest\u00e4vyysteemaisia webinaareja<\/li>\n\n\n\n<li>ty\u00f6pajoja webinaarien teemoista<\/li>\n\n\n\n<li>yrityskohtaista sparrausta<\/li>\n\n\n\n<li>yritt\u00e4jyyden k\u00e4sikirja opetuksen ja liiketoiminnan tueksi<\/li>\n<\/ul>\n\n\n\n<!-- iframe plugin v.6.0 wordpress.org\/plugins\/iframe\/ -->\n<iframe loading=\"lazy\" src=\"https:\/\/www.thinglink.com\/card\/1669311143794966529\" width=\"100%\" height=\"500\" scrolling=\"yes\" class=\"iframe-class\" frameborder=\"0\"><\/iframe>\n\n\n\n\n<p>Askelmerkkej\u00e4 kest\u00e4v\u00e4\u00e4n yritt\u00e4jyyteen -k\u00e4sikirja<\/p>\n\n\n\n<h2 class=\"wp-block-heading\">Webinaaritallenteet<\/h2>\n\n\n\n<p>Askelmerkkej\u00e4 kest\u00e4v\u00e4\u00e4n yritt\u00e4jyyteen -hankkeessa on j\u00e4rjestetty nelj\u00e4 webinaaria seuraavista aiheista:<\/p>\n\n\n\n<ul class=\"wp-block-list\">\n<li>Kest\u00e4vyysosaaminen yrityksen kilpailuetuna<\/li>\n\n\n\n<li>Kest\u00e4v\u00e4t liiketoimintamallit<\/li>\n\n\n\n<li>Vastuullisuusviestinn\u00e4n sparraus<\/li>\n\n\n\n<li>Askelmerkit kest\u00e4viin innovaatioihin<\/li>\n<\/ul>\n\n\n\n<p>Mik\u00e4li olet kiinnostunut tutustumaan webinaaritallenteisiin, kysy linkki ja salasana tallenteisiin projektip\u00e4\u00e4llikk\u00f6 Markus Vehni\u00e4iselt\u00e4.<\/p>\n\n\n\n<h2 class=\"wp-block-heading\">Yhteystiedot<\/h2>\n\n\n\n<p><strong>Markus Vehni\u00e4inen<\/strong>&nbsp;projektip\u00e4\u00e4llikk\u00f6<br>puh. 040 341 6377<br>markus.vehniainen(a)gradia.fi<\/p>\n\n\n\n<p><strong>Sarita Jylh\u00e4-Rastas<\/strong><br>projektikoordinaattori<br>puh. 040 132 5014<br>sarita.jylha-rastas(a)poke.fi<\/p>\n","protected":false},"excerpt":{"rendered":"<p>Askelmerkkej\u00e4 kest\u00e4v\u00e4\u00e4n yritt\u00e4jyyteen -hankkeen (ESR) tavoitteina ovat kest\u00e4v\u00e4n liiketoiminnan kehitt\u00e4minen ja kest\u00e4v\u00e4n yritt\u00e4jyyden toimintatavan mallintaminen Keski-Suomessa. Hankkeessa m\u00e4\u00e4ritet\u00e4\u00e4n kest\u00e4v\u00e4n liiketoiminnan kehitt\u00e4misen edellytykset ja osaamistarpeet pilotoimalla kest\u00e4v\u00e4n yritt\u00e4jyyden polku yrityksille ja opiskelijoille.&nbsp;Hankkeen aikana&nbsp;tuotetaan yritt\u00e4jyyden k\u00e4sikirja tukemaan kest\u00e4v\u00e4\u00e4 yritt\u00e4jyytt\u00e4.&nbsp;Hankkeen p\u00e4\u00e4toteuttaja on Jyv\u00e4skyl\u00e4n koulutuskuntayhtym\u00e4 Gradia, osatoteuttajana toimii&nbsp;\u00c4\u00e4nekosken ammatillisen koulutuksen kuntayhtym\u00e4 POKE.&nbsp;Hankkeen toiminta-aika on 1.3.2021\u201328.2.2023.&nbsp; Tavoitteet Kest\u00e4v\u00e4n liiketoiminnan ja [&hellip;]<\/p>\n","protected":false},"author":814,"featured_media":0,"parent":32,"menu_order":0,"comment_status":"closed","ping_status":"closed","template":"","meta":{"_uag_custom_page_level_css":"","footnotes":""},"class_list":["post-76","page","type-page","status-publish","hentry"],"yoast_head":"<!-- This site is optimized with the Yoast SEO plugin v27.3 - https:\/\/yoast.com\/product\/yoast-seo-wordpress\/ -->\n<title>Askelmerkkej\u00e4 kest\u00e4v\u00e4\u00e4n yritt\u00e4jyyteen - Vastuullinen tulevaisuus<\/title>\n<meta name=\"robots\" content=\"index, follow, max-snippet:-1, max-image-preview:large, max-video-preview:-1\" \/>\n<link rel=\"canonical\" href=\"https:\/\/blogit.gradia.fi\/vastuullisesti\/yhteystiedot\/askelmerkkeja-kestavaan-yrittajyyteen\/\" \/>\n<meta property=\"og:locale\" content=\"fi_FI\" \/>\n<meta property=\"og:type\" content=\"article\" \/>\n<meta property=\"og:title\" content=\"Askelmerkkej\u00e4 kest\u00e4v\u00e4\u00e4n yritt\u00e4jyyteen - Vastuullinen tulevaisuus\" \/>\n<meta property=\"og:description\" content=\"Askelmerkkej\u00e4 kest\u00e4v\u00e4\u00e4n yritt\u00e4jyyteen -hankkeen (ESR) tavoitteina ovat kest\u00e4v\u00e4n liiketoiminnan kehitt\u00e4minen ja kest\u00e4v\u00e4n yritt\u00e4jyyden toimintatavan mallintaminen Keski-Suomessa. Hankkeessa m\u00e4\u00e4ritet\u00e4\u00e4n kest\u00e4v\u00e4n liiketoiminnan kehitt\u00e4misen edellytykset ja osaamistarpeet pilotoimalla kest\u00e4v\u00e4n yritt\u00e4jyyden polku yrityksille ja opiskelijoille.&nbsp;Hankkeen aikana&nbsp;tuotetaan yritt\u00e4jyyden k\u00e4sikirja tukemaan kest\u00e4v\u00e4\u00e4 yritt\u00e4jyytt\u00e4.&nbsp;Hankkeen p\u00e4\u00e4toteuttaja on Jyv\u00e4skyl\u00e4n koulutuskuntayhtym\u00e4 Gradia, osatoteuttajana toimii&nbsp;\u00c4\u00e4nekosken ammatillisen koulutuksen kuntayhtym\u00e4 POKE.&nbsp;Hankkeen toiminta-aika on 1.3.2021\u201328.2.2023.&nbsp; Tavoitteet Kest\u00e4v\u00e4n liiketoiminnan ja [&hellip;]\" \/>\n<meta property=\"og:url\" content=\"https:\/\/blogit.gradia.fi\/vastuullisesti\/yhteystiedot\/askelmerkkeja-kestavaan-yrittajyyteen\/\" \/>\n<meta property=\"og:site_name\" content=\"Vastuullinen tulevaisuus\" \/>\n<meta property=\"article:modified_time\" content=\"2023-03-17T13:14:37+00:00\" \/>\n<meta name=\"twitter:card\" content=\"summary_large_image\" \/>\n<meta name=\"twitter:label1\" content=\"Arvioitu lukuaika\" \/>\n\t<meta name=\"twitter:data1\" content=\"2 minuuttia\" \/>\n<script type=\"application\/ld+json\" class=\"yoast-schema-graph\">{\"@context\":\"https:\\\/\\\/schema.org\",\"@graph\":[{\"@type\":\"WebPage\",\"@id\":\"https:\\\/\\\/blogit.gradia.fi\\\/vastuullisesti\\\/yhteystiedot\\\/askelmerkkeja-kestavaan-yrittajyyteen\\\/\",\"url\":\"https:\\\/\\\/blogit.gradia.fi\\\/vastuullisesti\\\/yhteystiedot\\\/askelmerkkeja-kestavaan-yrittajyyteen\\\/\",\"name\":\"Askelmerkkej\u00e4 kest\u00e4v\u00e4\u00e4n yritt\u00e4jyyteen - Vastuullinen tulevaisuus\",\"isPartOf\":{\"@id\":\"https:\\\/\\\/blogit.gradia.fi\\\/vastuullisesti\\\/#website\"},\"datePublished\":\"2021-11-19T07:56:05+00:00\",\"dateModified\":\"2023-03-17T13:14:37+00:00\",\"breadcrumb\":{\"@id\":\"https:\\\/\\\/blogit.gradia.fi\\\/vastuullisesti\\\/yhteystiedot\\\/askelmerkkeja-kestavaan-yrittajyyteen\\\/#breadcrumb\"},\"inLanguage\":\"fi\",\"potentialAction\":[{\"@type\":\"ReadAction\",\"target\":[\"https:\\\/\\\/blogit.gradia.fi\\\/vastuullisesti\\\/yhteystiedot\\\/askelmerkkeja-kestavaan-yrittajyyteen\\\/\"]}]},{\"@type\":\"BreadcrumbList\",\"@id\":\"https:\\\/\\\/blogit.gradia.fi\\\/vastuullisesti\\\/yhteystiedot\\\/askelmerkkeja-kestavaan-yrittajyyteen\\\/#breadcrumb\",\"itemListElement\":[{\"@type\":\"ListItem\",\"position\":1,\"name\":\"Etusivu\",\"item\":\"https:\\\/\\\/blogit.gradia.fi\\\/vastuullisesti\\\/\"},{\"@type\":\"ListItem\",\"position\":2,\"name\":\"Yhteystiedot\",\"item\":\"https:\\\/\\\/blogit.gradia.fi\\\/vastuullisesti\\\/yhteystiedot\\\/\"},{\"@type\":\"ListItem\",\"position\":3,\"name\":\"Askelmerkkej\u00e4 kest\u00e4v\u00e4\u00e4n yritt\u00e4jyyteen\"}]},{\"@type\":\"WebSite\",\"@id\":\"https:\\\/\\\/blogit.gradia.fi\\\/vastuullisesti\\\/#website\",\"url\":\"https:\\\/\\\/blogit.gradia.fi\\\/vastuullisesti\\\/\",\"name\":\"Vastuullinen tulevaisuus\",\"description\":\"Hankkeita yhteisty\u00f6ss\u00e4 ty\u00f6el\u00e4m\u00e4n ja opetusmaailman kanssa\",\"potentialAction\":[{\"@type\":\"SearchAction\",\"target\":{\"@type\":\"EntryPoint\",\"urlTemplate\":\"https:\\\/\\\/blogit.gradia.fi\\\/vastuullisesti\\\/?s={search_term_string}\"},\"query-input\":{\"@type\":\"PropertyValueSpecification\",\"valueRequired\":true,\"valueName\":\"search_term_string\"}}],\"inLanguage\":\"fi\"}]}<\/script>\n<!-- \/ Yoast SEO plugin. -->","yoast_head_json":{"title":"Askelmerkkej\u00e4 kest\u00e4v\u00e4\u00e4n yritt\u00e4jyyteen - Vastuullinen tulevaisuus","robots":{"index":"index","follow":"follow","max-snippet":"max-snippet:-1","max-image-preview":"max-image-preview:large","max-video-preview":"max-video-preview:-1"},"canonical":"https:\/\/blogit.gradia.fi\/vastuullisesti\/yhteystiedot\/askelmerkkeja-kestavaan-yrittajyyteen\/","og_locale":"fi_FI","og_type":"article","og_title":"Askelmerkkej\u00e4 kest\u00e4v\u00e4\u00e4n yritt\u00e4jyyteen - Vastuullinen tulevaisuus","og_description":"Askelmerkkej\u00e4 kest\u00e4v\u00e4\u00e4n yritt\u00e4jyyteen -hankkeen (ESR) tavoitteina ovat kest\u00e4v\u00e4n liiketoiminnan kehitt\u00e4minen ja kest\u00e4v\u00e4n yritt\u00e4jyyden toimintatavan mallintaminen Keski-Suomessa. Hankkeessa m\u00e4\u00e4ritet\u00e4\u00e4n kest\u00e4v\u00e4n liiketoiminnan kehitt\u00e4misen edellytykset ja osaamistarpeet pilotoimalla kest\u00e4v\u00e4n yritt\u00e4jyyden polku yrityksille ja opiskelijoille.&nbsp;Hankkeen aikana&nbsp;tuotetaan yritt\u00e4jyyden k\u00e4sikirja tukemaan kest\u00e4v\u00e4\u00e4 yritt\u00e4jyytt\u00e4.&nbsp;Hankkeen p\u00e4\u00e4toteuttaja on Jyv\u00e4skyl\u00e4n koulutuskuntayhtym\u00e4 Gradia, osatoteuttajana toimii&nbsp;\u00c4\u00e4nekosken ammatillisen koulutuksen kuntayhtym\u00e4 POKE.&nbsp;Hankkeen toiminta-aika on 1.3.2021\u201328.2.2023.&nbsp; Tavoitteet Kest\u00e4v\u00e4n liiketoiminnan ja [&hellip;]","og_url":"https:\/\/blogit.gradia.fi\/vastuullisesti\/yhteystiedot\/askelmerkkeja-kestavaan-yrittajyyteen\/","og_site_name":"Vastuullinen tulevaisuus","article_modified_time":"2023-03-17T13:14:37+00:00","twitter_card":"summary_large_image","twitter_misc":{"Arvioitu lukuaika":"2 minuuttia"},"schema":{"@context":"https:\/\/schema.org","@graph":[{"@type":"WebPage","@id":"https:\/\/blogit.gradia.fi\/vastuullisesti\/yhteystiedot\/askelmerkkeja-kestavaan-yrittajyyteen\/","url":"https:\/\/blogit.gradia.fi\/vastuullisesti\/yhteystiedot\/askelmerkkeja-kestavaan-yrittajyyteen\/","name":"Askelmerkkej\u00e4 kest\u00e4v\u00e4\u00e4n yritt\u00e4jyyteen - Vastuullinen tulevaisuus","isPartOf":{"@id":"https:\/\/blogit.gradia.fi\/vastuullisesti\/#website"},"datePublished":"2021-11-19T07:56:05+00:00","dateModified":"2023-03-17T13:14:37+00:00","breadcrumb":{"@id":"https:\/\/blogit.gradia.fi\/vastuullisesti\/yhteystiedot\/askelmerkkeja-kestavaan-yrittajyyteen\/#breadcrumb"},"inLanguage":"fi","potentialAction":[{"@type":"ReadAction","target":["https:\/\/blogit.gradia.fi\/vastuullisesti\/yhteystiedot\/askelmerkkeja-kestavaan-yrittajyyteen\/"]}]},{"@type":"BreadcrumbList","@id":"https:\/\/blogit.gradia.fi\/vastuullisesti\/yhteystiedot\/askelmerkkeja-kestavaan-yrittajyyteen\/#breadcrumb","itemListElement":[{"@type":"ListItem","position":1,"name":"Etusivu","item":"https:\/\/blogit.gradia.fi\/vastuullisesti\/"},{"@type":"ListItem","position":2,"name":"Yhteystiedot","item":"https:\/\/blogit.gradia.fi\/vastuullisesti\/yhteystiedot\/"},{"@type":"ListItem","position":3,"name":"Askelmerkkej\u00e4 kest\u00e4v\u00e4\u00e4n yritt\u00e4jyyteen"}]},{"@type":"WebSite","@id":"https:\/\/blogit.gradia.fi\/vastuullisesti\/#website","url":"https:\/\/blogit.gradia.fi\/vastuullisesti\/","name":"Vastuullinen tulevaisuus","description":"Hankkeita yhteisty\u00f6ss\u00e4 ty\u00f6el\u00e4m\u00e4n ja opetusmaailman kanssa","potentialAction":[{"@type":"SearchAction","target":{"@type":"EntryPoint","urlTemplate":"https:\/\/blogit.gradia.fi\/vastuullisesti\/?s={search_term_string}"},"query-input":{"@type":"PropertyValueSpecification","valueRequired":true,"valueName":"search_term_string"}}],"inLanguage":"fi"}]}},"uagb_featured_image_src":{"full":false,"thumbnail":false,"medium":false,"medium_large":false,"large":false,"1536x1536":false,"2048x2048":false,"post-thumbnail":false},"uagb_author_info":{"display_name":"Riina Virkkunen","author_link":"https:\/\/blogit.gradia.fi\/vastuullisesti\/author\/virkkrii\/"},"uagb_comment_info":0,"uagb_excerpt":"Askelmerkkej\u00e4 kest\u00e4v\u00e4\u00e4n yritt\u00e4jyyteen -hankkeen (ESR) tavoitteina ovat kest\u00e4v\u00e4n liiketoiminnan kehitt\u00e4minen ja kest\u00e4v\u00e4n yritt\u00e4jyyden toimintatavan mallintaminen Keski-Suomessa. Hankkeessa m\u00e4\u00e4ritet\u00e4\u00e4n kest\u00e4v\u00e4n liiketoiminnan kehitt\u00e4misen edellytykset ja osaamistarpeet pilotoimalla kest\u00e4v\u00e4n yritt\u00e4jyyden polku yrityksille ja opiskelijoille.&nbsp;Hankkeen aikana&nbsp;tuotetaan yritt\u00e4jyyden k\u00e4sikirja tukemaan kest\u00e4v\u00e4\u00e4 yritt\u00e4jyytt\u00e4.&nbsp;Hankkeen p\u00e4\u00e4toteuttaja on Jyv\u00e4skyl\u00e4n koulutuskuntayhtym\u00e4 Gradia, osatoteuttajana toimii&nbsp;\u00c4\u00e4nekosken ammatillisen koulutuksen kuntayhtym\u00e4 POKE.&nbsp;Hankkeen toiminta-aika on 1.3.2021\u201328.2.2023.&nbsp; Tavoitteet Kest\u00e4v\u00e4n liiketoiminnan ja&hellip;","_links":{"self":[{"href":"https:\/\/blogit.gradia.fi\/vastuullisesti\/wp-json\/wp\/v2\/pages\/76","targetHints":{"allow":["GET"]}}],"collection":[{"href":"https:\/\/blogit.gradia.fi\/vastuullisesti\/wp-json\/wp\/v2\/pages"}],"about":[{"href":"https:\/\/blogit.gradia.fi\/vastuullisesti\/wp-json\/wp\/v2\/types\/page"}],"author":[{"embeddable":true,"href":"https:\/\/blogit.gradia.fi\/vastuullisesti\/wp-json\/wp\/v2\/users\/814"}],"replies":[{"embeddable":true,"href":"https:\/\/blogit.gradia.fi\/vastuullisesti\/wp-json\/wp\/v2\/comments?post=76"}],"version-history":[{"count":6,"href":"https:\/\/blogit.gradia.fi\/vastuullisesti\/wp-json\/wp\/v2\/pages\/76\/revisions"}],"predecessor-version":[{"id":393,"href":"https:\/\/blogit.gradia.fi\/vastuullisesti\/wp-json\/wp\/v2\/pages\/76\/revisions\/393"}],"up":[{"embeddable":true,"href":"https:\/\/blogit.gradia.fi\/vastuullisesti\/wp-json\/wp\/v2\/pages\/32"}],"wp:attachment":[{"href":"https:\/\/blogit.gradia.fi\/vastuullisesti\/wp-json\/wp\/v2\/media?parent=76"}],"curies":[{"name":"wp","href":"https:\/\/api.w.org\/{rel}","templated":true}]}}