{"id":74,"date":"2021-11-19T09:55:34","date_gmt":"2021-11-19T07:55:34","guid":{"rendered":"https:\/\/blogit.gradia.fi\/vastuullisesti\/?page_id=74"},"modified":"2021-11-19T13:33:49","modified_gmt":"2021-11-19T11:33:49","slug":"polku-2-0","status":"publish","type":"page","link":"https:\/\/blogit.gradia.fi\/vastuullisesti\/yhteystiedot\/polku-2-0\/","title":{"rendered":"Polku 2.0"},"content":{"rendered":"\n<p>POLKU 2.0 tavoitteena on bio- ja kiertotalouden osaamisen kehitt\u00e4minen Keski-Suomessa. Hankkeen tarkoituksena on bio- ja kiertotalouden jatkuvan oppimisen tarjonnan, laadun ja osuvuuden parantaminen. Toiminta pohjautuu uudenlaiseen tapaan tehd\u00e4 ilmi\u00f6- ja oppijal\u00e4ht\u00f6ist\u00e4 yhteisty\u00f6t\u00e4 eri oppilaitosten ja ty\u00f6llist\u00e4jien kesken. Koulutustarjonnan ja koulutuspolkujen rakentamisessa huomioidaan kest\u00e4v\u00e4n tulevaisuuden kaikki ulottuvuudet. Bio- ja kiertotalouden opinnot ja koulutusmallit kuvataan Polkukarttaan, jonka avulla erilaiset koulutuspolut tehd\u00e4\u00e4n n\u00e4kyv\u00e4ksi eri kohderyhmille.<\/p>\n\n\n\n<h2 class=\"wp-block-heading\">Keskeiset toimenpiteet<\/h2>\n\n\n\n<p>1) Ty\u00f6el\u00e4m\u00e4yhteisty\u00f6 (ty\u00f6el\u00e4m\u00e4tarpeiden jatkuva kartoitus)<\/p>\n\n\n\n<p>2) Siirtym\u00e4vaiheiden kehitt\u00e4minen (oppilaitoksesta toiseen, oppilaitoksesta ty\u00f6el\u00e4m\u00e4\u00e4n)<\/p>\n\n\n\n<p>3) Polkukartan mallintaminen kest\u00e4v\u00e4\u00e4n bio- ja kiertotalouteen (oppimispolkujen suunnittelu oppijal\u00e4ht\u00f6isesti)<\/p>\n\n\n\n<p>Lopputuloksena syntyy synteesiraportti sek\u00e4 ty\u00f6el\u00e4m\u00e4l\u00e4ht\u00f6isesti rakennettu bio- ja kiertotalouden opetussis\u00e4lt\u00f6 ja Polkukartta yhteisty\u00f6malli, jota hy\u00f6dynnet\u00e4\u00e4n ura- ja opintoneuvonnassa.<\/p>\n\n\n\n<p>POLKU 2.0 -hanketta koordinoi Jyv\u00e4skyl\u00e4n yliopisto ja osatoteuttajina ovat Jyv\u00e4skyl\u00e4n koulutuskuntayhtym\u00e4 Gradian lis\u00e4ksi Jyv\u00e4skyl\u00e4n ammattikorkeakoulu sek\u00e4 Pohjoisen Keski-Suomen ammattiopisto POKE.<\/p>\n\n\n\n<p>Hankkeen p\u00e4\u00e4rahoittaja on Euroopan sosiaalirahasto, rahoittavana viranomaisena toimii Keski-Suomen ELY-keskus. Hanketta rahoittavat my\u00f6s Jyv\u00e4skyl\u00e4n, J\u00e4ms\u00e4n, \u00c4\u00e4nekosken ja Saarij\u00e4rven kunnat.<\/p>\n\n\n\n<p><a href=\"https:\/\/www.jyu.fi\/fi\/tutkimus\/wisdom\/polkukartta\/polku-2-0-hanke\" target=\"_blank\" rel=\"noreferrer noopener\">Lis\u00e4tietoa hankkeesta<\/a> (Jyv\u00e4skyl\u00e4n yliopisto)<\/p>\n\n\n\n<h2 class=\"wp-block-heading\">Yhteystiedot<\/h2>\n\n\n\n<p>Mira Ruth-Viitanen<br>mira.ruth-viitanen (a) gradia.fi<br>puh. 040\u00a0341 5832<\/p>\n","protected":false},"excerpt":{"rendered":"<p>POLKU 2.0 tavoitteena on bio- ja kiertotalouden osaamisen kehitt\u00e4minen Keski-Suomessa. Hankkeen tarkoituksena on bio- ja kiertotalouden jatkuvan oppimisen tarjonnan, laadun ja osuvuuden parantaminen. Toiminta pohjautuu uudenlaiseen tapaan tehd\u00e4 ilmi\u00f6- ja oppijal\u00e4ht\u00f6ist\u00e4 yhteisty\u00f6t\u00e4 eri oppilaitosten ja ty\u00f6llist\u00e4jien kesken. Koulutustarjonnan ja koulutuspolkujen rakentamisessa huomioidaan kest\u00e4v\u00e4n tulevaisuuden kaikki ulottuvuudet. Bio- ja kiertotalouden opinnot ja koulutusmallit kuvataan Polkukarttaan, jonka [&hellip;]<\/p>\n","protected":false},"author":814,"featured_media":0,"parent":32,"menu_order":1,"comment_status":"closed","ping_status":"closed","template":"","meta":{"_uag_custom_page_level_css":"","footnotes":""},"class_list":["post-74","page","type-page","status-publish","hentry"],"yoast_head":"<!-- This site is optimized with the Yoast SEO plugin v27.3 - https:\/\/yoast.com\/product\/yoast-seo-wordpress\/ -->\n<title>Polku 2.0 - Vastuullinen tulevaisuus<\/title>\n<meta name=\"robots\" content=\"index, follow, max-snippet:-1, max-image-preview:large, max-video-preview:-1\" \/>\n<link rel=\"canonical\" href=\"https:\/\/blogit.gradia.fi\/vastuullisesti\/yhteystiedot\/polku-2-0\/\" \/>\n<meta property=\"og:locale\" content=\"fi_FI\" \/>\n<meta property=\"og:type\" content=\"article\" \/>\n<meta property=\"og:title\" content=\"Polku 2.0 - Vastuullinen tulevaisuus\" \/>\n<meta property=\"og:description\" content=\"POLKU 2.0 tavoitteena on bio- ja kiertotalouden osaamisen kehitt\u00e4minen Keski-Suomessa. Hankkeen tarkoituksena on bio- ja kiertotalouden jatkuvan oppimisen tarjonnan, laadun ja osuvuuden parantaminen. Toiminta pohjautuu uudenlaiseen tapaan tehd\u00e4 ilmi\u00f6- ja oppijal\u00e4ht\u00f6ist\u00e4 yhteisty\u00f6t\u00e4 eri oppilaitosten ja ty\u00f6llist\u00e4jien kesken. Koulutustarjonnan ja koulutuspolkujen rakentamisessa huomioidaan kest\u00e4v\u00e4n tulevaisuuden kaikki ulottuvuudet. Bio- ja kiertotalouden opinnot ja koulutusmallit kuvataan Polkukarttaan, jonka [&hellip;]\" \/>\n<meta property=\"og:url\" content=\"https:\/\/blogit.gradia.fi\/vastuullisesti\/yhteystiedot\/polku-2-0\/\" \/>\n<meta property=\"og:site_name\" content=\"Vastuullinen tulevaisuus\" \/>\n<meta property=\"article:modified_time\" content=\"2021-11-19T11:33:49+00:00\" \/>\n<meta name=\"twitter:card\" content=\"summary_large_image\" \/>\n<meta name=\"twitter:label1\" content=\"Arvioitu lukuaika\" \/>\n\t<meta name=\"twitter:data1\" content=\"1 minuutti\" \/>\n<script type=\"application\/ld+json\" class=\"yoast-schema-graph\">{\"@context\":\"https:\\\/\\\/schema.org\",\"@graph\":[{\"@type\":\"WebPage\",\"@id\":\"https:\\\/\\\/blogit.gradia.fi\\\/vastuullisesti\\\/yhteystiedot\\\/polku-2-0\\\/\",\"url\":\"https:\\\/\\\/blogit.gradia.fi\\\/vastuullisesti\\\/yhteystiedot\\\/polku-2-0\\\/\",\"name\":\"Polku 2.0 - Vastuullinen tulevaisuus\",\"isPartOf\":{\"@id\":\"https:\\\/\\\/blogit.gradia.fi\\\/vastuullisesti\\\/#website\"},\"datePublished\":\"2021-11-19T07:55:34+00:00\",\"dateModified\":\"2021-11-19T11:33:49+00:00\",\"breadcrumb\":{\"@id\":\"https:\\\/\\\/blogit.gradia.fi\\\/vastuullisesti\\\/yhteystiedot\\\/polku-2-0\\\/#breadcrumb\"},\"inLanguage\":\"fi\",\"potentialAction\":[{\"@type\":\"ReadAction\",\"target\":[\"https:\\\/\\\/blogit.gradia.fi\\\/vastuullisesti\\\/yhteystiedot\\\/polku-2-0\\\/\"]}]},{\"@type\":\"BreadcrumbList\",\"@id\":\"https:\\\/\\\/blogit.gradia.fi\\\/vastuullisesti\\\/yhteystiedot\\\/polku-2-0\\\/#breadcrumb\",\"itemListElement\":[{\"@type\":\"ListItem\",\"position\":1,\"name\":\"Etusivu\",\"item\":\"https:\\\/\\\/blogit.gradia.fi\\\/vastuullisesti\\\/\"},{\"@type\":\"ListItem\",\"position\":2,\"name\":\"Yhteystiedot\",\"item\":\"https:\\\/\\\/blogit.gradia.fi\\\/vastuullisesti\\\/yhteystiedot\\\/\"},{\"@type\":\"ListItem\",\"position\":3,\"name\":\"Polku 2.0\"}]},{\"@type\":\"WebSite\",\"@id\":\"https:\\\/\\\/blogit.gradia.fi\\\/vastuullisesti\\\/#website\",\"url\":\"https:\\\/\\\/blogit.gradia.fi\\\/vastuullisesti\\\/\",\"name\":\"Vastuullinen tulevaisuus\",\"description\":\"Hankkeita yhteisty\u00f6ss\u00e4 ty\u00f6el\u00e4m\u00e4n ja opetusmaailman kanssa\",\"potentialAction\":[{\"@type\":\"SearchAction\",\"target\":{\"@type\":\"EntryPoint\",\"urlTemplate\":\"https:\\\/\\\/blogit.gradia.fi\\\/vastuullisesti\\\/?s={search_term_string}\"},\"query-input\":{\"@type\":\"PropertyValueSpecification\",\"valueRequired\":true,\"valueName\":\"search_term_string\"}}],\"inLanguage\":\"fi\"}]}<\/script>\n<!-- \/ Yoast SEO plugin. -->","yoast_head_json":{"title":"Polku 2.0 - Vastuullinen tulevaisuus","robots":{"index":"index","follow":"follow","max-snippet":"max-snippet:-1","max-image-preview":"max-image-preview:large","max-video-preview":"max-video-preview:-1"},"canonical":"https:\/\/blogit.gradia.fi\/vastuullisesti\/yhteystiedot\/polku-2-0\/","og_locale":"fi_FI","og_type":"article","og_title":"Polku 2.0 - Vastuullinen tulevaisuus","og_description":"POLKU 2.0 tavoitteena on bio- ja kiertotalouden osaamisen kehitt\u00e4minen Keski-Suomessa. Hankkeen tarkoituksena on bio- ja kiertotalouden jatkuvan oppimisen tarjonnan, laadun ja osuvuuden parantaminen. Toiminta pohjautuu uudenlaiseen tapaan tehd\u00e4 ilmi\u00f6- ja oppijal\u00e4ht\u00f6ist\u00e4 yhteisty\u00f6t\u00e4 eri oppilaitosten ja ty\u00f6llist\u00e4jien kesken. Koulutustarjonnan ja koulutuspolkujen rakentamisessa huomioidaan kest\u00e4v\u00e4n tulevaisuuden kaikki ulottuvuudet. Bio- ja kiertotalouden opinnot ja koulutusmallit kuvataan Polkukarttaan, jonka [&hellip;]","og_url":"https:\/\/blogit.gradia.fi\/vastuullisesti\/yhteystiedot\/polku-2-0\/","og_site_name":"Vastuullinen tulevaisuus","article_modified_time":"2021-11-19T11:33:49+00:00","twitter_card":"summary_large_image","twitter_misc":{"Arvioitu lukuaika":"1 minuutti"},"schema":{"@context":"https:\/\/schema.org","@graph":[{"@type":"WebPage","@id":"https:\/\/blogit.gradia.fi\/vastuullisesti\/yhteystiedot\/polku-2-0\/","url":"https:\/\/blogit.gradia.fi\/vastuullisesti\/yhteystiedot\/polku-2-0\/","name":"Polku 2.0 - Vastuullinen tulevaisuus","isPartOf":{"@id":"https:\/\/blogit.gradia.fi\/vastuullisesti\/#website"},"datePublished":"2021-11-19T07:55:34+00:00","dateModified":"2021-11-19T11:33:49+00:00","breadcrumb":{"@id":"https:\/\/blogit.gradia.fi\/vastuullisesti\/yhteystiedot\/polku-2-0\/#breadcrumb"},"inLanguage":"fi","potentialAction":[{"@type":"ReadAction","target":["https:\/\/blogit.gradia.fi\/vastuullisesti\/yhteystiedot\/polku-2-0\/"]}]},{"@type":"BreadcrumbList","@id":"https:\/\/blogit.gradia.fi\/vastuullisesti\/yhteystiedot\/polku-2-0\/#breadcrumb","itemListElement":[{"@type":"ListItem","position":1,"name":"Etusivu","item":"https:\/\/blogit.gradia.fi\/vastuullisesti\/"},{"@type":"ListItem","position":2,"name":"Yhteystiedot","item":"https:\/\/blogit.gradia.fi\/vastuullisesti\/yhteystiedot\/"},{"@type":"ListItem","position":3,"name":"Polku 2.0"}]},{"@type":"WebSite","@id":"https:\/\/blogit.gradia.fi\/vastuullisesti\/#website","url":"https:\/\/blogit.gradia.fi\/vastuullisesti\/","name":"Vastuullinen tulevaisuus","description":"Hankkeita yhteisty\u00f6ss\u00e4 ty\u00f6el\u00e4m\u00e4n ja opetusmaailman kanssa","potentialAction":[{"@type":"SearchAction","target":{"@type":"EntryPoint","urlTemplate":"https:\/\/blogit.gradia.fi\/vastuullisesti\/?s={search_term_string}"},"query-input":{"@type":"PropertyValueSpecification","valueRequired":true,"valueName":"search_term_string"}}],"inLanguage":"fi"}]}},"uagb_featured_image_src":{"full":false,"thumbnail":false,"medium":false,"medium_large":false,"large":false,"1536x1536":false,"2048x2048":false,"post-thumbnail":false},"uagb_author_info":{"display_name":"Riina Virkkunen","author_link":"https:\/\/blogit.gradia.fi\/vastuullisesti\/author\/virkkrii\/"},"uagb_comment_info":0,"uagb_excerpt":"POLKU 2.0 tavoitteena on bio- ja kiertotalouden osaamisen kehitt\u00e4minen Keski-Suomessa. Hankkeen tarkoituksena on bio- ja kiertotalouden jatkuvan oppimisen tarjonnan, laadun ja osuvuuden parantaminen. Toiminta pohjautuu uudenlaiseen tapaan tehd\u00e4 ilmi\u00f6- ja oppijal\u00e4ht\u00f6ist\u00e4 yhteisty\u00f6t\u00e4 eri oppilaitosten ja ty\u00f6llist\u00e4jien kesken. Koulutustarjonnan ja koulutuspolkujen rakentamisessa huomioidaan kest\u00e4v\u00e4n tulevaisuuden kaikki ulottuvuudet. Bio- ja kiertotalouden opinnot ja koulutusmallit kuvataan Polkukarttaan, jonka&hellip;","_links":{"self":[{"href":"https:\/\/blogit.gradia.fi\/vastuullisesti\/wp-json\/wp\/v2\/pages\/74","targetHints":{"allow":["GET"]}}],"collection":[{"href":"https:\/\/blogit.gradia.fi\/vastuullisesti\/wp-json\/wp\/v2\/pages"}],"about":[{"href":"https:\/\/blogit.gradia.fi\/vastuullisesti\/wp-json\/wp\/v2\/types\/page"}],"author":[{"embeddable":true,"href":"https:\/\/blogit.gradia.fi\/vastuullisesti\/wp-json\/wp\/v2\/users\/814"}],"replies":[{"embeddable":true,"href":"https:\/\/blogit.gradia.fi\/vastuullisesti\/wp-json\/wp\/v2\/comments?post=74"}],"version-history":[{"count":2,"href":"https:\/\/blogit.gradia.fi\/vastuullisesti\/wp-json\/wp\/v2\/pages\/74\/revisions"}],"predecessor-version":[{"id":93,"href":"https:\/\/blogit.gradia.fi\/vastuullisesti\/wp-json\/wp\/v2\/pages\/74\/revisions\/93"}],"up":[{"embeddable":true,"href":"https:\/\/blogit.gradia.fi\/vastuullisesti\/wp-json\/wp\/v2\/pages\/32"}],"wp:attachment":[{"href":"https:\/\/blogit.gradia.fi\/vastuullisesti\/wp-json\/wp\/v2\/media?parent=74"}],"curies":[{"name":"wp","href":"https:\/\/api.w.org\/{rel}","templated":true}]}}