{"id":287,"date":"2022-04-22T15:02:28","date_gmt":"2022-04-22T12:02:28","guid":{"rendered":"https:\/\/blogit.gradia.fi\/vastuullisesti\/?page_id=287"},"modified":"2022-04-22T15:14:22","modified_gmt":"2022-04-22T12:14:22","slug":"gradian-vihrea-siirtyma","status":"publish","type":"page","link":"https:\/\/blogit.gradia.fi\/vastuullisesti\/yhteystiedot\/gradian-vihrea-siirtyma\/","title":{"rendered":"Gradian vihre\u00e4 siirtym\u00e4"},"content":{"rendered":"\n<p>Gradian vihre\u00e4n siirtym\u00e4n tavoitteena on kest\u00e4v\u00e4n Gradian toimintakulttuurin luominen. Gradian strategian mukaisesti Gradia on hyvinvoiva ja kest\u00e4v\u00e4sti toimiva yhteis\u00f6 ja osana t\u00e4t\u00e4 t\u00e4hd\u00e4t\u00e4\u00e4n my\u00f6s hiilineutraaliin toimintaan 2030-luvulla. Strategian mukaisesti Gradialla tuotetaan osuvaa osaamista ty\u00f6el\u00e4m\u00e4\u00e4n nyt ja tulevaisuudessa. T\u00e4h\u00e4n pyrit\u00e4\u00e4n mm. varmistamalla tulevaisuuden ty\u00f6ntekij\u00f6iden kest\u00e4v\u00e4n k\u00e4denj\u00e4ljen osaaminen. Strategian toimeenpanoa ohjaa mm. Green book\u2013 Kest\u00e4v\u00e4n tulevaisuuden kehitt\u00e4misohjelma. Kehitt\u00e4misohjelmassa on kuvattu tavoitteet, joiden avulla Gradiaa l\u00e4hdet\u00e4\u00e4n viem\u00e4\u00e4n askel askeleelta kohti strategian mukaista hyvinvoivaa ja kest\u00e4v\u00e4sti toimivaa yhteis\u00f6\u00e4. L\u00e4hitulevaisuudessa kaikessa Gradian toiminnassa huomioidaan ekologinen, taloudellinen, sosiaalinen ja kulttuurinen kest\u00e4vyys osana yhteiskuntavastuuta. Gradian vihre\u00e4 siirtym\u00e4 -hanke on ty\u00f6kalu ja resurssi, jonka avulla vauhditetaan ja tuetaan strategian ja Green book:n mukaista kehitt\u00e4mist\u00e4.<\/p>\n\n\n\n<p>Gradian vihre\u00e4 siirtym\u00e4 on Opetushallituksen rahoittama ja osa Opetushallituksen ammatillisen koulutuksen kest\u00e4v\u00e4n kehityksen ja vihre\u00e4n siirtym\u00e4n kehitt\u00e4misohjelmaa. Hankkeen toiminta-aika on 16.12.2021 &#8211; 31.12.2023.<\/p>\n\n\n\n<h2 class=\"wp-block-heading\"><br><strong>Tavoitteet<\/strong><\/h2>\n\n\n\n<p>Tavoitteena on vahvistaa Gradian hiilijalanj\u00e4ljen minimointiin t\u00e4ht\u00e4\u00e4v\u00e4\u00e4 toimintaa. Gradian eri toimintojen hiilijalanj\u00e4lki lasketaan, mink\u00e4 pohjalta laaditaan ja toteutetaan suunnitelma hiilijalanj\u00e4ljen pienent\u00e4miseksi. Lis\u00e4ksi tavoitteena on osana luonnon monimuotoisuuden turvaamista pyrki\u00e4 my\u00f6s minimoimaan Gradian toimintojen aiheuttamat luontohaitat. Aiheutetut luontohaitat laskentaan m\u00e4\u00e4ritellyist\u00e4 toimista, mink\u00e4 pohjalta laaditaan ja toteutetaan toimenpiteit\u00e4 haittojen v\u00e4hent\u00e4miseksi. Luontohaittojen v\u00e4hent\u00e4miseksi annetaan my\u00f6s No Net Loss -yhteiskuntasitoumus luontokadon v\u00e4hent\u00e4miseksi yhdess\u00e4 muiden Jyv\u00e4skyl\u00e4n toimijoiden kanssa.<\/p>\n\n\n\n<p>Gradian kaikkien toimijoiden kest\u00e4vyystietoja ja -asenteita sek\u00e4 kest\u00e4v\u00e4n k\u00e4denj\u00e4ljen osaamista vahvistetaan osaksi oman ty\u00f6nkuvan kehitt\u00e4mist\u00e4. T\u00e4ss\u00e4 ty\u00f6ss\u00e4 hy\u00f6dynnet\u00e4\u00e4n mm Okka-kest\u00e4v\u00e4n tulevaisuuden kriteereit\u00e4 sek\u00e4 Agenda 2030 tavoitteita ja Sitran selvityksi\u00e4 kiertotalousosaamisesta osana ammattitaitoa. Tavoitteet ja toimenpiteet p\u00e4ivitet\u00e4\u00e4n Green Book &#8211; kehitt\u00e4misohjelmaan ja niist\u00e4 laaditaan visuaalinen Gradian kest\u00e4v\u00e4n tulevaisuuden tiekartta ja sit\u00e4 tukeva ilmastotiekartta. Tuloksena syntyy my\u00f6s Kest\u00e4v\u00e4sti toimiva Gradia -perehdytysmateriaali sek\u00e4 henkil\u00f6st\u00f6lle ett\u00e4 opiskelijoille ja Kest\u00e4v\u00e4n k\u00e4denj\u00e4ljen perehdytysmateriaali ty\u00f6paikkaohjaajille.<\/p>\n\n\n\n<p>Gradian kest\u00e4vyysty\u00f6n kehitt\u00e4mist\u00e4 tehd\u00e4\u00e4n yhteisty\u00f6ss\u00e4 alueellisesti sek\u00e4 toisen asteen ett\u00e4 korkea-asteen koulutuksen j\u00e4rjest\u00e4jien kanssa, mink\u00e4 lis\u00e4ksi osallistutaan kansalliseen verkostoyhteisty\u00f6h\u00f6n toimimalla aktiivisesti ammatillisen koulutuksen kest\u00e4vyystiekartan laatimisessa. Tavoitteena on my\u00f6s luoda malli Gradian vastuullisuusraportista sek\u00e4 julkaisemme ensimm\u00e4isen vastuullisuusraportti.<\/p>\n\n\n\n<h2 class=\"wp-block-heading\"><strong>Toimenpiteet<\/strong><\/h2>\n\n\n\n<ul class=\"wp-block-list\"><li>hiilijalanj\u00e4ljen laskenta ja sen pienent\u00e4miseen t\u00e4ht\u00e4\u00e4v\u00e4t toimenpiteet<\/li><li>luontohaittojen laskenta ja niiden pienent\u00e4miseen t\u00e4ht\u00e4\u00e4v\u00e4t toimenpiteet sek\u00e4 No Net Loss \u2013 yhteiskuntasitoumuksen antaminen luontokadon v\u00e4hent\u00e4miseksi<\/li><li>henkil\u00f6kunnan, opiskelijoiden ja ty\u00f6el\u00e4m\u00e4n kest\u00e4v\u00e4\u00e4 k\u00e4denj\u00e4lke\u00e4 vahvistaminen koulutuksien, viestinn\u00e4n ja Okka-itsearvioinnin avulla<\/li><li>kest\u00e4v\u00e4n toiminnan perehdytysmateriaalin laadinta<\/li><li>toteuttavien kest\u00e4vyystoimenpiteiden kokoaminen Gradian omaan kest\u00e4v\u00e4n tulevaisuuden tiekarttaan sek\u00e4 sen yhdist\u00e4minen kansalliseen ammatillisen koulutuksen tiekarttaan<\/li><li>Malli Gradian ensimm\u00e4isest\u00e4 vastuullisuusraportista<\/li><li>Osallistuminen ja yhteisty\u00f6 paikallisten, alueellisten ja kansallisten kest\u00e4vyys- ja vastuullisuusty\u00f6n kanssa<\/li><\/ul>\n\n\n\n<h2 class=\"wp-block-heading\"><strong>Yhteystiedot<\/strong><\/h2>\n\n\n\n<p>Jaana Tuppurainen, projektip\u00e4\u00e4llikk\u00f6<br>puh. 040\u00a0341 4553, etunimi.sukunimi@gradia.fi<\/p>\n\n\n\n<p><\/p>\n\n\n\n<div class=\"wp-block-media-text alignwide has-media-on-the-right is-stacked-on-mobile\" style=\"grid-template-columns:auto 15%\"><figure class=\"wp-block-media-text__media\"><img loading=\"lazy\" decoding=\"async\" width=\"170\" height=\"165\" src=\"https:\/\/blogit.gradia.fi\/vastuullisesti\/wp-content\/uploads\/sites\/273\/2022\/04\/image.png\" alt=\"\" class=\"wp-image-292 size-full\" \/><\/figure><div class=\"wp-block-media-text__content\">\n<p><em>Gradialla on yhteinen kest\u00e4v\u00e4 katto, jonka alla eri kampukset ja yksik\u00f6t toteuttavat ja jakavat osaamistaan omien alojen l\u00e4ht\u00f6kohdista k\u00e4sin, jatkuvana prosessina, osana jokap\u00e4iv\u00e4ist\u00e4 toimintaa. Johdolla on selke\u00e4 tahtotila tukea, viesti\u00e4 ja vied\u00e4 kest\u00e4v\u00e4\u00e4 toimintaa Gradian sis\u00e4ll\u00e4 ja ulkopuolella sek\u00e4 varmistaa, ett\u00e4 toimitaan arvojen mukaisesti. Opettajilla ja henkil\u00f6kunnalla on l\u00e4hiesimiesten vahva tuki ja resurssi tunnistaa, k\u00e4ynnist\u00e4\u00e4 ja kehitt\u00e4\u00e4 sek\u00e4 edelleen v\u00e4litt\u00e4\u00e4 opiskelijoille ja ty\u00f6el\u00e4m\u00e4lle kest\u00e4vyysosaamista omilla aloillaan. Koko Gradialla on OKKA-s\u00e4\u00e4ti\u00f6n my\u00f6nt\u00e4m\u00e4 Kest\u00e4v\u00e4n kehityksen sertifikaatti.<\/em><\/p>\n<\/div><\/div>\n","protected":false},"excerpt":{"rendered":"<p>Gradian vihre\u00e4n siirtym\u00e4n tavoitteena on kest\u00e4v\u00e4n Gradian toimintakulttuurin luominen. Gradian strategian mukaisesti Gradia on hyvinvoiva ja kest\u00e4v\u00e4sti toimiva yhteis\u00f6 ja osana t\u00e4t\u00e4 t\u00e4hd\u00e4t\u00e4\u00e4n my\u00f6s hiilineutraaliin toimintaan 2030-luvulla. Strategian mukaisesti Gradialla tuotetaan osuvaa osaamista ty\u00f6el\u00e4m\u00e4\u00e4n nyt ja tulevaisuudessa. T\u00e4h\u00e4n pyrit\u00e4\u00e4n mm. varmistamalla tulevaisuuden ty\u00f6ntekij\u00f6iden kest\u00e4v\u00e4n k\u00e4denj\u00e4ljen osaaminen. Strategian toimeenpanoa ohjaa mm. Green book\u2013 Kest\u00e4v\u00e4n tulevaisuuden kehitt\u00e4misohjelma. [&hellip;]<\/p>\n","protected":false},"author":814,"featured_media":0,"parent":32,"menu_order":6,"comment_status":"closed","ping_status":"closed","template":"","meta":{"_uag_custom_page_level_css":"","footnotes":""},"class_list":["post-287","page","type-page","status-publish","hentry"],"yoast_head":"<!-- This site is optimized with the Yoast SEO plugin v27.3 - https:\/\/yoast.com\/product\/yoast-seo-wordpress\/ -->\n<title>Gradian vihre\u00e4 siirtym\u00e4 - Vastuullinen tulevaisuus<\/title>\n<meta name=\"robots\" content=\"index, follow, max-snippet:-1, max-image-preview:large, max-video-preview:-1\" \/>\n<link rel=\"canonical\" href=\"https:\/\/blogit.gradia.fi\/vastuullisesti\/yhteystiedot\/gradian-vihrea-siirtyma\/\" \/>\n<meta property=\"og:locale\" content=\"fi_FI\" \/>\n<meta property=\"og:type\" content=\"article\" \/>\n<meta property=\"og:title\" content=\"Gradian vihre\u00e4 siirtym\u00e4 - Vastuullinen tulevaisuus\" \/>\n<meta property=\"og:description\" content=\"Gradian vihre\u00e4n siirtym\u00e4n tavoitteena on kest\u00e4v\u00e4n Gradian toimintakulttuurin luominen. Gradian strategian mukaisesti Gradia on hyvinvoiva ja kest\u00e4v\u00e4sti toimiva yhteis\u00f6 ja osana t\u00e4t\u00e4 t\u00e4hd\u00e4t\u00e4\u00e4n my\u00f6s hiilineutraaliin toimintaan 2030-luvulla. Strategian mukaisesti Gradialla tuotetaan osuvaa osaamista ty\u00f6el\u00e4m\u00e4\u00e4n nyt ja tulevaisuudessa. T\u00e4h\u00e4n pyrit\u00e4\u00e4n mm. varmistamalla tulevaisuuden ty\u00f6ntekij\u00f6iden kest\u00e4v\u00e4n k\u00e4denj\u00e4ljen osaaminen. Strategian toimeenpanoa ohjaa mm. Green book\u2013 Kest\u00e4v\u00e4n tulevaisuuden kehitt\u00e4misohjelma. [&hellip;]\" \/>\n<meta property=\"og:url\" content=\"https:\/\/blogit.gradia.fi\/vastuullisesti\/yhteystiedot\/gradian-vihrea-siirtyma\/\" \/>\n<meta property=\"og:site_name\" content=\"Vastuullinen tulevaisuus\" \/>\n<meta property=\"article:modified_time\" content=\"2022-04-22T12:14:22+00:00\" \/>\n<meta property=\"og:image\" content=\"https:\/\/blogit.gradia.fi\/vastuullisesti\/wp-content\/uploads\/sites\/273\/2022\/04\/image.png\" \/>\n<meta name=\"twitter:card\" content=\"summary_large_image\" \/>\n<meta name=\"twitter:label1\" content=\"Arvioitu lukuaika\" \/>\n\t<meta name=\"twitter:data1\" content=\"3 minuuttia\" \/>\n<script type=\"application\/ld+json\" class=\"yoast-schema-graph\">{\"@context\":\"https:\\\/\\\/schema.org\",\"@graph\":[{\"@type\":\"WebPage\",\"@id\":\"https:\\\/\\\/blogit.gradia.fi\\\/vastuullisesti\\\/yhteystiedot\\\/gradian-vihrea-siirtyma\\\/\",\"url\":\"https:\\\/\\\/blogit.gradia.fi\\\/vastuullisesti\\\/yhteystiedot\\\/gradian-vihrea-siirtyma\\\/\",\"name\":\"Gradian vihre\u00e4 siirtym\u00e4 - Vastuullinen tulevaisuus\",\"isPartOf\":{\"@id\":\"https:\\\/\\\/blogit.gradia.fi\\\/vastuullisesti\\\/#website\"},\"primaryImageOfPage\":{\"@id\":\"https:\\\/\\\/blogit.gradia.fi\\\/vastuullisesti\\\/yhteystiedot\\\/gradian-vihrea-siirtyma\\\/#primaryimage\"},\"image\":{\"@id\":\"https:\\\/\\\/blogit.gradia.fi\\\/vastuullisesti\\\/yhteystiedot\\\/gradian-vihrea-siirtyma\\\/#primaryimage\"},\"thumbnailUrl\":\"https:\\\/\\\/blogit.gradia.fi\\\/vastuullisesti\\\/wp-content\\\/uploads\\\/sites\\\/273\\\/2022\\\/04\\\/image.png\",\"datePublished\":\"2022-04-22T12:02:28+00:00\",\"dateModified\":\"2022-04-22T12:14:22+00:00\",\"breadcrumb\":{\"@id\":\"https:\\\/\\\/blogit.gradia.fi\\\/vastuullisesti\\\/yhteystiedot\\\/gradian-vihrea-siirtyma\\\/#breadcrumb\"},\"inLanguage\":\"fi\",\"potentialAction\":[{\"@type\":\"ReadAction\",\"target\":[\"https:\\\/\\\/blogit.gradia.fi\\\/vastuullisesti\\\/yhteystiedot\\\/gradian-vihrea-siirtyma\\\/\"]}]},{\"@type\":\"ImageObject\",\"inLanguage\":\"fi\",\"@id\":\"https:\\\/\\\/blogit.gradia.fi\\\/vastuullisesti\\\/yhteystiedot\\\/gradian-vihrea-siirtyma\\\/#primaryimage\",\"url\":\"https:\\\/\\\/blogit.gradia.fi\\\/vastuullisesti\\\/wp-content\\\/uploads\\\/sites\\\/273\\\/2022\\\/04\\\/image.png\",\"contentUrl\":\"https:\\\/\\\/blogit.gradia.fi\\\/vastuullisesti\\\/wp-content\\\/uploads\\\/sites\\\/273\\\/2022\\\/04\\\/image.png\",\"width\":170,\"height\":165},{\"@type\":\"BreadcrumbList\",\"@id\":\"https:\\\/\\\/blogit.gradia.fi\\\/vastuullisesti\\\/yhteystiedot\\\/gradian-vihrea-siirtyma\\\/#breadcrumb\",\"itemListElement\":[{\"@type\":\"ListItem\",\"position\":1,\"name\":\"Etusivu\",\"item\":\"https:\\\/\\\/blogit.gradia.fi\\\/vastuullisesti\\\/\"},{\"@type\":\"ListItem\",\"position\":2,\"name\":\"Yhteystiedot\",\"item\":\"https:\\\/\\\/blogit.gradia.fi\\\/vastuullisesti\\\/yhteystiedot\\\/\"},{\"@type\":\"ListItem\",\"position\":3,\"name\":\"Gradian vihre\u00e4 siirtym\u00e4\"}]},{\"@type\":\"WebSite\",\"@id\":\"https:\\\/\\\/blogit.gradia.fi\\\/vastuullisesti\\\/#website\",\"url\":\"https:\\\/\\\/blogit.gradia.fi\\\/vastuullisesti\\\/\",\"name\":\"Vastuullinen tulevaisuus\",\"description\":\"Hankkeita yhteisty\u00f6ss\u00e4 ty\u00f6el\u00e4m\u00e4n ja opetusmaailman kanssa\",\"potentialAction\":[{\"@type\":\"SearchAction\",\"target\":{\"@type\":\"EntryPoint\",\"urlTemplate\":\"https:\\\/\\\/blogit.gradia.fi\\\/vastuullisesti\\\/?s={search_term_string}\"},\"query-input\":{\"@type\":\"PropertyValueSpecification\",\"valueRequired\":true,\"valueName\":\"search_term_string\"}}],\"inLanguage\":\"fi\"}]}<\/script>\n<!-- \/ Yoast SEO plugin. -->","yoast_head_json":{"title":"Gradian vihre\u00e4 siirtym\u00e4 - Vastuullinen tulevaisuus","robots":{"index":"index","follow":"follow","max-snippet":"max-snippet:-1","max-image-preview":"max-image-preview:large","max-video-preview":"max-video-preview:-1"},"canonical":"https:\/\/blogit.gradia.fi\/vastuullisesti\/yhteystiedot\/gradian-vihrea-siirtyma\/","og_locale":"fi_FI","og_type":"article","og_title":"Gradian vihre\u00e4 siirtym\u00e4 - Vastuullinen tulevaisuus","og_description":"Gradian vihre\u00e4n siirtym\u00e4n tavoitteena on kest\u00e4v\u00e4n Gradian toimintakulttuurin luominen. Gradian strategian mukaisesti Gradia on hyvinvoiva ja kest\u00e4v\u00e4sti toimiva yhteis\u00f6 ja osana t\u00e4t\u00e4 t\u00e4hd\u00e4t\u00e4\u00e4n my\u00f6s hiilineutraaliin toimintaan 2030-luvulla. Strategian mukaisesti Gradialla tuotetaan osuvaa osaamista ty\u00f6el\u00e4m\u00e4\u00e4n nyt ja tulevaisuudessa. T\u00e4h\u00e4n pyrit\u00e4\u00e4n mm. varmistamalla tulevaisuuden ty\u00f6ntekij\u00f6iden kest\u00e4v\u00e4n k\u00e4denj\u00e4ljen osaaminen. Strategian toimeenpanoa ohjaa mm. Green book\u2013 Kest\u00e4v\u00e4n tulevaisuuden kehitt\u00e4misohjelma. [&hellip;]","og_url":"https:\/\/blogit.gradia.fi\/vastuullisesti\/yhteystiedot\/gradian-vihrea-siirtyma\/","og_site_name":"Vastuullinen tulevaisuus","article_modified_time":"2022-04-22T12:14:22+00:00","og_image":[{"url":"https:\/\/blogit.gradia.fi\/vastuullisesti\/wp-content\/uploads\/sites\/273\/2022\/04\/image.png","type":"","width":"","height":""}],"twitter_card":"summary_large_image","twitter_misc":{"Arvioitu lukuaika":"3 minuuttia"},"schema":{"@context":"https:\/\/schema.org","@graph":[{"@type":"WebPage","@id":"https:\/\/blogit.gradia.fi\/vastuullisesti\/yhteystiedot\/gradian-vihrea-siirtyma\/","url":"https:\/\/blogit.gradia.fi\/vastuullisesti\/yhteystiedot\/gradian-vihrea-siirtyma\/","name":"Gradian vihre\u00e4 siirtym\u00e4 - Vastuullinen tulevaisuus","isPartOf":{"@id":"https:\/\/blogit.gradia.fi\/vastuullisesti\/#website"},"primaryImageOfPage":{"@id":"https:\/\/blogit.gradia.fi\/vastuullisesti\/yhteystiedot\/gradian-vihrea-siirtyma\/#primaryimage"},"image":{"@id":"https:\/\/blogit.gradia.fi\/vastuullisesti\/yhteystiedot\/gradian-vihrea-siirtyma\/#primaryimage"},"thumbnailUrl":"https:\/\/blogit.gradia.fi\/vastuullisesti\/wp-content\/uploads\/sites\/273\/2022\/04\/image.png","datePublished":"2022-04-22T12:02:28+00:00","dateModified":"2022-04-22T12:14:22+00:00","breadcrumb":{"@id":"https:\/\/blogit.gradia.fi\/vastuullisesti\/yhteystiedot\/gradian-vihrea-siirtyma\/#breadcrumb"},"inLanguage":"fi","potentialAction":[{"@type":"ReadAction","target":["https:\/\/blogit.gradia.fi\/vastuullisesti\/yhteystiedot\/gradian-vihrea-siirtyma\/"]}]},{"@type":"ImageObject","inLanguage":"fi","@id":"https:\/\/blogit.gradia.fi\/vastuullisesti\/yhteystiedot\/gradian-vihrea-siirtyma\/#primaryimage","url":"https:\/\/blogit.gradia.fi\/vastuullisesti\/wp-content\/uploads\/sites\/273\/2022\/04\/image.png","contentUrl":"https:\/\/blogit.gradia.fi\/vastuullisesti\/wp-content\/uploads\/sites\/273\/2022\/04\/image.png","width":170,"height":165},{"@type":"BreadcrumbList","@id":"https:\/\/blogit.gradia.fi\/vastuullisesti\/yhteystiedot\/gradian-vihrea-siirtyma\/#breadcrumb","itemListElement":[{"@type":"ListItem","position":1,"name":"Etusivu","item":"https:\/\/blogit.gradia.fi\/vastuullisesti\/"},{"@type":"ListItem","position":2,"name":"Yhteystiedot","item":"https:\/\/blogit.gradia.fi\/vastuullisesti\/yhteystiedot\/"},{"@type":"ListItem","position":3,"name":"Gradian vihre\u00e4 siirtym\u00e4"}]},{"@type":"WebSite","@id":"https:\/\/blogit.gradia.fi\/vastuullisesti\/#website","url":"https:\/\/blogit.gradia.fi\/vastuullisesti\/","name":"Vastuullinen tulevaisuus","description":"Hankkeita yhteisty\u00f6ss\u00e4 ty\u00f6el\u00e4m\u00e4n ja opetusmaailman kanssa","potentialAction":[{"@type":"SearchAction","target":{"@type":"EntryPoint","urlTemplate":"https:\/\/blogit.gradia.fi\/vastuullisesti\/?s={search_term_string}"},"query-input":{"@type":"PropertyValueSpecification","valueRequired":true,"valueName":"search_term_string"}}],"inLanguage":"fi"}]}},"uagb_featured_image_src":{"full":false,"thumbnail":false,"medium":false,"medium_large":false,"large":false,"1536x1536":false,"2048x2048":false,"post-thumbnail":false},"uagb_author_info":{"display_name":"Riina Virkkunen","author_link":"https:\/\/blogit.gradia.fi\/vastuullisesti\/author\/virkkrii\/"},"uagb_comment_info":0,"uagb_excerpt":"Gradian vihre\u00e4n siirtym\u00e4n tavoitteena on kest\u00e4v\u00e4n Gradian toimintakulttuurin luominen. Gradian strategian mukaisesti Gradia on hyvinvoiva ja kest\u00e4v\u00e4sti toimiva yhteis\u00f6 ja osana t\u00e4t\u00e4 t\u00e4hd\u00e4t\u00e4\u00e4n my\u00f6s hiilineutraaliin toimintaan 2030-luvulla. Strategian mukaisesti Gradialla tuotetaan osuvaa osaamista ty\u00f6el\u00e4m\u00e4\u00e4n nyt ja tulevaisuudessa. T\u00e4h\u00e4n pyrit\u00e4\u00e4n mm. varmistamalla tulevaisuuden ty\u00f6ntekij\u00f6iden kest\u00e4v\u00e4n k\u00e4denj\u00e4ljen osaaminen. Strategian toimeenpanoa ohjaa mm. Green book\u2013 Kest\u00e4v\u00e4n tulevaisuuden kehitt\u00e4misohjelma.&hellip;","_links":{"self":[{"href":"https:\/\/blogit.gradia.fi\/vastuullisesti\/wp-json\/wp\/v2\/pages\/287","targetHints":{"allow":["GET"]}}],"collection":[{"href":"https:\/\/blogit.gradia.fi\/vastuullisesti\/wp-json\/wp\/v2\/pages"}],"about":[{"href":"https:\/\/blogit.gradia.fi\/vastuullisesti\/wp-json\/wp\/v2\/types\/page"}],"author":[{"embeddable":true,"href":"https:\/\/blogit.gradia.fi\/vastuullisesti\/wp-json\/wp\/v2\/users\/814"}],"replies":[{"embeddable":true,"href":"https:\/\/blogit.gradia.fi\/vastuullisesti\/wp-json\/wp\/v2\/comments?post=287"}],"version-history":[{"count":3,"href":"https:\/\/blogit.gradia.fi\/vastuullisesti\/wp-json\/wp\/v2\/pages\/287\/revisions"}],"predecessor-version":[{"id":294,"href":"https:\/\/blogit.gradia.fi\/vastuullisesti\/wp-json\/wp\/v2\/pages\/287\/revisions\/294"}],"up":[{"embeddable":true,"href":"https:\/\/blogit.gradia.fi\/vastuullisesti\/wp-json\/wp\/v2\/pages\/32"}],"wp:attachment":[{"href":"https:\/\/blogit.gradia.fi\/vastuullisesti\/wp-json\/wp\/v2\/media?parent=287"}],"curies":[{"name":"wp","href":"https:\/\/api.w.org\/{rel}","templated":true}]}}