{"id":28,"date":"2021-11-18T12:59:19","date_gmt":"2021-11-18T10:59:19","guid":{"rendered":"https:\/\/blogit.gradia.fi\/vastuullisesti\/?page_id=28"},"modified":"2022-12-12T13:25:44","modified_gmt":"2022-12-12T11:25:44","slug":"ajankohtaista","status":"publish","type":"page","link":"https:\/\/blogit.gradia.fi\/vastuullisesti\/ajankohtaista\/","title":{"rendered":"Ajankohtaista"},"content":{"rendered":"\n<p> J\u00e4rjest\u00e4mme erilaisia tapahtumia liittyen kest\u00e4vyyden ja vastuullisuuden teemoihin. Ilmoittaudu mukaan! <\/p>\n\n\n\n<p class=\"has-text-align-right\"><strong>T\u00e4ydenn\u00e4 kest\u00e4vyysosaamistasi maksuttomissa Polkukartta-koulutuksissa<\/strong><\/p>\n\n\n\n<p>Kaikilla aloilla tarvitaan osaamista kest\u00e4vyydest\u00e4 ja vastuullisuudesta. Mutta miten l\u00e4hte\u00e4 liikkeelle ja kuinka edet\u00e4 vastuullisuusty\u00f6ss\u00e4? Ajankohtaiseen teemaan keskittyv\u00e4\u00e4 k\u00e4yt\u00e4nn\u00f6nl\u00e4heist\u00e4 koulutusta on nyt tarjolla maksuttomasti. Gradian, Jyv\u00e4skyl\u00e4n yliopiston, Jyv\u00e4skyl\u00e4n ammattikorkeakoulun ja Pohjoisen Keski-Suomen ammattiopiston yhteiset Polkukartta-koulutukset k\u00e4sittelev\u00e4t kest\u00e4vyysteemoja ty\u00f6el\u00e4m\u00e4n tarpeiden n\u00e4k\u00f6kulmasta. Tutustu tuleviin koulutuksiin ja ilmoittaudu mukaan <a href=\"https:\/\/www.jyu.fi\/fi\/tutkimus\/wisdom\/polkukartta\/koulutukset\">Polkukartta-koulutusten sivulla<\/a>.<\/p>\n\n\n\n<hr class=\"wp-block-separator has-css-opacity\" \/>\n\n\n\n<div class=\"wp-block-columns is-layout-flex wp-container-core-columns-is-layout-9d6595d7 wp-block-columns-is-layout-flex\">\n<div class=\"wp-block-column is-layout-flow wp-block-column-is-layout-flow\" style=\"flex-basis:33.33%\">\n<h4 class=\"wp-block-heading\">9.5.2022<\/h4>\n<\/div>\n\n\n\n<div class=\"wp-block-column is-layout-flow wp-block-column-is-layout-flow\" style=\"flex-basis:66.66%\">\n<p><strong>Webinaari <\/strong> &#8211; Vastuullisuusviestinn\u00e4n sparraus klo 17-19<\/p>\n<\/div>\n<\/div>\n\n\n\n<p><strong>Puhuja: Marika Mesim\u00e4ki, Oakhill Group <\/strong>Vastuullisuusviestinn\u00e4n pitk\u00e4n linjan ammattilainen Marika Mesim\u00e4ki kertoo kahden tunnin sparrauksessa k\u00e4yt\u00e4nn\u00f6n esimerkkien avulla, miten yritys voi ja miksi sen kannattaa viesti\u00e4 vastuullisuudestaan. Markikan sanoin: &#8221;Haluaisin k\u00e4\u00e4nt\u00e4\u00e4 ajatuksen siihen, ett\u00e4 vastuullisuus tuo liiketoimintaan arvoa, kuten parempia asiakaskokemuksia ja motivoituneempia ty\u00f6ntekij\u00f6it\u00e4. Parhaassa tapauksessa se voi luoda aivan uutta liiketoimintaa. Vastuullisesti toimiva ja selke\u00e4sti viestiv\u00e4 yritys luo itselleen my\u00f6s uskollisempia asiakkaita.&#8221;   <\/p>\n\n\n\n<p><strong>Ilmoittautuminen: <\/strong><\/p>\n\n\n\n<p>Markus Vehni\u00e4inen, puh. 040 341 6377, markus.vehniainen(a)gradia.fi TAI<br>Sarita Jylh\u00e4-Rastas, puh. 040 132 5014, sarita.jylha-rastas(a)poke.fi<\/p>\n\n\n\n<hr class=\"wp-block-separator has-css-opacity\" \/>\n\n\n\n<div class=\"wp-block-columns is-layout-flex wp-container-core-columns-is-layout-9d6595d7 wp-block-columns-is-layout-flex\">\n<div class=\"wp-block-column is-layout-flow wp-block-column-is-layout-flow\" style=\"flex-basis:33.33%\">\n<h4 class=\"wp-block-heading\"><\/h4>\n<\/div>\n\n\n\n<div class=\"wp-block-column is-layout-flow wp-block-column-is-layout-flow\" style=\"flex-basis:66.66%\">\n<p><strong>Yrityskohtaiset sparraukset kest\u00e4v\u00e4\u00e4n liiketoimintaan<\/strong><\/p>\n<\/div>\n<\/div>\n\n\n\n<p>Askelmerkkej\u00e4 kest\u00e4v\u00e4\u00e4n yritt\u00e4jyyteen -hankkeessa j\u00e4rjestet\u00e4\u00e4n mukana oleville <a href=\"https:\/\/blogit.gradia.fi\/vastuullisesti\/2022\/03\/07\/kasvata-kestavyysosaamistasi\/\">yrityksille sparrausta.<\/a> Tarkoituksena on kehitt\u00e4\u00e4 yrityksen kest\u00e4vyyteen liittyvi\u00e4 haasteita yrityskohtaisesti. Ilmoittaudu mukaan sparrausvalmennukseen s\u00e4hk\u00f6postitse markus.vehniainen(a)gradia.fi tai sarita.jylha-rastas(a)poke.fi<\/p>\n","protected":false},"excerpt":{"rendered":"<p>J\u00e4rjest\u00e4mme erilaisia tapahtumia liittyen kest\u00e4vyyden ja vastuullisuuden teemoihin. Ilmoittaudu mukaan! T\u00e4ydenn\u00e4 kest\u00e4vyysosaamistasi maksuttomissa Polkukartta-koulutuksissa Kaikilla aloilla tarvitaan osaamista kest\u00e4vyydest\u00e4 ja vastuullisuudesta. Mutta miten l\u00e4hte\u00e4 liikkeelle ja kuinka edet\u00e4 vastuullisuusty\u00f6ss\u00e4? Ajankohtaiseen teemaan keskittyv\u00e4\u00e4 k\u00e4yt\u00e4nn\u00f6nl\u00e4heist\u00e4 koulutusta on nyt tarjolla maksuttomasti. Gradian, Jyv\u00e4skyl\u00e4n yliopiston, Jyv\u00e4skyl\u00e4n ammattikorkeakoulun ja Pohjoisen Keski-Suomen ammattiopiston yhteiset Polkukartta-koulutukset k\u00e4sittelev\u00e4t kest\u00e4vyysteemoja ty\u00f6el\u00e4m\u00e4n tarpeiden n\u00e4k\u00f6kulmasta. Tutustu [&hellip;]<\/p>\n","protected":false},"author":814,"featured_media":0,"parent":0,"menu_order":0,"comment_status":"closed","ping_status":"closed","template":"","meta":{"_uag_custom_page_level_css":"","footnotes":""},"class_list":["post-28","page","type-page","status-publish","hentry"],"yoast_head":"<!-- This site is optimized with the Yoast SEO plugin v27.3 - https:\/\/yoast.com\/product\/yoast-seo-wordpress\/ -->\n<title>Ajankohtaista - Vastuullinen tulevaisuus<\/title>\n<meta name=\"description\" content=\"J\u00e4rjest\u00e4mme erilaisia tapahtumia liittyen kest\u00e4vyyden ja vastuullisuuden teemoihin. Ilmoittaudu mukaan!\" \/>\n<meta name=\"robots\" content=\"index, follow, max-snippet:-1, max-image-preview:large, max-video-preview:-1\" \/>\n<link rel=\"canonical\" href=\"https:\/\/blogit.gradia.fi\/vastuullisesti\/ajankohtaista\/\" \/>\n<meta property=\"og:locale\" content=\"fi_FI\" \/>\n<meta property=\"og:type\" content=\"article\" \/>\n<meta property=\"og:title\" content=\"Ajankohtaista - Vastuullinen tulevaisuus\" \/>\n<meta property=\"og:description\" content=\"J\u00e4rjest\u00e4mme erilaisia tapahtumia liittyen kest\u00e4vyyden ja vastuullisuuden teemoihin. Ilmoittaudu mukaan!\" \/>\n<meta property=\"og:url\" content=\"https:\/\/blogit.gradia.fi\/vastuullisesti\/ajankohtaista\/\" \/>\n<meta property=\"og:site_name\" content=\"Vastuullinen tulevaisuus\" \/>\n<meta property=\"article:modified_time\" content=\"2022-12-12T11:25:44+00:00\" \/>\n<meta name=\"twitter:card\" content=\"summary_large_image\" \/>\n<meta name=\"twitter:label1\" content=\"Arvioitu lukuaika\" \/>\n\t<meta name=\"twitter:data1\" content=\"2 minuuttia\" \/>\n<script type=\"application\/ld+json\" class=\"yoast-schema-graph\">{\"@context\":\"https:\\\/\\\/schema.org\",\"@graph\":[{\"@type\":\"WebPage\",\"@id\":\"https:\\\/\\\/blogit.gradia.fi\\\/vastuullisesti\\\/ajankohtaista\\\/\",\"url\":\"https:\\\/\\\/blogit.gradia.fi\\\/vastuullisesti\\\/ajankohtaista\\\/\",\"name\":\"Ajankohtaista - Vastuullinen tulevaisuus\",\"isPartOf\":{\"@id\":\"https:\\\/\\\/blogit.gradia.fi\\\/vastuullisesti\\\/#website\"},\"datePublished\":\"2021-11-18T10:59:19+00:00\",\"dateModified\":\"2022-12-12T11:25:44+00:00\",\"description\":\"J\u00e4rjest\u00e4mme erilaisia tapahtumia liittyen kest\u00e4vyyden ja vastuullisuuden teemoihin. Ilmoittaudu mukaan!\",\"breadcrumb\":{\"@id\":\"https:\\\/\\\/blogit.gradia.fi\\\/vastuullisesti\\\/ajankohtaista\\\/#breadcrumb\"},\"inLanguage\":\"fi\",\"potentialAction\":[{\"@type\":\"ReadAction\",\"target\":[\"https:\\\/\\\/blogit.gradia.fi\\\/vastuullisesti\\\/ajankohtaista\\\/\"]}]},{\"@type\":\"BreadcrumbList\",\"@id\":\"https:\\\/\\\/blogit.gradia.fi\\\/vastuullisesti\\\/ajankohtaista\\\/#breadcrumb\",\"itemListElement\":[{\"@type\":\"ListItem\",\"position\":1,\"name\":\"Etusivu\",\"item\":\"https:\\\/\\\/blogit.gradia.fi\\\/vastuullisesti\\\/\"},{\"@type\":\"ListItem\",\"position\":2,\"name\":\"Ajankohtaista\"}]},{\"@type\":\"WebSite\",\"@id\":\"https:\\\/\\\/blogit.gradia.fi\\\/vastuullisesti\\\/#website\",\"url\":\"https:\\\/\\\/blogit.gradia.fi\\\/vastuullisesti\\\/\",\"name\":\"Vastuullinen tulevaisuus\",\"description\":\"Hankkeita yhteisty\u00f6ss\u00e4 ty\u00f6el\u00e4m\u00e4n ja opetusmaailman kanssa\",\"potentialAction\":[{\"@type\":\"SearchAction\",\"target\":{\"@type\":\"EntryPoint\",\"urlTemplate\":\"https:\\\/\\\/blogit.gradia.fi\\\/vastuullisesti\\\/?s={search_term_string}\"},\"query-input\":{\"@type\":\"PropertyValueSpecification\",\"valueRequired\":true,\"valueName\":\"search_term_string\"}}],\"inLanguage\":\"fi\"}]}<\/script>\n<!-- \/ Yoast SEO plugin. -->","yoast_head_json":{"title":"Ajankohtaista - Vastuullinen tulevaisuus","description":"J\u00e4rjest\u00e4mme erilaisia tapahtumia liittyen kest\u00e4vyyden ja vastuullisuuden teemoihin. Ilmoittaudu mukaan!","robots":{"index":"index","follow":"follow","max-snippet":"max-snippet:-1","max-image-preview":"max-image-preview:large","max-video-preview":"max-video-preview:-1"},"canonical":"https:\/\/blogit.gradia.fi\/vastuullisesti\/ajankohtaista\/","og_locale":"fi_FI","og_type":"article","og_title":"Ajankohtaista - Vastuullinen tulevaisuus","og_description":"J\u00e4rjest\u00e4mme erilaisia tapahtumia liittyen kest\u00e4vyyden ja vastuullisuuden teemoihin. Ilmoittaudu mukaan!","og_url":"https:\/\/blogit.gradia.fi\/vastuullisesti\/ajankohtaista\/","og_site_name":"Vastuullinen tulevaisuus","article_modified_time":"2022-12-12T11:25:44+00:00","twitter_card":"summary_large_image","twitter_misc":{"Arvioitu lukuaika":"2 minuuttia"},"schema":{"@context":"https:\/\/schema.org","@graph":[{"@type":"WebPage","@id":"https:\/\/blogit.gradia.fi\/vastuullisesti\/ajankohtaista\/","url":"https:\/\/blogit.gradia.fi\/vastuullisesti\/ajankohtaista\/","name":"Ajankohtaista - Vastuullinen tulevaisuus","isPartOf":{"@id":"https:\/\/blogit.gradia.fi\/vastuullisesti\/#website"},"datePublished":"2021-11-18T10:59:19+00:00","dateModified":"2022-12-12T11:25:44+00:00","description":"J\u00e4rjest\u00e4mme erilaisia tapahtumia liittyen kest\u00e4vyyden ja vastuullisuuden teemoihin. Ilmoittaudu mukaan!","breadcrumb":{"@id":"https:\/\/blogit.gradia.fi\/vastuullisesti\/ajankohtaista\/#breadcrumb"},"inLanguage":"fi","potentialAction":[{"@type":"ReadAction","target":["https:\/\/blogit.gradia.fi\/vastuullisesti\/ajankohtaista\/"]}]},{"@type":"BreadcrumbList","@id":"https:\/\/blogit.gradia.fi\/vastuullisesti\/ajankohtaista\/#breadcrumb","itemListElement":[{"@type":"ListItem","position":1,"name":"Etusivu","item":"https:\/\/blogit.gradia.fi\/vastuullisesti\/"},{"@type":"ListItem","position":2,"name":"Ajankohtaista"}]},{"@type":"WebSite","@id":"https:\/\/blogit.gradia.fi\/vastuullisesti\/#website","url":"https:\/\/blogit.gradia.fi\/vastuullisesti\/","name":"Vastuullinen tulevaisuus","description":"Hankkeita yhteisty\u00f6ss\u00e4 ty\u00f6el\u00e4m\u00e4n ja opetusmaailman kanssa","potentialAction":[{"@type":"SearchAction","target":{"@type":"EntryPoint","urlTemplate":"https:\/\/blogit.gradia.fi\/vastuullisesti\/?s={search_term_string}"},"query-input":{"@type":"PropertyValueSpecification","valueRequired":true,"valueName":"search_term_string"}}],"inLanguage":"fi"}]}},"uagb_featured_image_src":{"full":false,"thumbnail":false,"medium":false,"medium_large":false,"large":false,"1536x1536":false,"2048x2048":false,"post-thumbnail":false},"uagb_author_info":{"display_name":"Riina Virkkunen","author_link":"https:\/\/blogit.gradia.fi\/vastuullisesti\/author\/virkkrii\/"},"uagb_comment_info":0,"uagb_excerpt":"J\u00e4rjest\u00e4mme erilaisia tapahtumia liittyen kest\u00e4vyyden ja vastuullisuuden teemoihin. Ilmoittaudu mukaan! T\u00e4ydenn\u00e4 kest\u00e4vyysosaamistasi maksuttomissa Polkukartta-koulutuksissa Kaikilla aloilla tarvitaan osaamista kest\u00e4vyydest\u00e4 ja vastuullisuudesta. Mutta miten l\u00e4hte\u00e4 liikkeelle ja kuinka edet\u00e4 vastuullisuusty\u00f6ss\u00e4? Ajankohtaiseen teemaan keskittyv\u00e4\u00e4 k\u00e4yt\u00e4nn\u00f6nl\u00e4heist\u00e4 koulutusta on nyt tarjolla maksuttomasti. Gradian, Jyv\u00e4skyl\u00e4n yliopiston, Jyv\u00e4skyl\u00e4n ammattikorkeakoulun ja Pohjoisen Keski-Suomen ammattiopiston yhteiset Polkukartta-koulutukset k\u00e4sittelev\u00e4t kest\u00e4vyysteemoja ty\u00f6el\u00e4m\u00e4n tarpeiden n\u00e4k\u00f6kulmasta. Tutustu&hellip;","_links":{"self":[{"href":"https:\/\/blogit.gradia.fi\/vastuullisesti\/wp-json\/wp\/v2\/pages\/28","targetHints":{"allow":["GET"]}}],"collection":[{"href":"https:\/\/blogit.gradia.fi\/vastuullisesti\/wp-json\/wp\/v2\/pages"}],"about":[{"href":"https:\/\/blogit.gradia.fi\/vastuullisesti\/wp-json\/wp\/v2\/types\/page"}],"author":[{"embeddable":true,"href":"https:\/\/blogit.gradia.fi\/vastuullisesti\/wp-json\/wp\/v2\/users\/814"}],"replies":[{"embeddable":true,"href":"https:\/\/blogit.gradia.fi\/vastuullisesti\/wp-json\/wp\/v2\/comments?post=28"}],"version-history":[{"count":30,"href":"https:\/\/blogit.gradia.fi\/vastuullisesti\/wp-json\/wp\/v2\/pages\/28\/revisions"}],"predecessor-version":[{"id":386,"href":"https:\/\/blogit.gradia.fi\/vastuullisesti\/wp-json\/wp\/v2\/pages\/28\/revisions\/386"}],"wp:attachment":[{"href":"https:\/\/blogit.gradia.fi\/vastuullisesti\/wp-json\/wp\/v2\/media?parent=28"}],"curies":[{"name":"wp","href":"https:\/\/api.w.org\/{rel}","templated":true}]}}