{"id":245,"date":"2022-02-25T10:23:48","date_gmt":"2022-02-25T08:23:48","guid":{"rendered":"https:\/\/blogit.gradia.fi\/vastuullisesti\/?page_id=245"},"modified":"2022-02-25T10:36:12","modified_gmt":"2022-02-25T08:36:12","slug":"greenpppup4all-erasmus-hanke","status":"publish","type":"page","link":"https:\/\/blogit.gradia.fi\/vastuullisesti\/yhteystiedot\/greenpppup4all-erasmus-hanke\/","title":{"rendered":"GreenPpPUp4All- Erasmus + hanke"},"content":{"rendered":"\n<p>GreenPpPUp4All- hanke on kaksivuotinen Erasmus + hanke, joka pyrkii lis\u00e4\u00e4m\u00e4\u00e4n kiinnostusta ravintola- ja cateringalan ammatilliseen koulutukseen ja ravintola- ja cateringalaan sek\u00e4 antamaan opiskelijoille ja opettajille kokemuksia kansainv\u00e4lisess\u00e4 ty\u00f6- ja opiskeluymp\u00e4rist\u00f6ss\u00e4 toimimisesta, digitaitojen vahvistumisesta niin opettajan ty\u00f6v\u00e4lineen\u00e4 kuin opiskelun tukena sek\u00e4 synnytt\u00e4m\u00e4\u00e4n ymm\u00e4rryst\u00e4 kulttuuristen yht\u00e4l\u00e4isyyksien ja erojen kohtaamiseen.<\/p>\n\n\n\n<p>Hanketta koordinoi Gradia Jyv\u00e4skyl\u00e4 ja kumppaneinamme toimivat seuraavat oppilaitokset:<\/p>\n\n\n\n<ul class=\"wp-block-list\"><li>Business Zealand College, Roskilde, Tanska<\/li><li>Vuxenutbildningen Bor\u00e5s, Ruotsi<\/li><li>Kuresaari Amrtikool , Kuresaari, Viro<\/li><\/ul>\n\n\n\n<h2 class=\"wp-block-heading\">Toimenpiteet<\/h2>\n\n\n\n<p>Oppilaitokset muodostavat It\u00e4meren ymp\u00e4rill\u00e4 toimivien oppilaitosten verkoston, joka hankkeen aikana kehitt\u00e4\u00e4, luo, testaa, toteuttaa ja arvioi kest\u00e4v\u00e4n kehityksen opettamis- ja oppimismallia ravintola- ja cateringalalle.\u00a0 Hankkeen ydinteemat ovat kest\u00e4v\u00e4 kehitys, digitalisaatio, inkluusio ja yritt\u00e4j\u00e4m\u00e4inen toiminta.<\/p>\n\n\n\n<p>N\u00e4m\u00e4 ydinteemat toteutuvat hankkeen aikana toteutettavissa opettajien ja opiskelijoiden workshopeissa. Opettajille tarkoitetuissa ty\u00f6pajoissa luodaan kest\u00e4v\u00e4n liiketoiminnan opettamisen k\u00e4sikirja (Teacher\u2019s Manual). Hankkeen aikana on kaksi opettajille tarkoitettua ty\u00f6pajaa teemoilla Sustainability Ambassadors sek\u00e4 Sustainable Gastrotourism.<\/p>\n\n\n\n<p>Opiskelijoille suunnattuja ty\u00f6pajoja on nelj\u00e4 \u2013 yksi kussakin mukana olevassa oppilaitoksessa. &nbsp;Ty\u00f6pajoihin (opiskelijavaihtoihin) osallistuu 4 opiskelijaa kustakin oppilaitoksesta muodostaen 4 kansainv\u00e4list\u00e4 tiimi\u00e4, jotka toteuttavat kest\u00e4v\u00e4n kehityksen PopUp- ravintoloita annetun teeman mukaisesti. Fyysisen liikkuvuuden lis\u00e4ksi hankkeessa luodaan Sustainability and Entrepreneurship in Catering- verkkokurssi, joka yhdist\u00e4\u00e4 digitaalisen oppimisen ja fyysisen liikkuvuuden. Verkkokurssi tulee laajasti k\u00e4ytt\u00f6\u00f6n kaikissa oppilaitoksissa mahdollistaen my\u00f6s kotikansainv\u00e4lisyyden osana oppimista.<\/p>\n\n\n\n<h2 class=\"wp-block-heading\">Tavoitteet<\/h2>\n\n\n\n<p>Hanke painottaa inkluusiota eli tavoitteena on eri l\u00e4ht\u00f6kohdista tulevien opiskelijoiden osallistaminen kansainv\u00e4liseen toimintaan. Jokaiseen liikkuvuuteen osallistuu tiimi, jossa on mukana eri-ik\u00e4isi\u00e4 opiskelijoita, eri tutkinnon tasoja opiskelevia opiskelijoita sek\u00e4 opiskelijoita, joilla ei ole ollut aiemmin mahdollisuutta osallistua kansainv\u00e4liseen toimintaan.\u00a0<\/p>\n\n\n\n<p>Hankkeen hy\u00f6ty ravintola- ja cateringalalle voidaan tiivist\u00e4\u00e4 seuraavasti:<\/p>\n\n\n\n<ul class=\"wp-block-list\"><li>Kaikilla mukana olevilla oppilaitoksilla on kansainv\u00e4linen &amp; digitaalinen kest\u00e4v\u00e4n kehityksen oppimisymp\u00e4rist\u00f6 jatkuvassa k\u00e4yt\u00f6ss\u00e4 ja opettajilla ty\u00f6kalut ja k\u00e4sikirja sen k\u00e4ytt\u00f6\u00f6n opetuksessa<\/li><li>Opettajien, opiskelijoiden ja yhteisty\u00f6kumppaneiden verkosto on syntynyt, ja on hy\u00f6dynnett\u00e4viss\u00e4 tulevaisuuden yhteisty\u00f6ss\u00e4<\/li><li>Kv-vaihdot ovat aiempaa yhdenvertaisempia, kun osallistujat ovat eri taustan omaavia opiskelijoita<\/li><li>Yritt\u00e4jyysosaaminen on osa ravintola- ja cateringalan ammatillista opetusta ja oppimista yli oppiainerajojen<\/li><li>Opiskelijoiden osaaminen siirtyy ty\u00f6el\u00e4m\u00e4\u00e4n<\/li><\/ul>\n\n\n\n<p><strong>Yhteystiedot<\/strong><\/p>\n\n\n\n<p>Pia S\u00e4rkk\u00e4, projektikoordinaattori<br>puh. 040&nbsp;341 6439<br>pia.sarkka@gradia.fi<\/p>\n\n\n\n<p>Birgit H\u00e4rk\u00f6nen, projektity\u00f6ntekij\u00e4<br>puh. 040&nbsp;341 5043<br>birgit.harkonen@gradia.fi<\/p>\n","protected":false},"excerpt":{"rendered":"<p>GreenPpPUp4All- hanke on kaksivuotinen Erasmus + hanke, joka pyrkii lis\u00e4\u00e4m\u00e4\u00e4n kiinnostusta ravintola- ja cateringalan ammatilliseen koulutukseen ja ravintola- ja cateringalaan sek\u00e4 antamaan opiskelijoille ja opettajille kokemuksia kansainv\u00e4lisess\u00e4 ty\u00f6- ja opiskeluymp\u00e4rist\u00f6ss\u00e4 toimimisesta, digitaitojen vahvistumisesta niin opettajan ty\u00f6v\u00e4lineen\u00e4 kuin opiskelun tukena sek\u00e4 synnytt\u00e4m\u00e4\u00e4n ymm\u00e4rryst\u00e4 kulttuuristen yht\u00e4l\u00e4isyyksien ja erojen kohtaamiseen. Hanketta koordinoi Gradia Jyv\u00e4skyl\u00e4 ja kumppaneinamme toimivat seuraavat [&hellip;]<\/p>\n","protected":false},"author":814,"featured_media":0,"parent":32,"menu_order":0,"comment_status":"closed","ping_status":"closed","template":"","meta":{"_uag_custom_page_level_css":"","footnotes":""},"class_list":["post-245","page","type-page","status-publish","hentry"],"yoast_head":"<!-- This site is optimized with the Yoast SEO plugin v27.3 - https:\/\/yoast.com\/product\/yoast-seo-wordpress\/ -->\n<title>GreenPpPUp4All- Erasmus + hanke - Vastuullinen tulevaisuus<\/title>\n<meta name=\"robots\" content=\"index, follow, max-snippet:-1, max-image-preview:large, max-video-preview:-1\" \/>\n<link rel=\"canonical\" href=\"https:\/\/blogit.gradia.fi\/vastuullisesti\/yhteystiedot\/greenpppup4all-erasmus-hanke\/\" \/>\n<meta property=\"og:locale\" content=\"fi_FI\" \/>\n<meta property=\"og:type\" content=\"article\" \/>\n<meta property=\"og:title\" content=\"GreenPpPUp4All- Erasmus + hanke - Vastuullinen tulevaisuus\" \/>\n<meta property=\"og:description\" content=\"GreenPpPUp4All- hanke on kaksivuotinen Erasmus + hanke, joka pyrkii lis\u00e4\u00e4m\u00e4\u00e4n kiinnostusta ravintola- ja cateringalan ammatilliseen koulutukseen ja ravintola- ja cateringalaan sek\u00e4 antamaan opiskelijoille ja opettajille kokemuksia kansainv\u00e4lisess\u00e4 ty\u00f6- ja opiskeluymp\u00e4rist\u00f6ss\u00e4 toimimisesta, digitaitojen vahvistumisesta niin opettajan ty\u00f6v\u00e4lineen\u00e4 kuin opiskelun tukena sek\u00e4 synnytt\u00e4m\u00e4\u00e4n ymm\u00e4rryst\u00e4 kulttuuristen yht\u00e4l\u00e4isyyksien ja erojen kohtaamiseen. Hanketta koordinoi Gradia Jyv\u00e4skyl\u00e4 ja kumppaneinamme toimivat seuraavat [&hellip;]\" \/>\n<meta property=\"og:url\" content=\"https:\/\/blogit.gradia.fi\/vastuullisesti\/yhteystiedot\/greenpppup4all-erasmus-hanke\/\" \/>\n<meta property=\"og:site_name\" content=\"Vastuullinen tulevaisuus\" \/>\n<meta property=\"article:modified_time\" content=\"2022-02-25T08:36:12+00:00\" \/>\n<meta name=\"twitter:card\" content=\"summary_large_image\" \/>\n<meta name=\"twitter:label1\" content=\"Arvioitu lukuaika\" \/>\n\t<meta name=\"twitter:data1\" content=\"2 minuuttia\" \/>\n<script type=\"application\/ld+json\" class=\"yoast-schema-graph\">{\"@context\":\"https:\\\/\\\/schema.org\",\"@graph\":[{\"@type\":\"WebPage\",\"@id\":\"https:\\\/\\\/blogit.gradia.fi\\\/vastuullisesti\\\/yhteystiedot\\\/greenpppup4all-erasmus-hanke\\\/\",\"url\":\"https:\\\/\\\/blogit.gradia.fi\\\/vastuullisesti\\\/yhteystiedot\\\/greenpppup4all-erasmus-hanke\\\/\",\"name\":\"GreenPpPUp4All- Erasmus + hanke - Vastuullinen tulevaisuus\",\"isPartOf\":{\"@id\":\"https:\\\/\\\/blogit.gradia.fi\\\/vastuullisesti\\\/#website\"},\"datePublished\":\"2022-02-25T08:23:48+00:00\",\"dateModified\":\"2022-02-25T08:36:12+00:00\",\"breadcrumb\":{\"@id\":\"https:\\\/\\\/blogit.gradia.fi\\\/vastuullisesti\\\/yhteystiedot\\\/greenpppup4all-erasmus-hanke\\\/#breadcrumb\"},\"inLanguage\":\"fi\",\"potentialAction\":[{\"@type\":\"ReadAction\",\"target\":[\"https:\\\/\\\/blogit.gradia.fi\\\/vastuullisesti\\\/yhteystiedot\\\/greenpppup4all-erasmus-hanke\\\/\"]}]},{\"@type\":\"BreadcrumbList\",\"@id\":\"https:\\\/\\\/blogit.gradia.fi\\\/vastuullisesti\\\/yhteystiedot\\\/greenpppup4all-erasmus-hanke\\\/#breadcrumb\",\"itemListElement\":[{\"@type\":\"ListItem\",\"position\":1,\"name\":\"Etusivu\",\"item\":\"https:\\\/\\\/blogit.gradia.fi\\\/vastuullisesti\\\/\"},{\"@type\":\"ListItem\",\"position\":2,\"name\":\"Yhteystiedot\",\"item\":\"https:\\\/\\\/blogit.gradia.fi\\\/vastuullisesti\\\/yhteystiedot\\\/\"},{\"@type\":\"ListItem\",\"position\":3,\"name\":\"GreenPpPUp4All- Erasmus + hanke\"}]},{\"@type\":\"WebSite\",\"@id\":\"https:\\\/\\\/blogit.gradia.fi\\\/vastuullisesti\\\/#website\",\"url\":\"https:\\\/\\\/blogit.gradia.fi\\\/vastuullisesti\\\/\",\"name\":\"Vastuullinen tulevaisuus\",\"description\":\"Hankkeita yhteisty\u00f6ss\u00e4 ty\u00f6el\u00e4m\u00e4n ja opetusmaailman kanssa\",\"potentialAction\":[{\"@type\":\"SearchAction\",\"target\":{\"@type\":\"EntryPoint\",\"urlTemplate\":\"https:\\\/\\\/blogit.gradia.fi\\\/vastuullisesti\\\/?s={search_term_string}\"},\"query-input\":{\"@type\":\"PropertyValueSpecification\",\"valueRequired\":true,\"valueName\":\"search_term_string\"}}],\"inLanguage\":\"fi\"}]}<\/script>\n<!-- \/ Yoast SEO plugin. -->","yoast_head_json":{"title":"GreenPpPUp4All- Erasmus + hanke - Vastuullinen tulevaisuus","robots":{"index":"index","follow":"follow","max-snippet":"max-snippet:-1","max-image-preview":"max-image-preview:large","max-video-preview":"max-video-preview:-1"},"canonical":"https:\/\/blogit.gradia.fi\/vastuullisesti\/yhteystiedot\/greenpppup4all-erasmus-hanke\/","og_locale":"fi_FI","og_type":"article","og_title":"GreenPpPUp4All- Erasmus + hanke - Vastuullinen tulevaisuus","og_description":"GreenPpPUp4All- hanke on kaksivuotinen Erasmus + hanke, joka pyrkii lis\u00e4\u00e4m\u00e4\u00e4n kiinnostusta ravintola- ja cateringalan ammatilliseen koulutukseen ja ravintola- ja cateringalaan sek\u00e4 antamaan opiskelijoille ja opettajille kokemuksia kansainv\u00e4lisess\u00e4 ty\u00f6- ja opiskeluymp\u00e4rist\u00f6ss\u00e4 toimimisesta, digitaitojen vahvistumisesta niin opettajan ty\u00f6v\u00e4lineen\u00e4 kuin opiskelun tukena sek\u00e4 synnytt\u00e4m\u00e4\u00e4n ymm\u00e4rryst\u00e4 kulttuuristen yht\u00e4l\u00e4isyyksien ja erojen kohtaamiseen. Hanketta koordinoi Gradia Jyv\u00e4skyl\u00e4 ja kumppaneinamme toimivat seuraavat [&hellip;]","og_url":"https:\/\/blogit.gradia.fi\/vastuullisesti\/yhteystiedot\/greenpppup4all-erasmus-hanke\/","og_site_name":"Vastuullinen tulevaisuus","article_modified_time":"2022-02-25T08:36:12+00:00","twitter_card":"summary_large_image","twitter_misc":{"Arvioitu lukuaika":"2 minuuttia"},"schema":{"@context":"https:\/\/schema.org","@graph":[{"@type":"WebPage","@id":"https:\/\/blogit.gradia.fi\/vastuullisesti\/yhteystiedot\/greenpppup4all-erasmus-hanke\/","url":"https:\/\/blogit.gradia.fi\/vastuullisesti\/yhteystiedot\/greenpppup4all-erasmus-hanke\/","name":"GreenPpPUp4All- Erasmus + hanke - Vastuullinen tulevaisuus","isPartOf":{"@id":"https:\/\/blogit.gradia.fi\/vastuullisesti\/#website"},"datePublished":"2022-02-25T08:23:48+00:00","dateModified":"2022-02-25T08:36:12+00:00","breadcrumb":{"@id":"https:\/\/blogit.gradia.fi\/vastuullisesti\/yhteystiedot\/greenpppup4all-erasmus-hanke\/#breadcrumb"},"inLanguage":"fi","potentialAction":[{"@type":"ReadAction","target":["https:\/\/blogit.gradia.fi\/vastuullisesti\/yhteystiedot\/greenpppup4all-erasmus-hanke\/"]}]},{"@type":"BreadcrumbList","@id":"https:\/\/blogit.gradia.fi\/vastuullisesti\/yhteystiedot\/greenpppup4all-erasmus-hanke\/#breadcrumb","itemListElement":[{"@type":"ListItem","position":1,"name":"Etusivu","item":"https:\/\/blogit.gradia.fi\/vastuullisesti\/"},{"@type":"ListItem","position":2,"name":"Yhteystiedot","item":"https:\/\/blogit.gradia.fi\/vastuullisesti\/yhteystiedot\/"},{"@type":"ListItem","position":3,"name":"GreenPpPUp4All- Erasmus + hanke"}]},{"@type":"WebSite","@id":"https:\/\/blogit.gradia.fi\/vastuullisesti\/#website","url":"https:\/\/blogit.gradia.fi\/vastuullisesti\/","name":"Vastuullinen tulevaisuus","description":"Hankkeita yhteisty\u00f6ss\u00e4 ty\u00f6el\u00e4m\u00e4n ja opetusmaailman kanssa","potentialAction":[{"@type":"SearchAction","target":{"@type":"EntryPoint","urlTemplate":"https:\/\/blogit.gradia.fi\/vastuullisesti\/?s={search_term_string}"},"query-input":{"@type":"PropertyValueSpecification","valueRequired":true,"valueName":"search_term_string"}}],"inLanguage":"fi"}]}},"uagb_featured_image_src":{"full":false,"thumbnail":false,"medium":false,"medium_large":false,"large":false,"1536x1536":false,"2048x2048":false,"post-thumbnail":false},"uagb_author_info":{"display_name":"Riina Virkkunen","author_link":"https:\/\/blogit.gradia.fi\/vastuullisesti\/author\/virkkrii\/"},"uagb_comment_info":0,"uagb_excerpt":"GreenPpPUp4All- hanke on kaksivuotinen Erasmus + hanke, joka pyrkii lis\u00e4\u00e4m\u00e4\u00e4n kiinnostusta ravintola- ja cateringalan ammatilliseen koulutukseen ja ravintola- ja cateringalaan sek\u00e4 antamaan opiskelijoille ja opettajille kokemuksia kansainv\u00e4lisess\u00e4 ty\u00f6- ja opiskeluymp\u00e4rist\u00f6ss\u00e4 toimimisesta, digitaitojen vahvistumisesta niin opettajan ty\u00f6v\u00e4lineen\u00e4 kuin opiskelun tukena sek\u00e4 synnytt\u00e4m\u00e4\u00e4n ymm\u00e4rryst\u00e4 kulttuuristen yht\u00e4l\u00e4isyyksien ja erojen kohtaamiseen. Hanketta koordinoi Gradia Jyv\u00e4skyl\u00e4 ja kumppaneinamme toimivat seuraavat&hellip;","_links":{"self":[{"href":"https:\/\/blogit.gradia.fi\/vastuullisesti\/wp-json\/wp\/v2\/pages\/245","targetHints":{"allow":["GET"]}}],"collection":[{"href":"https:\/\/blogit.gradia.fi\/vastuullisesti\/wp-json\/wp\/v2\/pages"}],"about":[{"href":"https:\/\/blogit.gradia.fi\/vastuullisesti\/wp-json\/wp\/v2\/types\/page"}],"author":[{"embeddable":true,"href":"https:\/\/blogit.gradia.fi\/vastuullisesti\/wp-json\/wp\/v2\/users\/814"}],"replies":[{"embeddable":true,"href":"https:\/\/blogit.gradia.fi\/vastuullisesti\/wp-json\/wp\/v2\/comments?post=245"}],"version-history":[{"count":3,"href":"https:\/\/blogit.gradia.fi\/vastuullisesti\/wp-json\/wp\/v2\/pages\/245\/revisions"}],"predecessor-version":[{"id":248,"href":"https:\/\/blogit.gradia.fi\/vastuullisesti\/wp-json\/wp\/v2\/pages\/245\/revisions\/248"}],"up":[{"embeddable":true,"href":"https:\/\/blogit.gradia.fi\/vastuullisesti\/wp-json\/wp\/v2\/pages\/32"}],"wp:attachment":[{"href":"https:\/\/blogit.gradia.fi\/vastuullisesti\/wp-json\/wp\/v2\/media?parent=245"}],"curies":[{"name":"wp","href":"https:\/\/api.w.org\/{rel}","templated":true}]}}