{"id":155,"date":"2021-11-29T09:42:16","date_gmt":"2021-11-29T07:42:16","guid":{"rendered":"https:\/\/blogit.gradia.fi\/vastuullisesti\/?page_id=155"},"modified":"2022-12-02T12:25:46","modified_gmt":"2022-12-02T10:25:46","slug":"artikkelit-2","status":"publish","type":"page","link":"https:\/\/blogit.gradia.fi\/vastuullisesti\/artikkelit-2\/","title":{"rendered":"Artikkelit"},"content":{"rendered":"\n<div class=\"wp-block-columns is-layout-flex wp-container-core-columns-is-layout-9d6595d7 wp-block-columns-is-layout-flex\">\n<div class=\"wp-block-column is-layout-flow wp-block-column-is-layout-flow\"><\/div>\n\n\n\n<div class=\"wp-block-column is-layout-flow wp-block-column-is-layout-flow\"><\/div>\n<\/div>\n\n\n\n<div class=\"wp-block-media-text alignwide is-stacked-on-mobile\" style=\"grid-template-columns:17% auto\"><figure class=\"wp-block-media-text__media\"><img loading=\"lazy\" decoding=\"async\" width=\"260\" height=\"300\" src=\"https:\/\/blogit.gradia.fi\/vastuullisesti\/wp-content\/uploads\/sites\/273\/2022\/12\/Blogikuva-GreenPopUp4All.jpg\" alt=\"\" class=\"wp-image-372 size-full\" \/><\/figure><div class=\"wp-block-media-text__content\">\n<h2 class=\"wp-block-heading\"><a href=\"https:\/\/blogit.gradia.fi\/vastuullisesti\/2022\/11\/02\/greenpopup4all-hankkeessa-opitaan-tyoelamassa-tarvittavia-tulevaisuustaitoja\/\">GreenPopUp4All-hankkeessa opitaan ty\u00f6el\u00e4m\u00e4ss\u00e4 tarvittavia tulevaisuustaitoja<\/a><\/h2>\n<\/div><\/div>\n\n\n\n<div class=\"wp-block-media-text alignwide is-stacked-on-mobile\" style=\"grid-template-columns:17% auto\"><figure class=\"wp-block-media-text__media\"><img loading=\"lazy\" decoding=\"async\" width=\"718\" height=\"718\" src=\"https:\/\/blogit.gradia.fi\/vastuullisesti\/wp-content\/uploads\/sites\/273\/2022\/10\/Hynynen-ja-Vehniainen-neliokuva.jpg\" alt=\"\" class=\"wp-image-345 size-full\" srcset=\"https:\/\/blogit.gradia.fi\/vastuullisesti\/wp-content\/uploads\/sites\/273\/2022\/10\/Hynynen-ja-Vehniainen-neliokuva.jpg 718w, https:\/\/blogit.gradia.fi\/vastuullisesti\/wp-content\/uploads\/sites\/273\/2022\/10\/Hynynen-ja-Vehniainen-neliokuva-300x300.jpg 300w, https:\/\/blogit.gradia.fi\/vastuullisesti\/wp-content\/uploads\/sites\/273\/2022\/10\/Hynynen-ja-Vehniainen-neliokuva-150x150.jpg 150w, https:\/\/blogit.gradia.fi\/vastuullisesti\/wp-content\/uploads\/sites\/273\/2022\/10\/Hynynen-ja-Vehniainen-neliokuva-620x620.jpg 620w\" sizes=\"auto, (max-width: 718px) 100vw, 718px\" \/><\/figure><div class=\"wp-block-media-text__content\">\n<h2 class=\"wp-block-heading\"><a href=\"https:\/\/blogit.gradia.fi\/vastuullisesti\/2022\/10\/04\/kestavaa-kehitysta-keksinnoilla\/\">Kest\u00e4v\u00e4\u00e4 kehityst\u00e4 keksinn\u00f6ill\u00e4<\/a><\/h2>\n<\/div><\/div>\n\n\n\n<div class=\"wp-block-media-text alignwide is-stacked-on-mobile\" style=\"grid-template-columns:17% auto\"><figure class=\"wp-block-media-text__media\"><img loading=\"lazy\" decoding=\"async\" width=\"1024\" height=\"768\" src=\"https:\/\/blogit.gradia.fi\/vastuullisesti\/wp-content\/uploads\/sites\/273\/2022\/10\/IMG_9121-1-1024x768.jpg\" alt=\"\" class=\"wp-image-329 size-full\" srcset=\"https:\/\/blogit.gradia.fi\/vastuullisesti\/wp-content\/uploads\/sites\/273\/2022\/10\/IMG_9121-1-1024x768.jpg 1024w, https:\/\/blogit.gradia.fi\/vastuullisesti\/wp-content\/uploads\/sites\/273\/2022\/10\/IMG_9121-1-300x225.jpg 300w, https:\/\/blogit.gradia.fi\/vastuullisesti\/wp-content\/uploads\/sites\/273\/2022\/10\/IMG_9121-1-768x576.jpg 768w, https:\/\/blogit.gradia.fi\/vastuullisesti\/wp-content\/uploads\/sites\/273\/2022\/10\/IMG_9121-1-1536x1152.jpg 1536w, https:\/\/blogit.gradia.fi\/vastuullisesti\/wp-content\/uploads\/sites\/273\/2022\/10\/IMG_9121-1-2048x1536.jpg 2048w, https:\/\/blogit.gradia.fi\/vastuullisesti\/wp-content\/uploads\/sites\/273\/2022\/10\/IMG_9121-1-620x465.jpg 620w\" sizes=\"auto, (max-width: 1024px) 100vw, 1024px\" \/><\/figure><div class=\"wp-block-media-text__content\">\n<h2 class=\"wp-block-heading\"><a href=\"https:\/\/blogit.gradia.fi\/vastuullisesti\/2022\/10\/04\/kuulumisia-kokretiaa-kestavaan-matkailuun-hankkeesta-yhteistyolla-syntyi-uusi-tutkinnon-osa-paikallisiin-tyoelaman-tarpeisiin\/\">Yhteisty\u00f6ll\u00e4 syntyi uusi tutkinnon osa paikallisiin ty\u00f6el\u00e4m\u00e4n tarpeisiin<\/a><\/h2>\n<\/div><\/div>\n\n\n\n<div class=\"wp-block-media-text alignwide is-stacked-on-mobile\" style=\"grid-template-columns:17% auto\"><figure class=\"wp-block-media-text__media\"><img loading=\"lazy\" decoding=\"async\" width=\"539\" height=\"591\" src=\"https:\/\/blogit.gradia.fi\/vastuullisesti\/wp-content\/uploads\/sites\/273\/2022\/05\/Marika-potretti-nelio\u0308-1.jpg\" alt=\"\" class=\"wp-image-309 size-full\" srcset=\"https:\/\/blogit.gradia.fi\/vastuullisesti\/wp-content\/uploads\/sites\/273\/2022\/05\/Marika-potretti-nelio\u0308-1.jpg 539w, https:\/\/blogit.gradia.fi\/vastuullisesti\/wp-content\/uploads\/sites\/273\/2022\/05\/Marika-potretti-nelio\u0308-1-274x300.jpg 274w\" sizes=\"auto, (max-width: 539px) 100vw, 539px\" \/><\/figure><div class=\"wp-block-media-text__content\">\n<h2 class=\"wp-block-heading\"><a href=\"https:\/\/blogit.gradia.fi\/vastuullisesti\/2022\/05\/03\/ilmoittaudu-vastuullisuusviestinnan-sparraukseen\/\">Ilmoittaudu Vastuullisuusviestinn\u00e4n webinaariin<\/a><\/h2>\n<\/div><\/div>\n\n\n\n<div class=\"wp-block-media-text alignwide is-stacked-on-mobile\" style=\"grid-template-columns:16% auto\"><figure class=\"wp-block-media-text__media\"><img loading=\"lazy\" decoding=\"async\" width=\"768\" height=\"1024\" src=\"https:\/\/blogit.gradia.fi\/vastuullisesti\/wp-content\/uploads\/sites\/273\/2022\/03\/Sparraus-yrityksille-esite-kuva-768x1024.png\" alt=\"\" class=\"wp-image-258 size-full\" srcset=\"https:\/\/blogit.gradia.fi\/vastuullisesti\/wp-content\/uploads\/sites\/273\/2022\/03\/Sparraus-yrityksille-esite-kuva-768x1024.png 768w, https:\/\/blogit.gradia.fi\/vastuullisesti\/wp-content\/uploads\/sites\/273\/2022\/03\/Sparraus-yrityksille-esite-kuva-225x300.png 225w, https:\/\/blogit.gradia.fi\/vastuullisesti\/wp-content\/uploads\/sites\/273\/2022\/03\/Sparraus-yrityksille-esite-kuva-1152x1536.png 1152w, https:\/\/blogit.gradia.fi\/vastuullisesti\/wp-content\/uploads\/sites\/273\/2022\/03\/Sparraus-yrityksille-esite-kuva-1536x2048.png 1536w, https:\/\/blogit.gradia.fi\/vastuullisesti\/wp-content\/uploads\/sites\/273\/2022\/03\/Sparraus-yrityksille-esite-kuva-620x827.png 620w, https:\/\/blogit.gradia.fi\/vastuullisesti\/wp-content\/uploads\/sites\/273\/2022\/03\/Sparraus-yrityksille-esite-kuva.png 1728w\" sizes=\"auto, (max-width: 768px) 100vw, 768px\" \/><\/figure><div class=\"wp-block-media-text__content\">\n<h2 class=\"wp-block-heading\"><a href=\"https:\/\/blogit.gradia.fi\/vastuullisesti\/2022\/03\/07\/kasvata-kestavyysosaamistasi\/\">Kasvata kest\u00e4vyysosaamista &#8211; ilmoittaudu sparraukseen<\/a><\/h2>\n\n\n\n<p><\/p>\n<\/div><\/div>\n\n\n\n<div class=\"wp-block-media-text alignwide is-stacked-on-mobile\" style=\"grid-template-columns:15% auto\"><figure class=\"wp-block-media-text__media\"><img loading=\"lazy\" decoding=\"async\" width=\"118\" height=\"115\" src=\"https:\/\/blogit.gradia.fi\/vastuullisesti\/wp-content\/uploads\/sites\/273\/2022\/02\/Sirpa.png\" alt=\"\" class=\"wp-image-235 size-full\" \/><\/figure><div class=\"wp-block-media-text__content\">\n<h2 class=\"wp-block-heading\"><a href=\"https:\/\/blogit.gradia.fi\/vastuullisesti\/2022\/02\/18\/antavatko-tutkinnon-perusteet-riittavat-evaat-tulevaisuuden-kiertotalous-ja-vastuullisuus-haasteisiin\/\">Antavatko tutkinnon perusteet riitt\u00e4v\u00e4t ev\u00e4\u00e4t tulevaisuuden kiertotalous- ja vastuullisuushaasteisiin?<\/a><\/h2>\n<\/div><\/div>\n\n\n\n<div class=\"wp-block-media-text alignwide is-stacked-on-mobile\" style=\"grid-template-columns:15% auto\"><figure class=\"wp-block-media-text__media\"><img loading=\"lazy\" decoding=\"async\" width=\"764\" height=\"625\" src=\"https:\/\/blogit.gradia.fi\/vastuullisesti\/wp-content\/uploads\/sites\/273\/2021\/12\/Profiilikuva-Reijo.png\" alt=\"\" class=\"wp-image-212 size-full\" srcset=\"https:\/\/blogit.gradia.fi\/vastuullisesti\/wp-content\/uploads\/sites\/273\/2021\/12\/Profiilikuva-Reijo.png 764w, https:\/\/blogit.gradia.fi\/vastuullisesti\/wp-content\/uploads\/sites\/273\/2021\/12\/Profiilikuva-Reijo-300x245.png 300w, https:\/\/blogit.gradia.fi\/vastuullisesti\/wp-content\/uploads\/sites\/273\/2021\/12\/Profiilikuva-Reijo-620x507.png 620w\" sizes=\"auto, (max-width: 764px) 100vw, 764px\" \/><\/figure><div class=\"wp-block-media-text__content\">\n<h2 class=\"wp-block-heading\"><a href=\"https:\/\/blogit.gradia.fi\/vastuullisesti\/2021\/12\/17\/kestavat-liiketoimintamallit\/\">Kest\u00e4v\u00e4t liiketoimintamallit<\/a><\/h2>\n<\/div><\/div>\n\n\n\n<div class=\"wp-block-media-text alignwide is-stacked-on-mobile\" style=\"grid-template-columns:15% auto\"><figure class=\"wp-block-media-text__media\"><img loading=\"lazy\" decoding=\"async\" width=\"790\" height=\"756\" src=\"https:\/\/blogit.gradia.fi\/vastuullisesti\/wp-content\/uploads\/sites\/273\/2021\/12\/Kristiina-Lahde-IMG_9160-crop.png\" alt=\"\" class=\"wp-image-171 size-full\" srcset=\"https:\/\/blogit.gradia.fi\/vastuullisesti\/wp-content\/uploads\/sites\/273\/2021\/12\/Kristiina-Lahde-IMG_9160-crop.png 790w, https:\/\/blogit.gradia.fi\/vastuullisesti\/wp-content\/uploads\/sites\/273\/2021\/12\/Kristiina-Lahde-IMG_9160-crop-300x287.png 300w, https:\/\/blogit.gradia.fi\/vastuullisesti\/wp-content\/uploads\/sites\/273\/2021\/12\/Kristiina-Lahde-IMG_9160-crop-768x735.png 768w, https:\/\/blogit.gradia.fi\/vastuullisesti\/wp-content\/uploads\/sites\/273\/2021\/12\/Kristiina-Lahde-IMG_9160-crop-620x593.png 620w\" sizes=\"auto, (max-width: 790px) 100vw, 790px\" \/><\/figure><div class=\"wp-block-media-text__content\">\n<h2 class=\"wp-block-heading\"><a href=\"https:\/\/blogit.gradia.fi\/vastuullisesti\/2021\/12\/02\/kestavyysosaaminen-kilpailuetuna\/\">Kest\u00e4vyysosaaminen kilpailuetuna<\/a><\/h2>\n<\/div><\/div>\n","protected":false},"excerpt":{"rendered":"<p>GreenPopUp4All-hankkeessa opitaan ty\u00f6el\u00e4m\u00e4ss\u00e4 tarvittavia tulevaisuustaitoja Kest\u00e4v\u00e4\u00e4 kehityst\u00e4 keksinn\u00f6ill\u00e4 Yhteisty\u00f6ll\u00e4 syntyi uusi tutkinnon osa paikallisiin ty\u00f6el\u00e4m\u00e4n tarpeisiin Ilmoittaudu Vastuullisuusviestinn\u00e4n webinaariin Kasvata kest\u00e4vyysosaamista &#8211; ilmoittaudu sparraukseen Antavatko tutkinnon perusteet riitt\u00e4v\u00e4t ev\u00e4\u00e4t tulevaisuuden kiertotalous- ja vastuullisuushaasteisiin? Kest\u00e4v\u00e4t liiketoimintamallit Kest\u00e4vyysosaaminen kilpailuetuna<\/p>\n","protected":false},"author":152,"featured_media":0,"parent":0,"menu_order":0,"comment_status":"closed","ping_status":"closed","template":"","meta":{"_uag_custom_page_level_css":"","footnotes":""},"class_list":["post-155","page","type-page","status-publish","hentry"],"yoast_head":"<!-- This site is optimized with the Yoast SEO plugin v27.3 - https:\/\/yoast.com\/product\/yoast-seo-wordpress\/ -->\n<title>Artikkelit - Vastuullinen tulevaisuus<\/title>\n<meta name=\"robots\" content=\"index, follow, max-snippet:-1, max-image-preview:large, max-video-preview:-1\" \/>\n<link rel=\"canonical\" href=\"https:\/\/blogit.gradia.fi\/vastuullisesti\/artikkelit-2\/\" \/>\n<meta property=\"og:locale\" content=\"fi_FI\" \/>\n<meta property=\"og:type\" content=\"article\" \/>\n<meta property=\"og:title\" content=\"Artikkelit - Vastuullinen tulevaisuus\" \/>\n<meta property=\"og:description\" content=\"GreenPopUp4All-hankkeessa opitaan ty\u00f6el\u00e4m\u00e4ss\u00e4 tarvittavia tulevaisuustaitoja Kest\u00e4v\u00e4\u00e4 kehityst\u00e4 keksinn\u00f6ill\u00e4 Yhteisty\u00f6ll\u00e4 syntyi uusi tutkinnon osa paikallisiin ty\u00f6el\u00e4m\u00e4n tarpeisiin Ilmoittaudu Vastuullisuusviestinn\u00e4n webinaariin Kasvata kest\u00e4vyysosaamista &#8211; ilmoittaudu sparraukseen Antavatko tutkinnon perusteet riitt\u00e4v\u00e4t ev\u00e4\u00e4t tulevaisuuden kiertotalous- ja vastuullisuushaasteisiin? Kest\u00e4v\u00e4t liiketoimintamallit Kest\u00e4vyysosaaminen kilpailuetuna\" \/>\n<meta property=\"og:url\" content=\"https:\/\/blogit.gradia.fi\/vastuullisesti\/artikkelit-2\/\" \/>\n<meta property=\"og:site_name\" content=\"Vastuullinen tulevaisuus\" \/>\n<meta property=\"article:modified_time\" content=\"2022-12-02T10:25:46+00:00\" \/>\n<meta property=\"og:image\" content=\"https:\/\/blogit.gradia.fi\/vastuullisesti\/wp-content\/uploads\/sites\/273\/2022\/12\/Blogikuva-GreenPopUp4All.jpg\" \/>\n<meta name=\"twitter:card\" content=\"summary_large_image\" \/>\n<meta name=\"twitter:label1\" content=\"Arvioitu lukuaika\" \/>\n\t<meta name=\"twitter:data1\" content=\"2 minuuttia\" \/>\n<script type=\"application\/ld+json\" class=\"yoast-schema-graph\">{\"@context\":\"https:\\\/\\\/schema.org\",\"@graph\":[{\"@type\":\"WebPage\",\"@id\":\"https:\\\/\\\/blogit.gradia.fi\\\/vastuullisesti\\\/artikkelit-2\\\/\",\"url\":\"https:\\\/\\\/blogit.gradia.fi\\\/vastuullisesti\\\/artikkelit-2\\\/\",\"name\":\"Artikkelit - Vastuullinen tulevaisuus\",\"isPartOf\":{\"@id\":\"https:\\\/\\\/blogit.gradia.fi\\\/vastuullisesti\\\/#website\"},\"primaryImageOfPage\":{\"@id\":\"https:\\\/\\\/blogit.gradia.fi\\\/vastuullisesti\\\/artikkelit-2\\\/#primaryimage\"},\"image\":{\"@id\":\"https:\\\/\\\/blogit.gradia.fi\\\/vastuullisesti\\\/artikkelit-2\\\/#primaryimage\"},\"thumbnailUrl\":\"https:\\\/\\\/blogit.gradia.fi\\\/vastuullisesti\\\/wp-content\\\/uploads\\\/sites\\\/273\\\/2022\\\/12\\\/Blogikuva-GreenPopUp4All.jpg\",\"datePublished\":\"2021-11-29T07:42:16+00:00\",\"dateModified\":\"2022-12-02T10:25:46+00:00\",\"breadcrumb\":{\"@id\":\"https:\\\/\\\/blogit.gradia.fi\\\/vastuullisesti\\\/artikkelit-2\\\/#breadcrumb\"},\"inLanguage\":\"fi\",\"potentialAction\":[{\"@type\":\"ReadAction\",\"target\":[\"https:\\\/\\\/blogit.gradia.fi\\\/vastuullisesti\\\/artikkelit-2\\\/\"]}]},{\"@type\":\"ImageObject\",\"inLanguage\":\"fi\",\"@id\":\"https:\\\/\\\/blogit.gradia.fi\\\/vastuullisesti\\\/artikkelit-2\\\/#primaryimage\",\"url\":\"https:\\\/\\\/blogit.gradia.fi\\\/vastuullisesti\\\/wp-content\\\/uploads\\\/sites\\\/273\\\/2022\\\/12\\\/Blogikuva-GreenPopUp4All.jpg\",\"contentUrl\":\"https:\\\/\\\/blogit.gradia.fi\\\/vastuullisesti\\\/wp-content\\\/uploads\\\/sites\\\/273\\\/2022\\\/12\\\/Blogikuva-GreenPopUp4All.jpg\",\"width\":260,\"height\":300},{\"@type\":\"BreadcrumbList\",\"@id\":\"https:\\\/\\\/blogit.gradia.fi\\\/vastuullisesti\\\/artikkelit-2\\\/#breadcrumb\",\"itemListElement\":[{\"@type\":\"ListItem\",\"position\":1,\"name\":\"Etusivu\",\"item\":\"https:\\\/\\\/blogit.gradia.fi\\\/vastuullisesti\\\/\"},{\"@type\":\"ListItem\",\"position\":2,\"name\":\"Artikkelit\"}]},{\"@type\":\"WebSite\",\"@id\":\"https:\\\/\\\/blogit.gradia.fi\\\/vastuullisesti\\\/#website\",\"url\":\"https:\\\/\\\/blogit.gradia.fi\\\/vastuullisesti\\\/\",\"name\":\"Vastuullinen tulevaisuus\",\"description\":\"Hankkeita yhteisty\u00f6ss\u00e4 ty\u00f6el\u00e4m\u00e4n ja opetusmaailman kanssa\",\"potentialAction\":[{\"@type\":\"SearchAction\",\"target\":{\"@type\":\"EntryPoint\",\"urlTemplate\":\"https:\\\/\\\/blogit.gradia.fi\\\/vastuullisesti\\\/?s={search_term_string}\"},\"query-input\":{\"@type\":\"PropertyValueSpecification\",\"valueRequired\":true,\"valueName\":\"search_term_string\"}}],\"inLanguage\":\"fi\"}]}<\/script>\n<!-- \/ Yoast SEO plugin. -->","yoast_head_json":{"title":"Artikkelit - Vastuullinen tulevaisuus","robots":{"index":"index","follow":"follow","max-snippet":"max-snippet:-1","max-image-preview":"max-image-preview:large","max-video-preview":"max-video-preview:-1"},"canonical":"https:\/\/blogit.gradia.fi\/vastuullisesti\/artikkelit-2\/","og_locale":"fi_FI","og_type":"article","og_title":"Artikkelit - Vastuullinen tulevaisuus","og_description":"GreenPopUp4All-hankkeessa opitaan ty\u00f6el\u00e4m\u00e4ss\u00e4 tarvittavia tulevaisuustaitoja Kest\u00e4v\u00e4\u00e4 kehityst\u00e4 keksinn\u00f6ill\u00e4 Yhteisty\u00f6ll\u00e4 syntyi uusi tutkinnon osa paikallisiin ty\u00f6el\u00e4m\u00e4n tarpeisiin Ilmoittaudu Vastuullisuusviestinn\u00e4n webinaariin Kasvata kest\u00e4vyysosaamista &#8211; ilmoittaudu sparraukseen Antavatko tutkinnon perusteet riitt\u00e4v\u00e4t ev\u00e4\u00e4t tulevaisuuden kiertotalous- ja vastuullisuushaasteisiin? Kest\u00e4v\u00e4t liiketoimintamallit Kest\u00e4vyysosaaminen kilpailuetuna","og_url":"https:\/\/blogit.gradia.fi\/vastuullisesti\/artikkelit-2\/","og_site_name":"Vastuullinen tulevaisuus","article_modified_time":"2022-12-02T10:25:46+00:00","og_image":[{"url":"https:\/\/blogit.gradia.fi\/vastuullisesti\/wp-content\/uploads\/sites\/273\/2022\/12\/Blogikuva-GreenPopUp4All.jpg","type":"","width":"","height":""}],"twitter_card":"summary_large_image","twitter_misc":{"Arvioitu lukuaika":"2 minuuttia"},"schema":{"@context":"https:\/\/schema.org","@graph":[{"@type":"WebPage","@id":"https:\/\/blogit.gradia.fi\/vastuullisesti\/artikkelit-2\/","url":"https:\/\/blogit.gradia.fi\/vastuullisesti\/artikkelit-2\/","name":"Artikkelit - Vastuullinen tulevaisuus","isPartOf":{"@id":"https:\/\/blogit.gradia.fi\/vastuullisesti\/#website"},"primaryImageOfPage":{"@id":"https:\/\/blogit.gradia.fi\/vastuullisesti\/artikkelit-2\/#primaryimage"},"image":{"@id":"https:\/\/blogit.gradia.fi\/vastuullisesti\/artikkelit-2\/#primaryimage"},"thumbnailUrl":"https:\/\/blogit.gradia.fi\/vastuullisesti\/wp-content\/uploads\/sites\/273\/2022\/12\/Blogikuva-GreenPopUp4All.jpg","datePublished":"2021-11-29T07:42:16+00:00","dateModified":"2022-12-02T10:25:46+00:00","breadcrumb":{"@id":"https:\/\/blogit.gradia.fi\/vastuullisesti\/artikkelit-2\/#breadcrumb"},"inLanguage":"fi","potentialAction":[{"@type":"ReadAction","target":["https:\/\/blogit.gradia.fi\/vastuullisesti\/artikkelit-2\/"]}]},{"@type":"ImageObject","inLanguage":"fi","@id":"https:\/\/blogit.gradia.fi\/vastuullisesti\/artikkelit-2\/#primaryimage","url":"https:\/\/blogit.gradia.fi\/vastuullisesti\/wp-content\/uploads\/sites\/273\/2022\/12\/Blogikuva-GreenPopUp4All.jpg","contentUrl":"https:\/\/blogit.gradia.fi\/vastuullisesti\/wp-content\/uploads\/sites\/273\/2022\/12\/Blogikuva-GreenPopUp4All.jpg","width":260,"height":300},{"@type":"BreadcrumbList","@id":"https:\/\/blogit.gradia.fi\/vastuullisesti\/artikkelit-2\/#breadcrumb","itemListElement":[{"@type":"ListItem","position":1,"name":"Etusivu","item":"https:\/\/blogit.gradia.fi\/vastuullisesti\/"},{"@type":"ListItem","position":2,"name":"Artikkelit"}]},{"@type":"WebSite","@id":"https:\/\/blogit.gradia.fi\/vastuullisesti\/#website","url":"https:\/\/blogit.gradia.fi\/vastuullisesti\/","name":"Vastuullinen tulevaisuus","description":"Hankkeita yhteisty\u00f6ss\u00e4 ty\u00f6el\u00e4m\u00e4n ja opetusmaailman kanssa","potentialAction":[{"@type":"SearchAction","target":{"@type":"EntryPoint","urlTemplate":"https:\/\/blogit.gradia.fi\/vastuullisesti\/?s={search_term_string}"},"query-input":{"@type":"PropertyValueSpecification","valueRequired":true,"valueName":"search_term_string"}}],"inLanguage":"fi"}]}},"uagb_featured_image_src":{"full":false,"thumbnail":false,"medium":false,"medium_large":false,"large":false,"1536x1536":false,"2048x2048":false,"post-thumbnail":false},"uagb_author_info":{"display_name":"Anna Saari","author_link":"https:\/\/blogit.gradia.fi\/vastuullisesti\/author\/palviann\/"},"uagb_comment_info":0,"uagb_excerpt":"GreenPopUp4All-hankkeessa opitaan ty\u00f6el\u00e4m\u00e4ss\u00e4 tarvittavia tulevaisuustaitoja Kest\u00e4v\u00e4\u00e4 kehityst\u00e4 keksinn\u00f6ill\u00e4 Yhteisty\u00f6ll\u00e4 syntyi uusi tutkinnon osa paikallisiin ty\u00f6el\u00e4m\u00e4n tarpeisiin Ilmoittaudu Vastuullisuusviestinn\u00e4n webinaariin Kasvata kest\u00e4vyysosaamista &#8211; ilmoittaudu sparraukseen Antavatko tutkinnon perusteet riitt\u00e4v\u00e4t ev\u00e4\u00e4t tulevaisuuden kiertotalous- ja vastuullisuushaasteisiin? Kest\u00e4v\u00e4t liiketoimintamallit Kest\u00e4vyysosaaminen kilpailuetuna","_links":{"self":[{"href":"https:\/\/blogit.gradia.fi\/vastuullisesti\/wp-json\/wp\/v2\/pages\/155","targetHints":{"allow":["GET"]}}],"collection":[{"href":"https:\/\/blogit.gradia.fi\/vastuullisesti\/wp-json\/wp\/v2\/pages"}],"about":[{"href":"https:\/\/blogit.gradia.fi\/vastuullisesti\/wp-json\/wp\/v2\/types\/page"}],"author":[{"embeddable":true,"href":"https:\/\/blogit.gradia.fi\/vastuullisesti\/wp-json\/wp\/v2\/users\/152"}],"replies":[{"embeddable":true,"href":"https:\/\/blogit.gradia.fi\/vastuullisesti\/wp-json\/wp\/v2\/comments?post=155"}],"version-history":[{"count":23,"href":"https:\/\/blogit.gradia.fi\/vastuullisesti\/wp-json\/wp\/v2\/pages\/155\/revisions"}],"predecessor-version":[{"id":374,"href":"https:\/\/blogit.gradia.fi\/vastuullisesti\/wp-json\/wp\/v2\/pages\/155\/revisions\/374"}],"wp:attachment":[{"href":"https:\/\/blogit.gradia.fi\/vastuullisesti\/wp-json\/wp\/v2\/media?parent=155"}],"curies":[{"name":"wp","href":"https:\/\/api.w.org\/{rel}","templated":true}]}}