{"id":438,"date":"2018-09-14T22:37:38","date_gmt":"2018-09-14T19:37:38","guid":{"rendered":"https:\/\/blogit.gradia.fi\/tvtvalinnainen\/?page_id=438"},"modified":"2018-09-14T22:37:38","modified_gmt":"2018-09-14T19:37:38","slug":"tietokone","status":"publish","type":"page","link":"https:\/\/blogit.gradia.fi\/tvtvalinnainen\/tietokone\/","title":{"rendered":"7 Tietokone"},"content":{"rendered":"<p><strong>Tietokoneen perusrakenne<\/strong><\/p>\n<p>Avaa uusi <a href=\"http:\/\/office.gradia.fi\"><em>Sway<\/em>-esitys<\/a>. Tee kaikki sis\u00e4lt\u00f6 samaan esitykseen.<\/p>\n<p>Tutustu tietokoneen rakenteeseen joko opettajan opastuksella tai itsen\u00e4isesti. Ota <em>itse kuvia<\/em>, <a href=\"http:\/\/google.fi\">etsi tietoa<\/a> ja k\u00e4yt\u00e4 internet-l\u00e4hteit\u00e4 sek\u00e4 selvit\u00e4 tietokoneen eri osien merkitykset.<\/p>\n<ol>\n<li><em>Swayn nimi: Tietokone<\/em>, <em>tekstin\u00e4<\/em> tekij\u00e4n nimi ja ryhm\u00e4.<\/li>\n<li>Tee kaikista allaolevista tietokoneen osista <em>Otsikko-kortti.<\/em> Kerro <em>tekstin\u00e4,<\/em> mit\u00e4 kukin\u00a0 tarkoittaa. Lis\u00e4\u00e4 ottamiasi kuvia.\n<ol>\n<li><em>Emolevy<\/em><\/li>\n<li><em>Massamuisti (<\/em>kiintolevy vs. SSD-levy)<\/li>\n<li><em>Keskusmuisti<\/em><\/li>\n<li><em>Prosessori<\/em><\/li>\n<li><em>Virtal\u00e4hde<\/em><\/li>\n<li><em>CD\/DVD-asema<\/em><\/li>\n<li><em>N\u00e4yt\u00f6nohjain<\/em><\/li>\n<li><em>Tuuletin<\/em><\/li>\n<li><em>Kytkenn\u00e4t<\/em> (n\u00e4ytt\u00f6, n\u00e4pp\u00e4imist\u00f6 ja hiiri keskusyksikk\u00f6\u00f6n\/esimerkkikoneeseen)<\/li>\n<\/ol>\n<\/li>\n<li><em>K\u00e4ytt\u00f6j\u00e4rjestelm\u00e4t -otsikko<\/em>\n<ul>\n<li>Esimerkkikoneessa on Ubuntu (Linux) -k\u00e4ytt\u00f6j\u00e4rjestelm\u00e4.<\/li>\n<li><em>Tekstin\u00e4<\/em> selvit\u00e4 lyhyesti <em>Windows<\/em>-, <em>Linux<\/em>&#8211; ja <em>MacOS<\/em>-k\u00e4ytt\u00f6j\u00e4rjestelmien perusteet.<\/li>\n<li><a href=\"http:\/\/google.fi\">Etsi tietoa<\/a> ja lis\u00e4\u00e4 linkki jokaisen k\u00e4ytt\u00f6j\u00e4rjestelm\u00e4vaihtoehdon kauppa- ja\/tai lataussivulle. Kirjoita viel\u00e4 j\u00e4rjestelm\u00e4st\u00e4 pyydetty hinta.<\/li>\n<\/ul>\n<\/li>\n<li>Jos esitys on tehty parity\u00f6n\u00e4, lis\u00e4\u00e4 esityksen loppuun prosenttiosuusarvio ja kuvaus molempien tekem\u00e4st\u00e4 ty\u00f6st\u00e4.<\/li>\n<\/ol>\n<p>Palauta valmiin esityksesi <em>Sway<\/em>-linkki opettajallesi <a href=\"http:\/\/wilma.gradia.fi\"><em>Wilma<\/em>-viestill\u00e4<\/a>. K\u00e4yt\u00e4 vain ja ainoastaan jo edell\u00e4 luotua <em>Wilma<\/em>-viestiketjua!<\/p>\n","protected":false},"excerpt":{"rendered":"<p>Tietokoneen perusrakenne Avaa uusi Sway-esitys. Tee kaikki sis\u00e4lt\u00f6 samaan esitykseen. Tutustu tietokoneen rakenteeseen joko opettajan opastuksella tai itsen\u00e4isesti. Ota itse kuvia, etsi tietoa ja k\u00e4yt\u00e4 internet-l\u00e4hteit\u00e4 sek\u00e4 selvit\u00e4 tietokoneen eri osien merkitykset. Swayn nimi: Tietokone, tekstin\u00e4 tekij\u00e4n nimi ja ryhm\u00e4. Tee kaikista allaolevista tietokoneen osista Otsikko-kortti. Kerro tekstin\u00e4, mit\u00e4 kukin\u00a0 tarkoittaa. Lis\u00e4\u00e4 ottamiasi kuvia. Emolevy &hellip; <a href=\"https:\/\/blogit.gradia.fi\/tvtvalinnainen\/tietokone\/\" class=\"more-link\">Jatka lukemista <span class=\"screen-reader-text\">7 Tietokone<\/span> <span class=\"meta-nav\">&rarr;<\/span><\/a><\/p>\n","protected":false},"author":111,"featured_media":0,"parent":0,"menu_order":0,"comment_status":"closed","ping_status":"closed","template":"","meta":{"_uag_custom_page_level_css":"","footnotes":""},"class_list":["post-438","page","type-page","status-publish","hentry"],"yoast_head":"<!-- This site is optimized with the Yoast SEO plugin v27.4 - https:\/\/yoast.com\/product\/yoast-seo-wordpress\/ -->\n<title>7 Tietokone - YTO2-TVTV-opintojakso<\/title>\n<meta name=\"robots\" content=\"index, follow, max-snippet:-1, max-image-preview:large, max-video-preview:-1\" \/>\n<link rel=\"canonical\" href=\"https:\/\/blogit.gradia.fi\/tvtvalinnainen\/tietokone\/\" \/>\n<meta property=\"og:locale\" content=\"fi_FI\" \/>\n<meta property=\"og:type\" content=\"article\" \/>\n<meta property=\"og:title\" content=\"7 Tietokone - YTO2-TVTV-opintojakso\" \/>\n<meta property=\"og:description\" content=\"Tietokoneen perusrakenne Avaa uusi Sway-esitys. Tee kaikki sis\u00e4lt\u00f6 samaan esitykseen. Tutustu tietokoneen rakenteeseen joko opettajan opastuksella tai itsen\u00e4isesti. Ota itse kuvia, etsi tietoa ja k\u00e4yt\u00e4 internet-l\u00e4hteit\u00e4 sek\u00e4 selvit\u00e4 tietokoneen eri osien merkitykset. Swayn nimi: Tietokone, tekstin\u00e4 tekij\u00e4n nimi ja ryhm\u00e4. Tee kaikista allaolevista tietokoneen osista Otsikko-kortti. Kerro tekstin\u00e4, mit\u00e4 kukin\u00a0 tarkoittaa. Lis\u00e4\u00e4 ottamiasi kuvia. Emolevy &hellip; Jatka lukemista 7 Tietokone &rarr;\" \/>\n<meta property=\"og:url\" content=\"https:\/\/blogit.gradia.fi\/tvtvalinnainen\/tietokone\/\" \/>\n<meta property=\"og:site_name\" content=\"YTO2-TVTV-opintojakso\" \/>\n<meta name=\"twitter:card\" content=\"summary_large_image\" \/>\n<meta name=\"twitter:label1\" content=\"Arvioitu lukuaika\" \/>\n\t<meta name=\"twitter:data1\" content=\"1 minuutti\" \/>\n<script type=\"application\/ld+json\" class=\"yoast-schema-graph\">{\"@context\":\"https:\\\/\\\/schema.org\",\"@graph\":[{\"@type\":\"WebPage\",\"@id\":\"https:\\\/\\\/blogit.gradia.fi\\\/tvtvalinnainen\\\/tietokone\\\/\",\"url\":\"https:\\\/\\\/blogit.gradia.fi\\\/tvtvalinnainen\\\/tietokone\\\/\",\"name\":\"7 Tietokone - YTO2-TVTV-opintojakso\",\"isPartOf\":{\"@id\":\"https:\\\/\\\/blogit.gradia.fi\\\/tvtvalinnainen\\\/#website\"},\"datePublished\":\"2018-09-14T19:37:38+00:00\",\"inLanguage\":\"fi\",\"potentialAction\":[{\"@type\":\"ReadAction\",\"target\":[\"https:\\\/\\\/blogit.gradia.fi\\\/tvtvalinnainen\\\/tietokone\\\/\"]}]},{\"@type\":\"WebSite\",\"@id\":\"https:\\\/\\\/blogit.gradia.fi\\\/tvtvalinnainen\\\/#website\",\"url\":\"https:\\\/\\\/blogit.gradia.fi\\\/tvtvalinnainen\\\/\",\"name\":\"YTO2-TVTV-opintojakso\",\"description\":\"\",\"potentialAction\":[{\"@type\":\"SearchAction\",\"target\":{\"@type\":\"EntryPoint\",\"urlTemplate\":\"https:\\\/\\\/blogit.gradia.fi\\\/tvtvalinnainen\\\/?s={search_term_string}\"},\"query-input\":{\"@type\":\"PropertyValueSpecification\",\"valueRequired\":true,\"valueName\":\"search_term_string\"}}],\"inLanguage\":\"fi\"}]}<\/script>\n<!-- \/ Yoast SEO plugin. -->","yoast_head_json":{"title":"7 Tietokone - YTO2-TVTV-opintojakso","robots":{"index":"index","follow":"follow","max-snippet":"max-snippet:-1","max-image-preview":"max-image-preview:large","max-video-preview":"max-video-preview:-1"},"canonical":"https:\/\/blogit.gradia.fi\/tvtvalinnainen\/tietokone\/","og_locale":"fi_FI","og_type":"article","og_title":"7 Tietokone - YTO2-TVTV-opintojakso","og_description":"Tietokoneen perusrakenne Avaa uusi Sway-esitys. Tee kaikki sis\u00e4lt\u00f6 samaan esitykseen. Tutustu tietokoneen rakenteeseen joko opettajan opastuksella tai itsen\u00e4isesti. Ota itse kuvia, etsi tietoa ja k\u00e4yt\u00e4 internet-l\u00e4hteit\u00e4 sek\u00e4 selvit\u00e4 tietokoneen eri osien merkitykset. Swayn nimi: Tietokone, tekstin\u00e4 tekij\u00e4n nimi ja ryhm\u00e4. Tee kaikista allaolevista tietokoneen osista Otsikko-kortti. Kerro tekstin\u00e4, mit\u00e4 kukin\u00a0 tarkoittaa. Lis\u00e4\u00e4 ottamiasi kuvia. Emolevy &hellip; Jatka lukemista 7 Tietokone &rarr;","og_url":"https:\/\/blogit.gradia.fi\/tvtvalinnainen\/tietokone\/","og_site_name":"YTO2-TVTV-opintojakso","twitter_card":"summary_large_image","twitter_misc":{"Arvioitu lukuaika":"1 minuutti"},"schema":{"@context":"https:\/\/schema.org","@graph":[{"@type":"WebPage","@id":"https:\/\/blogit.gradia.fi\/tvtvalinnainen\/tietokone\/","url":"https:\/\/blogit.gradia.fi\/tvtvalinnainen\/tietokone\/","name":"7 Tietokone - YTO2-TVTV-opintojakso","isPartOf":{"@id":"https:\/\/blogit.gradia.fi\/tvtvalinnainen\/#website"},"datePublished":"2018-09-14T19:37:38+00:00","inLanguage":"fi","potentialAction":[{"@type":"ReadAction","target":["https:\/\/blogit.gradia.fi\/tvtvalinnainen\/tietokone\/"]}]},{"@type":"WebSite","@id":"https:\/\/blogit.gradia.fi\/tvtvalinnainen\/#website","url":"https:\/\/blogit.gradia.fi\/tvtvalinnainen\/","name":"YTO2-TVTV-opintojakso","description":"","potentialAction":[{"@type":"SearchAction","target":{"@type":"EntryPoint","urlTemplate":"https:\/\/blogit.gradia.fi\/tvtvalinnainen\/?s={search_term_string}"},"query-input":{"@type":"PropertyValueSpecification","valueRequired":true,"valueName":"search_term_string"}}],"inLanguage":"fi"}]}},"uagb_featured_image_src":{"full":false,"thumbnail":false,"medium":false,"medium_large":false,"large":false,"1536x1536":false,"2048x2048":false,"post-thumbnail":false},"uagb_author_info":{"display_name":"Hannu Tabell","author_link":"https:\/\/blogit.gradia.fi\/tvtvalinnainen\/author\/htabell\/"},"uagb_comment_info":0,"uagb_excerpt":"Tietokoneen perusrakenne Avaa uusi Sway-esitys. Tee kaikki sis\u00e4lt\u00f6 samaan esitykseen. Tutustu tietokoneen rakenteeseen joko opettajan opastuksella tai itsen\u00e4isesti. Ota itse kuvia, etsi tietoa ja k\u00e4yt\u00e4 internet-l\u00e4hteit\u00e4 sek\u00e4 selvit\u00e4 tietokoneen eri osien merkitykset. Swayn nimi: Tietokone, tekstin\u00e4 tekij\u00e4n nimi ja ryhm\u00e4. Tee kaikista allaolevista tietokoneen osista Otsikko-kortti. Kerro tekstin\u00e4, mit\u00e4 kukin\u00a0 tarkoittaa. Lis\u00e4\u00e4 ottamiasi kuvia. Emolevy&hellip;","_links":{"self":[{"href":"https:\/\/blogit.gradia.fi\/tvtvalinnainen\/wp-json\/wp\/v2\/pages\/438","targetHints":{"allow":["GET"]}}],"collection":[{"href":"https:\/\/blogit.gradia.fi\/tvtvalinnainen\/wp-json\/wp\/v2\/pages"}],"about":[{"href":"https:\/\/blogit.gradia.fi\/tvtvalinnainen\/wp-json\/wp\/v2\/types\/page"}],"author":[{"embeddable":true,"href":"https:\/\/blogit.gradia.fi\/tvtvalinnainen\/wp-json\/wp\/v2\/users\/111"}],"replies":[{"embeddable":true,"href":"https:\/\/blogit.gradia.fi\/tvtvalinnainen\/wp-json\/wp\/v2\/comments?post=438"}],"version-history":[{"count":0,"href":"https:\/\/blogit.gradia.fi\/tvtvalinnainen\/wp-json\/wp\/v2\/pages\/438\/revisions"}],"wp:attachment":[{"href":"https:\/\/blogit.gradia.fi\/tvtvalinnainen\/wp-json\/wp\/v2\/media?parent=438"}],"curies":[{"name":"wp","href":"https:\/\/api.w.org\/{rel}","templated":true}]}}