{"id":18,"date":"2016-05-11T14:41:35","date_gmt":"2016-05-11T11:41:35","guid":{"rendered":"https:\/\/blogit.gradia.fi\/tvtvalinnainen\/?page_id=18"},"modified":"2018-03-15T13:45:13","modified_gmt":"2018-03-15T11:45:13","slug":"kayttoonotto","status":"publish","type":"page","link":"https:\/\/blogit.gradia.fi\/tvtvalinnainen\/kayttoonotto\/","title":{"rendered":"3 K\u00e4ytt\u00f6\u00f6notto"},"content":{"rendered":"<p><strong>TVT- laitteiden ja sovellusten k\u00e4ytt\u00f6\u00f6notto<\/strong><\/p>\n<p>Avaa uusi <a href=\"http:\/\/office.gradia.fi\"><em>Sway<\/em>-esitys<\/a>. Tee kaikki sis\u00e4lt\u00f6 samaan esitykseen.<\/p>\n<ol>\n<li><em>Swayn nimi: K\u00e4ytt\u00f6\u00f6notto<\/em>, <em>tekstin\u00e4<\/em> tekij\u00e4n nimi ja ryhm\u00e4.<\/li>\n<li><em>Tietokoneen liitinvaihtoehdot -otsikko<\/em>\n<ul>\n<li><a href=\"http:\/\/google.fi\">Etsi tietoa<\/a> ja\u00a0kerro <em>tekstin\u00e4<\/em> v\u00e4hint\u00e4\u00e4n kolmesta liittimest\u00e4 ja\/tai liit\u00e4nt\u00e4tavasta (<em> usb<\/em>, <em>hdmi<\/em>, <em>dvi<\/em>, <em>BT<\/em>, <em>wifi<\/em>, <em>nfc<\/em>).<\/li>\n<li>Esittele valitsemasi liittimet ja\/tai liit\u00e4nt\u00e4tavat <em>itse otettujen<\/em>\u00a0kuvien avulla.<\/li>\n<li>Kerro, mit\u00e4 liittimiin ja\/tai liit\u00e4nt\u00e4tapoihin voi liitt\u00e4\u00e4 ja mit\u00e4 hy\u00f6ty\u00e4 se tuo verrattuna toiseen.<\/li>\n<\/ul>\n<\/li>\n<li><em>Tietokoneeseen liitettyj\u00e4 laitteita<\/em>\n<ul>\n<li>Valitse kolme liitett\u00e4v\u00e4\u00e4 oheislaitetta (<em>n\u00e4ytt\u00f6<\/em>, <em>hiiri<\/em>, <em>peliohjain<\/em>, <em>tulostin<\/em>, <em>kamera<\/em>, <em>televisio<\/em>, <em>mittalaite<\/em>, <em>soitin<\/em>, <em>kassakone<\/em>, <em>maksup\u00e4\u00e4te<\/em>, <em>multikopteri<\/em>).<\/li>\n<li><a href=\"http:\/\/google.fi\">Etsi tietoa<\/a> ja luo esitykseen ohjeet siit\u00e4,\n<ol>\n<li>miten valitsemasi laitteet yhdistet\u00e4\u00e4n tietokoneeseen,<\/li>\n<li>mit\u00e4 ajureita valitsemasi laitteet tarvitsevat toimiakseen (<em>tai jos ne toimivat ilman erillisi\u00e4 ajureita, miksi n\u00e4in on ja mit\u00e4 hy\u00f6ty\u00e4 erillisist\u00e4 ajureista voisi olla<\/em>),<\/li>\n<li>miten testaat n\u00e4iden laitteiden toiminnan.<\/li>\n<\/ol>\n<\/li>\n<li>Lis\u00e4\u00e4 oheislaitteista, liittimist\u00e4 ja\/tai kaapeleista <em>itse otettuja<\/em> kuvia ja\/tai videoita.<\/li>\n<\/ul>\n<\/li>\n<li><em>Tietokonesovelluksen k\u00e4ytt\u00f6\u00f6notto<\/em>\n<ul>\n<li>Valitse asennettava sovellus (<em>hy\u00f6tyohjelma<\/em>, <em>ammattisovellus<\/em>, <em>tietokonepeli<\/em>, <em>k\u00e4ytt\u00f6j\u00e4rjestelm\u00e4<\/em>).<\/li>\n<li><a href=\"http:\/\/google.fi\">Etsi tietoa<\/a> ja luo esitykseen ohjeet ja\/tai tietoa siit\u00e4,\n<ol>\n<li>mist\u00e4 sen voi <em>turvallisesti<\/em> ladata ja mit\u00e4 se maksaa,<\/li>\n<li>mit\u00e4 tarkoittaa lataussivulla oleva <em>MD5-lukusarja<\/em> ja miten voit itse laskea kyseisen tarkistussarjan,<\/li>\n<li>miten se asennetaan (<em>vaiheet<\/em>, <em>valinnat<\/em>, <em>aika<\/em>, <em>levytila<\/em>),<\/li>\n<li>mit\u00e4 tarkoittaa <em>loppuk\u00e4ytt\u00e4j\u00e4n lisenssisopimus<\/em> eli <em>EULA<\/em>,<\/li>\n<li>mit\u00e4 ongelmia asennuksessa voi olla ja miten niist\u00e4 selvit\u00e4\u00e4n,<\/li>\n<li>mit\u00e4 asennuksen j\u00e4lkeen tehd\u00e4\u00e4n (<em>valinnat<\/em>, <em>asetukset<\/em>),<\/li>\n<li>miten se poistetaan ja mit\u00e4 hy\u00f6ty\u00e4 poistosta voi olla.<\/li>\n<\/ol>\n<\/li>\n<li>Lis\u00e4\u00e4 k\u00e4ytt\u00f6\u00f6notosta\u00a0<em>itse otettuja<\/em>\u00a0kuvia, ruutukaappauksia ja\/tai videoita.<\/li>\n<\/ul>\n<\/li>\n<li><em>Mobiilisovelluksen k\u00e4ytt\u00f6\u00f6notto<\/em>\n<ul>\n<li>Valitse asennettava mobiilisovellus (<em>hy\u00f6tyohjelma<\/em>, <em>ammattisovellus, k\u00e4nnykk\u00e4peli<\/em>).<\/li>\n<li><a href=\"http:\/\/google.fi\">Etsi tietoa<\/a> ja luo esitykseen ohjeet ja\/tai tietoa siit\u00e4,\n<ol>\n<li>mist\u00e4 sen voi turvallisesti ladata ja mit\u00e4 se maksaa,<\/li>\n<li>miten se asennetaan (<em>vaiheet<\/em>, <em>valinnat<\/em>, <em>aika<\/em>, <em>levytila<\/em>),<\/li>\n<li>mit\u00e4 <em>oikeuksia<\/em> sovellus vaatii toimiakseen ja mit\u00e4 ajatuksia n\u00e4iden oikeuksien antaminen sinussa her\u00e4tt\u00e4\u00e4,<\/li>\n<li>mit\u00e4 ongelmia asennuksessa voi olla ja miten niist\u00e4 selvit\u00e4\u00e4n,<\/li>\n<li>mit\u00e4 asennuksen j\u00e4lkeen tehd\u00e4\u00e4n (<em>valinnat<\/em>, <em>asetukset<\/em>),<\/li>\n<li>miten se poistetaan ja mit\u00e4 hy\u00f6ty\u00e4 poistosta voi olla.<\/li>\n<\/ol>\n<\/li>\n<li>Lis\u00e4\u00e4 k\u00e4ytt\u00f6\u00f6notosta\u00a0<em>itse otettuja<\/em>\u00a0kuvia, ruutukaappauksia ja\/tai videoita.<\/li>\n<\/ul>\n<\/li>\n<li>Jos esitys on tehty parity\u00f6n\u00e4, lis\u00e4\u00e4 esityksen loppuun prosenttiosuusarvio ja kuvaus molempien tekem\u00e4st\u00e4 ty\u00f6st\u00e4.<\/li>\n<\/ol>\n<p>Palauta valmiin esityksesi <em>Sway<\/em>-linkki opettajallesi <a href=\"http:\/\/wilma.gradia.fi\"><em>Wilma<\/em>-viestill\u00e4<\/a>. K\u00e4yt\u00e4 vain ja ainoastaan jo edell\u00e4 luotua <em>Wilma<\/em>-viestiketjua!<\/p>\n","protected":false},"excerpt":{"rendered":"<p>TVT- laitteiden ja sovellusten k\u00e4ytt\u00f6\u00f6notto Avaa uusi Sway-esitys. Tee kaikki sis\u00e4lt\u00f6 samaan esitykseen. Swayn nimi: K\u00e4ytt\u00f6\u00f6notto, tekstin\u00e4 tekij\u00e4n nimi ja ryhm\u00e4. Tietokoneen liitinvaihtoehdot -otsikko Etsi tietoa ja\u00a0kerro tekstin\u00e4 v\u00e4hint\u00e4\u00e4n kolmesta liittimest\u00e4 ja\/tai liit\u00e4nt\u00e4tavasta ( usb, hdmi, dvi, BT, wifi, nfc). Esittele valitsemasi liittimet ja\/tai liit\u00e4nt\u00e4tavat itse otettujen\u00a0kuvien avulla. Kerro, mit\u00e4 liittimiin ja\/tai liit\u00e4nt\u00e4tapoihin voi liitt\u00e4\u00e4 &hellip; <a href=\"https:\/\/blogit.gradia.fi\/tvtvalinnainen\/kayttoonotto\/\" class=\"more-link\">Jatka lukemista <span class=\"screen-reader-text\">3 K\u00e4ytt\u00f6\u00f6notto<\/span> <span class=\"meta-nav\">&rarr;<\/span><\/a><\/p>\n","protected":false},"author":107,"featured_media":0,"parent":0,"menu_order":0,"comment_status":"closed","ping_status":"closed","template":"","meta":{"_uag_custom_page_level_css":"","footnotes":""},"class_list":["post-18","page","type-page","status-publish","hentry"],"yoast_head":"<!-- This site is optimized with the Yoast SEO plugin v27.4 - https:\/\/yoast.com\/product\/yoast-seo-wordpress\/ -->\n<title>3 K\u00e4ytt\u00f6\u00f6notto - YTO2-TVTV-opintojakso<\/title>\n<meta name=\"robots\" content=\"index, follow, max-snippet:-1, max-image-preview:large, max-video-preview:-1\" \/>\n<link rel=\"canonical\" href=\"https:\/\/blogit.gradia.fi\/tvtvalinnainen\/kayttoonotto\/\" \/>\n<meta property=\"og:locale\" content=\"fi_FI\" \/>\n<meta property=\"og:type\" content=\"article\" \/>\n<meta property=\"og:title\" content=\"3 K\u00e4ytt\u00f6\u00f6notto - YTO2-TVTV-opintojakso\" \/>\n<meta property=\"og:description\" content=\"TVT- laitteiden ja sovellusten k\u00e4ytt\u00f6\u00f6notto Avaa uusi Sway-esitys. Tee kaikki sis\u00e4lt\u00f6 samaan esitykseen. Swayn nimi: K\u00e4ytt\u00f6\u00f6notto, tekstin\u00e4 tekij\u00e4n nimi ja ryhm\u00e4. Tietokoneen liitinvaihtoehdot -otsikko Etsi tietoa ja\u00a0kerro tekstin\u00e4 v\u00e4hint\u00e4\u00e4n kolmesta liittimest\u00e4 ja\/tai liit\u00e4nt\u00e4tavasta ( usb, hdmi, dvi, BT, wifi, nfc). Esittele valitsemasi liittimet ja\/tai liit\u00e4nt\u00e4tavat itse otettujen\u00a0kuvien avulla. Kerro, mit\u00e4 liittimiin ja\/tai liit\u00e4nt\u00e4tapoihin voi liitt\u00e4\u00e4 &hellip; Jatka lukemista 3 K\u00e4ytt\u00f6\u00f6notto &rarr;\" \/>\n<meta property=\"og:url\" content=\"https:\/\/blogit.gradia.fi\/tvtvalinnainen\/kayttoonotto\/\" \/>\n<meta property=\"og:site_name\" content=\"YTO2-TVTV-opintojakso\" \/>\n<meta property=\"article:modified_time\" content=\"2018-03-15T11:45:13+00:00\" \/>\n<meta name=\"twitter:card\" content=\"summary_large_image\" \/>\n<meta name=\"twitter:label1\" content=\"Arvioitu lukuaika\" \/>\n\t<meta name=\"twitter:data1\" content=\"2 minuuttia\" \/>\n<script type=\"application\/ld+json\" class=\"yoast-schema-graph\">{\"@context\":\"https:\\\/\\\/schema.org\",\"@graph\":[{\"@type\":\"WebPage\",\"@id\":\"https:\\\/\\\/blogit.gradia.fi\\\/tvtvalinnainen\\\/kayttoonotto\\\/\",\"url\":\"https:\\\/\\\/blogit.gradia.fi\\\/tvtvalinnainen\\\/kayttoonotto\\\/\",\"name\":\"3 K\u00e4ytt\u00f6\u00f6notto - YTO2-TVTV-opintojakso\",\"isPartOf\":{\"@id\":\"https:\\\/\\\/blogit.gradia.fi\\\/tvtvalinnainen\\\/#website\"},\"datePublished\":\"2016-05-11T11:41:35+00:00\",\"dateModified\":\"2018-03-15T11:45:13+00:00\",\"inLanguage\":\"fi\",\"potentialAction\":[{\"@type\":\"ReadAction\",\"target\":[\"https:\\\/\\\/blogit.gradia.fi\\\/tvtvalinnainen\\\/kayttoonotto\\\/\"]}]},{\"@type\":\"WebSite\",\"@id\":\"https:\\\/\\\/blogit.gradia.fi\\\/tvtvalinnainen\\\/#website\",\"url\":\"https:\\\/\\\/blogit.gradia.fi\\\/tvtvalinnainen\\\/\",\"name\":\"YTO2-TVTV-opintojakso\",\"description\":\"\",\"potentialAction\":[{\"@type\":\"SearchAction\",\"target\":{\"@type\":\"EntryPoint\",\"urlTemplate\":\"https:\\\/\\\/blogit.gradia.fi\\\/tvtvalinnainen\\\/?s={search_term_string}\"},\"query-input\":{\"@type\":\"PropertyValueSpecification\",\"valueRequired\":true,\"valueName\":\"search_term_string\"}}],\"inLanguage\":\"fi\"}]}<\/script>\n<!-- \/ Yoast SEO plugin. -->","yoast_head_json":{"title":"3 K\u00e4ytt\u00f6\u00f6notto - YTO2-TVTV-opintojakso","robots":{"index":"index","follow":"follow","max-snippet":"max-snippet:-1","max-image-preview":"max-image-preview:large","max-video-preview":"max-video-preview:-1"},"canonical":"https:\/\/blogit.gradia.fi\/tvtvalinnainen\/kayttoonotto\/","og_locale":"fi_FI","og_type":"article","og_title":"3 K\u00e4ytt\u00f6\u00f6notto - YTO2-TVTV-opintojakso","og_description":"TVT- laitteiden ja sovellusten k\u00e4ytt\u00f6\u00f6notto Avaa uusi Sway-esitys. Tee kaikki sis\u00e4lt\u00f6 samaan esitykseen. Swayn nimi: K\u00e4ytt\u00f6\u00f6notto, tekstin\u00e4 tekij\u00e4n nimi ja ryhm\u00e4. Tietokoneen liitinvaihtoehdot -otsikko Etsi tietoa ja\u00a0kerro tekstin\u00e4 v\u00e4hint\u00e4\u00e4n kolmesta liittimest\u00e4 ja\/tai liit\u00e4nt\u00e4tavasta ( usb, hdmi, dvi, BT, wifi, nfc). Esittele valitsemasi liittimet ja\/tai liit\u00e4nt\u00e4tavat itse otettujen\u00a0kuvien avulla. Kerro, mit\u00e4 liittimiin ja\/tai liit\u00e4nt\u00e4tapoihin voi liitt\u00e4\u00e4 &hellip; Jatka lukemista 3 K\u00e4ytt\u00f6\u00f6notto &rarr;","og_url":"https:\/\/blogit.gradia.fi\/tvtvalinnainen\/kayttoonotto\/","og_site_name":"YTO2-TVTV-opintojakso","article_modified_time":"2018-03-15T11:45:13+00:00","twitter_card":"summary_large_image","twitter_misc":{"Arvioitu lukuaika":"2 minuuttia"},"schema":{"@context":"https:\/\/schema.org","@graph":[{"@type":"WebPage","@id":"https:\/\/blogit.gradia.fi\/tvtvalinnainen\/kayttoonotto\/","url":"https:\/\/blogit.gradia.fi\/tvtvalinnainen\/kayttoonotto\/","name":"3 K\u00e4ytt\u00f6\u00f6notto - YTO2-TVTV-opintojakso","isPartOf":{"@id":"https:\/\/blogit.gradia.fi\/tvtvalinnainen\/#website"},"datePublished":"2016-05-11T11:41:35+00:00","dateModified":"2018-03-15T11:45:13+00:00","inLanguage":"fi","potentialAction":[{"@type":"ReadAction","target":["https:\/\/blogit.gradia.fi\/tvtvalinnainen\/kayttoonotto\/"]}]},{"@type":"WebSite","@id":"https:\/\/blogit.gradia.fi\/tvtvalinnainen\/#website","url":"https:\/\/blogit.gradia.fi\/tvtvalinnainen\/","name":"YTO2-TVTV-opintojakso","description":"","potentialAction":[{"@type":"SearchAction","target":{"@type":"EntryPoint","urlTemplate":"https:\/\/blogit.gradia.fi\/tvtvalinnainen\/?s={search_term_string}"},"query-input":{"@type":"PropertyValueSpecification","valueRequired":true,"valueName":"search_term_string"}}],"inLanguage":"fi"}]}},"uagb_featured_image_src":{"full":false,"thumbnail":false,"medium":false,"medium_large":false,"large":false,"1536x1536":false,"2048x2048":false,"post-thumbnail":false},"uagb_author_info":{"display_name":"Henri Jaakkola","author_link":"https:\/\/blogit.gradia.fi\/tvtvalinnainen\/author\/jaakkhen\/"},"uagb_comment_info":0,"uagb_excerpt":"TVT- laitteiden ja sovellusten k\u00e4ytt\u00f6\u00f6notto Avaa uusi Sway-esitys. Tee kaikki sis\u00e4lt\u00f6 samaan esitykseen. Swayn nimi: K\u00e4ytt\u00f6\u00f6notto, tekstin\u00e4 tekij\u00e4n nimi ja ryhm\u00e4. Tietokoneen liitinvaihtoehdot -otsikko Etsi tietoa ja\u00a0kerro tekstin\u00e4 v\u00e4hint\u00e4\u00e4n kolmesta liittimest\u00e4 ja\/tai liit\u00e4nt\u00e4tavasta ( usb, hdmi, dvi, BT, wifi, nfc). Esittele valitsemasi liittimet ja\/tai liit\u00e4nt\u00e4tavat itse otettujen\u00a0kuvien avulla. Kerro, mit\u00e4 liittimiin ja\/tai liit\u00e4nt\u00e4tapoihin voi liitt\u00e4\u00e4&hellip;","_links":{"self":[{"href":"https:\/\/blogit.gradia.fi\/tvtvalinnainen\/wp-json\/wp\/v2\/pages\/18","targetHints":{"allow":["GET"]}}],"collection":[{"href":"https:\/\/blogit.gradia.fi\/tvtvalinnainen\/wp-json\/wp\/v2\/pages"}],"about":[{"href":"https:\/\/blogit.gradia.fi\/tvtvalinnainen\/wp-json\/wp\/v2\/types\/page"}],"author":[{"embeddable":true,"href":"https:\/\/blogit.gradia.fi\/tvtvalinnainen\/wp-json\/wp\/v2\/users\/107"}],"replies":[{"embeddable":true,"href":"https:\/\/blogit.gradia.fi\/tvtvalinnainen\/wp-json\/wp\/v2\/comments?post=18"}],"version-history":[{"count":0,"href":"https:\/\/blogit.gradia.fi\/tvtvalinnainen\/wp-json\/wp\/v2\/pages\/18\/revisions"}],"wp:attachment":[{"href":"https:\/\/blogit.gradia.fi\/tvtvalinnainen\/wp-json\/wp\/v2\/media?parent=18"}],"curies":[{"name":"wp","href":"https:\/\/api.w.org\/{rel}","templated":true}]}}