{"id":14,"date":"2016-05-11T14:39:39","date_gmt":"2016-05-11T11:39:39","guid":{"rendered":"https:\/\/blogit.gradia.fi\/tvtvalinnainen\/?page_id=14"},"modified":"2018-03-15T13:45:47","modified_gmt":"2018-03-15T11:45:47","slug":"ongelmanratkaisu","status":"publish","type":"page","link":"https:\/\/blogit.gradia.fi\/tvtvalinnainen\/ongelmanratkaisu\/","title":{"rendered":"4 Ongelmanratkaisu"},"content":{"rendered":"<p><strong>TVT- sovellusten ongelmien ratkaiseminen<\/strong><\/p>\n<p>Avaa uusi <a href=\"http:\/\/office.gradia.fi\"><em>Sway<\/em>-esitys<\/a>. Tee kaikki sis\u00e4lt\u00f6 samaan esitykseen.<\/p>\n<ol>\n<li><em>Swayn nimi: Ongelmanratkaisu<\/em>, <em>tekstin\u00e4<\/em> tekij\u00e4n nimi ja ryhm\u00e4.<\/li>\n<li><em>Sovellusten ja laitteiden ongelmat<\/em> <em>-otsikko<\/em>\n<ul>\n<li><em>Tekstin\u00e4<\/em> kerro, mitk\u00e4 kaksi ongelmaa\u00a0tied\u00e4t (<em>hy\u00f6ty- ja\/tai\u00a0<\/em><em>ammattisovellus, hy\u00f6ty- ja\/tai\u00a0ammattilaite)<\/em>.<\/li>\n<li><a href=\"http:\/\/google.fi\">Etsi tietoa<\/a> ja kerro, mik\u00e4 ongelmat aiheuttaa ja mitk\u00e4 ovat oikeat ratkaisut.<\/li>\n<li>Lis\u00e4\u00e4 <em>itse otettu<\/em> kuva tai ruutukaappauskuva\u00a0ongelmista ja\/tai ongelmanratkaisuista.<\/li>\n<\/ul>\n<\/li>\n<li><em>K\u00e4nnykk\u00e4ongelmat<\/em>\n<ul>\n<li>Liittym\u00e4t ja\u00a0datapaketit\n<ol>\n<li>Kerro\u00a0liittym\u00e4si\u00a0perustiedot ja kuukausihinta. Lis\u00e4\u00e4 <em>itse otettu<\/em> kuva tai ruutukaappaus k\u00e4nnykk\u00e4si\u00a0kuukauden datasiirtom\u00e4\u00e4r\u00e4st\u00e4.<\/li>\n<li><a href=\"http:\/\/google.fi\">Etsi tietoa<\/a> ja luo eri operaattoreiden\u00a0liittymist\u00e4\u00a0tai saman operaattorin eri liittymist\u00e4 vertailutaulukko (<em>puhelut<\/em>, <em>viestit<\/em>, <em>data<\/em>, <em>kuukausihinta<\/em>) taulukkolaskentaohjelmalla (<em>alla esimerkkikuva<\/em>). Lis\u00e4\u00e4\u00a0yhteen\u00a0soluun nimesi ja lis\u00e4\u00e4 arviosi siit\u00e4, kenelle mik\u00e4kin liittym\u00e4 soveltuisi.\u00a0Lis\u00e4\u00e4 <em>itse ottamasi ja rajaamasi<\/em>\u00a0ruutukaappauskuva taulukosta.<br \/>\n<img loading=\"lazy\" decoding=\"async\" class=\"alignnone wp-image-421 size-full\" src=\"https:\/\/blogit.gradia.fi\/tvtvalinnainen\/wp-content\/uploads\/sites\/39\/2016\/05\/vt4-1.png\" alt=\"\" width=\"930\" height=\"142\" srcset=\"https:\/\/blogit.gradia.fi\/tvtvalinnainen\/wp-content\/uploads\/sites\/39\/2016\/05\/vt4-1.png 930w, https:\/\/blogit.gradia.fi\/tvtvalinnainen\/wp-content\/uploads\/sites\/39\/2016\/05\/vt4-1-300x46.png 300w, https:\/\/blogit.gradia.fi\/tvtvalinnainen\/wp-content\/uploads\/sites\/39\/2016\/05\/vt4-1-768x117.png 768w\" sizes=\"auto, (max-width: 930px) 100vw, 930px\" \/><\/li>\n<\/ol>\n<\/li>\n<li>N\u00e4yt\u00f6n rikkoutuminen\n<ol>\n<li><a href=\"http:\/\/google.fi\">Etsi tietoa<\/a> ja kerro, mik\u00e4 lasi k\u00e4nnyk\u00e4ss\u00e4si on, mit\u00e4 vaihtoehtoja lasin vaihtoon on ja mit\u00e4 ne maksavat.<\/li>\n<li><a href=\"http:\/\/google.fi\">Etsi tietoa<\/a> ja kerro, mit\u00e4 tarkoittavat\u00a0 ja mit\u00e4 hy\u00f6ty\u00e4 on n\u00e4yt\u00f6nsuojakalvoista, koteloista ja\u00a0suojakuorista.<\/li>\n<li>Lis\u00e4\u00e4 <em>itse ottamasi<\/em> kuva rikkoutuneesta n\u00e4yt\u00f6st\u00e4 (<em>peilin avulla<\/em>).<\/li>\n<\/ol>\n<\/li>\n<li>Akun vaihtaminen\n<ol>\n<li><a href=\"http:\/\/google.fi\">Etsi tietoa<\/a> ja kerro, voiko k\u00e4nnykk\u00e4si akun vaihtaa, mist\u00e4\u00a0uuden akun\u00a0voi hankkia ja\u00a0mit\u00e4 se\u00a0maksaa.<\/li>\n<li>Lis\u00e4\u00e4 <em>itse ottamasi<\/em> kuva k\u00e4nnyk\u00e4n akusta (<em>peilin avulla<\/em>).<\/li>\n<\/ol>\n<\/li>\n<li>Tehdasasetusten palautus ja piilotetut ominaisuudet (<em>varovasti, kaikkea ei tarvitse kokeilla<\/em>)\n<ol>\n<li><a href=\"http:\/\/google.fi\">Etsi tietoa<\/a> ja kerro, miss\u00e4 tilanteessa tehdasasetukset kannattaa palauttaa ja miten se k\u00e4nnyk\u00e4ss\u00e4si tehd\u00e4\u00e4n (&#8221;<em>smartphone hard reset<\/em>&#8221;).<\/li>\n<li><a href=\"http:\/\/google.fi\">Etsi tietoa<\/a> ja kerro, mit\u00e4 piilotettuja ominaisuuksia k\u00e4nnyk\u00e4ss\u00e4si on (&#8221;<em>smartphone hidden features<\/em>&#8221;).<\/li>\n<\/ol>\n<\/li>\n<\/ul>\n<\/li>\n<li><em>Tiedosto- ja tallennusmuodot<\/em>\n<ul>\n<li><a href=\"http:\/\/google.fi\">Etsi tietoa<\/a> ja kerro jokaisesta erikseen,\u00a0mit\u00e4 ovat <em>.docx<\/em>, <em>.xlsx<\/em>, <em>.txt<\/em>, <em>.jpeg<\/em>, <em>.png<\/em>, <em>.html<\/em>,\u00a0<em>.zip<\/em>, <em>.rar<\/em>, <em>.exe<\/em>, <em>.pdf<\/em> -tiedostop\u00e4\u00e4tteet.<\/li>\n<li>Lis\u00e4\u00e4 <em>itse ottamasi ja rajaamasi<\/em>\u00a0ruutukaappauskuva\u00a0<em>alasvetovalikosta<\/em>, joka paljastaa esim. tekstitiedoston mahdolliset tallennusmuodot.<\/li>\n<li><a href=\"http:\/\/google.fi\">Etsi tietoa<\/a> ja kerro, mitk\u00e4 tiedostotyypit saattavat olla vaarallisia\u00a0<em>Windows<\/em>-ymp\u00e4rist\u00f6ss\u00e4.<\/li>\n<\/ul>\n<\/li>\n<li><em>Tiedostojen siirto ja varmuuskopiointi<\/em>\n<ul>\n<li><a href=\"http:\/\/google.fi\">Etsi tietoa<\/a> ja kerro, miten\u00a0tietokoneen ja\/tai k\u00e4nnyk\u00e4n t\u00e4rke\u00e4t tiedostot siirret\u00e4\u00e4n toiseen laitteeseen ja\/tai palveluun.<\/li>\n<li><a href=\"http:\/\/google.fi\">Etsi tietoa<\/a> ja kerro,\u00a0miksi tietokoneen ja\/tai k\u00e4nnyk\u00e4n\u00a0tiedostot kannattaa varmuuskopioida.<\/li>\n<li>Lis\u00e4\u00e4 <em>itse ottamasi<\/em> kuva tai ruutukaappauskuva varmuuskopiolaitteesta ja\/tai palvelusta.<\/li>\n<\/ul>\n<\/li>\n<li>Jos esitys on tehty parity\u00f6n\u00e4, lis\u00e4\u00e4 esityksen loppuun prosenttiosuusarvio ja kuvaus molempien tekem\u00e4st\u00e4 ty\u00f6st\u00e4.<\/li>\n<\/ol>\n<p>Palauta valmiin esityksesi <em>Sway<\/em>-linkki opettajallesi <a href=\"http:\/\/wilma.gradia.fi\"><em>Wilma<\/em>-viestill\u00e4<\/a>. K\u00e4yt\u00e4 vain ja ainoastaan jo edell\u00e4 luotua <em>Wilma<\/em>-viestiketjua!<\/p>\n","protected":false},"excerpt":{"rendered":"<p>TVT- sovellusten ongelmien ratkaiseminen Avaa uusi Sway-esitys. Tee kaikki sis\u00e4lt\u00f6 samaan esitykseen. Swayn nimi: Ongelmanratkaisu, tekstin\u00e4 tekij\u00e4n nimi ja ryhm\u00e4. Sovellusten ja laitteiden ongelmat -otsikko Tekstin\u00e4 kerro, mitk\u00e4 kaksi ongelmaa\u00a0tied\u00e4t (hy\u00f6ty- ja\/tai\u00a0ammattisovellus, hy\u00f6ty- ja\/tai\u00a0ammattilaite). Etsi tietoa ja kerro, mik\u00e4 ongelmat aiheuttaa ja mitk\u00e4 ovat oikeat ratkaisut. Lis\u00e4\u00e4 itse otettu kuva tai ruutukaappauskuva\u00a0ongelmista ja\/tai ongelmanratkaisuista. K\u00e4nnykk\u00e4ongelmat &hellip; <a href=\"https:\/\/blogit.gradia.fi\/tvtvalinnainen\/ongelmanratkaisu\/\" class=\"more-link\">Jatka lukemista <span class=\"screen-reader-text\">4 Ongelmanratkaisu<\/span> <span class=\"meta-nav\">&rarr;<\/span><\/a><\/p>\n","protected":false},"author":111,"featured_media":0,"parent":0,"menu_order":0,"comment_status":"closed","ping_status":"closed","template":"","meta":{"_uag_custom_page_level_css":"","footnotes":""},"class_list":["post-14","page","type-page","status-publish","hentry"],"yoast_head":"<!-- This site is optimized with the Yoast SEO plugin v27.4 - https:\/\/yoast.com\/product\/yoast-seo-wordpress\/ -->\n<title>4 Ongelmanratkaisu - YTO2-TVTV-opintojakso<\/title>\n<meta name=\"robots\" content=\"index, follow, max-snippet:-1, max-image-preview:large, max-video-preview:-1\" \/>\n<link rel=\"canonical\" href=\"https:\/\/blogit.gradia.fi\/tvtvalinnainen\/ongelmanratkaisu\/\" \/>\n<meta property=\"og:locale\" content=\"fi_FI\" \/>\n<meta property=\"og:type\" content=\"article\" \/>\n<meta property=\"og:title\" content=\"4 Ongelmanratkaisu - YTO2-TVTV-opintojakso\" \/>\n<meta property=\"og:description\" content=\"TVT- sovellusten ongelmien ratkaiseminen Avaa uusi Sway-esitys. Tee kaikki sis\u00e4lt\u00f6 samaan esitykseen. Swayn nimi: Ongelmanratkaisu, tekstin\u00e4 tekij\u00e4n nimi ja ryhm\u00e4. Sovellusten ja laitteiden ongelmat -otsikko Tekstin\u00e4 kerro, mitk\u00e4 kaksi ongelmaa\u00a0tied\u00e4t (hy\u00f6ty- ja\/tai\u00a0ammattisovellus, hy\u00f6ty- ja\/tai\u00a0ammattilaite). Etsi tietoa ja kerro, mik\u00e4 ongelmat aiheuttaa ja mitk\u00e4 ovat oikeat ratkaisut. Lis\u00e4\u00e4 itse otettu kuva tai ruutukaappauskuva\u00a0ongelmista ja\/tai ongelmanratkaisuista. K\u00e4nnykk\u00e4ongelmat &hellip; Jatka lukemista 4 Ongelmanratkaisu &rarr;\" \/>\n<meta property=\"og:url\" content=\"https:\/\/blogit.gradia.fi\/tvtvalinnainen\/ongelmanratkaisu\/\" \/>\n<meta property=\"og:site_name\" content=\"YTO2-TVTV-opintojakso\" \/>\n<meta property=\"article:modified_time\" content=\"2018-03-15T11:45:47+00:00\" \/>\n<meta property=\"og:image\" content=\"https:\/\/blogit.gradia.fi\/tvtvalinnainen\/wp-content\/uploads\/sites\/39\/2016\/05\/vt4-1.png\" \/>\n<meta name=\"twitter:card\" content=\"summary_large_image\" \/>\n<meta name=\"twitter:label1\" content=\"Arvioitu lukuaika\" \/>\n\t<meta name=\"twitter:data1\" content=\"2 minuuttia\" \/>\n<script type=\"application\/ld+json\" class=\"yoast-schema-graph\">{\"@context\":\"https:\\\/\\\/schema.org\",\"@graph\":[{\"@type\":\"WebPage\",\"@id\":\"https:\\\/\\\/blogit.gradia.fi\\\/tvtvalinnainen\\\/ongelmanratkaisu\\\/\",\"url\":\"https:\\\/\\\/blogit.gradia.fi\\\/tvtvalinnainen\\\/ongelmanratkaisu\\\/\",\"name\":\"4 Ongelmanratkaisu - YTO2-TVTV-opintojakso\",\"isPartOf\":{\"@id\":\"https:\\\/\\\/blogit.gradia.fi\\\/tvtvalinnainen\\\/#website\"},\"primaryImageOfPage\":{\"@id\":\"https:\\\/\\\/blogit.gradia.fi\\\/tvtvalinnainen\\\/ongelmanratkaisu\\\/#primaryimage\"},\"image\":{\"@id\":\"https:\\\/\\\/blogit.gradia.fi\\\/tvtvalinnainen\\\/ongelmanratkaisu\\\/#primaryimage\"},\"thumbnailUrl\":\"https:\\\/\\\/blogit.gradia.fi\\\/tvtvalinnainen\\\/wp-content\\\/uploads\\\/sites\\\/39\\\/2016\\\/05\\\/vt4-1.png\",\"datePublished\":\"2016-05-11T11:39:39+00:00\",\"dateModified\":\"2018-03-15T11:45:47+00:00\",\"inLanguage\":\"fi\",\"potentialAction\":[{\"@type\":\"ReadAction\",\"target\":[\"https:\\\/\\\/blogit.gradia.fi\\\/tvtvalinnainen\\\/ongelmanratkaisu\\\/\"]}]},{\"@type\":\"ImageObject\",\"inLanguage\":\"fi\",\"@id\":\"https:\\\/\\\/blogit.gradia.fi\\\/tvtvalinnainen\\\/ongelmanratkaisu\\\/#primaryimage\",\"url\":\"https:\\\/\\\/blogit.gradia.fi\\\/tvtvalinnainen\\\/wp-content\\\/uploads\\\/sites\\\/39\\\/2016\\\/05\\\/vt4-1.png\",\"contentUrl\":\"https:\\\/\\\/blogit.gradia.fi\\\/tvtvalinnainen\\\/wp-content\\\/uploads\\\/sites\\\/39\\\/2016\\\/05\\\/vt4-1.png\",\"width\":930,\"height\":142},{\"@type\":\"WebSite\",\"@id\":\"https:\\\/\\\/blogit.gradia.fi\\\/tvtvalinnainen\\\/#website\",\"url\":\"https:\\\/\\\/blogit.gradia.fi\\\/tvtvalinnainen\\\/\",\"name\":\"YTO2-TVTV-opintojakso\",\"description\":\"\",\"potentialAction\":[{\"@type\":\"SearchAction\",\"target\":{\"@type\":\"EntryPoint\",\"urlTemplate\":\"https:\\\/\\\/blogit.gradia.fi\\\/tvtvalinnainen\\\/?s={search_term_string}\"},\"query-input\":{\"@type\":\"PropertyValueSpecification\",\"valueRequired\":true,\"valueName\":\"search_term_string\"}}],\"inLanguage\":\"fi\"}]}<\/script>\n<!-- \/ Yoast SEO plugin. -->","yoast_head_json":{"title":"4 Ongelmanratkaisu - YTO2-TVTV-opintojakso","robots":{"index":"index","follow":"follow","max-snippet":"max-snippet:-1","max-image-preview":"max-image-preview:large","max-video-preview":"max-video-preview:-1"},"canonical":"https:\/\/blogit.gradia.fi\/tvtvalinnainen\/ongelmanratkaisu\/","og_locale":"fi_FI","og_type":"article","og_title":"4 Ongelmanratkaisu - YTO2-TVTV-opintojakso","og_description":"TVT- sovellusten ongelmien ratkaiseminen Avaa uusi Sway-esitys. Tee kaikki sis\u00e4lt\u00f6 samaan esitykseen. Swayn nimi: Ongelmanratkaisu, tekstin\u00e4 tekij\u00e4n nimi ja ryhm\u00e4. Sovellusten ja laitteiden ongelmat -otsikko Tekstin\u00e4 kerro, mitk\u00e4 kaksi ongelmaa\u00a0tied\u00e4t (hy\u00f6ty- ja\/tai\u00a0ammattisovellus, hy\u00f6ty- ja\/tai\u00a0ammattilaite). Etsi tietoa ja kerro, mik\u00e4 ongelmat aiheuttaa ja mitk\u00e4 ovat oikeat ratkaisut. Lis\u00e4\u00e4 itse otettu kuva tai ruutukaappauskuva\u00a0ongelmista ja\/tai ongelmanratkaisuista. K\u00e4nnykk\u00e4ongelmat &hellip; Jatka lukemista 4 Ongelmanratkaisu &rarr;","og_url":"https:\/\/blogit.gradia.fi\/tvtvalinnainen\/ongelmanratkaisu\/","og_site_name":"YTO2-TVTV-opintojakso","article_modified_time":"2018-03-15T11:45:47+00:00","og_image":[{"url":"https:\/\/blogit.gradia.fi\/tvtvalinnainen\/wp-content\/uploads\/sites\/39\/2016\/05\/vt4-1.png","type":"","width":"","height":""}],"twitter_card":"summary_large_image","twitter_misc":{"Arvioitu lukuaika":"2 minuuttia"},"schema":{"@context":"https:\/\/schema.org","@graph":[{"@type":"WebPage","@id":"https:\/\/blogit.gradia.fi\/tvtvalinnainen\/ongelmanratkaisu\/","url":"https:\/\/blogit.gradia.fi\/tvtvalinnainen\/ongelmanratkaisu\/","name":"4 Ongelmanratkaisu - YTO2-TVTV-opintojakso","isPartOf":{"@id":"https:\/\/blogit.gradia.fi\/tvtvalinnainen\/#website"},"primaryImageOfPage":{"@id":"https:\/\/blogit.gradia.fi\/tvtvalinnainen\/ongelmanratkaisu\/#primaryimage"},"image":{"@id":"https:\/\/blogit.gradia.fi\/tvtvalinnainen\/ongelmanratkaisu\/#primaryimage"},"thumbnailUrl":"https:\/\/blogit.gradia.fi\/tvtvalinnainen\/wp-content\/uploads\/sites\/39\/2016\/05\/vt4-1.png","datePublished":"2016-05-11T11:39:39+00:00","dateModified":"2018-03-15T11:45:47+00:00","inLanguage":"fi","potentialAction":[{"@type":"ReadAction","target":["https:\/\/blogit.gradia.fi\/tvtvalinnainen\/ongelmanratkaisu\/"]}]},{"@type":"ImageObject","inLanguage":"fi","@id":"https:\/\/blogit.gradia.fi\/tvtvalinnainen\/ongelmanratkaisu\/#primaryimage","url":"https:\/\/blogit.gradia.fi\/tvtvalinnainen\/wp-content\/uploads\/sites\/39\/2016\/05\/vt4-1.png","contentUrl":"https:\/\/blogit.gradia.fi\/tvtvalinnainen\/wp-content\/uploads\/sites\/39\/2016\/05\/vt4-1.png","width":930,"height":142},{"@type":"WebSite","@id":"https:\/\/blogit.gradia.fi\/tvtvalinnainen\/#website","url":"https:\/\/blogit.gradia.fi\/tvtvalinnainen\/","name":"YTO2-TVTV-opintojakso","description":"","potentialAction":[{"@type":"SearchAction","target":{"@type":"EntryPoint","urlTemplate":"https:\/\/blogit.gradia.fi\/tvtvalinnainen\/?s={search_term_string}"},"query-input":{"@type":"PropertyValueSpecification","valueRequired":true,"valueName":"search_term_string"}}],"inLanguage":"fi"}]}},"uagb_featured_image_src":{"full":false,"thumbnail":false,"medium":false,"medium_large":false,"large":false,"1536x1536":false,"2048x2048":false,"post-thumbnail":false},"uagb_author_info":{"display_name":"Hannu Tabell","author_link":"https:\/\/blogit.gradia.fi\/tvtvalinnainen\/author\/htabell\/"},"uagb_comment_info":0,"uagb_excerpt":"TVT- sovellusten ongelmien ratkaiseminen Avaa uusi Sway-esitys. Tee kaikki sis\u00e4lt\u00f6 samaan esitykseen. Swayn nimi: Ongelmanratkaisu, tekstin\u00e4 tekij\u00e4n nimi ja ryhm\u00e4. Sovellusten ja laitteiden ongelmat -otsikko Tekstin\u00e4 kerro, mitk\u00e4 kaksi ongelmaa\u00a0tied\u00e4t (hy\u00f6ty- ja\/tai\u00a0ammattisovellus, hy\u00f6ty- ja\/tai\u00a0ammattilaite). Etsi tietoa ja kerro, mik\u00e4 ongelmat aiheuttaa ja mitk\u00e4 ovat oikeat ratkaisut. Lis\u00e4\u00e4 itse otettu kuva tai ruutukaappauskuva\u00a0ongelmista ja\/tai ongelmanratkaisuista. K\u00e4nnykk\u00e4ongelmat&hellip;","_links":{"self":[{"href":"https:\/\/blogit.gradia.fi\/tvtvalinnainen\/wp-json\/wp\/v2\/pages\/14","targetHints":{"allow":["GET"]}}],"collection":[{"href":"https:\/\/blogit.gradia.fi\/tvtvalinnainen\/wp-json\/wp\/v2\/pages"}],"about":[{"href":"https:\/\/blogit.gradia.fi\/tvtvalinnainen\/wp-json\/wp\/v2\/types\/page"}],"author":[{"embeddable":true,"href":"https:\/\/blogit.gradia.fi\/tvtvalinnainen\/wp-json\/wp\/v2\/users\/111"}],"replies":[{"embeddable":true,"href":"https:\/\/blogit.gradia.fi\/tvtvalinnainen\/wp-json\/wp\/v2\/comments?post=14"}],"version-history":[{"count":0,"href":"https:\/\/blogit.gradia.fi\/tvtvalinnainen\/wp-json\/wp\/v2\/pages\/14\/revisions"}],"wp:attachment":[{"href":"https:\/\/blogit.gradia.fi\/tvtvalinnainen\/wp-json\/wp\/v2\/media?parent=14"}],"curies":[{"name":"wp","href":"https:\/\/api.w.org\/{rel}","templated":true}]}}