{"id":58,"date":"2015-05-15T10:39:41","date_gmt":"2015-05-15T10:39:41","guid":{"rendered":"https:\/\/blogit.gradia.fi\/topmerkonomi14r\/?page_id=58"},"modified":"2015-05-15T10:39:41","modified_gmt":"2015-05-15T10:39:41","slug":"58","status":"publish","type":"page","link":"https:\/\/blogit.gradia.fi\/topmerkonomi14r\/58\/","title":{"rendered":""},"content":{"rendered":"<p><strong>Oppimisp\u00e4iv\u00e4kirja eli BLOGI<\/strong><\/p>\n<p><strong>Mik\u00e4\/ mit\u00e4 varten?<\/strong><\/p>\n<p>Oppimisp\u00e4iv\u00e4kirja on ty\u00f6ss\u00e4oppimisen ja koulussa tapahtuvan oppimisen arviointikalu. Oppimisp\u00e4iv\u00e4kirja kuvaa sinun opiskelijan oppimisen yksil\u00f6llisi\u00e4 puolia, joten sille ei my\u00f6sk\u00e4\u00e4n voi asettaa tietty\u00e4 mallia. Tiettyj\u00e4 suuntaviivoja ja yleisohjeita kuitenkin voidaan antaa.<\/p>\n<p><strong>Oppimisp\u00e4iv\u00e4kirja ei ole<\/strong> &#8221; mit\u00e4 ajattelin t\u00e4n\u00e4\u00e4n&#8221;- p\u00e4iv\u00e4kirja tai kokoelma puhtaaksikirjoitettuja luentomuistiinpanoja, vaan olennaista siin\u00e4 on itsereflektio, oman oppimisprosessin hahmottaminen,<strong> oman osaamisen ja oppimistavoitteiden analysointi<\/strong>. Oppimisp\u00e4iv\u00e4kirja antaa mahdollisuuden mietti\u00e4 <em>miss\u00e4 ollaan ja mihin pit\u00e4isi p\u00e4\u00e4st\u00e4.<\/em><\/p>\n<p>Blogissa opiskelijan on tarkoitus pohtia ja yhdistell\u00e4 kurssilla oppimaansa \u00a0ja kuulemaansa\u00a0siihen, mit\u00e4 h\u00e4n oppii ty\u00f6paikalla ty\u00f6ss\u00e4oppimisensa aikana.<\/p>\n<p><strong>Ohjeita kirjoittamiseen<\/strong><\/p>\n<p>Blogia\u00a0on tarkoitus kirjoittaa s\u00e4\u00e4nn\u00f6llisesti, viikottain. Oppimisp\u00e4iv\u00e4kirjaa ei siis voi kirjoittaa kurssin ja topin lopussa juuri ennen palautusp\u00e4iv\u00e4, koska sen on tarkoitus olla <em>oppimisprosessin<\/em> kuvaus.<\/p>\n<p><strong>Arviointi<\/strong><\/p>\n<p>Oppimisp\u00e4iv\u00e4kirjanprosessin tarkoituksena on oppia esitt\u00e4m\u00e4\u00e4n\/ kuvaamaan asioita omin sanoin, yhdistelem\u00e4\u00e4n kurssilla opittua aiempaan tietoon, soveltamaan, analysoimaan, pohtimaan ja arvioimaan tietoa.<\/p>\n<p>Ajattelua voisi kuvata k\u00e4ytt\u00e4en verbej\u00e4, jotka kuvaavat ajattelua eri tasoilla.<\/p>\n<p>Tieto. N\u00e4yt\u00e4, ett\u00e4 tied\u00e4t.<br \/>\nYmm\u00e4rrys. N\u00e4yt\u00e4, ett\u00e4 ymm\u00e4rr\u00e4t miksi esim. asioita tehd\u00e4\u00e4n tietyll\u00e4 tavalla.<br \/>\nSovellus. N\u00e4yt\u00e4, ett\u00e4 pystyt k\u00e4ytt\u00e4m\u00e4\u00e4n oppimaasi.<br \/>\nAnalyysi. N\u00e4yt\u00e4, ett\u00e4 pystyt l\u00f6yt\u00e4m\u00e4\u00e4n olennaiset asiat.<br \/>\nSynteesi. N\u00e4yt\u00e4, ett\u00e4 pystyt luomaan ajatuksia ja kokonaisuuksia.<br \/>\nArviointi. N\u00e4yt\u00e4, ett\u00e4 pystyt arvioimaan ideoita, tietoa, menettelyj\u00e4 ja ratkaisuja.<\/p>\n<p><strong>Oppimisp\u00e4iv\u00e4kirjan hy\u00f6tyj\u00e4<\/strong><\/p>\n<ul>\n<li>asioiden s\u00e4\u00e4nn\u00f6llinen k\u00e4sittely edist\u00e4\u00e4 oppimista ja blogin kirjoittaminen\u00a0kannustaa t\u00e4h\u00e4n,( vertaa kirjatentin p\u00e4ntt\u00e4\u00e4minen edellisen\u00e4 iltana).<\/li>\n<li>oman osaamisen arviointi taito kehittyy ja siit\u00e4 tulee yh\u00e4 helpompaa<\/li>\n<\/ul>\n<p>Ammattiopistossa opiskelijalla on vastuu omasta oppimisestaan. T\u00e4m\u00e4 edellytt\u00e4\u00e4 mm. Itsereflektiokyky\u00e4, kyky\u00e4 seurata ja arvioida omaa oppimistaan, tunnistaa kehitt\u00e4miskohteita ja paikata niit\u00e4. HOPS- prosessi l\u00e4htee t\u00e4st\u00e4 samasta ajatuksesta, joten oppimisp\u00e4iv\u00e4kirja eli blogia voidaan n\u00e4hd\u00e4 osana HOPSina.<\/p>\n<p>Blogi, jota kirjoitat toimii hyv\u00e4n\u00e4\u00a0oman osaamisen ja oppimisen markkinointi ty\u00f6kaluna esim.t\u00f6it\u00e4 haettaessa valmistumisen j\u00e4lkeen tai ainakin hyv\u00e4n\u00e4 paikkana itsellesi selata j\u00e4lkik\u00e4teen, kuinka vahvan ammatitaidon olet opintojesi aika ehtinyt ty\u00f6ss\u00e4oppimispaikalla ker\u00e4\u00e4m\u00e4\u00e4n.<\/p>\n<p>&nbsp;<\/p>\n<p>Lis\u00e4\u00e4 neuvoja ja apuja tarjolla<\/p>\n<p>-Heini<\/p>\n<p>&nbsp;<\/p>\n<p>Ohjeet lainattu mukaellen Satu Mursulan ohjeistuksesta Hiuskiltalaisille Jyv\u00e4skyl\u00e4n ammattiopistossa.<\/p>\n","protected":false},"excerpt":{"rendered":"<p>Oppimisp\u00e4iv\u00e4kirja eli BLOGI Mik\u00e4\/ mit\u00e4 varten? Oppimisp\u00e4iv\u00e4kirja on ty\u00f6ss\u00e4oppimisen ja koulussa tapahtuvan oppimisen arviointikalu. Oppimisp\u00e4iv\u00e4kirja kuvaa sinun opiskelijan oppimisen yksil\u00f6llisi\u00e4 puolia, joten sille ei my\u00f6sk\u00e4\u00e4n voi asettaa tietty\u00e4 mallia. Tiettyj\u00e4 suuntaviivoja ja yleisohjeita kuitenkin voidaan antaa. Oppimisp\u00e4iv\u00e4kirja ei ole &#8221; mit\u00e4 ajattelin t\u00e4n\u00e4\u00e4n&#8221;- p\u00e4iv\u00e4kirja tai kokoelma puhtaaksikirjoitettuja luentomuistiinpanoja, vaan olennaista siin\u00e4 on itsereflektio, oman oppimisprosessin &hellip; <a href=\"https:\/\/blogit.gradia.fi\/topmerkonomi14r\/58\/\" class=\"more-link\">Jatka lukemista <span class=\"screen-reader-text\"><\/span> <span class=\"meta-nav\">&rarr;<\/span><\/a><\/p>\n","protected":false},"author":165,"featured_media":0,"parent":0,"menu_order":0,"comment_status":"open","ping_status":"open","template":"","meta":{"_uag_custom_page_level_css":"","footnotes":""},"class_list":["post-58","page","type-page","status-publish","hentry"],"yoast_head":"<!-- This site is optimized with the Yoast SEO plugin v27.2 - https:\/\/yoast.com\/product\/yoast-seo-wordpress\/ -->\n<title>- TOP Merkonomi 14R<\/title>\n<meta name=\"robots\" content=\"index, follow, max-snippet:-1, max-image-preview:large, max-video-preview:-1\" \/>\n<link rel=\"canonical\" href=\"https:\/\/blogit.gradia.fi\/topmerkonomi14r\/58\/\" \/>\n<meta property=\"og:locale\" content=\"fi_FI\" \/>\n<meta property=\"og:type\" content=\"article\" \/>\n<meta property=\"og:title\" content=\"- TOP Merkonomi 14R\" \/>\n<meta property=\"og:description\" content=\"Oppimisp\u00e4iv\u00e4kirja eli BLOGI Mik\u00e4\/ mit\u00e4 varten? Oppimisp\u00e4iv\u00e4kirja on ty\u00f6ss\u00e4oppimisen ja koulussa tapahtuvan oppimisen arviointikalu. Oppimisp\u00e4iv\u00e4kirja kuvaa sinun opiskelijan oppimisen yksil\u00f6llisi\u00e4 puolia, joten sille ei my\u00f6sk\u00e4\u00e4n voi asettaa tietty\u00e4 mallia. Tiettyj\u00e4 suuntaviivoja ja yleisohjeita kuitenkin voidaan antaa. Oppimisp\u00e4iv\u00e4kirja ei ole &#8221; mit\u00e4 ajattelin t\u00e4n\u00e4\u00e4n&#8221;- p\u00e4iv\u00e4kirja tai kokoelma puhtaaksikirjoitettuja luentomuistiinpanoja, vaan olennaista siin\u00e4 on itsereflektio, oman oppimisprosessin &hellip; Jatka lukemista &rarr;\" \/>\n<meta property=\"og:url\" content=\"https:\/\/blogit.gradia.fi\/topmerkonomi14r\/58\/\" \/>\n<meta property=\"og:site_name\" content=\"TOP Merkonomi 14R\" \/>\n<meta name=\"twitter:card\" content=\"summary_large_image\" \/>\n<meta name=\"twitter:label1\" content=\"Arvioitu lukuaika\" \/>\n\t<meta name=\"twitter:data1\" content=\"2 minuuttia\" \/>\n<script type=\"application\/ld+json\" class=\"yoast-schema-graph\">{\"@context\":\"https:\/\/schema.org\",\"@graph\":[{\"@type\":\"WebPage\",\"@id\":\"https:\/\/blogit.gradia.fi\/topmerkonomi14r\/58\/\",\"url\":\"https:\/\/blogit.gradia.fi\/topmerkonomi14r\/58\/\",\"name\":\"- TOP Merkonomi 14R\",\"isPartOf\":{\"@id\":\"https:\/\/blogit.gradia.fi\/topmerkonomi14r\/#website\"},\"datePublished\":\"2015-05-15T10:39:41+00:00\",\"breadcrumb\":{\"@id\":\"https:\/\/blogit.gradia.fi\/topmerkonomi14r\/58\/#breadcrumb\"},\"inLanguage\":\"fi\",\"potentialAction\":[{\"@type\":\"ReadAction\",\"target\":[\"https:\/\/blogit.gradia.fi\/topmerkonomi14r\/58\/\"]}]},{\"@type\":\"BreadcrumbList\",\"@id\":\"https:\/\/blogit.gradia.fi\/topmerkonomi14r\/58\/#breadcrumb\",\"itemListElement\":[]},{\"@type\":\"WebSite\",\"@id\":\"https:\/\/blogit.gradia.fi\/topmerkonomi14r\/#website\",\"url\":\"https:\/\/blogit.gradia.fi\/topmerkonomi14r\/\",\"name\":\"TOP Merkonomi 14R\",\"description\":\"Uusi ao-blogit -sivusto\",\"potentialAction\":[{\"@type\":\"SearchAction\",\"target\":{\"@type\":\"EntryPoint\",\"urlTemplate\":\"https:\/\/blogit.gradia.fi\/topmerkonomi14r\/?s={search_term_string}\"},\"query-input\":{\"@type\":\"PropertyValueSpecification\",\"valueRequired\":true,\"valueName\":\"search_term_string\"}}],\"inLanguage\":\"fi\"}]}<\/script>\n<!-- \/ Yoast SEO plugin. -->","yoast_head_json":{"title":"- TOP Merkonomi 14R","robots":{"index":"index","follow":"follow","max-snippet":"max-snippet:-1","max-image-preview":"max-image-preview:large","max-video-preview":"max-video-preview:-1"},"canonical":"https:\/\/blogit.gradia.fi\/topmerkonomi14r\/58\/","og_locale":"fi_FI","og_type":"article","og_title":"- TOP Merkonomi 14R","og_description":"Oppimisp\u00e4iv\u00e4kirja eli BLOGI Mik\u00e4\/ mit\u00e4 varten? Oppimisp\u00e4iv\u00e4kirja on ty\u00f6ss\u00e4oppimisen ja koulussa tapahtuvan oppimisen arviointikalu. Oppimisp\u00e4iv\u00e4kirja kuvaa sinun opiskelijan oppimisen yksil\u00f6llisi\u00e4 puolia, joten sille ei my\u00f6sk\u00e4\u00e4n voi asettaa tietty\u00e4 mallia. Tiettyj\u00e4 suuntaviivoja ja yleisohjeita kuitenkin voidaan antaa. Oppimisp\u00e4iv\u00e4kirja ei ole &#8221; mit\u00e4 ajattelin t\u00e4n\u00e4\u00e4n&#8221;- p\u00e4iv\u00e4kirja tai kokoelma puhtaaksikirjoitettuja luentomuistiinpanoja, vaan olennaista siin\u00e4 on itsereflektio, oman oppimisprosessin &hellip; Jatka lukemista &rarr;","og_url":"https:\/\/blogit.gradia.fi\/topmerkonomi14r\/58\/","og_site_name":"TOP Merkonomi 14R","twitter_card":"summary_large_image","twitter_misc":{"Arvioitu lukuaika":"2 minuuttia"},"schema":{"@context":"https:\/\/schema.org","@graph":[{"@type":"WebPage","@id":"https:\/\/blogit.gradia.fi\/topmerkonomi14r\/58\/","url":"https:\/\/blogit.gradia.fi\/topmerkonomi14r\/58\/","name":"- TOP Merkonomi 14R","isPartOf":{"@id":"https:\/\/blogit.gradia.fi\/topmerkonomi14r\/#website"},"datePublished":"2015-05-15T10:39:41+00:00","breadcrumb":{"@id":"https:\/\/blogit.gradia.fi\/topmerkonomi14r\/58\/#breadcrumb"},"inLanguage":"fi","potentialAction":[{"@type":"ReadAction","target":["https:\/\/blogit.gradia.fi\/topmerkonomi14r\/58\/"]}]},{"@type":"BreadcrumbList","@id":"https:\/\/blogit.gradia.fi\/topmerkonomi14r\/58\/#breadcrumb","itemListElement":[]},{"@type":"WebSite","@id":"https:\/\/blogit.gradia.fi\/topmerkonomi14r\/#website","url":"https:\/\/blogit.gradia.fi\/topmerkonomi14r\/","name":"TOP Merkonomi 14R","description":"Uusi ao-blogit -sivusto","potentialAction":[{"@type":"SearchAction","target":{"@type":"EntryPoint","urlTemplate":"https:\/\/blogit.gradia.fi\/topmerkonomi14r\/?s={search_term_string}"},"query-input":{"@type":"PropertyValueSpecification","valueRequired":true,"valueName":"search_term_string"}}],"inLanguage":"fi"}]}},"uagb_featured_image_src":{"full":false,"thumbnail":false,"medium":false,"medium_large":false,"large":false,"1536x1536":false,"2048x2048":false,"post-thumbnail":false},"uagb_author_info":{"display_name":"Heini Pennanen","author_link":"https:\/\/blogit.gradia.fi\/topmerkonomi14r\/author\/pennahei\/"},"uagb_comment_info":12,"uagb_excerpt":"Oppimisp\u00e4iv\u00e4kirja eli BLOGI Mik\u00e4\/ mit\u00e4 varten? Oppimisp\u00e4iv\u00e4kirja on ty\u00f6ss\u00e4oppimisen ja koulussa tapahtuvan oppimisen arviointikalu. Oppimisp\u00e4iv\u00e4kirja kuvaa sinun opiskelijan oppimisen yksil\u00f6llisi\u00e4 puolia, joten sille ei my\u00f6sk\u00e4\u00e4n voi asettaa tietty\u00e4 mallia. Tiettyj\u00e4 suuntaviivoja ja yleisohjeita kuitenkin voidaan antaa. Oppimisp\u00e4iv\u00e4kirja ei ole &#8221; mit\u00e4 ajattelin t\u00e4n\u00e4\u00e4n&#8221;- p\u00e4iv\u00e4kirja tai kokoelma puhtaaksikirjoitettuja luentomuistiinpanoja, vaan olennaista siin\u00e4 on itsereflektio, oman oppimisprosessin&hellip;","_links":{"self":[{"href":"https:\/\/blogit.gradia.fi\/topmerkonomi14r\/wp-json\/wp\/v2\/pages\/58","targetHints":{"allow":["GET"]}}],"collection":[{"href":"https:\/\/blogit.gradia.fi\/topmerkonomi14r\/wp-json\/wp\/v2\/pages"}],"about":[{"href":"https:\/\/blogit.gradia.fi\/topmerkonomi14r\/wp-json\/wp\/v2\/types\/page"}],"author":[{"embeddable":true,"href":"https:\/\/blogit.gradia.fi\/topmerkonomi14r\/wp-json\/wp\/v2\/users\/165"}],"replies":[{"embeddable":true,"href":"https:\/\/blogit.gradia.fi\/topmerkonomi14r\/wp-json\/wp\/v2\/comments?post=58"}],"version-history":[{"count":0,"href":"https:\/\/blogit.gradia.fi\/topmerkonomi14r\/wp-json\/wp\/v2\/pages\/58\/revisions"}],"wp:attachment":[{"href":"https:\/\/blogit.gradia.fi\/topmerkonomi14r\/wp-json\/wp\/v2\/media?parent=58"}],"curies":[{"name":"wp","href":"https:\/\/api.w.org\/{rel}","templated":true}]}}