{"id":54,"date":"2015-05-15T09:03:54","date_gmt":"2015-05-15T09:03:54","guid":{"rendered":"https:\/\/blogit.gradia.fi\/topmerkonomi14r\/?page_id=54"},"modified":"2015-05-15T10:23:58","modified_gmt":"2015-05-15T10:23:58","slug":"opiskelijoiden-blogit","status":"publish","type":"page","link":"https:\/\/blogit.gradia.fi\/topmerkonomi14r\/opiskelijoiden-blogit\/","title":{"rendered":"Opiskelijoiden blogit"},"content":{"rendered":"<ul>\n<li><a title=\"Juho Manninen\" href=\"https:\/\/blogit.gradia.fi\/juhomanninen\/\" target=\"_blank\">Juho Manninen<\/a><\/li>\n<li><a href=\"https:\/\/blogit.gradia.fi\/hetapaivaniemi\/\" target=\"_blank\">Heta P\u00e4iv\u00e4niemi<\/a><\/li>\n<li><a href=\"https:\/\/blogit.gradia.fi\/helmilesonen\" target=\"_blank\">Helmi Lesonen<\/a><\/li>\n<li><a href=\"http:\/\/kallekalpio\" target=\"_blank\">Kalle Kalpio<\/a><\/li>\n<li><a href=\"https:\/\/blogit.gradia.fi\/miiajarvinen\" target=\"_blank\">Miia J\u00e4rvinen<\/a><\/li>\n<li><a href=\"https:\/\/blogit.gradia.fi\/oonavarjotie\" target=\"_blank\">Oona Varjotie<\/a><\/li>\n<\/ul>\n","protected":false},"excerpt":{"rendered":"<p>Juho Manninen Heta P\u00e4iv\u00e4niemi Helmi Lesonen Kalle Kalpio Miia J\u00e4rvinen Oona Varjotie<\/p>\n","protected":false},"author":165,"featured_media":0,"parent":0,"menu_order":0,"comment_status":"open","ping_status":"open","template":"","meta":{"_uag_custom_page_level_css":"","footnotes":""},"class_list":["post-54","page","type-page","status-publish","hentry"],"yoast_head":"<!-- This site is optimized with the Yoast SEO plugin v27.2 - https:\/\/yoast.com\/product\/yoast-seo-wordpress\/ -->\n<title>Opiskelijoiden blogit - TOP Merkonomi 14R<\/title>\n<meta name=\"robots\" content=\"index, follow, max-snippet:-1, max-image-preview:large, max-video-preview:-1\" \/>\n<link rel=\"canonical\" href=\"https:\/\/blogit.gradia.fi\/topmerkonomi14r\/opiskelijoiden-blogit\/\" \/>\n<meta property=\"og:locale\" content=\"fi_FI\" \/>\n<meta property=\"og:type\" content=\"article\" \/>\n<meta property=\"og:title\" content=\"Opiskelijoiden blogit - TOP Merkonomi 14R\" \/>\n<meta property=\"og:description\" content=\"Juho Manninen Heta P\u00e4iv\u00e4niemi Helmi Lesonen Kalle Kalpio Miia J\u00e4rvinen Oona Varjotie\" \/>\n<meta property=\"og:url\" content=\"https:\/\/blogit.gradia.fi\/topmerkonomi14r\/opiskelijoiden-blogit\/\" \/>\n<meta property=\"og:site_name\" content=\"TOP Merkonomi 14R\" \/>\n<meta property=\"article:modified_time\" content=\"2015-05-15T10:23:58+00:00\" \/>\n<meta name=\"twitter:card\" content=\"summary_large_image\" \/>\n<script type=\"application\/ld+json\" class=\"yoast-schema-graph\">{\"@context\":\"https:\/\/schema.org\",\"@graph\":[{\"@type\":\"WebPage\",\"@id\":\"https:\/\/blogit.gradia.fi\/topmerkonomi14r\/opiskelijoiden-blogit\/\",\"url\":\"https:\/\/blogit.gradia.fi\/topmerkonomi14r\/opiskelijoiden-blogit\/\",\"name\":\"Opiskelijoiden blogit - TOP Merkonomi 14R\",\"isPartOf\":{\"@id\":\"https:\/\/blogit.gradia.fi\/topmerkonomi14r\/#website\"},\"datePublished\":\"2015-05-15T09:03:54+00:00\",\"dateModified\":\"2015-05-15T10:23:58+00:00\",\"inLanguage\":\"fi\",\"potentialAction\":[{\"@type\":\"ReadAction\",\"target\":[\"https:\/\/blogit.gradia.fi\/topmerkonomi14r\/opiskelijoiden-blogit\/\"]}]},{\"@type\":\"WebSite\",\"@id\":\"https:\/\/blogit.gradia.fi\/topmerkonomi14r\/#website\",\"url\":\"https:\/\/blogit.gradia.fi\/topmerkonomi14r\/\",\"name\":\"TOP Merkonomi 14R\",\"description\":\"Uusi ao-blogit -sivusto\",\"potentialAction\":[{\"@type\":\"SearchAction\",\"target\":{\"@type\":\"EntryPoint\",\"urlTemplate\":\"https:\/\/blogit.gradia.fi\/topmerkonomi14r\/?s={search_term_string}\"},\"query-input\":{\"@type\":\"PropertyValueSpecification\",\"valueRequired\":true,\"valueName\":\"search_term_string\"}}],\"inLanguage\":\"fi\"}]}<\/script>\n<!-- \/ Yoast SEO plugin. -->","yoast_head_json":{"title":"Opiskelijoiden blogit - TOP Merkonomi 14R","robots":{"index":"index","follow":"follow","max-snippet":"max-snippet:-1","max-image-preview":"max-image-preview:large","max-video-preview":"max-video-preview:-1"},"canonical":"https:\/\/blogit.gradia.fi\/topmerkonomi14r\/opiskelijoiden-blogit\/","og_locale":"fi_FI","og_type":"article","og_title":"Opiskelijoiden blogit - TOP Merkonomi 14R","og_description":"Juho Manninen Heta P\u00e4iv\u00e4niemi Helmi Lesonen Kalle Kalpio Miia J\u00e4rvinen Oona Varjotie","og_url":"https:\/\/blogit.gradia.fi\/topmerkonomi14r\/opiskelijoiden-blogit\/","og_site_name":"TOP Merkonomi 14R","article_modified_time":"2015-05-15T10:23:58+00:00","twitter_card":"summary_large_image","schema":{"@context":"https:\/\/schema.org","@graph":[{"@type":"WebPage","@id":"https:\/\/blogit.gradia.fi\/topmerkonomi14r\/opiskelijoiden-blogit\/","url":"https:\/\/blogit.gradia.fi\/topmerkonomi14r\/opiskelijoiden-blogit\/","name":"Opiskelijoiden blogit - TOP Merkonomi 14R","isPartOf":{"@id":"https:\/\/blogit.gradia.fi\/topmerkonomi14r\/#website"},"datePublished":"2015-05-15T09:03:54+00:00","dateModified":"2015-05-15T10:23:58+00:00","inLanguage":"fi","potentialAction":[{"@type":"ReadAction","target":["https:\/\/blogit.gradia.fi\/topmerkonomi14r\/opiskelijoiden-blogit\/"]}]},{"@type":"WebSite","@id":"https:\/\/blogit.gradia.fi\/topmerkonomi14r\/#website","url":"https:\/\/blogit.gradia.fi\/topmerkonomi14r\/","name":"TOP Merkonomi 14R","description":"Uusi ao-blogit -sivusto","potentialAction":[{"@type":"SearchAction","target":{"@type":"EntryPoint","urlTemplate":"https:\/\/blogit.gradia.fi\/topmerkonomi14r\/?s={search_term_string}"},"query-input":{"@type":"PropertyValueSpecification","valueRequired":true,"valueName":"search_term_string"}}],"inLanguage":"fi"}]}},"uagb_featured_image_src":{"full":false,"thumbnail":false,"medium":false,"medium_large":false,"large":false,"1536x1536":false,"2048x2048":false,"post-thumbnail":false},"uagb_author_info":{"display_name":"Heini Pennanen","author_link":"https:\/\/blogit.gradia.fi\/topmerkonomi14r\/author\/pennahei\/"},"uagb_comment_info":18,"uagb_excerpt":"Juho Manninen Heta P\u00e4iv\u00e4niemi Helmi Lesonen Kalle Kalpio Miia J\u00e4rvinen Oona Varjotie","_links":{"self":[{"href":"https:\/\/blogit.gradia.fi\/topmerkonomi14r\/wp-json\/wp\/v2\/pages\/54","targetHints":{"allow":["GET"]}}],"collection":[{"href":"https:\/\/blogit.gradia.fi\/topmerkonomi14r\/wp-json\/wp\/v2\/pages"}],"about":[{"href":"https:\/\/blogit.gradia.fi\/topmerkonomi14r\/wp-json\/wp\/v2\/types\/page"}],"author":[{"embeddable":true,"href":"https:\/\/blogit.gradia.fi\/topmerkonomi14r\/wp-json\/wp\/v2\/users\/165"}],"replies":[{"embeddable":true,"href":"https:\/\/blogit.gradia.fi\/topmerkonomi14r\/wp-json\/wp\/v2\/comments?post=54"}],"version-history":[{"count":0,"href":"https:\/\/blogit.gradia.fi\/topmerkonomi14r\/wp-json\/wp\/v2\/pages\/54\/revisions"}],"wp:attachment":[{"href":"https:\/\/blogit.gradia.fi\/topmerkonomi14r\/wp-json\/wp\/v2\/media?parent=54"}],"curies":[{"name":"wp","href":"https:\/\/api.w.org\/{rel}","templated":true}]}}