{"id":12,"date":"2015-03-02T14:10:43","date_gmt":"2015-03-02T14:10:43","guid":{"rendered":"https:\/\/blogit.gradia.fi\/topmerkonomi14r\/?page_id=12"},"modified":"2015-03-02T14:10:43","modified_gmt":"2015-03-02T14:10:43","slug":"kaupan-palvelu-ja-myynti-20ov","status":"publish","type":"page","link":"https:\/\/blogit.gradia.fi\/topmerkonomi14r\/kaupan-palvelu-ja-myynti-20ov\/","title":{"rendered":"Kaupan palvelu ja myynti 20ov"},"content":{"rendered":"<p>R-luokan opiskelija suorittaa kyseiseen opintokokonaisuuteen<\/p>\n<ul>\n<li>Kaupan ty\u00f6t ja toiminnot, 4ov<\/li>\n<li>Kaupan matematiikka, 1ov<\/li>\n<li>Kieli\u00e4 englanti 2ov, Ruotsi 1ov<\/li>\n<li>Ty\u00f6ss\u00e4oppimista 12ov<\/li>\n<\/ul>\n<p>&nbsp;<\/p>\n<p>Opintojakson sek\u00e4 ty\u00f6ss\u00e4oppimisen p\u00e4\u00e4tavoitteita<strong>\u00a0ovat<\/strong>:<\/p>\n<p>Opiskelija tai tutkinnon suorittaja<\/p>\n<ul>\n<li>valmistautuu palvelutilanteisiin<\/li>\n<li>hoitaa tuotevastuualueensa<\/li>\n<li>palvelee asiakasta ja myy<\/li>\n<li>hoitaa maksutapahtuman<\/li>\n<li>hoitaa j\u00e4lkitoimet<\/li>\n<\/ul>\n<p>&nbsp;<\/p>\n<p>Tulosta itsellesi <a href=\"http:\/\/1drv.ms\/1EFy3SV\" target=\"_blank\">n\u00e4ytt\u00f6suunnitelma<\/a>, jonka avulla seuraat, ett\u00e4 opit tarvittavia asioita ty\u00f6ss\u00e4oppimisesi aikana.<\/p>\n<p>&nbsp;<\/p>\n","protected":false},"excerpt":{"rendered":"<p>R-luokan opiskelija suorittaa kyseiseen opintokokonaisuuteen Kaupan ty\u00f6t ja toiminnot, 4ov Kaupan matematiikka, 1ov Kieli\u00e4 englanti 2ov, Ruotsi 1ov Ty\u00f6ss\u00e4oppimista 12ov &nbsp; Opintojakson sek\u00e4 ty\u00f6ss\u00e4oppimisen p\u00e4\u00e4tavoitteita\u00a0ovat: Opiskelija tai tutkinnon suorittaja valmistautuu palvelutilanteisiin hoitaa tuotevastuualueensa palvelee asiakasta ja myy hoitaa maksutapahtuman hoitaa j\u00e4lkitoimet &nbsp; Tulosta itsellesi n\u00e4ytt\u00f6suunnitelma, jonka avulla seuraat, ett\u00e4 opit tarvittavia asioita ty\u00f6ss\u00e4oppimisesi aikana. &nbsp;<\/p>\n","protected":false},"author":165,"featured_media":0,"parent":0,"menu_order":0,"comment_status":"open","ping_status":"open","template":"","meta":{"_uag_custom_page_level_css":"","footnotes":""},"class_list":["post-12","page","type-page","status-publish","hentry"],"yoast_head":"<!-- This site is optimized with the Yoast SEO plugin v27.2 - https:\/\/yoast.com\/product\/yoast-seo-wordpress\/ -->\n<title>Kaupan palvelu ja myynti 20ov - TOP Merkonomi 14R<\/title>\n<meta name=\"robots\" content=\"index, follow, max-snippet:-1, max-image-preview:large, max-video-preview:-1\" \/>\n<link rel=\"canonical\" href=\"https:\/\/blogit.gradia.fi\/topmerkonomi14r\/kaupan-palvelu-ja-myynti-20ov\/\" \/>\n<meta property=\"og:locale\" content=\"fi_FI\" \/>\n<meta property=\"og:type\" content=\"article\" \/>\n<meta property=\"og:title\" content=\"Kaupan palvelu ja myynti 20ov - TOP Merkonomi 14R\" \/>\n<meta property=\"og:description\" content=\"R-luokan opiskelija suorittaa kyseiseen opintokokonaisuuteen Kaupan ty\u00f6t ja toiminnot, 4ov Kaupan matematiikka, 1ov Kieli\u00e4 englanti 2ov, Ruotsi 1ov Ty\u00f6ss\u00e4oppimista 12ov &nbsp; Opintojakson sek\u00e4 ty\u00f6ss\u00e4oppimisen p\u00e4\u00e4tavoitteita\u00a0ovat: Opiskelija tai tutkinnon suorittaja valmistautuu palvelutilanteisiin hoitaa tuotevastuualueensa palvelee asiakasta ja myy hoitaa maksutapahtuman hoitaa j\u00e4lkitoimet &nbsp; Tulosta itsellesi n\u00e4ytt\u00f6suunnitelma, jonka avulla seuraat, ett\u00e4 opit tarvittavia asioita ty\u00f6ss\u00e4oppimisesi aikana. &nbsp;\" \/>\n<meta property=\"og:url\" content=\"https:\/\/blogit.gradia.fi\/topmerkonomi14r\/kaupan-palvelu-ja-myynti-20ov\/\" \/>\n<meta property=\"og:site_name\" content=\"TOP Merkonomi 14R\" \/>\n<meta name=\"twitter:card\" content=\"summary_large_image\" \/>\n<script type=\"application\/ld+json\" class=\"yoast-schema-graph\">{\"@context\":\"https:\/\/schema.org\",\"@graph\":[{\"@type\":\"WebPage\",\"@id\":\"https:\/\/blogit.gradia.fi\/topmerkonomi14r\/kaupan-palvelu-ja-myynti-20ov\/\",\"url\":\"https:\/\/blogit.gradia.fi\/topmerkonomi14r\/kaupan-palvelu-ja-myynti-20ov\/\",\"name\":\"Kaupan palvelu ja myynti 20ov - TOP Merkonomi 14R\",\"isPartOf\":{\"@id\":\"https:\/\/blogit.gradia.fi\/topmerkonomi14r\/#website\"},\"datePublished\":\"2015-03-02T14:10:43+00:00\",\"inLanguage\":\"fi\",\"potentialAction\":[{\"@type\":\"ReadAction\",\"target\":[\"https:\/\/blogit.gradia.fi\/topmerkonomi14r\/kaupan-palvelu-ja-myynti-20ov\/\"]}]},{\"@type\":\"WebSite\",\"@id\":\"https:\/\/blogit.gradia.fi\/topmerkonomi14r\/#website\",\"url\":\"https:\/\/blogit.gradia.fi\/topmerkonomi14r\/\",\"name\":\"TOP Merkonomi 14R\",\"description\":\"Uusi ao-blogit -sivusto\",\"potentialAction\":[{\"@type\":\"SearchAction\",\"target\":{\"@type\":\"EntryPoint\",\"urlTemplate\":\"https:\/\/blogit.gradia.fi\/topmerkonomi14r\/?s={search_term_string}\"},\"query-input\":{\"@type\":\"PropertyValueSpecification\",\"valueRequired\":true,\"valueName\":\"search_term_string\"}}],\"inLanguage\":\"fi\"}]}<\/script>\n<!-- \/ Yoast SEO plugin. -->","yoast_head_json":{"title":"Kaupan palvelu ja myynti 20ov - TOP Merkonomi 14R","robots":{"index":"index","follow":"follow","max-snippet":"max-snippet:-1","max-image-preview":"max-image-preview:large","max-video-preview":"max-video-preview:-1"},"canonical":"https:\/\/blogit.gradia.fi\/topmerkonomi14r\/kaupan-palvelu-ja-myynti-20ov\/","og_locale":"fi_FI","og_type":"article","og_title":"Kaupan palvelu ja myynti 20ov - TOP Merkonomi 14R","og_description":"R-luokan opiskelija suorittaa kyseiseen opintokokonaisuuteen Kaupan ty\u00f6t ja toiminnot, 4ov Kaupan matematiikka, 1ov Kieli\u00e4 englanti 2ov, Ruotsi 1ov Ty\u00f6ss\u00e4oppimista 12ov &nbsp; Opintojakson sek\u00e4 ty\u00f6ss\u00e4oppimisen p\u00e4\u00e4tavoitteita\u00a0ovat: Opiskelija tai tutkinnon suorittaja valmistautuu palvelutilanteisiin hoitaa tuotevastuualueensa palvelee asiakasta ja myy hoitaa maksutapahtuman hoitaa j\u00e4lkitoimet &nbsp; Tulosta itsellesi n\u00e4ytt\u00f6suunnitelma, jonka avulla seuraat, ett\u00e4 opit tarvittavia asioita ty\u00f6ss\u00e4oppimisesi aikana. &nbsp;","og_url":"https:\/\/blogit.gradia.fi\/topmerkonomi14r\/kaupan-palvelu-ja-myynti-20ov\/","og_site_name":"TOP Merkonomi 14R","twitter_card":"summary_large_image","schema":{"@context":"https:\/\/schema.org","@graph":[{"@type":"WebPage","@id":"https:\/\/blogit.gradia.fi\/topmerkonomi14r\/kaupan-palvelu-ja-myynti-20ov\/","url":"https:\/\/blogit.gradia.fi\/topmerkonomi14r\/kaupan-palvelu-ja-myynti-20ov\/","name":"Kaupan palvelu ja myynti 20ov - TOP Merkonomi 14R","isPartOf":{"@id":"https:\/\/blogit.gradia.fi\/topmerkonomi14r\/#website"},"datePublished":"2015-03-02T14:10:43+00:00","inLanguage":"fi","potentialAction":[{"@type":"ReadAction","target":["https:\/\/blogit.gradia.fi\/topmerkonomi14r\/kaupan-palvelu-ja-myynti-20ov\/"]}]},{"@type":"WebSite","@id":"https:\/\/blogit.gradia.fi\/topmerkonomi14r\/#website","url":"https:\/\/blogit.gradia.fi\/topmerkonomi14r\/","name":"TOP Merkonomi 14R","description":"Uusi ao-blogit -sivusto","potentialAction":[{"@type":"SearchAction","target":{"@type":"EntryPoint","urlTemplate":"https:\/\/blogit.gradia.fi\/topmerkonomi14r\/?s={search_term_string}"},"query-input":{"@type":"PropertyValueSpecification","valueRequired":true,"valueName":"search_term_string"}}],"inLanguage":"fi"}]}},"uagb_featured_image_src":{"full":false,"thumbnail":false,"medium":false,"medium_large":false,"large":false,"1536x1536":false,"2048x2048":false,"post-thumbnail":false},"uagb_author_info":{"display_name":"Heini Pennanen","author_link":"https:\/\/blogit.gradia.fi\/topmerkonomi14r\/author\/pennahei\/"},"uagb_comment_info":29,"uagb_excerpt":"R-luokan opiskelija suorittaa kyseiseen opintokokonaisuuteen Kaupan ty\u00f6t ja toiminnot, 4ov Kaupan matematiikka, 1ov Kieli\u00e4 englanti 2ov, Ruotsi 1ov Ty\u00f6ss\u00e4oppimista 12ov &nbsp; Opintojakson sek\u00e4 ty\u00f6ss\u00e4oppimisen p\u00e4\u00e4tavoitteita\u00a0ovat: Opiskelija tai tutkinnon suorittaja valmistautuu palvelutilanteisiin hoitaa tuotevastuualueensa palvelee asiakasta ja myy hoitaa maksutapahtuman hoitaa j\u00e4lkitoimet &nbsp; Tulosta itsellesi n\u00e4ytt\u00f6suunnitelma, jonka avulla seuraat, ett\u00e4 opit tarvittavia asioita ty\u00f6ss\u00e4oppimisesi aikana. &nbsp;","_links":{"self":[{"href":"https:\/\/blogit.gradia.fi\/topmerkonomi14r\/wp-json\/wp\/v2\/pages\/12","targetHints":{"allow":["GET"]}}],"collection":[{"href":"https:\/\/blogit.gradia.fi\/topmerkonomi14r\/wp-json\/wp\/v2\/pages"}],"about":[{"href":"https:\/\/blogit.gradia.fi\/topmerkonomi14r\/wp-json\/wp\/v2\/types\/page"}],"author":[{"embeddable":true,"href":"https:\/\/blogit.gradia.fi\/topmerkonomi14r\/wp-json\/wp\/v2\/users\/165"}],"replies":[{"embeddable":true,"href":"https:\/\/blogit.gradia.fi\/topmerkonomi14r\/wp-json\/wp\/v2\/comments?post=12"}],"version-history":[{"count":0,"href":"https:\/\/blogit.gradia.fi\/topmerkonomi14r\/wp-json\/wp\/v2\/pages\/12\/revisions"}],"wp:attachment":[{"href":"https:\/\/blogit.gradia.fi\/topmerkonomi14r\/wp-json\/wp\/v2\/media?parent=12"}],"curies":[{"name":"wp","href":"https:\/\/api.w.org\/{rel}","templated":true}]}}