{"id":83,"date":"2014-04-01T09:54:38","date_gmt":"2014-04-01T06:54:38","guid":{"rendered":"https:\/\/blogit.gradia.fi\/topmerkonomi\/?page_id=83"},"modified":"2014-12-17T15:22:49","modified_gmt":"2014-12-17T13:22:49","slug":"opiskelijoiden-blogit","status":"publish","type":"page","link":"https:\/\/blogit.gradia.fi\/topmerkonomi\/opiskelijoiden-blogit\/","title":{"rendered":"Opiskelijoiden blogit"},"content":{"rendered":"<ul>\n<li><a href=\"https:\/\/blogit.gradia.fi\/kaislaerkkila\/\" target=\"_blank\">Kaisla Erkkil\u00e4<\/a><\/li>\n<li><a href=\"http:\/\/matkallamerkonomiksi.blogspot.com\" target=\"_blank\">Erika Huttunen<\/a><\/li>\n<li><a href=\"http:\/\/taivassaatippua.blogspot.fi\/\" target=\"_blank\">Maija Hyv\u00f6nen<\/a><\/li>\n<li><a title=\"Aliisa J\u00e4rvi\" href=\"https:\/\/blogit.gradia.fi\/aliisajarvi\/\" target=\"_blank\">Aliisa J\u00e4rvi<\/a><\/li>\n<li><a href=\"http:\/\/arskaturisee.blogspot.fi\/\" target=\"_blank\">Arsi Kakko<\/a><\/li>\n<li><a href=\"http:\/\/katimarjaanalife.blogspot.com\" target=\"_blank\">Kati Koivu<\/a><\/li>\n<li><a href=\"http:\/\/saaratopblogi.blogspot.fi\/\" target=\"_blank\">Saara Lahtinen<\/a><\/li>\n<li><a href=\"http:\/\/valtterilampinen.blogspot.com\/\" target=\"_blank\">Valtteri Lampinen<\/a><\/li>\n<li><a href=\"https:\/\/blogit.gradia.fi\/antreaslindlof\/\" target=\"_blank\">Antreas Lindl\u00f6f<\/a><\/li>\n<li><a href=\"http:\/\/samuellaara.blogspot.fi\/\" target=\"_blank\">Samuel L\u00e4\u00e4r\u00e4<\/a><\/li>\n<li><a href=\"https:\/\/blogit.gradia.fi\/jennaojanen\/\" target=\"_blank\">Jenna Ojanen<\/a><\/li>\n<li><a href=\"https:\/\/blogit.gradia.fi\/jessepalmi\/\" target=\"_blank\">Jesse Palmi<\/a><\/li>\n<li><a href=\"http:\/\/matkanimerkonomiksi.blogspot.fi\/\" target=\"_blank\">Julia Rajala<\/a><\/li>\n<li><a href=\"https:\/\/blogit.gradia.fi\/joelrentola\/\" target=\"_blank\">Joel Rentola<\/a><\/li>\n<li><a href=\"https:\/\/blogit.gradia.fi\/elinasaaksmaki\/\" target=\"_blank\">Elina S\u00e4\u00e4ksm\u00e4ki<\/a><\/li>\n<li><a href=\"http:\/\/topmerkonomi.blogspot.fi\/\" target=\"_blank\">Oona Vihantola<\/a><\/li>\n<\/ul>\n","protected":false},"excerpt":{"rendered":"<p>Kaisla Erkkil\u00e4 Erika Huttunen Maija Hyv\u00f6nen Aliisa J\u00e4rvi Arsi Kakko Kati Koivu Saara Lahtinen Valtteri Lampinen Antreas Lindl\u00f6f Samuel L\u00e4\u00e4r\u00e4 Jenna Ojanen Jesse Palmi Julia Rajala Joel Rentola Elina S\u00e4\u00e4ksm\u00e4ki Oona Vihantola<\/p>\n","protected":false},"author":165,"featured_media":0,"parent":0,"menu_order":0,"comment_status":"open","ping_status":"open","template":"","meta":{"_uag_custom_page_level_css":"","footnotes":""},"class_list":["post-83","page","type-page","status-publish","hentry"],"yoast_head":"<!-- This site is optimized with the Yoast SEO plugin v27.5 - https:\/\/yoast.com\/product\/yoast-seo-wordpress\/ -->\n<title>Opiskelijoiden blogit - Topmerkonomi<\/title>\n<meta name=\"robots\" content=\"index, follow, max-snippet:-1, max-image-preview:large, max-video-preview:-1\" \/>\n<link rel=\"canonical\" href=\"https:\/\/blogit.gradia.fi\/topmerkonomi\/opiskelijoiden-blogit\/\" \/>\n<meta property=\"og:locale\" content=\"fi_FI\" \/>\n<meta property=\"og:type\" content=\"article\" \/>\n<meta property=\"og:title\" content=\"Opiskelijoiden blogit - Topmerkonomi\" \/>\n<meta property=\"og:description\" content=\"Kaisla Erkkil\u00e4 Erika Huttunen Maija Hyv\u00f6nen Aliisa J\u00e4rvi Arsi Kakko Kati Koivu Saara Lahtinen Valtteri Lampinen Antreas Lindl\u00f6f Samuel L\u00e4\u00e4r\u00e4 Jenna Ojanen Jesse Palmi Julia Rajala Joel Rentola Elina S\u00e4\u00e4ksm\u00e4ki Oona Vihantola\" \/>\n<meta property=\"og:url\" content=\"https:\/\/blogit.gradia.fi\/topmerkonomi\/opiskelijoiden-blogit\/\" \/>\n<meta property=\"og:site_name\" content=\"Topmerkonomi\" \/>\n<meta property=\"article:modified_time\" content=\"2014-12-17T13:22:49+00:00\" \/>\n<meta name=\"twitter:card\" content=\"summary_large_image\" \/>\n<script type=\"application\/ld+json\" class=\"yoast-schema-graph\">{\"@context\":\"https:\\\/\\\/schema.org\",\"@graph\":[{\"@type\":\"WebPage\",\"@id\":\"https:\\\/\\\/blogit.gradia.fi\\\/topmerkonomi\\\/opiskelijoiden-blogit\\\/\",\"url\":\"https:\\\/\\\/blogit.gradia.fi\\\/topmerkonomi\\\/opiskelijoiden-blogit\\\/\",\"name\":\"Opiskelijoiden blogit - Topmerkonomi\",\"isPartOf\":{\"@id\":\"https:\\\/\\\/blogit.gradia.fi\\\/topmerkonomi\\\/#website\"},\"datePublished\":\"2014-04-01T06:54:38+00:00\",\"dateModified\":\"2014-12-17T13:22:49+00:00\",\"inLanguage\":\"fi\",\"potentialAction\":[{\"@type\":\"ReadAction\",\"target\":[\"https:\\\/\\\/blogit.gradia.fi\\\/topmerkonomi\\\/opiskelijoiden-blogit\\\/\"]}]},{\"@type\":\"WebSite\",\"@id\":\"https:\\\/\\\/blogit.gradia.fi\\\/topmerkonomi\\\/#website\",\"url\":\"https:\\\/\\\/blogit.gradia.fi\\\/topmerkonomi\\\/\",\"name\":\"Topmerkonomi\",\"description\":\"Tarinaa ty\u00f6ss\u00e4oppimispainotteisen luokan opintojen etenemisest\u00e4\",\"potentialAction\":[{\"@type\":\"SearchAction\",\"target\":{\"@type\":\"EntryPoint\",\"urlTemplate\":\"https:\\\/\\\/blogit.gradia.fi\\\/topmerkonomi\\\/?s={search_term_string}\"},\"query-input\":{\"@type\":\"PropertyValueSpecification\",\"valueRequired\":true,\"valueName\":\"search_term_string\"}}],\"inLanguage\":\"fi\"}]}<\/script>\n<!-- \/ Yoast SEO plugin. -->","yoast_head_json":{"title":"Opiskelijoiden blogit - Topmerkonomi","robots":{"index":"index","follow":"follow","max-snippet":"max-snippet:-1","max-image-preview":"max-image-preview:large","max-video-preview":"max-video-preview:-1"},"canonical":"https:\/\/blogit.gradia.fi\/topmerkonomi\/opiskelijoiden-blogit\/","og_locale":"fi_FI","og_type":"article","og_title":"Opiskelijoiden blogit - Topmerkonomi","og_description":"Kaisla Erkkil\u00e4 Erika Huttunen Maija Hyv\u00f6nen Aliisa J\u00e4rvi Arsi Kakko Kati Koivu Saara Lahtinen Valtteri Lampinen Antreas Lindl\u00f6f Samuel L\u00e4\u00e4r\u00e4 Jenna Ojanen Jesse Palmi Julia Rajala Joel Rentola Elina S\u00e4\u00e4ksm\u00e4ki Oona Vihantola","og_url":"https:\/\/blogit.gradia.fi\/topmerkonomi\/opiskelijoiden-blogit\/","og_site_name":"Topmerkonomi","article_modified_time":"2014-12-17T13:22:49+00:00","twitter_card":"summary_large_image","schema":{"@context":"https:\/\/schema.org","@graph":[{"@type":"WebPage","@id":"https:\/\/blogit.gradia.fi\/topmerkonomi\/opiskelijoiden-blogit\/","url":"https:\/\/blogit.gradia.fi\/topmerkonomi\/opiskelijoiden-blogit\/","name":"Opiskelijoiden blogit - Topmerkonomi","isPartOf":{"@id":"https:\/\/blogit.gradia.fi\/topmerkonomi\/#website"},"datePublished":"2014-04-01T06:54:38+00:00","dateModified":"2014-12-17T13:22:49+00:00","inLanguage":"fi","potentialAction":[{"@type":"ReadAction","target":["https:\/\/blogit.gradia.fi\/topmerkonomi\/opiskelijoiden-blogit\/"]}]},{"@type":"WebSite","@id":"https:\/\/blogit.gradia.fi\/topmerkonomi\/#website","url":"https:\/\/blogit.gradia.fi\/topmerkonomi\/","name":"Topmerkonomi","description":"Tarinaa ty\u00f6ss\u00e4oppimispainotteisen luokan opintojen etenemisest\u00e4","potentialAction":[{"@type":"SearchAction","target":{"@type":"EntryPoint","urlTemplate":"https:\/\/blogit.gradia.fi\/topmerkonomi\/?s={search_term_string}"},"query-input":{"@type":"PropertyValueSpecification","valueRequired":true,"valueName":"search_term_string"}}],"inLanguage":"fi"}]}},"uagb_featured_image_src":{"full":false,"thumbnail":false,"medium":false,"medium_large":false,"large":false,"1536x1536":false,"2048x2048":false,"post-thumbnail":false},"uagb_author_info":{"display_name":"Heini Pennanen","author_link":"https:\/\/blogit.gradia.fi\/topmerkonomi\/author\/pennahei\/"},"uagb_comment_info":5,"uagb_excerpt":"Kaisla Erkkil\u00e4 Erika Huttunen Maija Hyv\u00f6nen Aliisa J\u00e4rvi Arsi Kakko Kati Koivu Saara Lahtinen Valtteri Lampinen Antreas Lindl\u00f6f Samuel L\u00e4\u00e4r\u00e4 Jenna Ojanen Jesse Palmi Julia Rajala Joel Rentola Elina S\u00e4\u00e4ksm\u00e4ki Oona Vihantola","_links":{"self":[{"href":"https:\/\/blogit.gradia.fi\/topmerkonomi\/wp-json\/wp\/v2\/pages\/83","targetHints":{"allow":["GET"]}}],"collection":[{"href":"https:\/\/blogit.gradia.fi\/topmerkonomi\/wp-json\/wp\/v2\/pages"}],"about":[{"href":"https:\/\/blogit.gradia.fi\/topmerkonomi\/wp-json\/wp\/v2\/types\/page"}],"author":[{"embeddable":true,"href":"https:\/\/blogit.gradia.fi\/topmerkonomi\/wp-json\/wp\/v2\/users\/165"}],"replies":[{"embeddable":true,"href":"https:\/\/blogit.gradia.fi\/topmerkonomi\/wp-json\/wp\/v2\/comments?post=83"}],"version-history":[{"count":0,"href":"https:\/\/blogit.gradia.fi\/topmerkonomi\/wp-json\/wp\/v2\/pages\/83\/revisions"}],"wp:attachment":[{"href":"https:\/\/blogit.gradia.fi\/topmerkonomi\/wp-json\/wp\/v2\/media?parent=83"}],"curies":[{"name":"wp","href":"https:\/\/api.w.org\/{rel}","templated":true}]}}