{"id":40,"date":"2014-02-16T21:09:38","date_gmt":"2014-02-16T19:09:38","guid":{"rendered":"https:\/\/blogit.gradia.fi\/topmerkonomi\/?page_id=40"},"modified":"2014-02-16T21:09:38","modified_gmt":"2014-02-16T19:09:38","slug":"top-merkonomin-opinnot-ja-ops","status":"publish","type":"page","link":"https:\/\/blogit.gradia.fi\/topmerkonomi\/top-merkonomin-opinnot-ja-ops\/","title":{"rendered":"Top-merkonomin opinnot ja OPS"},"content":{"rendered":"<p>Top-merkonomin eli R-luokan opinnot koostuvat seuraavista alla olevan kuvan mukaisista opinnoista.<\/p>\n<p>&nbsp;<\/p>\n<p>&nbsp;<\/p>\n<p><a href=\"https:\/\/blogit.gradia.fi\/topmerkonomi\/wp-content\/uploads\/sites\/130\/2014\/02\/kuva-4.png\"><img loading=\"lazy\" decoding=\"async\" class=\"alignnone size-large wp-image-42\" alt=\"OPS\" src=\"https:\/\/blogit.gradia.fi\/topmerkonomi\/wp-content\/uploads\/sites\/130\/2014\/02\/kuva-4-888x592.png\" width=\"400\" height=\"266\" srcset=\"https:\/\/blogit.gradia.fi\/topmerkonomi\/wp-content\/uploads\/sites\/130\/2014\/02\/kuva-4-888x592.png 888w, https:\/\/blogit.gradia.fi\/topmerkonomi\/wp-content\/uploads\/sites\/130\/2014\/02\/kuva-4-300x200.png 300w, https:\/\/blogit.gradia.fi\/topmerkonomi\/wp-content\/uploads\/sites\/130\/2014\/02\/kuva-4-504x336.png 504w, https:\/\/blogit.gradia.fi\/topmerkonomi\/wp-content\/uploads\/sites\/130\/2014\/02\/kuva-4.png 1024w\" sizes=\"auto, (max-width: 400px) 100vw, 400px\" \/><\/a><\/p>\n<p>&nbsp;<\/p>\n<p>Kuvasta puuttuvat ammattitaitoa t\u00e4ydent\u00e4v\u00e4t aineet eli ATTO-aineet, joita opiskellaan yhden jakson ajan sek\u00e4 toisena ett\u00e4 kolmantena vuonna.<\/p>\n<p>Mik\u00e4li teet kes\u00e4t\u00f6it\u00e4 muista tuoda ty\u00f6ti\u00fannit sis\u00e4lt\u00e4v\u00e4t ty\u00f6todistukset mahdollisia hyv\u00e4ksilukuja varten mm. vapaavaaalintaisiin opintoihin.<\/p>\n<p>&nbsp;<\/p>\n<p><strong>Blogit \u00a0oman osaamisen portfoliona sek\u00e4 opinn\u00e4ytteen\u00e4<\/strong><\/p>\n<p>Opintojen ohessa opiskelijat pit\u00e4v\u00e4t omaa blogiaan. Tarkoituksena on ker\u00e4t\u00e4 blogiin t\u00f6it\u00e4 opintojen ajalta ja osoittaa niiden avulla oman osaamisen kertymist\u00e4.<\/p>\n<p>Aloita helposti esittelem\u00e4ll\u00e4 oma top paikkasi ja t\u00e4m\u00e4n j\u00e4lkeen lis\u00e4\u00e4t sinne muutamia kuvia. Kurssien aikana saat top-teht\u00e4vi\u00e4, jotka tulisi tehd\u00e4 tai linkitt\u00e4\u00e4 omaan blogiisi.<\/p>\n<p><strong><a href=\"http:\/\/prezi.com\/ci1r-igo0obo\/?utm_campaign=share&amp;utm_medium=copy\">T\u00e4\u00e4lt\u00e4 linkist\u00e4<\/a>\u00a0<\/strong>l\u00f6yd\u00e4t tunnilla k\u00e4ymi\u00e4mme pelis\u00e4\u00e4nt\u00f6j\u00e4 blogin kirjoittamisesta. Mik\u00e4li olet ep\u00e4varma jostakin sis\u00e4ll\u00f6st\u00e4, niin kysy asiaa meilt\u00e4 opettajilta, niin pohditaan asiaa yhdess\u00e4.<\/p>\n<p>&nbsp;<\/p>\n","protected":false},"excerpt":{"rendered":"<p>Top-merkonomin eli R-luokan opinnot koostuvat seuraavista alla olevan kuvan mukaisista opinnoista. &nbsp; &nbsp; &nbsp; Kuvasta puuttuvat ammattitaitoa t\u00e4ydent\u00e4v\u00e4t aineet eli ATTO-aineet, joita opiskellaan yhden jakson ajan sek\u00e4 toisena ett\u00e4 kolmantena vuonna. Mik\u00e4li teet kes\u00e4t\u00f6it\u00e4 muista tuoda ty\u00f6ti\u00fannit sis\u00e4lt\u00e4v\u00e4t ty\u00f6todistukset mahdollisia hyv\u00e4ksilukuja varten mm. vapaavaaalintaisiin opintoihin. &nbsp; Blogit \u00a0oman osaamisen portfoliona sek\u00e4 opinn\u00e4ytteen\u00e4 Opintojen ohessa opiskelijat &hellip; <a href=\"https:\/\/blogit.gradia.fi\/topmerkonomi\/top-merkonomin-opinnot-ja-ops\/\" class=\"more-link\">Jatka lukemista <span class=\"screen-reader-text\">Top-merkonomin opinnot ja OPS<\/span> <span class=\"meta-nav\">&rarr;<\/span><\/a><\/p>\n","protected":false},"author":165,"featured_media":0,"parent":0,"menu_order":0,"comment_status":"open","ping_status":"open","template":"","meta":{"_uag_custom_page_level_css":"","footnotes":""},"class_list":["post-40","page","type-page","status-publish","hentry"],"yoast_head":"<!-- This site is optimized with the Yoast SEO plugin v27.5 - https:\/\/yoast.com\/product\/yoast-seo-wordpress\/ -->\n<title>Top-merkonomin opinnot ja OPS - Topmerkonomi<\/title>\n<meta name=\"robots\" content=\"index, follow, max-snippet:-1, max-image-preview:large, max-video-preview:-1\" \/>\n<link rel=\"canonical\" href=\"https:\/\/blogit.gradia.fi\/topmerkonomi\/top-merkonomin-opinnot-ja-ops\/\" \/>\n<meta property=\"og:locale\" content=\"fi_FI\" \/>\n<meta property=\"og:type\" content=\"article\" \/>\n<meta property=\"og:title\" content=\"Top-merkonomin opinnot ja OPS - Topmerkonomi\" \/>\n<meta property=\"og:description\" content=\"Top-merkonomin eli R-luokan opinnot koostuvat seuraavista alla olevan kuvan mukaisista opinnoista. &nbsp; &nbsp; &nbsp; Kuvasta puuttuvat ammattitaitoa t\u00e4ydent\u00e4v\u00e4t aineet eli ATTO-aineet, joita opiskellaan yhden jakson ajan sek\u00e4 toisena ett\u00e4 kolmantena vuonna. Mik\u00e4li teet kes\u00e4t\u00f6it\u00e4 muista tuoda ty\u00f6ti\u00fannit sis\u00e4lt\u00e4v\u00e4t ty\u00f6todistukset mahdollisia hyv\u00e4ksilukuja varten mm. vapaavaaalintaisiin opintoihin. &nbsp; Blogit \u00a0oman osaamisen portfoliona sek\u00e4 opinn\u00e4ytteen\u00e4 Opintojen ohessa opiskelijat &hellip; Jatka lukemista Top-merkonomin opinnot ja OPS &rarr;\" \/>\n<meta property=\"og:url\" content=\"https:\/\/blogit.gradia.fi\/topmerkonomi\/top-merkonomin-opinnot-ja-ops\/\" \/>\n<meta property=\"og:site_name\" content=\"Topmerkonomi\" \/>\n<meta property=\"og:image\" content=\"https:\/\/blogit.gradia.fi\/topmerkonomi\/wp-content\/uploads\/sites\/130\/2014\/02\/kuva-4-888x592.png\" \/>\n<meta name=\"twitter:card\" content=\"summary_large_image\" \/>\n<meta name=\"twitter:label1\" content=\"Arvioitu lukuaika\" \/>\n\t<meta name=\"twitter:data1\" content=\"1 minuutti\" \/>\n<script type=\"application\/ld+json\" class=\"yoast-schema-graph\">{\"@context\":\"https:\\\/\\\/schema.org\",\"@graph\":[{\"@type\":\"WebPage\",\"@id\":\"https:\\\/\\\/blogit.gradia.fi\\\/topmerkonomi\\\/top-merkonomin-opinnot-ja-ops\\\/\",\"url\":\"https:\\\/\\\/blogit.gradia.fi\\\/topmerkonomi\\\/top-merkonomin-opinnot-ja-ops\\\/\",\"name\":\"Top-merkonomin opinnot ja OPS - Topmerkonomi\",\"isPartOf\":{\"@id\":\"https:\\\/\\\/blogit.gradia.fi\\\/topmerkonomi\\\/#website\"},\"primaryImageOfPage\":{\"@id\":\"https:\\\/\\\/blogit.gradia.fi\\\/topmerkonomi\\\/top-merkonomin-opinnot-ja-ops\\\/#primaryimage\"},\"image\":{\"@id\":\"https:\\\/\\\/blogit.gradia.fi\\\/topmerkonomi\\\/top-merkonomin-opinnot-ja-ops\\\/#primaryimage\"},\"thumbnailUrl\":\"https:\\\/\\\/blogit.gradia.fi\\\/topmerkonomi\\\/wp-content\\\/uploads\\\/sites\\\/130\\\/2014\\\/02\\\/kuva-4-888x592.png\",\"datePublished\":\"2014-02-16T19:09:38+00:00\",\"inLanguage\":\"fi\",\"potentialAction\":[{\"@type\":\"ReadAction\",\"target\":[\"https:\\\/\\\/blogit.gradia.fi\\\/topmerkonomi\\\/top-merkonomin-opinnot-ja-ops\\\/\"]}]},{\"@type\":\"ImageObject\",\"inLanguage\":\"fi\",\"@id\":\"https:\\\/\\\/blogit.gradia.fi\\\/topmerkonomi\\\/top-merkonomin-opinnot-ja-ops\\\/#primaryimage\",\"url\":\"https:\\\/\\\/blogit.gradia.fi\\\/topmerkonomi\\\/wp-content\\\/uploads\\\/sites\\\/130\\\/2014\\\/02\\\/kuva-4.png\",\"contentUrl\":\"https:\\\/\\\/blogit.gradia.fi\\\/topmerkonomi\\\/wp-content\\\/uploads\\\/sites\\\/130\\\/2014\\\/02\\\/kuva-4.png\",\"width\":1024,\"height\":683},{\"@type\":\"WebSite\",\"@id\":\"https:\\\/\\\/blogit.gradia.fi\\\/topmerkonomi\\\/#website\",\"url\":\"https:\\\/\\\/blogit.gradia.fi\\\/topmerkonomi\\\/\",\"name\":\"Topmerkonomi\",\"description\":\"Tarinaa ty\u00f6ss\u00e4oppimispainotteisen luokan opintojen etenemisest\u00e4\",\"potentialAction\":[{\"@type\":\"SearchAction\",\"target\":{\"@type\":\"EntryPoint\",\"urlTemplate\":\"https:\\\/\\\/blogit.gradia.fi\\\/topmerkonomi\\\/?s={search_term_string}\"},\"query-input\":{\"@type\":\"PropertyValueSpecification\",\"valueRequired\":true,\"valueName\":\"search_term_string\"}}],\"inLanguage\":\"fi\"}]}<\/script>\n<!-- \/ Yoast SEO plugin. -->","yoast_head_json":{"title":"Top-merkonomin opinnot ja OPS - Topmerkonomi","robots":{"index":"index","follow":"follow","max-snippet":"max-snippet:-1","max-image-preview":"max-image-preview:large","max-video-preview":"max-video-preview:-1"},"canonical":"https:\/\/blogit.gradia.fi\/topmerkonomi\/top-merkonomin-opinnot-ja-ops\/","og_locale":"fi_FI","og_type":"article","og_title":"Top-merkonomin opinnot ja OPS - Topmerkonomi","og_description":"Top-merkonomin eli R-luokan opinnot koostuvat seuraavista alla olevan kuvan mukaisista opinnoista. &nbsp; &nbsp; &nbsp; Kuvasta puuttuvat ammattitaitoa t\u00e4ydent\u00e4v\u00e4t aineet eli ATTO-aineet, joita opiskellaan yhden jakson ajan sek\u00e4 toisena ett\u00e4 kolmantena vuonna. Mik\u00e4li teet kes\u00e4t\u00f6it\u00e4 muista tuoda ty\u00f6ti\u00fannit sis\u00e4lt\u00e4v\u00e4t ty\u00f6todistukset mahdollisia hyv\u00e4ksilukuja varten mm. vapaavaaalintaisiin opintoihin. &nbsp; Blogit \u00a0oman osaamisen portfoliona sek\u00e4 opinn\u00e4ytteen\u00e4 Opintojen ohessa opiskelijat &hellip; Jatka lukemista Top-merkonomin opinnot ja OPS &rarr;","og_url":"https:\/\/blogit.gradia.fi\/topmerkonomi\/top-merkonomin-opinnot-ja-ops\/","og_site_name":"Topmerkonomi","og_image":[{"url":"https:\/\/blogit.gradia.fi\/topmerkonomi\/wp-content\/uploads\/sites\/130\/2014\/02\/kuva-4-888x592.png","type":"","width":"","height":""}],"twitter_card":"summary_large_image","twitter_misc":{"Arvioitu lukuaika":"1 minuutti"},"schema":{"@context":"https:\/\/schema.org","@graph":[{"@type":"WebPage","@id":"https:\/\/blogit.gradia.fi\/topmerkonomi\/top-merkonomin-opinnot-ja-ops\/","url":"https:\/\/blogit.gradia.fi\/topmerkonomi\/top-merkonomin-opinnot-ja-ops\/","name":"Top-merkonomin opinnot ja OPS - Topmerkonomi","isPartOf":{"@id":"https:\/\/blogit.gradia.fi\/topmerkonomi\/#website"},"primaryImageOfPage":{"@id":"https:\/\/blogit.gradia.fi\/topmerkonomi\/top-merkonomin-opinnot-ja-ops\/#primaryimage"},"image":{"@id":"https:\/\/blogit.gradia.fi\/topmerkonomi\/top-merkonomin-opinnot-ja-ops\/#primaryimage"},"thumbnailUrl":"https:\/\/blogit.gradia.fi\/topmerkonomi\/wp-content\/uploads\/sites\/130\/2014\/02\/kuva-4-888x592.png","datePublished":"2014-02-16T19:09:38+00:00","inLanguage":"fi","potentialAction":[{"@type":"ReadAction","target":["https:\/\/blogit.gradia.fi\/topmerkonomi\/top-merkonomin-opinnot-ja-ops\/"]}]},{"@type":"ImageObject","inLanguage":"fi","@id":"https:\/\/blogit.gradia.fi\/topmerkonomi\/top-merkonomin-opinnot-ja-ops\/#primaryimage","url":"https:\/\/blogit.gradia.fi\/topmerkonomi\/wp-content\/uploads\/sites\/130\/2014\/02\/kuva-4.png","contentUrl":"https:\/\/blogit.gradia.fi\/topmerkonomi\/wp-content\/uploads\/sites\/130\/2014\/02\/kuva-4.png","width":1024,"height":683},{"@type":"WebSite","@id":"https:\/\/blogit.gradia.fi\/topmerkonomi\/#website","url":"https:\/\/blogit.gradia.fi\/topmerkonomi\/","name":"Topmerkonomi","description":"Tarinaa ty\u00f6ss\u00e4oppimispainotteisen luokan opintojen etenemisest\u00e4","potentialAction":[{"@type":"SearchAction","target":{"@type":"EntryPoint","urlTemplate":"https:\/\/blogit.gradia.fi\/topmerkonomi\/?s={search_term_string}"},"query-input":{"@type":"PropertyValueSpecification","valueRequired":true,"valueName":"search_term_string"}}],"inLanguage":"fi"}]}},"uagb_featured_image_src":{"full":false,"thumbnail":false,"medium":false,"medium_large":false,"large":false,"1536x1536":false,"2048x2048":false,"post-thumbnail":false},"uagb_author_info":{"display_name":"Heini Pennanen","author_link":"https:\/\/blogit.gradia.fi\/topmerkonomi\/author\/pennahei\/"},"uagb_comment_info":5,"uagb_excerpt":"Top-merkonomin eli R-luokan opinnot koostuvat seuraavista alla olevan kuvan mukaisista opinnoista. &nbsp; &nbsp; &nbsp; Kuvasta puuttuvat ammattitaitoa t\u00e4ydent\u00e4v\u00e4t aineet eli ATTO-aineet, joita opiskellaan yhden jakson ajan sek\u00e4 toisena ett\u00e4 kolmantena vuonna. Mik\u00e4li teet kes\u00e4t\u00f6it\u00e4 muista tuoda ty\u00f6ti\u00fannit sis\u00e4lt\u00e4v\u00e4t ty\u00f6todistukset mahdollisia hyv\u00e4ksilukuja varten mm. vapaavaaalintaisiin opintoihin. &nbsp; Blogit \u00a0oman osaamisen portfoliona sek\u00e4 opinn\u00e4ytteen\u00e4 Opintojen ohessa opiskelijat&hellip;","_links":{"self":[{"href":"https:\/\/blogit.gradia.fi\/topmerkonomi\/wp-json\/wp\/v2\/pages\/40","targetHints":{"allow":["GET"]}}],"collection":[{"href":"https:\/\/blogit.gradia.fi\/topmerkonomi\/wp-json\/wp\/v2\/pages"}],"about":[{"href":"https:\/\/blogit.gradia.fi\/topmerkonomi\/wp-json\/wp\/v2\/types\/page"}],"author":[{"embeddable":true,"href":"https:\/\/blogit.gradia.fi\/topmerkonomi\/wp-json\/wp\/v2\/users\/165"}],"replies":[{"embeddable":true,"href":"https:\/\/blogit.gradia.fi\/topmerkonomi\/wp-json\/wp\/v2\/comments?post=40"}],"version-history":[{"count":0,"href":"https:\/\/blogit.gradia.fi\/topmerkonomi\/wp-json\/wp\/v2\/pages\/40\/revisions"}],"wp:attachment":[{"href":"https:\/\/blogit.gradia.fi\/topmerkonomi\/wp-json\/wp\/v2\/media?parent=40"}],"curies":[{"name":"wp","href":"https:\/\/api.w.org\/{rel}","templated":true}]}}