{"id":2,"date":"2013-12-13T08:30:24","date_gmt":"2013-12-13T08:30:24","guid":{"rendered":"https:\/\/blogit.gradia.fi\/topmerkonomi\/?page_id=2"},"modified":"2014-05-09T14:44:21","modified_gmt":"2014-05-09T11:44:21","slug":"esimerkkisivu","status":"publish","type":"page","link":"https:\/\/blogit.gradia.fi\/topmerkonomi\/esimerkkisivu\/","title":{"rendered":"Esittelysivu"},"content":{"rendered":"<p>N\u00e4ill\u00e4 sivuilla bloggaa Heini Pennanen ja Henna-Liisa (Hennis) Maljonen, molemmat Jyv\u00e4skyl\u00e4n ammattiopiston kaupan yksik\u00f6n opettajia.<\/p>\n<p>Sivusto kertoo tarinaa R -luokasta, eli Jyv\u00e4skyl\u00e4n ammattiopiston vuonna 2014 aloittaneen ty\u00f6ss\u00e4oppimispainotteisen luokan opintojen etenemisest\u00e4. Sivuille lanseerataan my\u00f6s oppilaille tarkoitettuja teht\u00e4vi\u00e4, selvityksen kohteita sek\u00e4 muuta materiaalia liittyen sek\u00e4 koulussa ett\u00e4 ty\u00f6ss\u00e4oppimispaikalla oppimiseen.<\/p>\n<p>Oppilaat ovat yht\u00e4 jaksoa (ATTO) lukuunottamatta ty\u00f6ss\u00e4oppimassa joka viikko kolmena p\u00e4iv\u00e4n\u00e4 (ma-ke) ja kahtena p\u00e4iv\u00e4n\u00e4 viikossa (to &amp; pe) koulussa. T\u00e4m\u00e4n blogin ja muiden somen keinojen avulla on tarkoitus laajentaa ja syvent\u00e4\u00e4 sek\u00e4 ty\u00f6paikalla ett\u00e4 koulussa tapahtuvaa oppimiskokemusta linkitt\u00e4en niit\u00e4 toisiinsa. My\u00f6s ty\u00f6paikkaohjaajat ovat mukana.<\/p>\n<p>Tarkoituksenamme on kokeilla ja oppia kaikkea uutta, ihmeellist\u00e4 ja kivaa. V\u00e4lill\u00e4 varmaankin otetaan takapakkia ja mietit\u00e4\u00e4n, mik\u00e4 meni vikaan. Niist\u00e4kin tulemme oppimaan taas jotain uutta &#8211; sek\u00e4 opettajat ett\u00e4 oppilaat.<\/p>\n<p>Tervetuloa mukaan seikkailuumme j\u00e4nnitt\u00e4m\u00e4\u00e4n kuinka superhyvi\u00e4 ammattilaisia t\u00e4ll\u00e4 tavoin ty\u00f6ss\u00e4oppien saadaan!<\/p>\n<p>&nbsp;<\/p>\n","protected":false},"excerpt":{"rendered":"<p>N\u00e4ill\u00e4 sivuilla bloggaa Heini Pennanen ja Henna-Liisa (Hennis) Maljonen, molemmat Jyv\u00e4skyl\u00e4n ammattiopiston kaupan yksik\u00f6n opettajia. Sivusto kertoo tarinaa R -luokasta, eli Jyv\u00e4skyl\u00e4n ammattiopiston vuonna 2014 aloittaneen ty\u00f6ss\u00e4oppimispainotteisen luokan opintojen etenemisest\u00e4. Sivuille lanseerataan my\u00f6s oppilaille tarkoitettuja teht\u00e4vi\u00e4, selvityksen kohteita sek\u00e4 muuta materiaalia liittyen sek\u00e4 koulussa ett\u00e4 ty\u00f6ss\u00e4oppimispaikalla oppimiseen. Oppilaat ovat yht\u00e4 jaksoa (ATTO) lukuunottamatta ty\u00f6ss\u00e4oppimassa joka &hellip; <a href=\"https:\/\/blogit.gradia.fi\/topmerkonomi\/esimerkkisivu\/\" class=\"more-link\">Jatka lukemista <span class=\"screen-reader-text\">Esittelysivu<\/span> <span class=\"meta-nav\">&rarr;<\/span><\/a><\/p>\n","protected":false},"author":163,"featured_media":0,"parent":0,"menu_order":0,"comment_status":"open","ping_status":"open","template":"","meta":{"_uag_custom_page_level_css":"","footnotes":""},"class_list":["post-2","page","type-page","status-publish","hentry"],"yoast_head":"<!-- This site is optimized with the Yoast SEO plugin v27.5 - https:\/\/yoast.com\/product\/yoast-seo-wordpress\/ -->\n<title>Esittelysivu - Topmerkonomi<\/title>\n<meta name=\"robots\" content=\"index, follow, max-snippet:-1, max-image-preview:large, max-video-preview:-1\" \/>\n<link rel=\"canonical\" href=\"https:\/\/blogit.gradia.fi\/topmerkonomi\/esimerkkisivu\/\" \/>\n<meta property=\"og:locale\" content=\"fi_FI\" \/>\n<meta property=\"og:type\" content=\"article\" \/>\n<meta property=\"og:title\" content=\"Esittelysivu - Topmerkonomi\" \/>\n<meta property=\"og:description\" content=\"N\u00e4ill\u00e4 sivuilla bloggaa Heini Pennanen ja Henna-Liisa (Hennis) Maljonen, molemmat Jyv\u00e4skyl\u00e4n ammattiopiston kaupan yksik\u00f6n opettajia. Sivusto kertoo tarinaa R -luokasta, eli Jyv\u00e4skyl\u00e4n ammattiopiston vuonna 2014 aloittaneen ty\u00f6ss\u00e4oppimispainotteisen luokan opintojen etenemisest\u00e4. Sivuille lanseerataan my\u00f6s oppilaille tarkoitettuja teht\u00e4vi\u00e4, selvityksen kohteita sek\u00e4 muuta materiaalia liittyen sek\u00e4 koulussa ett\u00e4 ty\u00f6ss\u00e4oppimispaikalla oppimiseen. Oppilaat ovat yht\u00e4 jaksoa (ATTO) lukuunottamatta ty\u00f6ss\u00e4oppimassa joka &hellip; Jatka lukemista Esittelysivu &rarr;\" \/>\n<meta property=\"og:url\" content=\"https:\/\/blogit.gradia.fi\/topmerkonomi\/esimerkkisivu\/\" \/>\n<meta property=\"og:site_name\" content=\"Topmerkonomi\" \/>\n<meta property=\"article:modified_time\" content=\"2014-05-09T11:44:21+00:00\" \/>\n<meta name=\"twitter:card\" content=\"summary_large_image\" \/>\n<meta name=\"twitter:label1\" content=\"Arvioitu lukuaika\" \/>\n\t<meta name=\"twitter:data1\" content=\"1 minuutti\" \/>\n<script type=\"application\/ld+json\" class=\"yoast-schema-graph\">{\"@context\":\"https:\\\/\\\/schema.org\",\"@graph\":[{\"@type\":\"WebPage\",\"@id\":\"https:\\\/\\\/blogit.gradia.fi\\\/topmerkonomi\\\/esimerkkisivu\\\/\",\"url\":\"https:\\\/\\\/blogit.gradia.fi\\\/topmerkonomi\\\/esimerkkisivu\\\/\",\"name\":\"Esittelysivu - Topmerkonomi\",\"isPartOf\":{\"@id\":\"https:\\\/\\\/blogit.gradia.fi\\\/topmerkonomi\\\/#website\"},\"datePublished\":\"2013-12-13T08:30:24+00:00\",\"dateModified\":\"2014-05-09T11:44:21+00:00\",\"inLanguage\":\"fi\",\"potentialAction\":[{\"@type\":\"ReadAction\",\"target\":[\"https:\\\/\\\/blogit.gradia.fi\\\/topmerkonomi\\\/esimerkkisivu\\\/\"]}]},{\"@type\":\"WebSite\",\"@id\":\"https:\\\/\\\/blogit.gradia.fi\\\/topmerkonomi\\\/#website\",\"url\":\"https:\\\/\\\/blogit.gradia.fi\\\/topmerkonomi\\\/\",\"name\":\"Topmerkonomi\",\"description\":\"Tarinaa ty\u00f6ss\u00e4oppimispainotteisen luokan opintojen etenemisest\u00e4\",\"potentialAction\":[{\"@type\":\"SearchAction\",\"target\":{\"@type\":\"EntryPoint\",\"urlTemplate\":\"https:\\\/\\\/blogit.gradia.fi\\\/topmerkonomi\\\/?s={search_term_string}\"},\"query-input\":{\"@type\":\"PropertyValueSpecification\",\"valueRequired\":true,\"valueName\":\"search_term_string\"}}],\"inLanguage\":\"fi\"}]}<\/script>\n<!-- \/ Yoast SEO plugin. -->","yoast_head_json":{"title":"Esittelysivu - Topmerkonomi","robots":{"index":"index","follow":"follow","max-snippet":"max-snippet:-1","max-image-preview":"max-image-preview:large","max-video-preview":"max-video-preview:-1"},"canonical":"https:\/\/blogit.gradia.fi\/topmerkonomi\/esimerkkisivu\/","og_locale":"fi_FI","og_type":"article","og_title":"Esittelysivu - Topmerkonomi","og_description":"N\u00e4ill\u00e4 sivuilla bloggaa Heini Pennanen ja Henna-Liisa (Hennis) Maljonen, molemmat Jyv\u00e4skyl\u00e4n ammattiopiston kaupan yksik\u00f6n opettajia. Sivusto kertoo tarinaa R -luokasta, eli Jyv\u00e4skyl\u00e4n ammattiopiston vuonna 2014 aloittaneen ty\u00f6ss\u00e4oppimispainotteisen luokan opintojen etenemisest\u00e4. Sivuille lanseerataan my\u00f6s oppilaille tarkoitettuja teht\u00e4vi\u00e4, selvityksen kohteita sek\u00e4 muuta materiaalia liittyen sek\u00e4 koulussa ett\u00e4 ty\u00f6ss\u00e4oppimispaikalla oppimiseen. Oppilaat ovat yht\u00e4 jaksoa (ATTO) lukuunottamatta ty\u00f6ss\u00e4oppimassa joka &hellip; Jatka lukemista Esittelysivu &rarr;","og_url":"https:\/\/blogit.gradia.fi\/topmerkonomi\/esimerkkisivu\/","og_site_name":"Topmerkonomi","article_modified_time":"2014-05-09T11:44:21+00:00","twitter_card":"summary_large_image","twitter_misc":{"Arvioitu lukuaika":"1 minuutti"},"schema":{"@context":"https:\/\/schema.org","@graph":[{"@type":"WebPage","@id":"https:\/\/blogit.gradia.fi\/topmerkonomi\/esimerkkisivu\/","url":"https:\/\/blogit.gradia.fi\/topmerkonomi\/esimerkkisivu\/","name":"Esittelysivu - Topmerkonomi","isPartOf":{"@id":"https:\/\/blogit.gradia.fi\/topmerkonomi\/#website"},"datePublished":"2013-12-13T08:30:24+00:00","dateModified":"2014-05-09T11:44:21+00:00","inLanguage":"fi","potentialAction":[{"@type":"ReadAction","target":["https:\/\/blogit.gradia.fi\/topmerkonomi\/esimerkkisivu\/"]}]},{"@type":"WebSite","@id":"https:\/\/blogit.gradia.fi\/topmerkonomi\/#website","url":"https:\/\/blogit.gradia.fi\/topmerkonomi\/","name":"Topmerkonomi","description":"Tarinaa ty\u00f6ss\u00e4oppimispainotteisen luokan opintojen etenemisest\u00e4","potentialAction":[{"@type":"SearchAction","target":{"@type":"EntryPoint","urlTemplate":"https:\/\/blogit.gradia.fi\/topmerkonomi\/?s={search_term_string}"},"query-input":{"@type":"PropertyValueSpecification","valueRequired":true,"valueName":"search_term_string"}}],"inLanguage":"fi"}]}},"uagb_featured_image_src":{"full":false,"thumbnail":false,"medium":false,"medium_large":false,"large":false,"1536x1536":false,"2048x2048":false,"post-thumbnail":false},"uagb_author_info":{"display_name":"Henna-Liisa Maljonen","author_link":"https:\/\/blogit.gradia.fi\/topmerkonomi\/author\/maljohen\/"},"uagb_comment_info":6,"uagb_excerpt":"N\u00e4ill\u00e4 sivuilla bloggaa Heini Pennanen ja Henna-Liisa (Hennis) Maljonen, molemmat Jyv\u00e4skyl\u00e4n ammattiopiston kaupan yksik\u00f6n opettajia. Sivusto kertoo tarinaa R -luokasta, eli Jyv\u00e4skyl\u00e4n ammattiopiston vuonna 2014 aloittaneen ty\u00f6ss\u00e4oppimispainotteisen luokan opintojen etenemisest\u00e4. Sivuille lanseerataan my\u00f6s oppilaille tarkoitettuja teht\u00e4vi\u00e4, selvityksen kohteita sek\u00e4 muuta materiaalia liittyen sek\u00e4 koulussa ett\u00e4 ty\u00f6ss\u00e4oppimispaikalla oppimiseen. Oppilaat ovat yht\u00e4 jaksoa (ATTO) lukuunottamatta ty\u00f6ss\u00e4oppimassa joka&hellip;","_links":{"self":[{"href":"https:\/\/blogit.gradia.fi\/topmerkonomi\/wp-json\/wp\/v2\/pages\/2","targetHints":{"allow":["GET"]}}],"collection":[{"href":"https:\/\/blogit.gradia.fi\/topmerkonomi\/wp-json\/wp\/v2\/pages"}],"about":[{"href":"https:\/\/blogit.gradia.fi\/topmerkonomi\/wp-json\/wp\/v2\/types\/page"}],"author":[{"embeddable":true,"href":"https:\/\/blogit.gradia.fi\/topmerkonomi\/wp-json\/wp\/v2\/users\/163"}],"replies":[{"embeddable":true,"href":"https:\/\/blogit.gradia.fi\/topmerkonomi\/wp-json\/wp\/v2\/comments?post=2"}],"version-history":[{"count":0,"href":"https:\/\/blogit.gradia.fi\/topmerkonomi\/wp-json\/wp\/v2\/pages\/2\/revisions"}],"wp:attachment":[{"href":"https:\/\/blogit.gradia.fi\/topmerkonomi\/wp-json\/wp\/v2\/media?parent=2"}],"curies":[{"name":"wp","href":"https:\/\/api.w.org\/{rel}","templated":true}]}}