{"id":13,"date":"2013-12-16T21:43:59","date_gmt":"2013-12-16T19:43:59","guid":{"rendered":"https:\/\/blogit.gradia.fi\/topmerkonomi\/?page_id=13"},"modified":"2014-08-21T13:09:17","modified_gmt":"2014-08-21T10:09:17","slug":"kauppa","status":"publish","type":"page","link":"https:\/\/blogit.gradia.fi\/topmerkonomi\/kauppa\/","title":{"rendered":"Kaupan ty\u00f6t ja toiminnot"},"content":{"rendered":"","protected":false},"excerpt":{"rendered":"","protected":false},"author":163,"featured_media":0,"parent":0,"menu_order":0,"comment_status":"open","ping_status":"open","template":"","meta":{"_uag_custom_page_level_css":"","footnotes":""},"class_list":["post-13","page","type-page","status-publish","hentry"],"yoast_head":"<!-- This site is optimized with the Yoast SEO plugin v27.5 - https:\/\/yoast.com\/product\/yoast-seo-wordpress\/ -->\n<title>Kaupan ty\u00f6t ja toiminnot - Topmerkonomi<\/title>\n<meta name=\"robots\" content=\"index, follow, max-snippet:-1, max-image-preview:large, max-video-preview:-1\" \/>\n<link rel=\"canonical\" href=\"https:\/\/blogit.gradia.fi\/topmerkonomi\/kauppa\/\" \/>\n<meta property=\"og:locale\" content=\"fi_FI\" \/>\n<meta property=\"og:type\" content=\"article\" \/>\n<meta property=\"og:title\" content=\"Kaupan ty\u00f6t ja toiminnot - Topmerkonomi\" \/>\n<meta property=\"og:url\" content=\"https:\/\/blogit.gradia.fi\/topmerkonomi\/kauppa\/\" \/>\n<meta property=\"og:site_name\" content=\"Topmerkonomi\" \/>\n<meta property=\"article:modified_time\" content=\"2014-08-21T10:09:17+00:00\" \/>\n<meta name=\"twitter:card\" content=\"summary_large_image\" \/>\n<script type=\"application\/ld+json\" class=\"yoast-schema-graph\">{\"@context\":\"https:\\\/\\\/schema.org\",\"@graph\":[{\"@type\":\"WebPage\",\"@id\":\"https:\\\/\\\/blogit.gradia.fi\\\/topmerkonomi\\\/kauppa\\\/\",\"url\":\"https:\\\/\\\/blogit.gradia.fi\\\/topmerkonomi\\\/kauppa\\\/\",\"name\":\"Kaupan ty\u00f6t ja toiminnot - Topmerkonomi\",\"isPartOf\":{\"@id\":\"https:\\\/\\\/blogit.gradia.fi\\\/topmerkonomi\\\/#website\"},\"datePublished\":\"2013-12-16T19:43:59+00:00\",\"dateModified\":\"2014-08-21T10:09:17+00:00\",\"inLanguage\":\"fi\",\"potentialAction\":[{\"@type\":\"ReadAction\",\"target\":[\"https:\\\/\\\/blogit.gradia.fi\\\/topmerkonomi\\\/kauppa\\\/\"]}]},{\"@type\":\"WebSite\",\"@id\":\"https:\\\/\\\/blogit.gradia.fi\\\/topmerkonomi\\\/#website\",\"url\":\"https:\\\/\\\/blogit.gradia.fi\\\/topmerkonomi\\\/\",\"name\":\"Topmerkonomi\",\"description\":\"Tarinaa ty\u00f6ss\u00e4oppimispainotteisen luokan opintojen etenemisest\u00e4\",\"potentialAction\":[{\"@type\":\"SearchAction\",\"target\":{\"@type\":\"EntryPoint\",\"urlTemplate\":\"https:\\\/\\\/blogit.gradia.fi\\\/topmerkonomi\\\/?s={search_term_string}\"},\"query-input\":{\"@type\":\"PropertyValueSpecification\",\"valueRequired\":true,\"valueName\":\"search_term_string\"}}],\"inLanguage\":\"fi\"}]}<\/script>\n<!-- \/ Yoast SEO plugin. -->","yoast_head_json":{"title":"Kaupan ty\u00f6t ja toiminnot - Topmerkonomi","robots":{"index":"index","follow":"follow","max-snippet":"max-snippet:-1","max-image-preview":"max-image-preview:large","max-video-preview":"max-video-preview:-1"},"canonical":"https:\/\/blogit.gradia.fi\/topmerkonomi\/kauppa\/","og_locale":"fi_FI","og_type":"article","og_title":"Kaupan ty\u00f6t ja toiminnot - Topmerkonomi","og_url":"https:\/\/blogit.gradia.fi\/topmerkonomi\/kauppa\/","og_site_name":"Topmerkonomi","article_modified_time":"2014-08-21T10:09:17+00:00","twitter_card":"summary_large_image","schema":{"@context":"https:\/\/schema.org","@graph":[{"@type":"WebPage","@id":"https:\/\/blogit.gradia.fi\/topmerkonomi\/kauppa\/","url":"https:\/\/blogit.gradia.fi\/topmerkonomi\/kauppa\/","name":"Kaupan ty\u00f6t ja toiminnot - Topmerkonomi","isPartOf":{"@id":"https:\/\/blogit.gradia.fi\/topmerkonomi\/#website"},"datePublished":"2013-12-16T19:43:59+00:00","dateModified":"2014-08-21T10:09:17+00:00","inLanguage":"fi","potentialAction":[{"@type":"ReadAction","target":["https:\/\/blogit.gradia.fi\/topmerkonomi\/kauppa\/"]}]},{"@type":"WebSite","@id":"https:\/\/blogit.gradia.fi\/topmerkonomi\/#website","url":"https:\/\/blogit.gradia.fi\/topmerkonomi\/","name":"Topmerkonomi","description":"Tarinaa ty\u00f6ss\u00e4oppimispainotteisen luokan opintojen etenemisest\u00e4","potentialAction":[{"@type":"SearchAction","target":{"@type":"EntryPoint","urlTemplate":"https:\/\/blogit.gradia.fi\/topmerkonomi\/?s={search_term_string}"},"query-input":{"@type":"PropertyValueSpecification","valueRequired":true,"valueName":"search_term_string"}}],"inLanguage":"fi"}]}},"uagb_featured_image_src":{"full":false,"thumbnail":false,"medium":false,"medium_large":false,"large":false,"1536x1536":false,"2048x2048":false,"post-thumbnail":false},"uagb_author_info":{"display_name":"Henna-Liisa Maljonen","author_link":"https:\/\/blogit.gradia.fi\/topmerkonomi\/author\/maljohen\/"},"uagb_comment_info":0,"uagb_excerpt":null,"_links":{"self":[{"href":"https:\/\/blogit.gradia.fi\/topmerkonomi\/wp-json\/wp\/v2\/pages\/13","targetHints":{"allow":["GET"]}}],"collection":[{"href":"https:\/\/blogit.gradia.fi\/topmerkonomi\/wp-json\/wp\/v2\/pages"}],"about":[{"href":"https:\/\/blogit.gradia.fi\/topmerkonomi\/wp-json\/wp\/v2\/types\/page"}],"author":[{"embeddable":true,"href":"https:\/\/blogit.gradia.fi\/topmerkonomi\/wp-json\/wp\/v2\/users\/163"}],"replies":[{"embeddable":true,"href":"https:\/\/blogit.gradia.fi\/topmerkonomi\/wp-json\/wp\/v2\/comments?post=13"}],"version-history":[{"count":0,"href":"https:\/\/blogit.gradia.fi\/topmerkonomi\/wp-json\/wp\/v2\/pages\/13\/revisions"}],"wp:attachment":[{"href":"https:\/\/blogit.gradia.fi\/topmerkonomi\/wp-json\/wp\/v2\/media?parent=13"}],"curies":[{"name":"wp","href":"https:\/\/api.w.org\/{rel}","templated":true}]}}