{"id":12,"date":"2013-12-16T21:48:37","date_gmt":"2013-12-16T19:48:37","guid":{"rendered":"https:\/\/blogit.gradia.fi\/topmerkonomi\/?page_id=12"},"modified":"2014-02-16T21:18:21","modified_gmt":"2014-02-16T19:18:21","slug":"visu","status":"publish","type":"page","link":"https:\/\/blogit.gradia.fi\/topmerkonomi\/visu\/","title":{"rendered":"Visu"},"content":{"rendered":"<p><strong>Visuaalinen myyntity\u00f6 \u00a03 ov, visuaalisen myyntity\u00f6n ty\u00f6v\u00e4lineohjelmat 2 ov \u00a0sek\u00e4 sen ty\u00f6ss\u00e4oppiminen 15 ov<\/strong><\/p>\n<p>&nbsp;<\/p>\n<p>Visuaalisen myyntity\u00f6n kurssilla opiskelemme mm. seuraavia asioita<\/p>\n<p>&#8211; sommittelua<\/p>\n<p>&#8211; esillepanojen rakentamista<\/p>\n<p>&#8211; n\u00e4yteikkunoiden rakentamista<\/p>\n<p>&#8211; asiakasinformaation tekemist\u00e4<\/p>\n<p>&#8211; tekstausta<\/p>\n<p>&nbsp;<\/p>\n<p>Visuaalisen myyntity\u00f6n ty\u00f6v\u00e4lineohjelmissa opettelette mm.<\/p>\n<p>&#8211; Adobe Illustratorin sek\u00e4 PhotoShopin k\u00e4ytt\u00f6\u00e4<\/p>\n<p>&nbsp;<\/p>\n","protected":false},"excerpt":{"rendered":"<p>Visuaalinen myyntity\u00f6 \u00a03 ov, visuaalisen myyntity\u00f6n ty\u00f6v\u00e4lineohjelmat 2 ov \u00a0sek\u00e4 sen ty\u00f6ss\u00e4oppiminen 15 ov &nbsp; Visuaalisen myyntity\u00f6n kurssilla opiskelemme mm. seuraavia asioita &#8211; sommittelua &#8211; esillepanojen rakentamista &#8211; n\u00e4yteikkunoiden rakentamista &#8211; asiakasinformaation tekemist\u00e4 &#8211; tekstausta &nbsp; Visuaalisen myyntity\u00f6n ty\u00f6v\u00e4lineohjelmissa opettelette mm. &#8211; Adobe Illustratorin sek\u00e4 PhotoShopin k\u00e4ytt\u00f6\u00e4 &nbsp;<\/p>\n","protected":false},"author":163,"featured_media":0,"parent":0,"menu_order":0,"comment_status":"open","ping_status":"open","template":"","meta":{"_uag_custom_page_level_css":"","footnotes":""},"class_list":["post-12","page","type-page","status-publish","hentry"],"yoast_head":"<!-- This site is optimized with the Yoast SEO plugin v27.5 - https:\/\/yoast.com\/product\/yoast-seo-wordpress\/ -->\n<title>Visu - Topmerkonomi<\/title>\n<meta name=\"robots\" content=\"index, follow, max-snippet:-1, max-image-preview:large, max-video-preview:-1\" \/>\n<link rel=\"canonical\" href=\"https:\/\/blogit.gradia.fi\/topmerkonomi\/visu\/\" \/>\n<meta property=\"og:locale\" content=\"fi_FI\" \/>\n<meta property=\"og:type\" content=\"article\" \/>\n<meta property=\"og:title\" content=\"Visu - Topmerkonomi\" \/>\n<meta property=\"og:description\" content=\"Visuaalinen myyntity\u00f6 \u00a03 ov, visuaalisen myyntity\u00f6n ty\u00f6v\u00e4lineohjelmat 2 ov \u00a0sek\u00e4 sen ty\u00f6ss\u00e4oppiminen 15 ov &nbsp; Visuaalisen myyntity\u00f6n kurssilla opiskelemme mm. seuraavia asioita &#8211; sommittelua &#8211; esillepanojen rakentamista &#8211; n\u00e4yteikkunoiden rakentamista &#8211; asiakasinformaation tekemist\u00e4 &#8211; tekstausta &nbsp; Visuaalisen myyntity\u00f6n ty\u00f6v\u00e4lineohjelmissa opettelette mm. &#8211; Adobe Illustratorin sek\u00e4 PhotoShopin k\u00e4ytt\u00f6\u00e4 &nbsp;\" \/>\n<meta property=\"og:url\" content=\"https:\/\/blogit.gradia.fi\/topmerkonomi\/visu\/\" \/>\n<meta property=\"og:site_name\" content=\"Topmerkonomi\" \/>\n<meta property=\"article:modified_time\" content=\"2014-02-16T19:18:21+00:00\" \/>\n<meta name=\"twitter:card\" content=\"summary_large_image\" \/>\n<script type=\"application\/ld+json\" class=\"yoast-schema-graph\">{\"@context\":\"https:\\\/\\\/schema.org\",\"@graph\":[{\"@type\":\"WebPage\",\"@id\":\"https:\\\/\\\/blogit.gradia.fi\\\/topmerkonomi\\\/visu\\\/\",\"url\":\"https:\\\/\\\/blogit.gradia.fi\\\/topmerkonomi\\\/visu\\\/\",\"name\":\"Visu - Topmerkonomi\",\"isPartOf\":{\"@id\":\"https:\\\/\\\/blogit.gradia.fi\\\/topmerkonomi\\\/#website\"},\"datePublished\":\"2013-12-16T19:48:37+00:00\",\"dateModified\":\"2014-02-16T19:18:21+00:00\",\"inLanguage\":\"fi\",\"potentialAction\":[{\"@type\":\"ReadAction\",\"target\":[\"https:\\\/\\\/blogit.gradia.fi\\\/topmerkonomi\\\/visu\\\/\"]}]},{\"@type\":\"WebSite\",\"@id\":\"https:\\\/\\\/blogit.gradia.fi\\\/topmerkonomi\\\/#website\",\"url\":\"https:\\\/\\\/blogit.gradia.fi\\\/topmerkonomi\\\/\",\"name\":\"Topmerkonomi\",\"description\":\"Tarinaa ty\u00f6ss\u00e4oppimispainotteisen luokan opintojen etenemisest\u00e4\",\"potentialAction\":[{\"@type\":\"SearchAction\",\"target\":{\"@type\":\"EntryPoint\",\"urlTemplate\":\"https:\\\/\\\/blogit.gradia.fi\\\/topmerkonomi\\\/?s={search_term_string}\"},\"query-input\":{\"@type\":\"PropertyValueSpecification\",\"valueRequired\":true,\"valueName\":\"search_term_string\"}}],\"inLanguage\":\"fi\"}]}<\/script>\n<!-- \/ Yoast SEO plugin. -->","yoast_head_json":{"title":"Visu - Topmerkonomi","robots":{"index":"index","follow":"follow","max-snippet":"max-snippet:-1","max-image-preview":"max-image-preview:large","max-video-preview":"max-video-preview:-1"},"canonical":"https:\/\/blogit.gradia.fi\/topmerkonomi\/visu\/","og_locale":"fi_FI","og_type":"article","og_title":"Visu - Topmerkonomi","og_description":"Visuaalinen myyntity\u00f6 \u00a03 ov, visuaalisen myyntity\u00f6n ty\u00f6v\u00e4lineohjelmat 2 ov \u00a0sek\u00e4 sen ty\u00f6ss\u00e4oppiminen 15 ov &nbsp; Visuaalisen myyntity\u00f6n kurssilla opiskelemme mm. seuraavia asioita &#8211; sommittelua &#8211; esillepanojen rakentamista &#8211; n\u00e4yteikkunoiden rakentamista &#8211; asiakasinformaation tekemist\u00e4 &#8211; tekstausta &nbsp; Visuaalisen myyntity\u00f6n ty\u00f6v\u00e4lineohjelmissa opettelette mm. &#8211; Adobe Illustratorin sek\u00e4 PhotoShopin k\u00e4ytt\u00f6\u00e4 &nbsp;","og_url":"https:\/\/blogit.gradia.fi\/topmerkonomi\/visu\/","og_site_name":"Topmerkonomi","article_modified_time":"2014-02-16T19:18:21+00:00","twitter_card":"summary_large_image","schema":{"@context":"https:\/\/schema.org","@graph":[{"@type":"WebPage","@id":"https:\/\/blogit.gradia.fi\/topmerkonomi\/visu\/","url":"https:\/\/blogit.gradia.fi\/topmerkonomi\/visu\/","name":"Visu - Topmerkonomi","isPartOf":{"@id":"https:\/\/blogit.gradia.fi\/topmerkonomi\/#website"},"datePublished":"2013-12-16T19:48:37+00:00","dateModified":"2014-02-16T19:18:21+00:00","inLanguage":"fi","potentialAction":[{"@type":"ReadAction","target":["https:\/\/blogit.gradia.fi\/topmerkonomi\/visu\/"]}]},{"@type":"WebSite","@id":"https:\/\/blogit.gradia.fi\/topmerkonomi\/#website","url":"https:\/\/blogit.gradia.fi\/topmerkonomi\/","name":"Topmerkonomi","description":"Tarinaa ty\u00f6ss\u00e4oppimispainotteisen luokan opintojen etenemisest\u00e4","potentialAction":[{"@type":"SearchAction","target":{"@type":"EntryPoint","urlTemplate":"https:\/\/blogit.gradia.fi\/topmerkonomi\/?s={search_term_string}"},"query-input":{"@type":"PropertyValueSpecification","valueRequired":true,"valueName":"search_term_string"}}],"inLanguage":"fi"}]}},"uagb_featured_image_src":{"full":false,"thumbnail":false,"medium":false,"medium_large":false,"large":false,"1536x1536":false,"2048x2048":false,"post-thumbnail":false},"uagb_author_info":{"display_name":"Henna-Liisa Maljonen","author_link":"https:\/\/blogit.gradia.fi\/topmerkonomi\/author\/maljohen\/"},"uagb_comment_info":1,"uagb_excerpt":"Visuaalinen myyntity\u00f6 \u00a03 ov, visuaalisen myyntity\u00f6n ty\u00f6v\u00e4lineohjelmat 2 ov \u00a0sek\u00e4 sen ty\u00f6ss\u00e4oppiminen 15 ov &nbsp; Visuaalisen myyntity\u00f6n kurssilla opiskelemme mm. seuraavia asioita &#8211; sommittelua &#8211; esillepanojen rakentamista &#8211; n\u00e4yteikkunoiden rakentamista &#8211; asiakasinformaation tekemist\u00e4 &#8211; tekstausta &nbsp; Visuaalisen myyntity\u00f6n ty\u00f6v\u00e4lineohjelmissa opettelette mm. &#8211; Adobe Illustratorin sek\u00e4 PhotoShopin k\u00e4ytt\u00f6\u00e4 &nbsp;","_links":{"self":[{"href":"https:\/\/blogit.gradia.fi\/topmerkonomi\/wp-json\/wp\/v2\/pages\/12","targetHints":{"allow":["GET"]}}],"collection":[{"href":"https:\/\/blogit.gradia.fi\/topmerkonomi\/wp-json\/wp\/v2\/pages"}],"about":[{"href":"https:\/\/blogit.gradia.fi\/topmerkonomi\/wp-json\/wp\/v2\/types\/page"}],"author":[{"embeddable":true,"href":"https:\/\/blogit.gradia.fi\/topmerkonomi\/wp-json\/wp\/v2\/users\/163"}],"replies":[{"embeddable":true,"href":"https:\/\/blogit.gradia.fi\/topmerkonomi\/wp-json\/wp\/v2\/comments?post=12"}],"version-history":[{"count":0,"href":"https:\/\/blogit.gradia.fi\/topmerkonomi\/wp-json\/wp\/v2\/pages\/12\/revisions"}],"wp:attachment":[{"href":"https:\/\/blogit.gradia.fi\/topmerkonomi\/wp-json\/wp\/v2\/media?parent=12"}],"curies":[{"name":"wp","href":"https:\/\/api.w.org\/{rel}","templated":true}]}}