{"id":21,"date":"2018-10-04T05:55:51","date_gmt":"2018-10-04T02:55:51","guid":{"rendered":"https:\/\/blogit.gradia.fi\/toimisto\/?page_id=21"},"modified":"2018-10-04T11:16:20","modified_gmt":"2018-10-04T08:16:20","slug":"word","status":"publish","type":"page","link":"https:\/\/blogit.gradia.fi\/toimisto\/word\/","title":{"rendered":"Word"},"content":{"rendered":"<h3>Sist\u00e4lt\u00f6j\u00e4<\/h3>\n<ul>\n<li>Monipuolinen muokkaus<\/li>\n<li>Kuvat<\/li>\n<li>Taulukot<\/li>\n<li>Asiakirjamalli\n<ul>\n<li><a href=\"https:\/\/jaofi-my.sharepoint.com\/:b:\/g\/personal\/htabell_gradia_fi\/EZudBE89jGlNg1iJxkxmrL8BexMkgAkAIsX4i_ioi2nZ-w?e=9tWa7F\" target=\"_blank\" rel=\"noopener\">Pohja<\/a><\/li>\n<\/ul>\n<\/li>\n<\/ul>\n","protected":false},"excerpt":{"rendered":"<p>Sist\u00e4lt\u00f6j\u00e4 Monipuolinen muokkaus Kuvat Taulukot Asiakirjamalli Pohja<\/p>\n","protected":false},"author":111,"featured_media":0,"parent":0,"menu_order":0,"comment_status":"closed","ping_status":"closed","template":"","meta":{"_uag_custom_page_level_css":"","footnotes":""},"class_list":["post-21","page","type-page","status-publish","hentry"],"yoast_head":"<!-- This site is optimized with the Yoast SEO plugin v27.4 - https:\/\/yoast.com\/product\/yoast-seo-wordpress\/ -->\n<title>Word - Toimistosovellukset<\/title>\n<meta name=\"robots\" content=\"index, follow, max-snippet:-1, max-image-preview:large, max-video-preview:-1\" \/>\n<link rel=\"canonical\" href=\"https:\/\/blogit.gradia.fi\/toimisto\/word\/\" \/>\n<meta property=\"og:locale\" content=\"fi_FI\" \/>\n<meta property=\"og:type\" content=\"article\" \/>\n<meta property=\"og:title\" content=\"Word - Toimistosovellukset\" \/>\n<meta property=\"og:description\" content=\"Sist\u00e4lt\u00f6j\u00e4 Monipuolinen muokkaus Kuvat Taulukot Asiakirjamalli Pohja\" \/>\n<meta property=\"og:url\" content=\"https:\/\/blogit.gradia.fi\/toimisto\/word\/\" \/>\n<meta property=\"og:site_name\" content=\"Toimistosovellukset\" \/>\n<meta property=\"article:modified_time\" content=\"2018-10-04T08:16:20+00:00\" \/>\n<meta name=\"twitter:card\" content=\"summary_large_image\" \/>\n<script type=\"application\/ld+json\" class=\"yoast-schema-graph\">{\"@context\":\"https:\\\/\\\/schema.org\",\"@graph\":[{\"@type\":\"WebPage\",\"@id\":\"https:\\\/\\\/blogit.gradia.fi\\\/toimisto\\\/word\\\/\",\"url\":\"https:\\\/\\\/blogit.gradia.fi\\\/toimisto\\\/word\\\/\",\"name\":\"Word - Toimistosovellukset\",\"isPartOf\":{\"@id\":\"https:\\\/\\\/blogit.gradia.fi\\\/toimisto\\\/#website\"},\"datePublished\":\"2018-10-04T02:55:51+00:00\",\"dateModified\":\"2018-10-04T08:16:20+00:00\",\"inLanguage\":\"fi\",\"potentialAction\":[{\"@type\":\"ReadAction\",\"target\":[\"https:\\\/\\\/blogit.gradia.fi\\\/toimisto\\\/word\\\/\"]}]},{\"@type\":\"WebSite\",\"@id\":\"https:\\\/\\\/blogit.gradia.fi\\\/toimisto\\\/#website\",\"url\":\"https:\\\/\\\/blogit.gradia.fi\\\/toimisto\\\/\",\"name\":\"Toimistosovellukset\",\"description\":\"O365-ohjelmisto\",\"potentialAction\":[{\"@type\":\"SearchAction\",\"target\":{\"@type\":\"EntryPoint\",\"urlTemplate\":\"https:\\\/\\\/blogit.gradia.fi\\\/toimisto\\\/?s={search_term_string}\"},\"query-input\":{\"@type\":\"PropertyValueSpecification\",\"valueRequired\":true,\"valueName\":\"search_term_string\"}}],\"inLanguage\":\"fi\"}]}<\/script>\n<!-- \/ Yoast SEO plugin. -->","yoast_head_json":{"title":"Word - Toimistosovellukset","robots":{"index":"index","follow":"follow","max-snippet":"max-snippet:-1","max-image-preview":"max-image-preview:large","max-video-preview":"max-video-preview:-1"},"canonical":"https:\/\/blogit.gradia.fi\/toimisto\/word\/","og_locale":"fi_FI","og_type":"article","og_title":"Word - Toimistosovellukset","og_description":"Sist\u00e4lt\u00f6j\u00e4 Monipuolinen muokkaus Kuvat Taulukot Asiakirjamalli Pohja","og_url":"https:\/\/blogit.gradia.fi\/toimisto\/word\/","og_site_name":"Toimistosovellukset","article_modified_time":"2018-10-04T08:16:20+00:00","twitter_card":"summary_large_image","schema":{"@context":"https:\/\/schema.org","@graph":[{"@type":"WebPage","@id":"https:\/\/blogit.gradia.fi\/toimisto\/word\/","url":"https:\/\/blogit.gradia.fi\/toimisto\/word\/","name":"Word - Toimistosovellukset","isPartOf":{"@id":"https:\/\/blogit.gradia.fi\/toimisto\/#website"},"datePublished":"2018-10-04T02:55:51+00:00","dateModified":"2018-10-04T08:16:20+00:00","inLanguage":"fi","potentialAction":[{"@type":"ReadAction","target":["https:\/\/blogit.gradia.fi\/toimisto\/word\/"]}]},{"@type":"WebSite","@id":"https:\/\/blogit.gradia.fi\/toimisto\/#website","url":"https:\/\/blogit.gradia.fi\/toimisto\/","name":"Toimistosovellukset","description":"O365-ohjelmisto","potentialAction":[{"@type":"SearchAction","target":{"@type":"EntryPoint","urlTemplate":"https:\/\/blogit.gradia.fi\/toimisto\/?s={search_term_string}"},"query-input":{"@type":"PropertyValueSpecification","valueRequired":true,"valueName":"search_term_string"}}],"inLanguage":"fi"}]}},"uagb_featured_image_src":{"full":false,"thumbnail":false,"medium":false,"medium_large":false,"large":false,"1536x1536":false,"2048x2048":false,"post-thumbnail":false},"uagb_author_info":{"display_name":"Hannu Tabell","author_link":"https:\/\/blogit.gradia.fi\/toimisto\/author\/htabell\/"},"uagb_comment_info":0,"uagb_excerpt":"Sist\u00e4lt\u00f6j\u00e4 Monipuolinen muokkaus Kuvat Taulukot Asiakirjamalli Pohja","_links":{"self":[{"href":"https:\/\/blogit.gradia.fi\/toimisto\/wp-json\/wp\/v2\/pages\/21","targetHints":{"allow":["GET"]}}],"collection":[{"href":"https:\/\/blogit.gradia.fi\/toimisto\/wp-json\/wp\/v2\/pages"}],"about":[{"href":"https:\/\/blogit.gradia.fi\/toimisto\/wp-json\/wp\/v2\/types\/page"}],"author":[{"embeddable":true,"href":"https:\/\/blogit.gradia.fi\/toimisto\/wp-json\/wp\/v2\/users\/111"}],"replies":[{"embeddable":true,"href":"https:\/\/blogit.gradia.fi\/toimisto\/wp-json\/wp\/v2\/comments?post=21"}],"version-history":[{"count":0,"href":"https:\/\/blogit.gradia.fi\/toimisto\/wp-json\/wp\/v2\/pages\/21\/revisions"}],"wp:attachment":[{"href":"https:\/\/blogit.gradia.fi\/toimisto\/wp-json\/wp\/v2\/media?parent=21"}],"curies":[{"name":"wp","href":"https:\/\/api.w.org\/{rel}","templated":true}]}}