{"id":2,"date":"2018-09-04T08:40:52","date_gmt":"2018-09-04T05:40:52","guid":{"rendered":"https:\/\/blogit.gradia.fi\/toimisto\/?page_id=2"},"modified":"2018-09-05T20:13:52","modified_gmt":"2018-09-05T17:13:52","slug":"opastus","status":"publish","type":"page","link":"https:\/\/blogit.gradia.fi\/toimisto\/opastus\/","title":{"rendered":"Opastus"},"content":{"rendered":"<h3>Toimistosovellukset<\/h3>\n<p>Tutustumme office.gradia.fi-ymp\u00e4rist\u00f6\u00f6n.<\/p>\n<ul>\n<li>Outlook-s\u00e4hk\u00f6posti<\/li>\n<li>OneDrive-tallennuspaikka<\/li>\n<li>Word-tekstink\u00e4sittely<\/li>\n<li>Excel-taulukkolaskenta<\/li>\n<li>PowerPoint-esitysgrafiikka<\/li>\n<li>Sway-esitys<\/li>\n<\/ul>\n<p>&nbsp;<\/p>\n","protected":false},"excerpt":{"rendered":"<p>Toimistosovellukset Tutustumme office.gradia.fi-ymp\u00e4rist\u00f6\u00f6n. Outlook-s\u00e4hk\u00f6posti OneDrive-tallennuspaikka Word-tekstink\u00e4sittely Excel-taulukkolaskenta PowerPoint-esitysgrafiikka Sway-esitys &nbsp;<\/p>\n","protected":false},"author":111,"featured_media":0,"parent":0,"menu_order":0,"comment_status":"closed","ping_status":"open","template":"","meta":{"_uag_custom_page_level_css":"","footnotes":""},"class_list":["post-2","page","type-page","status-publish","hentry"],"yoast_head":"<!-- This site is optimized with the Yoast SEO plugin v27.4 - https:\/\/yoast.com\/product\/yoast-seo-wordpress\/ -->\n<title>Opastus - Toimistosovellukset<\/title>\n<meta name=\"robots\" content=\"index, follow, max-snippet:-1, max-image-preview:large, max-video-preview:-1\" \/>\n<link rel=\"canonical\" href=\"https:\/\/blogit.gradia.fi\/toimisto\/opastus\/\" \/>\n<meta property=\"og:locale\" content=\"fi_FI\" \/>\n<meta property=\"og:type\" content=\"article\" \/>\n<meta property=\"og:title\" content=\"Opastus - Toimistosovellukset\" \/>\n<meta property=\"og:description\" content=\"Toimistosovellukset Tutustumme office.gradia.fi-ymp\u00e4rist\u00f6\u00f6n. Outlook-s\u00e4hk\u00f6posti OneDrive-tallennuspaikka Word-tekstink\u00e4sittely Excel-taulukkolaskenta PowerPoint-esitysgrafiikka Sway-esitys &nbsp;\" \/>\n<meta property=\"og:url\" content=\"https:\/\/blogit.gradia.fi\/toimisto\/opastus\/\" \/>\n<meta property=\"og:site_name\" content=\"Toimistosovellukset\" \/>\n<meta property=\"article:modified_time\" content=\"2018-09-05T17:13:52+00:00\" \/>\n<meta name=\"twitter:card\" content=\"summary_large_image\" \/>\n<script type=\"application\/ld+json\" class=\"yoast-schema-graph\">{\"@context\":\"https:\\\/\\\/schema.org\",\"@graph\":[{\"@type\":\"WebPage\",\"@id\":\"https:\\\/\\\/blogit.gradia.fi\\\/toimisto\\\/opastus\\\/\",\"url\":\"https:\\\/\\\/blogit.gradia.fi\\\/toimisto\\\/opastus\\\/\",\"name\":\"Opastus - Toimistosovellukset\",\"isPartOf\":{\"@id\":\"https:\\\/\\\/blogit.gradia.fi\\\/toimisto\\\/#website\"},\"datePublished\":\"2018-09-04T05:40:52+00:00\",\"dateModified\":\"2018-09-05T17:13:52+00:00\",\"inLanguage\":\"fi\",\"potentialAction\":[{\"@type\":\"ReadAction\",\"target\":[\"https:\\\/\\\/blogit.gradia.fi\\\/toimisto\\\/opastus\\\/\"]}]},{\"@type\":\"WebSite\",\"@id\":\"https:\\\/\\\/blogit.gradia.fi\\\/toimisto\\\/#website\",\"url\":\"https:\\\/\\\/blogit.gradia.fi\\\/toimisto\\\/\",\"name\":\"Toimistosovellukset\",\"description\":\"O365-ohjelmisto\",\"potentialAction\":[{\"@type\":\"SearchAction\",\"target\":{\"@type\":\"EntryPoint\",\"urlTemplate\":\"https:\\\/\\\/blogit.gradia.fi\\\/toimisto\\\/?s={search_term_string}\"},\"query-input\":{\"@type\":\"PropertyValueSpecification\",\"valueRequired\":true,\"valueName\":\"search_term_string\"}}],\"inLanguage\":\"fi\"}]}<\/script>\n<!-- \/ Yoast SEO plugin. -->","yoast_head_json":{"title":"Opastus - Toimistosovellukset","robots":{"index":"index","follow":"follow","max-snippet":"max-snippet:-1","max-image-preview":"max-image-preview:large","max-video-preview":"max-video-preview:-1"},"canonical":"https:\/\/blogit.gradia.fi\/toimisto\/opastus\/","og_locale":"fi_FI","og_type":"article","og_title":"Opastus - Toimistosovellukset","og_description":"Toimistosovellukset Tutustumme office.gradia.fi-ymp\u00e4rist\u00f6\u00f6n. Outlook-s\u00e4hk\u00f6posti OneDrive-tallennuspaikka Word-tekstink\u00e4sittely Excel-taulukkolaskenta PowerPoint-esitysgrafiikka Sway-esitys &nbsp;","og_url":"https:\/\/blogit.gradia.fi\/toimisto\/opastus\/","og_site_name":"Toimistosovellukset","article_modified_time":"2018-09-05T17:13:52+00:00","twitter_card":"summary_large_image","schema":{"@context":"https:\/\/schema.org","@graph":[{"@type":"WebPage","@id":"https:\/\/blogit.gradia.fi\/toimisto\/opastus\/","url":"https:\/\/blogit.gradia.fi\/toimisto\/opastus\/","name":"Opastus - Toimistosovellukset","isPartOf":{"@id":"https:\/\/blogit.gradia.fi\/toimisto\/#website"},"datePublished":"2018-09-04T05:40:52+00:00","dateModified":"2018-09-05T17:13:52+00:00","inLanguage":"fi","potentialAction":[{"@type":"ReadAction","target":["https:\/\/blogit.gradia.fi\/toimisto\/opastus\/"]}]},{"@type":"WebSite","@id":"https:\/\/blogit.gradia.fi\/toimisto\/#website","url":"https:\/\/blogit.gradia.fi\/toimisto\/","name":"Toimistosovellukset","description":"O365-ohjelmisto","potentialAction":[{"@type":"SearchAction","target":{"@type":"EntryPoint","urlTemplate":"https:\/\/blogit.gradia.fi\/toimisto\/?s={search_term_string}"},"query-input":{"@type":"PropertyValueSpecification","valueRequired":true,"valueName":"search_term_string"}}],"inLanguage":"fi"}]}},"uagb_featured_image_src":{"full":false,"thumbnail":false,"medium":false,"medium_large":false,"large":false,"1536x1536":false,"2048x2048":false,"post-thumbnail":false},"uagb_author_info":{"display_name":"Hannu Tabell","author_link":"https:\/\/blogit.gradia.fi\/toimisto\/author\/htabell\/"},"uagb_comment_info":0,"uagb_excerpt":"Toimistosovellukset Tutustumme office.gradia.fi-ymp\u00e4rist\u00f6\u00f6n. Outlook-s\u00e4hk\u00f6posti OneDrive-tallennuspaikka Word-tekstink\u00e4sittely Excel-taulukkolaskenta PowerPoint-esitysgrafiikka Sway-esitys &nbsp;","_links":{"self":[{"href":"https:\/\/blogit.gradia.fi\/toimisto\/wp-json\/wp\/v2\/pages\/2","targetHints":{"allow":["GET"]}}],"collection":[{"href":"https:\/\/blogit.gradia.fi\/toimisto\/wp-json\/wp\/v2\/pages"}],"about":[{"href":"https:\/\/blogit.gradia.fi\/toimisto\/wp-json\/wp\/v2\/types\/page"}],"author":[{"embeddable":true,"href":"https:\/\/blogit.gradia.fi\/toimisto\/wp-json\/wp\/v2\/users\/111"}],"replies":[{"embeddable":true,"href":"https:\/\/blogit.gradia.fi\/toimisto\/wp-json\/wp\/v2\/comments?post=2"}],"version-history":[{"count":0,"href":"https:\/\/blogit.gradia.fi\/toimisto\/wp-json\/wp\/v2\/pages\/2\/revisions"}],"wp:attachment":[{"href":"https:\/\/blogit.gradia.fi\/toimisto\/wp-json\/wp\/v2\/media?parent=2"}],"curies":[{"name":"wp","href":"https:\/\/api.w.org\/{rel}","templated":true}]}}