{"id":920,"date":"2014-11-23T13:56:56","date_gmt":"2014-11-23T11:56:56","guid":{"rendered":"https:\/\/blogit.gradia.fi\/tiimimestari\/?page_id=920"},"modified":"2023-11-10T09:37:00","modified_gmt":"2023-11-10T07:37:00","slug":"etusivu","status":"publish","type":"page","link":"https:\/\/blogit.gradia.fi\/tiimimestari\/etusivu\/","title":{"rendered":"Kuka olen? Mit\u00e4 mietin?"},"content":{"rendered":"<p><strong>Morjensta maailma,<br \/>\n<\/strong><\/p>\n<p>Olen Keijo Vehkakoski (s.1970) elinik\u00e4inen oppija, itsens\u00e4 kehitt\u00e4j\u00e4 sek\u00e4 tiimivalmentaja. Intohimonani on luontoliikunta ja uuden kehitt\u00e4minen. Mielest\u00e4ni ihmisten kohtaaminen, dialogi ja verkostossa toimiminen voi parhaassa tapauksessa aiheuttaa meille ihmisille hyvinvointia ja onnellisuutta.<\/p>\n<p>Ty\u00f6skentelen t\u00e4ll\u00e4 hetkell\u00e4 Jyv\u00e4skyl\u00e4n koulutuskuntayhtym\u00e4ss\u00e4, ammattiopisto Gradiassa matkailualan lehtorina ja tiimivalmentajana. Jos haluat tiet\u00e4\u00e4 minusta lis\u00e4\u00e4, niin t\u00e4ss\u00e4 <a href=\"https:\/\/www.linkedin.com\/in\/vehkakoski-keijo-141b3938\/\">LinkedIn-profiili<\/a>. Ota yhteytt\u00e4, jos kiinnostaa kehitell\u00e4 verkostoissa jotain uutta:)<\/p>\n<p><a href=\"https:\/\/blogit.gradia.fi\/tiimimestari\/wp-content\/uploads\/sites\/61\/2021\/03\/IMG_4811-scaled-e1617214039934.jpg\"><img loading=\"lazy\" decoding=\"async\" class=\"alignnone size-full wp-image-1723\" src=\"https:\/\/blogit.gradia.fi\/tiimimestari\/wp-content\/uploads\/sites\/61\/2021\/03\/IMG_4811-scaled-e1617214039934.jpg\" alt=\"\" width=\"2560\" height=\"1923\" srcset=\"https:\/\/blogit.gradia.fi\/tiimimestari\/wp-content\/uploads\/sites\/61\/2021\/03\/IMG_4811-scaled-e1617214039934.jpg 2560w, https:\/\/blogit.gradia.fi\/tiimimestari\/wp-content\/uploads\/sites\/61\/2021\/03\/IMG_4811-scaled-e1617214039934-300x225.jpg 300w, https:\/\/blogit.gradia.fi\/tiimimestari\/wp-content\/uploads\/sites\/61\/2021\/03\/IMG_4811-scaled-e1617214039934-1024x769.jpg 1024w, https:\/\/blogit.gradia.fi\/tiimimestari\/wp-content\/uploads\/sites\/61\/2021\/03\/IMG_4811-scaled-e1617214039934-768x577.jpg 768w, https:\/\/blogit.gradia.fi\/tiimimestari\/wp-content\/uploads\/sites\/61\/2021\/03\/IMG_4811-scaled-e1617214039934-1536x1154.jpg 1536w, https:\/\/blogit.gradia.fi\/tiimimestari\/wp-content\/uploads\/sites\/61\/2021\/03\/IMG_4811-scaled-e1617214039934-2048x1538.jpg 2048w\" sizes=\"auto, (max-width: 2560px) 100vw, 2560px\" \/><\/a><\/p>\n<p><strong>Motto: &#8221;Teoilla on merkityst\u00e4&#8221;. Tee se mink\u00e4 lupaat ja lupaa se mink\u00e4 teet!<\/strong><\/p>\n<p><strong>Missio<\/strong>:<\/p>\n<p>Saada ihmiset tajuamaan kokonaisvaltaisen hyvinvoinnin tulevan perustarpeiden tyydytt\u00e4misest\u00e4. Elintasosairauksien, ty\u00f6ss\u00e4jaksamisen ja syrj\u00e4ytymisen ongelmat maksavat yhteiskunnalle liian paljon. Pienen ihmisen t\u00e4ytyy keskitty\u00e4 asioihin, joihin h\u00e4n voi vaikuttaa ja niist\u00e4 t\u00e4rkeimm\u00e4t ovat\u00a0 liikunta, ravinto, uni ja ihmissuhteet. Haluaisin auttaa ihmisi\u00e4 tunnejohtamisessa ja mahdollistaa uusien verkostojen synnyn.<\/p>\n<p>Isossa kuvassa t\u00e4rkeint\u00e4 olisi hillit\u00e4 menossa olevaa\u00a0 6. sukupuuttoaaltoa! <a href=\"https:\/\/www.sitra.fi\/tulevaisuussanasto\/kuudes-sukupuuttoaalto\/\">https:\/\/www.sitra.fi\/tulevaisuussanasto\/kuudes-sukupuuttoaalto\/<\/a><\/p>\n<p>\u201dOle itse se \u00a0muutos, jonka haluat ymp\u00e4rill\u00e4si n\u00e4kyv\u00e4n\u201d (Gandhi).<\/p>\n<p><strong>Visio:\u00a0<\/strong>El\u00e4\u00e4 maailmassa, jossa istuminen ja makaaminen muutetaan liikkumiseksi, ty\u00f6el\u00e4m\u00e4 ja vapaa-aika nivotaan yhdeksi hyv\u00e4ksi el\u00e4m\u00e4ksi. Nukutaan riitt\u00e4v\u00e4sti ja kohdataan uusia ihmisi\u00e4. Onnellisuus el\u00e4m\u00e4ss\u00e4 syntyy osaamisen, autonomian ja yhteenkuuluvuuden kautta. Verkostossa toimiminen on uuden oppimisen yksi t\u00e4rkeimmist\u00e4 avaimista. Osaaminen on uuden oppimisen suurin este.<\/p>\n<p><strong>Stepit: <\/strong>Elinik\u00e4isen oppimisen asenne, n\u00f6yryys, kuunteleminen, tiimimestari, ihmevalmentaja (sertifioitu 2019), ihmisten tiimijohtaminen (leadership), verkostoituminen, elinik\u00e4inen oppiminen, uudet haasteet ja uuden kehitt\u00e4minen step by step.<\/p>\n<p><b>Ty\u00f6kalut<\/b>: Dialogi, tiimity\u00f6 ja asenne<\/p>\n<p><strong>Tiimimestari &#8211; Keke<\/strong><\/p>\n","protected":false},"excerpt":{"rendered":"<p>Morjensta maailma, Olen Keijo Vehkakoski (s.1970) elinik\u00e4inen oppija, itsens\u00e4 kehitt\u00e4j\u00e4 sek\u00e4 tiimivalmentaja. Intohimonani on luontoliikunta ja uuden kehitt\u00e4minen. Mielest\u00e4ni ihmisten kohtaaminen, dialogi ja verkostossa toimiminen voi parhaassa tapauksessa aiheuttaa meille ihmisille hyvinvointia ja onnellisuutta. Ty\u00f6skentelen t\u00e4ll\u00e4 hetkell\u00e4 Jyv\u00e4skyl\u00e4n koulutuskuntayhtym\u00e4ss\u00e4, ammattiopisto Gradiassa matkailualan lehtorina ja tiimivalmentajana. Jos haluat tiet\u00e4\u00e4 minusta lis\u00e4\u00e4, niin t\u00e4ss\u00e4 LinkedIn-profiili. Ota yhteytt\u00e4, &hellip; <a href=\"https:\/\/blogit.gradia.fi\/tiimimestari\/etusivu\/\" class=\"more-link\">Jatka lukemista <span class=\"screen-reader-text\">Kuka olen? Mit\u00e4 mietin?<\/span> <span class=\"meta-nav\">&rarr;<\/span><\/a><\/p>\n","protected":false},"author":155,"featured_media":0,"parent":0,"menu_order":0,"comment_status":"open","ping_status":"open","template":"","meta":{"_uag_custom_page_level_css":"","footnotes":""},"class_list":["post-920","page","type-page","status-publish","hentry"],"yoast_head":"<!-- This site is optimized with the Yoast SEO plugin v27.4 - https:\/\/yoast.com\/product\/yoast-seo-wordpress\/ -->\n<title>Kuka olen? Mit\u00e4 mietin? - Tiimimestari - Keke<\/title>\n<meta name=\"robots\" content=\"index, follow, max-snippet:-1, max-image-preview:large, max-video-preview:-1\" \/>\n<link rel=\"canonical\" href=\"https:\/\/blogit.gradia.fi\/tiimimestari\/etusivu\/\" \/>\n<meta property=\"og:locale\" content=\"fi_FI\" \/>\n<meta property=\"og:type\" content=\"article\" \/>\n<meta property=\"og:title\" content=\"Kuka olen? Mit\u00e4 mietin? - Tiimimestari - Keke\" \/>\n<meta property=\"og:description\" content=\"Morjensta maailma, Olen Keijo Vehkakoski (s.1970) elinik\u00e4inen oppija, itsens\u00e4 kehitt\u00e4j\u00e4 sek\u00e4 tiimivalmentaja. Intohimonani on luontoliikunta ja uuden kehitt\u00e4minen. Mielest\u00e4ni ihmisten kohtaaminen, dialogi ja verkostossa toimiminen voi parhaassa tapauksessa aiheuttaa meille ihmisille hyvinvointia ja onnellisuutta. Ty\u00f6skentelen t\u00e4ll\u00e4 hetkell\u00e4 Jyv\u00e4skyl\u00e4n koulutuskuntayhtym\u00e4ss\u00e4, ammattiopisto Gradiassa matkailualan lehtorina ja tiimivalmentajana. Jos haluat tiet\u00e4\u00e4 minusta lis\u00e4\u00e4, niin t\u00e4ss\u00e4 LinkedIn-profiili. Ota yhteytt\u00e4, &hellip; Jatka lukemista Kuka olen? Mit\u00e4 mietin? &rarr;\" \/>\n<meta property=\"og:url\" content=\"https:\/\/blogit.gradia.fi\/tiimimestari\/etusivu\/\" \/>\n<meta property=\"og:site_name\" content=\"Tiimimestari - Keke\" \/>\n<meta property=\"article:modified_time\" content=\"2023-11-10T07:37:00+00:00\" \/>\n<meta property=\"og:image\" content=\"https:\/\/blogit.gradia.fi\/tiimimestari\/wp-content\/uploads\/sites\/61\/2021\/03\/IMG_4811-scaled-e1617214039934.jpg\" \/>\n<meta name=\"twitter:card\" content=\"summary_large_image\" \/>\n<meta name=\"twitter:label1\" content=\"Arvioitu lukuaika\" \/>\n\t<meta name=\"twitter:data1\" content=\"2 minuuttia\" \/>\n<script type=\"application\/ld+json\" class=\"yoast-schema-graph\">{\"@context\":\"https:\\\/\\\/schema.org\",\"@graph\":[{\"@type\":\"WebPage\",\"@id\":\"https:\\\/\\\/blogit.gradia.fi\\\/tiimimestari\\\/etusivu\\\/\",\"url\":\"https:\\\/\\\/blogit.gradia.fi\\\/tiimimestari\\\/etusivu\\\/\",\"name\":\"Kuka olen? Mit\u00e4 mietin? - Tiimimestari - Keke\",\"isPartOf\":{\"@id\":\"https:\\\/\\\/blogit.gradia.fi\\\/tiimimestari\\\/#website\"},\"primaryImageOfPage\":{\"@id\":\"https:\\\/\\\/blogit.gradia.fi\\\/tiimimestari\\\/etusivu\\\/#primaryimage\"},\"image\":{\"@id\":\"https:\\\/\\\/blogit.gradia.fi\\\/tiimimestari\\\/etusivu\\\/#primaryimage\"},\"thumbnailUrl\":\"https:\\\/\\\/blogit.gradia.fi\\\/tiimimestari\\\/wp-content\\\/uploads\\\/sites\\\/61\\\/2021\\\/03\\\/IMG_4811-scaled-e1617214039934.jpg\",\"datePublished\":\"2014-11-23T11:56:56+00:00\",\"dateModified\":\"2023-11-10T07:37:00+00:00\",\"inLanguage\":\"fi\",\"potentialAction\":[{\"@type\":\"ReadAction\",\"target\":[\"https:\\\/\\\/blogit.gradia.fi\\\/tiimimestari\\\/etusivu\\\/\"]}]},{\"@type\":\"ImageObject\",\"inLanguage\":\"fi\",\"@id\":\"https:\\\/\\\/blogit.gradia.fi\\\/tiimimestari\\\/etusivu\\\/#primaryimage\",\"url\":\"https:\\\/\\\/blogit.gradia.fi\\\/tiimimestari\\\/wp-content\\\/uploads\\\/sites\\\/61\\\/2021\\\/03\\\/IMG_4811-scaled-e1617214039934.jpg\",\"contentUrl\":\"https:\\\/\\\/blogit.gradia.fi\\\/tiimimestari\\\/wp-content\\\/uploads\\\/sites\\\/61\\\/2021\\\/03\\\/IMG_4811-scaled-e1617214039934.jpg\"},{\"@type\":\"WebSite\",\"@id\":\"https:\\\/\\\/blogit.gradia.fi\\\/tiimimestari\\\/#website\",\"url\":\"https:\\\/\\\/blogit.gradia.fi\\\/tiimimestari\\\/\",\"name\":\"Tiimimestari - Keke\",\"description\":\"Elinik\u00e4ist\u00e4 iloa oppimiseen\",\"potentialAction\":[{\"@type\":\"SearchAction\",\"target\":{\"@type\":\"EntryPoint\",\"urlTemplate\":\"https:\\\/\\\/blogit.gradia.fi\\\/tiimimestari\\\/?s={search_term_string}\"},\"query-input\":{\"@type\":\"PropertyValueSpecification\",\"valueRequired\":true,\"valueName\":\"search_term_string\"}}],\"inLanguage\":\"fi\"}]}<\/script>\n<!-- \/ Yoast SEO plugin. -->","yoast_head_json":{"title":"Kuka olen? Mit\u00e4 mietin? - Tiimimestari - Keke","robots":{"index":"index","follow":"follow","max-snippet":"max-snippet:-1","max-image-preview":"max-image-preview:large","max-video-preview":"max-video-preview:-1"},"canonical":"https:\/\/blogit.gradia.fi\/tiimimestari\/etusivu\/","og_locale":"fi_FI","og_type":"article","og_title":"Kuka olen? Mit\u00e4 mietin? - Tiimimestari - Keke","og_description":"Morjensta maailma, Olen Keijo Vehkakoski (s.1970) elinik\u00e4inen oppija, itsens\u00e4 kehitt\u00e4j\u00e4 sek\u00e4 tiimivalmentaja. Intohimonani on luontoliikunta ja uuden kehitt\u00e4minen. Mielest\u00e4ni ihmisten kohtaaminen, dialogi ja verkostossa toimiminen voi parhaassa tapauksessa aiheuttaa meille ihmisille hyvinvointia ja onnellisuutta. Ty\u00f6skentelen t\u00e4ll\u00e4 hetkell\u00e4 Jyv\u00e4skyl\u00e4n koulutuskuntayhtym\u00e4ss\u00e4, ammattiopisto Gradiassa matkailualan lehtorina ja tiimivalmentajana. Jos haluat tiet\u00e4\u00e4 minusta lis\u00e4\u00e4, niin t\u00e4ss\u00e4 LinkedIn-profiili. Ota yhteytt\u00e4, &hellip; Jatka lukemista Kuka olen? Mit\u00e4 mietin? &rarr;","og_url":"https:\/\/blogit.gradia.fi\/tiimimestari\/etusivu\/","og_site_name":"Tiimimestari - Keke","article_modified_time":"2023-11-10T07:37:00+00:00","og_image":[{"url":"https:\/\/blogit.gradia.fi\/tiimimestari\/wp-content\/uploads\/sites\/61\/2021\/03\/IMG_4811-scaled-e1617214039934.jpg","type":"","width":"","height":""}],"twitter_card":"summary_large_image","twitter_misc":{"Arvioitu lukuaika":"2 minuuttia"},"schema":{"@context":"https:\/\/schema.org","@graph":[{"@type":"WebPage","@id":"https:\/\/blogit.gradia.fi\/tiimimestari\/etusivu\/","url":"https:\/\/blogit.gradia.fi\/tiimimestari\/etusivu\/","name":"Kuka olen? Mit\u00e4 mietin? - Tiimimestari - Keke","isPartOf":{"@id":"https:\/\/blogit.gradia.fi\/tiimimestari\/#website"},"primaryImageOfPage":{"@id":"https:\/\/blogit.gradia.fi\/tiimimestari\/etusivu\/#primaryimage"},"image":{"@id":"https:\/\/blogit.gradia.fi\/tiimimestari\/etusivu\/#primaryimage"},"thumbnailUrl":"https:\/\/blogit.gradia.fi\/tiimimestari\/wp-content\/uploads\/sites\/61\/2021\/03\/IMG_4811-scaled-e1617214039934.jpg","datePublished":"2014-11-23T11:56:56+00:00","dateModified":"2023-11-10T07:37:00+00:00","inLanguage":"fi","potentialAction":[{"@type":"ReadAction","target":["https:\/\/blogit.gradia.fi\/tiimimestari\/etusivu\/"]}]},{"@type":"ImageObject","inLanguage":"fi","@id":"https:\/\/blogit.gradia.fi\/tiimimestari\/etusivu\/#primaryimage","url":"https:\/\/blogit.gradia.fi\/tiimimestari\/wp-content\/uploads\/sites\/61\/2021\/03\/IMG_4811-scaled-e1617214039934.jpg","contentUrl":"https:\/\/blogit.gradia.fi\/tiimimestari\/wp-content\/uploads\/sites\/61\/2021\/03\/IMG_4811-scaled-e1617214039934.jpg"},{"@type":"WebSite","@id":"https:\/\/blogit.gradia.fi\/tiimimestari\/#website","url":"https:\/\/blogit.gradia.fi\/tiimimestari\/","name":"Tiimimestari - Keke","description":"Elinik\u00e4ist\u00e4 iloa oppimiseen","potentialAction":[{"@type":"SearchAction","target":{"@type":"EntryPoint","urlTemplate":"https:\/\/blogit.gradia.fi\/tiimimestari\/?s={search_term_string}"},"query-input":{"@type":"PropertyValueSpecification","valueRequired":true,"valueName":"search_term_string"}}],"inLanguage":"fi"}]}},"uagb_featured_image_src":{"full":false,"thumbnail":false,"medium":false,"medium_large":false,"large":false,"1536x1536":false,"2048x2048":false,"post-thumbnail":false},"uagb_author_info":{"display_name":"Keijo Vehkakoski","author_link":"https:\/\/blogit.gradia.fi\/tiimimestari\/author\/vehkakei\/"},"uagb_comment_info":0,"uagb_excerpt":"Morjensta maailma, Olen Keijo Vehkakoski (s.1970) elinik\u00e4inen oppija, itsens\u00e4 kehitt\u00e4j\u00e4 sek\u00e4 tiimivalmentaja. Intohimonani on luontoliikunta ja uuden kehitt\u00e4minen. Mielest\u00e4ni ihmisten kohtaaminen, dialogi ja verkostossa toimiminen voi parhaassa tapauksessa aiheuttaa meille ihmisille hyvinvointia ja onnellisuutta. Ty\u00f6skentelen t\u00e4ll\u00e4 hetkell\u00e4 Jyv\u00e4skyl\u00e4n koulutuskuntayhtym\u00e4ss\u00e4, ammattiopisto Gradiassa matkailualan lehtorina ja tiimivalmentajana. Jos haluat tiet\u00e4\u00e4 minusta lis\u00e4\u00e4, niin t\u00e4ss\u00e4 LinkedIn-profiili. Ota yhteytt\u00e4,&hellip;","_links":{"self":[{"href":"https:\/\/blogit.gradia.fi\/tiimimestari\/wp-json\/wp\/v2\/pages\/920","targetHints":{"allow":["GET"]}}],"collection":[{"href":"https:\/\/blogit.gradia.fi\/tiimimestari\/wp-json\/wp\/v2\/pages"}],"about":[{"href":"https:\/\/blogit.gradia.fi\/tiimimestari\/wp-json\/wp\/v2\/types\/page"}],"author":[{"embeddable":true,"href":"https:\/\/blogit.gradia.fi\/tiimimestari\/wp-json\/wp\/v2\/users\/155"}],"replies":[{"embeddable":true,"href":"https:\/\/blogit.gradia.fi\/tiimimestari\/wp-json\/wp\/v2\/comments?post=920"}],"version-history":[{"count":6,"href":"https:\/\/blogit.gradia.fi\/tiimimestari\/wp-json\/wp\/v2\/pages\/920\/revisions"}],"predecessor-version":[{"id":1839,"href":"https:\/\/blogit.gradia.fi\/tiimimestari\/wp-json\/wp\/v2\/pages\/920\/revisions\/1839"}],"wp:attachment":[{"href":"https:\/\/blogit.gradia.fi\/tiimimestari\/wp-json\/wp\/v2\/media?parent=920"}],"curies":[{"name":"wp","href":"https:\/\/api.w.org\/{rel}","templated":true}]}}