{"id":44,"date":"2019-03-28T09:33:28","date_gmt":"2019-03-28T07:33:28","guid":{"rendered":"https:\/\/blogit.gradia.fi\/ohjaustehostin\/?page_id=44"},"modified":"2019-06-18T15:40:51","modified_gmt":"2019-06-18T12:40:51","slug":"jatkosuunnitelmat","status":"publish","type":"page","link":"https:\/\/blogit.gradia.fi\/tehoaohjaukseen\/jatkosuunnitelmat\/","title":{"rendered":"Ohjaa opintojen loppuvaiheessa"},"content":{"rendered":"\n<h3 class=\"wp-block-heading\">Jatko-opintoihin hakeutuminen<\/h3>\n\n\n\n<ul class=\"wp-block-list\"><li>Oletko suunnitellut hakeutuvasi jatko-opintoihin ja miksi?<\/li><li> Mihin aiot hakea? Esim. ammattitutkinto, erikoisammattitutkinto, korkeakouluopinnot (ammattikorkeakoulu, yliopisto), toinen ammatillinen perustutkinto \/ osaamisala \/ tutkinnon osa, muu lis\u00e4koulutus<\/li><li> Miss\u00e4 vaiheessa  haet jatko-opintoihin? <\/li><li> Mist\u00e4 etsit tietoa eri vaihtoehdoista?<\/li><\/ul>\n\n\n\n<figure class=\"wp-block-image is-resized\"><img loading=\"lazy\" decoding=\"async\" src=\"https:\/\/blogit.gradia.fi\/ohjaustehostin\/wp-content\/uploads\/sites\/43\/2019\/04\/mod-5.-CV.png\" alt=\"CV ansioluttelo\" class=\"wp-image-285\" width=\"544\" height=\"306\" \/><figcaption>CV (kuvittaja Hanne Sepp\u00e4l\u00e4)<\/figcaption><\/figure>\n\n\n\n<h3 class=\"wp-block-heading\"><strong>Ty\u00f6el\u00e4m\u00e4\u00e4n siirtyminen<\/strong><\/h3>\n\n\n\n<ul class=\"wp-block-list\"><li> Millaisissa ty\u00f6teht\u00e4viss\u00e4 haluat hankkia osaamista opintojesi aikana? <\/li><li> Mink\u00e4 osaamisalan olet valinnut ja miksi?  <\/li><li> Mit\u00e4 valinnaisia opintoja aiot opiskella? Miten n\u00e4m\u00e4 valinnat vaikuttavat ty\u00f6llistymiseesi? <\/li><li>Miten l\u00f6yd\u00e4t ty\u00f6ss\u00e4oppimispaikan, johon voisit ty\u00f6llisty\u00e4 valmistuttuasi?<\/li><li>Miten edist\u00e4t ty\u00f6paikan saamista opintojesi loppuvaiheessa?  <\/li><\/ul>\n\n\n\n<h3 class=\"wp-block-heading\"><strong>Ty\u00f6uralla eteneminen<\/strong><\/h3>\n\n\n\n<ul class=\"wp-block-list\"><li> Miten syvenn\u00e4t ja laajennat osaamistasi ty\u00f6el\u00e4m\u00e4ss\u00e4? <\/li><li> Miten aiot edet\u00e4 omalla urallasi? <\/li><li>Kiinnostaako sinua yritt\u00e4jyys? Mist\u00e4 etsit tietoa yritt\u00e4jyydest\u00e4?<\/li><\/ul>\n\n\n\n<figure class=\"wp-block-image is-resized\"><img loading=\"lazy\" decoding=\"async\" src=\"https:\/\/blogit.gradia.fi\/ohjaustehostin\/wp-content\/uploads\/sites\/43\/2019\/04\/mod-4.-vinkit-ty\u00f6nhakuun-somessa-v\u00e4rillinen-pohja.png\" alt=\"Vinkit ty\u00f6nhakuun somessa (kuvittaja Hanne Sepp\u00e4l\u00e4)\" class=\"wp-image-288\" width=\"534\" height=\"300\" \/><figcaption>Vinkit ty\u00f6nhakuun somessa (kuvittaja Hanne Sepp\u00e4l\u00e4)<\/figcaption><\/figure>\n\n\n\n<h3 class=\"wp-block-heading\"><strong>Opintojen jatkaminen<\/strong><\/h3>\n\n\n\n<ul class=\"wp-block-list\"><li>Opintojen keskeytyess\u00e4 tai opiskelijan uudelleen ohjauksessa (esim. tutkinto tai osaamisala vaihtuu) tehd\u00e4\u00e4n suunnitelma opintojen jatkamiseksi.<\/li><\/ul>\n\n\n\n<h3 class=\"wp-block-heading\">Wilman urasuunnitelma<br><\/h3>\n\n\n\n<p>Muista kirjata opiskelijan jatkosuunnitelmat Wilmaan yhdess\u00e4 opiskelijan kanssa!<\/p>\n","protected":false},"excerpt":{"rendered":"<p>Jatko-opintoihin hakeutuminen Oletko suunnitellut hakeutuvasi jatko-opintoihin ja miksi? Mihin aiot hakea? Esim. ammattitutkinto, erikoisammattitutkinto, korkeakouluopinnot (ammattikorkeakoulu, yliopisto), toinen ammatillinen perustutkinto \/ osaamisala \/ tutkinnon osa, muu lis\u00e4koulutus Miss\u00e4 vaiheessa haet jatko-opintoihin? Mist\u00e4 etsit tietoa eri vaihtoehdoista? Ty\u00f6el\u00e4m\u00e4\u00e4n siirtyminen Millaisissa ty\u00f6teht\u00e4viss\u00e4 haluat hankkia osaamista opintojesi aikana? Mink\u00e4 osaamisalan olet valinnut ja miksi? Mit\u00e4 valinnaisia opintoja aiot [&hellip;]<\/p>\n","protected":false},"author":406,"featured_media":0,"parent":0,"menu_order":7,"comment_status":"closed","ping_status":"closed","template":"","meta":{"_uag_custom_page_level_css":"","footnotes":""},"class_list":["post-44","page","type-page","status-publish","hentry"],"yoast_head":"<!-- This site is optimized with the Yoast SEO plugin v27.4 - https:\/\/yoast.com\/product\/yoast-seo-wordpress\/ -->\n<title>Ohjaa opintojen loppuvaiheessa - Tehoa ohjaukseen<\/title>\n<meta name=\"robots\" content=\"index, follow, max-snippet:-1, max-image-preview:large, max-video-preview:-1\" \/>\n<link rel=\"canonical\" href=\"https:\/\/blogit.gradia.fi\/tehoaohjaukseen\/jatkosuunnitelmat\/\" \/>\n<meta property=\"og:locale\" content=\"fi_FI\" \/>\n<meta property=\"og:type\" content=\"article\" \/>\n<meta property=\"og:title\" content=\"Ohjaa opintojen loppuvaiheessa - Tehoa ohjaukseen\" \/>\n<meta property=\"og:description\" content=\"Jatko-opintoihin hakeutuminen Oletko suunnitellut hakeutuvasi jatko-opintoihin ja miksi? Mihin aiot hakea? Esim. ammattitutkinto, erikoisammattitutkinto, korkeakouluopinnot (ammattikorkeakoulu, yliopisto), toinen ammatillinen perustutkinto \/ osaamisala \/ tutkinnon osa, muu lis\u00e4koulutus Miss\u00e4 vaiheessa haet jatko-opintoihin? Mist\u00e4 etsit tietoa eri vaihtoehdoista? Ty\u00f6el\u00e4m\u00e4\u00e4n siirtyminen Millaisissa ty\u00f6teht\u00e4viss\u00e4 haluat hankkia osaamista opintojesi aikana? Mink\u00e4 osaamisalan olet valinnut ja miksi? Mit\u00e4 valinnaisia opintoja aiot [&hellip;]\" \/>\n<meta property=\"og:url\" content=\"https:\/\/blogit.gradia.fi\/tehoaohjaukseen\/jatkosuunnitelmat\/\" \/>\n<meta property=\"og:site_name\" content=\"Tehoa ohjaukseen\" \/>\n<meta property=\"article:modified_time\" content=\"2019-06-18T12:40:51+00:00\" \/>\n<meta property=\"og:image\" content=\"https:\/\/blogit.gradia.fi\/ohjaustehostin\/wp-content\/uploads\/sites\/43\/2019\/04\/mod-5.-CV.png\" \/>\n<meta name=\"twitter:card\" content=\"summary_large_image\" \/>\n<meta name=\"twitter:label1\" content=\"Arvioitu lukuaika\" \/>\n\t<meta name=\"twitter:data1\" content=\"1 minuutti\" \/>\n<script type=\"application\/ld+json\" class=\"yoast-schema-graph\">{\"@context\":\"https:\\\/\\\/schema.org\",\"@graph\":[{\"@type\":\"WebPage\",\"@id\":\"https:\\\/\\\/blogit.gradia.fi\\\/tehoaohjaukseen\\\/jatkosuunnitelmat\\\/\",\"url\":\"https:\\\/\\\/blogit.gradia.fi\\\/tehoaohjaukseen\\\/jatkosuunnitelmat\\\/\",\"name\":\"Ohjaa opintojen loppuvaiheessa - Tehoa ohjaukseen\",\"isPartOf\":{\"@id\":\"https:\\\/\\\/blogit.gradia.fi\\\/tehoaohjaukseen\\\/#website\"},\"primaryImageOfPage\":{\"@id\":\"https:\\\/\\\/blogit.gradia.fi\\\/tehoaohjaukseen\\\/jatkosuunnitelmat\\\/#primaryimage\"},\"image\":{\"@id\":\"https:\\\/\\\/blogit.gradia.fi\\\/tehoaohjaukseen\\\/jatkosuunnitelmat\\\/#primaryimage\"},\"thumbnailUrl\":\"https:\\\/\\\/blogit.gradia.fi\\\/ohjaustehostin\\\/wp-content\\\/uploads\\\/sites\\\/43\\\/2019\\\/04\\\/mod-5.-CV.png\",\"datePublished\":\"2019-03-28T07:33:28+00:00\",\"dateModified\":\"2019-06-18T12:40:51+00:00\",\"breadcrumb\":{\"@id\":\"https:\\\/\\\/blogit.gradia.fi\\\/tehoaohjaukseen\\\/jatkosuunnitelmat\\\/#breadcrumb\"},\"inLanguage\":\"fi\",\"potentialAction\":[{\"@type\":\"ReadAction\",\"target\":[\"https:\\\/\\\/blogit.gradia.fi\\\/tehoaohjaukseen\\\/jatkosuunnitelmat\\\/\"]}]},{\"@type\":\"ImageObject\",\"inLanguage\":\"fi\",\"@id\":\"https:\\\/\\\/blogit.gradia.fi\\\/tehoaohjaukseen\\\/jatkosuunnitelmat\\\/#primaryimage\",\"url\":\"https:\\\/\\\/blogit.gradia.fi\\\/ohjaustehostin\\\/wp-content\\\/uploads\\\/sites\\\/43\\\/2019\\\/04\\\/mod-5.-CV.png\",\"contentUrl\":\"https:\\\/\\\/blogit.gradia.fi\\\/ohjaustehostin\\\/wp-content\\\/uploads\\\/sites\\\/43\\\/2019\\\/04\\\/mod-5.-CV.png\"},{\"@type\":\"BreadcrumbList\",\"@id\":\"https:\\\/\\\/blogit.gradia.fi\\\/tehoaohjaukseen\\\/jatkosuunnitelmat\\\/#breadcrumb\",\"itemListElement\":[{\"@type\":\"ListItem\",\"position\":1,\"name\":\"Home\",\"item\":\"https:\\\/\\\/blogit.gradia.fi\\\/tehoaohjaukseen\\\/\"},{\"@type\":\"ListItem\",\"position\":2,\"name\":\"Ohjaa opintojen loppuvaiheessa\"}]},{\"@type\":\"WebSite\",\"@id\":\"https:\\\/\\\/blogit.gradia.fi\\\/tehoaohjaukseen\\\/#website\",\"url\":\"https:\\\/\\\/blogit.gradia.fi\\\/tehoaohjaukseen\\\/\",\"name\":\"Tehoa ohjaukseen\",\"description\":\"ideoita ja vinkkej\u00e4 ohjaukseen\",\"potentialAction\":[{\"@type\":\"SearchAction\",\"target\":{\"@type\":\"EntryPoint\",\"urlTemplate\":\"https:\\\/\\\/blogit.gradia.fi\\\/tehoaohjaukseen\\\/?s={search_term_string}\"},\"query-input\":{\"@type\":\"PropertyValueSpecification\",\"valueRequired\":true,\"valueName\":\"search_term_string\"}}],\"inLanguage\":\"fi\"}]}<\/script>\n<!-- \/ Yoast SEO plugin. -->","yoast_head_json":{"title":"Ohjaa opintojen loppuvaiheessa - Tehoa ohjaukseen","robots":{"index":"index","follow":"follow","max-snippet":"max-snippet:-1","max-image-preview":"max-image-preview:large","max-video-preview":"max-video-preview:-1"},"canonical":"https:\/\/blogit.gradia.fi\/tehoaohjaukseen\/jatkosuunnitelmat\/","og_locale":"fi_FI","og_type":"article","og_title":"Ohjaa opintojen loppuvaiheessa - Tehoa ohjaukseen","og_description":"Jatko-opintoihin hakeutuminen Oletko suunnitellut hakeutuvasi jatko-opintoihin ja miksi? Mihin aiot hakea? Esim. ammattitutkinto, erikoisammattitutkinto, korkeakouluopinnot (ammattikorkeakoulu, yliopisto), toinen ammatillinen perustutkinto \/ osaamisala \/ tutkinnon osa, muu lis\u00e4koulutus Miss\u00e4 vaiheessa haet jatko-opintoihin? Mist\u00e4 etsit tietoa eri vaihtoehdoista? Ty\u00f6el\u00e4m\u00e4\u00e4n siirtyminen Millaisissa ty\u00f6teht\u00e4viss\u00e4 haluat hankkia osaamista opintojesi aikana? Mink\u00e4 osaamisalan olet valinnut ja miksi? Mit\u00e4 valinnaisia opintoja aiot [&hellip;]","og_url":"https:\/\/blogit.gradia.fi\/tehoaohjaukseen\/jatkosuunnitelmat\/","og_site_name":"Tehoa ohjaukseen","article_modified_time":"2019-06-18T12:40:51+00:00","og_image":[{"url":"https:\/\/blogit.gradia.fi\/ohjaustehostin\/wp-content\/uploads\/sites\/43\/2019\/04\/mod-5.-CV.png","type":"","width":"","height":""}],"twitter_card":"summary_large_image","twitter_misc":{"Arvioitu lukuaika":"1 minuutti"},"schema":{"@context":"https:\/\/schema.org","@graph":[{"@type":"WebPage","@id":"https:\/\/blogit.gradia.fi\/tehoaohjaukseen\/jatkosuunnitelmat\/","url":"https:\/\/blogit.gradia.fi\/tehoaohjaukseen\/jatkosuunnitelmat\/","name":"Ohjaa opintojen loppuvaiheessa - Tehoa ohjaukseen","isPartOf":{"@id":"https:\/\/blogit.gradia.fi\/tehoaohjaukseen\/#website"},"primaryImageOfPage":{"@id":"https:\/\/blogit.gradia.fi\/tehoaohjaukseen\/jatkosuunnitelmat\/#primaryimage"},"image":{"@id":"https:\/\/blogit.gradia.fi\/tehoaohjaukseen\/jatkosuunnitelmat\/#primaryimage"},"thumbnailUrl":"https:\/\/blogit.gradia.fi\/ohjaustehostin\/wp-content\/uploads\/sites\/43\/2019\/04\/mod-5.-CV.png","datePublished":"2019-03-28T07:33:28+00:00","dateModified":"2019-06-18T12:40:51+00:00","breadcrumb":{"@id":"https:\/\/blogit.gradia.fi\/tehoaohjaukseen\/jatkosuunnitelmat\/#breadcrumb"},"inLanguage":"fi","potentialAction":[{"@type":"ReadAction","target":["https:\/\/blogit.gradia.fi\/tehoaohjaukseen\/jatkosuunnitelmat\/"]}]},{"@type":"ImageObject","inLanguage":"fi","@id":"https:\/\/blogit.gradia.fi\/tehoaohjaukseen\/jatkosuunnitelmat\/#primaryimage","url":"https:\/\/blogit.gradia.fi\/ohjaustehostin\/wp-content\/uploads\/sites\/43\/2019\/04\/mod-5.-CV.png","contentUrl":"https:\/\/blogit.gradia.fi\/ohjaustehostin\/wp-content\/uploads\/sites\/43\/2019\/04\/mod-5.-CV.png"},{"@type":"BreadcrumbList","@id":"https:\/\/blogit.gradia.fi\/tehoaohjaukseen\/jatkosuunnitelmat\/#breadcrumb","itemListElement":[{"@type":"ListItem","position":1,"name":"Home","item":"https:\/\/blogit.gradia.fi\/tehoaohjaukseen\/"},{"@type":"ListItem","position":2,"name":"Ohjaa opintojen loppuvaiheessa"}]},{"@type":"WebSite","@id":"https:\/\/blogit.gradia.fi\/tehoaohjaukseen\/#website","url":"https:\/\/blogit.gradia.fi\/tehoaohjaukseen\/","name":"Tehoa ohjaukseen","description":"ideoita ja vinkkej\u00e4 ohjaukseen","potentialAction":[{"@type":"SearchAction","target":{"@type":"EntryPoint","urlTemplate":"https:\/\/blogit.gradia.fi\/tehoaohjaukseen\/?s={search_term_string}"},"query-input":{"@type":"PropertyValueSpecification","valueRequired":true,"valueName":"search_term_string"}}],"inLanguage":"fi"}]}},"uagb_featured_image_src":{"full":false,"thumbnail":false,"medium":false,"medium_large":false,"large":false,"1536x1536":false,"2048x2048":false,"post-thumbnail":false},"uagb_author_info":{"display_name":"Anitta Peltola","author_link":"https:\/\/blogit.gradia.fi\/tehoaohjaukseen\/author\/peltoani\/"},"uagb_comment_info":0,"uagb_excerpt":"Jatko-opintoihin hakeutuminen Oletko suunnitellut hakeutuvasi jatko-opintoihin ja miksi? Mihin aiot hakea? Esim. ammattitutkinto, erikoisammattitutkinto, korkeakouluopinnot (ammattikorkeakoulu, yliopisto), toinen ammatillinen perustutkinto \/ osaamisala \/ tutkinnon osa, muu lis\u00e4koulutus Miss\u00e4 vaiheessa haet jatko-opintoihin? Mist\u00e4 etsit tietoa eri vaihtoehdoista? Ty\u00f6el\u00e4m\u00e4\u00e4n siirtyminen Millaisissa ty\u00f6teht\u00e4viss\u00e4 haluat hankkia osaamista opintojesi aikana? Mink\u00e4 osaamisalan olet valinnut ja miksi? Mit\u00e4 valinnaisia opintoja aiot&hellip;","_links":{"self":[{"href":"https:\/\/blogit.gradia.fi\/tehoaohjaukseen\/wp-json\/wp\/v2\/pages\/44","targetHints":{"allow":["GET"]}}],"collection":[{"href":"https:\/\/blogit.gradia.fi\/tehoaohjaukseen\/wp-json\/wp\/v2\/pages"}],"about":[{"href":"https:\/\/blogit.gradia.fi\/tehoaohjaukseen\/wp-json\/wp\/v2\/types\/page"}],"author":[{"embeddable":true,"href":"https:\/\/blogit.gradia.fi\/tehoaohjaukseen\/wp-json\/wp\/v2\/users\/406"}],"replies":[{"embeddable":true,"href":"https:\/\/blogit.gradia.fi\/tehoaohjaukseen\/wp-json\/wp\/v2\/comments?post=44"}],"version-history":[{"count":20,"href":"https:\/\/blogit.gradia.fi\/tehoaohjaukseen\/wp-json\/wp\/v2\/pages\/44\/revisions"}],"predecessor-version":[{"id":436,"href":"https:\/\/blogit.gradia.fi\/tehoaohjaukseen\/wp-json\/wp\/v2\/pages\/44\/revisions\/436"}],"wp:attachment":[{"href":"https:\/\/blogit.gradia.fi\/tehoaohjaukseen\/wp-json\/wp\/v2\/media?parent=44"}],"curies":[{"name":"wp","href":"https:\/\/api.w.org\/{rel}","templated":true}]}}