{"id":27,"date":"2019-03-28T09:00:23","date_gmt":"2019-03-28T07:00:23","guid":{"rendered":"https:\/\/blogit.gradia.fi\/ohjaustehostin\/?page_id=27"},"modified":"2021-01-11T11:01:29","modified_gmt":"2021-01-11T09:01:29","slug":"tausta-ja-tavoite","status":"publish","type":"page","link":"https:\/\/blogit.gradia.fi\/tehoaohjaukseen\/tausta-ja-tavoite\/","title":{"rendered":"Uraohjauksen tavoite"},"content":{"rendered":"\n<p><strong>OHJAUSTEHOSTIN <\/strong>on tarkoitettu k\u00e4ytett\u00e4v\u00e4ksi kaikissa opiskelijan ohjauksen vaiheissa \u2013 aina HOKSin  laadinnasta ohjattavan opiskelijan valmistumiseen saakka. <\/p>\n\n\n\n<p>T\u00e4rkeint\u00e4 opiskelijan ohjauksessa on kysy\u00e4 oikeita kysymyksi\u00e4 ja kuunnella tarkasti opiskelijan vastauksia. Emme voi antaa kenellek\u00e4\u00e4n  valmiita ratkaisuja tai malleja, mutta voimme auttaa niiden  l\u00f6yt\u00e4misess\u00e4. Uraohjaus ei ole t\u00e4htitiedett\u00e4, vaan hyv\u00e4\u00e4 vuorovaikutusta ohjattavan ja ohjaajan v\u00e4lill\u00e4. Siihen me ohjaavina henkil\u00f6in\u00e4 voimme ammentaa hyvi\u00e4 esimerkkej\u00e4 oman uramme varrelta. <\/p>\n\n\n\n<p>Sujuvat ty\u00f6nhakumarkkinat -hankkeen toimijat toivottavat kaikille opettajille ja opiskelijoita ohjaaville henkil\u00f6ille intoa uraohjaukseen. Toivomme Ohjaustehostimen tulevan ahkeraan k\u00e4ytt\u00f6\u00f6n!<\/p>\n\n\n\n<div class=\"wp-block-image\"><figure class=\"alignleft is-resized\"><img loading=\"lazy\" decoding=\"async\" src=\"https:\/\/blogit.gradia.fi\/ohjaustehostin\/wp-content\/uploads\/sites\/43\/2019\/04\/elamanpolku.png\" alt=\"Ihmisen elamanpolku\" class=\"wp-image-153\" width=\"536\" height=\"301\" \/><figcaption>El\u00e4m\u00e4npolku (kuvittaja Hanne Sepp\u00e4l\u00e4)<\/figcaption><\/figure><\/div>\n","protected":false},"excerpt":{"rendered":"<p>OHJAUSTEHOSTIN on tarkoitettu k\u00e4ytett\u00e4v\u00e4ksi kaikissa opiskelijan ohjauksen vaiheissa \u2013 aina HOKSin laadinnasta ohjattavan opiskelijan valmistumiseen saakka. T\u00e4rkeint\u00e4 opiskelijan ohjauksessa on kysy\u00e4 oikeita kysymyksi\u00e4 ja kuunnella tarkasti opiskelijan vastauksia. Emme voi antaa kenellek\u00e4\u00e4n valmiita ratkaisuja tai malleja, mutta voimme auttaa niiden l\u00f6yt\u00e4misess\u00e4. Uraohjaus ei ole t\u00e4htitiedett\u00e4, vaan hyv\u00e4\u00e4 vuorovaikutusta ohjattavan ja ohjaajan v\u00e4lill\u00e4. Siihen me ohjaavina [&hellip;]<\/p>\n","protected":false},"author":406,"featured_media":0,"parent":0,"menu_order":1,"comment_status":"closed","ping_status":"closed","template":"","meta":{"_uag_custom_page_level_css":"","footnotes":""},"class_list":["post-27","page","type-page","status-publish","hentry"],"yoast_head":"<!-- This site is optimized with the Yoast SEO plugin v27.4 - https:\/\/yoast.com\/product\/yoast-seo-wordpress\/ -->\n<title>Uraohjauksen tavoite - Tehoa ohjaukseen<\/title>\n<meta name=\"robots\" content=\"index, follow, max-snippet:-1, max-image-preview:large, max-video-preview:-1\" \/>\n<link rel=\"canonical\" href=\"https:\/\/blogit.gradia.fi\/tehoaohjaukseen\/tausta-ja-tavoite\/\" \/>\n<meta property=\"og:locale\" content=\"fi_FI\" \/>\n<meta property=\"og:type\" content=\"article\" \/>\n<meta property=\"og:title\" content=\"Uraohjauksen tavoite - Tehoa ohjaukseen\" \/>\n<meta property=\"og:description\" content=\"OHJAUSTEHOSTIN on tarkoitettu k\u00e4ytett\u00e4v\u00e4ksi kaikissa opiskelijan ohjauksen vaiheissa \u2013 aina HOKSin laadinnasta ohjattavan opiskelijan valmistumiseen saakka. T\u00e4rkeint\u00e4 opiskelijan ohjauksessa on kysy\u00e4 oikeita kysymyksi\u00e4 ja kuunnella tarkasti opiskelijan vastauksia. Emme voi antaa kenellek\u00e4\u00e4n valmiita ratkaisuja tai malleja, mutta voimme auttaa niiden l\u00f6yt\u00e4misess\u00e4. Uraohjaus ei ole t\u00e4htitiedett\u00e4, vaan hyv\u00e4\u00e4 vuorovaikutusta ohjattavan ja ohjaajan v\u00e4lill\u00e4. Siihen me ohjaavina [&hellip;]\" \/>\n<meta property=\"og:url\" content=\"https:\/\/blogit.gradia.fi\/tehoaohjaukseen\/tausta-ja-tavoite\/\" \/>\n<meta property=\"og:site_name\" content=\"Tehoa ohjaukseen\" \/>\n<meta property=\"article:modified_time\" content=\"2021-01-11T09:01:29+00:00\" \/>\n<meta property=\"og:image\" content=\"https:\/\/blogit.gradia.fi\/ohjaustehostin\/wp-content\/uploads\/sites\/43\/2019\/04\/elamanpolku.png\" \/>\n<meta name=\"twitter:card\" content=\"summary_large_image\" \/>\n<meta name=\"twitter:label1\" content=\"Arvioitu lukuaika\" \/>\n\t<meta name=\"twitter:data1\" content=\"1 minuutti\" \/>\n<script type=\"application\/ld+json\" class=\"yoast-schema-graph\">{\"@context\":\"https:\\\/\\\/schema.org\",\"@graph\":[{\"@type\":\"WebPage\",\"@id\":\"https:\\\/\\\/blogit.gradia.fi\\\/tehoaohjaukseen\\\/tausta-ja-tavoite\\\/\",\"url\":\"https:\\\/\\\/blogit.gradia.fi\\\/tehoaohjaukseen\\\/tausta-ja-tavoite\\\/\",\"name\":\"Uraohjauksen tavoite - Tehoa ohjaukseen\",\"isPartOf\":{\"@id\":\"https:\\\/\\\/blogit.gradia.fi\\\/tehoaohjaukseen\\\/#website\"},\"primaryImageOfPage\":{\"@id\":\"https:\\\/\\\/blogit.gradia.fi\\\/tehoaohjaukseen\\\/tausta-ja-tavoite\\\/#primaryimage\"},\"image\":{\"@id\":\"https:\\\/\\\/blogit.gradia.fi\\\/tehoaohjaukseen\\\/tausta-ja-tavoite\\\/#primaryimage\"},\"thumbnailUrl\":\"https:\\\/\\\/blogit.gradia.fi\\\/ohjaustehostin\\\/wp-content\\\/uploads\\\/sites\\\/43\\\/2019\\\/04\\\/elamanpolku.png\",\"datePublished\":\"2019-03-28T07:00:23+00:00\",\"dateModified\":\"2021-01-11T09:01:29+00:00\",\"breadcrumb\":{\"@id\":\"https:\\\/\\\/blogit.gradia.fi\\\/tehoaohjaukseen\\\/tausta-ja-tavoite\\\/#breadcrumb\"},\"inLanguage\":\"fi\",\"potentialAction\":[{\"@type\":\"ReadAction\",\"target\":[\"https:\\\/\\\/blogit.gradia.fi\\\/tehoaohjaukseen\\\/tausta-ja-tavoite\\\/\"]}]},{\"@type\":\"ImageObject\",\"inLanguage\":\"fi\",\"@id\":\"https:\\\/\\\/blogit.gradia.fi\\\/tehoaohjaukseen\\\/tausta-ja-tavoite\\\/#primaryimage\",\"url\":\"https:\\\/\\\/blogit.gradia.fi\\\/ohjaustehostin\\\/wp-content\\\/uploads\\\/sites\\\/43\\\/2019\\\/04\\\/elamanpolku.png\",\"contentUrl\":\"https:\\\/\\\/blogit.gradia.fi\\\/ohjaustehostin\\\/wp-content\\\/uploads\\\/sites\\\/43\\\/2019\\\/04\\\/elamanpolku.png\"},{\"@type\":\"BreadcrumbList\",\"@id\":\"https:\\\/\\\/blogit.gradia.fi\\\/tehoaohjaukseen\\\/tausta-ja-tavoite\\\/#breadcrumb\",\"itemListElement\":[{\"@type\":\"ListItem\",\"position\":1,\"name\":\"Home\",\"item\":\"https:\\\/\\\/blogit.gradia.fi\\\/tehoaohjaukseen\\\/\"},{\"@type\":\"ListItem\",\"position\":2,\"name\":\"Uraohjauksen tavoite\"}]},{\"@type\":\"WebSite\",\"@id\":\"https:\\\/\\\/blogit.gradia.fi\\\/tehoaohjaukseen\\\/#website\",\"url\":\"https:\\\/\\\/blogit.gradia.fi\\\/tehoaohjaukseen\\\/\",\"name\":\"Tehoa ohjaukseen\",\"description\":\"ideoita ja vinkkej\u00e4 ohjaukseen\",\"potentialAction\":[{\"@type\":\"SearchAction\",\"target\":{\"@type\":\"EntryPoint\",\"urlTemplate\":\"https:\\\/\\\/blogit.gradia.fi\\\/tehoaohjaukseen\\\/?s={search_term_string}\"},\"query-input\":{\"@type\":\"PropertyValueSpecification\",\"valueRequired\":true,\"valueName\":\"search_term_string\"}}],\"inLanguage\":\"fi\"}]}<\/script>\n<!-- \/ Yoast SEO plugin. -->","yoast_head_json":{"title":"Uraohjauksen tavoite - Tehoa ohjaukseen","robots":{"index":"index","follow":"follow","max-snippet":"max-snippet:-1","max-image-preview":"max-image-preview:large","max-video-preview":"max-video-preview:-1"},"canonical":"https:\/\/blogit.gradia.fi\/tehoaohjaukseen\/tausta-ja-tavoite\/","og_locale":"fi_FI","og_type":"article","og_title":"Uraohjauksen tavoite - Tehoa ohjaukseen","og_description":"OHJAUSTEHOSTIN on tarkoitettu k\u00e4ytett\u00e4v\u00e4ksi kaikissa opiskelijan ohjauksen vaiheissa \u2013 aina HOKSin laadinnasta ohjattavan opiskelijan valmistumiseen saakka. T\u00e4rkeint\u00e4 opiskelijan ohjauksessa on kysy\u00e4 oikeita kysymyksi\u00e4 ja kuunnella tarkasti opiskelijan vastauksia. Emme voi antaa kenellek\u00e4\u00e4n valmiita ratkaisuja tai malleja, mutta voimme auttaa niiden l\u00f6yt\u00e4misess\u00e4. Uraohjaus ei ole t\u00e4htitiedett\u00e4, vaan hyv\u00e4\u00e4 vuorovaikutusta ohjattavan ja ohjaajan v\u00e4lill\u00e4. Siihen me ohjaavina [&hellip;]","og_url":"https:\/\/blogit.gradia.fi\/tehoaohjaukseen\/tausta-ja-tavoite\/","og_site_name":"Tehoa ohjaukseen","article_modified_time":"2021-01-11T09:01:29+00:00","og_image":[{"url":"https:\/\/blogit.gradia.fi\/ohjaustehostin\/wp-content\/uploads\/sites\/43\/2019\/04\/elamanpolku.png","type":"","width":"","height":""}],"twitter_card":"summary_large_image","twitter_misc":{"Arvioitu lukuaika":"1 minuutti"},"schema":{"@context":"https:\/\/schema.org","@graph":[{"@type":"WebPage","@id":"https:\/\/blogit.gradia.fi\/tehoaohjaukseen\/tausta-ja-tavoite\/","url":"https:\/\/blogit.gradia.fi\/tehoaohjaukseen\/tausta-ja-tavoite\/","name":"Uraohjauksen tavoite - Tehoa ohjaukseen","isPartOf":{"@id":"https:\/\/blogit.gradia.fi\/tehoaohjaukseen\/#website"},"primaryImageOfPage":{"@id":"https:\/\/blogit.gradia.fi\/tehoaohjaukseen\/tausta-ja-tavoite\/#primaryimage"},"image":{"@id":"https:\/\/blogit.gradia.fi\/tehoaohjaukseen\/tausta-ja-tavoite\/#primaryimage"},"thumbnailUrl":"https:\/\/blogit.gradia.fi\/ohjaustehostin\/wp-content\/uploads\/sites\/43\/2019\/04\/elamanpolku.png","datePublished":"2019-03-28T07:00:23+00:00","dateModified":"2021-01-11T09:01:29+00:00","breadcrumb":{"@id":"https:\/\/blogit.gradia.fi\/tehoaohjaukseen\/tausta-ja-tavoite\/#breadcrumb"},"inLanguage":"fi","potentialAction":[{"@type":"ReadAction","target":["https:\/\/blogit.gradia.fi\/tehoaohjaukseen\/tausta-ja-tavoite\/"]}]},{"@type":"ImageObject","inLanguage":"fi","@id":"https:\/\/blogit.gradia.fi\/tehoaohjaukseen\/tausta-ja-tavoite\/#primaryimage","url":"https:\/\/blogit.gradia.fi\/ohjaustehostin\/wp-content\/uploads\/sites\/43\/2019\/04\/elamanpolku.png","contentUrl":"https:\/\/blogit.gradia.fi\/ohjaustehostin\/wp-content\/uploads\/sites\/43\/2019\/04\/elamanpolku.png"},{"@type":"BreadcrumbList","@id":"https:\/\/blogit.gradia.fi\/tehoaohjaukseen\/tausta-ja-tavoite\/#breadcrumb","itemListElement":[{"@type":"ListItem","position":1,"name":"Home","item":"https:\/\/blogit.gradia.fi\/tehoaohjaukseen\/"},{"@type":"ListItem","position":2,"name":"Uraohjauksen tavoite"}]},{"@type":"WebSite","@id":"https:\/\/blogit.gradia.fi\/tehoaohjaukseen\/#website","url":"https:\/\/blogit.gradia.fi\/tehoaohjaukseen\/","name":"Tehoa ohjaukseen","description":"ideoita ja vinkkej\u00e4 ohjaukseen","potentialAction":[{"@type":"SearchAction","target":{"@type":"EntryPoint","urlTemplate":"https:\/\/blogit.gradia.fi\/tehoaohjaukseen\/?s={search_term_string}"},"query-input":{"@type":"PropertyValueSpecification","valueRequired":true,"valueName":"search_term_string"}}],"inLanguage":"fi"}]}},"uagb_featured_image_src":{"full":false,"thumbnail":false,"medium":false,"medium_large":false,"large":false,"1536x1536":false,"2048x2048":false,"post-thumbnail":false},"uagb_author_info":{"display_name":"Anitta Peltola","author_link":"https:\/\/blogit.gradia.fi\/tehoaohjaukseen\/author\/peltoani\/"},"uagb_comment_info":0,"uagb_excerpt":"OHJAUSTEHOSTIN on tarkoitettu k\u00e4ytett\u00e4v\u00e4ksi kaikissa opiskelijan ohjauksen vaiheissa \u2013 aina HOKSin laadinnasta ohjattavan opiskelijan valmistumiseen saakka. T\u00e4rkeint\u00e4 opiskelijan ohjauksessa on kysy\u00e4 oikeita kysymyksi\u00e4 ja kuunnella tarkasti opiskelijan vastauksia. Emme voi antaa kenellek\u00e4\u00e4n valmiita ratkaisuja tai malleja, mutta voimme auttaa niiden l\u00f6yt\u00e4misess\u00e4. Uraohjaus ei ole t\u00e4htitiedett\u00e4, vaan hyv\u00e4\u00e4 vuorovaikutusta ohjattavan ja ohjaajan v\u00e4lill\u00e4. Siihen me ohjaavina&hellip;","_links":{"self":[{"href":"https:\/\/blogit.gradia.fi\/tehoaohjaukseen\/wp-json\/wp\/v2\/pages\/27","targetHints":{"allow":["GET"]}}],"collection":[{"href":"https:\/\/blogit.gradia.fi\/tehoaohjaukseen\/wp-json\/wp\/v2\/pages"}],"about":[{"href":"https:\/\/blogit.gradia.fi\/tehoaohjaukseen\/wp-json\/wp\/v2\/types\/page"}],"author":[{"embeddable":true,"href":"https:\/\/blogit.gradia.fi\/tehoaohjaukseen\/wp-json\/wp\/v2\/users\/406"}],"replies":[{"embeddable":true,"href":"https:\/\/blogit.gradia.fi\/tehoaohjaukseen\/wp-json\/wp\/v2\/comments?post=27"}],"version-history":[{"count":24,"href":"https:\/\/blogit.gradia.fi\/tehoaohjaukseen\/wp-json\/wp\/v2\/pages\/27\/revisions"}],"predecessor-version":[{"id":476,"href":"https:\/\/blogit.gradia.fi\/tehoaohjaukseen\/wp-json\/wp\/v2\/pages\/27\/revisions\/476"}],"wp:attachment":[{"href":"https:\/\/blogit.gradia.fi\/tehoaohjaukseen\/wp-json\/wp\/v2\/media?parent=27"}],"curies":[{"name":"wp","href":"https:\/\/api.w.org\/{rel}","templated":true}]}}