{"id":250,"date":"2019-04-24T09:56:11","date_gmt":"2019-04-24T06:56:11","guid":{"rendered":"https:\/\/blogit.gradia.fi\/ohjaustehostin\/?page_id=250"},"modified":"2019-08-08T16:03:05","modified_gmt":"2019-08-08T13:03:05","slug":"uraohjauksen-kasitteet","status":"publish","type":"page","link":"https:\/\/blogit.gradia.fi\/tehoaohjaukseen\/uraohjauksen-kasitteet\/","title":{"rendered":"L\u00e4hteet ja linkit"},"content":{"rendered":"\n<ul class=\"wp-block-list\"><li><a href=\"https:\/\/eperusteet.opintopolku.fi\/#\/fi\/esitys\/4221360\/reformi\/tutkinnonosat\/4221733\">ePerusteet<\/a><\/li><li><a href=\"https:\/\/ohjaan.fi\/\">Ohjaan.fi<\/a><\/li><li><a href=\"https:\/\/osaan.fi\/#\/\">Osaan.fi<\/a><\/li><li><a href=\"https:\/\/peda.net\/jao-ammatillinen\/hankkeet\/sujuvat\/osaajiatyoelamaan\">Osaajia ty\u00f6el\u00e4m\u00e4\u00e4n -verkko-oppimisymp\u00e4rist\u00f6<\/a><\/li><li><a href=\"https:\/\/intra.jao.fi\/Kehittaminen\/Laatu\/Prosessikuvaukset\/Ammatillinen-koulutus-2018\/A31\">Gradia laatuk\u00e4sikirja<\/a> (vaatii kirjautumisen)<\/li><li><a href=\"https:\/\/www.namaste.fi\/fi\/enneagrammi\/tunnista-itsesi-persoonallisuustesti\">Persoonallisuustesti<\/a><\/li><li><a href=\"http:\/\/www.koulutustakuu.fi\/tuotetori\/wp-content\/uploads\/sites\/3\/2016\/03\/TyoelamanPelikasi.pdf\">Ty\u00f6nhaun oppikirja<\/a><\/li><li>Ammatillinen opettajan urasuunnittelun ohjaajana -valmennus 2017,  JAMK\/AOKK<\/li><li>Ammatillinen opettaja urasuunnittelun ohjaajana -ty\u00f6paja 2018,  JAMK\/AOKK<\/li><li><a href=\"https:\/\/www.theseus.fi\/bitstream\/handle\/10024\/138726\/harkonen_birgit.pdf..pdf?sequence=1\">Opinn\u00e4ytety\u00f6, Birgit H\u00e4rk\u00f6nen: <\/a><em><a href=\"https:\/\/www.theseus.fi\/bitstream\/handle\/10024\/138726\/harkonen_birgit.pdf..pdf?sequence=1\">Hankkeen vaikuttavuuden arviointi, Case: Sujuvat ty\u00f6nhakumarkkinat -hanke<\/a><\/em><a href=\"https:\/\/www.theseus.fi\/bitstream\/handle\/10024\/138726\/harkonen_birgit.pdf..pdf?sequence=1\">, JAMK<\/a><\/li><\/ul>\n\n\n\n<h3 class=\"wp-block-heading\">Hyvi\u00e4 materiaaleja<\/h3>\n\n\n\n<ul class=\"wp-block-list\"><li><a rel=\"noreferrer noopener\" href=\"https:\/\/blogit.gradia.fi\/parasta_osaamista\/wp-content\/uploads\/sites\/20\/2019\/01\/1315_arviointiopas_opettajalle.pdf\" target=\"_blank\">Osaamisen arviointiopas opettajalle<\/a><\/li><li><a href=\"https:\/\/blogit.gradia.fi\/parasta_osaamista\/wp-content\/uploads\/sites\/20\/2018\/11\/Arviointiopas_opettajalle_mukauttaminen.pdf\">Osaamisen arviointiopas opettajalle<\/a> (mukauttaminen)<\/li><li><a href=\"https:\/\/blogit.gradia.fi\/parasta_osaamista\/wp-content\/uploads\/sites\/20\/2018\/11\/1315_arviointiopas_opiskelijalle.pdf\">Osaamisen arviointiopas opiskelijalle<\/a><\/li><li><a href=\"https:\/\/blogit.gradia.fi\/parasta_osaamista\/wp-content\/uploads\/sites\/20\/2018\/11\/1315_arviointiopas_tyopaikoille.pdf\">Osaamisen arviointiopas ty\u00f6paikoille<\/a><\/li><li><a href=\"https:\/\/blogit.gradia.fi\/parasta_osaamista\/osaamisen-hankkiminen-tyoelamassa\/\">Ty\u00f6el\u00e4m\u00e4l\u00e4ht\u00f6isen osaamisen hankkiminen<\/a><\/li><li><a href=\"https:\/\/blogit.gradia.fi\/parasta_osaamista\/tyoelamassa-oppimisen-muistilistat\/\">Ty\u00f6el\u00e4m\u00e4ss\u00e4 oppimisen muistilistat<\/a><\/li><li><a href=\"https:\/\/minedu.fi\/documents\/1410845\/4297550\/OKM+henkilokohtaistaminen+151217.pdf\/67d8bf42-24ad-4b9e-9a83-910b32e7f01a\">Henkil\u00f6kohtaistaminen<\/a>, Opetus- ja kulttuuriministeri\u00f6<\/li><li><a rel=\"noreferrer noopener\" href=\"https:\/\/www.finlex.fi\/fi\/laki\/alkup\/2017\/20170531\" target=\"_blank\">Laki ammatillisesta koulutuksesta 531\/2017<\/a><\/li><li><a rel=\"noreferrer noopener\" href=\"https:\/\/www.finlex.fi\/fi\/laki\/alkup\/2017\/20170673\" target=\"_blank\">Valtioneuvoston asetus ammatillisesta koulutuksesta\u00a0673\/2017<\/a><\/li><\/ul>\n","protected":false},"excerpt":{"rendered":"<p>ePerusteet Ohjaan.fi Osaan.fi Osaajia ty\u00f6el\u00e4m\u00e4\u00e4n -verkko-oppimisymp\u00e4rist\u00f6 Gradia laatuk\u00e4sikirja (vaatii kirjautumisen) Persoonallisuustesti Ty\u00f6nhaun oppikirja Ammatillinen opettajan urasuunnittelun ohjaajana -valmennus 2017, JAMK\/AOKK Ammatillinen opettaja urasuunnittelun ohjaajana -ty\u00f6paja 2018, JAMK\/AOKK Opinn\u00e4ytety\u00f6, Birgit H\u00e4rk\u00f6nen: Hankkeen vaikuttavuuden arviointi, Case: Sujuvat ty\u00f6nhakumarkkinat -hanke, JAMK Hyvi\u00e4 materiaaleja Osaamisen arviointiopas opettajalle Osaamisen arviointiopas opettajalle (mukauttaminen) Osaamisen arviointiopas opiskelijalle Osaamisen arviointiopas ty\u00f6paikoille Ty\u00f6el\u00e4m\u00e4l\u00e4ht\u00f6isen osaamisen [&hellip;]<\/p>\n","protected":false},"author":406,"featured_media":0,"parent":0,"menu_order":8,"comment_status":"closed","ping_status":"closed","template":"","meta":{"_uag_custom_page_level_css":"","footnotes":""},"class_list":["post-250","page","type-page","status-publish","hentry"],"yoast_head":"<!-- This site is optimized with the Yoast SEO plugin v27.4 - https:\/\/yoast.com\/product\/yoast-seo-wordpress\/ -->\n<title>L\u00e4hteet ja linkit - Tehoa ohjaukseen<\/title>\n<meta name=\"robots\" content=\"index, follow, max-snippet:-1, max-image-preview:large, max-video-preview:-1\" \/>\n<link rel=\"canonical\" href=\"https:\/\/blogit.gradia.fi\/tehoaohjaukseen\/uraohjauksen-kasitteet\/\" \/>\n<meta property=\"og:locale\" content=\"fi_FI\" \/>\n<meta property=\"og:type\" content=\"article\" \/>\n<meta property=\"og:title\" content=\"L\u00e4hteet ja linkit - Tehoa ohjaukseen\" \/>\n<meta property=\"og:description\" content=\"ePerusteet Ohjaan.fi Osaan.fi Osaajia ty\u00f6el\u00e4m\u00e4\u00e4n -verkko-oppimisymp\u00e4rist\u00f6 Gradia laatuk\u00e4sikirja (vaatii kirjautumisen) Persoonallisuustesti Ty\u00f6nhaun oppikirja Ammatillinen opettajan urasuunnittelun ohjaajana -valmennus 2017, JAMK\/AOKK Ammatillinen opettaja urasuunnittelun ohjaajana -ty\u00f6paja 2018, JAMK\/AOKK Opinn\u00e4ytety\u00f6, Birgit H\u00e4rk\u00f6nen: Hankkeen vaikuttavuuden arviointi, Case: Sujuvat ty\u00f6nhakumarkkinat -hanke, JAMK Hyvi\u00e4 materiaaleja Osaamisen arviointiopas opettajalle Osaamisen arviointiopas opettajalle (mukauttaminen) Osaamisen arviointiopas opiskelijalle Osaamisen arviointiopas ty\u00f6paikoille Ty\u00f6el\u00e4m\u00e4l\u00e4ht\u00f6isen osaamisen [&hellip;]\" \/>\n<meta property=\"og:url\" content=\"https:\/\/blogit.gradia.fi\/tehoaohjaukseen\/uraohjauksen-kasitteet\/\" \/>\n<meta property=\"og:site_name\" content=\"Tehoa ohjaukseen\" \/>\n<meta property=\"article:modified_time\" content=\"2019-08-08T13:03:05+00:00\" \/>\n<meta name=\"twitter:card\" content=\"summary_large_image\" \/>\n<script type=\"application\/ld+json\" class=\"yoast-schema-graph\">{\"@context\":\"https:\\\/\\\/schema.org\",\"@graph\":[{\"@type\":\"WebPage\",\"@id\":\"https:\\\/\\\/blogit.gradia.fi\\\/tehoaohjaukseen\\\/uraohjauksen-kasitteet\\\/\",\"url\":\"https:\\\/\\\/blogit.gradia.fi\\\/tehoaohjaukseen\\\/uraohjauksen-kasitteet\\\/\",\"name\":\"L\u00e4hteet ja linkit - Tehoa ohjaukseen\",\"isPartOf\":{\"@id\":\"https:\\\/\\\/blogit.gradia.fi\\\/tehoaohjaukseen\\\/#website\"},\"datePublished\":\"2019-04-24T06:56:11+00:00\",\"dateModified\":\"2019-08-08T13:03:05+00:00\",\"breadcrumb\":{\"@id\":\"https:\\\/\\\/blogit.gradia.fi\\\/tehoaohjaukseen\\\/uraohjauksen-kasitteet\\\/#breadcrumb\"},\"inLanguage\":\"fi\",\"potentialAction\":[{\"@type\":\"ReadAction\",\"target\":[\"https:\\\/\\\/blogit.gradia.fi\\\/tehoaohjaukseen\\\/uraohjauksen-kasitteet\\\/\"]}]},{\"@type\":\"BreadcrumbList\",\"@id\":\"https:\\\/\\\/blogit.gradia.fi\\\/tehoaohjaukseen\\\/uraohjauksen-kasitteet\\\/#breadcrumb\",\"itemListElement\":[{\"@type\":\"ListItem\",\"position\":1,\"name\":\"Home\",\"item\":\"https:\\\/\\\/blogit.gradia.fi\\\/tehoaohjaukseen\\\/\"},{\"@type\":\"ListItem\",\"position\":2,\"name\":\"L\u00e4hteet ja linkit\"}]},{\"@type\":\"WebSite\",\"@id\":\"https:\\\/\\\/blogit.gradia.fi\\\/tehoaohjaukseen\\\/#website\",\"url\":\"https:\\\/\\\/blogit.gradia.fi\\\/tehoaohjaukseen\\\/\",\"name\":\"Tehoa ohjaukseen\",\"description\":\"ideoita ja vinkkej\u00e4 ohjaukseen\",\"potentialAction\":[{\"@type\":\"SearchAction\",\"target\":{\"@type\":\"EntryPoint\",\"urlTemplate\":\"https:\\\/\\\/blogit.gradia.fi\\\/tehoaohjaukseen\\\/?s={search_term_string}\"},\"query-input\":{\"@type\":\"PropertyValueSpecification\",\"valueRequired\":true,\"valueName\":\"search_term_string\"}}],\"inLanguage\":\"fi\"}]}<\/script>\n<!-- \/ Yoast SEO plugin. -->","yoast_head_json":{"title":"L\u00e4hteet ja linkit - Tehoa ohjaukseen","robots":{"index":"index","follow":"follow","max-snippet":"max-snippet:-1","max-image-preview":"max-image-preview:large","max-video-preview":"max-video-preview:-1"},"canonical":"https:\/\/blogit.gradia.fi\/tehoaohjaukseen\/uraohjauksen-kasitteet\/","og_locale":"fi_FI","og_type":"article","og_title":"L\u00e4hteet ja linkit - Tehoa ohjaukseen","og_description":"ePerusteet Ohjaan.fi Osaan.fi Osaajia ty\u00f6el\u00e4m\u00e4\u00e4n -verkko-oppimisymp\u00e4rist\u00f6 Gradia laatuk\u00e4sikirja (vaatii kirjautumisen) Persoonallisuustesti Ty\u00f6nhaun oppikirja Ammatillinen opettajan urasuunnittelun ohjaajana -valmennus 2017, JAMK\/AOKK Ammatillinen opettaja urasuunnittelun ohjaajana -ty\u00f6paja 2018, JAMK\/AOKK Opinn\u00e4ytety\u00f6, Birgit H\u00e4rk\u00f6nen: Hankkeen vaikuttavuuden arviointi, Case: Sujuvat ty\u00f6nhakumarkkinat -hanke, JAMK Hyvi\u00e4 materiaaleja Osaamisen arviointiopas opettajalle Osaamisen arviointiopas opettajalle (mukauttaminen) Osaamisen arviointiopas opiskelijalle Osaamisen arviointiopas ty\u00f6paikoille Ty\u00f6el\u00e4m\u00e4l\u00e4ht\u00f6isen osaamisen [&hellip;]","og_url":"https:\/\/blogit.gradia.fi\/tehoaohjaukseen\/uraohjauksen-kasitteet\/","og_site_name":"Tehoa ohjaukseen","article_modified_time":"2019-08-08T13:03:05+00:00","twitter_card":"summary_large_image","schema":{"@context":"https:\/\/schema.org","@graph":[{"@type":"WebPage","@id":"https:\/\/blogit.gradia.fi\/tehoaohjaukseen\/uraohjauksen-kasitteet\/","url":"https:\/\/blogit.gradia.fi\/tehoaohjaukseen\/uraohjauksen-kasitteet\/","name":"L\u00e4hteet ja linkit - Tehoa ohjaukseen","isPartOf":{"@id":"https:\/\/blogit.gradia.fi\/tehoaohjaukseen\/#website"},"datePublished":"2019-04-24T06:56:11+00:00","dateModified":"2019-08-08T13:03:05+00:00","breadcrumb":{"@id":"https:\/\/blogit.gradia.fi\/tehoaohjaukseen\/uraohjauksen-kasitteet\/#breadcrumb"},"inLanguage":"fi","potentialAction":[{"@type":"ReadAction","target":["https:\/\/blogit.gradia.fi\/tehoaohjaukseen\/uraohjauksen-kasitteet\/"]}]},{"@type":"BreadcrumbList","@id":"https:\/\/blogit.gradia.fi\/tehoaohjaukseen\/uraohjauksen-kasitteet\/#breadcrumb","itemListElement":[{"@type":"ListItem","position":1,"name":"Home","item":"https:\/\/blogit.gradia.fi\/tehoaohjaukseen\/"},{"@type":"ListItem","position":2,"name":"L\u00e4hteet ja linkit"}]},{"@type":"WebSite","@id":"https:\/\/blogit.gradia.fi\/tehoaohjaukseen\/#website","url":"https:\/\/blogit.gradia.fi\/tehoaohjaukseen\/","name":"Tehoa ohjaukseen","description":"ideoita ja vinkkej\u00e4 ohjaukseen","potentialAction":[{"@type":"SearchAction","target":{"@type":"EntryPoint","urlTemplate":"https:\/\/blogit.gradia.fi\/tehoaohjaukseen\/?s={search_term_string}"},"query-input":{"@type":"PropertyValueSpecification","valueRequired":true,"valueName":"search_term_string"}}],"inLanguage":"fi"}]}},"uagb_featured_image_src":{"full":false,"thumbnail":false,"medium":false,"medium_large":false,"large":false,"1536x1536":false,"2048x2048":false,"post-thumbnail":false},"uagb_author_info":{"display_name":"Anitta Peltola","author_link":"https:\/\/blogit.gradia.fi\/tehoaohjaukseen\/author\/peltoani\/"},"uagb_comment_info":0,"uagb_excerpt":"ePerusteet Ohjaan.fi Osaan.fi Osaajia ty\u00f6el\u00e4m\u00e4\u00e4n -verkko-oppimisymp\u00e4rist\u00f6 Gradia laatuk\u00e4sikirja (vaatii kirjautumisen) Persoonallisuustesti Ty\u00f6nhaun oppikirja Ammatillinen opettajan urasuunnittelun ohjaajana -valmennus 2017, JAMK\/AOKK Ammatillinen opettaja urasuunnittelun ohjaajana -ty\u00f6paja 2018, JAMK\/AOKK Opinn\u00e4ytety\u00f6, Birgit H\u00e4rk\u00f6nen: Hankkeen vaikuttavuuden arviointi, Case: Sujuvat ty\u00f6nhakumarkkinat -hanke, JAMK Hyvi\u00e4 materiaaleja Osaamisen arviointiopas opettajalle Osaamisen arviointiopas opettajalle (mukauttaminen) Osaamisen arviointiopas opiskelijalle Osaamisen arviointiopas ty\u00f6paikoille Ty\u00f6el\u00e4m\u00e4l\u00e4ht\u00f6isen osaamisen&hellip;","_links":{"self":[{"href":"https:\/\/blogit.gradia.fi\/tehoaohjaukseen\/wp-json\/wp\/v2\/pages\/250","targetHints":{"allow":["GET"]}}],"collection":[{"href":"https:\/\/blogit.gradia.fi\/tehoaohjaukseen\/wp-json\/wp\/v2\/pages"}],"about":[{"href":"https:\/\/blogit.gradia.fi\/tehoaohjaukseen\/wp-json\/wp\/v2\/types\/page"}],"author":[{"embeddable":true,"href":"https:\/\/blogit.gradia.fi\/tehoaohjaukseen\/wp-json\/wp\/v2\/users\/406"}],"replies":[{"embeddable":true,"href":"https:\/\/blogit.gradia.fi\/tehoaohjaukseen\/wp-json\/wp\/v2\/comments?post=250"}],"version-history":[{"count":42,"href":"https:\/\/blogit.gradia.fi\/tehoaohjaukseen\/wp-json\/wp\/v2\/pages\/250\/revisions"}],"predecessor-version":[{"id":459,"href":"https:\/\/blogit.gradia.fi\/tehoaohjaukseen\/wp-json\/wp\/v2\/pages\/250\/revisions\/459"}],"wp:attachment":[{"href":"https:\/\/blogit.gradia.fi\/tehoaohjaukseen\/wp-json\/wp\/v2\/media?parent=250"}],"curies":[{"name":"wp","href":"https:\/\/api.w.org\/{rel}","templated":true}]}}