{"id":2,"date":"2019-03-13T10:25:49","date_gmt":"2019-03-13T08:25:49","guid":{"rendered":"https:\/\/blogit.gradia.fi\/ohjaustehostin\/?page_id=2"},"modified":"2019-06-18T15:57:12","modified_gmt":"2019-06-18T12:57:12","slug":"urasuunnitelman-laatiminen","status":"publish","type":"page","link":"https:\/\/blogit.gradia.fi\/tehoaohjaukseen\/urasuunnitelman-laatiminen\/","title":{"rendered":"Urasuunnitelman laatiminen"},"content":{"rendered":"\n<p>HOKS-ohjaaja tekee\nyhdess\u00e4 opiskelijan kanssa urasuunnittelua koko opintojen ajan yhteisty\u00f6ss\u00e4\nopinto-ohjaajan, opettajien ja ty\u00f6paikan edustajan kanssa. HOKS-ohjaaja kirjaa\nyhdess\u00e4 opiskelijan kanssa urasuunnitelmaa HOKSiin kohtaan 13.<\/p>\n\n\n\n<p>Opiskelijan urasuunnitelmaan kirjataan suunnitelma mahdollisesti jatko-opintoihin tai ty\u00f6el\u00e4m\u00e4\u00e4n siirtymisest\u00e4 ja lis\u00e4ksi suunnitelma ty\u00f6uralla etenemiseksi. Opintojen keskeytyess\u00e4 tai uudelleen ohjauksessa kirjataan suunnitelma opintojen jatkamiseksi.<\/p>\n\n\n\n<p>L\u00e4hde: Gradia laatuk\u00e4sikirja<\/p>\n\n\n\n<h2 class=\"wp-block-heading\"><strong>Opiskelijan urasuunnittelun ohjaus<\/strong><\/h2>\n\n\n\n<ul class=\"wp-block-list\"><li>Opiskelijan henkil\u00f6kohtaista ja tavoitteellista el\u00e4m\u00e4nsuunnittelua<\/li><li>Opiskelijan kannustamista ja tukemista opinpolun kaikissa vaiheissa  <\/li><li>Opiskelijan persoonallisuuden kasvun tukemista, huomioidaan urasuunnittelussa<\/li><li>Yhteydess\u00e4 opiskelijan kykyihin, kiinnostuksiin, mahdollisuuksiin ja tulevaisuuden odotuksiin<\/li><li>Kehitt\u00e4\u00e4 ja yll\u00e4pit\u00e4\u00e4 opiskelijan urasuunnittelutaitoja<\/li><\/ul>\n\n\n\n<p>L\u00e4hde: JAMK\/AOKK, Ammatillinen opettajan\nurasuunnittelun ohjaajana \u2013valmennus 2017<\/p>\n\n\n\n<figure class=\"wp-block-image\"><img loading=\"lazy\" decoding=\"async\" width=\"891\" height=\"675\" src=\"https:\/\/blogit.gradia.fi\/ohjaustehostin\/wp-content\/uploads\/sites\/43\/2019\/03\/tessu.png\" alt=\"N\u00e4k\u00f6kulmia ohjaukseen, TESSU, JAMK\/2018\" class=\"wp-image-79\" \/><figcaption>N\u00e4k\u00f6kulmia urasuunnitteluun<\/figcaption><\/figure>\n","protected":false},"excerpt":{"rendered":"<p>HOKS-ohjaaja tekee yhdess\u00e4 opiskelijan kanssa urasuunnittelua koko opintojen ajan yhteisty\u00f6ss\u00e4 opinto-ohjaajan, opettajien ja ty\u00f6paikan edustajan kanssa. HOKS-ohjaaja kirjaa yhdess\u00e4 opiskelijan kanssa urasuunnitelmaa HOKSiin kohtaan 13. Opiskelijan urasuunnitelmaan kirjataan suunnitelma mahdollisesti jatko-opintoihin tai ty\u00f6el\u00e4m\u00e4\u00e4n siirtymisest\u00e4 ja lis\u00e4ksi suunnitelma ty\u00f6uralla etenemiseksi. Opintojen keskeytyess\u00e4 tai uudelleen ohjauksessa kirjataan suunnitelma opintojen jatkamiseksi. L\u00e4hde: Gradia laatuk\u00e4sikirja Opiskelijan urasuunnittelun ohjaus Opiskelijan [&hellip;]<\/p>\n","protected":false},"author":406,"featured_media":0,"parent":0,"menu_order":3,"comment_status":"closed","ping_status":"open","template":"","meta":{"_uag_custom_page_level_css":"","footnotes":""},"class_list":["post-2","page","type-page","status-publish","hentry"],"yoast_head":"<!-- This site is optimized with the Yoast SEO plugin v27.4 - https:\/\/yoast.com\/product\/yoast-seo-wordpress\/ -->\n<title>Urasuunnitelman laatiminen - Tehoa ohjaukseen<\/title>\n<meta name=\"robots\" content=\"index, follow, max-snippet:-1, max-image-preview:large, max-video-preview:-1\" \/>\n<link rel=\"canonical\" href=\"https:\/\/blogit.gradia.fi\/tehoaohjaukseen\/urasuunnitelman-laatiminen\/\" \/>\n<meta property=\"og:locale\" content=\"fi_FI\" \/>\n<meta property=\"og:type\" content=\"article\" \/>\n<meta property=\"og:title\" content=\"Urasuunnitelman laatiminen - Tehoa ohjaukseen\" \/>\n<meta property=\"og:description\" content=\"HOKS-ohjaaja tekee yhdess\u00e4 opiskelijan kanssa urasuunnittelua koko opintojen ajan yhteisty\u00f6ss\u00e4 opinto-ohjaajan, opettajien ja ty\u00f6paikan edustajan kanssa. HOKS-ohjaaja kirjaa yhdess\u00e4 opiskelijan kanssa urasuunnitelmaa HOKSiin kohtaan 13. Opiskelijan urasuunnitelmaan kirjataan suunnitelma mahdollisesti jatko-opintoihin tai ty\u00f6el\u00e4m\u00e4\u00e4n siirtymisest\u00e4 ja lis\u00e4ksi suunnitelma ty\u00f6uralla etenemiseksi. Opintojen keskeytyess\u00e4 tai uudelleen ohjauksessa kirjataan suunnitelma opintojen jatkamiseksi. L\u00e4hde: Gradia laatuk\u00e4sikirja Opiskelijan urasuunnittelun ohjaus Opiskelijan [&hellip;]\" \/>\n<meta property=\"og:url\" content=\"https:\/\/blogit.gradia.fi\/tehoaohjaukseen\/urasuunnitelman-laatiminen\/\" \/>\n<meta property=\"og:site_name\" content=\"Tehoa ohjaukseen\" \/>\n<meta property=\"article:modified_time\" content=\"2019-06-18T12:57:12+00:00\" \/>\n<meta property=\"og:image\" content=\"https:\/\/blogit.gradia.fi\/ohjaustehostin\/wp-content\/uploads\/sites\/43\/2019\/03\/tessu.png\" \/>\n<meta name=\"twitter:card\" content=\"summary_large_image\" \/>\n<meta name=\"twitter:label1\" content=\"Arvioitu lukuaika\" \/>\n\t<meta name=\"twitter:data1\" content=\"1 minuutti\" \/>\n<script type=\"application\/ld+json\" class=\"yoast-schema-graph\">{\"@context\":\"https:\\\/\\\/schema.org\",\"@graph\":[{\"@type\":\"WebPage\",\"@id\":\"https:\\\/\\\/blogit.gradia.fi\\\/tehoaohjaukseen\\\/urasuunnitelman-laatiminen\\\/\",\"url\":\"https:\\\/\\\/blogit.gradia.fi\\\/tehoaohjaukseen\\\/urasuunnitelman-laatiminen\\\/\",\"name\":\"Urasuunnitelman laatiminen - Tehoa ohjaukseen\",\"isPartOf\":{\"@id\":\"https:\\\/\\\/blogit.gradia.fi\\\/tehoaohjaukseen\\\/#website\"},\"primaryImageOfPage\":{\"@id\":\"https:\\\/\\\/blogit.gradia.fi\\\/tehoaohjaukseen\\\/urasuunnitelman-laatiminen\\\/#primaryimage\"},\"image\":{\"@id\":\"https:\\\/\\\/blogit.gradia.fi\\\/tehoaohjaukseen\\\/urasuunnitelman-laatiminen\\\/#primaryimage\"},\"thumbnailUrl\":\"https:\\\/\\\/blogit.gradia.fi\\\/ohjaustehostin\\\/wp-content\\\/uploads\\\/sites\\\/43\\\/2019\\\/03\\\/tessu.png\",\"datePublished\":\"2019-03-13T08:25:49+00:00\",\"dateModified\":\"2019-06-18T12:57:12+00:00\",\"breadcrumb\":{\"@id\":\"https:\\\/\\\/blogit.gradia.fi\\\/tehoaohjaukseen\\\/urasuunnitelman-laatiminen\\\/#breadcrumb\"},\"inLanguage\":\"fi\",\"potentialAction\":[{\"@type\":\"ReadAction\",\"target\":[\"https:\\\/\\\/blogit.gradia.fi\\\/tehoaohjaukseen\\\/urasuunnitelman-laatiminen\\\/\"]}]},{\"@type\":\"ImageObject\",\"inLanguage\":\"fi\",\"@id\":\"https:\\\/\\\/blogit.gradia.fi\\\/tehoaohjaukseen\\\/urasuunnitelman-laatiminen\\\/#primaryimage\",\"url\":\"https:\\\/\\\/blogit.gradia.fi\\\/ohjaustehostin\\\/wp-content\\\/uploads\\\/sites\\\/43\\\/2019\\\/03\\\/tessu.png\",\"contentUrl\":\"https:\\\/\\\/blogit.gradia.fi\\\/ohjaustehostin\\\/wp-content\\\/uploads\\\/sites\\\/43\\\/2019\\\/03\\\/tessu.png\"},{\"@type\":\"BreadcrumbList\",\"@id\":\"https:\\\/\\\/blogit.gradia.fi\\\/tehoaohjaukseen\\\/urasuunnitelman-laatiminen\\\/#breadcrumb\",\"itemListElement\":[{\"@type\":\"ListItem\",\"position\":1,\"name\":\"Home\",\"item\":\"https:\\\/\\\/blogit.gradia.fi\\\/tehoaohjaukseen\\\/\"},{\"@type\":\"ListItem\",\"position\":2,\"name\":\"Urasuunnitelman laatiminen\"}]},{\"@type\":\"WebSite\",\"@id\":\"https:\\\/\\\/blogit.gradia.fi\\\/tehoaohjaukseen\\\/#website\",\"url\":\"https:\\\/\\\/blogit.gradia.fi\\\/tehoaohjaukseen\\\/\",\"name\":\"Tehoa ohjaukseen\",\"description\":\"ideoita ja vinkkej\u00e4 ohjaukseen\",\"potentialAction\":[{\"@type\":\"SearchAction\",\"target\":{\"@type\":\"EntryPoint\",\"urlTemplate\":\"https:\\\/\\\/blogit.gradia.fi\\\/tehoaohjaukseen\\\/?s={search_term_string}\"},\"query-input\":{\"@type\":\"PropertyValueSpecification\",\"valueRequired\":true,\"valueName\":\"search_term_string\"}}],\"inLanguage\":\"fi\"}]}<\/script>\n<!-- \/ Yoast SEO plugin. -->","yoast_head_json":{"title":"Urasuunnitelman laatiminen - Tehoa ohjaukseen","robots":{"index":"index","follow":"follow","max-snippet":"max-snippet:-1","max-image-preview":"max-image-preview:large","max-video-preview":"max-video-preview:-1"},"canonical":"https:\/\/blogit.gradia.fi\/tehoaohjaukseen\/urasuunnitelman-laatiminen\/","og_locale":"fi_FI","og_type":"article","og_title":"Urasuunnitelman laatiminen - Tehoa ohjaukseen","og_description":"HOKS-ohjaaja tekee yhdess\u00e4 opiskelijan kanssa urasuunnittelua koko opintojen ajan yhteisty\u00f6ss\u00e4 opinto-ohjaajan, opettajien ja ty\u00f6paikan edustajan kanssa. HOKS-ohjaaja kirjaa yhdess\u00e4 opiskelijan kanssa urasuunnitelmaa HOKSiin kohtaan 13. Opiskelijan urasuunnitelmaan kirjataan suunnitelma mahdollisesti jatko-opintoihin tai ty\u00f6el\u00e4m\u00e4\u00e4n siirtymisest\u00e4 ja lis\u00e4ksi suunnitelma ty\u00f6uralla etenemiseksi. Opintojen keskeytyess\u00e4 tai uudelleen ohjauksessa kirjataan suunnitelma opintojen jatkamiseksi. L\u00e4hde: Gradia laatuk\u00e4sikirja Opiskelijan urasuunnittelun ohjaus Opiskelijan [&hellip;]","og_url":"https:\/\/blogit.gradia.fi\/tehoaohjaukseen\/urasuunnitelman-laatiminen\/","og_site_name":"Tehoa ohjaukseen","article_modified_time":"2019-06-18T12:57:12+00:00","og_image":[{"url":"https:\/\/blogit.gradia.fi\/ohjaustehostin\/wp-content\/uploads\/sites\/43\/2019\/03\/tessu.png","type":"","width":"","height":""}],"twitter_card":"summary_large_image","twitter_misc":{"Arvioitu lukuaika":"1 minuutti"},"schema":{"@context":"https:\/\/schema.org","@graph":[{"@type":"WebPage","@id":"https:\/\/blogit.gradia.fi\/tehoaohjaukseen\/urasuunnitelman-laatiminen\/","url":"https:\/\/blogit.gradia.fi\/tehoaohjaukseen\/urasuunnitelman-laatiminen\/","name":"Urasuunnitelman laatiminen - Tehoa ohjaukseen","isPartOf":{"@id":"https:\/\/blogit.gradia.fi\/tehoaohjaukseen\/#website"},"primaryImageOfPage":{"@id":"https:\/\/blogit.gradia.fi\/tehoaohjaukseen\/urasuunnitelman-laatiminen\/#primaryimage"},"image":{"@id":"https:\/\/blogit.gradia.fi\/tehoaohjaukseen\/urasuunnitelman-laatiminen\/#primaryimage"},"thumbnailUrl":"https:\/\/blogit.gradia.fi\/ohjaustehostin\/wp-content\/uploads\/sites\/43\/2019\/03\/tessu.png","datePublished":"2019-03-13T08:25:49+00:00","dateModified":"2019-06-18T12:57:12+00:00","breadcrumb":{"@id":"https:\/\/blogit.gradia.fi\/tehoaohjaukseen\/urasuunnitelman-laatiminen\/#breadcrumb"},"inLanguage":"fi","potentialAction":[{"@type":"ReadAction","target":["https:\/\/blogit.gradia.fi\/tehoaohjaukseen\/urasuunnitelman-laatiminen\/"]}]},{"@type":"ImageObject","inLanguage":"fi","@id":"https:\/\/blogit.gradia.fi\/tehoaohjaukseen\/urasuunnitelman-laatiminen\/#primaryimage","url":"https:\/\/blogit.gradia.fi\/ohjaustehostin\/wp-content\/uploads\/sites\/43\/2019\/03\/tessu.png","contentUrl":"https:\/\/blogit.gradia.fi\/ohjaustehostin\/wp-content\/uploads\/sites\/43\/2019\/03\/tessu.png"},{"@type":"BreadcrumbList","@id":"https:\/\/blogit.gradia.fi\/tehoaohjaukseen\/urasuunnitelman-laatiminen\/#breadcrumb","itemListElement":[{"@type":"ListItem","position":1,"name":"Home","item":"https:\/\/blogit.gradia.fi\/tehoaohjaukseen\/"},{"@type":"ListItem","position":2,"name":"Urasuunnitelman laatiminen"}]},{"@type":"WebSite","@id":"https:\/\/blogit.gradia.fi\/tehoaohjaukseen\/#website","url":"https:\/\/blogit.gradia.fi\/tehoaohjaukseen\/","name":"Tehoa ohjaukseen","description":"ideoita ja vinkkej\u00e4 ohjaukseen","potentialAction":[{"@type":"SearchAction","target":{"@type":"EntryPoint","urlTemplate":"https:\/\/blogit.gradia.fi\/tehoaohjaukseen\/?s={search_term_string}"},"query-input":{"@type":"PropertyValueSpecification","valueRequired":true,"valueName":"search_term_string"}}],"inLanguage":"fi"}]}},"uagb_featured_image_src":{"full":false,"thumbnail":false,"medium":false,"medium_large":false,"large":false,"1536x1536":false,"2048x2048":false,"post-thumbnail":false},"uagb_author_info":{"display_name":"Anitta Peltola","author_link":"https:\/\/blogit.gradia.fi\/tehoaohjaukseen\/author\/peltoani\/"},"uagb_comment_info":0,"uagb_excerpt":"HOKS-ohjaaja tekee yhdess\u00e4 opiskelijan kanssa urasuunnittelua koko opintojen ajan yhteisty\u00f6ss\u00e4 opinto-ohjaajan, opettajien ja ty\u00f6paikan edustajan kanssa. HOKS-ohjaaja kirjaa yhdess\u00e4 opiskelijan kanssa urasuunnitelmaa HOKSiin kohtaan 13. Opiskelijan urasuunnitelmaan kirjataan suunnitelma mahdollisesti jatko-opintoihin tai ty\u00f6el\u00e4m\u00e4\u00e4n siirtymisest\u00e4 ja lis\u00e4ksi suunnitelma ty\u00f6uralla etenemiseksi. Opintojen keskeytyess\u00e4 tai uudelleen ohjauksessa kirjataan suunnitelma opintojen jatkamiseksi. L\u00e4hde: Gradia laatuk\u00e4sikirja Opiskelijan urasuunnittelun ohjaus Opiskelijan&hellip;","_links":{"self":[{"href":"https:\/\/blogit.gradia.fi\/tehoaohjaukseen\/wp-json\/wp\/v2\/pages\/2","targetHints":{"allow":["GET"]}}],"collection":[{"href":"https:\/\/blogit.gradia.fi\/tehoaohjaukseen\/wp-json\/wp\/v2\/pages"}],"about":[{"href":"https:\/\/blogit.gradia.fi\/tehoaohjaukseen\/wp-json\/wp\/v2\/types\/page"}],"author":[{"embeddable":true,"href":"https:\/\/blogit.gradia.fi\/tehoaohjaukseen\/wp-json\/wp\/v2\/users\/406"}],"replies":[{"embeddable":true,"href":"https:\/\/blogit.gradia.fi\/tehoaohjaukseen\/wp-json\/wp\/v2\/comments?post=2"}],"version-history":[{"count":12,"href":"https:\/\/blogit.gradia.fi\/tehoaohjaukseen\/wp-json\/wp\/v2\/pages\/2\/revisions"}],"predecessor-version":[{"id":442,"href":"https:\/\/blogit.gradia.fi\/tehoaohjaukseen\/wp-json\/wp\/v2\/pages\/2\/revisions\/442"}],"wp:attachment":[{"href":"https:\/\/blogit.gradia.fi\/tehoaohjaukseen\/wp-json\/wp\/v2\/media?parent=2"}],"curies":[{"name":"wp","href":"https:\/\/api.w.org\/{rel}","templated":true}]}}