{"id":101,"date":"2019-03-29T09:17:11","date_gmt":"2019-03-29T07:17:11","guid":{"rendered":"https:\/\/blogit.gradia.fi\/ohjaustehostin\/?page_id=101"},"modified":"2019-06-18T15:53:32","modified_gmt":"2019-06-18T12:53:32","slug":"yto-opinnot","status":"publish","type":"page","link":"https:\/\/blogit.gradia.fi\/tehoaohjaukseen\/yto-opinnot\/","title":{"rendered":"Uraohjaus YTO-opinnoissa"},"content":{"rendered":"\n<h2 class=\"wp-block-heading\"><strong>Opiskelu- ja urasuunnitteluvalmiudet 1 osp<\/strong><\/h2>\n\n\n\n<p>Kaikkiin ammatillisiin perustutkintoihin (<a href=\"https:\/\/eperusteet.opintopolku.fi\/#\/fi\/esitys\/4221360\/reformi\/tutkinnonosat\/4221733\">ePerusteet<\/a>)  sis\u00e4ltyy yhteisi\u00e4 tutkinnon osia (YTO-opintoja), joiden sis\u00e4ll\u00f6iss\u00e4 uraohjaus nousee erityisesti esille. T\u00e4llainen on mm. Yhteiskunta- ja ty\u00f6el\u00e4m\u00e4osaamisen (9 osp) tutkinnon osassa opiskeltava<strong> Opiskelu- ja urasuunnitteluvalmiudet 1 osp.<\/strong><\/p>\n\n\n\n<p>Osaamistavoitteina on, ett\u00e4 opiskelija <\/p>\n\n\n\n<ul class=\"wp-block-list\"><li>tunnistaa omia kiinnostuksen kohteitaan, mahdollisuuksiaan ja tuen tarpeitaan<\/li><li>osaa tehd\u00e4 tutkintoaan ja uraansa koskevia valintoja <\/li><li>hankkii tutkinnon suorittamisen aikana tietoa erilaisista jatkokoulutusmahdollisuuksista ja koulutustarjonnasta<\/li><li>osaa valmistautua tutkinnon suorittamisen aikana ty\u00f6nhakuun ja oman osaamisensa esittelyyn<\/li><\/ul>\n\n\n\n<p>Osaamista t\u00e4h\u00e4n tutkinnon osaan opiskelija hankkii koko opintojen ajan ja opinto-ohjaaja merkitsee arvioinnin opintosuoritusrekisteriin. Ryhm\u00e4nohjaaja huolehtii osaltaan siit\u00e4, ett\u00e4 opiskelijan kanssa p\u00e4ivitet\u00e4\u00e4n urasuunnitelmaa. Urasuunnitelmaan voi kirjata my\u00f6s erilaisiin ty\u00f6llistymist\u00e4 edist\u00e4viin tapahtumiin, kuten Rekry-messuille, osallistumisen.<\/p>\n\n\n\n<figure class=\"wp-block-image is-resized\"><img loading=\"lazy\" decoding=\"async\" src=\"https:\/\/blogit.gradia.fi\/ohjaustehostin\/wp-content\/uploads\/sites\/43\/2019\/04\/tervetuloa_oppimaan.png\" alt=\"Tervetuloa oppimaan (kuvittaja Hanne Sepp\u00e4l\u00e4)\" class=\"wp-image-189\" width=\"307\" height=\"398\" \/><figcaption>Tervetuloa oppimaan (kuvittaja Hanne Sepp\u00e4l\u00e4)<\/figcaption><\/figure>\n\n\n\n<p><a href=\"https:\/\/peda.net\/jao-ammatillinen\/hankkeet\/sujuvat\/osaajiatyoelamaan\">Osaajia ty\u00f6el\u00e4m\u00e4\u00e4n -verkko-oppimisymp\u00e4rist\u00f6<\/a><br><a href=\"https:\/\/osaan.fi\/#\/\">Osaamisen tunnistaminen, Osaan.fi<\/a><br><br><\/p>\n","protected":false},"excerpt":{"rendered":"<p>Opiskelu- ja urasuunnitteluvalmiudet 1 osp Kaikkiin ammatillisiin perustutkintoihin (ePerusteet) sis\u00e4ltyy yhteisi\u00e4 tutkinnon osia (YTO-opintoja), joiden sis\u00e4ll\u00f6iss\u00e4 uraohjaus nousee erityisesti esille. T\u00e4llainen on mm. Yhteiskunta- ja ty\u00f6el\u00e4m\u00e4osaamisen (9 osp) tutkinnon osassa opiskeltava Opiskelu- ja urasuunnitteluvalmiudet 1 osp. Osaamistavoitteina on, ett\u00e4 opiskelija tunnistaa omia kiinnostuksen kohteitaan, mahdollisuuksiaan ja tuen tarpeitaan osaa tehd\u00e4 tutkintoaan ja uraansa koskevia valintoja [&hellip;]<\/p>\n","protected":false},"author":406,"featured_media":0,"parent":0,"menu_order":4,"comment_status":"closed","ping_status":"closed","template":"","meta":{"_uag_custom_page_level_css":"","footnotes":""},"class_list":["post-101","page","type-page","status-publish","hentry"],"yoast_head":"<!-- This site is optimized with the Yoast SEO plugin v27.4 - https:\/\/yoast.com\/product\/yoast-seo-wordpress\/ -->\n<title>Uraohjaus YTO-opinnoissa - Tehoa ohjaukseen<\/title>\n<meta name=\"robots\" content=\"index, follow, max-snippet:-1, max-image-preview:large, max-video-preview:-1\" \/>\n<link rel=\"canonical\" href=\"https:\/\/blogit.gradia.fi\/tehoaohjaukseen\/yto-opinnot\/\" \/>\n<meta property=\"og:locale\" content=\"fi_FI\" \/>\n<meta property=\"og:type\" content=\"article\" \/>\n<meta property=\"og:title\" content=\"Uraohjaus YTO-opinnoissa - Tehoa ohjaukseen\" \/>\n<meta property=\"og:description\" content=\"Opiskelu- ja urasuunnitteluvalmiudet 1 osp Kaikkiin ammatillisiin perustutkintoihin (ePerusteet) sis\u00e4ltyy yhteisi\u00e4 tutkinnon osia (YTO-opintoja), joiden sis\u00e4ll\u00f6iss\u00e4 uraohjaus nousee erityisesti esille. T\u00e4llainen on mm. Yhteiskunta- ja ty\u00f6el\u00e4m\u00e4osaamisen (9 osp) tutkinnon osassa opiskeltava Opiskelu- ja urasuunnitteluvalmiudet 1 osp. Osaamistavoitteina on, ett\u00e4 opiskelija tunnistaa omia kiinnostuksen kohteitaan, mahdollisuuksiaan ja tuen tarpeitaan osaa tehd\u00e4 tutkintoaan ja uraansa koskevia valintoja [&hellip;]\" \/>\n<meta property=\"og:url\" content=\"https:\/\/blogit.gradia.fi\/tehoaohjaukseen\/yto-opinnot\/\" \/>\n<meta property=\"og:site_name\" content=\"Tehoa ohjaukseen\" \/>\n<meta property=\"article:modified_time\" content=\"2019-06-18T12:53:32+00:00\" \/>\n<meta property=\"og:image\" content=\"https:\/\/blogit.gradia.fi\/ohjaustehostin\/wp-content\/uploads\/sites\/43\/2019\/04\/tervetuloa_oppimaan.png\" \/>\n<meta name=\"twitter:card\" content=\"summary_large_image\" \/>\n<meta name=\"twitter:label1\" content=\"Arvioitu lukuaika\" \/>\n\t<meta name=\"twitter:data1\" content=\"1 minuutti\" \/>\n<script type=\"application\/ld+json\" class=\"yoast-schema-graph\">{\"@context\":\"https:\\\/\\\/schema.org\",\"@graph\":[{\"@type\":\"WebPage\",\"@id\":\"https:\\\/\\\/blogit.gradia.fi\\\/tehoaohjaukseen\\\/yto-opinnot\\\/\",\"url\":\"https:\\\/\\\/blogit.gradia.fi\\\/tehoaohjaukseen\\\/yto-opinnot\\\/\",\"name\":\"Uraohjaus YTO-opinnoissa - Tehoa ohjaukseen\",\"isPartOf\":{\"@id\":\"https:\\\/\\\/blogit.gradia.fi\\\/tehoaohjaukseen\\\/#website\"},\"primaryImageOfPage\":{\"@id\":\"https:\\\/\\\/blogit.gradia.fi\\\/tehoaohjaukseen\\\/yto-opinnot\\\/#primaryimage\"},\"image\":{\"@id\":\"https:\\\/\\\/blogit.gradia.fi\\\/tehoaohjaukseen\\\/yto-opinnot\\\/#primaryimage\"},\"thumbnailUrl\":\"https:\\\/\\\/blogit.gradia.fi\\\/ohjaustehostin\\\/wp-content\\\/uploads\\\/sites\\\/43\\\/2019\\\/04\\\/tervetuloa_oppimaan.png\",\"datePublished\":\"2019-03-29T07:17:11+00:00\",\"dateModified\":\"2019-06-18T12:53:32+00:00\",\"breadcrumb\":{\"@id\":\"https:\\\/\\\/blogit.gradia.fi\\\/tehoaohjaukseen\\\/yto-opinnot\\\/#breadcrumb\"},\"inLanguage\":\"fi\",\"potentialAction\":[{\"@type\":\"ReadAction\",\"target\":[\"https:\\\/\\\/blogit.gradia.fi\\\/tehoaohjaukseen\\\/yto-opinnot\\\/\"]}]},{\"@type\":\"ImageObject\",\"inLanguage\":\"fi\",\"@id\":\"https:\\\/\\\/blogit.gradia.fi\\\/tehoaohjaukseen\\\/yto-opinnot\\\/#primaryimage\",\"url\":\"https:\\\/\\\/blogit.gradia.fi\\\/ohjaustehostin\\\/wp-content\\\/uploads\\\/sites\\\/43\\\/2019\\\/04\\\/tervetuloa_oppimaan.png\",\"contentUrl\":\"https:\\\/\\\/blogit.gradia.fi\\\/ohjaustehostin\\\/wp-content\\\/uploads\\\/sites\\\/43\\\/2019\\\/04\\\/tervetuloa_oppimaan.png\"},{\"@type\":\"BreadcrumbList\",\"@id\":\"https:\\\/\\\/blogit.gradia.fi\\\/tehoaohjaukseen\\\/yto-opinnot\\\/#breadcrumb\",\"itemListElement\":[{\"@type\":\"ListItem\",\"position\":1,\"name\":\"Home\",\"item\":\"https:\\\/\\\/blogit.gradia.fi\\\/tehoaohjaukseen\\\/\"},{\"@type\":\"ListItem\",\"position\":2,\"name\":\"Uraohjaus YTO-opinnoissa\"}]},{\"@type\":\"WebSite\",\"@id\":\"https:\\\/\\\/blogit.gradia.fi\\\/tehoaohjaukseen\\\/#website\",\"url\":\"https:\\\/\\\/blogit.gradia.fi\\\/tehoaohjaukseen\\\/\",\"name\":\"Tehoa ohjaukseen\",\"description\":\"ideoita ja vinkkej\u00e4 ohjaukseen\",\"potentialAction\":[{\"@type\":\"SearchAction\",\"target\":{\"@type\":\"EntryPoint\",\"urlTemplate\":\"https:\\\/\\\/blogit.gradia.fi\\\/tehoaohjaukseen\\\/?s={search_term_string}\"},\"query-input\":{\"@type\":\"PropertyValueSpecification\",\"valueRequired\":true,\"valueName\":\"search_term_string\"}}],\"inLanguage\":\"fi\"}]}<\/script>\n<!-- \/ Yoast SEO plugin. -->","yoast_head_json":{"title":"Uraohjaus YTO-opinnoissa - Tehoa ohjaukseen","robots":{"index":"index","follow":"follow","max-snippet":"max-snippet:-1","max-image-preview":"max-image-preview:large","max-video-preview":"max-video-preview:-1"},"canonical":"https:\/\/blogit.gradia.fi\/tehoaohjaukseen\/yto-opinnot\/","og_locale":"fi_FI","og_type":"article","og_title":"Uraohjaus YTO-opinnoissa - Tehoa ohjaukseen","og_description":"Opiskelu- ja urasuunnitteluvalmiudet 1 osp Kaikkiin ammatillisiin perustutkintoihin (ePerusteet) sis\u00e4ltyy yhteisi\u00e4 tutkinnon osia (YTO-opintoja), joiden sis\u00e4ll\u00f6iss\u00e4 uraohjaus nousee erityisesti esille. T\u00e4llainen on mm. Yhteiskunta- ja ty\u00f6el\u00e4m\u00e4osaamisen (9 osp) tutkinnon osassa opiskeltava Opiskelu- ja urasuunnitteluvalmiudet 1 osp. Osaamistavoitteina on, ett\u00e4 opiskelija tunnistaa omia kiinnostuksen kohteitaan, mahdollisuuksiaan ja tuen tarpeitaan osaa tehd\u00e4 tutkintoaan ja uraansa koskevia valintoja [&hellip;]","og_url":"https:\/\/blogit.gradia.fi\/tehoaohjaukseen\/yto-opinnot\/","og_site_name":"Tehoa ohjaukseen","article_modified_time":"2019-06-18T12:53:32+00:00","og_image":[{"url":"https:\/\/blogit.gradia.fi\/ohjaustehostin\/wp-content\/uploads\/sites\/43\/2019\/04\/tervetuloa_oppimaan.png","type":"","width":"","height":""}],"twitter_card":"summary_large_image","twitter_misc":{"Arvioitu lukuaika":"1 minuutti"},"schema":{"@context":"https:\/\/schema.org","@graph":[{"@type":"WebPage","@id":"https:\/\/blogit.gradia.fi\/tehoaohjaukseen\/yto-opinnot\/","url":"https:\/\/blogit.gradia.fi\/tehoaohjaukseen\/yto-opinnot\/","name":"Uraohjaus YTO-opinnoissa - Tehoa ohjaukseen","isPartOf":{"@id":"https:\/\/blogit.gradia.fi\/tehoaohjaukseen\/#website"},"primaryImageOfPage":{"@id":"https:\/\/blogit.gradia.fi\/tehoaohjaukseen\/yto-opinnot\/#primaryimage"},"image":{"@id":"https:\/\/blogit.gradia.fi\/tehoaohjaukseen\/yto-opinnot\/#primaryimage"},"thumbnailUrl":"https:\/\/blogit.gradia.fi\/ohjaustehostin\/wp-content\/uploads\/sites\/43\/2019\/04\/tervetuloa_oppimaan.png","datePublished":"2019-03-29T07:17:11+00:00","dateModified":"2019-06-18T12:53:32+00:00","breadcrumb":{"@id":"https:\/\/blogit.gradia.fi\/tehoaohjaukseen\/yto-opinnot\/#breadcrumb"},"inLanguage":"fi","potentialAction":[{"@type":"ReadAction","target":["https:\/\/blogit.gradia.fi\/tehoaohjaukseen\/yto-opinnot\/"]}]},{"@type":"ImageObject","inLanguage":"fi","@id":"https:\/\/blogit.gradia.fi\/tehoaohjaukseen\/yto-opinnot\/#primaryimage","url":"https:\/\/blogit.gradia.fi\/ohjaustehostin\/wp-content\/uploads\/sites\/43\/2019\/04\/tervetuloa_oppimaan.png","contentUrl":"https:\/\/blogit.gradia.fi\/ohjaustehostin\/wp-content\/uploads\/sites\/43\/2019\/04\/tervetuloa_oppimaan.png"},{"@type":"BreadcrumbList","@id":"https:\/\/blogit.gradia.fi\/tehoaohjaukseen\/yto-opinnot\/#breadcrumb","itemListElement":[{"@type":"ListItem","position":1,"name":"Home","item":"https:\/\/blogit.gradia.fi\/tehoaohjaukseen\/"},{"@type":"ListItem","position":2,"name":"Uraohjaus YTO-opinnoissa"}]},{"@type":"WebSite","@id":"https:\/\/blogit.gradia.fi\/tehoaohjaukseen\/#website","url":"https:\/\/blogit.gradia.fi\/tehoaohjaukseen\/","name":"Tehoa ohjaukseen","description":"ideoita ja vinkkej\u00e4 ohjaukseen","potentialAction":[{"@type":"SearchAction","target":{"@type":"EntryPoint","urlTemplate":"https:\/\/blogit.gradia.fi\/tehoaohjaukseen\/?s={search_term_string}"},"query-input":{"@type":"PropertyValueSpecification","valueRequired":true,"valueName":"search_term_string"}}],"inLanguage":"fi"}]}},"uagb_featured_image_src":{"full":false,"thumbnail":false,"medium":false,"medium_large":false,"large":false,"1536x1536":false,"2048x2048":false,"post-thumbnail":false},"uagb_author_info":{"display_name":"Anitta Peltola","author_link":"https:\/\/blogit.gradia.fi\/tehoaohjaukseen\/author\/peltoani\/"},"uagb_comment_info":0,"uagb_excerpt":"Opiskelu- ja urasuunnitteluvalmiudet 1 osp Kaikkiin ammatillisiin perustutkintoihin (ePerusteet) sis\u00e4ltyy yhteisi\u00e4 tutkinnon osia (YTO-opintoja), joiden sis\u00e4ll\u00f6iss\u00e4 uraohjaus nousee erityisesti esille. T\u00e4llainen on mm. Yhteiskunta- ja ty\u00f6el\u00e4m\u00e4osaamisen (9 osp) tutkinnon osassa opiskeltava Opiskelu- ja urasuunnitteluvalmiudet 1 osp. Osaamistavoitteina on, ett\u00e4 opiskelija tunnistaa omia kiinnostuksen kohteitaan, mahdollisuuksiaan ja tuen tarpeitaan osaa tehd\u00e4 tutkintoaan ja uraansa koskevia valintoja&hellip;","_links":{"self":[{"href":"https:\/\/blogit.gradia.fi\/tehoaohjaukseen\/wp-json\/wp\/v2\/pages\/101","targetHints":{"allow":["GET"]}}],"collection":[{"href":"https:\/\/blogit.gradia.fi\/tehoaohjaukseen\/wp-json\/wp\/v2\/pages"}],"about":[{"href":"https:\/\/blogit.gradia.fi\/tehoaohjaukseen\/wp-json\/wp\/v2\/types\/page"}],"author":[{"embeddable":true,"href":"https:\/\/blogit.gradia.fi\/tehoaohjaukseen\/wp-json\/wp\/v2\/users\/406"}],"replies":[{"embeddable":true,"href":"https:\/\/blogit.gradia.fi\/tehoaohjaukseen\/wp-json\/wp\/v2\/comments?post=101"}],"version-history":[{"count":17,"href":"https:\/\/blogit.gradia.fi\/tehoaohjaukseen\/wp-json\/wp\/v2\/pages\/101\/revisions"}],"predecessor-version":[{"id":441,"href":"https:\/\/blogit.gradia.fi\/tehoaohjaukseen\/wp-json\/wp\/v2\/pages\/101\/revisions\/441"}],"wp:attachment":[{"href":"https:\/\/blogit.gradia.fi\/tehoaohjaukseen\/wp-json\/wp\/v2\/media?parent=101"}],"curies":[{"name":"wp","href":"https:\/\/api.w.org\/{rel}","templated":true}]}}