{"id":85,"date":"2016-03-22T21:53:31","date_gmt":"2016-03-22T19:53:31","guid":{"rendered":"https:\/\/blogit.gradia.fi\/soteammattilaiset\/?page_id=85"},"modified":"2016-04-26T19:34:52","modified_gmt":"2016-04-26T16:34:52","slug":"puhevammaisten-tulkin-erikoisammattitutkinto","status":"publish","type":"page","link":"https:\/\/blogit.gradia.fi\/soteammattilaiset\/jalkojenhoidon-ammattitutkinto\/puhevammaisten-tulkin-erikoisammattitutkinto\/","title":{"rendered":"Puhevammaisten tulkin erikoisammattitutkinto"},"content":{"rendered":"<p><strong>Puhevammaisten tulkin erikoisammattitutkinto<\/strong><\/p>\n<p><strong>Kohderyhm\u00e4<\/strong><br \/>\nPuhevammaisten tulkin erikoisammattitutkinto on tarkoitettu henkil\u00f6ille, jotka ovat suorittaneet v\u00e4hint\u00e4\u00e4n sosiaali- ja terveysalan perustutkinnon.<\/p>\n<p><strong>Kuvaus<\/strong><br \/>\nPuhevammaisten tulkki voi toimia puhevammaisen henkil\u00f6n tulkkina erilaisissa toimintaymp\u00e4rist\u00f6iss\u00e4 kuten ty\u00f6ss\u00e4, asioinnissa, opiskelussa, yhteiskunnallisessa osallistumisessa, harrastuksissa ja virkistymisess\u00e4.<\/p>\n<p>Tulkkauksen keskeist\u00e4 ammattiataitoa ovat tulkkauspalveluj\u00e4rjestelm\u00e4ss\u00e4 toimiminen, kommunkoinnin h\u00e4iri\u00f6iden tuntemus sek\u00e4 kommunikoinnin apuv\u00e4lineiden k\u00e4ytt\u00e4minen.<\/p>\n<p>Tutkinto sis\u00e4lt\u00e4\u00e4 kolme pakollista tutkinnon osaa ja yhden valinnaisen tutkinnon osan. Tutkinto on valmis, kun kolme pakollista tutkinnon osaa on suoritettu.<\/p>\n<p>Pakolliset tutkinnon osat<\/p>\n<ul>\n<li>Tulkkauspalveluj\u00e4rjestelm\u00e4ss\u00e4 toimiminen<\/li>\n<li>Tulkkaus ja kommunikoinnin h\u00e4iri\u00f6iden tuntemus<\/li>\n<li>Tulkkaus ja kommunkoinnin apuv\u00e4lineiden k\u00e4ytt\u00f6<\/li>\n<\/ul>\n<p>Valinnainen tutkinnon osa<\/p>\n<ul>\n<li>Yritt\u00e4jyys<\/li>\n<\/ul>\n<p>Koulutus toteutuu p\u00e4iv\u00e4- ja monimuotokoulutuksena sis\u00e4lt\u00e4en l\u00e4hi- ja et\u00e4opiskelua sek\u00e4 ty\u00f6ss\u00e4 oppimista.<\/p>\n<p><strong><a href=\"https:\/\/www.jao.fi\/primus\/Puhevammaisten-tulkin-erikoisammattitutkinto\/25037\/6-14344\">Hae koulutukseen<\/a><\/strong><\/p>\n<p><strong>Lis\u00e4tietoja antaa<\/strong><br \/>\nKouluttaja Helena Koskimies p. 040 341 6301, etunimi.sukunimi@jao.fi<\/p>\n<p>&nbsp;<\/p>\n","protected":false},"excerpt":{"rendered":"<p>Puhevammaisten tulkin erikoisammattitutkinto Kohderyhm\u00e4 Puhevammaisten tulkin erikoisammattitutkinto on tarkoitettu henkil\u00f6ille, jotka ovat suorittaneet v\u00e4hint\u00e4\u00e4n sosiaali- ja terveysalan perustutkinnon. Kuvaus Puhevammaisten tulkki voi toimia puhevammaisen henkil\u00f6n tulkkina erilaisissa toimintaymp\u00e4rist\u00f6iss\u00e4 kuten ty\u00f6ss\u00e4, asioinnissa, opiskelussa, yhteiskunnallisessa osallistumisessa, harrastuksissa ja virkistymisess\u00e4. Tulkkauksen keskeist\u00e4 ammattiataitoa ovat tulkkauspalveluj\u00e4rjestelm\u00e4ss\u00e4 toimiminen, kommunkoinnin h\u00e4iri\u00f6iden tuntemus sek\u00e4 kommunikoinnin apuv\u00e4lineiden k\u00e4ytt\u00e4minen. Tutkinto sis\u00e4lt\u00e4\u00e4 kolme pakollista tutkinnon &hellip; <a href=\"https:\/\/blogit.gradia.fi\/soteammattilaiset\/jalkojenhoidon-ammattitutkinto\/puhevammaisten-tulkin-erikoisammattitutkinto\/\" class=\"more-link\">Jatka lukemista <span class=\"screen-reader-text\">Puhevammaisten tulkin erikoisammattitutkinto<\/span> <span class=\"meta-nav\">&rarr;<\/span><\/a><\/p>\n","protected":false},"author":1131,"featured_media":0,"parent":12,"menu_order":4,"comment_status":"closed","ping_status":"closed","template":"","meta":{"_uag_custom_page_level_css":"","footnotes":""},"class_list":["post-85","page","type-page","status-publish","hentry"],"yoast_head":"<!-- This site is optimized with the Yoast SEO plugin v27.5 - https:\/\/yoast.com\/product\/yoast-seo-wordpress\/ -->\n<title>Puhevammaisten tulkin erikoisammattitutkinto - Sote ammattilaiset<\/title>\n<meta name=\"robots\" content=\"index, follow, max-snippet:-1, max-image-preview:large, max-video-preview:-1\" \/>\n<link rel=\"canonical\" href=\"https:\/\/blogit.gradia.fi\/soteammattilaiset\/jalkojenhoidon-ammattitutkinto\/puhevammaisten-tulkin-erikoisammattitutkinto\/\" \/>\n<meta property=\"og:locale\" content=\"fi_FI\" \/>\n<meta property=\"og:type\" content=\"article\" \/>\n<meta property=\"og:title\" content=\"Puhevammaisten tulkin erikoisammattitutkinto - Sote ammattilaiset\" \/>\n<meta property=\"og:description\" content=\"Puhevammaisten tulkin erikoisammattitutkinto Kohderyhm\u00e4 Puhevammaisten tulkin erikoisammattitutkinto on tarkoitettu henkil\u00f6ille, jotka ovat suorittaneet v\u00e4hint\u00e4\u00e4n sosiaali- ja terveysalan perustutkinnon. Kuvaus Puhevammaisten tulkki voi toimia puhevammaisen henkil\u00f6n tulkkina erilaisissa toimintaymp\u00e4rist\u00f6iss\u00e4 kuten ty\u00f6ss\u00e4, asioinnissa, opiskelussa, yhteiskunnallisessa osallistumisessa, harrastuksissa ja virkistymisess\u00e4. Tulkkauksen keskeist\u00e4 ammattiataitoa ovat tulkkauspalveluj\u00e4rjestelm\u00e4ss\u00e4 toimiminen, kommunkoinnin h\u00e4iri\u00f6iden tuntemus sek\u00e4 kommunikoinnin apuv\u00e4lineiden k\u00e4ytt\u00e4minen. Tutkinto sis\u00e4lt\u00e4\u00e4 kolme pakollista tutkinnon &hellip; Jatka lukemista Puhevammaisten tulkin erikoisammattitutkinto &rarr;\" \/>\n<meta property=\"og:url\" content=\"https:\/\/blogit.gradia.fi\/soteammattilaiset\/jalkojenhoidon-ammattitutkinto\/puhevammaisten-tulkin-erikoisammattitutkinto\/\" \/>\n<meta property=\"og:site_name\" content=\"Sote ammattilaiset\" \/>\n<meta property=\"article:modified_time\" content=\"2016-04-26T16:34:52+00:00\" \/>\n<meta name=\"twitter:card\" content=\"summary_large_image\" \/>\n<meta name=\"twitter:label1\" content=\"Arvioitu lukuaika\" \/>\n\t<meta name=\"twitter:data1\" content=\"1 minuutti\" \/>\n<script type=\"application\/ld+json\" class=\"yoast-schema-graph\">{\"@context\":\"https:\\\/\\\/schema.org\",\"@graph\":[{\"@type\":\"WebPage\",\"@id\":\"https:\\\/\\\/blogit.gradia.fi\\\/soteammattilaiset\\\/jalkojenhoidon-ammattitutkinto\\\/puhevammaisten-tulkin-erikoisammattitutkinto\\\/\",\"url\":\"https:\\\/\\\/blogit.gradia.fi\\\/soteammattilaiset\\\/jalkojenhoidon-ammattitutkinto\\\/puhevammaisten-tulkin-erikoisammattitutkinto\\\/\",\"name\":\"Puhevammaisten tulkin erikoisammattitutkinto - Sote ammattilaiset\",\"isPartOf\":{\"@id\":\"https:\\\/\\\/blogit.gradia.fi\\\/soteammattilaiset\\\/#website\"},\"datePublished\":\"2016-03-22T19:53:31+00:00\",\"dateModified\":\"2016-04-26T16:34:52+00:00\",\"breadcrumb\":{\"@id\":\"https:\\\/\\\/blogit.gradia.fi\\\/soteammattilaiset\\\/jalkojenhoidon-ammattitutkinto\\\/puhevammaisten-tulkin-erikoisammattitutkinto\\\/#breadcrumb\"},\"inLanguage\":\"fi\",\"potentialAction\":[{\"@type\":\"ReadAction\",\"target\":[\"https:\\\/\\\/blogit.gradia.fi\\\/soteammattilaiset\\\/jalkojenhoidon-ammattitutkinto\\\/puhevammaisten-tulkin-erikoisammattitutkinto\\\/\"]}]},{\"@type\":\"BreadcrumbList\",\"@id\":\"https:\\\/\\\/blogit.gradia.fi\\\/soteammattilaiset\\\/jalkojenhoidon-ammattitutkinto\\\/puhevammaisten-tulkin-erikoisammattitutkinto\\\/#breadcrumb\",\"itemListElement\":[{\"@type\":\"ListItem\",\"position\":1,\"name\":\"Erikoisammattitutkinnot\",\"item\":\"https:\\\/\\\/blogit.gradia.fi\\\/soteammattilaiset\\\/jalkojenhoidon-ammattitutkinto\\\/\"},{\"@type\":\"ListItem\",\"position\":2,\"name\":\"Puhevammaisten tulkin erikoisammattitutkinto\"}]},{\"@type\":\"WebSite\",\"@id\":\"https:\\\/\\\/blogit.gradia.fi\\\/soteammattilaiset\\\/#website\",\"url\":\"https:\\\/\\\/blogit.gradia.fi\\\/soteammattilaiset\\\/\",\"name\":\"Sote ammattilaiset\",\"description\":\"Gradia Jyv\u00e4skyl\u00e4 \\\/ Osallisuus ja ohjaaminen palvelut ammatti- ja erikoisammattitutkinnot\",\"potentialAction\":[{\"@type\":\"SearchAction\",\"target\":{\"@type\":\"EntryPoint\",\"urlTemplate\":\"https:\\\/\\\/blogit.gradia.fi\\\/soteammattilaiset\\\/?s={search_term_string}\"},\"query-input\":{\"@type\":\"PropertyValueSpecification\",\"valueRequired\":true,\"valueName\":\"search_term_string\"}}],\"inLanguage\":\"fi\"}]}<\/script>\n<!-- \/ Yoast SEO plugin. -->","yoast_head_json":{"title":"Puhevammaisten tulkin erikoisammattitutkinto - Sote ammattilaiset","robots":{"index":"index","follow":"follow","max-snippet":"max-snippet:-1","max-image-preview":"max-image-preview:large","max-video-preview":"max-video-preview:-1"},"canonical":"https:\/\/blogit.gradia.fi\/soteammattilaiset\/jalkojenhoidon-ammattitutkinto\/puhevammaisten-tulkin-erikoisammattitutkinto\/","og_locale":"fi_FI","og_type":"article","og_title":"Puhevammaisten tulkin erikoisammattitutkinto - Sote ammattilaiset","og_description":"Puhevammaisten tulkin erikoisammattitutkinto Kohderyhm\u00e4 Puhevammaisten tulkin erikoisammattitutkinto on tarkoitettu henkil\u00f6ille, jotka ovat suorittaneet v\u00e4hint\u00e4\u00e4n sosiaali- ja terveysalan perustutkinnon. Kuvaus Puhevammaisten tulkki voi toimia puhevammaisen henkil\u00f6n tulkkina erilaisissa toimintaymp\u00e4rist\u00f6iss\u00e4 kuten ty\u00f6ss\u00e4, asioinnissa, opiskelussa, yhteiskunnallisessa osallistumisessa, harrastuksissa ja virkistymisess\u00e4. Tulkkauksen keskeist\u00e4 ammattiataitoa ovat tulkkauspalveluj\u00e4rjestelm\u00e4ss\u00e4 toimiminen, kommunkoinnin h\u00e4iri\u00f6iden tuntemus sek\u00e4 kommunikoinnin apuv\u00e4lineiden k\u00e4ytt\u00e4minen. Tutkinto sis\u00e4lt\u00e4\u00e4 kolme pakollista tutkinnon &hellip; Jatka lukemista Puhevammaisten tulkin erikoisammattitutkinto &rarr;","og_url":"https:\/\/blogit.gradia.fi\/soteammattilaiset\/jalkojenhoidon-ammattitutkinto\/puhevammaisten-tulkin-erikoisammattitutkinto\/","og_site_name":"Sote ammattilaiset","article_modified_time":"2016-04-26T16:34:52+00:00","twitter_card":"summary_large_image","twitter_misc":{"Arvioitu lukuaika":"1 minuutti"},"schema":{"@context":"https:\/\/schema.org","@graph":[{"@type":"WebPage","@id":"https:\/\/blogit.gradia.fi\/soteammattilaiset\/jalkojenhoidon-ammattitutkinto\/puhevammaisten-tulkin-erikoisammattitutkinto\/","url":"https:\/\/blogit.gradia.fi\/soteammattilaiset\/jalkojenhoidon-ammattitutkinto\/puhevammaisten-tulkin-erikoisammattitutkinto\/","name":"Puhevammaisten tulkin erikoisammattitutkinto - Sote ammattilaiset","isPartOf":{"@id":"https:\/\/blogit.gradia.fi\/soteammattilaiset\/#website"},"datePublished":"2016-03-22T19:53:31+00:00","dateModified":"2016-04-26T16:34:52+00:00","breadcrumb":{"@id":"https:\/\/blogit.gradia.fi\/soteammattilaiset\/jalkojenhoidon-ammattitutkinto\/puhevammaisten-tulkin-erikoisammattitutkinto\/#breadcrumb"},"inLanguage":"fi","potentialAction":[{"@type":"ReadAction","target":["https:\/\/blogit.gradia.fi\/soteammattilaiset\/jalkojenhoidon-ammattitutkinto\/puhevammaisten-tulkin-erikoisammattitutkinto\/"]}]},{"@type":"BreadcrumbList","@id":"https:\/\/blogit.gradia.fi\/soteammattilaiset\/jalkojenhoidon-ammattitutkinto\/puhevammaisten-tulkin-erikoisammattitutkinto\/#breadcrumb","itemListElement":[{"@type":"ListItem","position":1,"name":"Erikoisammattitutkinnot","item":"https:\/\/blogit.gradia.fi\/soteammattilaiset\/jalkojenhoidon-ammattitutkinto\/"},{"@type":"ListItem","position":2,"name":"Puhevammaisten tulkin erikoisammattitutkinto"}]},{"@type":"WebSite","@id":"https:\/\/blogit.gradia.fi\/soteammattilaiset\/#website","url":"https:\/\/blogit.gradia.fi\/soteammattilaiset\/","name":"Sote ammattilaiset","description":"Gradia Jyv\u00e4skyl\u00e4 \/ Osallisuus ja ohjaaminen palvelut ammatti- ja erikoisammattitutkinnot","potentialAction":[{"@type":"SearchAction","target":{"@type":"EntryPoint","urlTemplate":"https:\/\/blogit.gradia.fi\/soteammattilaiset\/?s={search_term_string}"},"query-input":{"@type":"PropertyValueSpecification","valueRequired":true,"valueName":"search_term_string"}}],"inLanguage":"fi"}]}},"uagb_featured_image_src":{"full":false,"thumbnail":false,"medium":false,"medium_large":false,"large":false,"1536x1536":false,"2048x2048":false,"post-thumbnail":false},"uagb_author_info":{"display_name":"arkistoija","author_link":"https:\/\/blogit.gradia.fi\/soteammattilaiset\/author\/arkistoija\/"},"uagb_comment_info":0,"uagb_excerpt":"Puhevammaisten tulkin erikoisammattitutkinto Kohderyhm\u00e4 Puhevammaisten tulkin erikoisammattitutkinto on tarkoitettu henkil\u00f6ille, jotka ovat suorittaneet v\u00e4hint\u00e4\u00e4n sosiaali- ja terveysalan perustutkinnon. Kuvaus Puhevammaisten tulkki voi toimia puhevammaisen henkil\u00f6n tulkkina erilaisissa toimintaymp\u00e4rist\u00f6iss\u00e4 kuten ty\u00f6ss\u00e4, asioinnissa, opiskelussa, yhteiskunnallisessa osallistumisessa, harrastuksissa ja virkistymisess\u00e4. Tulkkauksen keskeist\u00e4 ammattiataitoa ovat tulkkauspalveluj\u00e4rjestelm\u00e4ss\u00e4 toimiminen, kommunkoinnin h\u00e4iri\u00f6iden tuntemus sek\u00e4 kommunikoinnin apuv\u00e4lineiden k\u00e4ytt\u00e4minen. Tutkinto sis\u00e4lt\u00e4\u00e4 kolme pakollista tutkinnon&hellip;","_links":{"self":[{"href":"https:\/\/blogit.gradia.fi\/soteammattilaiset\/wp-json\/wp\/v2\/pages\/85","targetHints":{"allow":["GET"]}}],"collection":[{"href":"https:\/\/blogit.gradia.fi\/soteammattilaiset\/wp-json\/wp\/v2\/pages"}],"about":[{"href":"https:\/\/blogit.gradia.fi\/soteammattilaiset\/wp-json\/wp\/v2\/types\/page"}],"author":[{"embeddable":true,"href":"https:\/\/blogit.gradia.fi\/soteammattilaiset\/wp-json\/wp\/v2\/users\/1131"}],"replies":[{"embeddable":true,"href":"https:\/\/blogit.gradia.fi\/soteammattilaiset\/wp-json\/wp\/v2\/comments?post=85"}],"version-history":[{"count":0,"href":"https:\/\/blogit.gradia.fi\/soteammattilaiset\/wp-json\/wp\/v2\/pages\/85\/revisions"}],"up":[{"embeddable":true,"href":"https:\/\/blogit.gradia.fi\/soteammattilaiset\/wp-json\/wp\/v2\/pages\/12"}],"wp:attachment":[{"href":"https:\/\/blogit.gradia.fi\/soteammattilaiset\/wp-json\/wp\/v2\/media?parent=85"}],"curies":[{"name":"wp","href":"https:\/\/api.w.org\/{rel}","templated":true}]}}