{"id":83,"date":"2016-03-22T21:52:00","date_gmt":"2016-03-22T19:52:00","guid":{"rendered":"https:\/\/blogit.gradia.fi\/soteammattilaiset\/?page_id=83"},"modified":"2016-10-25T20:49:29","modified_gmt":"2016-10-25T17:49:29","slug":"vanhustyon-erikoisammattitutkinto","status":"publish","type":"page","link":"https:\/\/blogit.gradia.fi\/soteammattilaiset\/jalkojenhoidon-ammattitutkinto\/vanhustyon-erikoisammattitutkinto\/","title":{"rendered":"Vanhusty\u00f6n erikoisammattitutkinto"},"content":{"rendered":"<h3>Vanhusty\u00f6n erikoisammattitutkinto<\/h3>\n<p>Vanhusty\u00f6n erikoisammattitutkinto on tarkoitettu vanhusty\u00f6ss\u00e4 toimiville ty\u00f6ntekij\u00f6ille, joilla on v\u00e4hint\u00e4\u00e4n sosiaali- ja terveysalan ammatillisen perustutkinnon tasoiset tiedot ja taidot sek\u00e4 ty\u00f6kokemusta vanhusty\u00f6st\u00e4. Tutkinto muodostuu kolmesta pakollisesta ja yhdest\u00e4 valinnaisesta tutkinnon osasta. <u>My\u00f6s yksitt\u00e4isten tutkinnon osien suorittaminen on mahdollista ja opiskelun voi aloittaa mist\u00e4 tutkinnon osasta tahansa.<\/u><\/p>\n<p><strong>Pakolliset tutkinnon osat:<\/strong><\/p>\n<ul>\n<li>Vanhusty\u00f6ss\u00e4 vastuuhenkil\u00f6n\u00e4 toimiminen<\/li>\n<li>Asiakaspalveluverkostossa toimiminen<\/li>\n<li>Ik\u00e4\u00e4ntyneen ihmisen terveyden ja toimintakyvyn tukeminen<\/li>\n<\/ul>\n<div><strong>Valinnaiset tutkinnon osat syksyll\u00e4 2017<\/strong><\/div>\n<p><a href=\"https:\/\/blogit.gradia.fi\/soteammattilaiset\/wp-content\/uploads\/sites\/103\/2016\/03\/flower-1617202__180.jpg\"><img loading=\"lazy\" decoding=\"async\" class=\"size-full wp-image-180 alignright\" src=\"https:\/\/blogit.gradia.fi\/soteammattilaiset\/wp-content\/uploads\/sites\/103\/2016\/03\/flower-1617202__180.jpg\" alt=\"flower-1617202__180\" width=\"270\" height=\"180\" \/><\/a><\/p>\n<ul>\n<li>Sairaan ik\u00e4\u00e4ntyneen ihmisen hoitaminen<\/li>\n<li>Muistioireisen ik\u00e4\u00e4ntyneen ihmisen tukeminen<\/li>\n<li>Kuolevan ihmisen hoitaminen<\/li>\n<\/ul>\n<p>Koulutus sis\u00e4lt\u00e4\u00e4 l\u00e4hi- ja et\u00e4opiskelua, ty\u00f6ss\u00e4 oppimista sek\u00e4 jokaiseen tutkinnon osaan liittyv\u00e4n tutkintotilaisuuden. Opiskelu on mahdollista oman ty\u00f6n ohella. Opiskeluun kuuluu vanhusty\u00f6t\u00e4 ja omaa ty\u00f6yhteis\u00f6\u00e4 kehitt\u00e4vi\u00e4 teht\u00e4vi\u00e4.<\/p>\n<p>Tutkinnon suorittanut ty\u00f6skentelee erilaisissa sosiaali- ja terveysalan vanhusty\u00f6n teht\u00e4viss\u00e4 oman ty\u00f6ns\u00e4 asiantuntijana. H\u00e4nell\u00e4 on yksil\u00f6llist\u00e4 osaamista vanhuksen ja h\u00e4nen l\u00e4heistens\u00e4 tukemisessa, vanhusty\u00f6n laadun kehitt\u00e4misess\u00e4 sek\u00e4 vastuuhenkil\u00f6n\u00e4 vanhusty\u00f6ss\u00e4 toimimi-sessa.<\/p>\n<p><strong><a href=\"https:\/\/www.jao.fi\/primus\/Vanhustyon-erikoisammattitutkinto\/25037\/6-12683\"> Hae koulutukseen<\/a><br \/>\n<\/strong><\/p>\n<p><strong>Lis\u00e4tietoja: <\/strong>Kouluttaja Tuula Mantere, puh. 040 341 6362 <a href=\"mailto:tuula.mantere@jao.fi\"><u><span style=\"color: #0066cc\">tuula.mantere@jao.fi<\/span><\/u><\/a>. Koulutus voidaan suorittaa my\u00f6s oppisopimuskoulutuksena. Ota yhteys Jyv\u00e4skyl\u00e4n oppisopimuskeskus Krista Hanski puh.040 341 5191, <a href=\"mailto:etunimi.sukunimi@jao.fi\"><u><span style=\"color: #0066cc\">etunimi.sukunimi@jao.fi<\/span><\/u><\/a><\/p>\n","protected":false},"excerpt":{"rendered":"<p>Vanhusty\u00f6n erikoisammattitutkinto Vanhusty\u00f6n erikoisammattitutkinto on tarkoitettu vanhusty\u00f6ss\u00e4 toimiville ty\u00f6ntekij\u00f6ille, joilla on v\u00e4hint\u00e4\u00e4n sosiaali- ja terveysalan ammatillisen perustutkinnon tasoiset tiedot ja taidot sek\u00e4 ty\u00f6kokemusta vanhusty\u00f6st\u00e4. Tutkinto muodostuu kolmesta pakollisesta ja yhdest\u00e4 valinnaisesta tutkinnon osasta. My\u00f6s yksitt\u00e4isten tutkinnon osien suorittaminen on mahdollista ja opiskelun voi aloittaa mist\u00e4 tutkinnon osasta tahansa. Pakolliset tutkinnon osat: Vanhusty\u00f6ss\u00e4 vastuuhenkil\u00f6n\u00e4 toimiminen Asiakaspalveluverkostossa &hellip; <a href=\"https:\/\/blogit.gradia.fi\/soteammattilaiset\/jalkojenhoidon-ammattitutkinto\/vanhustyon-erikoisammattitutkinto\/\" class=\"more-link\">Jatka lukemista <span class=\"screen-reader-text\">Vanhusty\u00f6n erikoisammattitutkinto<\/span> <span class=\"meta-nav\">&rarr;<\/span><\/a><\/p>\n","protected":false},"author":1131,"featured_media":0,"parent":12,"menu_order":3,"comment_status":"closed","ping_status":"closed","template":"","meta":{"_uag_custom_page_level_css":"","footnotes":""},"class_list":["post-83","page","type-page","status-publish","hentry"],"yoast_head":"<!-- This site is optimized with the Yoast SEO plugin v27.5 - https:\/\/yoast.com\/product\/yoast-seo-wordpress\/ -->\n<title>Vanhusty\u00f6n erikoisammattitutkinto - Sote ammattilaiset<\/title>\n<meta name=\"robots\" content=\"index, follow, max-snippet:-1, max-image-preview:large, max-video-preview:-1\" \/>\n<link rel=\"canonical\" href=\"https:\/\/blogit.gradia.fi\/soteammattilaiset\/jalkojenhoidon-ammattitutkinto\/vanhustyon-erikoisammattitutkinto\/\" \/>\n<meta property=\"og:locale\" content=\"fi_FI\" \/>\n<meta property=\"og:type\" content=\"article\" \/>\n<meta property=\"og:title\" content=\"Vanhusty\u00f6n erikoisammattitutkinto - Sote ammattilaiset\" \/>\n<meta property=\"og:description\" content=\"Vanhusty\u00f6n erikoisammattitutkinto Vanhusty\u00f6n erikoisammattitutkinto on tarkoitettu vanhusty\u00f6ss\u00e4 toimiville ty\u00f6ntekij\u00f6ille, joilla on v\u00e4hint\u00e4\u00e4n sosiaali- ja terveysalan ammatillisen perustutkinnon tasoiset tiedot ja taidot sek\u00e4 ty\u00f6kokemusta vanhusty\u00f6st\u00e4. Tutkinto muodostuu kolmesta pakollisesta ja yhdest\u00e4 valinnaisesta tutkinnon osasta. My\u00f6s yksitt\u00e4isten tutkinnon osien suorittaminen on mahdollista ja opiskelun voi aloittaa mist\u00e4 tutkinnon osasta tahansa. Pakolliset tutkinnon osat: Vanhusty\u00f6ss\u00e4 vastuuhenkil\u00f6n\u00e4 toimiminen Asiakaspalveluverkostossa &hellip; Jatka lukemista Vanhusty\u00f6n erikoisammattitutkinto &rarr;\" \/>\n<meta property=\"og:url\" content=\"https:\/\/blogit.gradia.fi\/soteammattilaiset\/jalkojenhoidon-ammattitutkinto\/vanhustyon-erikoisammattitutkinto\/\" \/>\n<meta property=\"og:site_name\" content=\"Sote ammattilaiset\" \/>\n<meta property=\"article:modified_time\" content=\"2016-10-25T17:49:29+00:00\" \/>\n<meta property=\"og:image\" content=\"https:\/\/blogit.gradia.fi\/soteammattilaiset\/wp-content\/uploads\/sites\/103\/2016\/03\/flower-1617202__180.jpg\" \/>\n\t<meta property=\"og:image:width\" content=\"270\" \/>\n\t<meta property=\"og:image:height\" content=\"180\" \/>\n\t<meta property=\"og:image:type\" content=\"image\/jpeg\" \/>\n<meta name=\"twitter:card\" content=\"summary_large_image\" \/>\n<meta name=\"twitter:label1\" content=\"Arvioitu lukuaika\" \/>\n\t<meta name=\"twitter:data1\" content=\"1 minuutti\" \/>\n<script type=\"application\/ld+json\" class=\"yoast-schema-graph\">{\"@context\":\"https:\\\/\\\/schema.org\",\"@graph\":[{\"@type\":\"WebPage\",\"@id\":\"https:\\\/\\\/blogit.gradia.fi\\\/soteammattilaiset\\\/jalkojenhoidon-ammattitutkinto\\\/vanhustyon-erikoisammattitutkinto\\\/\",\"url\":\"https:\\\/\\\/blogit.gradia.fi\\\/soteammattilaiset\\\/jalkojenhoidon-ammattitutkinto\\\/vanhustyon-erikoisammattitutkinto\\\/\",\"name\":\"Vanhusty\u00f6n erikoisammattitutkinto - Sote ammattilaiset\",\"isPartOf\":{\"@id\":\"https:\\\/\\\/blogit.gradia.fi\\\/soteammattilaiset\\\/#website\"},\"primaryImageOfPage\":{\"@id\":\"https:\\\/\\\/blogit.gradia.fi\\\/soteammattilaiset\\\/jalkojenhoidon-ammattitutkinto\\\/vanhustyon-erikoisammattitutkinto\\\/#primaryimage\"},\"image\":{\"@id\":\"https:\\\/\\\/blogit.gradia.fi\\\/soteammattilaiset\\\/jalkojenhoidon-ammattitutkinto\\\/vanhustyon-erikoisammattitutkinto\\\/#primaryimage\"},\"thumbnailUrl\":\"https:\\\/\\\/blogit.gradia.fi\\\/soteammattilaiset\\\/wp-content\\\/uploads\\\/sites\\\/103\\\/2016\\\/03\\\/flower-1617202__180.jpg\",\"datePublished\":\"2016-03-22T19:52:00+00:00\",\"dateModified\":\"2016-10-25T17:49:29+00:00\",\"breadcrumb\":{\"@id\":\"https:\\\/\\\/blogit.gradia.fi\\\/soteammattilaiset\\\/jalkojenhoidon-ammattitutkinto\\\/vanhustyon-erikoisammattitutkinto\\\/#breadcrumb\"},\"inLanguage\":\"fi\",\"potentialAction\":[{\"@type\":\"ReadAction\",\"target\":[\"https:\\\/\\\/blogit.gradia.fi\\\/soteammattilaiset\\\/jalkojenhoidon-ammattitutkinto\\\/vanhustyon-erikoisammattitutkinto\\\/\"]}]},{\"@type\":\"ImageObject\",\"inLanguage\":\"fi\",\"@id\":\"https:\\\/\\\/blogit.gradia.fi\\\/soteammattilaiset\\\/jalkojenhoidon-ammattitutkinto\\\/vanhustyon-erikoisammattitutkinto\\\/#primaryimage\",\"url\":\"https:\\\/\\\/blogit.gradia.fi\\\/soteammattilaiset\\\/wp-content\\\/uploads\\\/sites\\\/103\\\/2016\\\/03\\\/flower-1617202__180.jpg\",\"contentUrl\":\"https:\\\/\\\/blogit.gradia.fi\\\/soteammattilaiset\\\/wp-content\\\/uploads\\\/sites\\\/103\\\/2016\\\/03\\\/flower-1617202__180.jpg\"},{\"@type\":\"BreadcrumbList\",\"@id\":\"https:\\\/\\\/blogit.gradia.fi\\\/soteammattilaiset\\\/jalkojenhoidon-ammattitutkinto\\\/vanhustyon-erikoisammattitutkinto\\\/#breadcrumb\",\"itemListElement\":[{\"@type\":\"ListItem\",\"position\":1,\"name\":\"Erikoisammattitutkinnot\",\"item\":\"https:\\\/\\\/blogit.gradia.fi\\\/soteammattilaiset\\\/jalkojenhoidon-ammattitutkinto\\\/\"},{\"@type\":\"ListItem\",\"position\":2,\"name\":\"Vanhusty\u00f6n erikoisammattitutkinto\"}]},{\"@type\":\"WebSite\",\"@id\":\"https:\\\/\\\/blogit.gradia.fi\\\/soteammattilaiset\\\/#website\",\"url\":\"https:\\\/\\\/blogit.gradia.fi\\\/soteammattilaiset\\\/\",\"name\":\"Sote ammattilaiset\",\"description\":\"Gradia Jyv\u00e4skyl\u00e4 \\\/ Osallisuus ja ohjaaminen palvelut ammatti- ja erikoisammattitutkinnot\",\"potentialAction\":[{\"@type\":\"SearchAction\",\"target\":{\"@type\":\"EntryPoint\",\"urlTemplate\":\"https:\\\/\\\/blogit.gradia.fi\\\/soteammattilaiset\\\/?s={search_term_string}\"},\"query-input\":{\"@type\":\"PropertyValueSpecification\",\"valueRequired\":true,\"valueName\":\"search_term_string\"}}],\"inLanguage\":\"fi\"}]}<\/script>\n<!-- \/ Yoast SEO plugin. -->","yoast_head_json":{"title":"Vanhusty\u00f6n erikoisammattitutkinto - Sote ammattilaiset","robots":{"index":"index","follow":"follow","max-snippet":"max-snippet:-1","max-image-preview":"max-image-preview:large","max-video-preview":"max-video-preview:-1"},"canonical":"https:\/\/blogit.gradia.fi\/soteammattilaiset\/jalkojenhoidon-ammattitutkinto\/vanhustyon-erikoisammattitutkinto\/","og_locale":"fi_FI","og_type":"article","og_title":"Vanhusty\u00f6n erikoisammattitutkinto - Sote ammattilaiset","og_description":"Vanhusty\u00f6n erikoisammattitutkinto Vanhusty\u00f6n erikoisammattitutkinto on tarkoitettu vanhusty\u00f6ss\u00e4 toimiville ty\u00f6ntekij\u00f6ille, joilla on v\u00e4hint\u00e4\u00e4n sosiaali- ja terveysalan ammatillisen perustutkinnon tasoiset tiedot ja taidot sek\u00e4 ty\u00f6kokemusta vanhusty\u00f6st\u00e4. Tutkinto muodostuu kolmesta pakollisesta ja yhdest\u00e4 valinnaisesta tutkinnon osasta. My\u00f6s yksitt\u00e4isten tutkinnon osien suorittaminen on mahdollista ja opiskelun voi aloittaa mist\u00e4 tutkinnon osasta tahansa. Pakolliset tutkinnon osat: Vanhusty\u00f6ss\u00e4 vastuuhenkil\u00f6n\u00e4 toimiminen Asiakaspalveluverkostossa &hellip; Jatka lukemista Vanhusty\u00f6n erikoisammattitutkinto &rarr;","og_url":"https:\/\/blogit.gradia.fi\/soteammattilaiset\/jalkojenhoidon-ammattitutkinto\/vanhustyon-erikoisammattitutkinto\/","og_site_name":"Sote ammattilaiset","article_modified_time":"2016-10-25T17:49:29+00:00","og_image":[{"width":270,"height":180,"url":"https:\/\/blogit.gradia.fi\/soteammattilaiset\/wp-content\/uploads\/sites\/103\/2016\/03\/flower-1617202__180.jpg","type":"image\/jpeg"}],"twitter_card":"summary_large_image","twitter_misc":{"Arvioitu lukuaika":"1 minuutti"},"schema":{"@context":"https:\/\/schema.org","@graph":[{"@type":"WebPage","@id":"https:\/\/blogit.gradia.fi\/soteammattilaiset\/jalkojenhoidon-ammattitutkinto\/vanhustyon-erikoisammattitutkinto\/","url":"https:\/\/blogit.gradia.fi\/soteammattilaiset\/jalkojenhoidon-ammattitutkinto\/vanhustyon-erikoisammattitutkinto\/","name":"Vanhusty\u00f6n erikoisammattitutkinto - Sote ammattilaiset","isPartOf":{"@id":"https:\/\/blogit.gradia.fi\/soteammattilaiset\/#website"},"primaryImageOfPage":{"@id":"https:\/\/blogit.gradia.fi\/soteammattilaiset\/jalkojenhoidon-ammattitutkinto\/vanhustyon-erikoisammattitutkinto\/#primaryimage"},"image":{"@id":"https:\/\/blogit.gradia.fi\/soteammattilaiset\/jalkojenhoidon-ammattitutkinto\/vanhustyon-erikoisammattitutkinto\/#primaryimage"},"thumbnailUrl":"https:\/\/blogit.gradia.fi\/soteammattilaiset\/wp-content\/uploads\/sites\/103\/2016\/03\/flower-1617202__180.jpg","datePublished":"2016-03-22T19:52:00+00:00","dateModified":"2016-10-25T17:49:29+00:00","breadcrumb":{"@id":"https:\/\/blogit.gradia.fi\/soteammattilaiset\/jalkojenhoidon-ammattitutkinto\/vanhustyon-erikoisammattitutkinto\/#breadcrumb"},"inLanguage":"fi","potentialAction":[{"@type":"ReadAction","target":["https:\/\/blogit.gradia.fi\/soteammattilaiset\/jalkojenhoidon-ammattitutkinto\/vanhustyon-erikoisammattitutkinto\/"]}]},{"@type":"ImageObject","inLanguage":"fi","@id":"https:\/\/blogit.gradia.fi\/soteammattilaiset\/jalkojenhoidon-ammattitutkinto\/vanhustyon-erikoisammattitutkinto\/#primaryimage","url":"https:\/\/blogit.gradia.fi\/soteammattilaiset\/wp-content\/uploads\/sites\/103\/2016\/03\/flower-1617202__180.jpg","contentUrl":"https:\/\/blogit.gradia.fi\/soteammattilaiset\/wp-content\/uploads\/sites\/103\/2016\/03\/flower-1617202__180.jpg"},{"@type":"BreadcrumbList","@id":"https:\/\/blogit.gradia.fi\/soteammattilaiset\/jalkojenhoidon-ammattitutkinto\/vanhustyon-erikoisammattitutkinto\/#breadcrumb","itemListElement":[{"@type":"ListItem","position":1,"name":"Erikoisammattitutkinnot","item":"https:\/\/blogit.gradia.fi\/soteammattilaiset\/jalkojenhoidon-ammattitutkinto\/"},{"@type":"ListItem","position":2,"name":"Vanhusty\u00f6n erikoisammattitutkinto"}]},{"@type":"WebSite","@id":"https:\/\/blogit.gradia.fi\/soteammattilaiset\/#website","url":"https:\/\/blogit.gradia.fi\/soteammattilaiset\/","name":"Sote ammattilaiset","description":"Gradia Jyv\u00e4skyl\u00e4 \/ Osallisuus ja ohjaaminen palvelut ammatti- ja erikoisammattitutkinnot","potentialAction":[{"@type":"SearchAction","target":{"@type":"EntryPoint","urlTemplate":"https:\/\/blogit.gradia.fi\/soteammattilaiset\/?s={search_term_string}"},"query-input":{"@type":"PropertyValueSpecification","valueRequired":true,"valueName":"search_term_string"}}],"inLanguage":"fi"}]}},"uagb_featured_image_src":{"full":false,"thumbnail":false,"medium":false,"medium_large":false,"large":false,"1536x1536":false,"2048x2048":false,"post-thumbnail":false},"uagb_author_info":{"display_name":"arkistoija","author_link":"https:\/\/blogit.gradia.fi\/soteammattilaiset\/author\/arkistoija\/"},"uagb_comment_info":0,"uagb_excerpt":"Vanhusty\u00f6n erikoisammattitutkinto Vanhusty\u00f6n erikoisammattitutkinto on tarkoitettu vanhusty\u00f6ss\u00e4 toimiville ty\u00f6ntekij\u00f6ille, joilla on v\u00e4hint\u00e4\u00e4n sosiaali- ja terveysalan ammatillisen perustutkinnon tasoiset tiedot ja taidot sek\u00e4 ty\u00f6kokemusta vanhusty\u00f6st\u00e4. Tutkinto muodostuu kolmesta pakollisesta ja yhdest\u00e4 valinnaisesta tutkinnon osasta. My\u00f6s yksitt\u00e4isten tutkinnon osien suorittaminen on mahdollista ja opiskelun voi aloittaa mist\u00e4 tutkinnon osasta tahansa. Pakolliset tutkinnon osat: Vanhusty\u00f6ss\u00e4 vastuuhenkil\u00f6n\u00e4 toimiminen Asiakaspalveluverkostossa&hellip;","_links":{"self":[{"href":"https:\/\/blogit.gradia.fi\/soteammattilaiset\/wp-json\/wp\/v2\/pages\/83","targetHints":{"allow":["GET"]}}],"collection":[{"href":"https:\/\/blogit.gradia.fi\/soteammattilaiset\/wp-json\/wp\/v2\/pages"}],"about":[{"href":"https:\/\/blogit.gradia.fi\/soteammattilaiset\/wp-json\/wp\/v2\/types\/page"}],"author":[{"embeddable":true,"href":"https:\/\/blogit.gradia.fi\/soteammattilaiset\/wp-json\/wp\/v2\/users\/1131"}],"replies":[{"embeddable":true,"href":"https:\/\/blogit.gradia.fi\/soteammattilaiset\/wp-json\/wp\/v2\/comments?post=83"}],"version-history":[{"count":0,"href":"https:\/\/blogit.gradia.fi\/soteammattilaiset\/wp-json\/wp\/v2\/pages\/83\/revisions"}],"up":[{"embeddable":true,"href":"https:\/\/blogit.gradia.fi\/soteammattilaiset\/wp-json\/wp\/v2\/pages\/12"}],"wp:attachment":[{"href":"https:\/\/blogit.gradia.fi\/soteammattilaiset\/wp-json\/wp\/v2\/media?parent=83"}],"curies":[{"name":"wp","href":"https:\/\/api.w.org\/{rel}","templated":true}]}}