{"id":81,"date":"2016-03-22T21:51:36","date_gmt":"2016-03-22T19:51:36","guid":{"rendered":"https:\/\/blogit.gradia.fi\/soteammattilaiset\/?page_id=81"},"modified":"2016-04-26T19:31:39","modified_gmt":"2016-04-26T16:31:39","slug":"tyovalmennuksen-erikoisammattitutkinto","status":"publish","type":"page","link":"https:\/\/blogit.gradia.fi\/soteammattilaiset\/jalkojenhoidon-ammattitutkinto\/tyovalmennuksen-erikoisammattitutkinto\/","title":{"rendered":"Ty\u00f6valmennuksen erikoisammattitutkinto"},"content":{"rendered":"<p><strong>Ty\u00f6valmennuksen erikoisammattitutkinto<\/strong><\/p>\n<p><strong>Kohderyhm\u00e4<\/strong><br \/>\nTy\u00f6valmennuksen erikoisammattitutkinto on tarkoitettu henkil\u00f6lle, jolla on v\u00e4hint\u00e4\u00e4n sosiaali- ja terveysalan ammatillisen perustutkinnon tai muun soveltuvan tutkinnon ( esim. nuoriso- ja vapaa-ajanohjaaja, sosionomi, teknisen alan koulutus ) tasoiset tiedot ja taidot sek\u00e4 ty\u00f6kokemusta opetus-, ohjaus- tai ty\u00f6valmennusty\u00f6st\u00e4.<\/p>\n<p><strong>Kuvaus<\/strong><br \/>\nTy\u00f6valmennuksen erikoisammattitutkinto sijoittuu ty\u00f6h\u00f6n kuntoutuksen ja ty\u00f6el\u00e4m\u00e4\u00e4n valmennuksen toimialalle, joka kattaa ty\u00f6ss\u00e4 ja ty\u00f6paikoilla tapahtuvan ty\u00f6valmennustoiminnan lis\u00e4ksi lakis\u00e4\u00e4teisen ammatillisen kuntoutuksen ja sosiaalisen ty\u00f6llist\u00e4misen toiminnot. Ty\u00f6valmennuksen erikoisammattitutkinnossa osoitetaan alan vaativimpien ty\u00f6teht\u00e4vien hallinta.<\/p>\n<p>Pakolliset tutkinnon osat<\/p>\n<p>Ammatillinen toiminta ty\u00f6valmennuksessa: aloitus joustavasti verkko-opintoina<br \/>\nAsiakkaan ty\u00f6valmennusprosessissa toimiminen<br \/>\nTy\u00f6el\u00e4m\u00e4osaaminen ja ty\u00f6valmennuksen vastuuhenkil\u00f6n\u00e4 toimiminen<\/p>\n<p>Valinnaiset tutkinnon osat, joista valitaan yksi<\/p>\n<p>Ty\u00f6valmennuspalveluiden kehitt\u00e4minen ja tuotteistaminen<\/p>\n<p>Koulutus sis\u00e4lt\u00e4\u00e4 l\u00e4hiopetusta, itsen\u00e4ist\u00e4 et\u00e4opiskelua ja ty\u00f6ss\u00e4oppimista. Aikaisempi koulutus, ty\u00f6kokemus ja muu toiminta kartoitetaan, jonka pohjalta koulutuksen lopullinen sis\u00e4lt\u00f6 ja kesto m\u00e4\u00e4r\u00e4ytyv\u00e4t. Voit opiskella my\u00f6s yksitt\u00e4isi\u00e4 tutkinnon osia.<\/p>\n<p>Tutkinnon voi suorittaa my\u00f6s oppisopimuksena.<\/p>\n<p>Koulutukseen sis\u00e4ltyy ammatillista kasvua tukeva ryhm\u00e4ty\u00f6nohjaus.<\/p>\n<p><strong><a href=\"https:\/\/www.jao.fi\/primus\/Tyovalmennuksen-erikoisammattitutkinto\/25037\/6-12234\">Hae koulutukseen<\/a><\/strong><\/p>\n<p><strong>Lis\u00e4tietoja antaa<\/strong><br \/>\nKouluttaja Hannele Huusko puh. 040 341 6431 tai s-posti etunimi.sukunimi (at)jao.fi tai opiskelijan ohjauspalvelu puh. 040 341 5055 tai aikuisopisto(at)jao.fi.<\/p>\n<p>&nbsp;<\/p>\n<p>&nbsp;<\/p>\n","protected":false},"excerpt":{"rendered":"<p>Ty\u00f6valmennuksen erikoisammattitutkinto Kohderyhm\u00e4 Ty\u00f6valmennuksen erikoisammattitutkinto on tarkoitettu henkil\u00f6lle, jolla on v\u00e4hint\u00e4\u00e4n sosiaali- ja terveysalan ammatillisen perustutkinnon tai muun soveltuvan tutkinnon ( esim. nuoriso- ja vapaa-ajanohjaaja, sosionomi, teknisen alan koulutus ) tasoiset tiedot ja taidot sek\u00e4 ty\u00f6kokemusta opetus-, ohjaus- tai ty\u00f6valmennusty\u00f6st\u00e4. Kuvaus Ty\u00f6valmennuksen erikoisammattitutkinto sijoittuu ty\u00f6h\u00f6n kuntoutuksen ja ty\u00f6el\u00e4m\u00e4\u00e4n valmennuksen toimialalle, joka kattaa ty\u00f6ss\u00e4 ja ty\u00f6paikoilla &hellip; <a href=\"https:\/\/blogit.gradia.fi\/soteammattilaiset\/jalkojenhoidon-ammattitutkinto\/tyovalmennuksen-erikoisammattitutkinto\/\" class=\"more-link\">Jatka lukemista <span class=\"screen-reader-text\">Ty\u00f6valmennuksen erikoisammattitutkinto<\/span> <span class=\"meta-nav\">&rarr;<\/span><\/a><\/p>\n","protected":false},"author":1131,"featured_media":0,"parent":12,"menu_order":2,"comment_status":"closed","ping_status":"closed","template":"","meta":{"_uag_custom_page_level_css":"","footnotes":""},"class_list":["post-81","page","type-page","status-publish","hentry"],"yoast_head":"<!-- This site is optimized with the Yoast SEO plugin v27.5 - https:\/\/yoast.com\/product\/yoast-seo-wordpress\/ -->\n<title>Ty\u00f6valmennuksen erikoisammattitutkinto - Sote ammattilaiset<\/title>\n<meta name=\"robots\" content=\"index, follow, max-snippet:-1, max-image-preview:large, max-video-preview:-1\" \/>\n<link rel=\"canonical\" href=\"https:\/\/blogit.gradia.fi\/soteammattilaiset\/jalkojenhoidon-ammattitutkinto\/tyovalmennuksen-erikoisammattitutkinto\/\" \/>\n<meta property=\"og:locale\" content=\"fi_FI\" \/>\n<meta property=\"og:type\" content=\"article\" \/>\n<meta property=\"og:title\" content=\"Ty\u00f6valmennuksen erikoisammattitutkinto - Sote ammattilaiset\" \/>\n<meta property=\"og:description\" content=\"Ty\u00f6valmennuksen erikoisammattitutkinto Kohderyhm\u00e4 Ty\u00f6valmennuksen erikoisammattitutkinto on tarkoitettu henkil\u00f6lle, jolla on v\u00e4hint\u00e4\u00e4n sosiaali- ja terveysalan ammatillisen perustutkinnon tai muun soveltuvan tutkinnon ( esim. nuoriso- ja vapaa-ajanohjaaja, sosionomi, teknisen alan koulutus ) tasoiset tiedot ja taidot sek\u00e4 ty\u00f6kokemusta opetus-, ohjaus- tai ty\u00f6valmennusty\u00f6st\u00e4. Kuvaus Ty\u00f6valmennuksen erikoisammattitutkinto sijoittuu ty\u00f6h\u00f6n kuntoutuksen ja ty\u00f6el\u00e4m\u00e4\u00e4n valmennuksen toimialalle, joka kattaa ty\u00f6ss\u00e4 ja ty\u00f6paikoilla &hellip; Jatka lukemista Ty\u00f6valmennuksen erikoisammattitutkinto &rarr;\" \/>\n<meta property=\"og:url\" content=\"https:\/\/blogit.gradia.fi\/soteammattilaiset\/jalkojenhoidon-ammattitutkinto\/tyovalmennuksen-erikoisammattitutkinto\/\" \/>\n<meta property=\"og:site_name\" content=\"Sote ammattilaiset\" \/>\n<meta property=\"article:modified_time\" content=\"2016-04-26T16:31:39+00:00\" \/>\n<meta name=\"twitter:card\" content=\"summary_large_image\" \/>\n<meta name=\"twitter:label1\" content=\"Arvioitu lukuaika\" \/>\n\t<meta name=\"twitter:data1\" content=\"1 minuutti\" \/>\n<script type=\"application\/ld+json\" class=\"yoast-schema-graph\">{\"@context\":\"https:\\\/\\\/schema.org\",\"@graph\":[{\"@type\":\"WebPage\",\"@id\":\"https:\\\/\\\/blogit.gradia.fi\\\/soteammattilaiset\\\/jalkojenhoidon-ammattitutkinto\\\/tyovalmennuksen-erikoisammattitutkinto\\\/\",\"url\":\"https:\\\/\\\/blogit.gradia.fi\\\/soteammattilaiset\\\/jalkojenhoidon-ammattitutkinto\\\/tyovalmennuksen-erikoisammattitutkinto\\\/\",\"name\":\"Ty\u00f6valmennuksen erikoisammattitutkinto - Sote ammattilaiset\",\"isPartOf\":{\"@id\":\"https:\\\/\\\/blogit.gradia.fi\\\/soteammattilaiset\\\/#website\"},\"datePublished\":\"2016-03-22T19:51:36+00:00\",\"dateModified\":\"2016-04-26T16:31:39+00:00\",\"breadcrumb\":{\"@id\":\"https:\\\/\\\/blogit.gradia.fi\\\/soteammattilaiset\\\/jalkojenhoidon-ammattitutkinto\\\/tyovalmennuksen-erikoisammattitutkinto\\\/#breadcrumb\"},\"inLanguage\":\"fi\",\"potentialAction\":[{\"@type\":\"ReadAction\",\"target\":[\"https:\\\/\\\/blogit.gradia.fi\\\/soteammattilaiset\\\/jalkojenhoidon-ammattitutkinto\\\/tyovalmennuksen-erikoisammattitutkinto\\\/\"]}]},{\"@type\":\"BreadcrumbList\",\"@id\":\"https:\\\/\\\/blogit.gradia.fi\\\/soteammattilaiset\\\/jalkojenhoidon-ammattitutkinto\\\/tyovalmennuksen-erikoisammattitutkinto\\\/#breadcrumb\",\"itemListElement\":[{\"@type\":\"ListItem\",\"position\":1,\"name\":\"Erikoisammattitutkinnot\",\"item\":\"https:\\\/\\\/blogit.gradia.fi\\\/soteammattilaiset\\\/jalkojenhoidon-ammattitutkinto\\\/\"},{\"@type\":\"ListItem\",\"position\":2,\"name\":\"Ty\u00f6valmennuksen erikoisammattitutkinto\"}]},{\"@type\":\"WebSite\",\"@id\":\"https:\\\/\\\/blogit.gradia.fi\\\/soteammattilaiset\\\/#website\",\"url\":\"https:\\\/\\\/blogit.gradia.fi\\\/soteammattilaiset\\\/\",\"name\":\"Sote ammattilaiset\",\"description\":\"Gradia Jyv\u00e4skyl\u00e4 \\\/ Osallisuus ja ohjaaminen palvelut ammatti- ja erikoisammattitutkinnot\",\"potentialAction\":[{\"@type\":\"SearchAction\",\"target\":{\"@type\":\"EntryPoint\",\"urlTemplate\":\"https:\\\/\\\/blogit.gradia.fi\\\/soteammattilaiset\\\/?s={search_term_string}\"},\"query-input\":{\"@type\":\"PropertyValueSpecification\",\"valueRequired\":true,\"valueName\":\"search_term_string\"}}],\"inLanguage\":\"fi\"}]}<\/script>\n<!-- \/ Yoast SEO plugin. -->","yoast_head_json":{"title":"Ty\u00f6valmennuksen erikoisammattitutkinto - Sote ammattilaiset","robots":{"index":"index","follow":"follow","max-snippet":"max-snippet:-1","max-image-preview":"max-image-preview:large","max-video-preview":"max-video-preview:-1"},"canonical":"https:\/\/blogit.gradia.fi\/soteammattilaiset\/jalkojenhoidon-ammattitutkinto\/tyovalmennuksen-erikoisammattitutkinto\/","og_locale":"fi_FI","og_type":"article","og_title":"Ty\u00f6valmennuksen erikoisammattitutkinto - Sote ammattilaiset","og_description":"Ty\u00f6valmennuksen erikoisammattitutkinto Kohderyhm\u00e4 Ty\u00f6valmennuksen erikoisammattitutkinto on tarkoitettu henkil\u00f6lle, jolla on v\u00e4hint\u00e4\u00e4n sosiaali- ja terveysalan ammatillisen perustutkinnon tai muun soveltuvan tutkinnon ( esim. nuoriso- ja vapaa-ajanohjaaja, sosionomi, teknisen alan koulutus ) tasoiset tiedot ja taidot sek\u00e4 ty\u00f6kokemusta opetus-, ohjaus- tai ty\u00f6valmennusty\u00f6st\u00e4. Kuvaus Ty\u00f6valmennuksen erikoisammattitutkinto sijoittuu ty\u00f6h\u00f6n kuntoutuksen ja ty\u00f6el\u00e4m\u00e4\u00e4n valmennuksen toimialalle, joka kattaa ty\u00f6ss\u00e4 ja ty\u00f6paikoilla &hellip; Jatka lukemista Ty\u00f6valmennuksen erikoisammattitutkinto &rarr;","og_url":"https:\/\/blogit.gradia.fi\/soteammattilaiset\/jalkojenhoidon-ammattitutkinto\/tyovalmennuksen-erikoisammattitutkinto\/","og_site_name":"Sote ammattilaiset","article_modified_time":"2016-04-26T16:31:39+00:00","twitter_card":"summary_large_image","twitter_misc":{"Arvioitu lukuaika":"1 minuutti"},"schema":{"@context":"https:\/\/schema.org","@graph":[{"@type":"WebPage","@id":"https:\/\/blogit.gradia.fi\/soteammattilaiset\/jalkojenhoidon-ammattitutkinto\/tyovalmennuksen-erikoisammattitutkinto\/","url":"https:\/\/blogit.gradia.fi\/soteammattilaiset\/jalkojenhoidon-ammattitutkinto\/tyovalmennuksen-erikoisammattitutkinto\/","name":"Ty\u00f6valmennuksen erikoisammattitutkinto - Sote ammattilaiset","isPartOf":{"@id":"https:\/\/blogit.gradia.fi\/soteammattilaiset\/#website"},"datePublished":"2016-03-22T19:51:36+00:00","dateModified":"2016-04-26T16:31:39+00:00","breadcrumb":{"@id":"https:\/\/blogit.gradia.fi\/soteammattilaiset\/jalkojenhoidon-ammattitutkinto\/tyovalmennuksen-erikoisammattitutkinto\/#breadcrumb"},"inLanguage":"fi","potentialAction":[{"@type":"ReadAction","target":["https:\/\/blogit.gradia.fi\/soteammattilaiset\/jalkojenhoidon-ammattitutkinto\/tyovalmennuksen-erikoisammattitutkinto\/"]}]},{"@type":"BreadcrumbList","@id":"https:\/\/blogit.gradia.fi\/soteammattilaiset\/jalkojenhoidon-ammattitutkinto\/tyovalmennuksen-erikoisammattitutkinto\/#breadcrumb","itemListElement":[{"@type":"ListItem","position":1,"name":"Erikoisammattitutkinnot","item":"https:\/\/blogit.gradia.fi\/soteammattilaiset\/jalkojenhoidon-ammattitutkinto\/"},{"@type":"ListItem","position":2,"name":"Ty\u00f6valmennuksen erikoisammattitutkinto"}]},{"@type":"WebSite","@id":"https:\/\/blogit.gradia.fi\/soteammattilaiset\/#website","url":"https:\/\/blogit.gradia.fi\/soteammattilaiset\/","name":"Sote ammattilaiset","description":"Gradia Jyv\u00e4skyl\u00e4 \/ Osallisuus ja ohjaaminen palvelut ammatti- ja erikoisammattitutkinnot","potentialAction":[{"@type":"SearchAction","target":{"@type":"EntryPoint","urlTemplate":"https:\/\/blogit.gradia.fi\/soteammattilaiset\/?s={search_term_string}"},"query-input":{"@type":"PropertyValueSpecification","valueRequired":true,"valueName":"search_term_string"}}],"inLanguage":"fi"}]}},"uagb_featured_image_src":{"full":false,"thumbnail":false,"medium":false,"medium_large":false,"large":false,"1536x1536":false,"2048x2048":false,"post-thumbnail":false},"uagb_author_info":{"display_name":"arkistoija","author_link":"https:\/\/blogit.gradia.fi\/soteammattilaiset\/author\/arkistoija\/"},"uagb_comment_info":0,"uagb_excerpt":"Ty\u00f6valmennuksen erikoisammattitutkinto Kohderyhm\u00e4 Ty\u00f6valmennuksen erikoisammattitutkinto on tarkoitettu henkil\u00f6lle, jolla on v\u00e4hint\u00e4\u00e4n sosiaali- ja terveysalan ammatillisen perustutkinnon tai muun soveltuvan tutkinnon ( esim. nuoriso- ja vapaa-ajanohjaaja, sosionomi, teknisen alan koulutus ) tasoiset tiedot ja taidot sek\u00e4 ty\u00f6kokemusta opetus-, ohjaus- tai ty\u00f6valmennusty\u00f6st\u00e4. Kuvaus Ty\u00f6valmennuksen erikoisammattitutkinto sijoittuu ty\u00f6h\u00f6n kuntoutuksen ja ty\u00f6el\u00e4m\u00e4\u00e4n valmennuksen toimialalle, joka kattaa ty\u00f6ss\u00e4 ja ty\u00f6paikoilla&hellip;","_links":{"self":[{"href":"https:\/\/blogit.gradia.fi\/soteammattilaiset\/wp-json\/wp\/v2\/pages\/81","targetHints":{"allow":["GET"]}}],"collection":[{"href":"https:\/\/blogit.gradia.fi\/soteammattilaiset\/wp-json\/wp\/v2\/pages"}],"about":[{"href":"https:\/\/blogit.gradia.fi\/soteammattilaiset\/wp-json\/wp\/v2\/types\/page"}],"author":[{"embeddable":true,"href":"https:\/\/blogit.gradia.fi\/soteammattilaiset\/wp-json\/wp\/v2\/users\/1131"}],"replies":[{"embeddable":true,"href":"https:\/\/blogit.gradia.fi\/soteammattilaiset\/wp-json\/wp\/v2\/comments?post=81"}],"version-history":[{"count":0,"href":"https:\/\/blogit.gradia.fi\/soteammattilaiset\/wp-json\/wp\/v2\/pages\/81\/revisions"}],"up":[{"embeddable":true,"href":"https:\/\/blogit.gradia.fi\/soteammattilaiset\/wp-json\/wp\/v2\/pages\/12"}],"wp:attachment":[{"href":"https:\/\/blogit.gradia.fi\/soteammattilaiset\/wp-json\/wp\/v2\/media?parent=81"}],"curies":[{"name":"wp","href":"https:\/\/api.w.org\/{rel}","templated":true}]}}