{"id":77,"date":"2016-03-22T21:48:22","date_gmt":"2016-03-22T19:48:22","guid":{"rendered":"https:\/\/blogit.gradia.fi\/soteammattilaiset\/?page_id=77"},"modified":"2017-09-01T19:16:21","modified_gmt":"2017-09-01T16:16:21","slug":"jalkojenhoidon-ammattitutkinto","status":"publish","type":"page","link":"https:\/\/blogit.gradia.fi\/soteammattilaiset\/ammattitutkinnot\/jalkojenhoidon-ammattitutkinto\/","title":{"rendered":"Jalkojenhoidon ammattitutkinto"},"content":{"rendered":"<p><strong>Jalkojenhoidon ammattitutkinto<\/strong><\/p>\n<p>Jalkojenhoidon ammattitutkinto tarjoaa sinulle<\/p>\n<p>Tutkinnon suorittamiseksi sinun kanssasi laaditaan henkil\u00f6kohtainen opiskeluohjelma.<\/p>\n<p>Voit suorittaa Jalkojenhoidon opinnot ty\u00f6n ohella ja ne kest\u00e4v\u00e4t vuodesta puoleentoista vuoteen<\/p>\n<p>Suoritettuasi Jalkojenhoidon ammattitutkinnon voit tehd\u00e4 perusjalkojenhoidon ty\u00f6t\u00e4 sosiaali- ja terveysalan sek\u00e4 kuntoutuksen erilaisissa ty\u00f6yhteis\u00f6iss\u00e4, esimerkiksi terveyskeskuksissa, sairaaloissa, hoiva- ja hoitolaitoksissa, palvelutaloissa, kuntoutuskeskuksissa, kylpyl\u00f6iss\u00e4, kauneushoitoloissa ja asiakkaiden kodeissa. Voit toimia my\u00f6s ammatinharjoittajana tai yritt\u00e4j\u00e4n\u00e4 ja myyd\u00e4 palveluita eri organisaatioille ja yksityisille asiakkaille.<\/p>\n<p>Koulutus toteutetaan monimuotokoulutuksena yhteisty\u00f6ss\u00e4 ty\u00f6el\u00e4m\u00e4n ja jalkojenhoidon eri alueiden asiantuntijoiden kanssa. Opiskeluun kuuluu my\u00f6s ty\u00f6ss\u00e4oppimisen jaksoja.<\/p>\n<p><a href=\"https:\/\/www.jao.fi\/primus\/Jalkojenhoidon-ammattitutkinto\/25037\/6-15548\"><strong>Lis\u00e4tietoja koulutuksesta<\/strong><\/a><\/a><\/a><\/p>\n<p>Koulutus voidaan suorittaa my\u00f6s oppisopimuskoulutuksena. Ota yhteys Jyv\u00e4skyl\u00e4n oppisopimuskeskus Krista Hanski puh.040 341 5191, etunimi.sukunimi@jao.fi<\/p>\n","protected":false},"excerpt":{"rendered":"<p>Jalkojenhoidon ammattitutkinto Jalkojenhoidon ammattitutkinto tarjoaa sinulle Tutkinnon suorittamiseksi sinun kanssasi laaditaan henkil\u00f6kohtainen opiskeluohjelma. Voit suorittaa Jalkojenhoidon opinnot ty\u00f6n ohella ja ne kest\u00e4v\u00e4t vuodesta puoleentoista vuoteen Suoritettuasi Jalkojenhoidon ammattitutkinnon voit tehd\u00e4 perusjalkojenhoidon ty\u00f6t\u00e4 sosiaali- ja terveysalan sek\u00e4 kuntoutuksen erilaisissa ty\u00f6yhteis\u00f6iss\u00e4, esimerkiksi terveyskeskuksissa, sairaaloissa, hoiva- ja hoitolaitoksissa, palvelutaloissa, kuntoutuskeskuksissa, kylpyl\u00f6iss\u00e4, kauneushoitoloissa ja asiakkaiden kodeissa. Voit toimia my\u00f6s &hellip; <a href=\"https:\/\/blogit.gradia.fi\/soteammattilaiset\/ammattitutkinnot\/jalkojenhoidon-ammattitutkinto\/\" class=\"more-link\">Jatka lukemista <span class=\"screen-reader-text\">Jalkojenhoidon ammattitutkinto<\/span> <span class=\"meta-nav\">&rarr;<\/span><\/a><\/p>\n","protected":false},"author":1131,"featured_media":0,"parent":75,"menu_order":6,"comment_status":"closed","ping_status":"closed","template":"","meta":{"_uag_custom_page_level_css":"","footnotes":""},"class_list":["post-77","page","type-page","status-publish","hentry"],"yoast_head":"<!-- This site is optimized with the Yoast SEO plugin v27.5 - https:\/\/yoast.com\/product\/yoast-seo-wordpress\/ -->\n<title>Jalkojenhoidon ammattitutkinto - Sote ammattilaiset<\/title>\n<meta name=\"robots\" content=\"index, follow, max-snippet:-1, max-image-preview:large, max-video-preview:-1\" \/>\n<link rel=\"canonical\" href=\"https:\/\/blogit.gradia.fi\/soteammattilaiset\/ammattitutkinnot\/jalkojenhoidon-ammattitutkinto\/\" \/>\n<meta property=\"og:locale\" content=\"fi_FI\" \/>\n<meta property=\"og:type\" content=\"article\" \/>\n<meta property=\"og:title\" content=\"Jalkojenhoidon ammattitutkinto - Sote ammattilaiset\" \/>\n<meta property=\"og:description\" content=\"Jalkojenhoidon ammattitutkinto Jalkojenhoidon ammattitutkinto tarjoaa sinulle Tutkinnon suorittamiseksi sinun kanssasi laaditaan henkil\u00f6kohtainen opiskeluohjelma. Voit suorittaa Jalkojenhoidon opinnot ty\u00f6n ohella ja ne kest\u00e4v\u00e4t vuodesta puoleentoista vuoteen Suoritettuasi Jalkojenhoidon ammattitutkinnon voit tehd\u00e4 perusjalkojenhoidon ty\u00f6t\u00e4 sosiaali- ja terveysalan sek\u00e4 kuntoutuksen erilaisissa ty\u00f6yhteis\u00f6iss\u00e4, esimerkiksi terveyskeskuksissa, sairaaloissa, hoiva- ja hoitolaitoksissa, palvelutaloissa, kuntoutuskeskuksissa, kylpyl\u00f6iss\u00e4, kauneushoitoloissa ja asiakkaiden kodeissa. Voit toimia my\u00f6s &hellip; Jatka lukemista Jalkojenhoidon ammattitutkinto &rarr;\" \/>\n<meta property=\"og:url\" content=\"https:\/\/blogit.gradia.fi\/soteammattilaiset\/ammattitutkinnot\/jalkojenhoidon-ammattitutkinto\/\" \/>\n<meta property=\"og:site_name\" content=\"Sote ammattilaiset\" \/>\n<meta property=\"article:modified_time\" content=\"2017-09-01T16:16:21+00:00\" \/>\n<meta name=\"twitter:card\" content=\"summary_large_image\" \/>\n<meta name=\"twitter:label1\" content=\"Arvioitu lukuaika\" \/>\n\t<meta name=\"twitter:data1\" content=\"1 minuutti\" \/>\n<script type=\"application\/ld+json\" class=\"yoast-schema-graph\">{\"@context\":\"https:\\\/\\\/schema.org\",\"@graph\":[{\"@type\":\"WebPage\",\"@id\":\"https:\\\/\\\/blogit.gradia.fi\\\/soteammattilaiset\\\/ammattitutkinnot\\\/jalkojenhoidon-ammattitutkinto\\\/\",\"url\":\"https:\\\/\\\/blogit.gradia.fi\\\/soteammattilaiset\\\/ammattitutkinnot\\\/jalkojenhoidon-ammattitutkinto\\\/\",\"name\":\"Jalkojenhoidon ammattitutkinto - Sote ammattilaiset\",\"isPartOf\":{\"@id\":\"https:\\\/\\\/blogit.gradia.fi\\\/soteammattilaiset\\\/#website\"},\"datePublished\":\"2016-03-22T19:48:22+00:00\",\"dateModified\":\"2017-09-01T16:16:21+00:00\",\"breadcrumb\":{\"@id\":\"https:\\\/\\\/blogit.gradia.fi\\\/soteammattilaiset\\\/ammattitutkinnot\\\/jalkojenhoidon-ammattitutkinto\\\/#breadcrumb\"},\"inLanguage\":\"fi\",\"potentialAction\":[{\"@type\":\"ReadAction\",\"target\":[\"https:\\\/\\\/blogit.gradia.fi\\\/soteammattilaiset\\\/ammattitutkinnot\\\/jalkojenhoidon-ammattitutkinto\\\/\"]}]},{\"@type\":\"BreadcrumbList\",\"@id\":\"https:\\\/\\\/blogit.gradia.fi\\\/soteammattilaiset\\\/ammattitutkinnot\\\/jalkojenhoidon-ammattitutkinto\\\/#breadcrumb\",\"itemListElement\":[{\"@type\":\"ListItem\",\"position\":1,\"name\":\"Ammattitutkinnot\",\"item\":\"https:\\\/\\\/blogit.gradia.fi\\\/soteammattilaiset\\\/ammattitutkinnot\\\/\"},{\"@type\":\"ListItem\",\"position\":2,\"name\":\"Jalkojenhoidon ammattitutkinto\"}]},{\"@type\":\"WebSite\",\"@id\":\"https:\\\/\\\/blogit.gradia.fi\\\/soteammattilaiset\\\/#website\",\"url\":\"https:\\\/\\\/blogit.gradia.fi\\\/soteammattilaiset\\\/\",\"name\":\"Sote ammattilaiset\",\"description\":\"Gradia Jyv\u00e4skyl\u00e4 \\\/ Osallisuus ja ohjaaminen palvelut ammatti- ja erikoisammattitutkinnot\",\"potentialAction\":[{\"@type\":\"SearchAction\",\"target\":{\"@type\":\"EntryPoint\",\"urlTemplate\":\"https:\\\/\\\/blogit.gradia.fi\\\/soteammattilaiset\\\/?s={search_term_string}\"},\"query-input\":{\"@type\":\"PropertyValueSpecification\",\"valueRequired\":true,\"valueName\":\"search_term_string\"}}],\"inLanguage\":\"fi\"}]}<\/script>\n<!-- \/ Yoast SEO plugin. -->","yoast_head_json":{"title":"Jalkojenhoidon ammattitutkinto - Sote ammattilaiset","robots":{"index":"index","follow":"follow","max-snippet":"max-snippet:-1","max-image-preview":"max-image-preview:large","max-video-preview":"max-video-preview:-1"},"canonical":"https:\/\/blogit.gradia.fi\/soteammattilaiset\/ammattitutkinnot\/jalkojenhoidon-ammattitutkinto\/","og_locale":"fi_FI","og_type":"article","og_title":"Jalkojenhoidon ammattitutkinto - Sote ammattilaiset","og_description":"Jalkojenhoidon ammattitutkinto Jalkojenhoidon ammattitutkinto tarjoaa sinulle Tutkinnon suorittamiseksi sinun kanssasi laaditaan henkil\u00f6kohtainen opiskeluohjelma. Voit suorittaa Jalkojenhoidon opinnot ty\u00f6n ohella ja ne kest\u00e4v\u00e4t vuodesta puoleentoista vuoteen Suoritettuasi Jalkojenhoidon ammattitutkinnon voit tehd\u00e4 perusjalkojenhoidon ty\u00f6t\u00e4 sosiaali- ja terveysalan sek\u00e4 kuntoutuksen erilaisissa ty\u00f6yhteis\u00f6iss\u00e4, esimerkiksi terveyskeskuksissa, sairaaloissa, hoiva- ja hoitolaitoksissa, palvelutaloissa, kuntoutuskeskuksissa, kylpyl\u00f6iss\u00e4, kauneushoitoloissa ja asiakkaiden kodeissa. Voit toimia my\u00f6s &hellip; Jatka lukemista Jalkojenhoidon ammattitutkinto &rarr;","og_url":"https:\/\/blogit.gradia.fi\/soteammattilaiset\/ammattitutkinnot\/jalkojenhoidon-ammattitutkinto\/","og_site_name":"Sote ammattilaiset","article_modified_time":"2017-09-01T16:16:21+00:00","twitter_card":"summary_large_image","twitter_misc":{"Arvioitu lukuaika":"1 minuutti"},"schema":{"@context":"https:\/\/schema.org","@graph":[{"@type":"WebPage","@id":"https:\/\/blogit.gradia.fi\/soteammattilaiset\/ammattitutkinnot\/jalkojenhoidon-ammattitutkinto\/","url":"https:\/\/blogit.gradia.fi\/soteammattilaiset\/ammattitutkinnot\/jalkojenhoidon-ammattitutkinto\/","name":"Jalkojenhoidon ammattitutkinto - Sote ammattilaiset","isPartOf":{"@id":"https:\/\/blogit.gradia.fi\/soteammattilaiset\/#website"},"datePublished":"2016-03-22T19:48:22+00:00","dateModified":"2017-09-01T16:16:21+00:00","breadcrumb":{"@id":"https:\/\/blogit.gradia.fi\/soteammattilaiset\/ammattitutkinnot\/jalkojenhoidon-ammattitutkinto\/#breadcrumb"},"inLanguage":"fi","potentialAction":[{"@type":"ReadAction","target":["https:\/\/blogit.gradia.fi\/soteammattilaiset\/ammattitutkinnot\/jalkojenhoidon-ammattitutkinto\/"]}]},{"@type":"BreadcrumbList","@id":"https:\/\/blogit.gradia.fi\/soteammattilaiset\/ammattitutkinnot\/jalkojenhoidon-ammattitutkinto\/#breadcrumb","itemListElement":[{"@type":"ListItem","position":1,"name":"Ammattitutkinnot","item":"https:\/\/blogit.gradia.fi\/soteammattilaiset\/ammattitutkinnot\/"},{"@type":"ListItem","position":2,"name":"Jalkojenhoidon ammattitutkinto"}]},{"@type":"WebSite","@id":"https:\/\/blogit.gradia.fi\/soteammattilaiset\/#website","url":"https:\/\/blogit.gradia.fi\/soteammattilaiset\/","name":"Sote ammattilaiset","description":"Gradia Jyv\u00e4skyl\u00e4 \/ Osallisuus ja ohjaaminen palvelut ammatti- ja erikoisammattitutkinnot","potentialAction":[{"@type":"SearchAction","target":{"@type":"EntryPoint","urlTemplate":"https:\/\/blogit.gradia.fi\/soteammattilaiset\/?s={search_term_string}"},"query-input":{"@type":"PropertyValueSpecification","valueRequired":true,"valueName":"search_term_string"}}],"inLanguage":"fi"}]}},"uagb_featured_image_src":{"full":false,"thumbnail":false,"medium":false,"medium_large":false,"large":false,"1536x1536":false,"2048x2048":false,"post-thumbnail":false},"uagb_author_info":{"display_name":"arkistoija","author_link":"https:\/\/blogit.gradia.fi\/soteammattilaiset\/author\/arkistoija\/"},"uagb_comment_info":0,"uagb_excerpt":"Jalkojenhoidon ammattitutkinto Jalkojenhoidon ammattitutkinto tarjoaa sinulle Tutkinnon suorittamiseksi sinun kanssasi laaditaan henkil\u00f6kohtainen opiskeluohjelma. Voit suorittaa Jalkojenhoidon opinnot ty\u00f6n ohella ja ne kest\u00e4v\u00e4t vuodesta puoleentoista vuoteen Suoritettuasi Jalkojenhoidon ammattitutkinnon voit tehd\u00e4 perusjalkojenhoidon ty\u00f6t\u00e4 sosiaali- ja terveysalan sek\u00e4 kuntoutuksen erilaisissa ty\u00f6yhteis\u00f6iss\u00e4, esimerkiksi terveyskeskuksissa, sairaaloissa, hoiva- ja hoitolaitoksissa, palvelutaloissa, kuntoutuskeskuksissa, kylpyl\u00f6iss\u00e4, kauneushoitoloissa ja asiakkaiden kodeissa. Voit toimia my\u00f6s&hellip;","_links":{"self":[{"href":"https:\/\/blogit.gradia.fi\/soteammattilaiset\/wp-json\/wp\/v2\/pages\/77","targetHints":{"allow":["GET"]}}],"collection":[{"href":"https:\/\/blogit.gradia.fi\/soteammattilaiset\/wp-json\/wp\/v2\/pages"}],"about":[{"href":"https:\/\/blogit.gradia.fi\/soteammattilaiset\/wp-json\/wp\/v2\/types\/page"}],"author":[{"embeddable":true,"href":"https:\/\/blogit.gradia.fi\/soteammattilaiset\/wp-json\/wp\/v2\/users\/1131"}],"replies":[{"embeddable":true,"href":"https:\/\/blogit.gradia.fi\/soteammattilaiset\/wp-json\/wp\/v2\/comments?post=77"}],"version-history":[{"count":0,"href":"https:\/\/blogit.gradia.fi\/soteammattilaiset\/wp-json\/wp\/v2\/pages\/77\/revisions"}],"up":[{"embeddable":true,"href":"https:\/\/blogit.gradia.fi\/soteammattilaiset\/wp-json\/wp\/v2\/pages\/75"}],"wp:attachment":[{"href":"https:\/\/blogit.gradia.fi\/soteammattilaiset\/wp-json\/wp\/v2\/media?parent=77"}],"curies":[{"name":"wp","href":"https:\/\/api.w.org\/{rel}","templated":true}]}}