{"id":72,"date":"2016-03-08T20:02:29","date_gmt":"2016-03-08T18:02:29","guid":{"rendered":"https:\/\/blogit.gradia.fi\/soteammattilaiset\/?page_id=72"},"modified":"2017-09-01T19:15:04","modified_gmt":"2017-09-01T16:15:04","slug":"hierojan-ammattitutkinto-2","status":"publish","type":"page","link":"https:\/\/blogit.gradia.fi\/soteammattilaiset\/ammattitutkinnot\/hierojan-ammattitutkinto-2\/","title":{"rendered":"Hierojan ammattitutkinto"},"content":{"rendered":"<p>Hierojan ammattitutkinto tarjoaa sinulle<figure id=\"attachment_209\" aria-describedby=\"caption-attachment-209\" style=\"width: 300px\" class=\"wp-caption alignright\"><a href=\"https:\/\/blogit.gradia.fi\/soteammattilaiset\/wp-content\/uploads\/sites\/103\/2016\/03\/hieronta.jpg\"><img loading=\"lazy\" decoding=\"async\" src=\"https:\/\/blogit.gradia.fi\/soteammattilaiset\/wp-content\/uploads\/sites\/103\/2016\/03\/hieronta-300x227.jpg\" alt=\"Hieronta\" width=\"300\" height=\"227\" class=\"size-medium wp-image-209\" srcset=\"https:\/\/blogit.gradia.fi\/soteammattilaiset\/wp-content\/uploads\/sites\/103\/2016\/03\/hieronta-300x227.jpg 300w, https:\/\/blogit.gradia.fi\/soteammattilaiset\/wp-content\/uploads\/sites\/103\/2016\/03\/hieronta.jpg 449w\" sizes=\"auto, (max-width: 300px) 100vw, 300px\" \/><\/a><figcaption id=\"caption-attachment-209\" class=\"wp-caption-text\">Rentouttava hieronta<\/figcaption><\/figure><strong><\/strong><\/p>\n<p>\u2022 kattavasti manuaalisen terapian osaamista<br \/>\n\u2022 mahdollisuuden ty\u00f6llist\u00e4\u00e4 itsesi yritt\u00e4j\u00e4n\u00e4<br \/>\n\u2022 laajan tietopaketin muun muassa anatomiasta ja fysiologiasta sek\u00e4 erilaisista sairauksista<br \/>\n\u2022 oikeuden toimia terveydenhuollon ammattihenkil\u00f6n\u00e4<\/p>\n<p>Tutkinnon suorittamiseksi sinun kanssasi laaditaan henkil\u00f6kohtainen opiskeluohjelma.<\/p>\n<p>Voit suorittaa hierojan opinnot ty\u00f6n ohella ja ne kest\u00e4v\u00e4t vuodesta puoleentoista vuoteen.<\/p>\n<p>Suoritettuasi hierojan ammattitutkinnon voit toimia sosiaali-, terveys-, liikunta- ja kuntoutusalan asiakaspalveluteht\u00e4viss\u00e4. Hierojan ammattitutkinnon suorittanut on oikeutettu k\u00e4ytt\u00e4m\u00e4\u00e4n koulutetun hierojan nimikesuojattua terveydenhuollon ammattinimikett\u00e4, ja h\u00e4net merkit\u00e4\u00e4n terveydenhuollon ammattihenkil\u00f6iden rekisteriin. H\u00e4n toimii itsen\u00e4isen\u00e4 yritt\u00e4j\u00e4n\u00e4 tai toisen palveluksessa sosiaali- ja terveysalan yhteis\u00f6iss\u00e4, kuntoutuskeskuksissa, ty\u00f6paikoilla, kylpyl\u00f6iss\u00e4, palvelutaloissa, kauneushoitoloissa, liikunnan yksik\u00f6iss\u00e4 ja asiakkaiden kodeissa<\/p>\n<\/ul>\n<p>Koulutus toteutetaan p\u00e4iv\u00e4- ja monimuotokoulutuksena, joka sis\u00e4lt\u00e4\u00e4 vaihtelevasti 2-5 p\u00e4iv\u00e4\u00e4 viikossa. Ty\u00f6ss\u00e4oppimisen jaksoja on 3-5, jotka voidaan suorittaa oppilaitoksen hoitolassa Viitaniemess\u00e4 tai muussa soveltuvassa paikassa erillisen sopimuksen mukaan. <\/p>\n<p><a href=\"https:\/\/www.jao.fi\/primus\/Hierojan-ammattitutkinto\/25037\/6-16139\">Lis\u00e4tietoja koulutuksesta<\/a><\/p>\n<p>Koulutus voidaan suorittaa my\u00f6s oppisopimuskoulutuksena. Ota yhteys Jyv\u00e4skyl\u00e4n oppisopimuskeskus Krista Hanski puh.040 341 5191, <a href=\"mailto:etunimi.sukunimi@jao.fi\"><u>etunimi.sukunimi@jao.fi<\/u><\/a><\/p>\n<p>&nbsp;<\/p>\n<p>&nbsp;<\/p>\n<p>&nbsp;<\/p>\n","protected":false},"excerpt":{"rendered":"<p>Hierojan ammattitutkinto tarjoaa sinulle \u2022 kattavasti manuaalisen terapian osaamista \u2022 mahdollisuuden ty\u00f6llist\u00e4\u00e4 itsesi yritt\u00e4j\u00e4n\u00e4 \u2022 laajan tietopaketin muun muassa anatomiasta ja fysiologiasta sek\u00e4 erilaisista sairauksista \u2022 oikeuden toimia terveydenhuollon ammattihenkil\u00f6n\u00e4 Tutkinnon suorittamiseksi sinun kanssasi laaditaan henkil\u00f6kohtainen opiskeluohjelma. Voit suorittaa hierojan opinnot ty\u00f6n ohella ja ne kest\u00e4v\u00e4t vuodesta puoleentoista vuoteen. Suoritettuasi hierojan ammattitutkinnon voit toimia sosiaali-, &hellip; <a href=\"https:\/\/blogit.gradia.fi\/soteammattilaiset\/ammattitutkinnot\/hierojan-ammattitutkinto-2\/\" class=\"more-link\">Jatka lukemista <span class=\"screen-reader-text\">Hierojan ammattitutkinto<\/span> <span class=\"meta-nav\">&rarr;<\/span><\/a><\/p>\n","protected":false},"author":1131,"featured_media":0,"parent":75,"menu_order":1,"comment_status":"closed","ping_status":"closed","template":"","meta":{"_uag_custom_page_level_css":"","footnotes":""},"class_list":["post-72","page","type-page","status-publish","hentry"],"yoast_head":"<!-- This site is optimized with the Yoast SEO plugin v27.5 - https:\/\/yoast.com\/product\/yoast-seo-wordpress\/ -->\n<title>Hierojan ammattitutkinto - Sote ammattilaiset<\/title>\n<meta name=\"robots\" content=\"index, follow, max-snippet:-1, max-image-preview:large, max-video-preview:-1\" \/>\n<link rel=\"canonical\" href=\"https:\/\/blogit.gradia.fi\/soteammattilaiset\/ammattitutkinnot\/hierojan-ammattitutkinto-2\/\" \/>\n<meta property=\"og:locale\" content=\"fi_FI\" \/>\n<meta property=\"og:type\" content=\"article\" \/>\n<meta property=\"og:title\" content=\"Hierojan ammattitutkinto - Sote ammattilaiset\" \/>\n<meta property=\"og:description\" content=\"Hierojan ammattitutkinto tarjoaa sinulle \u2022 kattavasti manuaalisen terapian osaamista \u2022 mahdollisuuden ty\u00f6llist\u00e4\u00e4 itsesi yritt\u00e4j\u00e4n\u00e4 \u2022 laajan tietopaketin muun muassa anatomiasta ja fysiologiasta sek\u00e4 erilaisista sairauksista \u2022 oikeuden toimia terveydenhuollon ammattihenkil\u00f6n\u00e4 Tutkinnon suorittamiseksi sinun kanssasi laaditaan henkil\u00f6kohtainen opiskeluohjelma. Voit suorittaa hierojan opinnot ty\u00f6n ohella ja ne kest\u00e4v\u00e4t vuodesta puoleentoista vuoteen. Suoritettuasi hierojan ammattitutkinnon voit toimia sosiaali-, &hellip; Jatka lukemista Hierojan ammattitutkinto &rarr;\" \/>\n<meta property=\"og:url\" content=\"https:\/\/blogit.gradia.fi\/soteammattilaiset\/ammattitutkinnot\/hierojan-ammattitutkinto-2\/\" \/>\n<meta property=\"og:site_name\" content=\"Sote ammattilaiset\" \/>\n<meta property=\"article:modified_time\" content=\"2017-09-01T16:15:04+00:00\" \/>\n<meta property=\"og:image\" content=\"https:\/\/blogit.gradia.fi\/soteammattilaiset\/wp-content\/uploads\/sites\/103\/2016\/03\/hieronta.jpg\" \/>\n\t<meta property=\"og:image:width\" content=\"449\" \/>\n\t<meta property=\"og:image:height\" content=\"340\" \/>\n\t<meta property=\"og:image:type\" content=\"image\/jpeg\" \/>\n<meta name=\"twitter:card\" content=\"summary_large_image\" \/>\n<meta name=\"twitter:label1\" content=\"Arvioitu lukuaika\" \/>\n\t<meta name=\"twitter:data1\" content=\"1 minuutti\" \/>\n<script type=\"application\/ld+json\" class=\"yoast-schema-graph\">{\"@context\":\"https:\\\/\\\/schema.org\",\"@graph\":[{\"@type\":\"WebPage\",\"@id\":\"https:\\\/\\\/blogit.gradia.fi\\\/soteammattilaiset\\\/ammattitutkinnot\\\/hierojan-ammattitutkinto-2\\\/\",\"url\":\"https:\\\/\\\/blogit.gradia.fi\\\/soteammattilaiset\\\/ammattitutkinnot\\\/hierojan-ammattitutkinto-2\\\/\",\"name\":\"Hierojan ammattitutkinto - Sote ammattilaiset\",\"isPartOf\":{\"@id\":\"https:\\\/\\\/blogit.gradia.fi\\\/soteammattilaiset\\\/#website\"},\"primaryImageOfPage\":{\"@id\":\"https:\\\/\\\/blogit.gradia.fi\\\/soteammattilaiset\\\/ammattitutkinnot\\\/hierojan-ammattitutkinto-2\\\/#primaryimage\"},\"image\":{\"@id\":\"https:\\\/\\\/blogit.gradia.fi\\\/soteammattilaiset\\\/ammattitutkinnot\\\/hierojan-ammattitutkinto-2\\\/#primaryimage\"},\"thumbnailUrl\":\"https:\\\/\\\/blogit.gradia.fi\\\/soteammattilaiset\\\/wp-content\\\/uploads\\\/sites\\\/103\\\/2016\\\/03\\\/hieronta-300x227.jpg\",\"datePublished\":\"2016-03-08T18:02:29+00:00\",\"dateModified\":\"2017-09-01T16:15:04+00:00\",\"breadcrumb\":{\"@id\":\"https:\\\/\\\/blogit.gradia.fi\\\/soteammattilaiset\\\/ammattitutkinnot\\\/hierojan-ammattitutkinto-2\\\/#breadcrumb\"},\"inLanguage\":\"fi\",\"potentialAction\":[{\"@type\":\"ReadAction\",\"target\":[\"https:\\\/\\\/blogit.gradia.fi\\\/soteammattilaiset\\\/ammattitutkinnot\\\/hierojan-ammattitutkinto-2\\\/\"]}]},{\"@type\":\"ImageObject\",\"inLanguage\":\"fi\",\"@id\":\"https:\\\/\\\/blogit.gradia.fi\\\/soteammattilaiset\\\/ammattitutkinnot\\\/hierojan-ammattitutkinto-2\\\/#primaryimage\",\"url\":\"https:\\\/\\\/blogit.gradia.fi\\\/soteammattilaiset\\\/wp-content\\\/uploads\\\/sites\\\/103\\\/2016\\\/03\\\/hieronta.jpg\",\"contentUrl\":\"https:\\\/\\\/blogit.gradia.fi\\\/soteammattilaiset\\\/wp-content\\\/uploads\\\/sites\\\/103\\\/2016\\\/03\\\/hieronta.jpg\",\"width\":449,\"height\":340,\"caption\":\"Rentouttava hieronta\"},{\"@type\":\"BreadcrumbList\",\"@id\":\"https:\\\/\\\/blogit.gradia.fi\\\/soteammattilaiset\\\/ammattitutkinnot\\\/hierojan-ammattitutkinto-2\\\/#breadcrumb\",\"itemListElement\":[{\"@type\":\"ListItem\",\"position\":1,\"name\":\"Ammattitutkinnot\",\"item\":\"https:\\\/\\\/blogit.gradia.fi\\\/soteammattilaiset\\\/ammattitutkinnot\\\/\"},{\"@type\":\"ListItem\",\"position\":2,\"name\":\"Hierojan ammattitutkinto\"}]},{\"@type\":\"WebSite\",\"@id\":\"https:\\\/\\\/blogit.gradia.fi\\\/soteammattilaiset\\\/#website\",\"url\":\"https:\\\/\\\/blogit.gradia.fi\\\/soteammattilaiset\\\/\",\"name\":\"Sote ammattilaiset\",\"description\":\"Gradia Jyv\u00e4skyl\u00e4 \\\/ Osallisuus ja ohjaaminen palvelut ammatti- ja erikoisammattitutkinnot\",\"potentialAction\":[{\"@type\":\"SearchAction\",\"target\":{\"@type\":\"EntryPoint\",\"urlTemplate\":\"https:\\\/\\\/blogit.gradia.fi\\\/soteammattilaiset\\\/?s={search_term_string}\"},\"query-input\":{\"@type\":\"PropertyValueSpecification\",\"valueRequired\":true,\"valueName\":\"search_term_string\"}}],\"inLanguage\":\"fi\"}]}<\/script>\n<!-- \/ Yoast SEO plugin. -->","yoast_head_json":{"title":"Hierojan ammattitutkinto - Sote ammattilaiset","robots":{"index":"index","follow":"follow","max-snippet":"max-snippet:-1","max-image-preview":"max-image-preview:large","max-video-preview":"max-video-preview:-1"},"canonical":"https:\/\/blogit.gradia.fi\/soteammattilaiset\/ammattitutkinnot\/hierojan-ammattitutkinto-2\/","og_locale":"fi_FI","og_type":"article","og_title":"Hierojan ammattitutkinto - Sote ammattilaiset","og_description":"Hierojan ammattitutkinto tarjoaa sinulle \u2022 kattavasti manuaalisen terapian osaamista \u2022 mahdollisuuden ty\u00f6llist\u00e4\u00e4 itsesi yritt\u00e4j\u00e4n\u00e4 \u2022 laajan tietopaketin muun muassa anatomiasta ja fysiologiasta sek\u00e4 erilaisista sairauksista \u2022 oikeuden toimia terveydenhuollon ammattihenkil\u00f6n\u00e4 Tutkinnon suorittamiseksi sinun kanssasi laaditaan henkil\u00f6kohtainen opiskeluohjelma. Voit suorittaa hierojan opinnot ty\u00f6n ohella ja ne kest\u00e4v\u00e4t vuodesta puoleentoista vuoteen. Suoritettuasi hierojan ammattitutkinnon voit toimia sosiaali-, &hellip; Jatka lukemista Hierojan ammattitutkinto &rarr;","og_url":"https:\/\/blogit.gradia.fi\/soteammattilaiset\/ammattitutkinnot\/hierojan-ammattitutkinto-2\/","og_site_name":"Sote ammattilaiset","article_modified_time":"2017-09-01T16:15:04+00:00","og_image":[{"width":449,"height":340,"url":"https:\/\/blogit.gradia.fi\/soteammattilaiset\/wp-content\/uploads\/sites\/103\/2016\/03\/hieronta.jpg","type":"image\/jpeg"}],"twitter_card":"summary_large_image","twitter_misc":{"Arvioitu lukuaika":"1 minuutti"},"schema":{"@context":"https:\/\/schema.org","@graph":[{"@type":"WebPage","@id":"https:\/\/blogit.gradia.fi\/soteammattilaiset\/ammattitutkinnot\/hierojan-ammattitutkinto-2\/","url":"https:\/\/blogit.gradia.fi\/soteammattilaiset\/ammattitutkinnot\/hierojan-ammattitutkinto-2\/","name":"Hierojan ammattitutkinto - Sote ammattilaiset","isPartOf":{"@id":"https:\/\/blogit.gradia.fi\/soteammattilaiset\/#website"},"primaryImageOfPage":{"@id":"https:\/\/blogit.gradia.fi\/soteammattilaiset\/ammattitutkinnot\/hierojan-ammattitutkinto-2\/#primaryimage"},"image":{"@id":"https:\/\/blogit.gradia.fi\/soteammattilaiset\/ammattitutkinnot\/hierojan-ammattitutkinto-2\/#primaryimage"},"thumbnailUrl":"https:\/\/blogit.gradia.fi\/soteammattilaiset\/wp-content\/uploads\/sites\/103\/2016\/03\/hieronta-300x227.jpg","datePublished":"2016-03-08T18:02:29+00:00","dateModified":"2017-09-01T16:15:04+00:00","breadcrumb":{"@id":"https:\/\/blogit.gradia.fi\/soteammattilaiset\/ammattitutkinnot\/hierojan-ammattitutkinto-2\/#breadcrumb"},"inLanguage":"fi","potentialAction":[{"@type":"ReadAction","target":["https:\/\/blogit.gradia.fi\/soteammattilaiset\/ammattitutkinnot\/hierojan-ammattitutkinto-2\/"]}]},{"@type":"ImageObject","inLanguage":"fi","@id":"https:\/\/blogit.gradia.fi\/soteammattilaiset\/ammattitutkinnot\/hierojan-ammattitutkinto-2\/#primaryimage","url":"https:\/\/blogit.gradia.fi\/soteammattilaiset\/wp-content\/uploads\/sites\/103\/2016\/03\/hieronta.jpg","contentUrl":"https:\/\/blogit.gradia.fi\/soteammattilaiset\/wp-content\/uploads\/sites\/103\/2016\/03\/hieronta.jpg","width":449,"height":340,"caption":"Rentouttava hieronta"},{"@type":"BreadcrumbList","@id":"https:\/\/blogit.gradia.fi\/soteammattilaiset\/ammattitutkinnot\/hierojan-ammattitutkinto-2\/#breadcrumb","itemListElement":[{"@type":"ListItem","position":1,"name":"Ammattitutkinnot","item":"https:\/\/blogit.gradia.fi\/soteammattilaiset\/ammattitutkinnot\/"},{"@type":"ListItem","position":2,"name":"Hierojan ammattitutkinto"}]},{"@type":"WebSite","@id":"https:\/\/blogit.gradia.fi\/soteammattilaiset\/#website","url":"https:\/\/blogit.gradia.fi\/soteammattilaiset\/","name":"Sote ammattilaiset","description":"Gradia Jyv\u00e4skyl\u00e4 \/ Osallisuus ja ohjaaminen palvelut ammatti- ja erikoisammattitutkinnot","potentialAction":[{"@type":"SearchAction","target":{"@type":"EntryPoint","urlTemplate":"https:\/\/blogit.gradia.fi\/soteammattilaiset\/?s={search_term_string}"},"query-input":{"@type":"PropertyValueSpecification","valueRequired":true,"valueName":"search_term_string"}}],"inLanguage":"fi"}]}},"uagb_featured_image_src":{"full":false,"thumbnail":false,"medium":false,"medium_large":false,"large":false,"1536x1536":false,"2048x2048":false,"post-thumbnail":false},"uagb_author_info":{"display_name":"arkistoija","author_link":"https:\/\/blogit.gradia.fi\/soteammattilaiset\/author\/arkistoija\/"},"uagb_comment_info":0,"uagb_excerpt":"Hierojan ammattitutkinto tarjoaa sinulle \u2022 kattavasti manuaalisen terapian osaamista \u2022 mahdollisuuden ty\u00f6llist\u00e4\u00e4 itsesi yritt\u00e4j\u00e4n\u00e4 \u2022 laajan tietopaketin muun muassa anatomiasta ja fysiologiasta sek\u00e4 erilaisista sairauksista \u2022 oikeuden toimia terveydenhuollon ammattihenkil\u00f6n\u00e4 Tutkinnon suorittamiseksi sinun kanssasi laaditaan henkil\u00f6kohtainen opiskeluohjelma. Voit suorittaa hierojan opinnot ty\u00f6n ohella ja ne kest\u00e4v\u00e4t vuodesta puoleentoista vuoteen. Suoritettuasi hierojan ammattitutkinnon voit toimia sosiaali-,&hellip;","_links":{"self":[{"href":"https:\/\/blogit.gradia.fi\/soteammattilaiset\/wp-json\/wp\/v2\/pages\/72","targetHints":{"allow":["GET"]}}],"collection":[{"href":"https:\/\/blogit.gradia.fi\/soteammattilaiset\/wp-json\/wp\/v2\/pages"}],"about":[{"href":"https:\/\/blogit.gradia.fi\/soteammattilaiset\/wp-json\/wp\/v2\/types\/page"}],"author":[{"embeddable":true,"href":"https:\/\/blogit.gradia.fi\/soteammattilaiset\/wp-json\/wp\/v2\/users\/1131"}],"replies":[{"embeddable":true,"href":"https:\/\/blogit.gradia.fi\/soteammattilaiset\/wp-json\/wp\/v2\/comments?post=72"}],"version-history":[{"count":0,"href":"https:\/\/blogit.gradia.fi\/soteammattilaiset\/wp-json\/wp\/v2\/pages\/72\/revisions"}],"up":[{"embeddable":true,"href":"https:\/\/blogit.gradia.fi\/soteammattilaiset\/wp-json\/wp\/v2\/pages\/75"}],"wp:attachment":[{"href":"https:\/\/blogit.gradia.fi\/soteammattilaiset\/wp-json\/wp\/v2\/media?parent=72"}],"curies":[{"name":"wp","href":"https:\/\/api.w.org\/{rel}","templated":true}]}}