{"id":67,"date":"2016-03-08T19:59:58","date_gmt":"2016-03-08T17:59:58","guid":{"rendered":"https:\/\/blogit.gradia.fi\/soteammattilaiset\/?page_id=67"},"modified":"2016-04-26T19:25:02","modified_gmt":"2016-04-26T16:25:02","slug":"perhepaivahoitajan-ammattitutkinto","status":"publish","type":"page","link":"https:\/\/blogit.gradia.fi\/soteammattilaiset\/ammattitutkinnot\/perhepaivahoitajan-ammattitutkinto\/","title":{"rendered":"Perhep\u00e4iv\u00e4hoitajan ammattitutkinto"},"content":{"rendered":"<p><strong>Perhep\u00e4iv\u00e4hoitajan ammattitutkinto<\/strong><\/p>\n<p><strong>Kohderyhm\u00e4<\/strong><br \/>\nKoulutukseen voivat hakeutua lasten parissa toimivat ilman tutkintoa olevat varhaiskasvatuksen ty\u00f6ntekij\u00e4t, perhep\u00e4iv\u00e4hoitajana ty\u00f6skentelev\u00e4t ja perhep\u00e4iv\u00e4hoitajan ammattitutkinnosta kiinnostuneet.<\/p>\n<p><strong>Kuvaus<\/strong><br \/>\nPerhep\u00e4iv\u00e4hoitaja ty\u00f6skentelee kunnallisena tai yksityisen\u00e4 perhep\u00e4iv\u00e4hoitajana tai ryhm\u00e4perhep\u00e4iv\u00e4kodissa vastuullisena varhaiskasvattajana. Ty\u00f6 toteutetaan kasvatuskumppanuuden periaatteiden mukaisesti yhdess\u00e4 lasten ja perheiden kanssa.<\/p>\n<p>Tutkinto soveltuu varhaiskasvatukseen suuntautuville henkil\u00f6ille. Oman tietokoneen k\u00e4ytt\u00f6mahdollisuus ja nettiyhteys on opiskelun kannalta suositeltava. Perhep\u00e4iv\u00e4hoitajan ammattitutkinnosta voi suorittaa my\u00f6s tutkinnon osia.<\/p>\n<p><strong>Toteuttamistapa<\/strong><\/p>\n<p>Koulutus toteutetaan p\u00e4\u00e4asiallisesti verkko-opetuksena sis\u00e4lt\u00e4en monipuolisia teht\u00e4vi\u00e4 ja vuorovaikutteista oppimista verkon v\u00e4lityksell\u00e4 ja ohjattua k\u00e4yt\u00e4nn\u00f6n ty\u00f6ss\u00e4 oppimista perhep\u00e4iv\u00e4hoidossa tai p\u00e4iv\u00e4kodissa. Koulutuksen kesto on noin yksi vuosi. Koulutuksen alussa laaditaan henkil\u00f6kohtainen opiskelusuunnitelma, jossa huomioidaan aikaisemmat opinnot, ty\u00f6kokemus ja muu ammatillinen osaaminen ja m\u00e4\u00e4ritell\u00e4\u00e4n koulutuksen kesto ja tutkintotilaisuuden ajankohdat.<\/p>\n<p><strong>Sis\u00e4lt\u00f6<\/strong><br \/>\nKoko tutkinto muodostuu nelj\u00e4st\u00e4 pakollisesta ja valinnaisesta tutkinnon osasta. Tutkinto on valmis, kun kaikki viisi tutkinnon osaa on suoritettu hyv\u00e4ksytysti.<\/p>\n<p>Tutkinnon osia voi suorittaa my\u00f6s erillisin\u00e4.<\/p>\n<p><strong>Pakolliset tutkinnon osat<\/strong><\/p>\n<ul>\n<li>Ammatillinen toiminta perhep\u00e4iv\u00e4hoidossa<\/li>\n<li>Varhaiskasvattajana perhep\u00e4iv\u00e4hoidossa<\/li>\n<li>Lapsen terveydest\u00e4 ja fyysist\u00e4 turvallisuudesta huolehtiminen<\/li>\n<li>Lapsen tuen tarpeeseen vastaaminen<\/li>\n<\/ul>\n<p>Valinnaiset tutkinnon osat, joista valitaan yksi:<\/p>\n<ul>\n<li>Toiminta monikulttuuristen lasten ja perheiden kanssa<\/li>\n<li>Tutkinnon osa toisesta tutkinnosta<\/li>\n<li>Yritt\u00e4j\u00e4n\u00e4 toimiminen<\/li>\n<\/ul>\n<p>Koulutuksen j\u00e4rjest\u00e4j\u00e4 tarjoaa valinnaisena tutkinnon osana ensisijaisesti yritt\u00e4j\u00e4n\u00e4 toimimista.<\/p>\n<p>Koulutus on mahdollista suorittaa my\u00f6s oppisopimuksella. Oppisopimuskoulutuksella opiskelu edellytt\u00e4\u00e4, ett\u00e4 opiskelijalla on ty\u00f6paikka p\u00e4iv\u00e4hoidossa tai ett\u00e4 h\u00e4n ty\u00f6skentelee yritt\u00e4j\u00e4n\u00e4. Opppisopimus asioissa ota yhteytt\u00e4 oppisopimuskeskukseen koulutussuunnittelija Elina Malinen 040 341 5190.<\/p>\n<p><strong><a href=\"https:\/\/www.jao.fi\/primus\/Perhepaivahoitajan-ammattitutkinto\/25037\/17-14473\">Hae koulutukseen<\/a><\/strong><\/p>\n<p><strong>Lis\u00e4tietoja antaa<\/strong><br \/>\nKouluttaja ja ty\u00f6nohjaaja Kati Kaulio-Kuikka puh. 040 341 6391 tai s\u00e4hk\u00f6postitse etunimi.sukunimi@jao.fi ja opiskelijan ohjauspalvelu puh. 040 341 5055, s-posti: aikuisopisto@jao.fi.<\/p>\n<p>&nbsp;<\/p>\n<p>&nbsp;<\/p>\n","protected":false},"excerpt":{"rendered":"<p>Perhep\u00e4iv\u00e4hoitajan ammattitutkinto Kohderyhm\u00e4 Koulutukseen voivat hakeutua lasten parissa toimivat ilman tutkintoa olevat varhaiskasvatuksen ty\u00f6ntekij\u00e4t, perhep\u00e4iv\u00e4hoitajana ty\u00f6skentelev\u00e4t ja perhep\u00e4iv\u00e4hoitajan ammattitutkinnosta kiinnostuneet. Kuvaus Perhep\u00e4iv\u00e4hoitaja ty\u00f6skentelee kunnallisena tai yksityisen\u00e4 perhep\u00e4iv\u00e4hoitajana tai ryhm\u00e4perhep\u00e4iv\u00e4kodissa vastuullisena varhaiskasvattajana. Ty\u00f6 toteutetaan kasvatuskumppanuuden periaatteiden mukaisesti yhdess\u00e4 lasten ja perheiden kanssa. Tutkinto soveltuu varhaiskasvatukseen suuntautuville henkil\u00f6ille. Oman tietokoneen k\u00e4ytt\u00f6mahdollisuus ja nettiyhteys on opiskelun kannalta suositeltava. &hellip; <a href=\"https:\/\/blogit.gradia.fi\/soteammattilaiset\/ammattitutkinnot\/perhepaivahoitajan-ammattitutkinto\/\" class=\"more-link\">Jatka lukemista <span class=\"screen-reader-text\">Perhep\u00e4iv\u00e4hoitajan ammattitutkinto<\/span> <span class=\"meta-nav\">&rarr;<\/span><\/a><\/p>\n","protected":false},"author":1131,"featured_media":0,"parent":75,"menu_order":4,"comment_status":"closed","ping_status":"closed","template":"","meta":{"_uag_custom_page_level_css":"","footnotes":""},"class_list":["post-67","page","type-page","status-publish","hentry"],"yoast_head":"<!-- This site is optimized with the Yoast SEO plugin v27.5 - https:\/\/yoast.com\/product\/yoast-seo-wordpress\/ -->\n<title>Perhep\u00e4iv\u00e4hoitajan ammattitutkinto - Sote ammattilaiset<\/title>\n<meta name=\"robots\" content=\"index, follow, max-snippet:-1, max-image-preview:large, max-video-preview:-1\" \/>\n<link rel=\"canonical\" href=\"https:\/\/blogit.gradia.fi\/soteammattilaiset\/ammattitutkinnot\/perhepaivahoitajan-ammattitutkinto\/\" \/>\n<meta property=\"og:locale\" content=\"fi_FI\" \/>\n<meta property=\"og:type\" content=\"article\" \/>\n<meta property=\"og:title\" content=\"Perhep\u00e4iv\u00e4hoitajan ammattitutkinto - Sote ammattilaiset\" \/>\n<meta property=\"og:description\" content=\"Perhep\u00e4iv\u00e4hoitajan ammattitutkinto Kohderyhm\u00e4 Koulutukseen voivat hakeutua lasten parissa toimivat ilman tutkintoa olevat varhaiskasvatuksen ty\u00f6ntekij\u00e4t, perhep\u00e4iv\u00e4hoitajana ty\u00f6skentelev\u00e4t ja perhep\u00e4iv\u00e4hoitajan ammattitutkinnosta kiinnostuneet. Kuvaus Perhep\u00e4iv\u00e4hoitaja ty\u00f6skentelee kunnallisena tai yksityisen\u00e4 perhep\u00e4iv\u00e4hoitajana tai ryhm\u00e4perhep\u00e4iv\u00e4kodissa vastuullisena varhaiskasvattajana. Ty\u00f6 toteutetaan kasvatuskumppanuuden periaatteiden mukaisesti yhdess\u00e4 lasten ja perheiden kanssa. Tutkinto soveltuu varhaiskasvatukseen suuntautuville henkil\u00f6ille. Oman tietokoneen k\u00e4ytt\u00f6mahdollisuus ja nettiyhteys on opiskelun kannalta suositeltava. &hellip; Jatka lukemista Perhep\u00e4iv\u00e4hoitajan ammattitutkinto &rarr;\" \/>\n<meta property=\"og:url\" content=\"https:\/\/blogit.gradia.fi\/soteammattilaiset\/ammattitutkinnot\/perhepaivahoitajan-ammattitutkinto\/\" \/>\n<meta property=\"og:site_name\" content=\"Sote ammattilaiset\" \/>\n<meta property=\"article:modified_time\" content=\"2016-04-26T16:25:02+00:00\" \/>\n<meta name=\"twitter:card\" content=\"summary_large_image\" \/>\n<meta name=\"twitter:label1\" content=\"Arvioitu lukuaika\" \/>\n\t<meta name=\"twitter:data1\" content=\"2 minuuttia\" \/>\n<script type=\"application\/ld+json\" class=\"yoast-schema-graph\">{\"@context\":\"https:\\\/\\\/schema.org\",\"@graph\":[{\"@type\":\"WebPage\",\"@id\":\"https:\\\/\\\/blogit.gradia.fi\\\/soteammattilaiset\\\/ammattitutkinnot\\\/perhepaivahoitajan-ammattitutkinto\\\/\",\"url\":\"https:\\\/\\\/blogit.gradia.fi\\\/soteammattilaiset\\\/ammattitutkinnot\\\/perhepaivahoitajan-ammattitutkinto\\\/\",\"name\":\"Perhep\u00e4iv\u00e4hoitajan ammattitutkinto - Sote ammattilaiset\",\"isPartOf\":{\"@id\":\"https:\\\/\\\/blogit.gradia.fi\\\/soteammattilaiset\\\/#website\"},\"datePublished\":\"2016-03-08T17:59:58+00:00\",\"dateModified\":\"2016-04-26T16:25:02+00:00\",\"breadcrumb\":{\"@id\":\"https:\\\/\\\/blogit.gradia.fi\\\/soteammattilaiset\\\/ammattitutkinnot\\\/perhepaivahoitajan-ammattitutkinto\\\/#breadcrumb\"},\"inLanguage\":\"fi\",\"potentialAction\":[{\"@type\":\"ReadAction\",\"target\":[\"https:\\\/\\\/blogit.gradia.fi\\\/soteammattilaiset\\\/ammattitutkinnot\\\/perhepaivahoitajan-ammattitutkinto\\\/\"]}]},{\"@type\":\"BreadcrumbList\",\"@id\":\"https:\\\/\\\/blogit.gradia.fi\\\/soteammattilaiset\\\/ammattitutkinnot\\\/perhepaivahoitajan-ammattitutkinto\\\/#breadcrumb\",\"itemListElement\":[{\"@type\":\"ListItem\",\"position\":1,\"name\":\"Ammattitutkinnot\",\"item\":\"https:\\\/\\\/blogit.gradia.fi\\\/soteammattilaiset\\\/ammattitutkinnot\\\/\"},{\"@type\":\"ListItem\",\"position\":2,\"name\":\"Perhep\u00e4iv\u00e4hoitajan ammattitutkinto\"}]},{\"@type\":\"WebSite\",\"@id\":\"https:\\\/\\\/blogit.gradia.fi\\\/soteammattilaiset\\\/#website\",\"url\":\"https:\\\/\\\/blogit.gradia.fi\\\/soteammattilaiset\\\/\",\"name\":\"Sote ammattilaiset\",\"description\":\"Gradia Jyv\u00e4skyl\u00e4 \\\/ Osallisuus ja ohjaaminen palvelut ammatti- ja erikoisammattitutkinnot\",\"potentialAction\":[{\"@type\":\"SearchAction\",\"target\":{\"@type\":\"EntryPoint\",\"urlTemplate\":\"https:\\\/\\\/blogit.gradia.fi\\\/soteammattilaiset\\\/?s={search_term_string}\"},\"query-input\":{\"@type\":\"PropertyValueSpecification\",\"valueRequired\":true,\"valueName\":\"search_term_string\"}}],\"inLanguage\":\"fi\"}]}<\/script>\n<!-- \/ Yoast SEO plugin. -->","yoast_head_json":{"title":"Perhep\u00e4iv\u00e4hoitajan ammattitutkinto - Sote ammattilaiset","robots":{"index":"index","follow":"follow","max-snippet":"max-snippet:-1","max-image-preview":"max-image-preview:large","max-video-preview":"max-video-preview:-1"},"canonical":"https:\/\/blogit.gradia.fi\/soteammattilaiset\/ammattitutkinnot\/perhepaivahoitajan-ammattitutkinto\/","og_locale":"fi_FI","og_type":"article","og_title":"Perhep\u00e4iv\u00e4hoitajan ammattitutkinto - Sote ammattilaiset","og_description":"Perhep\u00e4iv\u00e4hoitajan ammattitutkinto Kohderyhm\u00e4 Koulutukseen voivat hakeutua lasten parissa toimivat ilman tutkintoa olevat varhaiskasvatuksen ty\u00f6ntekij\u00e4t, perhep\u00e4iv\u00e4hoitajana ty\u00f6skentelev\u00e4t ja perhep\u00e4iv\u00e4hoitajan ammattitutkinnosta kiinnostuneet. Kuvaus Perhep\u00e4iv\u00e4hoitaja ty\u00f6skentelee kunnallisena tai yksityisen\u00e4 perhep\u00e4iv\u00e4hoitajana tai ryhm\u00e4perhep\u00e4iv\u00e4kodissa vastuullisena varhaiskasvattajana. Ty\u00f6 toteutetaan kasvatuskumppanuuden periaatteiden mukaisesti yhdess\u00e4 lasten ja perheiden kanssa. Tutkinto soveltuu varhaiskasvatukseen suuntautuville henkil\u00f6ille. Oman tietokoneen k\u00e4ytt\u00f6mahdollisuus ja nettiyhteys on opiskelun kannalta suositeltava. &hellip; Jatka lukemista Perhep\u00e4iv\u00e4hoitajan ammattitutkinto &rarr;","og_url":"https:\/\/blogit.gradia.fi\/soteammattilaiset\/ammattitutkinnot\/perhepaivahoitajan-ammattitutkinto\/","og_site_name":"Sote ammattilaiset","article_modified_time":"2016-04-26T16:25:02+00:00","twitter_card":"summary_large_image","twitter_misc":{"Arvioitu lukuaika":"2 minuuttia"},"schema":{"@context":"https:\/\/schema.org","@graph":[{"@type":"WebPage","@id":"https:\/\/blogit.gradia.fi\/soteammattilaiset\/ammattitutkinnot\/perhepaivahoitajan-ammattitutkinto\/","url":"https:\/\/blogit.gradia.fi\/soteammattilaiset\/ammattitutkinnot\/perhepaivahoitajan-ammattitutkinto\/","name":"Perhep\u00e4iv\u00e4hoitajan ammattitutkinto - Sote ammattilaiset","isPartOf":{"@id":"https:\/\/blogit.gradia.fi\/soteammattilaiset\/#website"},"datePublished":"2016-03-08T17:59:58+00:00","dateModified":"2016-04-26T16:25:02+00:00","breadcrumb":{"@id":"https:\/\/blogit.gradia.fi\/soteammattilaiset\/ammattitutkinnot\/perhepaivahoitajan-ammattitutkinto\/#breadcrumb"},"inLanguage":"fi","potentialAction":[{"@type":"ReadAction","target":["https:\/\/blogit.gradia.fi\/soteammattilaiset\/ammattitutkinnot\/perhepaivahoitajan-ammattitutkinto\/"]}]},{"@type":"BreadcrumbList","@id":"https:\/\/blogit.gradia.fi\/soteammattilaiset\/ammattitutkinnot\/perhepaivahoitajan-ammattitutkinto\/#breadcrumb","itemListElement":[{"@type":"ListItem","position":1,"name":"Ammattitutkinnot","item":"https:\/\/blogit.gradia.fi\/soteammattilaiset\/ammattitutkinnot\/"},{"@type":"ListItem","position":2,"name":"Perhep\u00e4iv\u00e4hoitajan ammattitutkinto"}]},{"@type":"WebSite","@id":"https:\/\/blogit.gradia.fi\/soteammattilaiset\/#website","url":"https:\/\/blogit.gradia.fi\/soteammattilaiset\/","name":"Sote ammattilaiset","description":"Gradia Jyv\u00e4skyl\u00e4 \/ Osallisuus ja ohjaaminen palvelut ammatti- ja erikoisammattitutkinnot","potentialAction":[{"@type":"SearchAction","target":{"@type":"EntryPoint","urlTemplate":"https:\/\/blogit.gradia.fi\/soteammattilaiset\/?s={search_term_string}"},"query-input":{"@type":"PropertyValueSpecification","valueRequired":true,"valueName":"search_term_string"}}],"inLanguage":"fi"}]}},"uagb_featured_image_src":{"full":false,"thumbnail":false,"medium":false,"medium_large":false,"large":false,"1536x1536":false,"2048x2048":false,"post-thumbnail":false},"uagb_author_info":{"display_name":"arkistoija","author_link":"https:\/\/blogit.gradia.fi\/soteammattilaiset\/author\/arkistoija\/"},"uagb_comment_info":0,"uagb_excerpt":"Perhep\u00e4iv\u00e4hoitajan ammattitutkinto Kohderyhm\u00e4 Koulutukseen voivat hakeutua lasten parissa toimivat ilman tutkintoa olevat varhaiskasvatuksen ty\u00f6ntekij\u00e4t, perhep\u00e4iv\u00e4hoitajana ty\u00f6skentelev\u00e4t ja perhep\u00e4iv\u00e4hoitajan ammattitutkinnosta kiinnostuneet. Kuvaus Perhep\u00e4iv\u00e4hoitaja ty\u00f6skentelee kunnallisena tai yksityisen\u00e4 perhep\u00e4iv\u00e4hoitajana tai ryhm\u00e4perhep\u00e4iv\u00e4kodissa vastuullisena varhaiskasvattajana. Ty\u00f6 toteutetaan kasvatuskumppanuuden periaatteiden mukaisesti yhdess\u00e4 lasten ja perheiden kanssa. Tutkinto soveltuu varhaiskasvatukseen suuntautuville henkil\u00f6ille. Oman tietokoneen k\u00e4ytt\u00f6mahdollisuus ja nettiyhteys on opiskelun kannalta suositeltava.&hellip;","_links":{"self":[{"href":"https:\/\/blogit.gradia.fi\/soteammattilaiset\/wp-json\/wp\/v2\/pages\/67","targetHints":{"allow":["GET"]}}],"collection":[{"href":"https:\/\/blogit.gradia.fi\/soteammattilaiset\/wp-json\/wp\/v2\/pages"}],"about":[{"href":"https:\/\/blogit.gradia.fi\/soteammattilaiset\/wp-json\/wp\/v2\/types\/page"}],"author":[{"embeddable":true,"href":"https:\/\/blogit.gradia.fi\/soteammattilaiset\/wp-json\/wp\/v2\/users\/1131"}],"replies":[{"embeddable":true,"href":"https:\/\/blogit.gradia.fi\/soteammattilaiset\/wp-json\/wp\/v2\/comments?post=67"}],"version-history":[{"count":0,"href":"https:\/\/blogit.gradia.fi\/soteammattilaiset\/wp-json\/wp\/v2\/pages\/67\/revisions"}],"up":[{"embeddable":true,"href":"https:\/\/blogit.gradia.fi\/soteammattilaiset\/wp-json\/wp\/v2\/pages\/75"}],"wp:attachment":[{"href":"https:\/\/blogit.gradia.fi\/soteammattilaiset\/wp-json\/wp\/v2\/media?parent=67"}],"curies":[{"name":"wp","href":"https:\/\/api.w.org\/{rel}","templated":true}]}}