{"id":149,"date":"2015-04-28T06:36:23","date_gmt":"2015-04-28T06:36:23","guid":{"rendered":"https:\/\/blogit.gradia.fi\/sorvinaareen\/?page_id=149"},"modified":"2015-04-30T08:23:20","modified_gmt":"2015-04-30T08:23:20","slug":"3d-tulostus-seminaari-firpa-aalto-yliopisto-dipoli","status":"publish","type":"page","link":"https:\/\/blogit.gradia.fi\/sorvinaareen\/3d-tulostus-seminaari-firpa-aalto-yliopisto-dipoli\/","title":{"rendered":"3D-tulostus seminaari, Firpa, Aalto Yliopisto, Dipoli"},"content":{"rendered":"<p>Suomen pikavalmistusyhdistyksen <a href=\"http:\/\/www.firpa.fi\/\" target=\"_blank\">Firpa<\/a>:n\u00a0j\u00e4rjest\u00e4m\u00e4 seminaari ja 3D-tulostusn\u00e4yttely.<\/p>\n<p><a href=\"https:\/\/blogit.gradia.fi\/sorvinaareen\/wp-content\/uploads\/sites\/102\/2015\/04\/WP_20150428_16_42_25_Pro.jpg\"><img loading=\"lazy\" decoding=\"async\" class=\"alignnone size-medium wp-image-174\" src=\"https:\/\/blogit.gradia.fi\/sorvinaareen\/wp-content\/uploads\/sites\/102\/2015\/04\/WP_20150428_16_42_25_Pro-169x300.jpg\" alt=\"WP_20150428_16_42_25_Pro\" width=\"169\" height=\"300\" srcset=\"https:\/\/blogit.gradia.fi\/sorvinaareen\/wp-content\/uploads\/sites\/102\/2015\/04\/WP_20150428_16_42_25_Pro-169x300.jpg 169w, https:\/\/blogit.gradia.fi\/sorvinaareen\/wp-content\/uploads\/sites\/102\/2015\/04\/WP_20150428_16_42_25_Pro-576x1024.jpg 576w, https:\/\/blogit.gradia.fi\/sorvinaareen\/wp-content\/uploads\/sites\/102\/2015\/04\/WP_20150428_16_42_25_Pro.jpg 1728w\" sizes=\"auto, (max-width: 169px) 100vw, 169px\" \/><\/a><\/p>\n<p>Ensimm\u00e4inen luennoitsija oli\u00a0professori <a href=\"http:\/\/www.odd.org.nz\/\" target=\"_blank\">Olaf Diegel<\/a> Lund:n Yliopistosta Ruotsista. Esityksess\u00e4\u00e4n h\u00e4n paneutui 3D-tulostamisen myytteihin.<\/p>\n<p>Toinen luennoitsija oli Mikko Laitinen <a href=\"http:\/\/www.microsoft.com\/fi-fi\/default.aspx\" target=\"_blank\">Microsoft Mobile<\/a> Oy:st\u00e4. H\u00e4nen aiheenaan oli DDM eli tuotetiedon hallinta.<\/p>\n<p>T\u00e4m\u00e4n j\u00e4lkeen oli 3D-tulostusn\u00e4yttelyn esittelij\u00f6iden lyhyet puheenvuorot. Alla on kuvia 3D-tulostusn\u00e4yttelyst\u00e4 kuvateksteineen.<\/p>\n<p><a href=\"https:\/\/blogit.gradia.fi\/sorvinaareen\/wp-content\/uploads\/sites\/102\/2015\/04\/WP_20150428_12_19_32_Pro.jpg\"><img loading=\"lazy\" decoding=\"async\" class=\"alignnone size-medium wp-image-159\" src=\"https:\/\/blogit.gradia.fi\/sorvinaareen\/wp-content\/uploads\/sites\/102\/2015\/04\/WP_20150428_12_19_32_Pro-300x169.jpg\" alt=\"WP_20150428_12_19_32_Pro\" width=\"300\" height=\"169\" srcset=\"https:\/\/blogit.gradia.fi\/sorvinaareen\/wp-content\/uploads\/sites\/102\/2015\/04\/WP_20150428_12_19_32_Pro-300x169.jpg 300w, https:\/\/blogit.gradia.fi\/sorvinaareen\/wp-content\/uploads\/sites\/102\/2015\/04\/WP_20150428_12_19_32_Pro-1024x576.jpg 1024w\" sizes=\"auto, (max-width: 300px) 100vw, 300px\" \/><\/a> <a href=\"https:\/\/blogit.gradia.fi\/sorvinaareen\/wp-content\/uploads\/sites\/102\/2015\/04\/WP_20150428_12_19_42_Pro.jpg\"><img loading=\"lazy\" decoding=\"async\" class=\"alignnone size-medium wp-image-160\" src=\"https:\/\/blogit.gradia.fi\/sorvinaareen\/wp-content\/uploads\/sites\/102\/2015\/04\/WP_20150428_12_19_42_Pro-300x169.jpg\" alt=\"WP_20150428_12_19_42_Pro\" width=\"300\" height=\"169\" srcset=\"https:\/\/blogit.gradia.fi\/sorvinaareen\/wp-content\/uploads\/sites\/102\/2015\/04\/WP_20150428_12_19_42_Pro-300x169.jpg 300w, https:\/\/blogit.gradia.fi\/sorvinaareen\/wp-content\/uploads\/sites\/102\/2015\/04\/WP_20150428_12_19_42_Pro-1024x576.jpg 1024w\" sizes=\"auto, (max-width: 300px) 100vw, 300px\" \/><\/a><\/p>\n<p>Hetitec Oy:st\u00e4 valumuotti, jolla valmistettu tuote my\u00f6s kuvassa.<\/p>\n<p><a href=\"https:\/\/blogit.gradia.fi\/sorvinaareen\/wp-content\/uploads\/sites\/102\/2015\/04\/WP_20150428_11_19_33_Pro.jpg\"><img loading=\"lazy\" decoding=\"async\" class=\"alignnone size-medium wp-image-161\" src=\"https:\/\/blogit.gradia.fi\/sorvinaareen\/wp-content\/uploads\/sites\/102\/2015\/04\/WP_20150428_11_19_33_Pro-300x169.jpg\" alt=\"WP_20150428_11_19_33_Pro\" width=\"300\" height=\"169\" srcset=\"https:\/\/blogit.gradia.fi\/sorvinaareen\/wp-content\/uploads\/sites\/102\/2015\/04\/WP_20150428_11_19_33_Pro-300x169.jpg 300w, https:\/\/blogit.gradia.fi\/sorvinaareen\/wp-content\/uploads\/sites\/102\/2015\/04\/WP_20150428_11_19_33_Pro-1024x576.jpg 1024w\" sizes=\"auto, (max-width: 300px) 100vw, 300px\" \/><\/a><\/p>\n<p>Macutec Oy:st\u00e4 valmistettu tuote, joka on ensin kerroshitsattu ja t\u00e4m\u00e4n j\u00e4lkeen\u00a0tuote on\u00a0koneistettu.<\/p>\n<p><a href=\"https:\/\/blogit.gradia.fi\/sorvinaareen\/wp-content\/uploads\/sites\/102\/2015\/04\/WP_20150428_11_22_07_Pro.jpg\"><img loading=\"lazy\" decoding=\"async\" class=\"alignnone size-medium wp-image-162\" src=\"https:\/\/blogit.gradia.fi\/sorvinaareen\/wp-content\/uploads\/sites\/102\/2015\/04\/WP_20150428_11_22_07_Pro-300x169.jpg\" alt=\"WP_20150428_11_22_07_Pro\" width=\"300\" height=\"169\" srcset=\"https:\/\/blogit.gradia.fi\/sorvinaareen\/wp-content\/uploads\/sites\/102\/2015\/04\/WP_20150428_11_22_07_Pro-300x169.jpg 300w, https:\/\/blogit.gradia.fi\/sorvinaareen\/wp-content\/uploads\/sites\/102\/2015\/04\/WP_20150428_11_22_07_Pro-1024x576.jpg 1024w\" sizes=\"auto, (max-width: 300px) 100vw, 300px\" \/><\/a> <a href=\"https:\/\/blogit.gradia.fi\/sorvinaareen\/wp-content\/uploads\/sites\/102\/2015\/04\/WP_20150428_12_06_50_Pro.jpg\"><img loading=\"lazy\" decoding=\"async\" class=\"alignnone size-medium wp-image-163\" src=\"https:\/\/blogit.gradia.fi\/sorvinaareen\/wp-content\/uploads\/sites\/102\/2015\/04\/WP_20150428_12_06_50_Pro-300x169.jpg\" alt=\"WP_20150428_12_06_50_Pro\" width=\"300\" height=\"169\" srcset=\"https:\/\/blogit.gradia.fi\/sorvinaareen\/wp-content\/uploads\/sites\/102\/2015\/04\/WP_20150428_12_06_50_Pro-300x169.jpg 300w, https:\/\/blogit.gradia.fi\/sorvinaareen\/wp-content\/uploads\/sites\/102\/2015\/04\/WP_20150428_12_06_50_Pro-1024x576.jpg 1024w\" sizes=\"auto, (max-width: 300px) 100vw, 300px\" \/><\/a> <a href=\"https:\/\/blogit.gradia.fi\/sorvinaareen\/wp-content\/uploads\/sites\/102\/2015\/04\/WP_20150428_12_13_39_Pro.jpg\"><img loading=\"lazy\" decoding=\"async\" class=\"alignnone size-medium wp-image-164\" src=\"https:\/\/blogit.gradia.fi\/sorvinaareen\/wp-content\/uploads\/sites\/102\/2015\/04\/WP_20150428_12_13_39_Pro-169x300.jpg\" alt=\"WP_20150428_12_13_39_Pro\" width=\"169\" height=\"300\" srcset=\"https:\/\/blogit.gradia.fi\/sorvinaareen\/wp-content\/uploads\/sites\/102\/2015\/04\/WP_20150428_12_13_39_Pro-169x300.jpg 169w, https:\/\/blogit.gradia.fi\/sorvinaareen\/wp-content\/uploads\/sites\/102\/2015\/04\/WP_20150428_12_13_39_Pro-576x1024.jpg 576w, https:\/\/blogit.gradia.fi\/sorvinaareen\/wp-content\/uploads\/sites\/102\/2015\/04\/WP_20150428_12_13_39_Pro.jpg 1728w\" sizes=\"auto, (max-width: 169px) 100vw, 169px\" \/><\/a> <a href=\"https:\/\/blogit.gradia.fi\/sorvinaareen\/wp-content\/uploads\/sites\/102\/2015\/04\/WP_20150428_12_16_26_Pro.jpg\"><img loading=\"lazy\" decoding=\"async\" class=\"alignnone size-medium wp-image-165\" src=\"https:\/\/blogit.gradia.fi\/sorvinaareen\/wp-content\/uploads\/sites\/102\/2015\/04\/WP_20150428_12_16_26_Pro-300x169.jpg\" alt=\"WP_20150428_12_16_26_Pro\" width=\"300\" height=\"169\" srcset=\"https:\/\/blogit.gradia.fi\/sorvinaareen\/wp-content\/uploads\/sites\/102\/2015\/04\/WP_20150428_12_16_26_Pro-300x169.jpg 300w, https:\/\/blogit.gradia.fi\/sorvinaareen\/wp-content\/uploads\/sites\/102\/2015\/04\/WP_20150428_12_16_26_Pro-1024x576.jpg 1024w\" sizes=\"auto, (max-width: 300px) 100vw, 300px\" \/><\/a> <a href=\"https:\/\/blogit.gradia.fi\/sorvinaareen\/wp-content\/uploads\/sites\/102\/2015\/04\/WP_20150428_12_17_31_Pro.jpg\"><img loading=\"lazy\" decoding=\"async\" class=\"alignnone size-medium wp-image-166\" src=\"https:\/\/blogit.gradia.fi\/sorvinaareen\/wp-content\/uploads\/sites\/102\/2015\/04\/WP_20150428_12_17_31_Pro-300x169.jpg\" alt=\"WP_20150428_12_17_31_Pro\" width=\"300\" height=\"169\" srcset=\"https:\/\/blogit.gradia.fi\/sorvinaareen\/wp-content\/uploads\/sites\/102\/2015\/04\/WP_20150428_12_17_31_Pro-300x169.jpg 300w, https:\/\/blogit.gradia.fi\/sorvinaareen\/wp-content\/uploads\/sites\/102\/2015\/04\/WP_20150428_12_17_31_Pro-1024x576.jpg 1024w\" sizes=\"auto, (max-width: 300px) 100vw, 300px\" \/><\/a> <a href=\"https:\/\/blogit.gradia.fi\/sorvinaareen\/wp-content\/uploads\/sites\/102\/2015\/04\/WP_20150428_12_17_53_Pro.jpg\"><img loading=\"lazy\" decoding=\"async\" class=\"alignnone size-medium wp-image-167\" src=\"https:\/\/blogit.gradia.fi\/sorvinaareen\/wp-content\/uploads\/sites\/102\/2015\/04\/WP_20150428_12_17_53_Pro-300x169.jpg\" alt=\"WP_20150428_12_17_53_Pro\" width=\"300\" height=\"169\" srcset=\"https:\/\/blogit.gradia.fi\/sorvinaareen\/wp-content\/uploads\/sites\/102\/2015\/04\/WP_20150428_12_17_53_Pro-300x169.jpg 300w, https:\/\/blogit.gradia.fi\/sorvinaareen\/wp-content\/uploads\/sites\/102\/2015\/04\/WP_20150428_12_17_53_Pro-1024x576.jpg 1024w\" sizes=\"auto, (max-width: 300px) 100vw, 300px\" \/><\/a><\/p>\n<p>Kolmas luennoitsija oli Johtaja\u00a0David Wong, <a href=\"http:\/\/www.nyp.edu.sg\/\" target=\"_blank\">Nanyang Polytecnic<\/a>, Singapore:sta. H\u00e4nen aiheenaan oli 3D-tulostuksen &#8221;<a href=\"http:\/\/www.nyp.edu.sg\/seg\/specialist-n-joint-technology-centres\/additive-manufacturing-innovation-centre\" target=\"_blank\">opetus tehdas<\/a>&#8221;.<\/p>\n<p><a href=\"https:\/\/blogit.gradia.fi\/sorvinaareen\/wp-content\/uploads\/sites\/102\/2015\/04\/AMIClabpano_photo.jpg\"><img loading=\"lazy\" decoding=\"async\" class=\"alignnone size-medium wp-image-203\" src=\"https:\/\/blogit.gradia.fi\/sorvinaareen\/wp-content\/uploads\/sites\/102\/2015\/04\/AMIClabpano_photo-300x94.jpg\" alt=\"AMIClabpano_photo\" width=\"300\" height=\"94\" srcset=\"https:\/\/blogit.gradia.fi\/sorvinaareen\/wp-content\/uploads\/sites\/102\/2015\/04\/AMIClabpano_photo-300x94.jpg 300w, https:\/\/blogit.gradia.fi\/sorvinaareen\/wp-content\/uploads\/sites\/102\/2015\/04\/AMIClabpano_photo.jpg 650w\" sizes=\"auto, (max-width: 300px) 100vw, 300px\" \/><\/a><\/p>\n<p>Karkea\u00a0idea\u00a0heill\u00e4 on \u00a0yhdist\u00e4\u00e4\u00a0teollisuuden ja \u00a0opiskelijoiden kanssa innovointi, suunnittelu ja\u00a0valmistus nykyaikaisilla suunnittelu- ja valmistusv\u00e4lineill\u00e4. Suunnittelussa k\u00e4ytet\u00e4\u00e4n erilaisia \u00a03d-mallinusohjelmia ja valmistuksessa mm 3D-tulostusta.<\/p>\n<p>Seuraava luennoitsija oli Kalle Kantola Fimecc Oy:st\u00e4. H\u00e4nen aiheenaan oli &#8221;3D-tulostus haastaa Suomen ja valmistavan teollisuuden&#8221;. FIMECC Oy (Finnish Metals and Engineering Competence Cluster Ltd) on metallituotteet ja koneenrakennus -alan yritysten sek\u00e4 tutkimuslaitosten vuonna 2008 perustama SHOK eli strategisen huippuosaamisen keskittym\u00e4. Se toimii tieteen, teknologian ja innovaation keskittym\u00e4n\u00e4 Suomen metalliteollisuuden ja koneenrakennuksen aloilla ja sen teht\u00e4v\u00e4n\u00e4 on edesauttaa kone- \u00a0ja metalliteollisuuden uudistumista.<\/p>\n<p><a href=\"https:\/\/blogit.gradia.fi\/sorvinaareen\/wp-content\/uploads\/sites\/102\/2015\/04\/Fimecc-myrsky.jpg\"><img loading=\"lazy\" decoding=\"async\" class=\"alignnone size-medium wp-image-207\" src=\"https:\/\/blogit.gradia.fi\/sorvinaareen\/wp-content\/uploads\/sites\/102\/2015\/04\/Fimecc-myrsky-300x160.jpg\" alt=\"Fimecc myrsky\" width=\"300\" height=\"160\" srcset=\"https:\/\/blogit.gradia.fi\/sorvinaareen\/wp-content\/uploads\/sites\/102\/2015\/04\/Fimecc-myrsky-300x160.jpg 300w, https:\/\/blogit.gradia.fi\/sorvinaareen\/wp-content\/uploads\/sites\/102\/2015\/04\/Fimecc-myrsky-1024x546.jpg 1024w, https:\/\/blogit.gradia.fi\/sorvinaareen\/wp-content\/uploads\/sites\/102\/2015\/04\/Fimecc-myrsky.jpg 1366w\" sizes=\"auto, (max-width: 300px) 100vw, 300px\" \/><\/a><\/p>\n<p>Heid\u00e4n yhten\u00e4\u00a0strategiana on tuotannon digitalisoituminen ja\u00a03D-tulostus kuuluu siihen.\u00a0Kantola painotti\u00a0Suomen hallitus ohjelman vaikuttavuutta seuraavien vuosien aikana. Esimerkiksi Singaporessa oli\u00a0yhteinen tahtotila \u00a0toteuttaa heid\u00e4n &#8221;opetus tehdastaan&#8221;. Miksei t\u00e4llaista tahtotilaa l\u00f6ydy Suomesta?<\/p>\n","protected":false},"excerpt":{"rendered":"<p>Suomen pikavalmistusyhdistyksen Firpa:n\u00a0j\u00e4rjest\u00e4m\u00e4 seminaari ja 3D-tulostusn\u00e4yttely. Ensimm\u00e4inen luennoitsija oli\u00a0professori Olaf Diegel Lund:n Yliopistosta Ruotsista. Esityksess\u00e4\u00e4n h\u00e4n paneutui 3D-tulostamisen myytteihin. Toinen luennoitsija oli Mikko Laitinen Microsoft Mobile Oy:st\u00e4. H\u00e4nen aiheenaan oli DDM eli tuotetiedon hallinta. T\u00e4m\u00e4n j\u00e4lkeen oli 3D-tulostusn\u00e4yttelyn esittelij\u00f6iden lyhyet puheenvuorot. Alla on kuvia 3D-tulostusn\u00e4yttelyst\u00e4 kuvateksteineen. Hetitec Oy:st\u00e4 valumuotti, jolla valmistettu tuote my\u00f6s kuvassa. Macutec &hellip; <a href=\"https:\/\/blogit.gradia.fi\/sorvinaareen\/3d-tulostus-seminaari-firpa-aalto-yliopisto-dipoli\/\" class=\"more-link\">Jatka lukemista <span class=\"screen-reader-text\">3D-tulostus seminaari, Firpa, Aalto Yliopisto, Dipoli<\/span> <span class=\"meta-nav\">&rarr;<\/span><\/a><\/p>\n","protected":false},"author":593,"featured_media":0,"parent":0,"menu_order":0,"comment_status":"open","ping_status":"open","template":"","meta":{"_uag_custom_page_level_css":"","footnotes":""},"class_list":["post-149","page","type-page","status-publish","hentry"],"yoast_head":"<!-- This site is optimized with the Yoast SEO plugin v27.2 - https:\/\/yoast.com\/product\/yoast-seo-wordpress\/ -->\n<title>3D-tulostus seminaari, Firpa, Aalto Yliopisto, Dipoli - Takaisin sorvin \u00e4\u00e4reen<\/title>\n<meta name=\"robots\" content=\"index, follow, max-snippet:-1, max-image-preview:large, max-video-preview:-1\" \/>\n<link rel=\"canonical\" href=\"https:\/\/blogit.gradia.fi\/sorvinaareen\/3d-tulostus-seminaari-firpa-aalto-yliopisto-dipoli\/\" \/>\n<meta property=\"og:locale\" content=\"fi_FI\" \/>\n<meta property=\"og:type\" content=\"article\" \/>\n<meta property=\"og:title\" content=\"3D-tulostus seminaari, Firpa, Aalto Yliopisto, Dipoli - Takaisin sorvin \u00e4\u00e4reen\" \/>\n<meta property=\"og:description\" content=\"Suomen pikavalmistusyhdistyksen Firpa:n\u00a0j\u00e4rjest\u00e4m\u00e4 seminaari ja 3D-tulostusn\u00e4yttely. Ensimm\u00e4inen luennoitsija oli\u00a0professori Olaf Diegel Lund:n Yliopistosta Ruotsista. Esityksess\u00e4\u00e4n h\u00e4n paneutui 3D-tulostamisen myytteihin. Toinen luennoitsija oli Mikko Laitinen Microsoft Mobile Oy:st\u00e4. H\u00e4nen aiheenaan oli DDM eli tuotetiedon hallinta. T\u00e4m\u00e4n j\u00e4lkeen oli 3D-tulostusn\u00e4yttelyn esittelij\u00f6iden lyhyet puheenvuorot. Alla on kuvia 3D-tulostusn\u00e4yttelyst\u00e4 kuvateksteineen. Hetitec Oy:st\u00e4 valumuotti, jolla valmistettu tuote my\u00f6s kuvassa. Macutec &hellip; Jatka lukemista 3D-tulostus seminaari, Firpa, Aalto Yliopisto, Dipoli &rarr;\" \/>\n<meta property=\"og:url\" content=\"https:\/\/blogit.gradia.fi\/sorvinaareen\/3d-tulostus-seminaari-firpa-aalto-yliopisto-dipoli\/\" \/>\n<meta property=\"og:site_name\" content=\"Takaisin sorvin \u00e4\u00e4reen\" \/>\n<meta property=\"article:modified_time\" content=\"2015-04-30T08:23:20+00:00\" \/>\n<meta property=\"og:image\" content=\"https:\/\/blogit.gradia.fi\/sorvinaareen\/wp-content\/uploads\/sites\/102\/2015\/04\/WP_20150428_16_42_25_Pro-169x300.jpg\" \/>\n<meta name=\"twitter:card\" content=\"summary_large_image\" \/>\n<meta name=\"twitter:label1\" content=\"Arvioitu lukuaika\" \/>\n\t<meta name=\"twitter:data1\" content=\"1 minuutti\" \/>\n<script type=\"application\/ld+json\" class=\"yoast-schema-graph\">{\"@context\":\"https:\/\/schema.org\",\"@graph\":[{\"@type\":\"WebPage\",\"@id\":\"https:\/\/blogit.gradia.fi\/sorvinaareen\/3d-tulostus-seminaari-firpa-aalto-yliopisto-dipoli\/\",\"url\":\"https:\/\/blogit.gradia.fi\/sorvinaareen\/3d-tulostus-seminaari-firpa-aalto-yliopisto-dipoli\/\",\"name\":\"3D-tulostus seminaari, Firpa, Aalto Yliopisto, Dipoli - Takaisin sorvin \u00e4\u00e4reen\",\"isPartOf\":{\"@id\":\"https:\/\/blogit.gradia.fi\/sorvinaareen\/#website\"},\"primaryImageOfPage\":{\"@id\":\"https:\/\/blogit.gradia.fi\/sorvinaareen\/3d-tulostus-seminaari-firpa-aalto-yliopisto-dipoli\/#primaryimage\"},\"image\":{\"@id\":\"https:\/\/blogit.gradia.fi\/sorvinaareen\/3d-tulostus-seminaari-firpa-aalto-yliopisto-dipoli\/#primaryimage\"},\"thumbnailUrl\":\"https:\/\/blogit.gradia.fi\/sorvinaareen\/wp-content\/uploads\/sites\/102\/2015\/04\/WP_20150428_16_42_25_Pro-169x300.jpg\",\"datePublished\":\"2015-04-28T06:36:23+00:00\",\"dateModified\":\"2015-04-30T08:23:20+00:00\",\"inLanguage\":\"fi\",\"potentialAction\":[{\"@type\":\"ReadAction\",\"target\":[\"https:\/\/blogit.gradia.fi\/sorvinaareen\/3d-tulostus-seminaari-firpa-aalto-yliopisto-dipoli\/\"]}]},{\"@type\":\"ImageObject\",\"inLanguage\":\"fi\",\"@id\":\"https:\/\/blogit.gradia.fi\/sorvinaareen\/3d-tulostus-seminaari-firpa-aalto-yliopisto-dipoli\/#primaryimage\",\"url\":\"https:\/\/blogit.gradia.fi\/sorvinaareen\/wp-content\/uploads\/sites\/102\/2015\/04\/WP_20150428_16_42_25_Pro.jpg\",\"contentUrl\":\"https:\/\/blogit.gradia.fi\/sorvinaareen\/wp-content\/uploads\/sites\/102\/2015\/04\/WP_20150428_16_42_25_Pro.jpg\",\"width\":1728,\"height\":3072},{\"@type\":\"WebSite\",\"@id\":\"https:\/\/blogit.gradia.fi\/sorvinaareen\/#website\",\"url\":\"https:\/\/blogit.gradia.fi\/sorvinaareen\/\",\"name\":\"Takaisin sorvin \u00e4\u00e4reen\",\"description\":\"Pekka Raution ty\u00f6el\u00e4m\u00e4jakso 16.4 - 29.5.2015\",\"potentialAction\":[{\"@type\":\"SearchAction\",\"target\":{\"@type\":\"EntryPoint\",\"urlTemplate\":\"https:\/\/blogit.gradia.fi\/sorvinaareen\/?s={search_term_string}\"},\"query-input\":{\"@type\":\"PropertyValueSpecification\",\"valueRequired\":true,\"valueName\":\"search_term_string\"}}],\"inLanguage\":\"fi\"}]}<\/script>\n<!-- \/ Yoast SEO plugin. -->","yoast_head_json":{"title":"3D-tulostus seminaari, Firpa, Aalto Yliopisto, Dipoli - Takaisin sorvin \u00e4\u00e4reen","robots":{"index":"index","follow":"follow","max-snippet":"max-snippet:-1","max-image-preview":"max-image-preview:large","max-video-preview":"max-video-preview:-1"},"canonical":"https:\/\/blogit.gradia.fi\/sorvinaareen\/3d-tulostus-seminaari-firpa-aalto-yliopisto-dipoli\/","og_locale":"fi_FI","og_type":"article","og_title":"3D-tulostus seminaari, Firpa, Aalto Yliopisto, Dipoli - Takaisin sorvin \u00e4\u00e4reen","og_description":"Suomen pikavalmistusyhdistyksen Firpa:n\u00a0j\u00e4rjest\u00e4m\u00e4 seminaari ja 3D-tulostusn\u00e4yttely. Ensimm\u00e4inen luennoitsija oli\u00a0professori Olaf Diegel Lund:n Yliopistosta Ruotsista. Esityksess\u00e4\u00e4n h\u00e4n paneutui 3D-tulostamisen myytteihin. Toinen luennoitsija oli Mikko Laitinen Microsoft Mobile Oy:st\u00e4. H\u00e4nen aiheenaan oli DDM eli tuotetiedon hallinta. T\u00e4m\u00e4n j\u00e4lkeen oli 3D-tulostusn\u00e4yttelyn esittelij\u00f6iden lyhyet puheenvuorot. Alla on kuvia 3D-tulostusn\u00e4yttelyst\u00e4 kuvateksteineen. Hetitec Oy:st\u00e4 valumuotti, jolla valmistettu tuote my\u00f6s kuvassa. Macutec &hellip; Jatka lukemista 3D-tulostus seminaari, Firpa, Aalto Yliopisto, Dipoli &rarr;","og_url":"https:\/\/blogit.gradia.fi\/sorvinaareen\/3d-tulostus-seminaari-firpa-aalto-yliopisto-dipoli\/","og_site_name":"Takaisin sorvin \u00e4\u00e4reen","article_modified_time":"2015-04-30T08:23:20+00:00","og_image":[{"url":"https:\/\/blogit.gradia.fi\/sorvinaareen\/wp-content\/uploads\/sites\/102\/2015\/04\/WP_20150428_16_42_25_Pro-169x300.jpg","type":"","width":"","height":""}],"twitter_card":"summary_large_image","twitter_misc":{"Arvioitu lukuaika":"1 minuutti"},"schema":{"@context":"https:\/\/schema.org","@graph":[{"@type":"WebPage","@id":"https:\/\/blogit.gradia.fi\/sorvinaareen\/3d-tulostus-seminaari-firpa-aalto-yliopisto-dipoli\/","url":"https:\/\/blogit.gradia.fi\/sorvinaareen\/3d-tulostus-seminaari-firpa-aalto-yliopisto-dipoli\/","name":"3D-tulostus seminaari, Firpa, Aalto Yliopisto, Dipoli - Takaisin sorvin \u00e4\u00e4reen","isPartOf":{"@id":"https:\/\/blogit.gradia.fi\/sorvinaareen\/#website"},"primaryImageOfPage":{"@id":"https:\/\/blogit.gradia.fi\/sorvinaareen\/3d-tulostus-seminaari-firpa-aalto-yliopisto-dipoli\/#primaryimage"},"image":{"@id":"https:\/\/blogit.gradia.fi\/sorvinaareen\/3d-tulostus-seminaari-firpa-aalto-yliopisto-dipoli\/#primaryimage"},"thumbnailUrl":"https:\/\/blogit.gradia.fi\/sorvinaareen\/wp-content\/uploads\/sites\/102\/2015\/04\/WP_20150428_16_42_25_Pro-169x300.jpg","datePublished":"2015-04-28T06:36:23+00:00","dateModified":"2015-04-30T08:23:20+00:00","inLanguage":"fi","potentialAction":[{"@type":"ReadAction","target":["https:\/\/blogit.gradia.fi\/sorvinaareen\/3d-tulostus-seminaari-firpa-aalto-yliopisto-dipoli\/"]}]},{"@type":"ImageObject","inLanguage":"fi","@id":"https:\/\/blogit.gradia.fi\/sorvinaareen\/3d-tulostus-seminaari-firpa-aalto-yliopisto-dipoli\/#primaryimage","url":"https:\/\/blogit.gradia.fi\/sorvinaareen\/wp-content\/uploads\/sites\/102\/2015\/04\/WP_20150428_16_42_25_Pro.jpg","contentUrl":"https:\/\/blogit.gradia.fi\/sorvinaareen\/wp-content\/uploads\/sites\/102\/2015\/04\/WP_20150428_16_42_25_Pro.jpg","width":1728,"height":3072},{"@type":"WebSite","@id":"https:\/\/blogit.gradia.fi\/sorvinaareen\/#website","url":"https:\/\/blogit.gradia.fi\/sorvinaareen\/","name":"Takaisin sorvin \u00e4\u00e4reen","description":"Pekka Raution ty\u00f6el\u00e4m\u00e4jakso 16.4 - 29.5.2015","potentialAction":[{"@type":"SearchAction","target":{"@type":"EntryPoint","urlTemplate":"https:\/\/blogit.gradia.fi\/sorvinaareen\/?s={search_term_string}"},"query-input":{"@type":"PropertyValueSpecification","valueRequired":true,"valueName":"search_term_string"}}],"inLanguage":"fi"}]}},"uagb_featured_image_src":{"full":false,"thumbnail":false,"medium":false,"medium_large":false,"large":false,"1536x1536":false,"2048x2048":false,"post-thumbnail":false,"twentyfourteen-full-width":false},"uagb_author_info":{"display_name":"Pekka Rautio","author_link":"https:\/\/blogit.gradia.fi\/sorvinaareen\/author\/rautipek\/"},"uagb_comment_info":0,"uagb_excerpt":"Suomen pikavalmistusyhdistyksen Firpa:n\u00a0j\u00e4rjest\u00e4m\u00e4 seminaari ja 3D-tulostusn\u00e4yttely. Ensimm\u00e4inen luennoitsija oli\u00a0professori Olaf Diegel Lund:n Yliopistosta Ruotsista. Esityksess\u00e4\u00e4n h\u00e4n paneutui 3D-tulostamisen myytteihin. Toinen luennoitsija oli Mikko Laitinen Microsoft Mobile Oy:st\u00e4. H\u00e4nen aiheenaan oli DDM eli tuotetiedon hallinta. T\u00e4m\u00e4n j\u00e4lkeen oli 3D-tulostusn\u00e4yttelyn esittelij\u00f6iden lyhyet puheenvuorot. Alla on kuvia 3D-tulostusn\u00e4yttelyst\u00e4 kuvateksteineen. Hetitec Oy:st\u00e4 valumuotti, jolla valmistettu tuote my\u00f6s kuvassa. Macutec&hellip;","_links":{"self":[{"href":"https:\/\/blogit.gradia.fi\/sorvinaareen\/wp-json\/wp\/v2\/pages\/149","targetHints":{"allow":["GET"]}}],"collection":[{"href":"https:\/\/blogit.gradia.fi\/sorvinaareen\/wp-json\/wp\/v2\/pages"}],"about":[{"href":"https:\/\/blogit.gradia.fi\/sorvinaareen\/wp-json\/wp\/v2\/types\/page"}],"author":[{"embeddable":true,"href":"https:\/\/blogit.gradia.fi\/sorvinaareen\/wp-json\/wp\/v2\/users\/593"}],"replies":[{"embeddable":true,"href":"https:\/\/blogit.gradia.fi\/sorvinaareen\/wp-json\/wp\/v2\/comments?post=149"}],"version-history":[{"count":0,"href":"https:\/\/blogit.gradia.fi\/sorvinaareen\/wp-json\/wp\/v2\/pages\/149\/revisions"}],"wp:attachment":[{"href":"https:\/\/blogit.gradia.fi\/sorvinaareen\/wp-json\/wp\/v2\/media?parent=149"}],"curies":[{"name":"wp","href":"https:\/\/api.w.org\/{rel}","templated":true}]}}