{"id":228,"date":"2023-03-28T15:35:14","date_gmt":"2023-03-28T12:35:14","guid":{"rendered":"https:\/\/blogit.gradia.fi\/sisu\/?page_id=228"},"modified":"2023-03-31T08:00:39","modified_gmt":"2023-03-31T05:00:39","slug":"hankkeen-esittely","status":"publish","type":"page","link":"https:\/\/blogit.gradia.fi\/sisu\/hankkeen-esittely\/","title":{"rendered":"Hankkeen esittely"},"content":{"rendered":"\n<p><strong>Opiskelija oman el\u00e4m\u00e4ns\u00e4 ohjaajana \u2013 sujuvat ja saavutettavat ohjausprosessit suuressa lukiossa 9.2.2022 \u2013 31.12.2023&nbsp;<\/strong><\/p>\n\n\n\n<p>Hankkeen tavoitteena on yhteisty\u00f6ss\u00e4 suurten lukioiden kesken kehitt\u00e4\u00e4 lukioihin laadukas, tehokas ja opiskelijan oikea-aikaisesti kohtaava ohjauksen malli. Hankkeessa tarkastellaan kriittisesti, kehitet\u00e4\u00e4n ja rakennetaan kuvaus opiskelijan opinto-ohjauksen polusta alkaen sujuvasta siirtym\u00e4st\u00e4 lukioon ja jatkuen jatko-opintoihin asti.<\/p>\n\n\n\n<figure class=\"wp-block-image size-full\"><img loading=\"lazy\" decoding=\"async\" width=\"1004\" height=\"660\" src=\"https:\/\/blogit.gradia.fi\/sisu\/wp-content\/uploads\/sites\/292\/2023\/03\/Sisu1.png\" alt=\"\" class=\"wp-image-255\" srcset=\"https:\/\/blogit.gradia.fi\/sisu\/wp-content\/uploads\/sites\/292\/2023\/03\/Sisu1.png 1004w, https:\/\/blogit.gradia.fi\/sisu\/wp-content\/uploads\/sites\/292\/2023\/03\/Sisu1-300x197.png 300w, https:\/\/blogit.gradia.fi\/sisu\/wp-content\/uploads\/sites\/292\/2023\/03\/Sisu1-768x505.png 768w, https:\/\/blogit.gradia.fi\/sisu\/wp-content\/uploads\/sites\/292\/2023\/03\/Sisu1-600x394.png 600w, https:\/\/blogit.gradia.fi\/sisu\/wp-content\/uploads\/sites\/292\/2023\/03\/Sisu1-945x621.png 945w\" sizes=\"auto, (max-width: 1004px) 100vw, 1004px\" \/><\/figure>\n\n\n\n<h2 class=\"wp-block-heading\">Hankkeessa mukana:<\/h2>\n\n\n\n<p><strong>Jyv\u00e4skyl\u00e4n koulutuskuntayhtym\u00e4\u00a0Gradian\u00a0lukiot<\/strong>\u200b<\/p>\n\n\n\n<ul class=\"wp-block-list\">\n<li>Schildtin lukio n. 1370 opiskelijaa\u200b<\/li>\n\n\n\n<li>Lyseon lukio n. 1270 opiskelijaa\u200b<\/li>\n<\/ul>\n\n\n\n<p><strong>Kuopion lukiotoimi\u00a0<\/strong>\u200b<\/p>\n\n\n\n<ul class=\"wp-block-list\">\n<li>6 p\u00e4iv\u00e4lukiota, joista nelj\u00e4 on 500-700\u00a0opiskelijan yksik\u00f6it\u00e4 ja kaksi\u00a0pienemp\u00e4\u00e4 sek\u00e4\u00a0Aikuislukio\u200b<\/li>\n<\/ul>\n\n\n\n<p><strong>Lahden lukiotoimi<\/strong><\/p>\n\n\n\n<ul class=\"wp-block-list\">\n<li>Lahden lukio Gaudia, n. 1350 opiskelijaa\u200b<\/li>\n<\/ul>\n\n\n\n<p>Jokaisessa kaupungissa toimii projektikoordinaattori + 3-5\u00a0hankety\u00f6ntekij\u00e4\u00e4: opinto-ohjaajia, erityisopettajia\u00a0sek\u00e4 aineenopettajia<\/p>\n","protected":false},"excerpt":{"rendered":"<p>Opiskelija oman el\u00e4m\u00e4ns\u00e4 ohjaajana \u2013 sujuvat ja saavutettavat ohjausprosessit suuressa lukiossa 9.2.2022 \u2013 31.12.2023&nbsp; Hankkeen tavoitteena on yhteisty\u00f6ss\u00e4 suurten lukioiden kesken kehitt\u00e4\u00e4 lukioihin laadukas, tehokas ja opiskelijan oikea-aikaisesti kohtaava ohjauksen malli. Hankkeessa tarkastellaan kriittisesti, kehitet\u00e4\u00e4n ja rakennetaan kuvaus opiskelijan opinto-ohjauksen&#8230; <a class=\"more-link\" href=\"https:\/\/blogit.gradia.fi\/sisu\/hankkeen-esittely\/\">Continue Reading &rarr;<\/a><\/p>\n","protected":false},"author":420,"featured_media":0,"parent":0,"menu_order":0,"comment_status":"closed","ping_status":"closed","template":"","meta":{"_uag_custom_page_level_css":"","footnotes":""},"class_list":["post-228","page","type-page","status-publish","hentry"],"yoast_head":"<!-- This site is optimized with the Yoast SEO plugin v27.4 - https:\/\/yoast.com\/product\/yoast-seo-wordpress\/ -->\n<title>Hankkeen esittely - Opiskelija oman el\u00e4m\u00e4ns\u00e4 ohjaajana<\/title>\n<meta name=\"robots\" content=\"index, follow, max-snippet:-1, max-image-preview:large, max-video-preview:-1\" \/>\n<link rel=\"canonical\" href=\"https:\/\/blogit.gradia.fi\/sisu\/hankkeen-esittely\/\" \/>\n<meta property=\"og:locale\" content=\"fi_FI\" \/>\n<meta property=\"og:type\" content=\"article\" \/>\n<meta property=\"og:title\" content=\"Hankkeen esittely - Opiskelija oman el\u00e4m\u00e4ns\u00e4 ohjaajana\" \/>\n<meta property=\"og:description\" content=\"Opiskelija oman el\u00e4m\u00e4ns\u00e4 ohjaajana \u2013 sujuvat ja saavutettavat ohjausprosessit suuressa lukiossa 9.2.2022 \u2013 31.12.2023&nbsp; Hankkeen tavoitteena on yhteisty\u00f6ss\u00e4 suurten lukioiden kesken kehitt\u00e4\u00e4 lukioihin laadukas, tehokas ja opiskelijan oikea-aikaisesti kohtaava ohjauksen malli. Hankkeessa tarkastellaan kriittisesti, kehitet\u00e4\u00e4n ja rakennetaan kuvaus opiskelijan opinto-ohjauksen... Continue Reading &rarr;\" \/>\n<meta property=\"og:url\" content=\"https:\/\/blogit.gradia.fi\/sisu\/hankkeen-esittely\/\" \/>\n<meta property=\"og:site_name\" content=\"Opiskelija oman el\u00e4m\u00e4ns\u00e4 ohjaajana\" \/>\n<meta property=\"article:modified_time\" content=\"2023-03-31T05:00:39+00:00\" \/>\n<meta property=\"og:image\" content=\"https:\/\/blogit.gradia.fi\/sisu\/wp-content\/uploads\/sites\/292\/2023\/03\/Sisu1.png\" \/>\n<meta name=\"twitter:card\" content=\"summary_large_image\" \/>\n<meta name=\"twitter:label1\" content=\"Arvioitu lukuaika\" \/>\n\t<meta name=\"twitter:data1\" content=\"1 minuutti\" \/>\n<script type=\"application\/ld+json\" class=\"yoast-schema-graph\">{\"@context\":\"https:\\\/\\\/schema.org\",\"@graph\":[{\"@type\":\"WebPage\",\"@id\":\"https:\\\/\\\/blogit.gradia.fi\\\/sisu\\\/hankkeen-esittely\\\/\",\"url\":\"https:\\\/\\\/blogit.gradia.fi\\\/sisu\\\/hankkeen-esittely\\\/\",\"name\":\"Hankkeen esittely - Opiskelija oman el\u00e4m\u00e4ns\u00e4 ohjaajana\",\"isPartOf\":{\"@id\":\"https:\\\/\\\/blogit.gradia.fi\\\/sisu\\\/#website\"},\"primaryImageOfPage\":{\"@id\":\"https:\\\/\\\/blogit.gradia.fi\\\/sisu\\\/hankkeen-esittely\\\/#primaryimage\"},\"image\":{\"@id\":\"https:\\\/\\\/blogit.gradia.fi\\\/sisu\\\/hankkeen-esittely\\\/#primaryimage\"},\"thumbnailUrl\":\"https:\\\/\\\/blogit.gradia.fi\\\/sisu\\\/wp-content\\\/uploads\\\/sites\\\/292\\\/2023\\\/03\\\/Sisu1.png\",\"datePublished\":\"2023-03-28T12:35:14+00:00\",\"dateModified\":\"2023-03-31T05:00:39+00:00\",\"breadcrumb\":{\"@id\":\"https:\\\/\\\/blogit.gradia.fi\\\/sisu\\\/hankkeen-esittely\\\/#breadcrumb\"},\"inLanguage\":\"fi\",\"potentialAction\":[{\"@type\":\"ReadAction\",\"target\":[\"https:\\\/\\\/blogit.gradia.fi\\\/sisu\\\/hankkeen-esittely\\\/\"]}]},{\"@type\":\"ImageObject\",\"inLanguage\":\"fi\",\"@id\":\"https:\\\/\\\/blogit.gradia.fi\\\/sisu\\\/hankkeen-esittely\\\/#primaryimage\",\"url\":\"https:\\\/\\\/blogit.gradia.fi\\\/sisu\\\/wp-content\\\/uploads\\\/sites\\\/292\\\/2023\\\/03\\\/Sisu1.png\",\"contentUrl\":\"https:\\\/\\\/blogit.gradia.fi\\\/sisu\\\/wp-content\\\/uploads\\\/sites\\\/292\\\/2023\\\/03\\\/Sisu1.png\",\"width\":1004,\"height\":660},{\"@type\":\"BreadcrumbList\",\"@id\":\"https:\\\/\\\/blogit.gradia.fi\\\/sisu\\\/hankkeen-esittely\\\/#breadcrumb\",\"itemListElement\":[{\"@type\":\"ListItem\",\"position\":1,\"name\":\"Etusivu\",\"item\":\"https:\\\/\\\/blogit.gradia.fi\\\/sisu\\\/\"},{\"@type\":\"ListItem\",\"position\":2,\"name\":\"Hankkeen esittely\"}]},{\"@type\":\"WebSite\",\"@id\":\"https:\\\/\\\/blogit.gradia.fi\\\/sisu\\\/#website\",\"url\":\"https:\\\/\\\/blogit.gradia.fi\\\/sisu\\\/\",\"name\":\"Opiskelija oman el\u00e4m\u00e4ns\u00e4 ohjaajana\",\"description\":\"SISU-hanke\",\"potentialAction\":[{\"@type\":\"SearchAction\",\"target\":{\"@type\":\"EntryPoint\",\"urlTemplate\":\"https:\\\/\\\/blogit.gradia.fi\\\/sisu\\\/?s={search_term_string}\"},\"query-input\":{\"@type\":\"PropertyValueSpecification\",\"valueRequired\":true,\"valueName\":\"search_term_string\"}}],\"inLanguage\":\"fi\"}]}<\/script>\n<!-- \/ Yoast SEO plugin. -->","yoast_head_json":{"title":"Hankkeen esittely - Opiskelija oman el\u00e4m\u00e4ns\u00e4 ohjaajana","robots":{"index":"index","follow":"follow","max-snippet":"max-snippet:-1","max-image-preview":"max-image-preview:large","max-video-preview":"max-video-preview:-1"},"canonical":"https:\/\/blogit.gradia.fi\/sisu\/hankkeen-esittely\/","og_locale":"fi_FI","og_type":"article","og_title":"Hankkeen esittely - Opiskelija oman el\u00e4m\u00e4ns\u00e4 ohjaajana","og_description":"Opiskelija oman el\u00e4m\u00e4ns\u00e4 ohjaajana \u2013 sujuvat ja saavutettavat ohjausprosessit suuressa lukiossa 9.2.2022 \u2013 31.12.2023&nbsp; Hankkeen tavoitteena on yhteisty\u00f6ss\u00e4 suurten lukioiden kesken kehitt\u00e4\u00e4 lukioihin laadukas, tehokas ja opiskelijan oikea-aikaisesti kohtaava ohjauksen malli. Hankkeessa tarkastellaan kriittisesti, kehitet\u00e4\u00e4n ja rakennetaan kuvaus opiskelijan opinto-ohjauksen... Continue Reading &rarr;","og_url":"https:\/\/blogit.gradia.fi\/sisu\/hankkeen-esittely\/","og_site_name":"Opiskelija oman el\u00e4m\u00e4ns\u00e4 ohjaajana","article_modified_time":"2023-03-31T05:00:39+00:00","og_image":[{"url":"https:\/\/blogit.gradia.fi\/sisu\/wp-content\/uploads\/sites\/292\/2023\/03\/Sisu1.png","type":"","width":"","height":""}],"twitter_card":"summary_large_image","twitter_misc":{"Arvioitu lukuaika":"1 minuutti"},"schema":{"@context":"https:\/\/schema.org","@graph":[{"@type":"WebPage","@id":"https:\/\/blogit.gradia.fi\/sisu\/hankkeen-esittely\/","url":"https:\/\/blogit.gradia.fi\/sisu\/hankkeen-esittely\/","name":"Hankkeen esittely - Opiskelija oman el\u00e4m\u00e4ns\u00e4 ohjaajana","isPartOf":{"@id":"https:\/\/blogit.gradia.fi\/sisu\/#website"},"primaryImageOfPage":{"@id":"https:\/\/blogit.gradia.fi\/sisu\/hankkeen-esittely\/#primaryimage"},"image":{"@id":"https:\/\/blogit.gradia.fi\/sisu\/hankkeen-esittely\/#primaryimage"},"thumbnailUrl":"https:\/\/blogit.gradia.fi\/sisu\/wp-content\/uploads\/sites\/292\/2023\/03\/Sisu1.png","datePublished":"2023-03-28T12:35:14+00:00","dateModified":"2023-03-31T05:00:39+00:00","breadcrumb":{"@id":"https:\/\/blogit.gradia.fi\/sisu\/hankkeen-esittely\/#breadcrumb"},"inLanguage":"fi","potentialAction":[{"@type":"ReadAction","target":["https:\/\/blogit.gradia.fi\/sisu\/hankkeen-esittely\/"]}]},{"@type":"ImageObject","inLanguage":"fi","@id":"https:\/\/blogit.gradia.fi\/sisu\/hankkeen-esittely\/#primaryimage","url":"https:\/\/blogit.gradia.fi\/sisu\/wp-content\/uploads\/sites\/292\/2023\/03\/Sisu1.png","contentUrl":"https:\/\/blogit.gradia.fi\/sisu\/wp-content\/uploads\/sites\/292\/2023\/03\/Sisu1.png","width":1004,"height":660},{"@type":"BreadcrumbList","@id":"https:\/\/blogit.gradia.fi\/sisu\/hankkeen-esittely\/#breadcrumb","itemListElement":[{"@type":"ListItem","position":1,"name":"Etusivu","item":"https:\/\/blogit.gradia.fi\/sisu\/"},{"@type":"ListItem","position":2,"name":"Hankkeen esittely"}]},{"@type":"WebSite","@id":"https:\/\/blogit.gradia.fi\/sisu\/#website","url":"https:\/\/blogit.gradia.fi\/sisu\/","name":"Opiskelija oman el\u00e4m\u00e4ns\u00e4 ohjaajana","description":"SISU-hanke","potentialAction":[{"@type":"SearchAction","target":{"@type":"EntryPoint","urlTemplate":"https:\/\/blogit.gradia.fi\/sisu\/?s={search_term_string}"},"query-input":{"@type":"PropertyValueSpecification","valueRequired":true,"valueName":"search_term_string"}}],"inLanguage":"fi"}]}},"uagb_featured_image_src":{"full":false,"thumbnail":false,"medium":false,"medium_large":false,"large":false,"1536x1536":false,"2048x2048":false,"post-thumbnail":false,"post-image":false},"uagb_author_info":{"display_name":"Jussi Lounassalo","author_link":"https:\/\/blogit.gradia.fi\/sisu\/author\/lounajus\/"},"uagb_comment_info":0,"uagb_excerpt":"Opiskelija oman el\u00e4m\u00e4ns\u00e4 ohjaajana \u2013 sujuvat ja saavutettavat ohjausprosessit suuressa lukiossa 9.2.2022 \u2013 31.12.2023&nbsp; Hankkeen tavoitteena on yhteisty\u00f6ss\u00e4 suurten lukioiden kesken kehitt\u00e4\u00e4 lukioihin laadukas, tehokas ja opiskelijan oikea-aikaisesti kohtaava ohjauksen malli. Hankkeessa tarkastellaan kriittisesti, kehitet\u00e4\u00e4n ja rakennetaan kuvaus opiskelijan opinto-ohjauksen... Continue Reading &rarr;","_links":{"self":[{"href":"https:\/\/blogit.gradia.fi\/sisu\/wp-json\/wp\/v2\/pages\/228","targetHints":{"allow":["GET"]}}],"collection":[{"href":"https:\/\/blogit.gradia.fi\/sisu\/wp-json\/wp\/v2\/pages"}],"about":[{"href":"https:\/\/blogit.gradia.fi\/sisu\/wp-json\/wp\/v2\/types\/page"}],"author":[{"embeddable":true,"href":"https:\/\/blogit.gradia.fi\/sisu\/wp-json\/wp\/v2\/users\/420"}],"replies":[{"embeddable":true,"href":"https:\/\/blogit.gradia.fi\/sisu\/wp-json\/wp\/v2\/comments?post=228"}],"version-history":[{"count":3,"href":"https:\/\/blogit.gradia.fi\/sisu\/wp-json\/wp\/v2\/pages\/228\/revisions"}],"predecessor-version":[{"id":256,"href":"https:\/\/blogit.gradia.fi\/sisu\/wp-json\/wp\/v2\/pages\/228\/revisions\/256"}],"wp:attachment":[{"href":"https:\/\/blogit.gradia.fi\/sisu\/wp-json\/wp\/v2\/media?parent=228"}],"curies":[{"name":"wp","href":"https:\/\/api.w.org\/{rel}","templated":true}]}}