{"id":22,"date":"2023-01-25T13:27:26","date_gmt":"2023-01-25T11:27:26","guid":{"rendered":"https:\/\/blogit.gradia.fi\/sisu\/?page_id=22"},"modified":"2024-05-23T17:06:19","modified_gmt":"2024-05-23T14:06:19","slug":"yhteystiedot","status":"publish","type":"page","link":"https:\/\/blogit.gradia.fi\/sisu\/yhteystiedot\/","title":{"rendered":"Yhteystiedot"},"content":{"rendered":"\n<p><strong>Opiskelija oman el\u00e4m\u00e4ns\u00e4 ohjaajana &#8211; sujuvat ja saavutettavat ohjausprosessit suuressa lukiossa 9.2.2022 &#8211; 31.12.2023&nbsp;<\/strong><\/p>\n\n\n\n<p><strong>Projektip\u00e4\u00e4llik\u00f6t: <\/strong><\/p>\n\n\n\n<p>Jyv\u00e4skyl\u00e4n koulutuskuntayhtym\u00e4 Gradia<br>Projektip\u00e4\u00e4llikk\u00f6 Laura Sallinen<br>laura.sallinen@gradia.fi, 040 341 4844<\/p>\n\n\n\n<p>Kuopion kaupunki, lukiokoulutus<br>Projektikoordinaattori Pauliina P\u00f6ntinen<br>pauliina.pontinen@opedu.kuopio.fi<\/p>\n\n\n\n<p>Lahden kaupunki, lukiokoulutus<br>Projektikoordinaattori Tekla Mirala<br>tekla.mirala@edu.lahti.fi<\/p>\n","protected":false},"excerpt":{"rendered":"<p>Opiskelija oman el\u00e4m\u00e4ns\u00e4 ohjaajana &#8211; sujuvat ja saavutettavat ohjausprosessit suuressa lukiossa 9.2.2022 &#8211; 31.12.2023&nbsp; Projektip\u00e4\u00e4llik\u00f6t: Jyv\u00e4skyl\u00e4n koulutuskuntayhtym\u00e4 GradiaProjektip\u00e4\u00e4llikk\u00f6 Laura Sallinenlaura.sallinen@gradia.fi, 040 341 4844 Kuopion kaupunki, lukiokoulutusProjektikoordinaattori Pauliina P\u00f6ntinenpauliina.pontinen@opedu.kuopio.fi Lahden kaupunki, lukiokoulutusProjektikoordinaattori Tekla Miralatekla.mirala@edu.lahti.fi<\/p>\n","protected":false},"author":1,"featured_media":0,"parent":0,"menu_order":0,"comment_status":"closed","ping_status":"closed","template":"","meta":{"_uag_custom_page_level_css":"","footnotes":""},"class_list":["post-22","page","type-page","status-publish","hentry"],"yoast_head":"<!-- This site is optimized with the Yoast SEO plugin v27.4 - https:\/\/yoast.com\/product\/yoast-seo-wordpress\/ -->\n<title>Yhteystiedot - Opiskelija oman el\u00e4m\u00e4ns\u00e4 ohjaajana<\/title>\n<meta name=\"robots\" content=\"index, follow, max-snippet:-1, max-image-preview:large, max-video-preview:-1\" \/>\n<link rel=\"canonical\" href=\"https:\/\/blogit.gradia.fi\/sisu\/yhteystiedot\/\" \/>\n<meta property=\"og:locale\" content=\"fi_FI\" \/>\n<meta property=\"og:type\" content=\"article\" \/>\n<meta property=\"og:title\" content=\"Yhteystiedot - Opiskelija oman el\u00e4m\u00e4ns\u00e4 ohjaajana\" \/>\n<meta property=\"og:description\" content=\"Opiskelija oman el\u00e4m\u00e4ns\u00e4 ohjaajana &#8211; sujuvat ja saavutettavat ohjausprosessit suuressa lukiossa 9.2.2022 &#8211; 31.12.2023&nbsp; Projektip\u00e4\u00e4llik\u00f6t: Jyv\u00e4skyl\u00e4n koulutuskuntayhtym\u00e4 GradiaProjektip\u00e4\u00e4llikk\u00f6 Laura Sallinenlaura.sallinen@gradia.fi, 040 341 4844 Kuopion kaupunki, lukiokoulutusProjektikoordinaattori Pauliina P\u00f6ntinenpauliina.pontinen@opedu.kuopio.fi Lahden kaupunki, lukiokoulutusProjektikoordinaattori Tekla Miralatekla.mirala@edu.lahti.fi\" \/>\n<meta property=\"og:url\" content=\"https:\/\/blogit.gradia.fi\/sisu\/yhteystiedot\/\" \/>\n<meta property=\"og:site_name\" content=\"Opiskelija oman el\u00e4m\u00e4ns\u00e4 ohjaajana\" \/>\n<meta property=\"article:modified_time\" content=\"2024-05-23T14:06:19+00:00\" \/>\n<meta name=\"twitter:card\" content=\"summary_large_image\" \/>\n<meta name=\"twitter:label1\" content=\"Arvioitu lukuaika\" \/>\n\t<meta name=\"twitter:data1\" content=\"1 minuutti\" \/>\n<script type=\"application\/ld+json\" class=\"yoast-schema-graph\">{\"@context\":\"https:\\\/\\\/schema.org\",\"@graph\":[{\"@type\":\"WebPage\",\"@id\":\"https:\\\/\\\/blogit.gradia.fi\\\/sisu\\\/yhteystiedot\\\/\",\"url\":\"https:\\\/\\\/blogit.gradia.fi\\\/sisu\\\/yhteystiedot\\\/\",\"name\":\"Yhteystiedot - Opiskelija oman el\u00e4m\u00e4ns\u00e4 ohjaajana\",\"isPartOf\":{\"@id\":\"https:\\\/\\\/blogit.gradia.fi\\\/sisu\\\/#website\"},\"datePublished\":\"2023-01-25T11:27:26+00:00\",\"dateModified\":\"2024-05-23T14:06:19+00:00\",\"breadcrumb\":{\"@id\":\"https:\\\/\\\/blogit.gradia.fi\\\/sisu\\\/yhteystiedot\\\/#breadcrumb\"},\"inLanguage\":\"fi\",\"potentialAction\":[{\"@type\":\"ReadAction\",\"target\":[\"https:\\\/\\\/blogit.gradia.fi\\\/sisu\\\/yhteystiedot\\\/\"]}]},{\"@type\":\"BreadcrumbList\",\"@id\":\"https:\\\/\\\/blogit.gradia.fi\\\/sisu\\\/yhteystiedot\\\/#breadcrumb\",\"itemListElement\":[{\"@type\":\"ListItem\",\"position\":1,\"name\":\"Etusivu\",\"item\":\"https:\\\/\\\/blogit.gradia.fi\\\/sisu\\\/\"},{\"@type\":\"ListItem\",\"position\":2,\"name\":\"Yhteystiedot\"}]},{\"@type\":\"WebSite\",\"@id\":\"https:\\\/\\\/blogit.gradia.fi\\\/sisu\\\/#website\",\"url\":\"https:\\\/\\\/blogit.gradia.fi\\\/sisu\\\/\",\"name\":\"Opiskelija oman el\u00e4m\u00e4ns\u00e4 ohjaajana\",\"description\":\"SISU-hanke\",\"potentialAction\":[{\"@type\":\"SearchAction\",\"target\":{\"@type\":\"EntryPoint\",\"urlTemplate\":\"https:\\\/\\\/blogit.gradia.fi\\\/sisu\\\/?s={search_term_string}\"},\"query-input\":{\"@type\":\"PropertyValueSpecification\",\"valueRequired\":true,\"valueName\":\"search_term_string\"}}],\"inLanguage\":\"fi\"}]}<\/script>\n<!-- \/ Yoast SEO plugin. -->","yoast_head_json":{"title":"Yhteystiedot - Opiskelija oman el\u00e4m\u00e4ns\u00e4 ohjaajana","robots":{"index":"index","follow":"follow","max-snippet":"max-snippet:-1","max-image-preview":"max-image-preview:large","max-video-preview":"max-video-preview:-1"},"canonical":"https:\/\/blogit.gradia.fi\/sisu\/yhteystiedot\/","og_locale":"fi_FI","og_type":"article","og_title":"Yhteystiedot - Opiskelija oman el\u00e4m\u00e4ns\u00e4 ohjaajana","og_description":"Opiskelija oman el\u00e4m\u00e4ns\u00e4 ohjaajana &#8211; sujuvat ja saavutettavat ohjausprosessit suuressa lukiossa 9.2.2022 &#8211; 31.12.2023&nbsp; Projektip\u00e4\u00e4llik\u00f6t: Jyv\u00e4skyl\u00e4n koulutuskuntayhtym\u00e4 GradiaProjektip\u00e4\u00e4llikk\u00f6 Laura Sallinenlaura.sallinen@gradia.fi, 040 341 4844 Kuopion kaupunki, lukiokoulutusProjektikoordinaattori Pauliina P\u00f6ntinenpauliina.pontinen@opedu.kuopio.fi Lahden kaupunki, lukiokoulutusProjektikoordinaattori Tekla Miralatekla.mirala@edu.lahti.fi","og_url":"https:\/\/blogit.gradia.fi\/sisu\/yhteystiedot\/","og_site_name":"Opiskelija oman el\u00e4m\u00e4ns\u00e4 ohjaajana","article_modified_time":"2024-05-23T14:06:19+00:00","twitter_card":"summary_large_image","twitter_misc":{"Arvioitu lukuaika":"1 minuutti"},"schema":{"@context":"https:\/\/schema.org","@graph":[{"@type":"WebPage","@id":"https:\/\/blogit.gradia.fi\/sisu\/yhteystiedot\/","url":"https:\/\/blogit.gradia.fi\/sisu\/yhteystiedot\/","name":"Yhteystiedot - Opiskelija oman el\u00e4m\u00e4ns\u00e4 ohjaajana","isPartOf":{"@id":"https:\/\/blogit.gradia.fi\/sisu\/#website"},"datePublished":"2023-01-25T11:27:26+00:00","dateModified":"2024-05-23T14:06:19+00:00","breadcrumb":{"@id":"https:\/\/blogit.gradia.fi\/sisu\/yhteystiedot\/#breadcrumb"},"inLanguage":"fi","potentialAction":[{"@type":"ReadAction","target":["https:\/\/blogit.gradia.fi\/sisu\/yhteystiedot\/"]}]},{"@type":"BreadcrumbList","@id":"https:\/\/blogit.gradia.fi\/sisu\/yhteystiedot\/#breadcrumb","itemListElement":[{"@type":"ListItem","position":1,"name":"Etusivu","item":"https:\/\/blogit.gradia.fi\/sisu\/"},{"@type":"ListItem","position":2,"name":"Yhteystiedot"}]},{"@type":"WebSite","@id":"https:\/\/blogit.gradia.fi\/sisu\/#website","url":"https:\/\/blogit.gradia.fi\/sisu\/","name":"Opiskelija oman el\u00e4m\u00e4ns\u00e4 ohjaajana","description":"SISU-hanke","potentialAction":[{"@type":"SearchAction","target":{"@type":"EntryPoint","urlTemplate":"https:\/\/blogit.gradia.fi\/sisu\/?s={search_term_string}"},"query-input":{"@type":"PropertyValueSpecification","valueRequired":true,"valueName":"search_term_string"}}],"inLanguage":"fi"}]}},"uagb_featured_image_src":{"full":false,"thumbnail":false,"medium":false,"medium_large":false,"large":false,"1536x1536":false,"2048x2048":false,"post-thumbnail":false,"post-image":false},"uagb_author_info":{"display_name":"gradmin","author_link":"https:\/\/blogit.gradia.fi\/sisu\/author\/gradmin\/"},"uagb_comment_info":0,"uagb_excerpt":"Opiskelija oman el\u00e4m\u00e4ns\u00e4 ohjaajana &#8211; sujuvat ja saavutettavat ohjausprosessit suuressa lukiossa 9.2.2022 &#8211; 31.12.2023&nbsp; Projektip\u00e4\u00e4llik\u00f6t: Jyv\u00e4skyl\u00e4n koulutuskuntayhtym\u00e4 GradiaProjektip\u00e4\u00e4llikk\u00f6 Laura Sallinenlaura.sallinen@gradia.fi, 040 341 4844 Kuopion kaupunki, lukiokoulutusProjektikoordinaattori Pauliina P\u00f6ntinenpauliina.pontinen@opedu.kuopio.fi Lahden kaupunki, lukiokoulutusProjektikoordinaattori Tekla Miralatekla.mirala@edu.lahti.fi","_links":{"self":[{"href":"https:\/\/blogit.gradia.fi\/sisu\/wp-json\/wp\/v2\/pages\/22","targetHints":{"allow":["GET"]}}],"collection":[{"href":"https:\/\/blogit.gradia.fi\/sisu\/wp-json\/wp\/v2\/pages"}],"about":[{"href":"https:\/\/blogit.gradia.fi\/sisu\/wp-json\/wp\/v2\/types\/page"}],"author":[{"embeddable":true,"href":"https:\/\/blogit.gradia.fi\/sisu\/wp-json\/wp\/v2\/users\/1"}],"replies":[{"embeddable":true,"href":"https:\/\/blogit.gradia.fi\/sisu\/wp-json\/wp\/v2\/comments?post=22"}],"version-history":[{"count":6,"href":"https:\/\/blogit.gradia.fi\/sisu\/wp-json\/wp\/v2\/pages\/22\/revisions"}],"predecessor-version":[{"id":592,"href":"https:\/\/blogit.gradia.fi\/sisu\/wp-json\/wp\/v2\/pages\/22\/revisions\/592"}],"wp:attachment":[{"href":"https:\/\/blogit.gradia.fi\/sisu\/wp-json\/wp\/v2\/media?parent=22"}],"curies":[{"name":"wp","href":"https:\/\/api.w.org\/{rel}","templated":true}]}}