{"id":998,"date":"2015-01-08T09:37:21","date_gmt":"2015-01-08T07:37:21","guid":{"rendered":"https:\/\/blogit.gradia.fi\/sahkonet\/?page_id=998"},"modified":"2015-01-08T09:56:08","modified_gmt":"2015-01-08T07:56:08","slug":"smartline-palovaroitinjarjestelma","status":"publish","type":"page","link":"https:\/\/blogit.gradia.fi\/sahkonet\/kiinteistoautomaatio\/perusteet\/lammityksen-ohjaus\/smartline-palovaroitinjarjestelma\/","title":{"rendered":"SMARTLINE palovaroitinj\u00e4rjestelm\u00e4"},"content":{"rendered":"<p><strong>\u00a0Esivalmistelut<\/strong><\/p>\n<ol>\n<li>Tee lista kaapeleista ja komponenteista, joita asennuksessa k\u00e4yt\u00e4t<\/li>\n<li>Merkitse harjoitusymp\u00e4rist\u00f6n kuvaan kentt\u00e4laitteiden yms. asennettavien komponenttien korkeudet ja et\u00e4isyydet kiinteist\u00e4 rakenteista<\/li>\n<li>N\u00c4YT\u00c4 TEKEM\u00c4SI TY\u00d6T OPETTAJALLE!<\/li>\n<\/ol>\n<p><strong>\u00a0Kaapelointi<\/strong><\/p>\n<ol>\n<li>Suorita kaapeliasennukset:\n<ol>\n<li>J\u00e4t\u00e4 kaapeleihin riitt\u00e4v\u00e4sti pituutta<\/li>\n<li>Merkitse kaapeleiden molemmat p\u00e4\u00e4t koje\/kaapelitunnuksella<\/li>\n<li>J\u00e4t\u00e4 kaapeleihin tarvittavat huoltolenkit kentt\u00e4laitteiden p\u00e4\u00e4h\u00e4n (KYSY OPETTAJALTA)<\/li>\n<li>Vie heikkovirtakaapelit kuorimattomana mahdollisimman l\u00e4helle niiden liittimi\u00e4<\/li>\n<li>N\u00c4YT\u00c4 TEKEM\u00c4SI TY\u00d6T OPETTAJALLE!<\/li>\n<\/ol>\n<\/li>\n<\/ol>\n<p><strong>\u00a0Kytkent\u00e4<\/strong><\/p>\n<ol>\n<li>Suorita laiteasennukset kent\u00e4lle ja keskuksiin, laita kaikki tekniset dokumentit talteen kuvakansioon<\/li>\n<li>Merkitse kaikki kentt\u00e4laitteet tarrakirjoittimella (kuvissa olevat laitetunnukset)<\/li>\n<li>Tee tarvittavat sis\u00e4iset johdotukset keskuksiin (KYSY OPETTAJALTA)<\/li>\n<li>Kytke kentt\u00e4laitteet<\/li>\n<li>Suorita tarvittavat mittaukset ja testaukset tarvittaviin heikkovirtakaapeleihin (KYSY OPETTAJALTA)<\/li>\n<li>Kytke keskukset<\/li>\n<li>Merkitse keskuksen komponentit tarrakirjoittimella (kuvissa olevat laitetunnukset)<\/li>\n<li>N\u00c4YT\u00c4 TEKEM\u00c4SI TY\u00d6T OPETTAJALLE!<\/li>\n<\/ol>\n<p><strong>\u00a0Tarkastus<\/strong><\/p>\n<ol>\n<li>Suorita k\u00e4ytt\u00f6\u00f6nottotarkastus opettajan kanssa<\/li>\n<li>T\u00e4yt\u00e4 k\u00e4ytt\u00f6\u00f6nottotarkastusp\u00f6yt\u00e4kirja opettajan kanssa<\/li>\n<li>Suorita k\u00e4ytt\u00f6\u00f6notto yhdess\u00e4 opettajan kanssa<\/li>\n<li>S\u00c4HK\u00d6J\u00c4 EI SAA MENN\u00c4 KYTKEM\u00c4\u00c4N P\u00c4\u00c4LLE ILMAN OPETTAJAN LUPAA!!<\/li>\n<li>T\u00e4ydenn\u00e4 s\u00e4hk\u00f6kuviin mahdolliset puutteet<\/li>\n<li>Esittele j\u00e4rjestelm\u00e4n toimintaa luokan muille oppilaille (asiakkaan k\u00e4ytt\u00f6 koulutus)<\/li>\n<li>Luvan saatuasi pura kentt\u00e4kaapeloinnit pois.<\/li>\n<\/ol>\n<p><strong>\u00a0<\/strong><\/p>\n<p><strong>SMARTLINE palovaroitinj\u00e4rjestelm\u00e4 <\/strong><strong>1 kpl<\/strong><\/p>\n<ul>\n<ul>\n<li>Palovaroitinj\u00e4rjestelm\u00e4\n<ul>\n<li>S1.1\/S2.1 \u2013 optinen savuilmaisin<\/li>\n<li>S1.2 &#8211; l\u00e4mp\u00f6ilmaisin<\/li>\n<li>S2.2 \u2013 h\u00e4k\u00e4ilmaisin<\/li>\n<li>Sein\u00e4asennusteline paloilmaisimille (3kpl)<\/li>\n<li>PLK &#8211; palosireeni<\/li>\n<\/ul>\n<\/li>\n<\/ul>\n<\/ul>\n<p><strong>LIITETIEDOSTOT<\/strong><\/p>\n<p><a href=\"https:\/\/blogit.gradia.fi\/sahkonet\/wp-content\/uploads\/sites\/80\/2015\/01\/3_Harjoitusymp\u00e4rist\u00f6_Palovaroitin_1.pdf\">2_RK_P\u00e4\u00e4kaavio_Palovaroitin<br \/>\n3_Harjoitusymp\u00e4rist\u00f6_Palovaroitin_1<\/a><br \/>\n<a href=\"https:\/\/blogit.gradia.fi\/sahkonet\/wp-content\/uploads\/sites\/80\/2015\/01\/4_Harjoitusymp\u00e4rist\u00f6_Palovaroitin_2.pdf\">4_Harjoitusymp\u00e4rist\u00f6_Palovaroitin_2<\/a><br \/>\n<a href=\"https:\/\/blogit.gradia.fi\/sahkonet\/wp-content\/uploads\/sites\/80\/2015\/01\/5_RK_Ohjausvirtakaavio_Palovaroitin_1.pdf\">5_RK_Ohjausvirtakaavio_Palovaroitin_1<\/a><br \/>\n<a href=\"https:\/\/blogit.gradia.fi\/sahkonet\/wp-content\/uploads\/sites\/80\/2015\/01\/Harjoitusymp\u00e4rist\u00f6__Palovaroitin.pdf\">Harjoitusymp\u00e4rist\u00f6__Palovaroitin<\/a><br \/>\n<a href=\"https:\/\/blogit.gradia.fi\/sahkonet\/wp-content\/uploads\/sites\/80\/2015\/01\/RK_Ohjausvirtakaavio_Palovaroitin_2.pdf\">Inim_koulutuskalvo<br \/>\nRK_Ohjausvirtakaavio_Palovaroitin_2<\/a><br \/>\n<a href=\"https:\/\/blogit.gradia.fi\/sahkonet\/wp-content\/uploads\/sites\/80\/2015\/01\/Smartline_asennus-_ja_ohjelmointiohje1.pdf\">Smartline_asennus-_ja_ohjelmointiohje[1]<\/a><br \/>\n<a href=\"https:\/\/blogit.gradia.fi\/sahkonet\/wp-content\/uploads\/sites\/80\/2015\/01\/SmartLine_k\u00e4ytt\u00f6ohje.pdf\">SmartLine_k\u00e4ytt\u00f6ohje<\/a><br \/>\n<a href=\"https:\/\/blogit.gradia.fi\/sahkonet\/wp-content\/uploads\/sites\/80\/2015\/01\/Smartline_pikaohje.pdf\">Smartline_pikaohje<\/a><\/p>\n","protected":false},"excerpt":{"rendered":"<p>\u00a0Esivalmistelut Tee lista kaapeleista ja komponenteista, joita asennuksessa k\u00e4yt\u00e4t Merkitse harjoitusymp\u00e4rist\u00f6n kuvaan kentt\u00e4laitteiden yms. asennettavien komponenttien korkeudet ja et\u00e4isyydet kiinteist\u00e4 rakenteista N\u00c4YT\u00c4 TEKEM\u00c4SI TY\u00d6T OPETTAJALLE! \u00a0Kaapelointi Suorita kaapeliasennukset: J\u00e4t\u00e4 kaapeleihin riitt\u00e4v\u00e4sti pituutta Merkitse kaapeleiden molemmat p\u00e4\u00e4t koje\/kaapelitunnuksella J\u00e4t\u00e4 kaapeleihin tarvittavat huoltolenkit kentt\u00e4laitteiden p\u00e4\u00e4h\u00e4n (KYSY OPETTAJALTA) Vie heikkovirtakaapelit kuorimattomana mahdollisimman l\u00e4helle niiden liittimi\u00e4 N\u00c4YT\u00c4 TEKEM\u00c4SI TY\u00d6T &hellip; <a href=\"https:\/\/blogit.gradia.fi\/sahkonet\/kiinteistoautomaatio\/perusteet\/lammityksen-ohjaus\/smartline-palovaroitinjarjestelma\/\" class=\"more-link\">Jatka lukemista <span class=\"screen-reader-text\">SMARTLINE palovaroitinj\u00e4rjestelm\u00e4<\/span> <span class=\"meta-nav\">&rarr;<\/span><\/a><\/p>\n","protected":false},"author":179,"featured_media":0,"parent":80,"menu_order":6,"comment_status":"closed","ping_status":"closed","template":"","meta":{"_uag_custom_page_level_css":"","footnotes":""},"class_list":["post-998","page","type-page","status-publish","hentry"],"yoast_head":"<!-- This site is optimized with the Yoast SEO plugin v27.4 - https:\/\/yoast.com\/product\/yoast-seo-wordpress\/ -->\n<title>SMARTLINE palovaroitinj\u00e4rjestelm\u00e4 - S\u00e4hk\u00f6Net<\/title>\n<meta name=\"robots\" content=\"index, follow, max-snippet:-1, max-image-preview:large, max-video-preview:-1\" \/>\n<link rel=\"canonical\" href=\"https:\/\/blogit.gradia.fi\/sahkonet\/kiinteistoautomaatio\/perusteet\/lammityksen-ohjaus\/smartline-palovaroitinjarjestelma\/\" \/>\n<meta property=\"og:locale\" content=\"fi_FI\" \/>\n<meta property=\"og:type\" content=\"article\" \/>\n<meta property=\"og:title\" content=\"SMARTLINE palovaroitinj\u00e4rjestelm\u00e4 - S\u00e4hk\u00f6Net\" \/>\n<meta property=\"og:description\" content=\"\u00a0Esivalmistelut Tee lista kaapeleista ja komponenteista, joita asennuksessa k\u00e4yt\u00e4t Merkitse harjoitusymp\u00e4rist\u00f6n kuvaan kentt\u00e4laitteiden yms. asennettavien komponenttien korkeudet ja et\u00e4isyydet kiinteist\u00e4 rakenteista N\u00c4YT\u00c4 TEKEM\u00c4SI TY\u00d6T OPETTAJALLE! \u00a0Kaapelointi Suorita kaapeliasennukset: J\u00e4t\u00e4 kaapeleihin riitt\u00e4v\u00e4sti pituutta Merkitse kaapeleiden molemmat p\u00e4\u00e4t koje\/kaapelitunnuksella J\u00e4t\u00e4 kaapeleihin tarvittavat huoltolenkit kentt\u00e4laitteiden p\u00e4\u00e4h\u00e4n (KYSY OPETTAJALTA) Vie heikkovirtakaapelit kuorimattomana mahdollisimman l\u00e4helle niiden liittimi\u00e4 N\u00c4YT\u00c4 TEKEM\u00c4SI TY\u00d6T &hellip; Jatka lukemista SMARTLINE palovaroitinj\u00e4rjestelm\u00e4 &rarr;\" \/>\n<meta property=\"og:url\" content=\"https:\/\/blogit.gradia.fi\/sahkonet\/kiinteistoautomaatio\/perusteet\/lammityksen-ohjaus\/smartline-palovaroitinjarjestelma\/\" \/>\n<meta property=\"og:site_name\" content=\"S\u00e4hk\u00f6Net\" \/>\n<meta property=\"article:modified_time\" content=\"2015-01-08T07:56:08+00:00\" \/>\n<meta name=\"twitter:card\" content=\"summary_large_image\" \/>\n<meta name=\"twitter:label1\" content=\"Arvioitu lukuaika\" \/>\n\t<meta name=\"twitter:data1\" content=\"1 minuutti\" \/>\n<script type=\"application\/ld+json\" class=\"yoast-schema-graph\">{\"@context\":\"https:\\\/\\\/schema.org\",\"@graph\":[{\"@type\":\"WebPage\",\"@id\":\"https:\\\/\\\/blogit.gradia.fi\\\/sahkonet\\\/kiinteistoautomaatio\\\/perusteet\\\/lammityksen-ohjaus\\\/smartline-palovaroitinjarjestelma\\\/\",\"url\":\"https:\\\/\\\/blogit.gradia.fi\\\/sahkonet\\\/kiinteistoautomaatio\\\/perusteet\\\/lammityksen-ohjaus\\\/smartline-palovaroitinjarjestelma\\\/\",\"name\":\"SMARTLINE palovaroitinj\u00e4rjestelm\u00e4 - S\u00e4hk\u00f6Net\",\"isPartOf\":{\"@id\":\"https:\\\/\\\/blogit.gradia.fi\\\/sahkonet\\\/#website\"},\"datePublished\":\"2015-01-08T07:37:21+00:00\",\"dateModified\":\"2015-01-08T07:56:08+00:00\",\"breadcrumb\":{\"@id\":\"https:\\\/\\\/blogit.gradia.fi\\\/sahkonet\\\/kiinteistoautomaatio\\\/perusteet\\\/lammityksen-ohjaus\\\/smartline-palovaroitinjarjestelma\\\/#breadcrumb\"},\"inLanguage\":\"fi\",\"potentialAction\":[{\"@type\":\"ReadAction\",\"target\":[\"https:\\\/\\\/blogit.gradia.fi\\\/sahkonet\\\/kiinteistoautomaatio\\\/perusteet\\\/lammityksen-ohjaus\\\/smartline-palovaroitinjarjestelma\\\/\"]}]},{\"@type\":\"BreadcrumbList\",\"@id\":\"https:\\\/\\\/blogit.gradia.fi\\\/sahkonet\\\/kiinteistoautomaatio\\\/perusteet\\\/lammityksen-ohjaus\\\/smartline-palovaroitinjarjestelma\\\/#breadcrumb\",\"itemListElement\":[{\"@type\":\"ListItem\",\"position\":1,\"name\":\"Kiinteist\u00f6jen automaatio- ja tietoj\u00e4rjestelm\u00e4t (30 osp)\",\"item\":\"https:\\\/\\\/blogit.gradia.fi\\\/sahkonet\\\/kiinteistoautomaatio\\\/\"},{\"@type\":\"ListItem\",\"position\":2,\"name\":\"Perusteet\",\"item\":\"https:\\\/\\\/blogit.gradia.fi\\\/sahkonet\\\/kiinteistoautomaatio\\\/perusteet\\\/\"},{\"@type\":\"ListItem\",\"position\":3,\"name\":\"Oppimisteht\u00e4v\u00e4t\",\"item\":\"https:\\\/\\\/blogit.gradia.fi\\\/sahkonet\\\/kiinteistoautomaatio\\\/perusteet\\\/lammityksen-ohjaus\\\/\"},{\"@type\":\"ListItem\",\"position\":4,\"name\":\"SMARTLINE palovaroitinj\u00e4rjestelm\u00e4\"}]},{\"@type\":\"WebSite\",\"@id\":\"https:\\\/\\\/blogit.gradia.fi\\\/sahkonet\\\/#website\",\"url\":\"https:\\\/\\\/blogit.gradia.fi\\\/sahkonet\\\/\",\"name\":\"S\u00e4hk\u00f6Net\",\"description\":\"S\u00e4hk\u00f6- ja automaatiotekniikan perustutkinto\",\"potentialAction\":[{\"@type\":\"SearchAction\",\"target\":{\"@type\":\"EntryPoint\",\"urlTemplate\":\"https:\\\/\\\/blogit.gradia.fi\\\/sahkonet\\\/?s={search_term_string}\"},\"query-input\":{\"@type\":\"PropertyValueSpecification\",\"valueRequired\":true,\"valueName\":\"search_term_string\"}}],\"inLanguage\":\"fi\"}]}<\/script>\n<!-- \/ Yoast SEO plugin. -->","yoast_head_json":{"title":"SMARTLINE palovaroitinj\u00e4rjestelm\u00e4 - S\u00e4hk\u00f6Net","robots":{"index":"index","follow":"follow","max-snippet":"max-snippet:-1","max-image-preview":"max-image-preview:large","max-video-preview":"max-video-preview:-1"},"canonical":"https:\/\/blogit.gradia.fi\/sahkonet\/kiinteistoautomaatio\/perusteet\/lammityksen-ohjaus\/smartline-palovaroitinjarjestelma\/","og_locale":"fi_FI","og_type":"article","og_title":"SMARTLINE palovaroitinj\u00e4rjestelm\u00e4 - S\u00e4hk\u00f6Net","og_description":"\u00a0Esivalmistelut Tee lista kaapeleista ja komponenteista, joita asennuksessa k\u00e4yt\u00e4t Merkitse harjoitusymp\u00e4rist\u00f6n kuvaan kentt\u00e4laitteiden yms. asennettavien komponenttien korkeudet ja et\u00e4isyydet kiinteist\u00e4 rakenteista N\u00c4YT\u00c4 TEKEM\u00c4SI TY\u00d6T OPETTAJALLE! \u00a0Kaapelointi Suorita kaapeliasennukset: J\u00e4t\u00e4 kaapeleihin riitt\u00e4v\u00e4sti pituutta Merkitse kaapeleiden molemmat p\u00e4\u00e4t koje\/kaapelitunnuksella J\u00e4t\u00e4 kaapeleihin tarvittavat huoltolenkit kentt\u00e4laitteiden p\u00e4\u00e4h\u00e4n (KYSY OPETTAJALTA) Vie heikkovirtakaapelit kuorimattomana mahdollisimman l\u00e4helle niiden liittimi\u00e4 N\u00c4YT\u00c4 TEKEM\u00c4SI TY\u00d6T &hellip; Jatka lukemista SMARTLINE palovaroitinj\u00e4rjestelm\u00e4 &rarr;","og_url":"https:\/\/blogit.gradia.fi\/sahkonet\/kiinteistoautomaatio\/perusteet\/lammityksen-ohjaus\/smartline-palovaroitinjarjestelma\/","og_site_name":"S\u00e4hk\u00f6Net","article_modified_time":"2015-01-08T07:56:08+00:00","twitter_card":"summary_large_image","twitter_misc":{"Arvioitu lukuaika":"1 minuutti"},"schema":{"@context":"https:\/\/schema.org","@graph":[{"@type":"WebPage","@id":"https:\/\/blogit.gradia.fi\/sahkonet\/kiinteistoautomaatio\/perusteet\/lammityksen-ohjaus\/smartline-palovaroitinjarjestelma\/","url":"https:\/\/blogit.gradia.fi\/sahkonet\/kiinteistoautomaatio\/perusteet\/lammityksen-ohjaus\/smartline-palovaroitinjarjestelma\/","name":"SMARTLINE palovaroitinj\u00e4rjestelm\u00e4 - S\u00e4hk\u00f6Net","isPartOf":{"@id":"https:\/\/blogit.gradia.fi\/sahkonet\/#website"},"datePublished":"2015-01-08T07:37:21+00:00","dateModified":"2015-01-08T07:56:08+00:00","breadcrumb":{"@id":"https:\/\/blogit.gradia.fi\/sahkonet\/kiinteistoautomaatio\/perusteet\/lammityksen-ohjaus\/smartline-palovaroitinjarjestelma\/#breadcrumb"},"inLanguage":"fi","potentialAction":[{"@type":"ReadAction","target":["https:\/\/blogit.gradia.fi\/sahkonet\/kiinteistoautomaatio\/perusteet\/lammityksen-ohjaus\/smartline-palovaroitinjarjestelma\/"]}]},{"@type":"BreadcrumbList","@id":"https:\/\/blogit.gradia.fi\/sahkonet\/kiinteistoautomaatio\/perusteet\/lammityksen-ohjaus\/smartline-palovaroitinjarjestelma\/#breadcrumb","itemListElement":[{"@type":"ListItem","position":1,"name":"Kiinteist\u00f6jen automaatio- ja tietoj\u00e4rjestelm\u00e4t (30 osp)","item":"https:\/\/blogit.gradia.fi\/sahkonet\/kiinteistoautomaatio\/"},{"@type":"ListItem","position":2,"name":"Perusteet","item":"https:\/\/blogit.gradia.fi\/sahkonet\/kiinteistoautomaatio\/perusteet\/"},{"@type":"ListItem","position":3,"name":"Oppimisteht\u00e4v\u00e4t","item":"https:\/\/blogit.gradia.fi\/sahkonet\/kiinteistoautomaatio\/perusteet\/lammityksen-ohjaus\/"},{"@type":"ListItem","position":4,"name":"SMARTLINE palovaroitinj\u00e4rjestelm\u00e4"}]},{"@type":"WebSite","@id":"https:\/\/blogit.gradia.fi\/sahkonet\/#website","url":"https:\/\/blogit.gradia.fi\/sahkonet\/","name":"S\u00e4hk\u00f6Net","description":"S\u00e4hk\u00f6- ja automaatiotekniikan perustutkinto","potentialAction":[{"@type":"SearchAction","target":{"@type":"EntryPoint","urlTemplate":"https:\/\/blogit.gradia.fi\/sahkonet\/?s={search_term_string}"},"query-input":{"@type":"PropertyValueSpecification","valueRequired":true,"valueName":"search_term_string"}}],"inLanguage":"fi"}]}},"uagb_featured_image_src":{"full":false,"thumbnail":false,"medium":false,"medium_large":false,"large":false,"1536x1536":false,"2048x2048":false,"post-thumbnail":false,"twentyfourteen-full-width":false},"uagb_author_info":{"display_name":"Pia Tolonen","author_link":"https:\/\/blogit.gradia.fi\/sahkonet\/author\/halmepia\/"},"uagb_comment_info":0,"uagb_excerpt":"\u00a0Esivalmistelut Tee lista kaapeleista ja komponenteista, joita asennuksessa k\u00e4yt\u00e4t Merkitse harjoitusymp\u00e4rist\u00f6n kuvaan kentt\u00e4laitteiden yms. asennettavien komponenttien korkeudet ja et\u00e4isyydet kiinteist\u00e4 rakenteista N\u00c4YT\u00c4 TEKEM\u00c4SI TY\u00d6T OPETTAJALLE! \u00a0Kaapelointi Suorita kaapeliasennukset: J\u00e4t\u00e4 kaapeleihin riitt\u00e4v\u00e4sti pituutta Merkitse kaapeleiden molemmat p\u00e4\u00e4t koje\/kaapelitunnuksella J\u00e4t\u00e4 kaapeleihin tarvittavat huoltolenkit kentt\u00e4laitteiden p\u00e4\u00e4h\u00e4n (KYSY OPETTAJALTA) Vie heikkovirtakaapelit kuorimattomana mahdollisimman l\u00e4helle niiden liittimi\u00e4 N\u00c4YT\u00c4 TEKEM\u00c4SI TY\u00d6T&hellip;","_links":{"self":[{"href":"https:\/\/blogit.gradia.fi\/sahkonet\/wp-json\/wp\/v2\/pages\/998","targetHints":{"allow":["GET"]}}],"collection":[{"href":"https:\/\/blogit.gradia.fi\/sahkonet\/wp-json\/wp\/v2\/pages"}],"about":[{"href":"https:\/\/blogit.gradia.fi\/sahkonet\/wp-json\/wp\/v2\/types\/page"}],"author":[{"embeddable":true,"href":"https:\/\/blogit.gradia.fi\/sahkonet\/wp-json\/wp\/v2\/users\/179"}],"replies":[{"embeddable":true,"href":"https:\/\/blogit.gradia.fi\/sahkonet\/wp-json\/wp\/v2\/comments?post=998"}],"version-history":[{"count":0,"href":"https:\/\/blogit.gradia.fi\/sahkonet\/wp-json\/wp\/v2\/pages\/998\/revisions"}],"up":[{"embeddable":true,"href":"https:\/\/blogit.gradia.fi\/sahkonet\/wp-json\/wp\/v2\/pages\/80"}],"wp:attachment":[{"href":"https:\/\/blogit.gradia.fi\/sahkonet\/wp-json\/wp\/v2\/media?parent=998"}],"curies":[{"name":"wp","href":"https:\/\/api.w.org\/{rel}","templated":true}]}}