{"id":941,"date":"2014-12-15T11:49:02","date_gmt":"2014-12-15T09:49:02","guid":{"rendered":"https:\/\/blogit.gradia.fi\/sahkonet\/?page_id=941"},"modified":"2014-12-15T13:54:43","modified_gmt":"2014-12-15T11:54:43","slug":"tehtavat","status":"publish","type":"page","link":"https:\/\/blogit.gradia.fi\/sahkonet\/sahko-ja-automaatioasennukset\/oppimistehtavat\/teollisuuden-sahkoasennukset\/moottori-kaytot\/taajuusmuuttajat\/tehtavat\/","title":{"rendered":"Teht\u00e4v\u00e4t"},"content":{"rendered":"<p><strong>Teht\u00e4v\u00e4 1.<\/strong><\/p>\n<p>Listaa oikosulkumoottorin suunnanvaihtok\u00e4ytt\u00f6\u00f6n tarvittavat komponentit perinteisell\u00e4 kontaktoritoteutuksella ja taajuusmuuttajaohjauksella.<\/p>\n<p>Etsi hinnat komponenteille, kun moottoreiden tehot ovat:<\/p>\n<ul>\n<li>0,75kW<\/li>\n<li>2,2 kW<\/li>\n<li>7,5 kW<\/li>\n<\/ul>\n<p>Kirjoita hinnat paperille kokoonpanokohtaisesti ja palauta se opettajalle.<\/p>\n<p><strong>Teht\u00e4v\u00e4 2.<\/strong><\/p>\n<p>Teht\u00e4v\u00e4n\u00e4si on saada oikosulkumoottori py\u00f6rim\u00e4\u00e4n k\u00e4ytt\u00e4m\u00e4ll\u00e4 taajuusmuuttajaa<\/p>\n<ol>\n<li>Yhteen suuntaan<\/li>\n<li>Suunnanvaihdolla molempiin suuntiin<\/li>\n<li>Analogisella viestill\u00e4 ohjattuna<\/li>\n<\/ol>\n<p>Selvit\u00e4 kytkent\u00e4, kun k\u00e4yt\u00f6ss\u00e4si on Control Techniquesin SK taajuusmuuttaja.<\/p>\n<p>Taajuusmuuttajan manuaali:<\/p>\n<p><a href=\"https:\/\/blogit.gradia.fi\/sahkonet\/wp-content\/uploads\/sites\/80\/2014\/12\/English_Commander_SK_AdvancedUserGuide_Iss9.pdf\" target=\"_blank\">English_Commander_SK_AdvancedUserGuide_Iss9<\/a><\/p>\n<p>Listatkaa ne parametrit, jotka on minimiss\u00e4\u00e4n laitettava taajuusmuuttajassa kohdallee, ettei mik\u00e4\u00e4n hajoa. Parametreja on suunnilleen 10 kpl. Saatte opettajalta moottorin, jonka mukaan parametrit asetetaan.<\/p>\n<p>Mitoittakaa kaapelit. Selvit\u00e4 mit\u00e4 vaatimuksia mm. maadoituksen ja h\u00e4iri\u00f6suojauksen osalta on taajuusmuuttajan sy\u00f6tt\u00f6kaapelin ja moottorikaapelin suhteen? Mink\u00e4laisia maadoituksia ja h\u00e4iri\u00f6suojauksia on k\u00e4ytett\u00e4v\u00e4? Miten erityisesti moottorikaapeli on kytkett\u00e4v\u00e4?<\/p>\n<p>Kun parilla\/ryhm\u00e4ll\u00e4 on toimiva kytkent\u00e4ehdotus, voi kytkenn\u00e4 toteuttaa opettajan luvalla.<\/p>\n<p><strong>Teht\u00e4v\u00e4 3<\/strong><\/p>\n<p>Tutustu Prosessiteollisuuden s\u00e4hk\u00f6- ja automaatioasennukset -kirjan avulla oikosulkumoottoreihin (s. 116 &#8211; 138) ja vastaa teht\u00e4viin.<\/p>\n<p>3.1) Er\u00e4\u00e4n kolmivaiheien oikosulkumoottorin teknisess\u00e4 esitteess\u00e4 on seuraavat tiedot: 22 kW, 400 V, 50 Hz, 2930 r\/min,\u00a0\u03b7 = 92,8, cos\u03c6 = 0,89,\u00a0<em>l\u00a0<\/em><sub>n<\/sub>\u00a0= 39 A,\u00a0<em>l\u00a0<\/em><sub>s<\/sub>\/<em>l\u00a0<\/em><sub>n<\/sub>\u00a0= 7,2,\u00a0<em>T\u00a0<\/em><sub>n<\/sub>\u00a0= 71 Nm.<\/p>\n<p>M\u00e4\u00e4rit\u00e4 laskemalla<\/p>\n<ol>\n<li>a) moottorin akselista saatava nimellisteho<\/li>\n<li>b) moottorin s\u00e4hk\u00f6verkosta ottama teho<\/li>\n<li>c) moottorin hy\u00f6tysuhde<\/li>\n<li>d) moottorin nimellismonetti<\/li>\n<li>e) staattorin magneettikent\u00e4n py\u00f6rimisnopeus<\/li>\n<li>f) j\u00e4tt\u00e4m\u00e4 prosentteina<\/li>\n<li>g) moottorin k\u00e4ynnistysvirta ampeereina.<\/li>\n<\/ol>\n<p>3.2) Moottorin arvokilvess\u00e4 on seuraavia merkint\u00f6j\u00e4: 2,3 kW, 230\/400 V, 8,6\/4,95 A,\u00a0cos\u03c6 0,79\/0,75. Moottori kytket\u00e4\u00e4n 400 V p\u00e4\u00e4j\u00e4nnitteeseen ja moottoril\u00e4ht\u00f6 varustetaan kontaktorilla ja ylikuormitusreleell\u00e4.<\/p>\n<ol>\n<li>a) Miten moottorin kytkent\u00e4liuskat kytket\u00e4\u00e4n?<\/li>\n<li>b) Mihin virta-arvoon ylikuormitusrele asetetaan?<\/li>\n<li>c) Mik\u00e4 on moottorin s\u00e4hk\u00f6verkosta ottama teho p\u00e4\u00e4j\u00e4nnitteen ollessa 400 V?<\/li>\n<li>d) Mik\u00e4 olisi\u00a0moottorin s\u00e4hk\u00f6verkosta ottama teho p\u00e4\u00e4j\u00e4nnitteen ollessa 230 V?<\/li>\n<\/ol>\n<p>3.3) Mit\u00e4 hy\u00f6ty\u00e4 on Y\/D-k\u00e4ynnistimest\u00e4?<\/p>\n<p>3.4) Mik\u00e4 on<\/p>\n<ol>\n<li>a) staattori?<\/li>\n<li>b) roottori?<\/li>\n<\/ol>\n<p>3.5) Miten kolmivaiheisen moottorin py\u00f6rimisuunta vaihdetaan?<\/p>\n<p>3.6) Mist\u00e4 yleisimm\u00e4t oikosulkumoottorin h\u00e4iri\u00f6t aiheutuvat?<\/p>\n<p>3.7)\u00a0T\u00e4ss\u00e4 jaksossa kytkemme kaksisuuntaisen oikosulkumoottorin. Tutustu s. 134 ylemp\u00e4\u00e4n kuvaan ja selvit\u00e4, mit\u00e4 ovat F1, F2, K1, X1, Q1 ja M1. K\u00e4yt\u00e4 tarvittaessa apuna Ahosen kirjan piirikaavioiden lukuopasta.<\/p>\n","protected":false},"excerpt":{"rendered":"<p>Teht\u00e4v\u00e4 1. Listaa oikosulkumoottorin suunnanvaihtok\u00e4ytt\u00f6\u00f6n tarvittavat komponentit perinteisell\u00e4 kontaktoritoteutuksella ja taajuusmuuttajaohjauksella. Etsi hinnat komponenteille, kun moottoreiden tehot ovat: 0,75kW 2,2 kW 7,5 kW Kirjoita hinnat paperille kokoonpanokohtaisesti ja palauta se opettajalle. Teht\u00e4v\u00e4 2. Teht\u00e4v\u00e4n\u00e4si on saada oikosulkumoottori py\u00f6rim\u00e4\u00e4n k\u00e4ytt\u00e4m\u00e4ll\u00e4 taajuusmuuttajaa Yhteen suuntaan Suunnanvaihdolla molempiin suuntiin Analogisella viestill\u00e4 ohjattuna Selvit\u00e4 kytkent\u00e4, kun k\u00e4yt\u00f6ss\u00e4si on Control Techniquesin &hellip; <a href=\"https:\/\/blogit.gradia.fi\/sahkonet\/sahko-ja-automaatioasennukset\/oppimistehtavat\/teollisuuden-sahkoasennukset\/moottori-kaytot\/taajuusmuuttajat\/tehtavat\/\" class=\"more-link\">Jatka lukemista <span class=\"screen-reader-text\">Teht\u00e4v\u00e4t<\/span> <span class=\"meta-nav\">&rarr;<\/span><\/a><\/p>\n","protected":false},"author":179,"featured_media":0,"parent":929,"menu_order":0,"comment_status":"closed","ping_status":"closed","template":"","meta":{"_uag_custom_page_level_css":"","footnotes":""},"class_list":["post-941","page","type-page","status-publish","hentry"],"yoast_head":"<!-- This site is optimized with the Yoast SEO plugin v27.4 - https:\/\/yoast.com\/product\/yoast-seo-wordpress\/ -->\n<title>Teht\u00e4v\u00e4t - S\u00e4hk\u00f6Net<\/title>\n<meta name=\"robots\" content=\"index, follow, max-snippet:-1, max-image-preview:large, max-video-preview:-1\" \/>\n<link rel=\"canonical\" href=\"https:\/\/blogit.gradia.fi\/sahkonet\/sahko-ja-automaatioasennukset\/oppimistehtavat\/teollisuuden-sahkoasennukset\/moottori-kaytot\/taajuusmuuttajat\/tehtavat\/\" \/>\n<meta property=\"og:locale\" content=\"fi_FI\" \/>\n<meta property=\"og:type\" content=\"article\" \/>\n<meta property=\"og:title\" content=\"Teht\u00e4v\u00e4t - S\u00e4hk\u00f6Net\" \/>\n<meta property=\"og:description\" content=\"Teht\u00e4v\u00e4 1. Listaa oikosulkumoottorin suunnanvaihtok\u00e4ytt\u00f6\u00f6n tarvittavat komponentit perinteisell\u00e4 kontaktoritoteutuksella ja taajuusmuuttajaohjauksella. Etsi hinnat komponenteille, kun moottoreiden tehot ovat: 0,75kW 2,2 kW 7,5 kW Kirjoita hinnat paperille kokoonpanokohtaisesti ja palauta se opettajalle. Teht\u00e4v\u00e4 2. Teht\u00e4v\u00e4n\u00e4si on saada oikosulkumoottori py\u00f6rim\u00e4\u00e4n k\u00e4ytt\u00e4m\u00e4ll\u00e4 taajuusmuuttajaa Yhteen suuntaan Suunnanvaihdolla molempiin suuntiin Analogisella viestill\u00e4 ohjattuna Selvit\u00e4 kytkent\u00e4, kun k\u00e4yt\u00f6ss\u00e4si on Control Techniquesin &hellip; Jatka lukemista Teht\u00e4v\u00e4t &rarr;\" \/>\n<meta property=\"og:url\" content=\"https:\/\/blogit.gradia.fi\/sahkonet\/sahko-ja-automaatioasennukset\/oppimistehtavat\/teollisuuden-sahkoasennukset\/moottori-kaytot\/taajuusmuuttajat\/tehtavat\/\" \/>\n<meta property=\"og:site_name\" content=\"S\u00e4hk\u00f6Net\" \/>\n<meta property=\"article:modified_time\" content=\"2014-12-15T11:54:43+00:00\" \/>\n<meta name=\"twitter:card\" content=\"summary_large_image\" \/>\n<meta name=\"twitter:label1\" content=\"Arvioitu lukuaika\" \/>\n\t<meta name=\"twitter:data1\" content=\"2 minuuttia\" \/>\n<script type=\"application\/ld+json\" class=\"yoast-schema-graph\">{\"@context\":\"https:\\\/\\\/schema.org\",\"@graph\":[{\"@type\":\"WebPage\",\"@id\":\"https:\\\/\\\/blogit.gradia.fi\\\/sahkonet\\\/sahko-ja-automaatioasennukset\\\/oppimistehtavat\\\/teollisuuden-sahkoasennukset\\\/moottori-kaytot\\\/taajuusmuuttajat\\\/tehtavat\\\/\",\"url\":\"https:\\\/\\\/blogit.gradia.fi\\\/sahkonet\\\/sahko-ja-automaatioasennukset\\\/oppimistehtavat\\\/teollisuuden-sahkoasennukset\\\/moottori-kaytot\\\/taajuusmuuttajat\\\/tehtavat\\\/\",\"name\":\"Teht\u00e4v\u00e4t - S\u00e4hk\u00f6Net\",\"isPartOf\":{\"@id\":\"https:\\\/\\\/blogit.gradia.fi\\\/sahkonet\\\/#website\"},\"datePublished\":\"2014-12-15T09:49:02+00:00\",\"dateModified\":\"2014-12-15T11:54:43+00:00\",\"breadcrumb\":{\"@id\":\"https:\\\/\\\/blogit.gradia.fi\\\/sahkonet\\\/sahko-ja-automaatioasennukset\\\/oppimistehtavat\\\/teollisuuden-sahkoasennukset\\\/moottori-kaytot\\\/taajuusmuuttajat\\\/tehtavat\\\/#breadcrumb\"},\"inLanguage\":\"fi\",\"potentialAction\":[{\"@type\":\"ReadAction\",\"target\":[\"https:\\\/\\\/blogit.gradia.fi\\\/sahkonet\\\/sahko-ja-automaatioasennukset\\\/oppimistehtavat\\\/teollisuuden-sahkoasennukset\\\/moottori-kaytot\\\/taajuusmuuttajat\\\/tehtavat\\\/\"]}]},{\"@type\":\"BreadcrumbList\",\"@id\":\"https:\\\/\\\/blogit.gradia.fi\\\/sahkonet\\\/sahko-ja-automaatioasennukset\\\/oppimistehtavat\\\/teollisuuden-sahkoasennukset\\\/moottori-kaytot\\\/taajuusmuuttajat\\\/tehtavat\\\/#breadcrumb\",\"itemListElement\":[{\"@type\":\"ListItem\",\"position\":1,\"name\":\"S\u00e4hk\u00f6- ja automaatioasennukset (20ov)\",\"item\":\"https:\\\/\\\/blogit.gradia.fi\\\/sahkonet\\\/sahko-ja-automaatioasennukset\\\/\"},{\"@type\":\"ListItem\",\"position\":2,\"name\":\"Oppimisteht\u00e4v\u00e4t\",\"item\":\"https:\\\/\\\/blogit.gradia.fi\\\/sahkonet\\\/sahko-ja-automaatioasennukset\\\/oppimistehtavat\\\/\"},{\"@type\":\"ListItem\",\"position\":3,\"name\":\"Teollisuuden s\u00e4hk\u00f6asennukset\",\"item\":\"https:\\\/\\\/blogit.gradia.fi\\\/sahkonet\\\/sahko-ja-automaatioasennukset\\\/oppimistehtavat\\\/teollisuuden-sahkoasennukset\\\/\"},{\"@type\":\"ListItem\",\"position\":4,\"name\":\"Moottori k\u00e4yt\u00f6t\",\"item\":\"https:\\\/\\\/blogit.gradia.fi\\\/sahkonet\\\/sahko-ja-automaatioasennukset\\\/oppimistehtavat\\\/teollisuuden-sahkoasennukset\\\/moottori-kaytot\\\/\"},{\"@type\":\"ListItem\",\"position\":5,\"name\":\"Taajuusmuuttajat\",\"item\":\"https:\\\/\\\/blogit.gradia.fi\\\/sahkonet\\\/sahko-ja-automaatioasennukset\\\/oppimistehtavat\\\/teollisuuden-sahkoasennukset\\\/moottori-kaytot\\\/taajuusmuuttajat\\\/\"},{\"@type\":\"ListItem\",\"position\":6,\"name\":\"Teht\u00e4v\u00e4t\"}]},{\"@type\":\"WebSite\",\"@id\":\"https:\\\/\\\/blogit.gradia.fi\\\/sahkonet\\\/#website\",\"url\":\"https:\\\/\\\/blogit.gradia.fi\\\/sahkonet\\\/\",\"name\":\"S\u00e4hk\u00f6Net\",\"description\":\"S\u00e4hk\u00f6- ja automaatiotekniikan perustutkinto\",\"potentialAction\":[{\"@type\":\"SearchAction\",\"target\":{\"@type\":\"EntryPoint\",\"urlTemplate\":\"https:\\\/\\\/blogit.gradia.fi\\\/sahkonet\\\/?s={search_term_string}\"},\"query-input\":{\"@type\":\"PropertyValueSpecification\",\"valueRequired\":true,\"valueName\":\"search_term_string\"}}],\"inLanguage\":\"fi\"}]}<\/script>\n<!-- \/ Yoast SEO plugin. -->","yoast_head_json":{"title":"Teht\u00e4v\u00e4t - S\u00e4hk\u00f6Net","robots":{"index":"index","follow":"follow","max-snippet":"max-snippet:-1","max-image-preview":"max-image-preview:large","max-video-preview":"max-video-preview:-1"},"canonical":"https:\/\/blogit.gradia.fi\/sahkonet\/sahko-ja-automaatioasennukset\/oppimistehtavat\/teollisuuden-sahkoasennukset\/moottori-kaytot\/taajuusmuuttajat\/tehtavat\/","og_locale":"fi_FI","og_type":"article","og_title":"Teht\u00e4v\u00e4t - S\u00e4hk\u00f6Net","og_description":"Teht\u00e4v\u00e4 1. Listaa oikosulkumoottorin suunnanvaihtok\u00e4ytt\u00f6\u00f6n tarvittavat komponentit perinteisell\u00e4 kontaktoritoteutuksella ja taajuusmuuttajaohjauksella. Etsi hinnat komponenteille, kun moottoreiden tehot ovat: 0,75kW 2,2 kW 7,5 kW Kirjoita hinnat paperille kokoonpanokohtaisesti ja palauta se opettajalle. Teht\u00e4v\u00e4 2. Teht\u00e4v\u00e4n\u00e4si on saada oikosulkumoottori py\u00f6rim\u00e4\u00e4n k\u00e4ytt\u00e4m\u00e4ll\u00e4 taajuusmuuttajaa Yhteen suuntaan Suunnanvaihdolla molempiin suuntiin Analogisella viestill\u00e4 ohjattuna Selvit\u00e4 kytkent\u00e4, kun k\u00e4yt\u00f6ss\u00e4si on Control Techniquesin &hellip; Jatka lukemista Teht\u00e4v\u00e4t &rarr;","og_url":"https:\/\/blogit.gradia.fi\/sahkonet\/sahko-ja-automaatioasennukset\/oppimistehtavat\/teollisuuden-sahkoasennukset\/moottori-kaytot\/taajuusmuuttajat\/tehtavat\/","og_site_name":"S\u00e4hk\u00f6Net","article_modified_time":"2014-12-15T11:54:43+00:00","twitter_card":"summary_large_image","twitter_misc":{"Arvioitu lukuaika":"2 minuuttia"},"schema":{"@context":"https:\/\/schema.org","@graph":[{"@type":"WebPage","@id":"https:\/\/blogit.gradia.fi\/sahkonet\/sahko-ja-automaatioasennukset\/oppimistehtavat\/teollisuuden-sahkoasennukset\/moottori-kaytot\/taajuusmuuttajat\/tehtavat\/","url":"https:\/\/blogit.gradia.fi\/sahkonet\/sahko-ja-automaatioasennukset\/oppimistehtavat\/teollisuuden-sahkoasennukset\/moottori-kaytot\/taajuusmuuttajat\/tehtavat\/","name":"Teht\u00e4v\u00e4t - S\u00e4hk\u00f6Net","isPartOf":{"@id":"https:\/\/blogit.gradia.fi\/sahkonet\/#website"},"datePublished":"2014-12-15T09:49:02+00:00","dateModified":"2014-12-15T11:54:43+00:00","breadcrumb":{"@id":"https:\/\/blogit.gradia.fi\/sahkonet\/sahko-ja-automaatioasennukset\/oppimistehtavat\/teollisuuden-sahkoasennukset\/moottori-kaytot\/taajuusmuuttajat\/tehtavat\/#breadcrumb"},"inLanguage":"fi","potentialAction":[{"@type":"ReadAction","target":["https:\/\/blogit.gradia.fi\/sahkonet\/sahko-ja-automaatioasennukset\/oppimistehtavat\/teollisuuden-sahkoasennukset\/moottori-kaytot\/taajuusmuuttajat\/tehtavat\/"]}]},{"@type":"BreadcrumbList","@id":"https:\/\/blogit.gradia.fi\/sahkonet\/sahko-ja-automaatioasennukset\/oppimistehtavat\/teollisuuden-sahkoasennukset\/moottori-kaytot\/taajuusmuuttajat\/tehtavat\/#breadcrumb","itemListElement":[{"@type":"ListItem","position":1,"name":"S\u00e4hk\u00f6- ja automaatioasennukset (20ov)","item":"https:\/\/blogit.gradia.fi\/sahkonet\/sahko-ja-automaatioasennukset\/"},{"@type":"ListItem","position":2,"name":"Oppimisteht\u00e4v\u00e4t","item":"https:\/\/blogit.gradia.fi\/sahkonet\/sahko-ja-automaatioasennukset\/oppimistehtavat\/"},{"@type":"ListItem","position":3,"name":"Teollisuuden s\u00e4hk\u00f6asennukset","item":"https:\/\/blogit.gradia.fi\/sahkonet\/sahko-ja-automaatioasennukset\/oppimistehtavat\/teollisuuden-sahkoasennukset\/"},{"@type":"ListItem","position":4,"name":"Moottori k\u00e4yt\u00f6t","item":"https:\/\/blogit.gradia.fi\/sahkonet\/sahko-ja-automaatioasennukset\/oppimistehtavat\/teollisuuden-sahkoasennukset\/moottori-kaytot\/"},{"@type":"ListItem","position":5,"name":"Taajuusmuuttajat","item":"https:\/\/blogit.gradia.fi\/sahkonet\/sahko-ja-automaatioasennukset\/oppimistehtavat\/teollisuuden-sahkoasennukset\/moottori-kaytot\/taajuusmuuttajat\/"},{"@type":"ListItem","position":6,"name":"Teht\u00e4v\u00e4t"}]},{"@type":"WebSite","@id":"https:\/\/blogit.gradia.fi\/sahkonet\/#website","url":"https:\/\/blogit.gradia.fi\/sahkonet\/","name":"S\u00e4hk\u00f6Net","description":"S\u00e4hk\u00f6- ja automaatiotekniikan perustutkinto","potentialAction":[{"@type":"SearchAction","target":{"@type":"EntryPoint","urlTemplate":"https:\/\/blogit.gradia.fi\/sahkonet\/?s={search_term_string}"},"query-input":{"@type":"PropertyValueSpecification","valueRequired":true,"valueName":"search_term_string"}}],"inLanguage":"fi"}]}},"uagb_featured_image_src":{"full":false,"thumbnail":false,"medium":false,"medium_large":false,"large":false,"1536x1536":false,"2048x2048":false,"post-thumbnail":false,"twentyfourteen-full-width":false},"uagb_author_info":{"display_name":"Pia Tolonen","author_link":"https:\/\/blogit.gradia.fi\/sahkonet\/author\/halmepia\/"},"uagb_comment_info":0,"uagb_excerpt":"Teht\u00e4v\u00e4 1. Listaa oikosulkumoottorin suunnanvaihtok\u00e4ytt\u00f6\u00f6n tarvittavat komponentit perinteisell\u00e4 kontaktoritoteutuksella ja taajuusmuuttajaohjauksella. Etsi hinnat komponenteille, kun moottoreiden tehot ovat: 0,75kW 2,2 kW 7,5 kW Kirjoita hinnat paperille kokoonpanokohtaisesti ja palauta se opettajalle. Teht\u00e4v\u00e4 2. Teht\u00e4v\u00e4n\u00e4si on saada oikosulkumoottori py\u00f6rim\u00e4\u00e4n k\u00e4ytt\u00e4m\u00e4ll\u00e4 taajuusmuuttajaa Yhteen suuntaan Suunnanvaihdolla molempiin suuntiin Analogisella viestill\u00e4 ohjattuna Selvit\u00e4 kytkent\u00e4, kun k\u00e4yt\u00f6ss\u00e4si on Control Techniquesin&hellip;","_links":{"self":[{"href":"https:\/\/blogit.gradia.fi\/sahkonet\/wp-json\/wp\/v2\/pages\/941","targetHints":{"allow":["GET"]}}],"collection":[{"href":"https:\/\/blogit.gradia.fi\/sahkonet\/wp-json\/wp\/v2\/pages"}],"about":[{"href":"https:\/\/blogit.gradia.fi\/sahkonet\/wp-json\/wp\/v2\/types\/page"}],"author":[{"embeddable":true,"href":"https:\/\/blogit.gradia.fi\/sahkonet\/wp-json\/wp\/v2\/users\/179"}],"replies":[{"embeddable":true,"href":"https:\/\/blogit.gradia.fi\/sahkonet\/wp-json\/wp\/v2\/comments?post=941"}],"version-history":[{"count":0,"href":"https:\/\/blogit.gradia.fi\/sahkonet\/wp-json\/wp\/v2\/pages\/941\/revisions"}],"up":[{"embeddable":true,"href":"https:\/\/blogit.gradia.fi\/sahkonet\/wp-json\/wp\/v2\/pages\/929"}],"wp:attachment":[{"href":"https:\/\/blogit.gradia.fi\/sahkonet\/wp-json\/wp\/v2\/media?parent=941"}],"curies":[{"name":"wp","href":"https:\/\/api.w.org\/{rel}","templated":true}]}}