{"id":924,"date":"2014-12-09T09:57:36","date_gmt":"2014-12-09T07:57:36","guid":{"rendered":"https:\/\/blogit.gradia.fi\/sahkonet\/?page_id=924"},"modified":"2014-12-15T11:56:00","modified_gmt":"2014-12-15T09:56:00","slug":"kuivausrummun-syottokuljetin","status":"publish","type":"page","link":"https:\/\/blogit.gradia.fi\/sahkonet\/kappaletavara-automaatio\/kuivausrummun-syottokuljetin\/","title":{"rendered":"Kuivausrummun sy\u00f6tt\u00f6kuljetin"},"content":{"rendered":"<div><strong>PROSESSISTA<\/strong><\/div>\n<div><\/div>\n<div>Ohjattava laite on kuivausrummun sy\u00f6tt\u00f6kuljetin, joka sy\u00f6tt\u00e4\u00e4 esikuivausrumpuun kiviainesta.<\/div>\n<div>Kuivausrummun teho ja kapasiteetti ovat suunnitellusti sellaisia, ett\u00e4 sopiva taytt\u00f6aste, kuormitus, kuivausteho ja kiviaineksen l\u00e4mp\u00f6tilav\u00e4li saavutetaan ilman varsinaista s\u00e4\u00e4t\u00f6piiri\u00e4. Kuljetin sy\u00f6tt\u00e4\u00e4 kuivausrumpua automaattiajolla, kuivausrummusta poistuvan savukaasun l\u00e4mp\u00f6tilan perusteella. Mit\u00e4 suurempi l\u00e4mp\u00f6tila, sit\u00e4 suurempi on kuljettimen nopeus.<\/div>\n<div><\/div>\n<div>Jos savukaasun l\u00e4mp\u00f6tila laskee automaattiajolla alle 30 asteen, poltin on todenn\u00e4k\u00f6isesti sammunut ja kuljetin on pys\u00e4ytett\u00e4v\u00e4 v\u00e4litt\u00f6m\u00e4sti kuivausrummun tukkeutumisvaaran vuoksi.&#8217;<\/div>\n<div><\/div>\n<div><strong>Siemens S1200 ohjelmoinnista<\/strong><\/div>\n<div><a href=\"https:\/\/www.youtube.com\/watch?v=-Au6m45GIvA\" target=\"_blank\">https:\/\/www.youtube.com\/watch?v=-Au6m45GIvA<\/a><\/div>\n<div><\/div>\n<div><strong>Asennus<\/strong><\/div>\n<div>\n<div>Teht\u00e4v\u00e4 1:<\/div>\n<div>Asenna kaapelihyllyt, taajuusmuuttaja, turvakytkin, moottori sek\u00e4 kaapelit W2,W3,W4,W5. Tee k\u00e4ytt\u00f6\u00f6nottotarkastus opettajan l\u00e4sn\u00e4ollessa.<\/div>\n<div><\/div>\n<div>J\u00e4nnitteen saa kytke\u00e4 opettajan luvalla.<\/div>\n<div><\/div>\n<div>Tee taajuusmuuttajan parametrointi ja koek\u00e4yt\u00e4 moottori taajuusmuuttajan paneelista.<\/div>\n<div><\/div>\n<div>Teht\u00e4v\u00e4 2:<\/div>\n<div>Asenna taajuusmuuttajan ohjauskaapelit W6 ja W7 sek\u00e4 kytke l\u00e4mp\u00f6tilal\u00e4hetin kaapelilla W8.<\/div>\n<div>Kytke turvareleen sulkeutuva kosketintieto logiikkaan.<\/div>\n<div><\/div>\n<div>Asennuksen j\u00e4lkeen voit aloittaa ohjelmoinnin.<\/div>\n<div><\/div>\n<div><strong>Ohjelmointi<\/strong><\/div>\n<div>\n<p>TURVALUKITUKSET<\/p>\n<p>Turvalukitukset k\u00e4yt\u00f6ss\u00e4 molemmissa ajomoodeissa.<\/p>\n<p>Turvalukitukset (OKE, Ohjaus, H\u00e4t\u00e4seis ) pys\u00e4ytt\u00e4v\u00e4t aina moottorin.<\/p>\n<p>K\u00c4SIAJO<\/p>\n<p>T\u00e4ydenn\u00e4 taajuusmuuttajan parametreihin: Vakionopeudeksi 1 40 Hz ja vakionopeudeksi 2 10 Hz.<\/p>\n<p>Kiihdytys-ja pys\u00e4ytysrampit saadaan aikakaaviosta.<\/p>\n<p>Alkutilanne: K\u00c4SIAJO-tila valittu, lukitukset pois p\u00e4\u00e4lt\u00e4, taajuusmuuttaja ja moottori seis-tilassa, merkkivalo H2 syttyy.Muiden merkkivalojen ja merkinantotorven tilat n\u00e4kyv\u00e4t aikakaaviossa.<\/p>\n<p>Ohjaukset k\u00e4siajolla tehd\u00e4\u00e4n liitteess\u00e4 olevan aikakaavion mukaisesti. tahattomien k\u00e4ynnistyksien v\u00e4ltt\u00e4miseksi vaaditaan kahden kytkimen (S7, S3) ohjaus. K\u00e4ynnistys ja pys\u00e4ytys toiminteiden aikana vastakkainen ohjaus on estett\u00e4v\u00e4. Huoltotoimenpiteiden aikana on kuljettimen hihnan tarkastelun vuoksi pystytt\u00e4v\u00e4 ajamaan kuljetinta taaksep\u00e4in. Merkkivaloissa ja merkinantotorvessa k\u00e4ytett\u00e4v\u00e4t vilkkusuht eet 0.5\/0.5 s ja 1\/1 s. Aikakaaviossa ei ole oikeita vilkkupulssien lukum\u00e4\u00e4ri\u00e4.<\/p>\n<p>AUTOMAATTIAJO<\/p>\n<p>Alkutilanne:<\/p>\n<p>AUTOMAATTIAJO-tila valittu, lukitukset pois p\u00e4\u00e4lt\u00e4, taajuusmuuttaja ja moottori seis-tilassa, merkkivalo H3 syttyy.<\/p>\n<p>&#8211; Painettaessa start-painikkeesta, moottori l\u00e4htee py\u00f6rim\u00e4\u00e4n.<br \/>\n&#8211; Nopeus on t\u00e4ll\u00f6in suoraan verrannollinen l\u00e4mp\u00f6tila-alueeseen 20-100 astetta (10 \u201350 Hz)<br \/>\n&#8211; Seis pys\u00e4ytt\u00e4\u00e4 moottorin aina<br \/>\n&#8211; L\u00e4mp\u00f6tilan putoaminen alle 30 asteen, aiheuttaa automaattiajolla kuljettimen pys\u00e4ytyksen. T\u00e4m\u00e4 tieto saadaan virtaviestin\u00e4 l\u00e4mp\u00f6tilal\u00e4hettimelt\u00e4.<\/p>\n<p>Moottorin py\u00f6rimisnopeutta tarkkaillaan h\u00e4iri\u00f6tilanteissa (Katso: H\u00c4IRI\u00d6T AUTOMAATTIAJOLLA). 40 Hz:n seurantaraja-arvoa on pystytt\u00e4v\u00e4 muuttamaan seuraavasti:<\/p>\n<p>-S\u00e4\u00e4t\u00f6 tehd\u00e4\u00e4n seis-tilassa<br \/>\n-S\u00e4\u00e4t\u00f6alue +\/-5 Hz, yhden Hz:n portain<br \/>\n-S\u00e4\u00e4t\u00f6 tapahtuu \u201dnapittamalla\u201d kytkimell\u00e4 S7 (1-asento -1 Hz alasp\u00e4in ja 2-asento +1 Hz yl\u00f6sp\u00e4in) ja kuittauspainike (S6) painettuna. Muutos siirtyy aseuranta-arvoksi, kun S6 vapautetaan<br \/>\n-Jokainen 1 Hz muutos antaa hetkellisen merkki\u00e4\u00e4nen, ment\u00e4ess\u00e4 s\u00e4\u00e4t\u00f6alueen ulkopuolelle merkki\u00e4\u00e4ni on jatkuva. Palattaessa s\u00e4\u00e4t\u00f6alueelle merkki\u00e4\u00e4ni sammuu.<br \/>\n-40 Hz:n ohjearvoon palataan painamalla kuittaus (S6) ja seis (S4) samanaikaisesti<\/p>\n<p>H\u00c4IRI\u00d6T AUTOMAATTIAJOLLA<\/p>\n<p>-Moottorin py\u00f6rimisnopeutta tarkkaillaan taajuusmuuttajalta saatavalla virtaviestill\u00e4. Yli 40 Hz taajuuden ylityksi\u00e4 seurataan. Kolme ko.taajuuden ylityst\u00e4 sytytt\u00e4\u00e4 h\u00e4iri\u00f6merkkivalon (H5), huoltomies kuittaa merkkivalon (ja nollaa laskurin) painikkeella Kuittaus(S6).<br \/>\n-L\u00e4mp\u00f6tilav\u00e4lin vaihteluita simuloidaan joko vastusketjulla, -dekadivastuksella tai muulla PT100-simulaattorilla<\/p>\n<p>&nbsp;<\/p>\n<\/div>\n<\/div>\n","protected":false},"excerpt":{"rendered":"<p>PROSESSISTA Ohjattava laite on kuivausrummun sy\u00f6tt\u00f6kuljetin, joka sy\u00f6tt\u00e4\u00e4 esikuivausrumpuun kiviainesta. Kuivausrummun teho ja kapasiteetti ovat suunnitellusti sellaisia, ett\u00e4 sopiva taytt\u00f6aste, kuormitus, kuivausteho ja kiviaineksen l\u00e4mp\u00f6tilav\u00e4li saavutetaan ilman varsinaista s\u00e4\u00e4t\u00f6piiri\u00e4. Kuljetin sy\u00f6tt\u00e4\u00e4 kuivausrumpua automaattiajolla, kuivausrummusta poistuvan savukaasun l\u00e4mp\u00f6tilan perusteella. Mit\u00e4 suurempi l\u00e4mp\u00f6tila, sit\u00e4 suurempi on kuljettimen nopeus. Jos savukaasun l\u00e4mp\u00f6tila laskee automaattiajolla alle 30 asteen, poltin &hellip; <a href=\"https:\/\/blogit.gradia.fi\/sahkonet\/kappaletavara-automaatio\/kuivausrummun-syottokuljetin\/\" class=\"more-link\">Jatka lukemista <span class=\"screen-reader-text\">Kuivausrummun sy\u00f6tt\u00f6kuljetin<\/span> <span class=\"meta-nav\">&rarr;<\/span><\/a><\/p>\n","protected":false},"author":179,"featured_media":0,"parent":15,"menu_order":0,"comment_status":"closed","ping_status":"closed","template":"","meta":{"_uag_custom_page_level_css":"","footnotes":""},"class_list":["post-924","page","type-page","status-publish","hentry"],"yoast_head":"<!-- This site is optimized with the Yoast SEO plugin v27.4 - https:\/\/yoast.com\/product\/yoast-seo-wordpress\/ -->\n<title>Kuivausrummun sy\u00f6tt\u00f6kuljetin - S\u00e4hk\u00f6Net<\/title>\n<meta name=\"robots\" content=\"index, follow, max-snippet:-1, max-image-preview:large, max-video-preview:-1\" \/>\n<link rel=\"canonical\" href=\"https:\/\/blogit.gradia.fi\/sahkonet\/kappaletavara-automaatio\/kuivausrummun-syottokuljetin\/\" \/>\n<meta property=\"og:locale\" content=\"fi_FI\" \/>\n<meta property=\"og:type\" content=\"article\" \/>\n<meta property=\"og:title\" content=\"Kuivausrummun sy\u00f6tt\u00f6kuljetin - S\u00e4hk\u00f6Net\" \/>\n<meta property=\"og:description\" content=\"PROSESSISTA Ohjattava laite on kuivausrummun sy\u00f6tt\u00f6kuljetin, joka sy\u00f6tt\u00e4\u00e4 esikuivausrumpuun kiviainesta. Kuivausrummun teho ja kapasiteetti ovat suunnitellusti sellaisia, ett\u00e4 sopiva taytt\u00f6aste, kuormitus, kuivausteho ja kiviaineksen l\u00e4mp\u00f6tilav\u00e4li saavutetaan ilman varsinaista s\u00e4\u00e4t\u00f6piiri\u00e4. Kuljetin sy\u00f6tt\u00e4\u00e4 kuivausrumpua automaattiajolla, kuivausrummusta poistuvan savukaasun l\u00e4mp\u00f6tilan perusteella. Mit\u00e4 suurempi l\u00e4mp\u00f6tila, sit\u00e4 suurempi on kuljettimen nopeus. Jos savukaasun l\u00e4mp\u00f6tila laskee automaattiajolla alle 30 asteen, poltin &hellip; Jatka lukemista Kuivausrummun sy\u00f6tt\u00f6kuljetin &rarr;\" \/>\n<meta property=\"og:url\" content=\"https:\/\/blogit.gradia.fi\/sahkonet\/kappaletavara-automaatio\/kuivausrummun-syottokuljetin\/\" \/>\n<meta property=\"og:site_name\" content=\"S\u00e4hk\u00f6Net\" \/>\n<meta property=\"article:modified_time\" content=\"2014-12-15T09:56:00+00:00\" \/>\n<meta name=\"twitter:card\" content=\"summary_large_image\" \/>\n<meta name=\"twitter:label1\" content=\"Arvioitu lukuaika\" \/>\n\t<meta name=\"twitter:data1\" content=\"3 minuuttia\" \/>\n<script type=\"application\/ld+json\" class=\"yoast-schema-graph\">{\"@context\":\"https:\\\/\\\/schema.org\",\"@graph\":[{\"@type\":\"WebPage\",\"@id\":\"https:\\\/\\\/blogit.gradia.fi\\\/sahkonet\\\/kappaletavara-automaatio\\\/kuivausrummun-syottokuljetin\\\/\",\"url\":\"https:\\\/\\\/blogit.gradia.fi\\\/sahkonet\\\/kappaletavara-automaatio\\\/kuivausrummun-syottokuljetin\\\/\",\"name\":\"Kuivausrummun sy\u00f6tt\u00f6kuljetin - S\u00e4hk\u00f6Net\",\"isPartOf\":{\"@id\":\"https:\\\/\\\/blogit.gradia.fi\\\/sahkonet\\\/#website\"},\"datePublished\":\"2014-12-09T07:57:36+00:00\",\"dateModified\":\"2014-12-15T09:56:00+00:00\",\"breadcrumb\":{\"@id\":\"https:\\\/\\\/blogit.gradia.fi\\\/sahkonet\\\/kappaletavara-automaatio\\\/kuivausrummun-syottokuljetin\\\/#breadcrumb\"},\"inLanguage\":\"fi\",\"potentialAction\":[{\"@type\":\"ReadAction\",\"target\":[\"https:\\\/\\\/blogit.gradia.fi\\\/sahkonet\\\/kappaletavara-automaatio\\\/kuivausrummun-syottokuljetin\\\/\"]}]},{\"@type\":\"BreadcrumbList\",\"@id\":\"https:\\\/\\\/blogit.gradia.fi\\\/sahkonet\\\/kappaletavara-automaatio\\\/kuivausrummun-syottokuljetin\\\/#breadcrumb\",\"itemListElement\":[{\"@type\":\"ListItem\",\"position\":1,\"name\":\"Kappaletavara-automaatio (20ov)\",\"item\":\"https:\\\/\\\/blogit.gradia.fi\\\/sahkonet\\\/kappaletavara-automaatio\\\/\"},{\"@type\":\"ListItem\",\"position\":2,\"name\":\"Kuivausrummun sy\u00f6tt\u00f6kuljetin\"}]},{\"@type\":\"WebSite\",\"@id\":\"https:\\\/\\\/blogit.gradia.fi\\\/sahkonet\\\/#website\",\"url\":\"https:\\\/\\\/blogit.gradia.fi\\\/sahkonet\\\/\",\"name\":\"S\u00e4hk\u00f6Net\",\"description\":\"S\u00e4hk\u00f6- ja automaatiotekniikan perustutkinto\",\"potentialAction\":[{\"@type\":\"SearchAction\",\"target\":{\"@type\":\"EntryPoint\",\"urlTemplate\":\"https:\\\/\\\/blogit.gradia.fi\\\/sahkonet\\\/?s={search_term_string}\"},\"query-input\":{\"@type\":\"PropertyValueSpecification\",\"valueRequired\":true,\"valueName\":\"search_term_string\"}}],\"inLanguage\":\"fi\"}]}<\/script>\n<!-- \/ Yoast SEO plugin. -->","yoast_head_json":{"title":"Kuivausrummun sy\u00f6tt\u00f6kuljetin - S\u00e4hk\u00f6Net","robots":{"index":"index","follow":"follow","max-snippet":"max-snippet:-1","max-image-preview":"max-image-preview:large","max-video-preview":"max-video-preview:-1"},"canonical":"https:\/\/blogit.gradia.fi\/sahkonet\/kappaletavara-automaatio\/kuivausrummun-syottokuljetin\/","og_locale":"fi_FI","og_type":"article","og_title":"Kuivausrummun sy\u00f6tt\u00f6kuljetin - S\u00e4hk\u00f6Net","og_description":"PROSESSISTA Ohjattava laite on kuivausrummun sy\u00f6tt\u00f6kuljetin, joka sy\u00f6tt\u00e4\u00e4 esikuivausrumpuun kiviainesta. Kuivausrummun teho ja kapasiteetti ovat suunnitellusti sellaisia, ett\u00e4 sopiva taytt\u00f6aste, kuormitus, kuivausteho ja kiviaineksen l\u00e4mp\u00f6tilav\u00e4li saavutetaan ilman varsinaista s\u00e4\u00e4t\u00f6piiri\u00e4. Kuljetin sy\u00f6tt\u00e4\u00e4 kuivausrumpua automaattiajolla, kuivausrummusta poistuvan savukaasun l\u00e4mp\u00f6tilan perusteella. Mit\u00e4 suurempi l\u00e4mp\u00f6tila, sit\u00e4 suurempi on kuljettimen nopeus. Jos savukaasun l\u00e4mp\u00f6tila laskee automaattiajolla alle 30 asteen, poltin &hellip; Jatka lukemista Kuivausrummun sy\u00f6tt\u00f6kuljetin &rarr;","og_url":"https:\/\/blogit.gradia.fi\/sahkonet\/kappaletavara-automaatio\/kuivausrummun-syottokuljetin\/","og_site_name":"S\u00e4hk\u00f6Net","article_modified_time":"2014-12-15T09:56:00+00:00","twitter_card":"summary_large_image","twitter_misc":{"Arvioitu lukuaika":"3 minuuttia"},"schema":{"@context":"https:\/\/schema.org","@graph":[{"@type":"WebPage","@id":"https:\/\/blogit.gradia.fi\/sahkonet\/kappaletavara-automaatio\/kuivausrummun-syottokuljetin\/","url":"https:\/\/blogit.gradia.fi\/sahkonet\/kappaletavara-automaatio\/kuivausrummun-syottokuljetin\/","name":"Kuivausrummun sy\u00f6tt\u00f6kuljetin - S\u00e4hk\u00f6Net","isPartOf":{"@id":"https:\/\/blogit.gradia.fi\/sahkonet\/#website"},"datePublished":"2014-12-09T07:57:36+00:00","dateModified":"2014-12-15T09:56:00+00:00","breadcrumb":{"@id":"https:\/\/blogit.gradia.fi\/sahkonet\/kappaletavara-automaatio\/kuivausrummun-syottokuljetin\/#breadcrumb"},"inLanguage":"fi","potentialAction":[{"@type":"ReadAction","target":["https:\/\/blogit.gradia.fi\/sahkonet\/kappaletavara-automaatio\/kuivausrummun-syottokuljetin\/"]}]},{"@type":"BreadcrumbList","@id":"https:\/\/blogit.gradia.fi\/sahkonet\/kappaletavara-automaatio\/kuivausrummun-syottokuljetin\/#breadcrumb","itemListElement":[{"@type":"ListItem","position":1,"name":"Kappaletavara-automaatio (20ov)","item":"https:\/\/blogit.gradia.fi\/sahkonet\/kappaletavara-automaatio\/"},{"@type":"ListItem","position":2,"name":"Kuivausrummun sy\u00f6tt\u00f6kuljetin"}]},{"@type":"WebSite","@id":"https:\/\/blogit.gradia.fi\/sahkonet\/#website","url":"https:\/\/blogit.gradia.fi\/sahkonet\/","name":"S\u00e4hk\u00f6Net","description":"S\u00e4hk\u00f6- ja automaatiotekniikan perustutkinto","potentialAction":[{"@type":"SearchAction","target":{"@type":"EntryPoint","urlTemplate":"https:\/\/blogit.gradia.fi\/sahkonet\/?s={search_term_string}"},"query-input":{"@type":"PropertyValueSpecification","valueRequired":true,"valueName":"search_term_string"}}],"inLanguage":"fi"}]}},"uagb_featured_image_src":{"full":false,"thumbnail":false,"medium":false,"medium_large":false,"large":false,"1536x1536":false,"2048x2048":false,"post-thumbnail":false,"twentyfourteen-full-width":false},"uagb_author_info":{"display_name":"Pia Tolonen","author_link":"https:\/\/blogit.gradia.fi\/sahkonet\/author\/halmepia\/"},"uagb_comment_info":0,"uagb_excerpt":"PROSESSISTA Ohjattava laite on kuivausrummun sy\u00f6tt\u00f6kuljetin, joka sy\u00f6tt\u00e4\u00e4 esikuivausrumpuun kiviainesta. Kuivausrummun teho ja kapasiteetti ovat suunnitellusti sellaisia, ett\u00e4 sopiva taytt\u00f6aste, kuormitus, kuivausteho ja kiviaineksen l\u00e4mp\u00f6tilav\u00e4li saavutetaan ilman varsinaista s\u00e4\u00e4t\u00f6piiri\u00e4. Kuljetin sy\u00f6tt\u00e4\u00e4 kuivausrumpua automaattiajolla, kuivausrummusta poistuvan savukaasun l\u00e4mp\u00f6tilan perusteella. Mit\u00e4 suurempi l\u00e4mp\u00f6tila, sit\u00e4 suurempi on kuljettimen nopeus. Jos savukaasun l\u00e4mp\u00f6tila laskee automaattiajolla alle 30 asteen, poltin&hellip;","_links":{"self":[{"href":"https:\/\/blogit.gradia.fi\/sahkonet\/wp-json\/wp\/v2\/pages\/924","targetHints":{"allow":["GET"]}}],"collection":[{"href":"https:\/\/blogit.gradia.fi\/sahkonet\/wp-json\/wp\/v2\/pages"}],"about":[{"href":"https:\/\/blogit.gradia.fi\/sahkonet\/wp-json\/wp\/v2\/types\/page"}],"author":[{"embeddable":true,"href":"https:\/\/blogit.gradia.fi\/sahkonet\/wp-json\/wp\/v2\/users\/179"}],"replies":[{"embeddable":true,"href":"https:\/\/blogit.gradia.fi\/sahkonet\/wp-json\/wp\/v2\/comments?post=924"}],"version-history":[{"count":0,"href":"https:\/\/blogit.gradia.fi\/sahkonet\/wp-json\/wp\/v2\/pages\/924\/revisions"}],"up":[{"embeddable":true,"href":"https:\/\/blogit.gradia.fi\/sahkonet\/wp-json\/wp\/v2\/pages\/15"}],"wp:attachment":[{"href":"https:\/\/blogit.gradia.fi\/sahkonet\/wp-json\/wp\/v2\/media?parent=924"}],"curies":[{"name":"wp","href":"https:\/\/api.w.org\/{rel}","templated":true}]}}