{"id":884,"date":"2014-10-25T09:19:11","date_gmt":"2014-10-25T06:19:11","guid":{"rendered":"https:\/\/blogit.gradia.fi\/sahkonet\/?page_id=884"},"modified":"2015-01-12T20:13:56","modified_gmt":"2015-01-12T18:13:56","slug":"seot55-tyomaasahkoistys","status":"publish","type":"page","link":"https:\/\/blogit.gradia.fi\/sahkonet\/sahko-ja-energiatekniikka\/oppimistehtavat\/sahkontuotanto-ja-jakelujarjestelmat-seka-pienjanniteverkostot-1kv\/aineistotehtavat\/seot55-tyomaasahkoistys\/","title":{"rendered":"SEOT55, Ty\u00f6maas\u00e4hk\u00f6istys"},"content":{"rendered":"<p>3.1.2015<br \/>\nJari Peura<\/p>\n<pre>T\u00e4ss\u00e4 oppimisteht\u00e4v\u00e4ss\u00e4 perehdyt ty\u00f6maas\u00e4hk\u00f6istykseen.<\/pre>\n<h3><span style=\"text-decoration: underline\">Oppimisteht\u00e4v\u00e4t:<\/span><\/h3>\n<pre><a href=\"https:\/\/blogit.gradia.fi\/sahkonet\/wp-content\/uploads\/sites\/80\/2014\/10\/SEOT55_Tyomaasahkoistys_its_opt.pdf\">SEOT55_Tyomaasahkoistys_its_opt<\/a>\r\n\r\nKirjasta: Kiinteist\u00f6jen s\u00e4hk\u00f6asennukset\r\nKappale: 1\r\nTeht\u00e4v\u00e4t: 1.7-1.13 (s.28-30)<\/pre>\n<h3><span style=\"text-decoration: underline\"><strong>Tausta materiaalia:<\/strong><\/span><\/h3>\n<pre><strong>Ty\u00f6maas\u00e4hk\u00f6istyksen tuotteita:\r\n\r\n<a href=\"http:\/\/www.kk-sahkotukku.fi\/esitteet\/esite_tyomaasahkoistys.pdf\">http:\/\/www.kk-sahkotukku.fi\/esitteet\/esite_tyomaasahkoistys.pdf<\/a>\r\n\r\n<a href=\"http:\/\/www.etherma.fi\/WebRoot\/etherma\/Shops\/etherma\/50BD\/B76C\/2980\/BFA6\/8C71\/0A28\/1007\/9DAD\/Katalog_SATEMA_Finland_web2.pdf\">http:\/\/www.etherma.fi\/WebRoot\/etherma\/Shops\/etherma\/50BD\/B76C\/2980\/BFA6\/8C71\/0A28\/1007\/9DAD\/Katalog_SATEMA_Finland_web2.pdf<\/a>\r\n<\/strong><\/pre>\n<pre><strong>Ty\u00f6maas\u00e4hk\u00f6istyksen tarkastusp\u00f6yt\u00e4kirja (malli):\r\n\r\n<a href=\"http:\/\/www.turvallisuusuutiset.fi\/binary\/file\/-\/id\/44\/fid\/1077\/\">http:\/\/www.turvallisuusuutiset.fi\/binary\/file\/-\/id\/44\/fid\/1077\/<\/a>\r\n<\/strong><\/pre>\n<pre><strong>Raportti ty\u00f6maas\u00e4hk\u00f6istyksen turvallisuudesta:\r\n\r\n<a href=\"http:\/\/tuotteet.ramirent.fi\/sites\/tuotteet.ramirent\/files\/Rakennusty%C3%B6maan%20s%C3%A4hk%C3%B6istyksen%20turvallisuus.pdf\">http:\/\/tuotteet.ramirent.fi\/sites\/tuotteet.ramirent\/files\/Rakennusty%C3%B6maan%20s%C3%A4hk%C3%B6istyksen%20turvallisuus.pdf<\/a><\/strong><\/pre>\n<pre><strong>Kirja: Kiinteist\u00f6jen s\u00e4hk\u00f6asennukset (Jukka Ahoranta)<\/strong><\/pre>\n","protected":false},"excerpt":{"rendered":"<p>3.1.2015 Jari Peura T\u00e4ss\u00e4 oppimisteht\u00e4v\u00e4ss\u00e4 perehdyt ty\u00f6maas\u00e4hk\u00f6istykseen. Oppimisteht\u00e4v\u00e4t: SEOT55_Tyomaasahkoistys_its_opt Kirjasta: Kiinteist\u00f6jen s\u00e4hk\u00f6asennukset Kappale: 1 Teht\u00e4v\u00e4t: 1.7-1.13 (s.28-30) Tausta materiaalia: Ty\u00f6maas\u00e4hk\u00f6istyksen tuotteita: http:\/\/www.kk-sahkotukku.fi\/esitteet\/esite_tyomaasahkoistys.pdf http:\/\/www.etherma.fi\/WebRoot\/etherma\/Shops\/etherma\/50BD\/B76C\/2980\/BFA6\/8C71\/0A28\/1007\/9DAD\/Katalog_SATEMA_Finland_web2.pdf Ty\u00f6maas\u00e4hk\u00f6istyksen tarkastusp\u00f6yt\u00e4kirja (malli): http:\/\/www.turvallisuusuutiset.fi\/binary\/file\/-\/id\/44\/fid\/1077\/ Raportti ty\u00f6maas\u00e4hk\u00f6istyksen turvallisuudesta: http:\/\/tuotteet.ramirent.fi\/sites\/tuotteet.ramirent\/files\/Rakennusty%C3%B6maan%20s%C3%A4hk%C3%B6istyksen%20turvallisuus.pdf Kirja: Kiinteist\u00f6jen s\u00e4hk\u00f6asennukset (Jukka Ahoranta)<\/p>\n","protected":false},"author":153,"featured_media":0,"parent":198,"menu_order":6,"comment_status":"closed","ping_status":"closed","template":"","meta":{"_uag_custom_page_level_css":"","footnotes":""},"class_list":["post-884","page","type-page","status-publish","hentry"],"yoast_head":"<!-- This site is optimized with the Yoast SEO plugin v27.4 - https:\/\/yoast.com\/product\/yoast-seo-wordpress\/ -->\n<title>SEOT55, Ty\u00f6maas\u00e4hk\u00f6istys - S\u00e4hk\u00f6Net<\/title>\n<meta name=\"robots\" content=\"index, follow, max-snippet:-1, max-image-preview:large, max-video-preview:-1\" \/>\n<link rel=\"canonical\" href=\"https:\/\/blogit.gradia.fi\/sahkonet\/sahko-ja-energiatekniikka\/oppimistehtavat\/sahkontuotanto-ja-jakelujarjestelmat-seka-pienjanniteverkostot-1kv\/aineistotehtavat\/seot55-tyomaasahkoistys\/\" \/>\n<meta property=\"og:locale\" content=\"fi_FI\" \/>\n<meta property=\"og:type\" content=\"article\" \/>\n<meta property=\"og:title\" content=\"SEOT55, Ty\u00f6maas\u00e4hk\u00f6istys - S\u00e4hk\u00f6Net\" \/>\n<meta property=\"og:description\" content=\"3.1.2015 Jari Peura T\u00e4ss\u00e4 oppimisteht\u00e4v\u00e4ss\u00e4 perehdyt ty\u00f6maas\u00e4hk\u00f6istykseen. Oppimisteht\u00e4v\u00e4t: SEOT55_Tyomaasahkoistys_its_opt Kirjasta: Kiinteist\u00f6jen s\u00e4hk\u00f6asennukset Kappale: 1 Teht\u00e4v\u00e4t: 1.7-1.13 (s.28-30) Tausta materiaalia: Ty\u00f6maas\u00e4hk\u00f6istyksen tuotteita: http:\/\/www.kk-sahkotukku.fi\/esitteet\/esite_tyomaasahkoistys.pdf http:\/\/www.etherma.fi\/WebRoot\/etherma\/Shops\/etherma\/50BD\/B76C\/2980\/BFA6\/8C71\/0A28\/1007\/9DAD\/Katalog_SATEMA_Finland_web2.pdf Ty\u00f6maas\u00e4hk\u00f6istyksen tarkastusp\u00f6yt\u00e4kirja (malli): http:\/\/www.turvallisuusuutiset.fi\/binary\/file\/-\/id\/44\/fid\/1077\/ Raportti ty\u00f6maas\u00e4hk\u00f6istyksen turvallisuudesta: http:\/\/tuotteet.ramirent.fi\/sites\/tuotteet.ramirent\/files\/Rakennusty%C3%B6maan%20s%C3%A4hk%C3%B6istyksen%20turvallisuus.pdf Kirja: Kiinteist\u00f6jen s\u00e4hk\u00f6asennukset (Jukka Ahoranta)\" \/>\n<meta property=\"og:url\" content=\"https:\/\/blogit.gradia.fi\/sahkonet\/sahko-ja-energiatekniikka\/oppimistehtavat\/sahkontuotanto-ja-jakelujarjestelmat-seka-pienjanniteverkostot-1kv\/aineistotehtavat\/seot55-tyomaasahkoistys\/\" \/>\n<meta property=\"og:site_name\" content=\"S\u00e4hk\u00f6Net\" \/>\n<meta property=\"article:modified_time\" content=\"2015-01-12T18:13:56+00:00\" \/>\n<meta name=\"twitter:card\" content=\"summary_large_image\" \/>\n<meta name=\"twitter:label1\" content=\"Arvioitu lukuaika\" \/>\n\t<meta name=\"twitter:data1\" content=\"1 minuutti\" \/>\n<script type=\"application\/ld+json\" class=\"yoast-schema-graph\">{\"@context\":\"https:\\\/\\\/schema.org\",\"@graph\":[{\"@type\":\"WebPage\",\"@id\":\"https:\\\/\\\/blogit.gradia.fi\\\/sahkonet\\\/sahko-ja-energiatekniikka\\\/oppimistehtavat\\\/sahkontuotanto-ja-jakelujarjestelmat-seka-pienjanniteverkostot-1kv\\\/aineistotehtavat\\\/seot55-tyomaasahkoistys\\\/\",\"url\":\"https:\\\/\\\/blogit.gradia.fi\\\/sahkonet\\\/sahko-ja-energiatekniikka\\\/oppimistehtavat\\\/sahkontuotanto-ja-jakelujarjestelmat-seka-pienjanniteverkostot-1kv\\\/aineistotehtavat\\\/seot55-tyomaasahkoistys\\\/\",\"name\":\"SEOT55, Ty\u00f6maas\u00e4hk\u00f6istys - S\u00e4hk\u00f6Net\",\"isPartOf\":{\"@id\":\"https:\\\/\\\/blogit.gradia.fi\\\/sahkonet\\\/#website\"},\"datePublished\":\"2014-10-25T06:19:11+00:00\",\"dateModified\":\"2015-01-12T18:13:56+00:00\",\"breadcrumb\":{\"@id\":\"https:\\\/\\\/blogit.gradia.fi\\\/sahkonet\\\/sahko-ja-energiatekniikka\\\/oppimistehtavat\\\/sahkontuotanto-ja-jakelujarjestelmat-seka-pienjanniteverkostot-1kv\\\/aineistotehtavat\\\/seot55-tyomaasahkoistys\\\/#breadcrumb\"},\"inLanguage\":\"fi\",\"potentialAction\":[{\"@type\":\"ReadAction\",\"target\":[\"https:\\\/\\\/blogit.gradia.fi\\\/sahkonet\\\/sahko-ja-energiatekniikka\\\/oppimistehtavat\\\/sahkontuotanto-ja-jakelujarjestelmat-seka-pienjanniteverkostot-1kv\\\/aineistotehtavat\\\/seot55-tyomaasahkoistys\\\/\"]}]},{\"@type\":\"BreadcrumbList\",\"@id\":\"https:\\\/\\\/blogit.gradia.fi\\\/sahkonet\\\/sahko-ja-energiatekniikka\\\/oppimistehtavat\\\/sahkontuotanto-ja-jakelujarjestelmat-seka-pienjanniteverkostot-1kv\\\/aineistotehtavat\\\/seot55-tyomaasahkoistys\\\/#breadcrumb\",\"itemListElement\":[{\"@type\":\"ListItem\",\"position\":1,\"name\":\"S\u00e4hk\u00f6- ja energiatekniikka (20ov)\",\"item\":\"https:\\\/\\\/blogit.gradia.fi\\\/sahkonet\\\/sahko-ja-energiatekniikka\\\/\"},{\"@type\":\"ListItem\",\"position\":2,\"name\":\"Oppimisteht\u00e4v\u00e4t\",\"item\":\"https:\\\/\\\/blogit.gradia.fi\\\/sahkonet\\\/sahko-ja-energiatekniikka\\\/oppimistehtavat\\\/\"},{\"@type\":\"ListItem\",\"position\":3,\"name\":\"S\u00e4hk\u00f6ntuotanto ja -jakeluj\u00e4rjestelm\u00e4t sek\u00e4 pienj\u00e4nniteverkostot (&lt;1kV)\",\"item\":\"https:\\\/\\\/blogit.gradia.fi\\\/sahkonet\\\/sahko-ja-energiatekniikka\\\/oppimistehtavat\\\/sahkontuotanto-ja-jakelujarjestelmat-seka-pienjanniteverkostot-1kv\\\/\"},{\"@type\":\"ListItem\",\"position\":4,\"name\":\"Aineistoteht\u00e4v\u00e4t\",\"item\":\"https:\\\/\\\/blogit.gradia.fi\\\/sahkonet\\\/sahko-ja-energiatekniikka\\\/oppimistehtavat\\\/sahkontuotanto-ja-jakelujarjestelmat-seka-pienjanniteverkostot-1kv\\\/aineistotehtavat\\\/\"},{\"@type\":\"ListItem\",\"position\":5,\"name\":\"SEOT55, Ty\u00f6maas\u00e4hk\u00f6istys\"}]},{\"@type\":\"WebSite\",\"@id\":\"https:\\\/\\\/blogit.gradia.fi\\\/sahkonet\\\/#website\",\"url\":\"https:\\\/\\\/blogit.gradia.fi\\\/sahkonet\\\/\",\"name\":\"S\u00e4hk\u00f6Net\",\"description\":\"S\u00e4hk\u00f6- ja automaatiotekniikan perustutkinto\",\"potentialAction\":[{\"@type\":\"SearchAction\",\"target\":{\"@type\":\"EntryPoint\",\"urlTemplate\":\"https:\\\/\\\/blogit.gradia.fi\\\/sahkonet\\\/?s={search_term_string}\"},\"query-input\":{\"@type\":\"PropertyValueSpecification\",\"valueRequired\":true,\"valueName\":\"search_term_string\"}}],\"inLanguage\":\"fi\"}]}<\/script>\n<!-- \/ Yoast SEO plugin. -->","yoast_head_json":{"title":"SEOT55, Ty\u00f6maas\u00e4hk\u00f6istys - S\u00e4hk\u00f6Net","robots":{"index":"index","follow":"follow","max-snippet":"max-snippet:-1","max-image-preview":"max-image-preview:large","max-video-preview":"max-video-preview:-1"},"canonical":"https:\/\/blogit.gradia.fi\/sahkonet\/sahko-ja-energiatekniikka\/oppimistehtavat\/sahkontuotanto-ja-jakelujarjestelmat-seka-pienjanniteverkostot-1kv\/aineistotehtavat\/seot55-tyomaasahkoistys\/","og_locale":"fi_FI","og_type":"article","og_title":"SEOT55, Ty\u00f6maas\u00e4hk\u00f6istys - S\u00e4hk\u00f6Net","og_description":"3.1.2015 Jari Peura T\u00e4ss\u00e4 oppimisteht\u00e4v\u00e4ss\u00e4 perehdyt ty\u00f6maas\u00e4hk\u00f6istykseen. Oppimisteht\u00e4v\u00e4t: SEOT55_Tyomaasahkoistys_its_opt Kirjasta: Kiinteist\u00f6jen s\u00e4hk\u00f6asennukset Kappale: 1 Teht\u00e4v\u00e4t: 1.7-1.13 (s.28-30) Tausta materiaalia: Ty\u00f6maas\u00e4hk\u00f6istyksen tuotteita: http:\/\/www.kk-sahkotukku.fi\/esitteet\/esite_tyomaasahkoistys.pdf http:\/\/www.etherma.fi\/WebRoot\/etherma\/Shops\/etherma\/50BD\/B76C\/2980\/BFA6\/8C71\/0A28\/1007\/9DAD\/Katalog_SATEMA_Finland_web2.pdf Ty\u00f6maas\u00e4hk\u00f6istyksen tarkastusp\u00f6yt\u00e4kirja (malli): http:\/\/www.turvallisuusuutiset.fi\/binary\/file\/-\/id\/44\/fid\/1077\/ Raportti ty\u00f6maas\u00e4hk\u00f6istyksen turvallisuudesta: http:\/\/tuotteet.ramirent.fi\/sites\/tuotteet.ramirent\/files\/Rakennusty%C3%B6maan%20s%C3%A4hk%C3%B6istyksen%20turvallisuus.pdf Kirja: Kiinteist\u00f6jen s\u00e4hk\u00f6asennukset (Jukka Ahoranta)","og_url":"https:\/\/blogit.gradia.fi\/sahkonet\/sahko-ja-energiatekniikka\/oppimistehtavat\/sahkontuotanto-ja-jakelujarjestelmat-seka-pienjanniteverkostot-1kv\/aineistotehtavat\/seot55-tyomaasahkoistys\/","og_site_name":"S\u00e4hk\u00f6Net","article_modified_time":"2015-01-12T18:13:56+00:00","twitter_card":"summary_large_image","twitter_misc":{"Arvioitu lukuaika":"1 minuutti"},"schema":{"@context":"https:\/\/schema.org","@graph":[{"@type":"WebPage","@id":"https:\/\/blogit.gradia.fi\/sahkonet\/sahko-ja-energiatekniikka\/oppimistehtavat\/sahkontuotanto-ja-jakelujarjestelmat-seka-pienjanniteverkostot-1kv\/aineistotehtavat\/seot55-tyomaasahkoistys\/","url":"https:\/\/blogit.gradia.fi\/sahkonet\/sahko-ja-energiatekniikka\/oppimistehtavat\/sahkontuotanto-ja-jakelujarjestelmat-seka-pienjanniteverkostot-1kv\/aineistotehtavat\/seot55-tyomaasahkoistys\/","name":"SEOT55, Ty\u00f6maas\u00e4hk\u00f6istys - S\u00e4hk\u00f6Net","isPartOf":{"@id":"https:\/\/blogit.gradia.fi\/sahkonet\/#website"},"datePublished":"2014-10-25T06:19:11+00:00","dateModified":"2015-01-12T18:13:56+00:00","breadcrumb":{"@id":"https:\/\/blogit.gradia.fi\/sahkonet\/sahko-ja-energiatekniikka\/oppimistehtavat\/sahkontuotanto-ja-jakelujarjestelmat-seka-pienjanniteverkostot-1kv\/aineistotehtavat\/seot55-tyomaasahkoistys\/#breadcrumb"},"inLanguage":"fi","potentialAction":[{"@type":"ReadAction","target":["https:\/\/blogit.gradia.fi\/sahkonet\/sahko-ja-energiatekniikka\/oppimistehtavat\/sahkontuotanto-ja-jakelujarjestelmat-seka-pienjanniteverkostot-1kv\/aineistotehtavat\/seot55-tyomaasahkoistys\/"]}]},{"@type":"BreadcrumbList","@id":"https:\/\/blogit.gradia.fi\/sahkonet\/sahko-ja-energiatekniikka\/oppimistehtavat\/sahkontuotanto-ja-jakelujarjestelmat-seka-pienjanniteverkostot-1kv\/aineistotehtavat\/seot55-tyomaasahkoistys\/#breadcrumb","itemListElement":[{"@type":"ListItem","position":1,"name":"S\u00e4hk\u00f6- ja energiatekniikka (20ov)","item":"https:\/\/blogit.gradia.fi\/sahkonet\/sahko-ja-energiatekniikka\/"},{"@type":"ListItem","position":2,"name":"Oppimisteht\u00e4v\u00e4t","item":"https:\/\/blogit.gradia.fi\/sahkonet\/sahko-ja-energiatekniikka\/oppimistehtavat\/"},{"@type":"ListItem","position":3,"name":"S\u00e4hk\u00f6ntuotanto ja -jakeluj\u00e4rjestelm\u00e4t sek\u00e4 pienj\u00e4nniteverkostot (&lt;1kV)","item":"https:\/\/blogit.gradia.fi\/sahkonet\/sahko-ja-energiatekniikka\/oppimistehtavat\/sahkontuotanto-ja-jakelujarjestelmat-seka-pienjanniteverkostot-1kv\/"},{"@type":"ListItem","position":4,"name":"Aineistoteht\u00e4v\u00e4t","item":"https:\/\/blogit.gradia.fi\/sahkonet\/sahko-ja-energiatekniikka\/oppimistehtavat\/sahkontuotanto-ja-jakelujarjestelmat-seka-pienjanniteverkostot-1kv\/aineistotehtavat\/"},{"@type":"ListItem","position":5,"name":"SEOT55, Ty\u00f6maas\u00e4hk\u00f6istys"}]},{"@type":"WebSite","@id":"https:\/\/blogit.gradia.fi\/sahkonet\/#website","url":"https:\/\/blogit.gradia.fi\/sahkonet\/","name":"S\u00e4hk\u00f6Net","description":"S\u00e4hk\u00f6- ja automaatiotekniikan perustutkinto","potentialAction":[{"@type":"SearchAction","target":{"@type":"EntryPoint","urlTemplate":"https:\/\/blogit.gradia.fi\/sahkonet\/?s={search_term_string}"},"query-input":{"@type":"PropertyValueSpecification","valueRequired":true,"valueName":"search_term_string"}}],"inLanguage":"fi"}]}},"uagb_featured_image_src":{"full":false,"thumbnail":false,"medium":false,"medium_large":false,"large":false,"1536x1536":false,"2048x2048":false,"post-thumbnail":false,"twentyfourteen-full-width":false},"uagb_author_info":{"display_name":"Minna Puoliv\u00e4li","author_link":"https:\/\/blogit.gradia.fi\/sahkonet\/author\/puolimin\/"},"uagb_comment_info":0,"uagb_excerpt":"3.1.2015 Jari Peura T\u00e4ss\u00e4 oppimisteht\u00e4v\u00e4ss\u00e4 perehdyt ty\u00f6maas\u00e4hk\u00f6istykseen. Oppimisteht\u00e4v\u00e4t: SEOT55_Tyomaasahkoistys_its_opt Kirjasta: Kiinteist\u00f6jen s\u00e4hk\u00f6asennukset Kappale: 1 Teht\u00e4v\u00e4t: 1.7-1.13 (s.28-30) Tausta materiaalia: Ty\u00f6maas\u00e4hk\u00f6istyksen tuotteita: http:\/\/www.kk-sahkotukku.fi\/esitteet\/esite_tyomaasahkoistys.pdf http:\/\/www.etherma.fi\/WebRoot\/etherma\/Shops\/etherma\/50BD\/B76C\/2980\/BFA6\/8C71\/0A28\/1007\/9DAD\/Katalog_SATEMA_Finland_web2.pdf Ty\u00f6maas\u00e4hk\u00f6istyksen tarkastusp\u00f6yt\u00e4kirja (malli): http:\/\/www.turvallisuusuutiset.fi\/binary\/file\/-\/id\/44\/fid\/1077\/ Raportti ty\u00f6maas\u00e4hk\u00f6istyksen turvallisuudesta: http:\/\/tuotteet.ramirent.fi\/sites\/tuotteet.ramirent\/files\/Rakennusty%C3%B6maan%20s%C3%A4hk%C3%B6istyksen%20turvallisuus.pdf Kirja: Kiinteist\u00f6jen s\u00e4hk\u00f6asennukset (Jukka Ahoranta)","_links":{"self":[{"href":"https:\/\/blogit.gradia.fi\/sahkonet\/wp-json\/wp\/v2\/pages\/884","targetHints":{"allow":["GET"]}}],"collection":[{"href":"https:\/\/blogit.gradia.fi\/sahkonet\/wp-json\/wp\/v2\/pages"}],"about":[{"href":"https:\/\/blogit.gradia.fi\/sahkonet\/wp-json\/wp\/v2\/types\/page"}],"author":[{"embeddable":true,"href":"https:\/\/blogit.gradia.fi\/sahkonet\/wp-json\/wp\/v2\/users\/153"}],"replies":[{"embeddable":true,"href":"https:\/\/blogit.gradia.fi\/sahkonet\/wp-json\/wp\/v2\/comments?post=884"}],"version-history":[{"count":0,"href":"https:\/\/blogit.gradia.fi\/sahkonet\/wp-json\/wp\/v2\/pages\/884\/revisions"}],"up":[{"embeddable":true,"href":"https:\/\/blogit.gradia.fi\/sahkonet\/wp-json\/wp\/v2\/pages\/198"}],"wp:attachment":[{"href":"https:\/\/blogit.gradia.fi\/sahkonet\/wp-json\/wp\/v2\/media?parent=884"}],"curies":[{"name":"wp","href":"https:\/\/api.w.org\/{rel}","templated":true}]}}