{"id":882,"date":"2014-10-25T09:18:36","date_gmt":"2014-10-25T06:18:36","guid":{"rendered":"https:\/\/blogit.gradia.fi\/sahkonet\/?page_id=882"},"modified":"2015-01-12T20:26:38","modified_gmt":"2015-01-12T18:26:38","slug":"seot54-maakaapeliverkostotyot","status":"publish","type":"page","link":"https:\/\/blogit.gradia.fi\/sahkonet\/sahko-ja-energiatekniikka\/oppimistehtavat\/sahkontuotanto-ja-jakelujarjestelmat-seka-pienjanniteverkostot-1kv\/aineistotehtavat\/seot54-maakaapeliverkostotyot\/","title":{"rendered":"SEOT54, Maakaapeliverkostoty\u00f6t"},"content":{"rendered":"<p>3.1.2015<br \/>\nJari Peura<\/p>\n<pre>T\u00e4ss\u00e4 oppimisteht\u00e4v\u00e4ss\u00e4 perehdyt maakaapeliverkoston rakenteeseen, komponentteihin sek\u00e4 verkostoasentajan ty\u00f6teht\u00e4viin.<\/pre>\n<h3><span style=\"text-decoration: underline\">Oppimisteht\u00e4v\u00e4t:<\/span><\/h3>\n<pre><a href=\"https:\/\/blogit.gradia.fi\/sahkonet\/wp-content\/uploads\/sites\/80\/2014\/10\/SEOT54_Maakaapeliverkostoty\u00f6t_its_opt.pdf\">SEOT54_Maakaapeliverkostoty\u00f6t_its_opt<\/a>\r\n\r\nKirja: Kiinteist\u00f6jen s\u00e4hk\u00f6asennukset\r\nKappale: 1.3\r\nTeht\u00e4v\u00e4t: 3.1-3.15 (s.40-50)<\/pre>\n<h3><span style=\"text-decoration: underline\"><strong>Tausta materiaalia:<\/strong><\/span><\/h3>\n<pre>K\u00e4y lainaamassa kirjastosta kirja: S\u00e4hk\u00f6verkkoasennukset (Markku Monni)\r\n\r\nKirja: Kiinteist\u00f6jen s\u00e4hk\u00f6asennukset (Jukka Ahoranta)<\/pre>\n<p>&nbsp;<\/p>\n","protected":false},"excerpt":{"rendered":"<p>3.1.2015 Jari Peura T\u00e4ss\u00e4 oppimisteht\u00e4v\u00e4ss\u00e4 perehdyt maakaapeliverkoston rakenteeseen, komponentteihin sek\u00e4 verkostoasentajan ty\u00f6teht\u00e4viin. Oppimisteht\u00e4v\u00e4t: SEOT54_Maakaapeliverkostoty\u00f6t_its_opt Kirja: Kiinteist\u00f6jen s\u00e4hk\u00f6asennukset Kappale: 1.3 Teht\u00e4v\u00e4t: 3.1-3.15 (s.40-50) Tausta materiaalia: K\u00e4y lainaamassa kirjastosta kirja: S\u00e4hk\u00f6verkkoasennukset (Markku Monni) Kirja: Kiinteist\u00f6jen s\u00e4hk\u00f6asennukset (Jukka Ahoranta) &nbsp;<\/p>\n","protected":false},"author":153,"featured_media":0,"parent":198,"menu_order":5,"comment_status":"closed","ping_status":"closed","template":"","meta":{"_uag_custom_page_level_css":"","footnotes":""},"class_list":["post-882","page","type-page","status-publish","hentry"],"yoast_head":"<!-- This site is optimized with the Yoast SEO plugin v27.4 - https:\/\/yoast.com\/product\/yoast-seo-wordpress\/ -->\n<title>SEOT54, Maakaapeliverkostoty\u00f6t - S\u00e4hk\u00f6Net<\/title>\n<meta name=\"robots\" content=\"index, follow, max-snippet:-1, max-image-preview:large, max-video-preview:-1\" \/>\n<link rel=\"canonical\" href=\"https:\/\/blogit.gradia.fi\/sahkonet\/sahko-ja-energiatekniikka\/oppimistehtavat\/sahkontuotanto-ja-jakelujarjestelmat-seka-pienjanniteverkostot-1kv\/aineistotehtavat\/seot54-maakaapeliverkostotyot\/\" \/>\n<meta property=\"og:locale\" content=\"fi_FI\" \/>\n<meta property=\"og:type\" content=\"article\" \/>\n<meta property=\"og:title\" content=\"SEOT54, Maakaapeliverkostoty\u00f6t - S\u00e4hk\u00f6Net\" \/>\n<meta property=\"og:description\" content=\"3.1.2015 Jari Peura T\u00e4ss\u00e4 oppimisteht\u00e4v\u00e4ss\u00e4 perehdyt maakaapeliverkoston rakenteeseen, komponentteihin sek\u00e4 verkostoasentajan ty\u00f6teht\u00e4viin. Oppimisteht\u00e4v\u00e4t: SEOT54_Maakaapeliverkostoty\u00f6t_its_opt Kirja: Kiinteist\u00f6jen s\u00e4hk\u00f6asennukset Kappale: 1.3 Teht\u00e4v\u00e4t: 3.1-3.15 (s.40-50) Tausta materiaalia: K\u00e4y lainaamassa kirjastosta kirja: S\u00e4hk\u00f6verkkoasennukset (Markku Monni) Kirja: Kiinteist\u00f6jen s\u00e4hk\u00f6asennukset (Jukka Ahoranta) &nbsp;\" \/>\n<meta property=\"og:url\" content=\"https:\/\/blogit.gradia.fi\/sahkonet\/sahko-ja-energiatekniikka\/oppimistehtavat\/sahkontuotanto-ja-jakelujarjestelmat-seka-pienjanniteverkostot-1kv\/aineistotehtavat\/seot54-maakaapeliverkostotyot\/\" \/>\n<meta property=\"og:site_name\" content=\"S\u00e4hk\u00f6Net\" \/>\n<meta property=\"article:modified_time\" content=\"2015-01-12T18:26:38+00:00\" \/>\n<meta name=\"twitter:card\" content=\"summary_large_image\" \/>\n<script type=\"application\/ld+json\" class=\"yoast-schema-graph\">{\"@context\":\"https:\\\/\\\/schema.org\",\"@graph\":[{\"@type\":\"WebPage\",\"@id\":\"https:\\\/\\\/blogit.gradia.fi\\\/sahkonet\\\/sahko-ja-energiatekniikka\\\/oppimistehtavat\\\/sahkontuotanto-ja-jakelujarjestelmat-seka-pienjanniteverkostot-1kv\\\/aineistotehtavat\\\/seot54-maakaapeliverkostotyot\\\/\",\"url\":\"https:\\\/\\\/blogit.gradia.fi\\\/sahkonet\\\/sahko-ja-energiatekniikka\\\/oppimistehtavat\\\/sahkontuotanto-ja-jakelujarjestelmat-seka-pienjanniteverkostot-1kv\\\/aineistotehtavat\\\/seot54-maakaapeliverkostotyot\\\/\",\"name\":\"SEOT54, Maakaapeliverkostoty\u00f6t - S\u00e4hk\u00f6Net\",\"isPartOf\":{\"@id\":\"https:\\\/\\\/blogit.gradia.fi\\\/sahkonet\\\/#website\"},\"datePublished\":\"2014-10-25T06:18:36+00:00\",\"dateModified\":\"2015-01-12T18:26:38+00:00\",\"breadcrumb\":{\"@id\":\"https:\\\/\\\/blogit.gradia.fi\\\/sahkonet\\\/sahko-ja-energiatekniikka\\\/oppimistehtavat\\\/sahkontuotanto-ja-jakelujarjestelmat-seka-pienjanniteverkostot-1kv\\\/aineistotehtavat\\\/seot54-maakaapeliverkostotyot\\\/#breadcrumb\"},\"inLanguage\":\"fi\",\"potentialAction\":[{\"@type\":\"ReadAction\",\"target\":[\"https:\\\/\\\/blogit.gradia.fi\\\/sahkonet\\\/sahko-ja-energiatekniikka\\\/oppimistehtavat\\\/sahkontuotanto-ja-jakelujarjestelmat-seka-pienjanniteverkostot-1kv\\\/aineistotehtavat\\\/seot54-maakaapeliverkostotyot\\\/\"]}]},{\"@type\":\"BreadcrumbList\",\"@id\":\"https:\\\/\\\/blogit.gradia.fi\\\/sahkonet\\\/sahko-ja-energiatekniikka\\\/oppimistehtavat\\\/sahkontuotanto-ja-jakelujarjestelmat-seka-pienjanniteverkostot-1kv\\\/aineistotehtavat\\\/seot54-maakaapeliverkostotyot\\\/#breadcrumb\",\"itemListElement\":[{\"@type\":\"ListItem\",\"position\":1,\"name\":\"S\u00e4hk\u00f6- ja energiatekniikka (20ov)\",\"item\":\"https:\\\/\\\/blogit.gradia.fi\\\/sahkonet\\\/sahko-ja-energiatekniikka\\\/\"},{\"@type\":\"ListItem\",\"position\":2,\"name\":\"Oppimisteht\u00e4v\u00e4t\",\"item\":\"https:\\\/\\\/blogit.gradia.fi\\\/sahkonet\\\/sahko-ja-energiatekniikka\\\/oppimistehtavat\\\/\"},{\"@type\":\"ListItem\",\"position\":3,\"name\":\"S\u00e4hk\u00f6ntuotanto ja -jakeluj\u00e4rjestelm\u00e4t sek\u00e4 pienj\u00e4nniteverkostot (&lt;1kV)\",\"item\":\"https:\\\/\\\/blogit.gradia.fi\\\/sahkonet\\\/sahko-ja-energiatekniikka\\\/oppimistehtavat\\\/sahkontuotanto-ja-jakelujarjestelmat-seka-pienjanniteverkostot-1kv\\\/\"},{\"@type\":\"ListItem\",\"position\":4,\"name\":\"Aineistoteht\u00e4v\u00e4t\",\"item\":\"https:\\\/\\\/blogit.gradia.fi\\\/sahkonet\\\/sahko-ja-energiatekniikka\\\/oppimistehtavat\\\/sahkontuotanto-ja-jakelujarjestelmat-seka-pienjanniteverkostot-1kv\\\/aineistotehtavat\\\/\"},{\"@type\":\"ListItem\",\"position\":5,\"name\":\"SEOT54, Maakaapeliverkostoty\u00f6t\"}]},{\"@type\":\"WebSite\",\"@id\":\"https:\\\/\\\/blogit.gradia.fi\\\/sahkonet\\\/#website\",\"url\":\"https:\\\/\\\/blogit.gradia.fi\\\/sahkonet\\\/\",\"name\":\"S\u00e4hk\u00f6Net\",\"description\":\"S\u00e4hk\u00f6- ja automaatiotekniikan perustutkinto\",\"potentialAction\":[{\"@type\":\"SearchAction\",\"target\":{\"@type\":\"EntryPoint\",\"urlTemplate\":\"https:\\\/\\\/blogit.gradia.fi\\\/sahkonet\\\/?s={search_term_string}\"},\"query-input\":{\"@type\":\"PropertyValueSpecification\",\"valueRequired\":true,\"valueName\":\"search_term_string\"}}],\"inLanguage\":\"fi\"}]}<\/script>\n<!-- \/ Yoast SEO plugin. -->","yoast_head_json":{"title":"SEOT54, Maakaapeliverkostoty\u00f6t - S\u00e4hk\u00f6Net","robots":{"index":"index","follow":"follow","max-snippet":"max-snippet:-1","max-image-preview":"max-image-preview:large","max-video-preview":"max-video-preview:-1"},"canonical":"https:\/\/blogit.gradia.fi\/sahkonet\/sahko-ja-energiatekniikka\/oppimistehtavat\/sahkontuotanto-ja-jakelujarjestelmat-seka-pienjanniteverkostot-1kv\/aineistotehtavat\/seot54-maakaapeliverkostotyot\/","og_locale":"fi_FI","og_type":"article","og_title":"SEOT54, Maakaapeliverkostoty\u00f6t - S\u00e4hk\u00f6Net","og_description":"3.1.2015 Jari Peura T\u00e4ss\u00e4 oppimisteht\u00e4v\u00e4ss\u00e4 perehdyt maakaapeliverkoston rakenteeseen, komponentteihin sek\u00e4 verkostoasentajan ty\u00f6teht\u00e4viin. Oppimisteht\u00e4v\u00e4t: SEOT54_Maakaapeliverkostoty\u00f6t_its_opt Kirja: Kiinteist\u00f6jen s\u00e4hk\u00f6asennukset Kappale: 1.3 Teht\u00e4v\u00e4t: 3.1-3.15 (s.40-50) Tausta materiaalia: K\u00e4y lainaamassa kirjastosta kirja: S\u00e4hk\u00f6verkkoasennukset (Markku Monni) Kirja: Kiinteist\u00f6jen s\u00e4hk\u00f6asennukset (Jukka Ahoranta) &nbsp;","og_url":"https:\/\/blogit.gradia.fi\/sahkonet\/sahko-ja-energiatekniikka\/oppimistehtavat\/sahkontuotanto-ja-jakelujarjestelmat-seka-pienjanniteverkostot-1kv\/aineistotehtavat\/seot54-maakaapeliverkostotyot\/","og_site_name":"S\u00e4hk\u00f6Net","article_modified_time":"2015-01-12T18:26:38+00:00","twitter_card":"summary_large_image","schema":{"@context":"https:\/\/schema.org","@graph":[{"@type":"WebPage","@id":"https:\/\/blogit.gradia.fi\/sahkonet\/sahko-ja-energiatekniikka\/oppimistehtavat\/sahkontuotanto-ja-jakelujarjestelmat-seka-pienjanniteverkostot-1kv\/aineistotehtavat\/seot54-maakaapeliverkostotyot\/","url":"https:\/\/blogit.gradia.fi\/sahkonet\/sahko-ja-energiatekniikka\/oppimistehtavat\/sahkontuotanto-ja-jakelujarjestelmat-seka-pienjanniteverkostot-1kv\/aineistotehtavat\/seot54-maakaapeliverkostotyot\/","name":"SEOT54, Maakaapeliverkostoty\u00f6t - S\u00e4hk\u00f6Net","isPartOf":{"@id":"https:\/\/blogit.gradia.fi\/sahkonet\/#website"},"datePublished":"2014-10-25T06:18:36+00:00","dateModified":"2015-01-12T18:26:38+00:00","breadcrumb":{"@id":"https:\/\/blogit.gradia.fi\/sahkonet\/sahko-ja-energiatekniikka\/oppimistehtavat\/sahkontuotanto-ja-jakelujarjestelmat-seka-pienjanniteverkostot-1kv\/aineistotehtavat\/seot54-maakaapeliverkostotyot\/#breadcrumb"},"inLanguage":"fi","potentialAction":[{"@type":"ReadAction","target":["https:\/\/blogit.gradia.fi\/sahkonet\/sahko-ja-energiatekniikka\/oppimistehtavat\/sahkontuotanto-ja-jakelujarjestelmat-seka-pienjanniteverkostot-1kv\/aineistotehtavat\/seot54-maakaapeliverkostotyot\/"]}]},{"@type":"BreadcrumbList","@id":"https:\/\/blogit.gradia.fi\/sahkonet\/sahko-ja-energiatekniikka\/oppimistehtavat\/sahkontuotanto-ja-jakelujarjestelmat-seka-pienjanniteverkostot-1kv\/aineistotehtavat\/seot54-maakaapeliverkostotyot\/#breadcrumb","itemListElement":[{"@type":"ListItem","position":1,"name":"S\u00e4hk\u00f6- ja energiatekniikka (20ov)","item":"https:\/\/blogit.gradia.fi\/sahkonet\/sahko-ja-energiatekniikka\/"},{"@type":"ListItem","position":2,"name":"Oppimisteht\u00e4v\u00e4t","item":"https:\/\/blogit.gradia.fi\/sahkonet\/sahko-ja-energiatekniikka\/oppimistehtavat\/"},{"@type":"ListItem","position":3,"name":"S\u00e4hk\u00f6ntuotanto ja -jakeluj\u00e4rjestelm\u00e4t sek\u00e4 pienj\u00e4nniteverkostot (&lt;1kV)","item":"https:\/\/blogit.gradia.fi\/sahkonet\/sahko-ja-energiatekniikka\/oppimistehtavat\/sahkontuotanto-ja-jakelujarjestelmat-seka-pienjanniteverkostot-1kv\/"},{"@type":"ListItem","position":4,"name":"Aineistoteht\u00e4v\u00e4t","item":"https:\/\/blogit.gradia.fi\/sahkonet\/sahko-ja-energiatekniikka\/oppimistehtavat\/sahkontuotanto-ja-jakelujarjestelmat-seka-pienjanniteverkostot-1kv\/aineistotehtavat\/"},{"@type":"ListItem","position":5,"name":"SEOT54, Maakaapeliverkostoty\u00f6t"}]},{"@type":"WebSite","@id":"https:\/\/blogit.gradia.fi\/sahkonet\/#website","url":"https:\/\/blogit.gradia.fi\/sahkonet\/","name":"S\u00e4hk\u00f6Net","description":"S\u00e4hk\u00f6- ja automaatiotekniikan perustutkinto","potentialAction":[{"@type":"SearchAction","target":{"@type":"EntryPoint","urlTemplate":"https:\/\/blogit.gradia.fi\/sahkonet\/?s={search_term_string}"},"query-input":{"@type":"PropertyValueSpecification","valueRequired":true,"valueName":"search_term_string"}}],"inLanguage":"fi"}]}},"uagb_featured_image_src":{"full":false,"thumbnail":false,"medium":false,"medium_large":false,"large":false,"1536x1536":false,"2048x2048":false,"post-thumbnail":false,"twentyfourteen-full-width":false},"uagb_author_info":{"display_name":"Minna Puoliv\u00e4li","author_link":"https:\/\/blogit.gradia.fi\/sahkonet\/author\/puolimin\/"},"uagb_comment_info":0,"uagb_excerpt":"3.1.2015 Jari Peura T\u00e4ss\u00e4 oppimisteht\u00e4v\u00e4ss\u00e4 perehdyt maakaapeliverkoston rakenteeseen, komponentteihin sek\u00e4 verkostoasentajan ty\u00f6teht\u00e4viin. Oppimisteht\u00e4v\u00e4t: SEOT54_Maakaapeliverkostoty\u00f6t_its_opt Kirja: Kiinteist\u00f6jen s\u00e4hk\u00f6asennukset Kappale: 1.3 Teht\u00e4v\u00e4t: 3.1-3.15 (s.40-50) Tausta materiaalia: K\u00e4y lainaamassa kirjastosta kirja: S\u00e4hk\u00f6verkkoasennukset (Markku Monni) Kirja: Kiinteist\u00f6jen s\u00e4hk\u00f6asennukset (Jukka Ahoranta) &nbsp;","_links":{"self":[{"href":"https:\/\/blogit.gradia.fi\/sahkonet\/wp-json\/wp\/v2\/pages\/882","targetHints":{"allow":["GET"]}}],"collection":[{"href":"https:\/\/blogit.gradia.fi\/sahkonet\/wp-json\/wp\/v2\/pages"}],"about":[{"href":"https:\/\/blogit.gradia.fi\/sahkonet\/wp-json\/wp\/v2\/types\/page"}],"author":[{"embeddable":true,"href":"https:\/\/blogit.gradia.fi\/sahkonet\/wp-json\/wp\/v2\/users\/153"}],"replies":[{"embeddable":true,"href":"https:\/\/blogit.gradia.fi\/sahkonet\/wp-json\/wp\/v2\/comments?post=882"}],"version-history":[{"count":0,"href":"https:\/\/blogit.gradia.fi\/sahkonet\/wp-json\/wp\/v2\/pages\/882\/revisions"}],"up":[{"embeddable":true,"href":"https:\/\/blogit.gradia.fi\/sahkonet\/wp-json\/wp\/v2\/pages\/198"}],"wp:attachment":[{"href":"https:\/\/blogit.gradia.fi\/sahkonet\/wp-json\/wp\/v2\/media?parent=882"}],"curies":[{"name":"wp","href":"https:\/\/api.w.org\/{rel}","templated":true}]}}