{"id":878,"date":"2014-10-25T09:17:33","date_gmt":"2014-10-25T06:17:33","guid":{"rendered":"https:\/\/blogit.gradia.fi\/sahkonet\/?page_id=878"},"modified":"2015-01-17T15:40:03","modified_gmt":"2015-01-17T13:40:03","slug":"seot52-jakelujarjestelman-rakenne","status":"publish","type":"page","link":"https:\/\/blogit.gradia.fi\/sahkonet\/sahko-ja-energiatekniikka\/oppimistehtavat\/sahkontuotanto-ja-jakelujarjestelmat-seka-pienjanniteverkostot-1kv\/aineistotehtavat\/seot52-jakelujarjestelman-rakenne\/","title":{"rendered":"SEOT52, Jakeluj\u00e4rjestelm\u00e4n rakenne"},"content":{"rendered":"<p>17.11.2014<br \/>\nJari Peura<\/p>\n<pre>T\u00e4ss\u00e4 oppimisteht\u00e4v\u00e4ss\u00e4 perehdyt s\u00e4hk\u00f6n jakeluj\u00e4rjestelm\u00e4n rakenteeseen.<\/pre>\n<h3><span style=\"text-decoration: underline\">Oppimisteht\u00e4v\u00e4t:<\/span><\/h3>\n<pre><a href=\"https:\/\/blogit.gradia.fi\/sahkonet\/wp-content\/uploads\/sites\/80\/2014\/10\/SEOT52_1_Jakelujarj_rak_its_opt_1.pdf\">SEOT52_1_Jakelujarj_rak_its_opt_<\/a>\r\n\r\n<a href=\"https:\/\/blogit.gradia.fi\/sahkonet\/wp-content\/uploads\/sites\/80\/2014\/10\/SEOT52_2_Jakelujarj_rak_its_opt_1.pdf\">SEOT52_2_Jakelujarj_rak_its_opt_<\/a>\r\n\r\n<a href=\"https:\/\/blogit.gradia.fi\/sahkonet\/wp-content\/uploads\/sites\/80\/2014\/10\/SEOT52_3_Jakelujarj_rak_its_opt_1.pdf\">SEOT52_3_Jakelujarj_rak_its_opt_<\/a><\/pre>\n<h3><span style=\"text-decoration: underline\"><strong>Tausta materiaalia:<\/strong><\/span><\/h3>\n<pre><strong>S\u00e4hk\u00f6asemat:\r\n<a href=\"http:\/\/www.fingrid.fi\/fi\/verkkohankkeet\/kunnossapito\/s%C3%A4hk%C3%B6asemat\/Sivut\/default.aspx\" target=\"_blank\">http:\/\/www.fingrid.fi\/fi\/verkkohankkeet\/kunnossapito\/s%C3%A4hk%C3%B6asemat\/Sivut\/default.aspx<\/a>\r\n\r\n<a href=\"http:\/\/www.norelco.fi\/index.php?pid=27&amp;lg=fi\" target=\"_blank\">http:\/\/www.norelco.fi\/index.php?pid=27&amp;lg=fi<\/a>\r\n<\/strong><\/pre>\n<pre><strong>S\u00e4hk\u00f6asemien komponentit:\r\nNORELCO kojeistot: <a href=\"http:\/\/www.norelco.fi\/UserFiles\/LiiteTiedostot\/29102014125443-NorSwitch.pdf\" target=\"_blank\">http:\/\/www.norelco.fi\/UserFiles\/LiiteTiedostot\/29102014125443-NorSwitch.pdf<\/a>\r\n\r\nNORELCO kojeistot: <a href=\"http:\/\/www.norelco.fi\/index.php?pid=28&amp;lg=fi\" target=\"_blank\">http:\/\/www.norelco.fi\/index.php?pid=28&amp;lg=fi<\/a>\r\n\r\nNORELCO kojeistot: <a href=\"http:\/\/www.norelco.fi\/UserFiles\/LiiteTiedostot\/21102009030431-Cosmos%20esite_WEB.pdf\" target=\"_blank\">http:\/\/www.norelco.fi\/UserFiles\/LiiteTiedostot\/21102009030431-Cosmos%20esite_WEB.pdf<\/a>\r\n\r\nNORELCO kiskosillat: <a href=\"http:\/\/www.norelco.fi\/UserFiles\/LiiteTiedostot\/21102009030431-Cosmos%20esite_WEB.pdf\" target=\"_blank\">http:\/\/www.norelco.fi\/index.php?pid=60&amp;lg=fi<\/a>\r\n\r\nNORELCO kompensointi: <a href=\"http:\/\/www.norelco.fi\/index.php?pid=39&amp;lg=fi\" target=\"_blank\">http:\/\/www.norelco.fi\/index.php?pid=39&amp;lg=fi<\/a>\r\n\r\nABB suurj\u00e4nnite tuotteet: <a href=\"http:\/\/www.abb.fi\/product\/fi\/9AAC710000.aspx?country=FI\" target=\"_blank\">http:\/\/www.abb.fi\/product\/fi\/9AAC710000.aspx?country=FI<\/a>\r\n\r\nABB keskij\u00e4nnite tuotteet: <a href=\"http:\/\/www.abb.fi\/product\/fi\/9AAC720001.aspx?country=FI\" target=\"_blank\">http:\/\/www.abb.fi\/product\/fi\/9AAC720001.aspx?country=FI\r\n\r\n<\/a>ABB suojaus: <a href=\"http:\/\/www.abb.fi\/product\/fi\/9AAC30405217.aspx?country=FI\" target=\"_blank\">http:\/\/www.abb.fi\/product\/fi\/9AAC30405217.aspx?country=FI<\/a>\r\n<\/strong><\/pre>\n<pre><strong>Jakelumuuntamot:\r\n\r\nNORELCO puistomuuntajat: <a href=\"http:\/\/www.norelco.fi\/UserFiles\/LiiteTiedostot\/29102014123020-NPM200.pdf\" target=\"_blank\">http:\/\/www.norelco.fi\/UserFiles\/LiiteTiedostot\/29102014123020-NPM200.pdf\r\n\r\n<\/a>NORELCO puistomuuntajat:\u00a0<a href=\"http:\/\/www.norelco.fi\/UserFiles\/LiiteTiedostot\/29102014123110-NPM300.pdf\" target=\"_blank\">http:\/\/www.norelco.fi\/UserFiles\/LiiteTiedostot\/29102014123110-NPM300.pdf<\/a>\r\n\r\nNORELCO puistomuuntajat: <a href=\"http:\/\/www.norelco.fi\/UserFiles\/LiiteTiedostot\/29102014123149-NPM400.pdf\" target=\"_blank\">http:\/\/www.norelco.fi\/UserFiles\/LiiteTiedostot\/29102014123149-NPM400.pdf<\/a>\r\n\r\nABB muuntamot: <a href=\"http:\/\/www.abb.fi\/product\/fi\/9AAC750000.aspx?country=FI\" target=\"_blank\">http:\/\/www.abb.fi\/product\/fi\/9AAC750000.aspx?country=FI<\/a>\r\n\r\n<\/strong><\/pre>\n<pre><strong>Pienj\u00e4nnitekojeistot:\r\n\r\nNORELCO: <a href=\"http:\/\/www.norelco.fi\/index.php?pid=48&amp;lg=fi\" target=\"_blank\">http:\/\/www.norelco.fi\/index.php?pid=48&amp;lg=fi<\/a>\r\n\r\nNORELCO kiskosillat: <a href=\"http:\/\/www.norelco.fi\/index.php?pid=60&amp;lg=fi\" target=\"_blank\">http:\/\/www.norelco.fi\/index.php?pid=60&amp;lg=fi<\/a>\r\n\r\nSKS jakelukiskot: <a href=\"http:\/\/www.sks.fi\/www\/_jakelukiskot\" target=\"_blank\">http:\/\/www.sks.fi\/www\/_jakelukiskot<\/a><\/strong><\/pre>\n<p><a href=\"https:\/\/blogit.gradia.fi\/sahkonet\/wp-content\/uploads\/sites\/80\/2014\/10\/sahkoasemat.png\"><img loading=\"lazy\" decoding=\"async\" class=\"alignnone  wp-image-913\" src=\"https:\/\/blogit.gradia.fi\/sahkonet\/wp-content\/uploads\/sites\/80\/2014\/10\/sahkoasemat-204x300.png\" alt=\"sahkoasemat\" width=\"319\" height=\"469\" \/><\/a><\/p>\n<p>(Kuva: http:\/\/www.norelco.fi\/index.php?pid=29&amp;lg=fi)<\/p>\n<p>&nbsp;<\/p>\n","protected":false},"excerpt":{"rendered":"<p>17.11.2014 Jari Peura T\u00e4ss\u00e4 oppimisteht\u00e4v\u00e4ss\u00e4 perehdyt s\u00e4hk\u00f6n jakeluj\u00e4rjestelm\u00e4n rakenteeseen. Oppimisteht\u00e4v\u00e4t: SEOT52_1_Jakelujarj_rak_its_opt_ SEOT52_2_Jakelujarj_rak_its_opt_ SEOT52_3_Jakelujarj_rak_its_opt_ Tausta materiaalia: S\u00e4hk\u00f6asemat: http:\/\/www.fingrid.fi\/fi\/verkkohankkeet\/kunnossapito\/s%C3%A4hk%C3%B6asemat\/Sivut\/default.aspx http:\/\/www.norelco.fi\/index.php?pid=27&amp;lg=fi S\u00e4hk\u00f6asemien komponentit: NORELCO kojeistot: http:\/\/www.norelco.fi\/UserFiles\/LiiteTiedostot\/29102014125443-NorSwitch.pdf NORELCO kojeistot: http:\/\/www.norelco.fi\/index.php?pid=28&amp;lg=fi NORELCO kojeistot: http:\/\/www.norelco.fi\/UserFiles\/LiiteTiedostot\/21102009030431-Cosmos%20esite_WEB.pdf NORELCO kiskosillat: http:\/\/www.norelco.fi\/index.php?pid=60&amp;lg=fi NORELCO kompensointi: http:\/\/www.norelco.fi\/index.php?pid=39&amp;lg=fi ABB suurj\u00e4nnite tuotteet: http:\/\/www.abb.fi\/product\/fi\/9AAC710000.aspx?country=FI ABB keskij\u00e4nnite tuotteet: http:\/\/www.abb.fi\/product\/fi\/9AAC720001.aspx?country=FI ABB suojaus: http:\/\/www.abb.fi\/product\/fi\/9AAC30405217.aspx?country=FI Jakelumuuntamot: NORELCO puistomuuntajat: http:\/\/www.norelco.fi\/UserFiles\/LiiteTiedostot\/29102014123020-NPM200.pdf NORELCO puistomuuntajat:\u00a0http:\/\/www.norelco.fi\/UserFiles\/LiiteTiedostot\/29102014123110-NPM300.pdf NORELCO puistomuuntajat: http:\/\/www.norelco.fi\/UserFiles\/LiiteTiedostot\/29102014123149-NPM400.pdf &hellip; <a href=\"https:\/\/blogit.gradia.fi\/sahkonet\/sahko-ja-energiatekniikka\/oppimistehtavat\/sahkontuotanto-ja-jakelujarjestelmat-seka-pienjanniteverkostot-1kv\/aineistotehtavat\/seot52-jakelujarjestelman-rakenne\/\" class=\"more-link\">Jatka lukemista <span class=\"screen-reader-text\">SEOT52, Jakeluj\u00e4rjestelm\u00e4n rakenne<\/span> <span class=\"meta-nav\">&rarr;<\/span><\/a><\/p>\n","protected":false},"author":153,"featured_media":0,"parent":198,"menu_order":3,"comment_status":"closed","ping_status":"closed","template":"","meta":{"_uag_custom_page_level_css":"","footnotes":""},"class_list":["post-878","page","type-page","status-publish","hentry"],"yoast_head":"<!-- This site is optimized with the Yoast SEO plugin v27.4 - https:\/\/yoast.com\/product\/yoast-seo-wordpress\/ -->\n<title>SEOT52, Jakeluj\u00e4rjestelm\u00e4n rakenne - S\u00e4hk\u00f6Net<\/title>\n<meta name=\"robots\" content=\"index, follow, max-snippet:-1, max-image-preview:large, max-video-preview:-1\" \/>\n<link rel=\"canonical\" href=\"https:\/\/blogit.gradia.fi\/sahkonet\/sahko-ja-energiatekniikka\/oppimistehtavat\/sahkontuotanto-ja-jakelujarjestelmat-seka-pienjanniteverkostot-1kv\/aineistotehtavat\/seot52-jakelujarjestelman-rakenne\/\" \/>\n<meta property=\"og:locale\" content=\"fi_FI\" \/>\n<meta property=\"og:type\" content=\"article\" \/>\n<meta property=\"og:title\" content=\"SEOT52, Jakeluj\u00e4rjestelm\u00e4n rakenne - S\u00e4hk\u00f6Net\" \/>\n<meta property=\"og:description\" content=\"17.11.2014 Jari Peura T\u00e4ss\u00e4 oppimisteht\u00e4v\u00e4ss\u00e4 perehdyt s\u00e4hk\u00f6n jakeluj\u00e4rjestelm\u00e4n rakenteeseen. Oppimisteht\u00e4v\u00e4t: SEOT52_1_Jakelujarj_rak_its_opt_ SEOT52_2_Jakelujarj_rak_its_opt_ SEOT52_3_Jakelujarj_rak_its_opt_ Tausta materiaalia: S\u00e4hk\u00f6asemat: http:\/\/www.fingrid.fi\/fi\/verkkohankkeet\/kunnossapito\/s%C3%A4hk%C3%B6asemat\/Sivut\/default.aspx http:\/\/www.norelco.fi\/index.php?pid=27&amp;lg=fi S\u00e4hk\u00f6asemien komponentit: NORELCO kojeistot: http:\/\/www.norelco.fi\/UserFiles\/LiiteTiedostot\/29102014125443-NorSwitch.pdf NORELCO kojeistot: http:\/\/www.norelco.fi\/index.php?pid=28&amp;lg=fi NORELCO kojeistot: http:\/\/www.norelco.fi\/UserFiles\/LiiteTiedostot\/21102009030431-Cosmos%20esite_WEB.pdf NORELCO kiskosillat: http:\/\/www.norelco.fi\/index.php?pid=60&amp;lg=fi NORELCO kompensointi: http:\/\/www.norelco.fi\/index.php?pid=39&amp;lg=fi ABB suurj\u00e4nnite tuotteet: http:\/\/www.abb.fi\/product\/fi\/9AAC710000.aspx?country=FI ABB keskij\u00e4nnite tuotteet: http:\/\/www.abb.fi\/product\/fi\/9AAC720001.aspx?country=FI ABB suojaus: http:\/\/www.abb.fi\/product\/fi\/9AAC30405217.aspx?country=FI Jakelumuuntamot: NORELCO puistomuuntajat: http:\/\/www.norelco.fi\/UserFiles\/LiiteTiedostot\/29102014123020-NPM200.pdf NORELCO puistomuuntajat:\u00a0http:\/\/www.norelco.fi\/UserFiles\/LiiteTiedostot\/29102014123110-NPM300.pdf NORELCO puistomuuntajat: http:\/\/www.norelco.fi\/UserFiles\/LiiteTiedostot\/29102014123149-NPM400.pdf &hellip; Jatka lukemista SEOT52, Jakeluj\u00e4rjestelm\u00e4n rakenne &rarr;\" \/>\n<meta property=\"og:url\" content=\"https:\/\/blogit.gradia.fi\/sahkonet\/sahko-ja-energiatekniikka\/oppimistehtavat\/sahkontuotanto-ja-jakelujarjestelmat-seka-pienjanniteverkostot-1kv\/aineistotehtavat\/seot52-jakelujarjestelman-rakenne\/\" \/>\n<meta property=\"og:site_name\" content=\"S\u00e4hk\u00f6Net\" \/>\n<meta property=\"article:modified_time\" content=\"2015-01-17T13:40:03+00:00\" \/>\n<meta property=\"og:image\" content=\"https:\/\/blogit.gradia.fi\/sahkonet\/wp-content\/uploads\/sites\/80\/2014\/10\/sahkoasemat-204x300.png\" \/>\n<meta name=\"twitter:card\" content=\"summary_large_image\" \/>\n<meta name=\"twitter:label1\" content=\"Arvioitu lukuaika\" \/>\n\t<meta name=\"twitter:data1\" content=\"1 minuutti\" \/>\n<script type=\"application\/ld+json\" class=\"yoast-schema-graph\">{\"@context\":\"https:\\\/\\\/schema.org\",\"@graph\":[{\"@type\":\"WebPage\",\"@id\":\"https:\\\/\\\/blogit.gradia.fi\\\/sahkonet\\\/sahko-ja-energiatekniikka\\\/oppimistehtavat\\\/sahkontuotanto-ja-jakelujarjestelmat-seka-pienjanniteverkostot-1kv\\\/aineistotehtavat\\\/seot52-jakelujarjestelman-rakenne\\\/\",\"url\":\"https:\\\/\\\/blogit.gradia.fi\\\/sahkonet\\\/sahko-ja-energiatekniikka\\\/oppimistehtavat\\\/sahkontuotanto-ja-jakelujarjestelmat-seka-pienjanniteverkostot-1kv\\\/aineistotehtavat\\\/seot52-jakelujarjestelman-rakenne\\\/\",\"name\":\"SEOT52, Jakeluj\u00e4rjestelm\u00e4n rakenne - S\u00e4hk\u00f6Net\",\"isPartOf\":{\"@id\":\"https:\\\/\\\/blogit.gradia.fi\\\/sahkonet\\\/#website\"},\"primaryImageOfPage\":{\"@id\":\"https:\\\/\\\/blogit.gradia.fi\\\/sahkonet\\\/sahko-ja-energiatekniikka\\\/oppimistehtavat\\\/sahkontuotanto-ja-jakelujarjestelmat-seka-pienjanniteverkostot-1kv\\\/aineistotehtavat\\\/seot52-jakelujarjestelman-rakenne\\\/#primaryimage\"},\"image\":{\"@id\":\"https:\\\/\\\/blogit.gradia.fi\\\/sahkonet\\\/sahko-ja-energiatekniikka\\\/oppimistehtavat\\\/sahkontuotanto-ja-jakelujarjestelmat-seka-pienjanniteverkostot-1kv\\\/aineistotehtavat\\\/seot52-jakelujarjestelman-rakenne\\\/#primaryimage\"},\"thumbnailUrl\":\"https:\\\/\\\/blogit.gradia.fi\\\/sahkonet\\\/wp-content\\\/uploads\\\/sites\\\/80\\\/2014\\\/10\\\/sahkoasemat-204x300.png\",\"datePublished\":\"2014-10-25T06:17:33+00:00\",\"dateModified\":\"2015-01-17T13:40:03+00:00\",\"breadcrumb\":{\"@id\":\"https:\\\/\\\/blogit.gradia.fi\\\/sahkonet\\\/sahko-ja-energiatekniikka\\\/oppimistehtavat\\\/sahkontuotanto-ja-jakelujarjestelmat-seka-pienjanniteverkostot-1kv\\\/aineistotehtavat\\\/seot52-jakelujarjestelman-rakenne\\\/#breadcrumb\"},\"inLanguage\":\"fi\",\"potentialAction\":[{\"@type\":\"ReadAction\",\"target\":[\"https:\\\/\\\/blogit.gradia.fi\\\/sahkonet\\\/sahko-ja-energiatekniikka\\\/oppimistehtavat\\\/sahkontuotanto-ja-jakelujarjestelmat-seka-pienjanniteverkostot-1kv\\\/aineistotehtavat\\\/seot52-jakelujarjestelman-rakenne\\\/\"]}]},{\"@type\":\"ImageObject\",\"inLanguage\":\"fi\",\"@id\":\"https:\\\/\\\/blogit.gradia.fi\\\/sahkonet\\\/sahko-ja-energiatekniikka\\\/oppimistehtavat\\\/sahkontuotanto-ja-jakelujarjestelmat-seka-pienjanniteverkostot-1kv\\\/aineistotehtavat\\\/seot52-jakelujarjestelman-rakenne\\\/#primaryimage\",\"url\":\"https:\\\/\\\/blogit.gradia.fi\\\/sahkonet\\\/wp-content\\\/uploads\\\/sites\\\/80\\\/2014\\\/10\\\/sahkoasemat.png\",\"contentUrl\":\"https:\\\/\\\/blogit.gradia.fi\\\/sahkonet\\\/wp-content\\\/uploads\\\/sites\\\/80\\\/2014\\\/10\\\/sahkoasemat.png\",\"width\":319,\"height\":467},{\"@type\":\"BreadcrumbList\",\"@id\":\"https:\\\/\\\/blogit.gradia.fi\\\/sahkonet\\\/sahko-ja-energiatekniikka\\\/oppimistehtavat\\\/sahkontuotanto-ja-jakelujarjestelmat-seka-pienjanniteverkostot-1kv\\\/aineistotehtavat\\\/seot52-jakelujarjestelman-rakenne\\\/#breadcrumb\",\"itemListElement\":[{\"@type\":\"ListItem\",\"position\":1,\"name\":\"S\u00e4hk\u00f6- ja energiatekniikka (20ov)\",\"item\":\"https:\\\/\\\/blogit.gradia.fi\\\/sahkonet\\\/sahko-ja-energiatekniikka\\\/\"},{\"@type\":\"ListItem\",\"position\":2,\"name\":\"Oppimisteht\u00e4v\u00e4t\",\"item\":\"https:\\\/\\\/blogit.gradia.fi\\\/sahkonet\\\/sahko-ja-energiatekniikka\\\/oppimistehtavat\\\/\"},{\"@type\":\"ListItem\",\"position\":3,\"name\":\"S\u00e4hk\u00f6ntuotanto ja -jakeluj\u00e4rjestelm\u00e4t sek\u00e4 pienj\u00e4nniteverkostot (&lt;1kV)\",\"item\":\"https:\\\/\\\/blogit.gradia.fi\\\/sahkonet\\\/sahko-ja-energiatekniikka\\\/oppimistehtavat\\\/sahkontuotanto-ja-jakelujarjestelmat-seka-pienjanniteverkostot-1kv\\\/\"},{\"@type\":\"ListItem\",\"position\":4,\"name\":\"Aineistoteht\u00e4v\u00e4t\",\"item\":\"https:\\\/\\\/blogit.gradia.fi\\\/sahkonet\\\/sahko-ja-energiatekniikka\\\/oppimistehtavat\\\/sahkontuotanto-ja-jakelujarjestelmat-seka-pienjanniteverkostot-1kv\\\/aineistotehtavat\\\/\"},{\"@type\":\"ListItem\",\"position\":5,\"name\":\"SEOT52, Jakeluj\u00e4rjestelm\u00e4n rakenne\"}]},{\"@type\":\"WebSite\",\"@id\":\"https:\\\/\\\/blogit.gradia.fi\\\/sahkonet\\\/#website\",\"url\":\"https:\\\/\\\/blogit.gradia.fi\\\/sahkonet\\\/\",\"name\":\"S\u00e4hk\u00f6Net\",\"description\":\"S\u00e4hk\u00f6- ja automaatiotekniikan perustutkinto\",\"potentialAction\":[{\"@type\":\"SearchAction\",\"target\":{\"@type\":\"EntryPoint\",\"urlTemplate\":\"https:\\\/\\\/blogit.gradia.fi\\\/sahkonet\\\/?s={search_term_string}\"},\"query-input\":{\"@type\":\"PropertyValueSpecification\",\"valueRequired\":true,\"valueName\":\"search_term_string\"}}],\"inLanguage\":\"fi\"}]}<\/script>\n<!-- \/ Yoast SEO plugin. -->","yoast_head_json":{"title":"SEOT52, Jakeluj\u00e4rjestelm\u00e4n rakenne - S\u00e4hk\u00f6Net","robots":{"index":"index","follow":"follow","max-snippet":"max-snippet:-1","max-image-preview":"max-image-preview:large","max-video-preview":"max-video-preview:-1"},"canonical":"https:\/\/blogit.gradia.fi\/sahkonet\/sahko-ja-energiatekniikka\/oppimistehtavat\/sahkontuotanto-ja-jakelujarjestelmat-seka-pienjanniteverkostot-1kv\/aineistotehtavat\/seot52-jakelujarjestelman-rakenne\/","og_locale":"fi_FI","og_type":"article","og_title":"SEOT52, Jakeluj\u00e4rjestelm\u00e4n rakenne - S\u00e4hk\u00f6Net","og_description":"17.11.2014 Jari Peura T\u00e4ss\u00e4 oppimisteht\u00e4v\u00e4ss\u00e4 perehdyt s\u00e4hk\u00f6n jakeluj\u00e4rjestelm\u00e4n rakenteeseen. Oppimisteht\u00e4v\u00e4t: SEOT52_1_Jakelujarj_rak_its_opt_ SEOT52_2_Jakelujarj_rak_its_opt_ SEOT52_3_Jakelujarj_rak_its_opt_ Tausta materiaalia: S\u00e4hk\u00f6asemat: http:\/\/www.fingrid.fi\/fi\/verkkohankkeet\/kunnossapito\/s%C3%A4hk%C3%B6asemat\/Sivut\/default.aspx http:\/\/www.norelco.fi\/index.php?pid=27&amp;lg=fi S\u00e4hk\u00f6asemien komponentit: NORELCO kojeistot: http:\/\/www.norelco.fi\/UserFiles\/LiiteTiedostot\/29102014125443-NorSwitch.pdf NORELCO kojeistot: http:\/\/www.norelco.fi\/index.php?pid=28&amp;lg=fi NORELCO kojeistot: http:\/\/www.norelco.fi\/UserFiles\/LiiteTiedostot\/21102009030431-Cosmos%20esite_WEB.pdf NORELCO kiskosillat: http:\/\/www.norelco.fi\/index.php?pid=60&amp;lg=fi NORELCO kompensointi: http:\/\/www.norelco.fi\/index.php?pid=39&amp;lg=fi ABB suurj\u00e4nnite tuotteet: http:\/\/www.abb.fi\/product\/fi\/9AAC710000.aspx?country=FI ABB keskij\u00e4nnite tuotteet: http:\/\/www.abb.fi\/product\/fi\/9AAC720001.aspx?country=FI ABB suojaus: http:\/\/www.abb.fi\/product\/fi\/9AAC30405217.aspx?country=FI Jakelumuuntamot: NORELCO puistomuuntajat: http:\/\/www.norelco.fi\/UserFiles\/LiiteTiedostot\/29102014123020-NPM200.pdf NORELCO puistomuuntajat:\u00a0http:\/\/www.norelco.fi\/UserFiles\/LiiteTiedostot\/29102014123110-NPM300.pdf NORELCO puistomuuntajat: http:\/\/www.norelco.fi\/UserFiles\/LiiteTiedostot\/29102014123149-NPM400.pdf &hellip; Jatka lukemista SEOT52, Jakeluj\u00e4rjestelm\u00e4n rakenne &rarr;","og_url":"https:\/\/blogit.gradia.fi\/sahkonet\/sahko-ja-energiatekniikka\/oppimistehtavat\/sahkontuotanto-ja-jakelujarjestelmat-seka-pienjanniteverkostot-1kv\/aineistotehtavat\/seot52-jakelujarjestelman-rakenne\/","og_site_name":"S\u00e4hk\u00f6Net","article_modified_time":"2015-01-17T13:40:03+00:00","og_image":[{"url":"https:\/\/blogit.gradia.fi\/sahkonet\/wp-content\/uploads\/sites\/80\/2014\/10\/sahkoasemat-204x300.png","type":"","width":"","height":""}],"twitter_card":"summary_large_image","twitter_misc":{"Arvioitu lukuaika":"1 minuutti"},"schema":{"@context":"https:\/\/schema.org","@graph":[{"@type":"WebPage","@id":"https:\/\/blogit.gradia.fi\/sahkonet\/sahko-ja-energiatekniikka\/oppimistehtavat\/sahkontuotanto-ja-jakelujarjestelmat-seka-pienjanniteverkostot-1kv\/aineistotehtavat\/seot52-jakelujarjestelman-rakenne\/","url":"https:\/\/blogit.gradia.fi\/sahkonet\/sahko-ja-energiatekniikka\/oppimistehtavat\/sahkontuotanto-ja-jakelujarjestelmat-seka-pienjanniteverkostot-1kv\/aineistotehtavat\/seot52-jakelujarjestelman-rakenne\/","name":"SEOT52, Jakeluj\u00e4rjestelm\u00e4n rakenne - S\u00e4hk\u00f6Net","isPartOf":{"@id":"https:\/\/blogit.gradia.fi\/sahkonet\/#website"},"primaryImageOfPage":{"@id":"https:\/\/blogit.gradia.fi\/sahkonet\/sahko-ja-energiatekniikka\/oppimistehtavat\/sahkontuotanto-ja-jakelujarjestelmat-seka-pienjanniteverkostot-1kv\/aineistotehtavat\/seot52-jakelujarjestelman-rakenne\/#primaryimage"},"image":{"@id":"https:\/\/blogit.gradia.fi\/sahkonet\/sahko-ja-energiatekniikka\/oppimistehtavat\/sahkontuotanto-ja-jakelujarjestelmat-seka-pienjanniteverkostot-1kv\/aineistotehtavat\/seot52-jakelujarjestelman-rakenne\/#primaryimage"},"thumbnailUrl":"https:\/\/blogit.gradia.fi\/sahkonet\/wp-content\/uploads\/sites\/80\/2014\/10\/sahkoasemat-204x300.png","datePublished":"2014-10-25T06:17:33+00:00","dateModified":"2015-01-17T13:40:03+00:00","breadcrumb":{"@id":"https:\/\/blogit.gradia.fi\/sahkonet\/sahko-ja-energiatekniikka\/oppimistehtavat\/sahkontuotanto-ja-jakelujarjestelmat-seka-pienjanniteverkostot-1kv\/aineistotehtavat\/seot52-jakelujarjestelman-rakenne\/#breadcrumb"},"inLanguage":"fi","potentialAction":[{"@type":"ReadAction","target":["https:\/\/blogit.gradia.fi\/sahkonet\/sahko-ja-energiatekniikka\/oppimistehtavat\/sahkontuotanto-ja-jakelujarjestelmat-seka-pienjanniteverkostot-1kv\/aineistotehtavat\/seot52-jakelujarjestelman-rakenne\/"]}]},{"@type":"ImageObject","inLanguage":"fi","@id":"https:\/\/blogit.gradia.fi\/sahkonet\/sahko-ja-energiatekniikka\/oppimistehtavat\/sahkontuotanto-ja-jakelujarjestelmat-seka-pienjanniteverkostot-1kv\/aineistotehtavat\/seot52-jakelujarjestelman-rakenne\/#primaryimage","url":"https:\/\/blogit.gradia.fi\/sahkonet\/wp-content\/uploads\/sites\/80\/2014\/10\/sahkoasemat.png","contentUrl":"https:\/\/blogit.gradia.fi\/sahkonet\/wp-content\/uploads\/sites\/80\/2014\/10\/sahkoasemat.png","width":319,"height":467},{"@type":"BreadcrumbList","@id":"https:\/\/blogit.gradia.fi\/sahkonet\/sahko-ja-energiatekniikka\/oppimistehtavat\/sahkontuotanto-ja-jakelujarjestelmat-seka-pienjanniteverkostot-1kv\/aineistotehtavat\/seot52-jakelujarjestelman-rakenne\/#breadcrumb","itemListElement":[{"@type":"ListItem","position":1,"name":"S\u00e4hk\u00f6- ja energiatekniikka (20ov)","item":"https:\/\/blogit.gradia.fi\/sahkonet\/sahko-ja-energiatekniikka\/"},{"@type":"ListItem","position":2,"name":"Oppimisteht\u00e4v\u00e4t","item":"https:\/\/blogit.gradia.fi\/sahkonet\/sahko-ja-energiatekniikka\/oppimistehtavat\/"},{"@type":"ListItem","position":3,"name":"S\u00e4hk\u00f6ntuotanto ja -jakeluj\u00e4rjestelm\u00e4t sek\u00e4 pienj\u00e4nniteverkostot (&lt;1kV)","item":"https:\/\/blogit.gradia.fi\/sahkonet\/sahko-ja-energiatekniikka\/oppimistehtavat\/sahkontuotanto-ja-jakelujarjestelmat-seka-pienjanniteverkostot-1kv\/"},{"@type":"ListItem","position":4,"name":"Aineistoteht\u00e4v\u00e4t","item":"https:\/\/blogit.gradia.fi\/sahkonet\/sahko-ja-energiatekniikka\/oppimistehtavat\/sahkontuotanto-ja-jakelujarjestelmat-seka-pienjanniteverkostot-1kv\/aineistotehtavat\/"},{"@type":"ListItem","position":5,"name":"SEOT52, Jakeluj\u00e4rjestelm\u00e4n rakenne"}]},{"@type":"WebSite","@id":"https:\/\/blogit.gradia.fi\/sahkonet\/#website","url":"https:\/\/blogit.gradia.fi\/sahkonet\/","name":"S\u00e4hk\u00f6Net","description":"S\u00e4hk\u00f6- ja automaatiotekniikan perustutkinto","potentialAction":[{"@type":"SearchAction","target":{"@type":"EntryPoint","urlTemplate":"https:\/\/blogit.gradia.fi\/sahkonet\/?s={search_term_string}"},"query-input":{"@type":"PropertyValueSpecification","valueRequired":true,"valueName":"search_term_string"}}],"inLanguage":"fi"}]}},"uagb_featured_image_src":{"full":false,"thumbnail":false,"medium":false,"medium_large":false,"large":false,"1536x1536":false,"2048x2048":false,"post-thumbnail":false,"twentyfourteen-full-width":false},"uagb_author_info":{"display_name":"Minna Puoliv\u00e4li","author_link":"https:\/\/blogit.gradia.fi\/sahkonet\/author\/puolimin\/"},"uagb_comment_info":0,"uagb_excerpt":"17.11.2014 Jari Peura T\u00e4ss\u00e4 oppimisteht\u00e4v\u00e4ss\u00e4 perehdyt s\u00e4hk\u00f6n jakeluj\u00e4rjestelm\u00e4n rakenteeseen. Oppimisteht\u00e4v\u00e4t: SEOT52_1_Jakelujarj_rak_its_opt_ SEOT52_2_Jakelujarj_rak_its_opt_ SEOT52_3_Jakelujarj_rak_its_opt_ Tausta materiaalia: S\u00e4hk\u00f6asemat: http:\/\/www.fingrid.fi\/fi\/verkkohankkeet\/kunnossapito\/s%C3%A4hk%C3%B6asemat\/Sivut\/default.aspx http:\/\/www.norelco.fi\/index.php?pid=27&amp;lg=fi S\u00e4hk\u00f6asemien komponentit: NORELCO kojeistot: http:\/\/www.norelco.fi\/UserFiles\/LiiteTiedostot\/29102014125443-NorSwitch.pdf NORELCO kojeistot: http:\/\/www.norelco.fi\/index.php?pid=28&amp;lg=fi NORELCO kojeistot: http:\/\/www.norelco.fi\/UserFiles\/LiiteTiedostot\/21102009030431-Cosmos%20esite_WEB.pdf NORELCO kiskosillat: http:\/\/www.norelco.fi\/index.php?pid=60&amp;lg=fi NORELCO kompensointi: http:\/\/www.norelco.fi\/index.php?pid=39&amp;lg=fi ABB suurj\u00e4nnite tuotteet: http:\/\/www.abb.fi\/product\/fi\/9AAC710000.aspx?country=FI ABB keskij\u00e4nnite tuotteet: http:\/\/www.abb.fi\/product\/fi\/9AAC720001.aspx?country=FI ABB suojaus: http:\/\/www.abb.fi\/product\/fi\/9AAC30405217.aspx?country=FI Jakelumuuntamot: NORELCO puistomuuntajat: http:\/\/www.norelco.fi\/UserFiles\/LiiteTiedostot\/29102014123020-NPM200.pdf NORELCO puistomuuntajat:\u00a0http:\/\/www.norelco.fi\/UserFiles\/LiiteTiedostot\/29102014123110-NPM300.pdf NORELCO puistomuuntajat: http:\/\/www.norelco.fi\/UserFiles\/LiiteTiedostot\/29102014123149-NPM400.pdf&hellip;","_links":{"self":[{"href":"https:\/\/blogit.gradia.fi\/sahkonet\/wp-json\/wp\/v2\/pages\/878","targetHints":{"allow":["GET"]}}],"collection":[{"href":"https:\/\/blogit.gradia.fi\/sahkonet\/wp-json\/wp\/v2\/pages"}],"about":[{"href":"https:\/\/blogit.gradia.fi\/sahkonet\/wp-json\/wp\/v2\/types\/page"}],"author":[{"embeddable":true,"href":"https:\/\/blogit.gradia.fi\/sahkonet\/wp-json\/wp\/v2\/users\/153"}],"replies":[{"embeddable":true,"href":"https:\/\/blogit.gradia.fi\/sahkonet\/wp-json\/wp\/v2\/comments?post=878"}],"version-history":[{"count":0,"href":"https:\/\/blogit.gradia.fi\/sahkonet\/wp-json\/wp\/v2\/pages\/878\/revisions"}],"up":[{"embeddable":true,"href":"https:\/\/blogit.gradia.fi\/sahkonet\/wp-json\/wp\/v2\/pages\/198"}],"wp:attachment":[{"href":"https:\/\/blogit.gradia.fi\/sahkonet\/wp-json\/wp\/v2\/media?parent=878"}],"curies":[{"name":"wp","href":"https:\/\/api.w.org\/{rel}","templated":true}]}}