{"id":876,"date":"2014-10-25T09:16:40","date_gmt":"2014-10-25T06:16:40","guid":{"rendered":"https:\/\/blogit.gradia.fi\/sahkonet\/?page_id=876"},"modified":"2015-01-17T15:35:36","modified_gmt":"2015-01-17T13:35:36","slug":"seot51-voimalaitokset","status":"publish","type":"page","link":"https:\/\/blogit.gradia.fi\/sahkonet\/sahko-ja-energiatekniikka\/oppimistehtavat\/sahkontuotanto-ja-jakelujarjestelmat-seka-pienjanniteverkostot-1kv\/aineistotehtavat\/seot51-voimalaitokset\/","title":{"rendered":"SEOT51, Voimalaitokset"},"content":{"rendered":"<p>27.10.2014<br \/>\nJari Peura<\/p>\n<pre>T\u00e4ss\u00e4 oppimisteht\u00e4v\u00e4ss\u00e4 perehdyt energia tuottamiseen k\u00e4ytett\u00e4viin voimalaitostekniikoihin.<\/pre>\n<h3>Oppimisteht\u00e4v\u00e4:<\/h3>\n<pre><a href=\"https:\/\/blogit.gradia.fi\/sahkonet\/wp-content\/uploads\/sites\/80\/2014\/10\/SEOT51_Voimalaitokset_its_opt_.pdf\">SEOT51_Voimalaitokset_its_opt_<\/a><\/pre>\n<h3><strong>Tausta materiaalia:<\/strong><\/h3>\n<pre><strong>Voimalaitokset, Energiateollisuus:\r\n<a href=\"http:\/\/energia.fi\/energia-ja-ymp-rist\/s-hk-ntuotanto\/voimalaitostyypit\" target=\"_blank\">http:\/\/energia.fi\/energia-ja-ymp-rist\/s-hk-ntuotanto\/voimalaitostyypit<\/a>\r\n <\/strong><\/pre>\n<pre><strong>Voimalaitokset, Fingrid:\r\n<a href=\"http:\/\/www.fingrid.fi\/fi\/sahkomarkkinat\/voimajarjestelman-tila\/Sivut\/default.aspx\" target=\"_blank\">http:\/\/www.fingrid.fi\/fi\/sahkomarkkinat\/voimajarjestelman-tila\/Sivut\/default.aspx\r\n<\/a><\/strong><\/pre>\n<p>&nbsp;<\/p>\n<p><a href=\"https:\/\/blogit.gradia.fi\/sahkonet\/wp-content\/uploads\/sites\/80\/2014\/10\/Stora_Enso_paper_mill_in_Oulu.jpg\"><img loading=\"lazy\" decoding=\"async\" class=\"alignnone  wp-image-909\" src=\"https:\/\/blogit.gradia.fi\/sahkonet\/wp-content\/uploads\/sites\/80\/2014\/10\/Stora_Enso_paper_mill_in_Oulu-300x225.jpg\" alt=\"Stora_Enso_paper_mill_in_Oulu\" width=\"458\" height=\"344\" srcset=\"https:\/\/blogit.gradia.fi\/sahkonet\/wp-content\/uploads\/sites\/80\/2014\/10\/Stora_Enso_paper_mill_in_Oulu-300x225.jpg 300w, https:\/\/blogit.gradia.fi\/sahkonet\/wp-content\/uploads\/sites\/80\/2014\/10\/Stora_Enso_paper_mill_in_Oulu-1024x768.jpg 1024w, https:\/\/blogit.gradia.fi\/sahkonet\/wp-content\/uploads\/sites\/80\/2014\/10\/Stora_Enso_paper_mill_in_Oulu.jpg 1280w\" sizes=\"auto, (max-width: 458px) 100vw, 458px\" \/><\/a><\/p>\n<p>(Kuva: http:\/\/commons.wikimedia.org\/wiki\/File:Stora_Enso_paper_mill_in_Oulu.jpg)<\/p>\n","protected":false},"excerpt":{"rendered":"<p>27.10.2014 Jari Peura T\u00e4ss\u00e4 oppimisteht\u00e4v\u00e4ss\u00e4 perehdyt energia tuottamiseen k\u00e4ytett\u00e4viin voimalaitostekniikoihin. Oppimisteht\u00e4v\u00e4: SEOT51_Voimalaitokset_its_opt_ Tausta materiaalia: Voimalaitokset, Energiateollisuus: http:\/\/energia.fi\/energia-ja-ymp-rist\/s-hk-ntuotanto\/voimalaitostyypit Voimalaitokset, Fingrid: http:\/\/www.fingrid.fi\/fi\/sahkomarkkinat\/voimajarjestelman-tila\/Sivut\/default.aspx &nbsp; (Kuva: http:\/\/commons.wikimedia.org\/wiki\/File:Stora_Enso_paper_mill_in_Oulu.jpg)<\/p>\n","protected":false},"author":153,"featured_media":0,"parent":198,"menu_order":2,"comment_status":"closed","ping_status":"closed","template":"","meta":{"_uag_custom_page_level_css":"","footnotes":""},"class_list":["post-876","page","type-page","status-publish","hentry"],"yoast_head":"<!-- This site is optimized with the Yoast SEO plugin v27.4 - https:\/\/yoast.com\/product\/yoast-seo-wordpress\/ -->\n<title>SEOT51, Voimalaitokset - S\u00e4hk\u00f6Net<\/title>\n<meta name=\"robots\" content=\"index, follow, max-snippet:-1, max-image-preview:large, max-video-preview:-1\" \/>\n<link rel=\"canonical\" href=\"https:\/\/blogit.gradia.fi\/sahkonet\/sahko-ja-energiatekniikka\/oppimistehtavat\/sahkontuotanto-ja-jakelujarjestelmat-seka-pienjanniteverkostot-1kv\/aineistotehtavat\/seot51-voimalaitokset\/\" \/>\n<meta property=\"og:locale\" content=\"fi_FI\" \/>\n<meta property=\"og:type\" content=\"article\" \/>\n<meta property=\"og:title\" content=\"SEOT51, Voimalaitokset - S\u00e4hk\u00f6Net\" \/>\n<meta property=\"og:description\" content=\"27.10.2014 Jari Peura T\u00e4ss\u00e4 oppimisteht\u00e4v\u00e4ss\u00e4 perehdyt energia tuottamiseen k\u00e4ytett\u00e4viin voimalaitostekniikoihin. Oppimisteht\u00e4v\u00e4: SEOT51_Voimalaitokset_its_opt_ Tausta materiaalia: Voimalaitokset, Energiateollisuus: http:\/\/energia.fi\/energia-ja-ymp-rist\/s-hk-ntuotanto\/voimalaitostyypit Voimalaitokset, Fingrid: http:\/\/www.fingrid.fi\/fi\/sahkomarkkinat\/voimajarjestelman-tila\/Sivut\/default.aspx &nbsp; (Kuva: http:\/\/commons.wikimedia.org\/wiki\/File:Stora_Enso_paper_mill_in_Oulu.jpg)\" \/>\n<meta property=\"og:url\" content=\"https:\/\/blogit.gradia.fi\/sahkonet\/sahko-ja-energiatekniikka\/oppimistehtavat\/sahkontuotanto-ja-jakelujarjestelmat-seka-pienjanniteverkostot-1kv\/aineistotehtavat\/seot51-voimalaitokset\/\" \/>\n<meta property=\"og:site_name\" content=\"S\u00e4hk\u00f6Net\" \/>\n<meta property=\"article:modified_time\" content=\"2015-01-17T13:35:36+00:00\" \/>\n<meta property=\"og:image\" content=\"https:\/\/blogit.gradia.fi\/sahkonet\/wp-content\/uploads\/sites\/80\/2014\/10\/Stora_Enso_paper_mill_in_Oulu-300x225.jpg\" \/>\n<meta name=\"twitter:card\" content=\"summary_large_image\" \/>\n<script type=\"application\/ld+json\" class=\"yoast-schema-graph\">{\"@context\":\"https:\\\/\\\/schema.org\",\"@graph\":[{\"@type\":\"WebPage\",\"@id\":\"https:\\\/\\\/blogit.gradia.fi\\\/sahkonet\\\/sahko-ja-energiatekniikka\\\/oppimistehtavat\\\/sahkontuotanto-ja-jakelujarjestelmat-seka-pienjanniteverkostot-1kv\\\/aineistotehtavat\\\/seot51-voimalaitokset\\\/\",\"url\":\"https:\\\/\\\/blogit.gradia.fi\\\/sahkonet\\\/sahko-ja-energiatekniikka\\\/oppimistehtavat\\\/sahkontuotanto-ja-jakelujarjestelmat-seka-pienjanniteverkostot-1kv\\\/aineistotehtavat\\\/seot51-voimalaitokset\\\/\",\"name\":\"SEOT51, Voimalaitokset - S\u00e4hk\u00f6Net\",\"isPartOf\":{\"@id\":\"https:\\\/\\\/blogit.gradia.fi\\\/sahkonet\\\/#website\"},\"primaryImageOfPage\":{\"@id\":\"https:\\\/\\\/blogit.gradia.fi\\\/sahkonet\\\/sahko-ja-energiatekniikka\\\/oppimistehtavat\\\/sahkontuotanto-ja-jakelujarjestelmat-seka-pienjanniteverkostot-1kv\\\/aineistotehtavat\\\/seot51-voimalaitokset\\\/#primaryimage\"},\"image\":{\"@id\":\"https:\\\/\\\/blogit.gradia.fi\\\/sahkonet\\\/sahko-ja-energiatekniikka\\\/oppimistehtavat\\\/sahkontuotanto-ja-jakelujarjestelmat-seka-pienjanniteverkostot-1kv\\\/aineistotehtavat\\\/seot51-voimalaitokset\\\/#primaryimage\"},\"thumbnailUrl\":\"https:\\\/\\\/blogit.gradia.fi\\\/sahkonet\\\/wp-content\\\/uploads\\\/sites\\\/80\\\/2014\\\/10\\\/Stora_Enso_paper_mill_in_Oulu-300x225.jpg\",\"datePublished\":\"2014-10-25T06:16:40+00:00\",\"dateModified\":\"2015-01-17T13:35:36+00:00\",\"breadcrumb\":{\"@id\":\"https:\\\/\\\/blogit.gradia.fi\\\/sahkonet\\\/sahko-ja-energiatekniikka\\\/oppimistehtavat\\\/sahkontuotanto-ja-jakelujarjestelmat-seka-pienjanniteverkostot-1kv\\\/aineistotehtavat\\\/seot51-voimalaitokset\\\/#breadcrumb\"},\"inLanguage\":\"fi\",\"potentialAction\":[{\"@type\":\"ReadAction\",\"target\":[\"https:\\\/\\\/blogit.gradia.fi\\\/sahkonet\\\/sahko-ja-energiatekniikka\\\/oppimistehtavat\\\/sahkontuotanto-ja-jakelujarjestelmat-seka-pienjanniteverkostot-1kv\\\/aineistotehtavat\\\/seot51-voimalaitokset\\\/\"]}]},{\"@type\":\"ImageObject\",\"inLanguage\":\"fi\",\"@id\":\"https:\\\/\\\/blogit.gradia.fi\\\/sahkonet\\\/sahko-ja-energiatekniikka\\\/oppimistehtavat\\\/sahkontuotanto-ja-jakelujarjestelmat-seka-pienjanniteverkostot-1kv\\\/aineistotehtavat\\\/seot51-voimalaitokset\\\/#primaryimage\",\"url\":\"https:\\\/\\\/blogit.gradia.fi\\\/sahkonet\\\/wp-content\\\/uploads\\\/sites\\\/80\\\/2014\\\/10\\\/Stora_Enso_paper_mill_in_Oulu.jpg\",\"contentUrl\":\"https:\\\/\\\/blogit.gradia.fi\\\/sahkonet\\\/wp-content\\\/uploads\\\/sites\\\/80\\\/2014\\\/10\\\/Stora_Enso_paper_mill_in_Oulu.jpg\",\"width\":1280,\"height\":960},{\"@type\":\"BreadcrumbList\",\"@id\":\"https:\\\/\\\/blogit.gradia.fi\\\/sahkonet\\\/sahko-ja-energiatekniikka\\\/oppimistehtavat\\\/sahkontuotanto-ja-jakelujarjestelmat-seka-pienjanniteverkostot-1kv\\\/aineistotehtavat\\\/seot51-voimalaitokset\\\/#breadcrumb\",\"itemListElement\":[{\"@type\":\"ListItem\",\"position\":1,\"name\":\"S\u00e4hk\u00f6- ja energiatekniikka (20ov)\",\"item\":\"https:\\\/\\\/blogit.gradia.fi\\\/sahkonet\\\/sahko-ja-energiatekniikka\\\/\"},{\"@type\":\"ListItem\",\"position\":2,\"name\":\"Oppimisteht\u00e4v\u00e4t\",\"item\":\"https:\\\/\\\/blogit.gradia.fi\\\/sahkonet\\\/sahko-ja-energiatekniikka\\\/oppimistehtavat\\\/\"},{\"@type\":\"ListItem\",\"position\":3,\"name\":\"S\u00e4hk\u00f6ntuotanto ja -jakeluj\u00e4rjestelm\u00e4t sek\u00e4 pienj\u00e4nniteverkostot (&lt;1kV)\",\"item\":\"https:\\\/\\\/blogit.gradia.fi\\\/sahkonet\\\/sahko-ja-energiatekniikka\\\/oppimistehtavat\\\/sahkontuotanto-ja-jakelujarjestelmat-seka-pienjanniteverkostot-1kv\\\/\"},{\"@type\":\"ListItem\",\"position\":4,\"name\":\"Aineistoteht\u00e4v\u00e4t\",\"item\":\"https:\\\/\\\/blogit.gradia.fi\\\/sahkonet\\\/sahko-ja-energiatekniikka\\\/oppimistehtavat\\\/sahkontuotanto-ja-jakelujarjestelmat-seka-pienjanniteverkostot-1kv\\\/aineistotehtavat\\\/\"},{\"@type\":\"ListItem\",\"position\":5,\"name\":\"SEOT51, Voimalaitokset\"}]},{\"@type\":\"WebSite\",\"@id\":\"https:\\\/\\\/blogit.gradia.fi\\\/sahkonet\\\/#website\",\"url\":\"https:\\\/\\\/blogit.gradia.fi\\\/sahkonet\\\/\",\"name\":\"S\u00e4hk\u00f6Net\",\"description\":\"S\u00e4hk\u00f6- ja automaatiotekniikan perustutkinto\",\"potentialAction\":[{\"@type\":\"SearchAction\",\"target\":{\"@type\":\"EntryPoint\",\"urlTemplate\":\"https:\\\/\\\/blogit.gradia.fi\\\/sahkonet\\\/?s={search_term_string}\"},\"query-input\":{\"@type\":\"PropertyValueSpecification\",\"valueRequired\":true,\"valueName\":\"search_term_string\"}}],\"inLanguage\":\"fi\"}]}<\/script>\n<!-- \/ Yoast SEO plugin. -->","yoast_head_json":{"title":"SEOT51, Voimalaitokset - S\u00e4hk\u00f6Net","robots":{"index":"index","follow":"follow","max-snippet":"max-snippet:-1","max-image-preview":"max-image-preview:large","max-video-preview":"max-video-preview:-1"},"canonical":"https:\/\/blogit.gradia.fi\/sahkonet\/sahko-ja-energiatekniikka\/oppimistehtavat\/sahkontuotanto-ja-jakelujarjestelmat-seka-pienjanniteverkostot-1kv\/aineistotehtavat\/seot51-voimalaitokset\/","og_locale":"fi_FI","og_type":"article","og_title":"SEOT51, Voimalaitokset - S\u00e4hk\u00f6Net","og_description":"27.10.2014 Jari Peura T\u00e4ss\u00e4 oppimisteht\u00e4v\u00e4ss\u00e4 perehdyt energia tuottamiseen k\u00e4ytett\u00e4viin voimalaitostekniikoihin. Oppimisteht\u00e4v\u00e4: SEOT51_Voimalaitokset_its_opt_ Tausta materiaalia: Voimalaitokset, Energiateollisuus: http:\/\/energia.fi\/energia-ja-ymp-rist\/s-hk-ntuotanto\/voimalaitostyypit Voimalaitokset, Fingrid: http:\/\/www.fingrid.fi\/fi\/sahkomarkkinat\/voimajarjestelman-tila\/Sivut\/default.aspx &nbsp; (Kuva: http:\/\/commons.wikimedia.org\/wiki\/File:Stora_Enso_paper_mill_in_Oulu.jpg)","og_url":"https:\/\/blogit.gradia.fi\/sahkonet\/sahko-ja-energiatekniikka\/oppimistehtavat\/sahkontuotanto-ja-jakelujarjestelmat-seka-pienjanniteverkostot-1kv\/aineistotehtavat\/seot51-voimalaitokset\/","og_site_name":"S\u00e4hk\u00f6Net","article_modified_time":"2015-01-17T13:35:36+00:00","og_image":[{"url":"https:\/\/blogit.gradia.fi\/sahkonet\/wp-content\/uploads\/sites\/80\/2014\/10\/Stora_Enso_paper_mill_in_Oulu-300x225.jpg","type":"","width":"","height":""}],"twitter_card":"summary_large_image","schema":{"@context":"https:\/\/schema.org","@graph":[{"@type":"WebPage","@id":"https:\/\/blogit.gradia.fi\/sahkonet\/sahko-ja-energiatekniikka\/oppimistehtavat\/sahkontuotanto-ja-jakelujarjestelmat-seka-pienjanniteverkostot-1kv\/aineistotehtavat\/seot51-voimalaitokset\/","url":"https:\/\/blogit.gradia.fi\/sahkonet\/sahko-ja-energiatekniikka\/oppimistehtavat\/sahkontuotanto-ja-jakelujarjestelmat-seka-pienjanniteverkostot-1kv\/aineistotehtavat\/seot51-voimalaitokset\/","name":"SEOT51, Voimalaitokset - S\u00e4hk\u00f6Net","isPartOf":{"@id":"https:\/\/blogit.gradia.fi\/sahkonet\/#website"},"primaryImageOfPage":{"@id":"https:\/\/blogit.gradia.fi\/sahkonet\/sahko-ja-energiatekniikka\/oppimistehtavat\/sahkontuotanto-ja-jakelujarjestelmat-seka-pienjanniteverkostot-1kv\/aineistotehtavat\/seot51-voimalaitokset\/#primaryimage"},"image":{"@id":"https:\/\/blogit.gradia.fi\/sahkonet\/sahko-ja-energiatekniikka\/oppimistehtavat\/sahkontuotanto-ja-jakelujarjestelmat-seka-pienjanniteverkostot-1kv\/aineistotehtavat\/seot51-voimalaitokset\/#primaryimage"},"thumbnailUrl":"https:\/\/blogit.gradia.fi\/sahkonet\/wp-content\/uploads\/sites\/80\/2014\/10\/Stora_Enso_paper_mill_in_Oulu-300x225.jpg","datePublished":"2014-10-25T06:16:40+00:00","dateModified":"2015-01-17T13:35:36+00:00","breadcrumb":{"@id":"https:\/\/blogit.gradia.fi\/sahkonet\/sahko-ja-energiatekniikka\/oppimistehtavat\/sahkontuotanto-ja-jakelujarjestelmat-seka-pienjanniteverkostot-1kv\/aineistotehtavat\/seot51-voimalaitokset\/#breadcrumb"},"inLanguage":"fi","potentialAction":[{"@type":"ReadAction","target":["https:\/\/blogit.gradia.fi\/sahkonet\/sahko-ja-energiatekniikka\/oppimistehtavat\/sahkontuotanto-ja-jakelujarjestelmat-seka-pienjanniteverkostot-1kv\/aineistotehtavat\/seot51-voimalaitokset\/"]}]},{"@type":"ImageObject","inLanguage":"fi","@id":"https:\/\/blogit.gradia.fi\/sahkonet\/sahko-ja-energiatekniikka\/oppimistehtavat\/sahkontuotanto-ja-jakelujarjestelmat-seka-pienjanniteverkostot-1kv\/aineistotehtavat\/seot51-voimalaitokset\/#primaryimage","url":"https:\/\/blogit.gradia.fi\/sahkonet\/wp-content\/uploads\/sites\/80\/2014\/10\/Stora_Enso_paper_mill_in_Oulu.jpg","contentUrl":"https:\/\/blogit.gradia.fi\/sahkonet\/wp-content\/uploads\/sites\/80\/2014\/10\/Stora_Enso_paper_mill_in_Oulu.jpg","width":1280,"height":960},{"@type":"BreadcrumbList","@id":"https:\/\/blogit.gradia.fi\/sahkonet\/sahko-ja-energiatekniikka\/oppimistehtavat\/sahkontuotanto-ja-jakelujarjestelmat-seka-pienjanniteverkostot-1kv\/aineistotehtavat\/seot51-voimalaitokset\/#breadcrumb","itemListElement":[{"@type":"ListItem","position":1,"name":"S\u00e4hk\u00f6- ja energiatekniikka (20ov)","item":"https:\/\/blogit.gradia.fi\/sahkonet\/sahko-ja-energiatekniikka\/"},{"@type":"ListItem","position":2,"name":"Oppimisteht\u00e4v\u00e4t","item":"https:\/\/blogit.gradia.fi\/sahkonet\/sahko-ja-energiatekniikka\/oppimistehtavat\/"},{"@type":"ListItem","position":3,"name":"S\u00e4hk\u00f6ntuotanto ja -jakeluj\u00e4rjestelm\u00e4t sek\u00e4 pienj\u00e4nniteverkostot (&lt;1kV)","item":"https:\/\/blogit.gradia.fi\/sahkonet\/sahko-ja-energiatekniikka\/oppimistehtavat\/sahkontuotanto-ja-jakelujarjestelmat-seka-pienjanniteverkostot-1kv\/"},{"@type":"ListItem","position":4,"name":"Aineistoteht\u00e4v\u00e4t","item":"https:\/\/blogit.gradia.fi\/sahkonet\/sahko-ja-energiatekniikka\/oppimistehtavat\/sahkontuotanto-ja-jakelujarjestelmat-seka-pienjanniteverkostot-1kv\/aineistotehtavat\/"},{"@type":"ListItem","position":5,"name":"SEOT51, Voimalaitokset"}]},{"@type":"WebSite","@id":"https:\/\/blogit.gradia.fi\/sahkonet\/#website","url":"https:\/\/blogit.gradia.fi\/sahkonet\/","name":"S\u00e4hk\u00f6Net","description":"S\u00e4hk\u00f6- ja automaatiotekniikan perustutkinto","potentialAction":[{"@type":"SearchAction","target":{"@type":"EntryPoint","urlTemplate":"https:\/\/blogit.gradia.fi\/sahkonet\/?s={search_term_string}"},"query-input":{"@type":"PropertyValueSpecification","valueRequired":true,"valueName":"search_term_string"}}],"inLanguage":"fi"}]}},"uagb_featured_image_src":{"full":false,"thumbnail":false,"medium":false,"medium_large":false,"large":false,"1536x1536":false,"2048x2048":false,"post-thumbnail":false,"twentyfourteen-full-width":false},"uagb_author_info":{"display_name":"Minna Puoliv\u00e4li","author_link":"https:\/\/blogit.gradia.fi\/sahkonet\/author\/puolimin\/"},"uagb_comment_info":0,"uagb_excerpt":"27.10.2014 Jari Peura T\u00e4ss\u00e4 oppimisteht\u00e4v\u00e4ss\u00e4 perehdyt energia tuottamiseen k\u00e4ytett\u00e4viin voimalaitostekniikoihin. Oppimisteht\u00e4v\u00e4: SEOT51_Voimalaitokset_its_opt_ Tausta materiaalia: Voimalaitokset, Energiateollisuus: http:\/\/energia.fi\/energia-ja-ymp-rist\/s-hk-ntuotanto\/voimalaitostyypit Voimalaitokset, Fingrid: http:\/\/www.fingrid.fi\/fi\/sahkomarkkinat\/voimajarjestelman-tila\/Sivut\/default.aspx &nbsp; (Kuva: http:\/\/commons.wikimedia.org\/wiki\/File:Stora_Enso_paper_mill_in_Oulu.jpg)","_links":{"self":[{"href":"https:\/\/blogit.gradia.fi\/sahkonet\/wp-json\/wp\/v2\/pages\/876","targetHints":{"allow":["GET"]}}],"collection":[{"href":"https:\/\/blogit.gradia.fi\/sahkonet\/wp-json\/wp\/v2\/pages"}],"about":[{"href":"https:\/\/blogit.gradia.fi\/sahkonet\/wp-json\/wp\/v2\/types\/page"}],"author":[{"embeddable":true,"href":"https:\/\/blogit.gradia.fi\/sahkonet\/wp-json\/wp\/v2\/users\/153"}],"replies":[{"embeddable":true,"href":"https:\/\/blogit.gradia.fi\/sahkonet\/wp-json\/wp\/v2\/comments?post=876"}],"version-history":[{"count":0,"href":"https:\/\/blogit.gradia.fi\/sahkonet\/wp-json\/wp\/v2\/pages\/876\/revisions"}],"up":[{"embeddable":true,"href":"https:\/\/blogit.gradia.fi\/sahkonet\/wp-json\/wp\/v2\/pages\/198"}],"wp:attachment":[{"href":"https:\/\/blogit.gradia.fi\/sahkonet\/wp-json\/wp\/v2\/media?parent=876"}],"curies":[{"name":"wp","href":"https:\/\/api.w.org\/{rel}","templated":true}]}}